{"id":4617,"date":"2025-11-17T16:07:36","date_gmt":"2025-11-17T08:07:36","guid":{"rendered":"https:\/\/www.tfngj.com\/?page_id=4617"},"modified":"2025-11-17T17:09:15","modified_gmt":"2025-11-17T09:09:15","slug":"military-communication","status":"publish","type":"page","link":"https:\/\/www.tfngj.com\/pt\/military-communication\/","title":{"rendered":"Comunica\u00e7\u00e3o militar"},"content":{"rendered":"<div class=\"wp-block-cover alignfull\" style=\"min-height:487px;aspect-ratio:unset;\"><img loading=\"lazy\" decoding=\"async\" width=\"1920\" height=\"1280\" class=\"wp-block-cover__image-background wp-image-3622 size-large\" alt=\"\" src=\"https:\/\/www.tfngj.com\/wp-content\/uploads\/2025\/09\/military.webp\" data-object-fit=\"cover\" srcset=\"https:\/\/www.tfngj.com\/wp-content\/uploads\/2025\/09\/military.webp 1920w, https:\/\/www.tfngj.com\/wp-content\/uploads\/2025\/09\/military-300x200.webp 300w, https:\/\/www.tfngj.com\/wp-content\/uploads\/2025\/09\/military-1024x683.webp 1024w, https:\/\/www.tfngj.com\/wp-content\/uploads\/2025\/09\/military-768x512.webp 768w, https:\/\/www.tfngj.com\/wp-content\/uploads\/2025\/09\/military-1536x1024.webp 1536w, https:\/\/www.tfngj.com\/wp-content\/uploads\/2025\/09\/military-18x12.webp 18w, https:\/\/www.tfngj.com\/wp-content\/uploads\/2025\/09\/military-600x400.webp 600w\" sizes=\"auto, (max-width: 1920px) 100vw, 1920px\" \/><span aria-hidden=\"true\" class=\"wp-block-cover__background has-background-dim-30 has-background-dim\"><\/span><div class=\"wp-block-cover__inner-container is-layout-flow wp-block-cover-is-layout-flow\"><h1 class=\"wp-block-heading has-text-align-center has-5-x-large-font-size\" id=\"military-communication\">Comunica\u00e7\u00e3o militar<\/h1>\n<\/div><\/div>\n\n\n\n<p style=\"margin-top:var(--wp--preset--spacing--large)\">Com a r\u00e1pida penetra\u00e7\u00e3o da Internet em todos os setores, a seguran\u00e7a das informa\u00e7\u00f5es de rede tornou-se uma \u00e1rea fundamental de preocupa\u00e7\u00e3o nacional. Sem seguran\u00e7a cibern\u00e9tica, n\u00e3o h\u00e1 seguran\u00e7a nacional. Portanto, garantir a seguran\u00e7a dos sistemas de informa\u00e7\u00f5es em rede tornou-se uma prioridade estrat\u00e9gica para a moderniza\u00e7\u00e3o da defesa nacional.<\/p>\n\n\n\n<p>A TFN fornece solu\u00e7\u00f5es avan\u00e7adas de teste e medi\u00e7\u00e3o que desempenham um papel fundamental:<\/p>\n\n\n<ul class=\"wp-block-list\" style=\"\">\n<li><strong>Cria\u00e7\u00e3o e manuten\u00e7\u00e3o de redes de comunica\u00e7\u00e3o privadas seguras do governo e da defesa<\/strong><\/li>\n\n\n\n<li><strong>Apoio ao desenvolvimento de sistemas de opera\u00e7\u00f5es de informa\u00e7\u00f5es de defesa nacional<\/strong><\/li>\n\n\n\n<li><strong>Garantir a confiabilidade, a estabilidade e a seguran\u00e7a da infraestrutura de informa\u00e7\u00f5es de defesa<\/strong><\/li>\n<\/ul>\n\n\n\n<p style=\"margin-top:var(--wp--preset--spacing--large)\">Ao fornecer instrumentos de alta precis\u00e3o, desempenho robusto e suporte t\u00e9cnico confi\u00e1vel, a TFN ajuda os usu\u00e1rios de defesa a fortalecer a consci\u00eancia situacional, melhorar a resili\u00eancia da comunica\u00e7\u00e3o e proteger os sistemas de informa\u00e7\u00f5es essenciais contra os crescentes desafios de seguran\u00e7a.<\/p>\n\n\n\n<div class=\"wp-block-columns alignwide are-vertically-aligned-center is-layout-flex wp-container-core-columns-is-layout-b9f7452e wp-block-columns-is-layout-flex\" style=\"margin-top:var(--wp--preset--spacing--x-large)\">\n<div class=\"wp-block-column is-vertically-aligned-center is-layout-flow wp-block-column-is-layout-flow\">\n<figure class=\"wp-block-image size-large\"><img decoding=\"async\" src=\"https:\/\/www.tfngj.com\/wp-content\/uploads\/2025\/11\/satellite.jpg\" alt=\"\" style=\"aspect-ratio:16\/9;object-fit:cover\"\/><\/figure>\n<\/div>\n\n\n\n<div class=\"wp-block-column is-vertically-aligned-center is-layout-flow wp-block-column-is-layout-flow\" style=\"padding-right:0;padding-left:0\"><h2 class=\"wp-block-heading has-4-x-large-font-size\" id=\"defense-communication\">Comunica\u00e7\u00e3o de defesa<\/h2>\n\n\n\n<p>Os instrumentos TFN ajudam a aprimorar os sistemas de comunica\u00e7\u00e3o militar e a realizar fun\u00e7\u00f5es como comando e controle, reconhecimento de intelig\u00eancia, detec\u00e7\u00e3o de alerta antecipado, intera\u00e7\u00e3o de intelig\u00eancia, seguran\u00e7a e contramedidas de informa\u00e7\u00e3o.<\/p>\n<\/div>\n<\/div>\n\n\n\n<div class=\"wp-block-columns alignwide are-vertically-aligned-center is-layout-flex wp-container-core-columns-is-layout-b9f7452e wp-block-columns-is-layout-flex\" style=\"margin-top:var(--wp--preset--spacing--x-large)\">\n<div class=\"wp-block-column is-vertically-aligned-center is-layout-flow wp-block-column-is-layout-flow\">\n<figure class=\"wp-block-image size-large\"><img decoding=\"async\" src=\"https:\/\/www.tfngj.com\/wp-content\/uploads\/2025\/11\/airplane.webp\" style=\"aspect-ratio:16\/9;object-fit:cover\"\/><\/figure>\n<\/div>\n\n\n\n<div class=\"wp-block-column is-vertically-aligned-center is-layout-flow wp-block-column-is-layout-flow\" style=\"padding-right:0;padding-left:0\"><h2 class=\"wp-block-heading has-4-x-large-font-size\" id=\"military-training\">Treinamento militar<\/h2>\n\n\n\n<p>Como um m\u00e9todo de treinamento que simula equipamentos reais, pessoal real e cen\u00e1rios reais, o treinamento com simula\u00e7\u00e3o tornou-se um ponto de partida poderoso e uma maneira importante de promover a transforma\u00e7\u00e3o dos modelos de gera\u00e7\u00e3o de efic\u00e1cia de combate e acelerar o fornecimento efetivo de efic\u00e1cia de combate avan\u00e7ada.<\/p>\n<\/div>\n<\/div>\n\n\n\n<div class=\"wp-block-columns alignwide are-vertically-aligned-center is-layout-flex wp-container-core-columns-is-layout-b9f7452e wp-block-columns-is-layout-flex\" style=\"margin-top:var(--wp--preset--spacing--x-large)\">\n<div class=\"wp-block-column is-vertically-aligned-center is-layout-flow wp-block-column-is-layout-flow\">\n<figure class=\"wp-block-image size-large\"><img decoding=\"async\" src=\"https:\/\/www.tfngj.com\/wp-content\/uploads\/2025\/11\/soldier.jpg\" alt=\"\" style=\"aspect-ratio:16\/9;object-fit:cover\"\/><\/figure>\n<\/div>\n\n\n\n<div class=\"wp-block-column is-vertically-aligned-center is-layout-flow wp-block-column-is-layout-flow\">\n<div class=\"wp-block-group is-layout-flow wp-block-group-is-layout-flow\" style=\"padding-top:0;padding-right:0;padding-bottom:0;padding-left:0\">\n<div class=\"wp-block-group is-layout-flow wp-container-core-group-is-layout-a77db08e wp-block-group-is-layout-flow\"><h2 class=\"wp-block-heading has-4-x-large-font-size\" style=\"text-transform:capitalize\" id=\"simulated-combat\">Combate simulado<\/h2>\n<\/div>\n\n\n\n<p>Na guerra moderna, a tecnologia de comunica\u00e7\u00e3o tem sido amplamente utilizada em equipamentos modernos. Os produtos da TFN ajudam a melhorar as capacidades individuais de combate e as capacidades de coordena\u00e7\u00e3o de combate.<\/p>\n<\/div>\n<\/div>\n<\/div>\n\n\n\n<div class=\"wp-block-columns alignwide are-vertically-aligned-center is-layout-flex wp-container-core-columns-is-layout-b9f7452e wp-block-columns-is-layout-flex\" style=\"margin-top:var(--wp--preset--spacing--x-large)\">\n<div class=\"wp-block-column is-vertically-aligned-center is-layout-flow wp-block-column-is-layout-flow\">\n<figure class=\"wp-block-image size-large\"><img decoding=\"async\" src=\"https:\/\/www.tfngj.com\/wp-content\/uploads\/2025\/11\/drone1.jpg\" style=\"aspect-ratio:16\/9;object-fit:cover\"\/><\/figure>\n<\/div>\n\n\n\n<div class=\"wp-block-column is-vertically-aligned-center is-layout-flow wp-block-column-is-layout-flow\">\n<div class=\"wp-block-group is-layout-flow wp-block-group-is-layout-flow\" style=\"padding-top:0;padding-right:0;padding-bottom:0;padding-left:0\">\n<div class=\"wp-block-group is-layout-flow wp-container-core-group-is-layout-4430f8d7 wp-block-group-is-layout-flow\"><h2 class=\"wp-block-heading has-4-x-large-font-size\" style=\"text-transform:capitalize\" id=\"aviation-safety\">Seguran\u00e7a da avia\u00e7\u00e3o<\/h2>\n<\/div>\n\n\n\n<p>\u00c0 medida que os drones s\u00e3o lan\u00e7ados no mercado em grande n\u00famero, a seguran\u00e7a da avia\u00e7\u00e3o est\u00e1 sendo gradualmente levada a s\u00e9rio pelos departamentos de seguran\u00e7a. Os produtos da TFN s\u00e3o amplamente utilizados na seguran\u00e7a da avia\u00e7\u00e3o no espa\u00e7o a\u00e9reo pr\u00f3ximo a aeroportos e na interfer\u00eancia de drones.<\/p>\n<\/div>\n<\/div>\n<\/div>\n\n\n\n<div class=\"wp-block-columns alignwide are-vertically-aligned-center is-layout-flex wp-container-core-columns-is-layout-b9f7452e wp-block-columns-is-layout-flex\" style=\"margin-top:var(--wp--preset--spacing--x-large)\">\n<div class=\"wp-block-column is-vertically-aligned-center is-layout-flow wp-block-column-is-layout-flow\">\n<figure class=\"wp-block-image size-large\"><img decoding=\"async\" src=\"https:\/\/www.tfngj.com\/wp-content\/uploads\/2025\/11\/cyber-security.jpg\" alt=\"\" style=\"aspect-ratio:16\/9;object-fit:cover\"\/><\/figure>\n<\/div>\n\n\n\n<div class=\"wp-block-column is-vertically-aligned-center is-layout-flow wp-block-column-is-layout-flow\">\n<div class=\"wp-block-group is-layout-flow wp-block-group-is-layout-flow\" style=\"padding-top:0;padding-right:0;padding-bottom:0;padding-left:0\">\n<div class=\"wp-block-group is-layout-flow wp-container-core-group-is-layout-4430f8d7 wp-block-group-is-layout-flow\"><h2 class=\"wp-block-heading has-4-x-large-font-size\" style=\"text-transform:capitalize\" id=\"confidentiality-department\">Departamento de Confidencialidade<\/h2>\n<\/div>\n\n\n\n<p>\u00c0 medida que a concorr\u00eancia entre as principais pot\u00eancias se intensifica, a demanda por instala\u00e7\u00f5es confidenciais aumenta a cada dia, seja em n\u00edvel de defesa, de governo ou de neg\u00f3cios. A TFN pode fornecer solu\u00e7\u00f5es completas de confidencialidade.<\/p>\n<\/div>\n<\/div>\n<\/div>\n\n\n<h2 class=\"wp-block-heading alignwide has-text-color has-link-color has-4-x-large-font-size wp-elements-cab2414f9e967920c9cf183a35532016\" style=\"color:#3672d2;margin-top:var(--wp--preset--spacing--2-x-large);margin-bottom:var(--wp--preset--spacing--large)\" id=\"related-products\">Produtos relacionados<\/h2>\n\n\n\n<div class=\"wp-block-columns alignwide is-layout-flex wp-container-core-columns-is-layout-28f84493 wp-block-columns-is-layout-flex\">\n<div class=\"wp-block-column is-layout-flow wp-block-column-is-layout-flow\">\n<figure class=\"wp-block-image aligncenter size-full is-resized\"><img loading=\"lazy\" decoding=\"async\" width=\"800\" height=\"800\" src=\"https:\/\/www.tfngj.com\/wp-content\/uploads\/2025\/10\/1-17.jpg\" alt=\"\" class=\"wp-image-3929\" style=\"width:350px;height:auto\" srcset=\"https:\/\/www.tfngj.com\/wp-content\/uploads\/2025\/10\/1-17.jpg 800w, https:\/\/www.tfngj.com\/wp-content\/uploads\/2025\/10\/1-17-300x300.jpg 300w, https:\/\/www.tfngj.com\/wp-content\/uploads\/2025\/10\/1-17-150x150.jpg 150w, https:\/\/www.tfngj.com\/wp-content\/uploads\/2025\/10\/1-17-768x768.jpg 768w, https:\/\/www.tfngj.com\/wp-content\/uploads\/2025\/10\/1-17-12x12.jpg 12w, https:\/\/www.tfngj.com\/wp-content\/uploads\/2025\/10\/1-17-600x600.jpg 600w, https:\/\/www.tfngj.com\/wp-content\/uploads\/2025\/10\/1-17-100x100.jpg 100w\" sizes=\"auto, (max-width: 800px) 100vw, 800px\" \/><\/figure>\n\n\n\n<div class=\"wp-block-buttons is-content-justification-center is-layout-flex wp-container-core-buttons-is-layout-a89b3969 wp-block-buttons-is-layout-flex\">\n<div class=\"wp-block-button is-style-outline is-style-outline--1\"><a class=\"wp-block-button__link wp-element-button\" href=\"https:\/\/www.tfngj.com\/pt\/signal-generator\/\">Geradores de sinais<\/a><\/div>\n<\/div>\n\n\n\n<p class=\"has-text-align-center\">Geradores de sinal de micro-ondas multiformato<\/p>\n<\/div>\n\n\n\n<div class=\"wp-block-column is-layout-flow wp-block-column-is-layout-flow\">\n<figure class=\"wp-block-image aligncenter size-full is-resized\"><img loading=\"lazy\" decoding=\"async\" width=\"1000\" height=\"1000\" src=\"https:\/\/www.tfngj.com\/wp-content\/uploads\/2025\/10\/\u900f\u660e-4.png\" alt=\"antena e alimentador\" class=\"wp-image-2254\" style=\"width:350px;height:auto\" srcset=\"https:\/\/www.tfngj.com\/wp-content\/uploads\/2025\/10\/\u900f\u660e-4.png 1000w, https:\/\/www.tfngj.com\/wp-content\/uploads\/2025\/10\/\u900f\u660e-4-300x300.png 300w, https:\/\/www.tfngj.com\/wp-content\/uploads\/2025\/10\/\u900f\u660e-4-150x150.png 150w, https:\/\/www.tfngj.com\/wp-content\/uploads\/2025\/10\/\u900f\u660e-4-768x768.png 768w, https:\/\/www.tfngj.com\/wp-content\/uploads\/2025\/10\/\u900f\u660e-4-12x12.png 12w, https:\/\/www.tfngj.com\/wp-content\/uploads\/2025\/10\/\u900f\u660e-4-600x600.png 600w, https:\/\/www.tfngj.com\/wp-content\/uploads\/2025\/10\/\u900f\u660e-4-100x100.png 100w\" sizes=\"auto, (max-width: 1000px) 100vw, 1000px\" \/><\/figure>\n\n\n\n<div class=\"wp-block-buttons is-content-justification-center is-layout-flex wp-container-core-buttons-is-layout-a89b3969 wp-block-buttons-is-layout-flex\">\n<div class=\"wp-block-button is-style-outline is-style-outline--2\"><a class=\"wp-block-button__link wp-element-button\" href=\"https:\/\/www.tfngj.com\/pt\/150h-l-antenna-analyzers\/\">Antena direcional TM9265 <\/a><\/div>\n<\/div>\n\n\n\n<p class=\"has-text-align-center\">Conjunto de antena direcional de banda larga port\u00e1til <\/p>\n<\/div>\n\n\n\n<div class=\"wp-block-column is-layout-flow wp-block-column-is-layout-flow\">\n<figure class=\"wp-block-image aligncenter size-full is-resized\"><img loading=\"lazy\" decoding=\"async\" width=\"800\" height=\"800\" src=\"https:\/\/www.tfngj.com\/wp-content\/uploads\/2025\/09\/RMT-\u900f\u660e.webp\" alt=\"Analisador de espectro RMT\" class=\"wp-image-3618\" style=\"width:350px;height:auto\" srcset=\"https:\/\/www.tfngj.com\/wp-content\/uploads\/2025\/09\/RMT-\u900f\u660e.webp 800w, https:\/\/www.tfngj.com\/wp-content\/uploads\/2025\/09\/RMT-\u900f\u660e-300x300.webp 300w, https:\/\/www.tfngj.com\/wp-content\/uploads\/2025\/09\/RMT-\u900f\u660e-150x150.webp 150w, https:\/\/www.tfngj.com\/wp-content\/uploads\/2025\/09\/RMT-\u900f\u660e-768x768.webp 768w, https:\/\/www.tfngj.com\/wp-content\/uploads\/2025\/09\/RMT-\u900f\u660e-12x12.webp 12w, https:\/\/www.tfngj.com\/wp-content\/uploads\/2025\/09\/RMT-\u900f\u660e-600x600.webp 600w, https:\/\/www.tfngj.com\/wp-content\/uploads\/2025\/09\/RMT-\u900f\u660e-100x100.webp 100w\" sizes=\"auto, (max-width: 800px) 100vw, 800px\" \/><\/figure>\n\n\n\n<div class=\"wp-block-buttons is-content-justification-center is-layout-flex wp-container-core-buttons-is-layout-a89b3969 wp-block-buttons-is-layout-flex\">\n<div class=\"wp-block-button is-style-outline is-style-outline--3\"><a class=\"wp-block-button__link wp-element-button\" href=\"https:\/\/www.tfngj.com\/pt\/rmt-spectrum-analyzer\/\">Analisadores de espectro RMT<\/a><\/div>\n<\/div>\n\n\n\n<p class=\"has-text-align-center\">V\u00e1rias op\u00e7\u00f5es de frequ\u00eancia, de 5 kHz a 40 GHz<\/p>\n<\/div>\n<\/div>\n\n\n\n<div style=\"height:112px\" aria-hidden=\"true\" class=\"wp-block-spacer\"><\/div>","protected":false},"excerpt":{"rendered":"<p>With the rapid penetration of the Internet into every sector, network information security has become a key area of national concern. Without cybersecurity, there is no national security. Ensuring the security of networked information systems has therefore become a strategic priority for national defense modernization. TFN provides advanced test and measurement solutions that play a [&hellip;]<\/p>","protected":false},"author":1,"featured_media":0,"parent":0,"menu_order":0,"comment_status":"closed","ping_status":"closed","template":"","meta":{"footnotes":""},"class_list":["post-4617","page","type-page","status-publish","hentry"],"yoast_head":"<!-- This site is optimized with the Yoast SEO plugin v26.6 - https:\/\/yoast.com\/wordpress\/plugins\/seo\/ -->\n<title>Military Communication - Communication Test Expert<\/title>\n<meta name=\"robots\" content=\"index, follow, max-snippet:-1, max-image-preview:large, max-video-preview:-1\" \/>\n<link rel=\"canonical\" href=\"https:\/\/www.tfngj.com\/pt\/military-communication\/\" \/>\n<meta property=\"og:locale\" content=\"pt_BR\" \/>\n<meta property=\"og:type\" content=\"article\" \/>\n<meta property=\"og:title\" content=\"Military Communication - Communication Test Expert\" \/>\n<meta property=\"og:description\" content=\"With the rapid penetration of the Internet into every sector, network information security has become a key area of national concern. Without cybersecurity, there is no national security. Ensuring the security of networked information systems has therefore become a strategic priority for national defense modernization. TFN provides advanced test and measurement solutions that play a [&hellip;]\" \/>\n<meta property=\"og:url\" content=\"https:\/\/www.tfngj.com\/pt\/military-communication\/\" \/>\n<meta property=\"og:site_name\" content=\"Communication Test Expert\" \/>\n<meta property=\"article:modified_time\" content=\"2025-11-17T09:09:15+00:00\" \/>\n<meta property=\"og:image\" content=\"https:\/\/www.tfngj.com\/wp-content\/uploads\/2025\/09\/military.webp\" \/>\n\t<meta property=\"og:image:width\" content=\"1920\" \/>\n\t<meta property=\"og:image:height\" content=\"1280\" \/>\n\t<meta property=\"og:image:type\" content=\"image\/webp\" \/>\n<meta name=\"twitter:card\" content=\"summary_large_image\" \/>\n<meta name=\"twitter:label1\" content=\"Est. tempo de leitura\" \/>\n\t<meta name=\"twitter:data1\" content=\"2 minutos\" \/>\n<script type=\"application\/ld+json\" class=\"yoast-schema-graph\">{\"@context\":\"https:\/\/schema.org\",\"@graph\":[{\"@type\":\"WebPage\",\"@id\":\"https:\/\/www.tfngj.com\/military-communication\/\",\"url\":\"https:\/\/www.tfngj.com\/military-communication\/\",\"name\":\"Military Communication - Communication Test Expert\",\"isPartOf\":{\"@id\":\"https:\/\/www.tfngj.com\/#website\"},\"primaryImageOfPage\":{\"@id\":\"https:\/\/www.tfngj.com\/military-communication\/#primaryimage\"},\"image\":{\"@id\":\"https:\/\/www.tfngj.com\/military-communication\/#primaryimage\"},\"thumbnailUrl\":\"https:\/\/www.tfngj.com\/wp-content\/uploads\/2025\/09\/military.webp\",\"datePublished\":\"2025-11-17T08:07:36+00:00\",\"dateModified\":\"2025-11-17T09:09:15+00:00\",\"breadcrumb\":{\"@id\":\"https:\/\/www.tfngj.com\/military-communication\/#breadcrumb\"},\"inLanguage\":\"pt-BR\",\"potentialAction\":[{\"@type\":\"ReadAction\",\"target\":[\"https:\/\/www.tfngj.com\/military-communication\/\"]}]},{\"@type\":\"ImageObject\",\"inLanguage\":\"pt-BR\",\"@id\":\"https:\/\/www.tfngj.com\/military-communication\/#primaryimage\",\"url\":\"https:\/\/www.tfngj.com\/wp-content\/uploads\/2025\/09\/military.webp\",\"contentUrl\":\"https:\/\/www.tfngj.com\/wp-content\/uploads\/2025\/09\/military.webp\"},{\"@type\":\"BreadcrumbList\",\"@id\":\"https:\/\/www.tfngj.com\/military-communication\/#breadcrumb\",\"itemListElement\":[{\"@type\":\"ListItem\",\"position\":1,\"name\":\"Home\",\"item\":\"https:\/\/www.tfngj.com\/\"},{\"@type\":\"ListItem\",\"position\":2,\"name\":\"Military Communication\"}]},{\"@type\":\"WebSite\",\"@id\":\"https:\/\/www.tfngj.com\/#website\",\"url\":\"https:\/\/www.tfngj.com\/\",\"name\":\"TFN-Communication Test Expert\",\"description\":\"Find Perfect Solutions in TFN\",\"publisher\":{\"@id\":\"https:\/\/www.tfngj.com\/#organization\"},\"alternateName\":\"TFN\",\"potentialAction\":[{\"@type\":\"SearchAction\",\"target\":{\"@type\":\"EntryPoint\",\"urlTemplate\":\"https:\/\/www.tfngj.com\/?s={search_term_string}\"},\"query-input\":{\"@type\":\"PropertyValueSpecification\",\"valueRequired\":true,\"valueName\":\"search_term_string\"}}],\"inLanguage\":\"pt-BR\"},{\"@type\":\"Organization\",\"@id\":\"https:\/\/www.tfngj.com\/#organization\",\"name\":\"TFN\",\"url\":\"https:\/\/www.tfngj.com\/\",\"logo\":{\"@type\":\"ImageObject\",\"inLanguage\":\"pt-BR\",\"@id\":\"https:\/\/www.tfngj.com\/#\/schema\/logo\/image\/\",\"url\":\"https:\/\/www.tfngj.com\/wp-content\/uploads\/2025\/09\/\u9ed1logo.png\",\"contentUrl\":\"https:\/\/www.tfngj.com\/wp-content\/uploads\/2025\/09\/\u9ed1logo.png\",\"width\":939,\"height\":232,\"caption\":\"TFN\"},\"image\":{\"@id\":\"https:\/\/www.tfngj.com\/#\/schema\/logo\/image\/\"},\"sameAs\":[\"https:\/\/www.youtube.com\/@FateTFN\/search\"]}]}<\/script>\n<!-- \/ Yoast SEO plugin. -->","yoast_head_json":{"title":"Comunica\u00e7\u00e3o militar - Especialista em testes de comunica\u00e7\u00e3o","robots":{"index":"index","follow":"follow","max-snippet":"max-snippet:-1","max-image-preview":"max-image-preview:large","max-video-preview":"max-video-preview:-1"},"canonical":"https:\/\/www.tfngj.com\/pt\/military-communication\/","og_locale":"pt_BR","og_type":"article","og_title":"Military Communication - Communication Test Expert","og_description":"With the rapid penetration of the Internet into every sector, network information security has become a key area of national concern. Without cybersecurity, there is no national security. Ensuring the security of networked information systems has therefore become a strategic priority for national defense modernization. TFN provides advanced test and measurement solutions that play a [&hellip;]","og_url":"https:\/\/www.tfngj.com\/pt\/military-communication\/","og_site_name":"Communication Test Expert","article_modified_time":"2025-11-17T09:09:15+00:00","og_image":[{"width":1920,"height":1280,"url":"https:\/\/www.tfngj.com\/wp-content\/uploads\/2025\/09\/military.webp","type":"image\/webp"}],"twitter_card":"summary_large_image","twitter_misc":{"Est. tempo de leitura":"2 minutos"},"schema":{"@context":"https:\/\/schema.org","@graph":[{"@type":"WebPage","@id":"https:\/\/www.tfngj.com\/military-communication\/","url":"https:\/\/www.tfngj.com\/military-communication\/","name":"Comunica\u00e7\u00e3o militar - Especialista em testes de comunica\u00e7\u00e3o","isPartOf":{"@id":"https:\/\/www.tfngj.com\/#website"},"primaryImageOfPage":{"@id":"https:\/\/www.tfngj.com\/military-communication\/#primaryimage"},"image":{"@id":"https:\/\/www.tfngj.com\/military-communication\/#primaryimage"},"thumbnailUrl":"https:\/\/www.tfngj.com\/wp-content\/uploads\/2025\/09\/military.webp","datePublished":"2025-11-17T08:07:36+00:00","dateModified":"2025-11-17T09:09:15+00:00","breadcrumb":{"@id":"https:\/\/www.tfngj.com\/military-communication\/#breadcrumb"},"inLanguage":"pt-BR","potentialAction":[{"@type":"ReadAction","target":["https:\/\/www.tfngj.com\/military-communication\/"]}]},{"@type":"ImageObject","inLanguage":"pt-BR","@id":"https:\/\/www.tfngj.com\/military-communication\/#primaryimage","url":"https:\/\/www.tfngj.com\/wp-content\/uploads\/2025\/09\/military.webp","contentUrl":"https:\/\/www.tfngj.com\/wp-content\/uploads\/2025\/09\/military.webp"},{"@type":"BreadcrumbList","@id":"https:\/\/www.tfngj.com\/military-communication\/#breadcrumb","itemListElement":[{"@type":"ListItem","position":1,"name":"Home","item":"https:\/\/www.tfngj.com\/"},{"@type":"ListItem","position":2,"name":"Military Communication"}]},{"@type":"WebSite","@id":"https:\/\/www.tfngj.com\/#website","url":"https:\/\/www.tfngj.com\/","name":"TFN - Especialista em testes de comunica\u00e7\u00e3o","description":"Encontre solu\u00e7\u00f5es perfeitas no TFN","publisher":{"@id":"https:\/\/www.tfngj.com\/#organization"},"alternateName":"TFN","potentialAction":[{"@type":"SearchAction","target":{"@type":"EntryPoint","urlTemplate":"https:\/\/www.tfngj.com\/?s={search_term_string}"},"query-input":{"@type":"PropertyValueSpecification","valueRequired":true,"valueName":"search_term_string"}}],"inLanguage":"pt-BR"},{"@type":"Organization","@id":"https:\/\/www.tfngj.com\/#organization","name":"TFN","url":"https:\/\/www.tfngj.com\/","logo":{"@type":"ImageObject","inLanguage":"pt-BR","@id":"https:\/\/www.tfngj.com\/#\/schema\/logo\/image\/","url":"https:\/\/www.tfngj.com\/wp-content\/uploads\/2025\/09\/\u9ed1logo.png","contentUrl":"https:\/\/www.tfngj.com\/wp-content\/uploads\/2025\/09\/\u9ed1logo.png","width":939,"height":232,"caption":"TFN"},"image":{"@id":"https:\/\/www.tfngj.com\/#\/schema\/logo\/image\/"},"sameAs":["https:\/\/www.youtube.com\/@FateTFN\/search"]}]}},"_links":{"self":[{"href":"https:\/\/www.tfngj.com\/pt\/wp-json\/wp\/v2\/pages\/4617","targetHints":{"allow":["GET"]}}],"collection":[{"href":"https:\/\/www.tfngj.com\/pt\/wp-json\/wp\/v2\/pages"}],"about":[{"href":"https:\/\/www.tfngj.com\/pt\/wp-json\/wp\/v2\/types\/page"}],"author":[{"embeddable":true,"href":"https:\/\/www.tfngj.com\/pt\/wp-json\/wp\/v2\/users\/1"}],"replies":[{"embeddable":true,"href":"https:\/\/www.tfngj.com\/pt\/wp-json\/wp\/v2\/comments?post=4617"}],"version-history":[{"count":12,"href":"https:\/\/www.tfngj.com\/pt\/wp-json\/wp\/v2\/pages\/4617\/revisions"}],"predecessor-version":[{"id":4639,"href":"https:\/\/www.tfngj.com\/pt\/wp-json\/wp\/v2\/pages\/4617\/revisions\/4639"}],"wp:attachment":[{"href":"https:\/\/www.tfngj.com\/pt\/wp-json\/wp\/v2\/media?parent=4617"}],"curies":[{"name":"wp","href":"https:\/\/api.w.org\/{rel}","templated":true}]}}