{"id":4592,"date":"2025-11-17T13:32:30","date_gmt":"2025-11-17T05:32:30","guid":{"rendered":"https:\/\/www.tfngj.com\/?page_id=4592"},"modified":"2025-11-18T11:11:57","modified_gmt":"2025-11-18T03:11:57","slug":"telecom-operators","status":"publish","type":"page","link":"https:\/\/www.tfngj.com\/pt\/telecom-operators\/","title":{"rendered":"Operadoras de telecomunica\u00e7\u00f5es"},"content":{"rendered":"<div class=\"wp-block-cover alignfull\" style=\"min-height:487px;aspect-ratio:unset;\"><img loading=\"lazy\" decoding=\"async\" width=\"1920\" height=\"1280\" class=\"wp-block-cover__image-background wp-image-3621 size-large\" alt=\"teste de comunica\u00e7\u00e3o\" src=\"https:\/\/www.tfngj.com\/wp-content\/uploads\/2025\/09\/communication.webp\" style=\"object-position:48% 14%\" data-object-fit=\"cover\" data-object-position=\"48% 14%\" srcset=\"https:\/\/www.tfngj.com\/wp-content\/uploads\/2025\/09\/communication.webp 1920w, https:\/\/www.tfngj.com\/wp-content\/uploads\/2025\/09\/communication-300x200.webp 300w, https:\/\/www.tfngj.com\/wp-content\/uploads\/2025\/09\/communication-1024x683.webp 1024w, https:\/\/www.tfngj.com\/wp-content\/uploads\/2025\/09\/communication-768x512.webp 768w, https:\/\/www.tfngj.com\/wp-content\/uploads\/2025\/09\/communication-1536x1024.webp 1536w, https:\/\/www.tfngj.com\/wp-content\/uploads\/2025\/09\/communication-18x12.webp 18w, https:\/\/www.tfngj.com\/wp-content\/uploads\/2025\/09\/communication-600x400.webp 600w\" sizes=\"auto, (max-width: 1920px) 100vw, 1920px\" \/><span aria-hidden=\"true\" class=\"wp-block-cover__background has-background-dim-30 has-background-dim\"><\/span><div class=\"wp-block-cover__inner-container is-layout-flow wp-block-cover-is-layout-flow\"><h1 class=\"wp-block-heading has-text-align-center has-5-x-large-font-size\" id=\"telecom-operators\">Operadoras de telecomunica\u00e7\u00f5es<\/h1>\n<\/div><\/div>\n\n\n\n<p style=\"margin-top:var(--wp--preset--spacing--large)\">O r\u00e1pido desenvolvimento da Internet imp\u00f4s desafios aos modelos de neg\u00f3cios tradicionais das operadoras de telecomunica\u00e7\u00f5es, as tecnologias emergentes - como a Internet das Coisas (IoT), a realidade virtual (VR), a realidade aumentada (AR) e a intelig\u00eancia artificial (AI) - est\u00e3o impulsionando um aumento sem precedentes na demanda de tr\u00e1fego de rede. Como resultado, o setor de telecomunica\u00e7\u00f5es est\u00e1 passando por uma profunda transforma\u00e7\u00e3o na forma como os dados e os servi\u00e7os s\u00e3o fornecidos \u00e0s empresas e aos consumidores.<\/p>\n\n\n\n<p>Para atender a essas necessidades em evolu\u00e7\u00e3o, as operadoras est\u00e3o investindo cada vez mais em novas \u00e1reas de crescimento, incluindo a implanta\u00e7\u00e3o do 5G, a constru\u00e7\u00e3o de esta\u00e7\u00f5es r\u00e1dio-base, os servi\u00e7os em nuvem e a seguran\u00e7a da rede. Esses neg\u00f3cios inovadores se tornaram motores importantes para a futura expans\u00e3o da receita.<\/p>\n\n\n\n<p>A TFN oferece um portf\u00f3lio abrangente de solu\u00e7\u00f5es de teste e medi\u00e7\u00e3o adaptadas \u00e0s necessidades das operadoras de telecomunica\u00e7\u00f5es modernas. Nossos instrumentos d\u00e3o suporte a aplica\u00e7\u00f5es tradicionais - como verifica\u00e7\u00e3o de FTTx, teste de cabos \u00f3pticos e manuten\u00e7\u00e3o de rede - ao mesmo tempo em que atendem aos requisitos das tecnologias de pr\u00f3xima gera\u00e7\u00e3o. Para servi\u00e7os emergentes, como an\u00e1lise de sinal 5G, teste de esta\u00e7\u00e3o base sem fio e diagn\u00f3stico de rede de alta velocidade, a TFN oferece ferramentas avan\u00e7adas que aumentam a efici\u00eancia, a confiabilidade e o desempenho geral da rede.<\/p>\n\n\n\n<p>Ao integrar recursos vers\u00e1teis de teste em dom\u00ednios \u00f3pticos, sem fio e de RF, a TFN ajuda as operadoras de telecomunica\u00e7\u00f5es a otimizar sua infraestrutura de rede, acelerar a implanta\u00e7\u00e3o de servi\u00e7os e garantir conectividade est\u00e1vel e de alta qualidade para os usu\u00e1rios finais.<\/p>\n\n\n\n<div class=\"wp-block-columns alignwide are-vertically-aligned-center is-layout-flex wp-container-core-columns-is-layout-b9f7452e wp-block-columns-is-layout-flex\" style=\"margin-top:var(--wp--preset--spacing--x-large)\">\n<div class=\"wp-block-column is-vertically-aligned-center is-layout-flow wp-block-column-is-layout-flow\">\n<figure class=\"wp-block-image size-large\"><img decoding=\"async\" src=\"https:\/\/www.tfngj.com\/wp-content\/uploads\/2025\/11\/optic.jpg\" alt=\"\" style=\"aspect-ratio:16\/9;object-fit:cover\"\/><\/figure>\n<\/div>\n\n\n\n<div class=\"wp-block-column is-vertically-aligned-center is-layout-flow wp-block-column-is-layout-flow\"><h2 class=\"wp-block-heading has-4-x-large-font-size\" id=\"optical-network\">Rede \u00f3ptica<\/h2>\n\n\n\n<p>A ampla aplica\u00e7\u00e3o de redes \u00f3pticas, a capacidade ultragrande e as interfaces avan\u00e7adas aumentam a capacidade das operadoras de fornecer rapidamente servi\u00e7os de alta qualidade, reduzir os custos operacionais da rede e fornecer novos pontos de crescimento de lucro para as operadoras de telecomunica\u00e7\u00f5es.<\/p>\n<\/div>\n<\/div>\n\n\n\n<div class=\"wp-block-columns alignwide are-vertically-aligned-center is-layout-flex wp-container-core-columns-is-layout-b9f7452e wp-block-columns-is-layout-flex\" style=\"margin-top:var(--wp--preset--spacing--x-large)\">\n<div class=\"wp-block-column is-vertically-aligned-center is-layout-flow wp-block-column-is-layout-flow\">\n<figure class=\"wp-block-image size-large\"><img decoding=\"async\" src=\"https:\/\/www.tfngj.com\/wp-content\/uploads\/2025\/11\/11-14.webp\" alt=\"\" style=\"aspect-ratio:16\/9;object-fit:cover\"\/><\/figure>\n<\/div>\n\n\n\n<div class=\"wp-block-column is-vertically-aligned-center is-layout-flow wp-block-column-is-layout-flow\"><h2 class=\"wp-block-heading has-4-x-large-font-size\" id=\"5g-network-and-base-station\">Rede 5G e esta\u00e7\u00e3o r\u00e1dio-base<\/h2>\n\n\n\n<p>A aplica\u00e7\u00e3o em larga escala do 5G fez com que os dados crescessem exponencialmente, e a taxa de transmiss\u00e3o de dados foi gradualmente acelerada. Os instrumentos de teste da TFN podem testar o desempenho da transmiss\u00e3o de servi\u00e7os de dados em redes 5G para garantir a opera\u00e7\u00e3o de alta velocidade da rede.<\/p>\n<\/div>\n<\/div>\n\n\n\n<div class=\"wp-block-columns alignwide are-vertically-aligned-center is-layout-flex wp-container-core-columns-is-layout-b9f7452e wp-block-columns-is-layout-flex\" style=\"margin-top:var(--wp--preset--spacing--x-large)\">\n<div class=\"wp-block-column is-vertically-aligned-center is-layout-flow wp-block-column-is-layout-flow\">\n<figure class=\"wp-block-image size-large\"><img decoding=\"async\" src=\"https:\/\/www.tfngj.com\/wp-content\/uploads\/2025\/11\/server.jpg\" alt=\"\" style=\"aspect-ratio:16\/9;object-fit:cover\"\/><\/figure>\n<\/div>\n\n\n\n<div class=\"wp-block-column is-vertically-aligned-center is-layout-flow wp-block-column-is-layout-flow\"><h2 class=\"wp-block-heading has-4-x-large-font-size\" id=\"cloud-business\">Neg\u00f3cios na nuvem<\/h2>\n\n\n\n<p>Com a transforma\u00e7\u00e3o digital das operadoras de telecomunica\u00e7\u00f5es, os servi\u00e7os em nuvem se tornaram uma importante for\u00e7a motriz para o crescimento da receita corporativa. Os instrumentos da TFN podem testar a velocidade de transmiss\u00e3o de informa\u00e7\u00f5es de computa\u00e7\u00e3o em nuvem e garantir a capacidade de computa\u00e7\u00e3o da plataforma de nuvem.<\/p>\n<\/div>\n<\/div>\n\n\n\n<div class=\"wp-block-columns alignwide are-vertically-aligned-center is-layout-flex wp-container-core-columns-is-layout-b9f7452e wp-block-columns-is-layout-flex\" style=\"margin-top:var(--wp--preset--spacing--x-large)\">\n<div class=\"wp-block-column is-vertically-aligned-center is-layout-flow wp-block-column-is-layout-flow\">\n<figure class=\"wp-block-image size-large\"><img decoding=\"async\" src=\"https:\/\/www.tfngj.com\/wp-content\/uploads\/2025\/11\/cyber-security.jpg\" alt=\"\" style=\"aspect-ratio:16\/9;object-fit:cover\"\/><\/figure>\n<\/div>\n\n\n\n<div class=\"wp-block-column is-vertically-aligned-center is-layout-flow wp-block-column-is-layout-flow\"><h2 class=\"wp-block-heading has-4-x-large-font-size\" id=\"cyber-security\">Seguran\u00e7a cibern\u00e9tica<\/h2>\n\n\n\n<p>Com o crescimento exponencial dos dados e o desenvolvimento de redes virtuais m\u00f3veis, a privacidade digital e a seguran\u00e7a da rede se tornaram o foco das aten\u00e7\u00f5es. Os instrumentos da TFN podem garantir a seguran\u00e7a da rede e das informa\u00e7\u00f5es no ambiente testado por meio da an\u00e1lise de interfer\u00eancia e da identifica\u00e7\u00e3o de sinais.<\/p>\n<\/div>\n<\/div>\n\n\n<h2 class=\"wp-block-heading alignwide has-text-color has-link-color has-4-x-large-font-size wp-elements-1a1775ed373c6f97f949441955b42713\" style=\"color:#3672d2;margin-top:var(--wp--preset--spacing--2-x-large);margin-bottom:var(--wp--preset--spacing--large)\" id=\"related-products\">Produtos relacionados<\/h2>\n\n\n\n<div class=\"wp-block-columns alignwide is-layout-flex wp-container-core-columns-is-layout-28f84493 wp-block-columns-is-layout-flex\">\n<div class=\"wp-block-column is-layout-flow wp-block-column-is-layout-flow\">\n<figure class=\"wp-block-image aligncenter size-full is-resized\"><img loading=\"lazy\" decoding=\"async\" width=\"1000\" height=\"1000\" src=\"https:\/\/www.tfngj.com\/wp-content\/uploads\/2025\/09\/RM7-\u900f\u660e.webp\" alt=\"Testador de fibra \u00f3ptica RM7 OTDR\" class=\"wp-image-3616\" style=\"width:350px;height:auto\" srcset=\"https:\/\/www.tfngj.com\/wp-content\/uploads\/2025\/09\/RM7-\u900f\u660e.webp 1000w, https:\/\/www.tfngj.com\/wp-content\/uploads\/2025\/09\/RM7-\u900f\u660e-300x300.webp 300w, https:\/\/www.tfngj.com\/wp-content\/uploads\/2025\/09\/RM7-\u900f\u660e-150x150.webp 150w, https:\/\/www.tfngj.com\/wp-content\/uploads\/2025\/09\/RM7-\u900f\u660e-768x768.webp 768w, https:\/\/www.tfngj.com\/wp-content\/uploads\/2025\/09\/RM7-\u900f\u660e-12x12.webp 12w, https:\/\/www.tfngj.com\/wp-content\/uploads\/2025\/09\/RM7-\u900f\u660e-600x600.webp 600w, https:\/\/www.tfngj.com\/wp-content\/uploads\/2025\/09\/RM7-\u900f\u660e-100x100.webp 100w\" sizes=\"auto, (max-width: 1000px) 100vw, 1000px\" \/><\/figure>\n\n\n\n<div class=\"wp-block-buttons is-content-justification-center is-layout-flex wp-container-core-buttons-is-layout-a89b3969 wp-block-buttons-is-layout-flex\">\n<div class=\"wp-block-button is-style-outline is-style-outline--1\"><a class=\"wp-block-button__link wp-element-button\" href=\"https:\/\/www.tfngj.com\/pt\/rm7-high-end-otdr\/\">Testador de OTDR RM7<\/a><\/div>\n<\/div>\n\n\n\n<p class=\"has-text-align-center\">Faixa din\u00e2mica de at\u00e9 50\/48 dB<\/p>\n<\/div>\n\n\n\n<div class=\"wp-block-column is-layout-flow wp-block-column-is-layout-flow\">\n<figure class=\"wp-block-image aligncenter size-full is-resized\"><img loading=\"lazy\" decoding=\"async\" width=\"800\" height=\"800\" src=\"https:\/\/www.tfngj.com\/wp-content\/uploads\/2025\/10\/150-3.webp\" alt=\"analisador de cabos e antenas\" class=\"wp-image-3967\" style=\"width:350px;height:auto\" srcset=\"https:\/\/www.tfngj.com\/wp-content\/uploads\/2025\/10\/150-3.webp 800w, https:\/\/www.tfngj.com\/wp-content\/uploads\/2025\/10\/150-3-300x300.webp 300w, https:\/\/www.tfngj.com\/wp-content\/uploads\/2025\/10\/150-3-150x150.webp 150w, https:\/\/www.tfngj.com\/wp-content\/uploads\/2025\/10\/150-3-768x768.webp 768w, https:\/\/www.tfngj.com\/wp-content\/uploads\/2025\/10\/150-3-12x12.webp 12w, https:\/\/www.tfngj.com\/wp-content\/uploads\/2025\/10\/150-3-600x600.webp 600w, https:\/\/www.tfngj.com\/wp-content\/uploads\/2025\/10\/150-3-100x100.webp 100w\" sizes=\"auto, (max-width: 800px) 100vw, 800px\" \/><\/figure>\n\n\n\n<div class=\"wp-block-buttons is-content-justification-center is-layout-flex wp-container-core-buttons-is-layout-a89b3969 wp-block-buttons-is-layout-flex\">\n<div class=\"wp-block-button is-style-outline is-style-outline--2\"><a class=\"wp-block-button__link wp-element-button\" href=\"https:\/\/www.tfngj.com\/pt\/150h-l-antenna-analyzers\/\">Analisadores de antena de cabo 150<\/a><\/div>\n<\/div>\n\n\n\n<p class=\"has-text-align-center\">Faixa de frequ\u00eancia: 2 MHz a 4,4 GHz\/6 GHz<\/p>\n<\/div>\n\n\n\n<div class=\"wp-block-column is-layout-flow wp-block-column-is-layout-flow\">\n<figure class=\"wp-block-image aligncenter size-full is-resized\"><img loading=\"lazy\" decoding=\"async\" width=\"800\" height=\"800\" src=\"https:\/\/www.tfngj.com\/wp-content\/uploads\/2025\/09\/RMT-\u900f\u660e.webp\" alt=\"Analisador de espectro RMT\" class=\"wp-image-3618\" style=\"width:350px;height:auto\" srcset=\"https:\/\/www.tfngj.com\/wp-content\/uploads\/2025\/09\/RMT-\u900f\u660e.webp 800w, https:\/\/www.tfngj.com\/wp-content\/uploads\/2025\/09\/RMT-\u900f\u660e-300x300.webp 300w, https:\/\/www.tfngj.com\/wp-content\/uploads\/2025\/09\/RMT-\u900f\u660e-150x150.webp 150w, https:\/\/www.tfngj.com\/wp-content\/uploads\/2025\/09\/RMT-\u900f\u660e-768x768.webp 768w, https:\/\/www.tfngj.com\/wp-content\/uploads\/2025\/09\/RMT-\u900f\u660e-12x12.webp 12w, https:\/\/www.tfngj.com\/wp-content\/uploads\/2025\/09\/RMT-\u900f\u660e-600x600.webp 600w, https:\/\/www.tfngj.com\/wp-content\/uploads\/2025\/09\/RMT-\u900f\u660e-100x100.webp 100w\" sizes=\"auto, (max-width: 800px) 100vw, 800px\" \/><\/figure>\n\n\n\n<div class=\"wp-block-buttons is-content-justification-center is-layout-flex wp-container-core-buttons-is-layout-a89b3969 wp-block-buttons-is-layout-flex\">\n<div class=\"wp-block-button is-style-outline is-style-outline--3\"><a class=\"wp-block-button__link wp-element-button\" href=\"https:\/\/www.tfngj.com\/pt\/rmt-spectrum-analyzer\/\">Analisadores de espectro RMT<\/a><\/div>\n<\/div>\n\n\n\n<p class=\"has-text-align-center\">V\u00e1rias op\u00e7\u00f5es de frequ\u00eancia, de 5 kHz a 40 GHz<\/p>\n<\/div>\n<\/div>\n\n\n\n<div style=\"height:100px\" aria-hidden=\"true\" class=\"wp-block-spacer\"><\/div>","protected":false},"excerpt":{"rendered":"<p>The rapid development of the Internet has posed challenges to the traditional business models of telecom operators, emerging technologies\u2014such as the Internet of Things (IoT), virtual reality (VR), augmented reality (AR), and artificial intelligence (AI)\u2014are driving an unprecedented surge in network traffic demand. As a result, the telecom industry is undergoing a profound transformation in [&hellip;]<\/p>","protected":false},"author":1,"featured_media":0,"parent":0,"menu_order":0,"comment_status":"closed","ping_status":"closed","template":"","meta":{"footnotes":""},"class_list":["post-4592","page","type-page","status-publish","hentry"],"yoast_head":"<!-- This site is optimized with the Yoast SEO plugin v26.6 - https:\/\/yoast.com\/wordpress\/plugins\/seo\/ -->\n<title>Telecom Operators - Communication Test Expert<\/title>\n<meta name=\"robots\" content=\"index, follow, max-snippet:-1, max-image-preview:large, max-video-preview:-1\" \/>\n<link rel=\"canonical\" href=\"https:\/\/www.tfngj.com\/pt\/telecom-operators\/\" \/>\n<meta property=\"og:locale\" content=\"pt_BR\" \/>\n<meta property=\"og:type\" content=\"article\" \/>\n<meta property=\"og:title\" content=\"Telecom Operators - Communication Test Expert\" \/>\n<meta property=\"og:description\" content=\"The rapid development of the Internet has posed challenges to the traditional business models of telecom operators, emerging technologies\u2014such as the Internet of Things (IoT), virtual reality (VR), augmented reality (AR), and artificial intelligence (AI)\u2014are driving an unprecedented surge in network traffic demand. As a result, the telecom industry is undergoing a profound transformation in [&hellip;]\" \/>\n<meta property=\"og:url\" content=\"https:\/\/www.tfngj.com\/pt\/telecom-operators\/\" \/>\n<meta property=\"og:site_name\" content=\"Communication Test Expert\" \/>\n<meta property=\"article:modified_time\" content=\"2025-11-18T03:11:57+00:00\" \/>\n<meta property=\"og:image\" content=\"https:\/\/www.tfngj.com\/wp-content\/uploads\/2025\/09\/communication.webp\" \/>\n\t<meta property=\"og:image:width\" content=\"1920\" \/>\n\t<meta property=\"og:image:height\" content=\"1280\" \/>\n\t<meta property=\"og:image:type\" content=\"image\/webp\" \/>\n<meta name=\"twitter:card\" content=\"summary_large_image\" \/>\n<meta name=\"twitter:label1\" content=\"Est. tempo de leitura\" \/>\n\t<meta name=\"twitter:data1\" content=\"2 minutos\" \/>\n<script type=\"application\/ld+json\" class=\"yoast-schema-graph\">{\"@context\":\"https:\/\/schema.org\",\"@graph\":[{\"@type\":\"WebPage\",\"@id\":\"https:\/\/www.tfngj.com\/telecom-operators\/\",\"url\":\"https:\/\/www.tfngj.com\/telecom-operators\/\",\"name\":\"Telecom Operators - Communication Test Expert\",\"isPartOf\":{\"@id\":\"https:\/\/www.tfngj.com\/#website\"},\"primaryImageOfPage\":{\"@id\":\"https:\/\/www.tfngj.com\/telecom-operators\/#primaryimage\"},\"image\":{\"@id\":\"https:\/\/www.tfngj.com\/telecom-operators\/#primaryimage\"},\"thumbnailUrl\":\"https:\/\/www.tfngj.com\/wp-content\/uploads\/2025\/09\/communication.webp\",\"datePublished\":\"2025-11-17T05:32:30+00:00\",\"dateModified\":\"2025-11-18T03:11:57+00:00\",\"breadcrumb\":{\"@id\":\"https:\/\/www.tfngj.com\/telecom-operators\/#breadcrumb\"},\"inLanguage\":\"pt-BR\",\"potentialAction\":[{\"@type\":\"ReadAction\",\"target\":[\"https:\/\/www.tfngj.com\/telecom-operators\/\"]}]},{\"@type\":\"ImageObject\",\"inLanguage\":\"pt-BR\",\"@id\":\"https:\/\/www.tfngj.com\/telecom-operators\/#primaryimage\",\"url\":\"https:\/\/www.tfngj.com\/wp-content\/uploads\/2025\/09\/communication.webp\",\"contentUrl\":\"https:\/\/www.tfngj.com\/wp-content\/uploads\/2025\/09\/communication.webp\"},{\"@type\":\"BreadcrumbList\",\"@id\":\"https:\/\/www.tfngj.com\/telecom-operators\/#breadcrumb\",\"itemListElement\":[{\"@type\":\"ListItem\",\"position\":1,\"name\":\"Home\",\"item\":\"https:\/\/www.tfngj.com\/\"},{\"@type\":\"ListItem\",\"position\":2,\"name\":\"Telecom Operators\"}]},{\"@type\":\"WebSite\",\"@id\":\"https:\/\/www.tfngj.com\/#website\",\"url\":\"https:\/\/www.tfngj.com\/\",\"name\":\"TFN-Communication Test Expert\",\"description\":\"Find Perfect Solutions in TFN\",\"publisher\":{\"@id\":\"https:\/\/www.tfngj.com\/#organization\"},\"alternateName\":\"TFN\",\"potentialAction\":[{\"@type\":\"SearchAction\",\"target\":{\"@type\":\"EntryPoint\",\"urlTemplate\":\"https:\/\/www.tfngj.com\/?s={search_term_string}\"},\"query-input\":{\"@type\":\"PropertyValueSpecification\",\"valueRequired\":true,\"valueName\":\"search_term_string\"}}],\"inLanguage\":\"pt-BR\"},{\"@type\":\"Organization\",\"@id\":\"https:\/\/www.tfngj.com\/#organization\",\"name\":\"TFN\",\"url\":\"https:\/\/www.tfngj.com\/\",\"logo\":{\"@type\":\"ImageObject\",\"inLanguage\":\"pt-BR\",\"@id\":\"https:\/\/www.tfngj.com\/#\/schema\/logo\/image\/\",\"url\":\"https:\/\/www.tfngj.com\/wp-content\/uploads\/2025\/09\/\u9ed1logo.png\",\"contentUrl\":\"https:\/\/www.tfngj.com\/wp-content\/uploads\/2025\/09\/\u9ed1logo.png\",\"width\":939,\"height\":232,\"caption\":\"TFN\"},\"image\":{\"@id\":\"https:\/\/www.tfngj.com\/#\/schema\/logo\/image\/\"},\"sameAs\":[\"https:\/\/www.youtube.com\/@FateTFN\/search\"]}]}<\/script>\n<!-- \/ Yoast SEO plugin. -->","yoast_head_json":{"title":"Operadoras de telecomunica\u00e7\u00f5es - Especialista em testes de comunica\u00e7\u00e3o","robots":{"index":"index","follow":"follow","max-snippet":"max-snippet:-1","max-image-preview":"max-image-preview:large","max-video-preview":"max-video-preview:-1"},"canonical":"https:\/\/www.tfngj.com\/pt\/telecom-operators\/","og_locale":"pt_BR","og_type":"article","og_title":"Telecom Operators - Communication Test Expert","og_description":"The rapid development of the Internet has posed challenges to the traditional business models of telecom operators, emerging technologies\u2014such as the Internet of Things (IoT), virtual reality (VR), augmented reality (AR), and artificial intelligence (AI)\u2014are driving an unprecedented surge in network traffic demand. As a result, the telecom industry is undergoing a profound transformation in [&hellip;]","og_url":"https:\/\/www.tfngj.com\/pt\/telecom-operators\/","og_site_name":"Communication Test Expert","article_modified_time":"2025-11-18T03:11:57+00:00","og_image":[{"width":1920,"height":1280,"url":"https:\/\/www.tfngj.com\/wp-content\/uploads\/2025\/09\/communication.webp","type":"image\/webp"}],"twitter_card":"summary_large_image","twitter_misc":{"Est. tempo de leitura":"2 minutos"},"schema":{"@context":"https:\/\/schema.org","@graph":[{"@type":"WebPage","@id":"https:\/\/www.tfngj.com\/telecom-operators\/","url":"https:\/\/www.tfngj.com\/telecom-operators\/","name":"Operadoras de telecomunica\u00e7\u00f5es - Especialista em testes de comunica\u00e7\u00e3o","isPartOf":{"@id":"https:\/\/www.tfngj.com\/#website"},"primaryImageOfPage":{"@id":"https:\/\/www.tfngj.com\/telecom-operators\/#primaryimage"},"image":{"@id":"https:\/\/www.tfngj.com\/telecom-operators\/#primaryimage"},"thumbnailUrl":"https:\/\/www.tfngj.com\/wp-content\/uploads\/2025\/09\/communication.webp","datePublished":"2025-11-17T05:32:30+00:00","dateModified":"2025-11-18T03:11:57+00:00","breadcrumb":{"@id":"https:\/\/www.tfngj.com\/telecom-operators\/#breadcrumb"},"inLanguage":"pt-BR","potentialAction":[{"@type":"ReadAction","target":["https:\/\/www.tfngj.com\/telecom-operators\/"]}]},{"@type":"ImageObject","inLanguage":"pt-BR","@id":"https:\/\/www.tfngj.com\/telecom-operators\/#primaryimage","url":"https:\/\/www.tfngj.com\/wp-content\/uploads\/2025\/09\/communication.webp","contentUrl":"https:\/\/www.tfngj.com\/wp-content\/uploads\/2025\/09\/communication.webp"},{"@type":"BreadcrumbList","@id":"https:\/\/www.tfngj.com\/telecom-operators\/#breadcrumb","itemListElement":[{"@type":"ListItem","position":1,"name":"Home","item":"https:\/\/www.tfngj.com\/"},{"@type":"ListItem","position":2,"name":"Telecom Operators"}]},{"@type":"WebSite","@id":"https:\/\/www.tfngj.com\/#website","url":"https:\/\/www.tfngj.com\/","name":"TFN - Especialista em testes de comunica\u00e7\u00e3o","description":"Encontre solu\u00e7\u00f5es perfeitas no TFN","publisher":{"@id":"https:\/\/www.tfngj.com\/#organization"},"alternateName":"TFN","potentialAction":[{"@type":"SearchAction","target":{"@type":"EntryPoint","urlTemplate":"https:\/\/www.tfngj.com\/?s={search_term_string}"},"query-input":{"@type":"PropertyValueSpecification","valueRequired":true,"valueName":"search_term_string"}}],"inLanguage":"pt-BR"},{"@type":"Organization","@id":"https:\/\/www.tfngj.com\/#organization","name":"TFN","url":"https:\/\/www.tfngj.com\/","logo":{"@type":"ImageObject","inLanguage":"pt-BR","@id":"https:\/\/www.tfngj.com\/#\/schema\/logo\/image\/","url":"https:\/\/www.tfngj.com\/wp-content\/uploads\/2025\/09\/\u9ed1logo.png","contentUrl":"https:\/\/www.tfngj.com\/wp-content\/uploads\/2025\/09\/\u9ed1logo.png","width":939,"height":232,"caption":"TFN"},"image":{"@id":"https:\/\/www.tfngj.com\/#\/schema\/logo\/image\/"},"sameAs":["https:\/\/www.youtube.com\/@FateTFN\/search"]}]}},"_links":{"self":[{"href":"https:\/\/www.tfngj.com\/pt\/wp-json\/wp\/v2\/pages\/4592","targetHints":{"allow":["GET"]}}],"collection":[{"href":"https:\/\/www.tfngj.com\/pt\/wp-json\/wp\/v2\/pages"}],"about":[{"href":"https:\/\/www.tfngj.com\/pt\/wp-json\/wp\/v2\/types\/page"}],"author":[{"embeddable":true,"href":"https:\/\/www.tfngj.com\/pt\/wp-json\/wp\/v2\/users\/1"}],"replies":[{"embeddable":true,"href":"https:\/\/www.tfngj.com\/pt\/wp-json\/wp\/v2\/comments?post=4592"}],"version-history":[{"count":13,"href":"https:\/\/www.tfngj.com\/pt\/wp-json\/wp\/v2\/pages\/4592\/revisions"}],"predecessor-version":[{"id":4653,"href":"https:\/\/www.tfngj.com\/pt\/wp-json\/wp\/v2\/pages\/4592\/revisions\/4653"}],"wp:attachment":[{"href":"https:\/\/www.tfngj.com\/pt\/wp-json\/wp\/v2\/media?parent=4592"}],"curies":[{"name":"wp","href":"https:\/\/api.w.org\/{rel}","templated":true}]}}