{"id":4105,"date":"2025-10-31T10:06:10","date_gmt":"2025-10-31T02:06:10","guid":{"rendered":"https:\/\/ceshi.tfngw.com\/?page_id=4105"},"modified":"2025-11-07T14:49:04","modified_gmt":"2025-11-07T06:49:04","slug":"cfs-5-fiber-optic-strippers","status":"publish","type":"page","link":"https:\/\/www.tfngj.com\/pt\/cfs-5-fiber-optic-strippers\/","title":{"rendered":"Decapadores de fibra \u00f3ptica CFS-5"},"content":{"rendered":"<div class=\"wp-block-cover alignfull is-light wp-duotone-unset-1\" style=\"border-radius:0px;margin-top:0;margin-bottom:0;padding-top:0;padding-bottom:0;font-size:clamp(3.615rem, 3.615rem + ((1vw - 0.2rem) * 4.856), 7.5rem);min-height:468px;aspect-ratio:unset;\"><img loading=\"lazy\" decoding=\"async\" width=\"2560\" height=\"1280\" class=\"wp-block-cover__image-background wp-image-2550 size-full\" alt=\"\" src=\"https:\/\/www.tfngj.com\/wp-content\/uploads\/2025\/10\/back-2-scaled.webp\" data-object-fit=\"cover\" srcset=\"https:\/\/www.tfngj.com\/wp-content\/uploads\/2025\/10\/back-2-scaled.webp 2560w, https:\/\/www.tfngj.com\/wp-content\/uploads\/2025\/10\/back-2-300x150.webp 300w, https:\/\/www.tfngj.com\/wp-content\/uploads\/2025\/10\/back-2-1024x512.webp 1024w, https:\/\/www.tfngj.com\/wp-content\/uploads\/2025\/10\/back-2-768x384.webp 768w, https:\/\/www.tfngj.com\/wp-content\/uploads\/2025\/10\/back-2-1536x768.webp 1536w, https:\/\/www.tfngj.com\/wp-content\/uploads\/2025\/10\/back-2-2048x1024.webp 2048w, https:\/\/www.tfngj.com\/wp-content\/uploads\/2025\/10\/back-2-18x9.webp 18w, https:\/\/www.tfngj.com\/wp-content\/uploads\/2025\/10\/back-2-600x300.webp 600w\" sizes=\"auto, (max-width: 2560px) 100vw, 2560px\" \/><span aria-hidden=\"true\" class=\"wp-block-cover__background has-background-dim-30 has-background-dim\" style=\"background-color:#359aca\"><\/span><div class=\"wp-block-cover__inner-container has-global-padding is-layout-constrained wp-container-core-cover-is-layout-ad1af2a0 wp-block-cover-is-layout-constrained\"><h1 class=\"wp-block-heading alignfull has-text-align-center has-neutral-0-color has-text-color has-link-color has-5-x-large-font-size wp-elements-2fbe4054f12b8de0c8f3e3713f30e902\" style=\"margin-right:0;margin-left:0;text-transform:capitalize\" id=\"cfs5%25c2%25a0fiber-optic-strippers\">Decapadores de fibra \u00f3ptica CFS-5<\/h1>\n\n\n\n<p class=\"has-text-align-center has-neutral-0-color has-text-color has-link-color has-large-font-size wp-elements-7cd9b92a98c2105da3d0c8cfafb16e47\" style=\"margin-top:var(--wp--preset--spacing--x-small)\">Uma ferramenta de precis\u00e3o que integra as necessidades de decapagem de v\u00e1rias fibras \u00f3pticas, incluindo fibra nua, pigtails\/jumpers e decapadores de cabos do tipo borboleta<\/p>\n<\/div><\/div>\n\n\n\n<div class=\"wp-block-group alignfull has-global-padding is-content-justification-center is-layout-constrained wp-container-core-group-is-layout-df757ecc wp-block-group-is-layout-constrained\" style=\"margin-top:0;margin-bottom:0;padding-top:calc( 0.5 * var(--wp--style--root--padding-right, var(--wp--custom--gap--horizontal)));padding-right:var(--wp--style--root--padding-right, var(--wp--custom--gap--horizontal));padding-bottom:calc( 0.5 * var(--wp--style--root--padding-right, var(--wp--custom--gap--horizontal)));padding-left:var(--wp--style--root--padding-left, var(--wp--custom--gap--horizontal))\">\n<div style=\"height:0px\" aria-hidden=\"true\" class=\"wp-block-spacer\"><\/div>\n\n\n\n<div style=\"height:calc( 0.25 * var(--wp--style--root--padding-right, var(--wp--custom--gap--horizontal)))\" aria-hidden=\"true\" class=\"wp-block-spacer\"><\/div>\n<\/div>\n\n\n\n<div class=\"wp-block-columns alignwide are-vertically-aligned-center is-layout-flex wp-container-core-columns-is-layout-37dbaa11 wp-block-columns-is-layout-flex\" style=\"margin-top:var(--wp--preset--spacing--x-large);margin-bottom:var(--wp--preset--spacing--x-large)\">\n<div class=\"wp-block-column is-vertically-aligned-center is-layout-flow wp-block-column-is-layout-flow\" style=\"flex-basis:33.33%\"><h2 class=\"wp-block-heading has-5-x-large-font-size\" id=\"highlights\"><mark style=\"background-color:rgba(0, 0, 0, 0);color:#2588cc\" class=\"has-inline-color\">Destaques<\/mark><\/h2>\n\n\n\n<figure class=\"wp-block-image aligncenter size-large\" style=\"margin-right:0;margin-left:0;padding-right:0;padding-left:0\"><img decoding=\"async\" src=\"https:\/\/www.tfngj.com\/wp-content\/uploads\/2025\/10\/cfs5.webp\" alt=\"removedor de fibras\"\/><\/figure>\n<\/div>\n\n\n\n<div class=\"wp-block-column is-vertically-aligned-center is-layout-flow wp-container-core-column-is-layout-c7b3064f wp-block-column-is-layout-flow\" style=\"flex-basis:66.66%\"><ul style=\"margin-right:0;--plover--style--block-gap:var(--wp--preset--spacing--2-x-small);\" class=\"wp-block-list is-style-check-circle\">\n<li>Decapagem de fios multifuncional tr\u00eas em um: Orif\u00edcio pequeno: retira com precis\u00e3o o revestimento de 250 \u00b5m a 125 \u00b5m do revestimento da fibra \u00f3ptica. Furo m\u00e9dio: Adequado para camada tamp\u00e3o de borracha macia de 600~900\u00b5m e cobertura de prote\u00e7\u00e3o de cabo borboleta. Furo grande: suporta a remo\u00e7\u00e3o do revestimento externo de tran\u00e7as\/jumpers de 2 a 3 mm.<\/li>\n\n\n\n<li>O parafuso de ajuste hexagonal integrado permite o ajuste flex\u00edvel da abertura da mand\u00edbula para se adaptar a diferentes di\u00e2metros de fio<\/li>\n\n\n\n<li>O projeto de retorno por mola abre automaticamente as mand\u00edbulas, economizando esfor\u00e7o e sendo conveniente<\/li>\n\n\n\n<li>O dispositivo de travamento protege a l\u00e2mina para evitar ferimentos acidentais e \u00e9 f\u00e1cil de guardar. L\u00e2mina de a\u00e7o com alto teor de carbono e tratamento antiferrugem, com afia\u00e7\u00e3o duradoura.<\/li>\n\n\n\n<li>Experi\u00eancia de empunhadura humanizada: a al\u00e7a de borracha se ajusta ao formato da m\u00e3o, \u00e9 antiderrapante e absorve choques, e voc\u00ea n\u00e3o se sentir\u00e1 cansado mesmo ap\u00f3s o uso prolongado<\/li>\n<\/ul>\n\n\n\n<div class=\"wp-block-buttons is-content-justification-center is-layout-flex wp-container-core-buttons-is-layout-a89b3969 wp-block-buttons-is-layout-flex\">\n<div class=\"wp-block-button\"><a class=\"wp-block-button__link wp-element-button\" href=\"https:\/\/www.tfngj.com\/pt\/contact-us\/\">Solicite uma cota\u00e7\u00e3o<\/a><\/div>\n<\/div>\n<\/div>\n<\/div>\n\n\n\n<div class=\"wp-block-columns alignwide is-layout-flex wp-container-core-columns-is-layout-28f84493 wp-block-columns-is-layout-flex\">\n<div class=\"wp-block-column is-layout-flow wp-block-column-is-layout-flow\">\n<figure class=\"wp-block-image aligncenter size-large is-resized\"><img decoding=\"async\" src=\"https:\/\/www.tfngj.com\/wp-content\/uploads\/2025\/11\/cfs5-1.webp\" alt=\"removedor de fibras\" style=\"width:403px;height:auto\"\/><\/figure>\n<\/div>\n\n\n\n<div class=\"wp-block-column is-layout-flow wp-block-column-is-layout-flow\">\n<figure class=\"wp-block-image aligncenter size-large is-resized\"><img decoding=\"async\" src=\"https:\/\/www.tfngj.com\/wp-content\/uploads\/2025\/11\/cfs5-2.webp\" alt=\"removedor de fibras\" style=\"width:395px;height:auto\"\/><\/figure>\n<\/div>\n<\/div>\n\n\n<h2 class=\"wp-block-heading alignwide has-text-align-left\" style=\"margin-top:var(--wp--preset--spacing--large);padding-left:0rem;font-size:clamp(1.743rem, 1.743rem + ((1vw - 0.2rem) * 1.571), 3rem);\" id=\"specifications\"><mark style=\"background-color:rgba(0, 0, 0, 0);color:#2588cc\" class=\"has-inline-color\">Especifica\u00e7\u00f5es<\/mark><\/h2>\n\n\n\n<figure class=\"wp-block-table is-style-stripes\"><table class=\"has-background\" style=\"background-color:#90caf191\"><tbody><tr><td>Itens\/Modelos<\/td><td>CFS-5<\/td><\/tr><tr><td>Aplic\u00e1vel a<\/td><td>Fibra nua de 125 \u00b5m (revestimento de 250 \u00b5m)<br>Camada de borracha macia de 600~900\u00b5m bem ajustada<br>Rabo de porco\/jaqueta de 2~3 mm<br>Cabo borboleta com refor\u00e7o n\u00e3o met\u00e1lico<\/td><\/tr><tr><td>Tecnologia de materiais<\/td><td>L\u00e2mina de a\u00e7o de alto carbono, tratamento antiferrugem na superf\u00edcie, cabo de borracha<\/td><\/tr><tr><td>Certifica\u00e7\u00e3o de design <\/td><td>em conformidade com os padr\u00f5es ergon\u00f4micos<\/td><\/tr><\/tbody><\/table><\/figure>\n\n\n\n<div class=\"wp-block-buttons is-layout-flex wp-block-buttons-is-layout-flex\">\n<div class=\"wp-block-button is-style-ghost\"><a class=\"wp-block-button__link wp-element-button\" href=\"https:\/\/www.tfngj.com\/wp-content\/uploads\/2025\/pdf\/CFS-5-Fiber-Stripper.pdf\" target=\"_blank\" rel=\"noreferrer noopener\">Download do manual do CFS-5<\/a><\/div>\n<\/div>\n\n\n\n<div class=\"wp-block-columns alignwide are-vertically-aligned-center is-layout-flex wp-container-core-columns-is-layout-bd93ecdd wp-block-columns-is-layout-flex\" style=\"margin-top:var(--wp--preset--spacing--2-x-large)\">\n<div class=\"wp-block-column is-vertically-aligned-center is-layout-flow wp-block-column-is-layout-flow\" style=\"flex-basis:44%\">\n<figure class=\"wp-block-image size-large\"><img loading=\"lazy\" decoding=\"async\" width=\"1024\" height=\"682\" src=\"https:\/\/www.tfngj.com\/wp-content\/uploads\/2025\/10\/pexels-onbab-7359568-1024x682.jpg\" alt=\"\" class=\"wp-image-2974\" srcset=\"https:\/\/www.tfngj.com\/wp-content\/uploads\/2025\/10\/pexels-onbab-7359568-1024x682.jpg 1024w, https:\/\/www.tfngj.com\/wp-content\/uploads\/2025\/10\/pexels-onbab-7359568-300x200.jpg 300w, https:\/\/www.tfngj.com\/wp-content\/uploads\/2025\/10\/pexels-onbab-7359568-768x512.jpg 768w, https:\/\/www.tfngj.com\/wp-content\/uploads\/2025\/10\/pexels-onbab-7359568-18x12.jpg 18w, https:\/\/www.tfngj.com\/wp-content\/uploads\/2025\/10\/pexels-onbab-7359568-600x400.jpg 600w, https:\/\/www.tfngj.com\/wp-content\/uploads\/2025\/10\/pexels-onbab-7359568.jpg 1280w\" sizes=\"auto, (max-width: 1024px) 100vw, 1024px\" \/><\/figure>\n<\/div>\n\n\n\n<div class=\"wp-block-column is-vertically-aligned-center is-layout-flow wp-block-column-is-layout-flow\" style=\"flex-basis:56%\"><h2 class=\"wp-block-heading has-2-x-large-font-size\" id=\"application-scenarios\">Cen\u00e1rios de aplicativos<\/h2>\n\n\n<ul class=\"wp-block-list\" style=\"\">\n<li>Fibra para o lar (FTTH) : Processamento e acesso ao terminal de cabos Butterfly<\/li>\n\n\n\n<li>Data Center: personaliza\u00e7\u00e3o e manuten\u00e7\u00e3o de cabos de conex\u00e3o de servidores e switches<\/li>\n\n\n\n<li>Esta\u00e7\u00e3o base de comunica\u00e7\u00e3o: emenda de cabos \u00f3pticos e reparo r\u00e1pido de falhas<\/li>\n\n\n\n<li>Monitoramento de seguran\u00e7a: constru\u00e7\u00e3o e otimiza\u00e7\u00e3o de links de transmiss\u00e3o de fibra \u00f3ptica<\/li>\n<\/ul>\n<\/div>\n<\/div>\n\n\n\n<div style=\"height:68px\" aria-hidden=\"true\" class=\"wp-block-spacer\"><\/div>\n\n\n<h2 class=\"wp-block-heading has-text-align-center\" id=\"faqs\"><mark style=\"background-color:rgba(0, 0, 0, 0);color:#2588cc\" class=\"has-inline-color\">Perguntas frequentes<\/mark><\/h2>\n\n\n\n<details class=\"wp-block-details has-border-color is-layout-flow wp-block-details-is-layout-flow\" style=\"border-color:#4083ca;border-width:2px;line-height:1.8\" open><summary>Que op\u00e7\u00f5es de log\u00edstica voc\u00eas oferecem?<\/summary>\n<p>Fornecemos solu\u00e7\u00f5es de log\u00edstica otimizadas com base na urg\u00eancia de seu pedido, no tamanho, no peso e em sua localiza\u00e7\u00e3o:<\/p>\n\n\n\n<p>Expresso internacional: Adequado para amostras, pedidos urgentes e pequenas remessas com peso inferior a 1,5 kg. Temos parceria com os principais fornecedores de log\u00edstica, como DHL, FedEx e UPS, oferecendo rastreamento porta a porta.<\/p>\n\n\n\n<p>Frete a\u00e9reo: Adequado para pedidos de m\u00e9dio a grande porte ou equipamentos completos sens\u00edveis ao tempo, oferecendo um equil\u00edbrio eficaz entre custo e velocidade.<\/p>\n\n\n\n<p>Frete mar\u00edtimo: Adequado para pedidos de grande volume e o m\u00e9todo de envio mais econ\u00f4mico. Oferecemos FOB, C&amp;F e CIF.<\/p>\n<\/details>\n\n\n\n<details class=\"wp-block-details has-border-color is-layout-flow wp-block-details-is-layout-flow\" style=\"border-color:#4083ca;border-width:2px\"><summary>Qual \u00e9 o tempo de espera?<\/summary>\n<p>Para nossos produtos padr\u00e3o, se houver em estoque e prontos para envio, o prazo de entrega \u00e9 de cerca de 7 a 10 dias. Para nossos produtos opcionais, o prazo de entrega \u00e9 de cerca de 25 a 30 dias.<\/p>\n<\/details>\n\n\n\n<details class=\"wp-block-details has-border-color is-layout-flow wp-block-details-is-layout-flow\" style=\"border-color:#4083ca;border-width:2px\"><summary>Qual \u00e9 o per\u00edodo de garantia do produto?<\/summary>\n<p>Estamos confiantes na qualidade e na confiabilidade de nossos produtos.<\/p>\n\n\n\n<p>Oferecemos uma garantia padr\u00e3o de 12 meses para todos os instrumentos, a partir da data de chegada ao porto de destino.<\/p>\n\n\n\n<p>Garantias estendidas tamb\u00e9m est\u00e3o dispon\u00edveis; entre em contato com nossa equipe de vendas para obter detalhes.<\/p>\n<\/details>\n\n\n\n<div style=\"height:59px\" aria-hidden=\"true\" class=\"wp-block-spacer\"><\/div>","protected":false},"excerpt":{"rendered":"<p>Destaques Especifica\u00e7\u00f5es Itens\/Modelos CFS-5 Aplic\u00e1vel a fibra nua de 125 \u00b5m (revestimento de 250 \u00b5m)Camada de borracha macia de 600~900 \u00b5m bem ajustada2~3mm de pigtail\/jumperJaqueta de refor\u00e7o n\u00e3o met\u00e1lico para cabo borboleta Tecnologia de materiais L\u00e2mina de a\u00e7o de alto carbono, tratamento antiferrugem da superf\u00edcie, cabo de borracha Certifica\u00e7\u00e3o de design de acordo com padr\u00f5es ergon\u00f4micos Cen\u00e1rios de aplica\u00e7\u00e3o Perguntas frequentes<\/p>","protected":false},"author":1,"featured_media":0,"parent":0,"menu_order":0,"comment_status":"closed","ping_status":"closed","template":"","meta":{"footnotes":""},"class_list":["post-4105","page","type-page","status-publish","hentry"],"yoast_head":"<!-- This site is optimized with the Yoast SEO plugin v26.6 - https:\/\/yoast.com\/wordpress\/plugins\/seo\/ -->\n<title>CFS-5 Fiber Optic Strippers - Communication Test Expert<\/title>\n<meta name=\"robots\" content=\"index, follow, max-snippet:-1, max-image-preview:large, max-video-preview:-1\" \/>\n<link rel=\"canonical\" href=\"https:\/\/www.tfngj.com\/pt\/cfs-5-fiber-optic-strippers\/\" \/>\n<meta property=\"og:locale\" content=\"pt_BR\" \/>\n<meta property=\"og:type\" content=\"article\" \/>\n<meta property=\"og:title\" content=\"CFS-5 Fiber Optic Strippers - Communication Test Expert\" \/>\n<meta property=\"og:description\" content=\"Highlights Specifications Items\/Models CFS-5 Applicable to 125\u00b5m bare fiber (250\u00b5m coating)600~900\u00b5m tight-fitting soft rubber layer2~3mm pigtail\/jumper jacketNon-metallic reinforcement butterfly cable Material technology high carbon steel blade, surface anti-rust treatment, rubber handle Design certification in line with ergonomic standards Application Scenarios FAQs\" \/>\n<meta property=\"og:url\" content=\"https:\/\/www.tfngj.com\/pt\/cfs-5-fiber-optic-strippers\/\" \/>\n<meta property=\"og:site_name\" content=\"Communication Test Expert\" \/>\n<meta property=\"article:modified_time\" content=\"2025-11-07T06:49:04+00:00\" \/>\n<meta property=\"og:image\" content=\"https:\/\/www.tfngj.com\/wp-content\/uploads\/2025\/10\/back-2-scaled.webp\" \/>\n\t<meta property=\"og:image:width\" content=\"2560\" \/>\n\t<meta property=\"og:image:height\" content=\"1280\" \/>\n\t<meta property=\"og:image:type\" content=\"image\/webp\" \/>\n<meta name=\"twitter:card\" content=\"summary_large_image\" \/>\n<meta name=\"twitter:label1\" content=\"Est. tempo de leitura\" \/>\n\t<meta name=\"twitter:data1\" content=\"2 minutos\" \/>\n<script type=\"application\/ld+json\" class=\"yoast-schema-graph\">{\"@context\":\"https:\/\/schema.org\",\"@graph\":[{\"@type\":\"WebPage\",\"@id\":\"https:\/\/www.tfngj.com\/cfs-5-fiber-optic-strippers\/\",\"url\":\"https:\/\/www.tfngj.com\/cfs-5-fiber-optic-strippers\/\",\"name\":\"CFS-5 Fiber Optic Strippers - Communication Test Expert\",\"isPartOf\":{\"@id\":\"https:\/\/www.tfngj.com\/#website\"},\"primaryImageOfPage\":{\"@id\":\"https:\/\/www.tfngj.com\/cfs-5-fiber-optic-strippers\/#primaryimage\"},\"image\":{\"@id\":\"https:\/\/www.tfngj.com\/cfs-5-fiber-optic-strippers\/#primaryimage\"},\"thumbnailUrl\":\"https:\/\/www.tfngj.com\/wp-content\/uploads\/2025\/10\/back-2-scaled.webp\",\"datePublished\":\"2025-10-31T02:06:10+00:00\",\"dateModified\":\"2025-11-07T06:49:04+00:00\",\"breadcrumb\":{\"@id\":\"https:\/\/www.tfngj.com\/cfs-5-fiber-optic-strippers\/#breadcrumb\"},\"inLanguage\":\"pt-BR\",\"potentialAction\":[{\"@type\":\"ReadAction\",\"target\":[\"https:\/\/www.tfngj.com\/cfs-5-fiber-optic-strippers\/\"]}]},{\"@type\":\"ImageObject\",\"inLanguage\":\"pt-BR\",\"@id\":\"https:\/\/www.tfngj.com\/cfs-5-fiber-optic-strippers\/#primaryimage\",\"url\":\"https:\/\/www.tfngj.com\/wp-content\/uploads\/2025\/10\/back-2-scaled.webp\",\"contentUrl\":\"https:\/\/www.tfngj.com\/wp-content\/uploads\/2025\/10\/back-2-scaled.webp\"},{\"@type\":\"BreadcrumbList\",\"@id\":\"https:\/\/www.tfngj.com\/cfs-5-fiber-optic-strippers\/#breadcrumb\",\"itemListElement\":[{\"@type\":\"ListItem\",\"position\":1,\"name\":\"Home\",\"item\":\"https:\/\/www.tfngj.com\/\"},{\"@type\":\"ListItem\",\"position\":2,\"name\":\"CFS-5 Fiber Optic Strippers\"}]},{\"@type\":\"WebSite\",\"@id\":\"https:\/\/www.tfngj.com\/#website\",\"url\":\"https:\/\/www.tfngj.com\/\",\"name\":\"TFN-Communication Test Expert\",\"description\":\"Find Perfect Solutions in TFN\",\"publisher\":{\"@id\":\"https:\/\/www.tfngj.com\/#organization\"},\"alternateName\":\"TFN\",\"potentialAction\":[{\"@type\":\"SearchAction\",\"target\":{\"@type\":\"EntryPoint\",\"urlTemplate\":\"https:\/\/www.tfngj.com\/?s={search_term_string}\"},\"query-input\":{\"@type\":\"PropertyValueSpecification\",\"valueRequired\":true,\"valueName\":\"search_term_string\"}}],\"inLanguage\":\"pt-BR\"},{\"@type\":\"Organization\",\"@id\":\"https:\/\/www.tfngj.com\/#organization\",\"name\":\"TFN\",\"url\":\"https:\/\/www.tfngj.com\/\",\"logo\":{\"@type\":\"ImageObject\",\"inLanguage\":\"pt-BR\",\"@id\":\"https:\/\/www.tfngj.com\/#\/schema\/logo\/image\/\",\"url\":\"https:\/\/www.tfngj.com\/wp-content\/uploads\/2025\/09\/\u9ed1logo.png\",\"contentUrl\":\"https:\/\/www.tfngj.com\/wp-content\/uploads\/2025\/09\/\u9ed1logo.png\",\"width\":939,\"height\":232,\"caption\":\"TFN\"},\"image\":{\"@id\":\"https:\/\/www.tfngj.com\/#\/schema\/logo\/image\/\"},\"sameAs\":[\"https:\/\/www.youtube.com\/@FateTFN\/search\"]}]}<\/script>\n<!-- \/ Yoast SEO plugin. -->","yoast_head_json":{"title":"Strippers de fibra \u00f3ptica CFS-5 - Especialista em testes de comunica\u00e7\u00e3o","robots":{"index":"index","follow":"follow","max-snippet":"max-snippet:-1","max-image-preview":"max-image-preview:large","max-video-preview":"max-video-preview:-1"},"canonical":"https:\/\/www.tfngj.com\/pt\/cfs-5-fiber-optic-strippers\/","og_locale":"pt_BR","og_type":"article","og_title":"CFS-5 Fiber Optic Strippers - Communication Test Expert","og_description":"Highlights Specifications Items\/Models CFS-5 Applicable to 125\u00b5m bare fiber (250\u00b5m coating)600~900\u00b5m tight-fitting soft rubber layer2~3mm pigtail\/jumper jacketNon-metallic reinforcement butterfly cable Material technology high carbon steel blade, surface anti-rust treatment, rubber handle Design certification in line with ergonomic standards Application Scenarios FAQs","og_url":"https:\/\/www.tfngj.com\/pt\/cfs-5-fiber-optic-strippers\/","og_site_name":"Communication Test Expert","article_modified_time":"2025-11-07T06:49:04+00:00","og_image":[{"width":2560,"height":1280,"url":"https:\/\/www.tfngj.com\/wp-content\/uploads\/2025\/10\/back-2-scaled.webp","type":"image\/webp"}],"twitter_card":"summary_large_image","twitter_misc":{"Est. tempo de leitura":"2 minutos"},"schema":{"@context":"https:\/\/schema.org","@graph":[{"@type":"WebPage","@id":"https:\/\/www.tfngj.com\/cfs-5-fiber-optic-strippers\/","url":"https:\/\/www.tfngj.com\/cfs-5-fiber-optic-strippers\/","name":"Strippers de fibra \u00f3ptica CFS-5 - Especialista em testes de comunica\u00e7\u00e3o","isPartOf":{"@id":"https:\/\/www.tfngj.com\/#website"},"primaryImageOfPage":{"@id":"https:\/\/www.tfngj.com\/cfs-5-fiber-optic-strippers\/#primaryimage"},"image":{"@id":"https:\/\/www.tfngj.com\/cfs-5-fiber-optic-strippers\/#primaryimage"},"thumbnailUrl":"https:\/\/www.tfngj.com\/wp-content\/uploads\/2025\/10\/back-2-scaled.webp","datePublished":"2025-10-31T02:06:10+00:00","dateModified":"2025-11-07T06:49:04+00:00","breadcrumb":{"@id":"https:\/\/www.tfngj.com\/cfs-5-fiber-optic-strippers\/#breadcrumb"},"inLanguage":"pt-BR","potentialAction":[{"@type":"ReadAction","target":["https:\/\/www.tfngj.com\/cfs-5-fiber-optic-strippers\/"]}]},{"@type":"ImageObject","inLanguage":"pt-BR","@id":"https:\/\/www.tfngj.com\/cfs-5-fiber-optic-strippers\/#primaryimage","url":"https:\/\/www.tfngj.com\/wp-content\/uploads\/2025\/10\/back-2-scaled.webp","contentUrl":"https:\/\/www.tfngj.com\/wp-content\/uploads\/2025\/10\/back-2-scaled.webp"},{"@type":"BreadcrumbList","@id":"https:\/\/www.tfngj.com\/cfs-5-fiber-optic-strippers\/#breadcrumb","itemListElement":[{"@type":"ListItem","position":1,"name":"Home","item":"https:\/\/www.tfngj.com\/"},{"@type":"ListItem","position":2,"name":"CFS-5 Fiber Optic Strippers"}]},{"@type":"WebSite","@id":"https:\/\/www.tfngj.com\/#website","url":"https:\/\/www.tfngj.com\/","name":"TFN - Especialista em testes de comunica\u00e7\u00e3o","description":"Encontre solu\u00e7\u00f5es perfeitas no TFN","publisher":{"@id":"https:\/\/www.tfngj.com\/#organization"},"alternateName":"TFN","potentialAction":[{"@type":"SearchAction","target":{"@type":"EntryPoint","urlTemplate":"https:\/\/www.tfngj.com\/?s={search_term_string}"},"query-input":{"@type":"PropertyValueSpecification","valueRequired":true,"valueName":"search_term_string"}}],"inLanguage":"pt-BR"},{"@type":"Organization","@id":"https:\/\/www.tfngj.com\/#organization","name":"TFN","url":"https:\/\/www.tfngj.com\/","logo":{"@type":"ImageObject","inLanguage":"pt-BR","@id":"https:\/\/www.tfngj.com\/#\/schema\/logo\/image\/","url":"https:\/\/www.tfngj.com\/wp-content\/uploads\/2025\/09\/\u9ed1logo.png","contentUrl":"https:\/\/www.tfngj.com\/wp-content\/uploads\/2025\/09\/\u9ed1logo.png","width":939,"height":232,"caption":"TFN"},"image":{"@id":"https:\/\/www.tfngj.com\/#\/schema\/logo\/image\/"},"sameAs":["https:\/\/www.youtube.com\/@FateTFN\/search"]}]}},"_links":{"self":[{"href":"https:\/\/www.tfngj.com\/pt\/wp-json\/wp\/v2\/pages\/4105","targetHints":{"allow":["GET"]}}],"collection":[{"href":"https:\/\/www.tfngj.com\/pt\/wp-json\/wp\/v2\/pages"}],"about":[{"href":"https:\/\/www.tfngj.com\/pt\/wp-json\/wp\/v2\/types\/page"}],"author":[{"embeddable":true,"href":"https:\/\/www.tfngj.com\/pt\/wp-json\/wp\/v2\/users\/1"}],"replies":[{"embeddable":true,"href":"https:\/\/www.tfngj.com\/pt\/wp-json\/wp\/v2\/comments?post=4105"}],"version-history":[{"count":9,"href":"https:\/\/www.tfngj.com\/pt\/wp-json\/wp\/v2\/pages\/4105\/revisions"}],"predecessor-version":[{"id":4460,"href":"https:\/\/www.tfngj.com\/pt\/wp-json\/wp\/v2\/pages\/4105\/revisions\/4460"}],"wp:attachment":[{"href":"https:\/\/www.tfngj.com\/pt\/wp-json\/wp\/v2\/media?parent=4105"}],"curies":[{"name":"wp","href":"https:\/\/api.w.org\/{rel}","templated":true}]}}