{"id":4097,"date":"2025-10-29T17:00:28","date_gmt":"2025-10-29T09:00:28","guid":{"rendered":"https:\/\/ceshi.tfngw.com\/?page_id=4097"},"modified":"2025-11-21T17:05:43","modified_gmt":"2025-11-21T09:05:43","slug":"mpx3-fiber-end-face-microscope","status":"publish","type":"page","link":"https:\/\/www.tfngj.com\/pt\/fiber-optic-testers\/mpx3-fiber-end-face-microscope\/","title":{"rendered":"Microsc\u00f3pio de face final de fibra MPX3"},"content":{"rendered":"<div class=\"wp-block-cover alignfull is-light wp-duotone-unset-1\" style=\"border-radius:0px;margin-top:0;margin-bottom:0;padding-top:0;padding-bottom:0;font-size:clamp(3.615rem, 3.615rem + ((1vw - 0.2rem) * 4.856), 7.5rem);min-height:468px;aspect-ratio:unset;\"><img loading=\"lazy\" decoding=\"async\" width=\"2560\" height=\"1280\" class=\"wp-block-cover__image-background wp-image-2550 size-full\" alt=\"\" src=\"https:\/\/www.tfngj.com\/wp-content\/uploads\/2025\/10\/back-2-scaled.webp\" data-object-fit=\"cover\" srcset=\"https:\/\/www.tfngj.com\/wp-content\/uploads\/2025\/10\/back-2-scaled.webp 2560w, https:\/\/www.tfngj.com\/wp-content\/uploads\/2025\/10\/back-2-300x150.webp 300w, https:\/\/www.tfngj.com\/wp-content\/uploads\/2025\/10\/back-2-1024x512.webp 1024w, https:\/\/www.tfngj.com\/wp-content\/uploads\/2025\/10\/back-2-768x384.webp 768w, https:\/\/www.tfngj.com\/wp-content\/uploads\/2025\/10\/back-2-1536x768.webp 1536w, https:\/\/www.tfngj.com\/wp-content\/uploads\/2025\/10\/back-2-2048x1024.webp 2048w, https:\/\/www.tfngj.com\/wp-content\/uploads\/2025\/10\/back-2-18x9.webp 18w, https:\/\/www.tfngj.com\/wp-content\/uploads\/2025\/10\/back-2-600x300.webp 600w\" sizes=\"auto, (max-width: 2560px) 100vw, 2560px\" \/><span aria-hidden=\"true\" class=\"wp-block-cover__background has-background-dim-30 has-background-dim\" style=\"background-color:#359aca\"><\/span><div class=\"wp-block-cover__inner-container has-global-padding is-layout-constrained wp-container-core-cover-is-layout-ad1af2a0 wp-block-cover-is-layout-constrained\"><h1 class=\"wp-block-heading alignfull has-text-align-center has-neutral-0-color has-text-color has-link-color has-5-x-large-font-size wp-elements-ea60e57f3e4e7c5d1213c829b550625f\" style=\"margin-right:0;margin-left:0;text-transform:capitalize\" id=\"mpx3-fiber-endface-microscope\">Microsc\u00f3pio de face final de fibra MPX3<\/h1>\n\n\n\n<p class=\"has-text-align-center has-neutral-0-color has-text-color has-link-color has-large-font-size wp-elements-b518d8ab3112dddb2abbbf7dd4f05991\" style=\"margin-top:var(--wp--preset--spacing--x-small)\">Um detector port\u00e1til de extremidade de fibra inspeciona a limpeza da extremidade e os danos dos conectores de fibra \u00f3ptica, combinando amplia\u00e7\u00e3o de alta defini\u00e7\u00e3o de 400x com grava\u00e7\u00e3o e reprodu\u00e7\u00e3o em tempo real<\/p>\n<\/div><\/div>\n\n\n\n<div class=\"wp-block-group alignfull has-global-padding is-content-justification-center is-layout-constrained wp-container-core-group-is-layout-df757ecc wp-block-group-is-layout-constrained\" style=\"margin-top:0;margin-bottom:0;padding-top:calc( 0.5 * var(--wp--style--root--padding-right, var(--wp--custom--gap--horizontal)));padding-right:var(--wp--style--root--padding-right, var(--wp--custom--gap--horizontal));padding-bottom:calc( 0.5 * var(--wp--style--root--padding-right, var(--wp--custom--gap--horizontal)));padding-left:var(--wp--style--root--padding-left, var(--wp--custom--gap--horizontal))\">\n<div style=\"height:0px\" aria-hidden=\"true\" class=\"wp-block-spacer\"><\/div>\n\n\n\n<div style=\"height:calc( 0.25 * var(--wp--style--root--padding-right, var(--wp--custom--gap--horizontal)))\" aria-hidden=\"true\" class=\"wp-block-spacer\"><\/div>\n<\/div>\n\n\n\n<div class=\"wp-block-group alignwide is-nowrap is-layout-flex wp-container-core-group-is-layout-6c531013 wp-block-group-is-layout-flex\"><div class=\"yoast-breadcrumbs\"><span><span><a href=\"https:\/\/www.tfngj.com\/pt\/\">In\u00edcio<\/a><\/span> &gt; <span><a href=\"https:\/\/www.tfngj.com\/pt\/fiber-optic-testers\/\">Testadores de fibra \u00f3ptica<\/a><\/span> &gt; <span class=\"breadcrumb_last\" aria-current=\"page\">Microsc\u00f3pio de face final de fibra MPX3<\/span><\/span><\/div><\/div>\n\n\n\n<div class=\"wp-block-columns alignwide are-vertically-aligned-center is-layout-flex wp-container-core-columns-is-layout-2f36bde4 wp-block-columns-is-layout-flex\" style=\"margin-top:var(--wp--preset--spacing--x-large);margin-bottom:var(--wp--preset--spacing--medium)\">\n<div class=\"wp-block-column is-vertically-aligned-center is-layout-flow wp-block-column-is-layout-flow\" style=\"flex-basis:33.33%\"><h2 class=\"wp-block-heading has-5-x-large-font-size\" id=\"highlights\"><mark style=\"background-color:rgba(0, 0, 0, 0);color:#2588cc\" class=\"has-inline-color\">Destaques<\/mark><\/h2>\n\n\n\n<figure class=\"wp-block-image aligncenter size-full\" style=\"margin-right:0;margin-left:0;padding-right:0;padding-left:0\"><img loading=\"lazy\" decoding=\"async\" width=\"800\" height=\"800\" src=\"https:\/\/www.tfngj.com\/wp-content\/uploads\/2025\/10\/MPX3.webp\" alt=\"Microsc\u00f3pio de face final de fibra\" class=\"wp-image-4098\" srcset=\"https:\/\/www.tfngj.com\/wp-content\/uploads\/2025\/10\/MPX3.webp 800w, https:\/\/www.tfngj.com\/wp-content\/uploads\/2025\/10\/MPX3-300x300.webp 300w, https:\/\/www.tfngj.com\/wp-content\/uploads\/2025\/10\/MPX3-150x150.webp 150w, https:\/\/www.tfngj.com\/wp-content\/uploads\/2025\/10\/MPX3-768x768.webp 768w, https:\/\/www.tfngj.com\/wp-content\/uploads\/2025\/10\/MPX3-12x12.webp 12w, https:\/\/www.tfngj.com\/wp-content\/uploads\/2025\/10\/MPX3-600x600.webp 600w, https:\/\/www.tfngj.com\/wp-content\/uploads\/2025\/10\/MPX3-100x100.webp 100w\" sizes=\"auto, (max-width: 800px) 100vw, 800px\" \/><\/figure>\n<\/div>\n\n\n\n<div class=\"wp-block-column is-vertically-aligned-center is-layout-flow wp-container-core-column-is-layout-c7b3064f wp-block-column-is-layout-flow\" style=\"flex-basis:66.66%\"><ul style=\"margin-right:0;--plover--style--block-gap:var(--wp--preset--spacing--2-x-small);\" class=\"wp-block-list is-style-check-circle\">\n<li>Oferece amplia\u00e7\u00e3o de 400x para observar claramente arranh\u00f5es, manchas e defeitos em n\u00edvel de m\u00edcron na extremidade da fibra \u00f3ptica<\/li>\n\n\n\n<li>Oferece suporte \u00e0 grava\u00e7\u00e3o de v\u00eddeo em tempo real do processo de inspe\u00e7\u00e3o e expande o armazenamento por meio de um cart\u00e3o TF (padr\u00e3o de 8 GB), facilitando a grava\u00e7\u00e3o, a reprodu\u00e7\u00e3o e a an\u00e1lise, bem como a rastreabilidade da qualidade e a gera\u00e7\u00e3o de relat\u00f3rios<\/li>\n\n\n\n<li>Compatibilidade total de interface: adapta-se de forma inteligente a v\u00e1rios tipos de conectores de fibra \u00f3ptica convencionais, como SC, FC, LC, ST, etc., e \u00e9 universalmente compat\u00edvel com um dispositivo<\/li>\n\n\n\n<li>Uma bateria de l\u00edtio integrada de grande capacidade suporta at\u00e9 20 horas de espera cont\u00ednua, atendendo \u00e0s necessidades de opera\u00e7\u00f5es de campo em qualquer condi\u00e7\u00e3o clim\u00e1tica<\/li>\n\n\n\n<li>Opera\u00e7\u00e3o intuitiva e f\u00e1cil de usar: Equipado com uma tela LCD de 3,5 polegadas e uma interface simples, ele est\u00e1 pronto para ser usado sem a necessidade de treinamento complexo<\/li>\n<\/ul>\n\n\n\n<div class=\"wp-block-buttons is-content-justification-center is-layout-flex wp-container-core-buttons-is-layout-a89b3969 wp-block-buttons-is-layout-flex\">\n<div class=\"wp-block-button\"><a class=\"wp-block-button__link wp-element-button\" href=\"https:\/\/www.tfngj.com\/pt\/contact-us\/\">Solicite uma cota\u00e7\u00e3o<\/a><\/div>\n<\/div>\n<\/div>\n<\/div>\n\n\n\n<div class=\"wp-block-columns alignwide is-layout-flex wp-container-core-columns-is-layout-28f84493 wp-block-columns-is-layout-flex\">\n<div class=\"wp-block-column is-layout-flow wp-block-column-is-layout-flow\">\n<figure class=\"wp-block-image aligncenter size-large is-resized\"><img decoding=\"async\" src=\"https:\/\/www.tfngj.com\/wp-content\/uploads\/2025\/11\/mpx3-1.webp\" alt=\"Microsc\u00f3pio de fibra\" style=\"width:429px;height:auto\"\/><\/figure>\n<\/div>\n\n\n\n<div class=\"wp-block-column is-layout-flow wp-block-column-is-layout-flow\">\n<figure class=\"wp-block-image aligncenter size-large is-resized\"><img decoding=\"async\" src=\"https:\/\/www.tfngj.com\/wp-content\/uploads\/2025\/11\/mpx3-2.webp\" alt=\"Microsc\u00f3pio de fibra\" style=\"width:430px;height:auto\"\/><\/figure>\n<\/div>\n<\/div>\n\n\n<h2 class=\"wp-block-heading alignwide has-text-align-left\" style=\"margin-top:var(--wp--preset--spacing--large);padding-left:0rem;font-size:clamp(1.743rem, 1.743rem + ((1vw - 0.2rem) * 1.571), 3rem);\" id=\"specifications\"><mark style=\"background-color:rgba(0, 0, 0, 0);color:#2588cc\" class=\"has-inline-color\">Especifica\u00e7\u00f5es<\/mark><\/h2>\n\n\n\n<figure class=\"wp-block-table is-style-stripes\"><table class=\"has-background\" style=\"background-color:#90caf191\"><tbody><tr><td>Itens\/Modelos<\/td><td>MPX3<\/td><\/tr><tr><td>Amplia\u00e7\u00e3o<\/td><td>400 X<\/td><\/tr><tr><td>Faixa de detec\u00e7\u00e3o (\u00b5m)<\/td><td>235 (W) \u00d7 95 (D)<\/td><\/tr><tr><td>Pixel<\/td><td>307,200<\/td><\/tr><tr><td>Tela LCD<\/td><td>3,5 polegadas, resolu\u00e7\u00e3o de 960 \u00d7 240<\/td><\/tr><tr><td>M\u00eddia de armazenamento<\/td><td>8 GB integrado, compat\u00edvel com expans\u00e3o de cart\u00e3o TF<\/td><\/tr><tr><td>Interfaces suportadas<\/td><td>SC, FC, LC, ST e outras interfaces comuns<\/td><\/tr><tr><td>Bateria<\/td><td>Bateria de l\u00edtio de 4000mAh<\/td><\/tr><tr><td>Peso<\/td><td>Cerca de 0,085 kg<\/td><\/tr><\/tbody><\/table><\/figure>\n\n\n\n<div class=\"wp-block-buttons is-layout-flex wp-block-buttons-is-layout-flex\">\n<div class=\"wp-block-button is-style-ghost\"><a class=\"wp-block-button__link wp-element-button\" href=\"https:\/\/www.tfngj.com\/wp-content\/uploads\/2025\/pdf\/MPX3-Fiber-Microscope.pdf\">Download do manual do MPX3<\/a><\/div>\n<\/div>\n\n\n\n<div class=\"wp-block-columns alignwide are-vertically-aligned-center is-layout-flex wp-container-core-columns-is-layout-b9f7452e wp-block-columns-is-layout-flex\" style=\"margin-top:var(--wp--preset--spacing--x-large)\">\n<div class=\"wp-block-column is-vertically-aligned-center is-layout-flow wp-block-column-is-layout-flow\" style=\"flex-basis:44%\">\n<figure class=\"wp-block-image size-large\"><img loading=\"lazy\" decoding=\"async\" width=\"1024\" height=\"682\" src=\"https:\/\/www.tfngj.com\/wp-content\/uploads\/2025\/10\/pexels-onbab-7359568-1024x682.jpg\" alt=\"\" class=\"wp-image-2974\" srcset=\"https:\/\/www.tfngj.com\/wp-content\/uploads\/2025\/10\/pexels-onbab-7359568-1024x682.jpg 1024w, https:\/\/www.tfngj.com\/wp-content\/uploads\/2025\/10\/pexels-onbab-7359568-300x200.jpg 300w, https:\/\/www.tfngj.com\/wp-content\/uploads\/2025\/10\/pexels-onbab-7359568-768x512.jpg 768w, https:\/\/www.tfngj.com\/wp-content\/uploads\/2025\/10\/pexels-onbab-7359568-18x12.jpg 18w, https:\/\/www.tfngj.com\/wp-content\/uploads\/2025\/10\/pexels-onbab-7359568-600x400.jpg 600w, https:\/\/www.tfngj.com\/wp-content\/uploads\/2025\/10\/pexels-onbab-7359568.jpg 1280w\" sizes=\"auto, (max-width: 1024px) 100vw, 1024px\" \/><\/figure>\n<\/div>\n\n\n\n<div class=\"wp-block-column is-vertically-aligned-center is-layout-flow wp-block-column-is-layout-flow\" style=\"flex-basis:56%\"><h2 class=\"wp-block-heading has-2-x-large-font-size\" id=\"application-scenarios\">Cen\u00e1rios de aplicativos<\/h2>\n\n\n<ul class=\"wp-block-list\" style=\"\">\n<li>Centro de dados: Antes de conectar os jumpers do servidor e do switch, fa\u00e7a uma inspe\u00e7\u00e3o de qualidade da extremidade.<\/li>\n\n\n\n<li>Instala\u00e7\u00e3o e manuten\u00e7\u00e3o de FTTH (Fiber-to-the-home): garanta conex\u00f5es de fibra limpas na extremidade do usu\u00e1rio para garantir a qualidade do sinal na resid\u00eancia.<\/li>\n\n\n\n<li>Opera\u00e7\u00e3o e manuten\u00e7\u00e3o de redes de telecomunica\u00e7\u00f5es: inspe\u00e7\u00e3o regular e solu\u00e7\u00e3o de problemas de esta\u00e7\u00f5es de base e links de fibra \u00f3ptica de troncos.<\/li>\n\n\n\n<li>Rede de transmiss\u00e3o e televis\u00e3o: verifique a qualidade dos pontos de conex\u00e3o nos links de transmiss\u00e3o de fibra \u00f3ptica da TV a cabo.<\/li>\n\n\n\n<li>Sistemas de seguran\u00e7a e controle industrial: Garanta a confiabilidade da conex\u00e3o de redes de fibra \u00f3ptica de miss\u00e3o cr\u00edtica.<\/li>\n<\/ul>\n<\/div>\n<\/div>\n\n\n\n<div style=\"height:68px\" aria-hidden=\"true\" class=\"wp-block-spacer\"><\/div>\n\n\n<h2 class=\"wp-block-heading has-text-align-center\" id=\"faqs\"><mark style=\"background-color:rgba(0, 0, 0, 0);color:#2588cc\" class=\"has-inline-color\">Perguntas frequentes<\/mark><\/h2>\n\n\n\n<details class=\"wp-block-details has-border-color is-layout-flow wp-block-details-is-layout-flow\" style=\"border-color:#4083ca;border-width:2px;line-height:1.8\" open><summary>Que op\u00e7\u00f5es de log\u00edstica voc\u00eas oferecem?<\/summary>\n<p>Fornecemos solu\u00e7\u00f5es de log\u00edstica otimizadas com base na urg\u00eancia de seu pedido, no tamanho, no peso e em sua localiza\u00e7\u00e3o:<\/p>\n\n\n\n<p>Expresso internacional: Adequado para amostras, pedidos urgentes e pequenas remessas com peso inferior a 1,5 kg. Temos parceria com os principais fornecedores de log\u00edstica, como DHL, FedEx e UPS, oferecendo rastreamento porta a porta.<\/p>\n\n\n\n<p>Frete a\u00e9reo: Adequado para pedidos de m\u00e9dio a grande porte ou equipamentos completos sens\u00edveis ao tempo, oferecendo um equil\u00edbrio eficaz entre custo e velocidade.<\/p>\n\n\n\n<p>Frete mar\u00edtimo: Adequado para pedidos de grande volume e o m\u00e9todo de envio mais econ\u00f4mico. Oferecemos FOB, C&amp;F e CIF.<\/p>\n<\/details>\n\n\n\n<details class=\"wp-block-details has-border-color is-layout-flow wp-block-details-is-layout-flow\" style=\"border-color:#4083ca;border-width:2px\"><summary>Qual \u00e9 o tempo de espera?<\/summary>\n<p>Para nossos produtos padr\u00e3o, se houver em estoque e prontos para envio, o prazo de entrega \u00e9 de cerca de 7 a 10 dias. Para nossos produtos opcionais, o prazo de entrega \u00e9 de cerca de 25 a 30 dias.<\/p>\n<\/details>\n\n\n\n<details class=\"wp-block-details has-border-color is-layout-flow wp-block-details-is-layout-flow\" style=\"border-color:#4083ca;border-width:2px\"><summary>Qual \u00e9 o per\u00edodo de garantia do produto?<\/summary>\n<p>Estamos confiantes na qualidade e na confiabilidade de nossos produtos.<\/p>\n\n\n\n<p>Oferecemos uma garantia padr\u00e3o de 12 meses para todos os instrumentos, a partir da data de chegada ao porto de destino.<\/p>\n\n\n\n<p>Garantias estendidas tamb\u00e9m est\u00e3o dispon\u00edveis; entre em contato com nossa equipe de vendas para obter detalhes.<\/p>\n<\/details>\n\n\n\n<div style=\"height:59px\" aria-hidden=\"true\" class=\"wp-block-spacer\"><\/div>","protected":false},"excerpt":{"rendered":"<p>Destaques Especifica\u00e7\u00f5es Itens\/Modelos MPX3 Amplia\u00e7\u00e3o 400 X Faixa de detec\u00e7\u00e3o (\u00b5m) 235 (L) \u00d7 95 (P) Pixel 307.200 Tela LCD de 3,5 polegadas, resolu\u00e7\u00e3o de 960 \u00d7 240 M\u00eddia de armazenamento 8 GB integrada, compat\u00edvel com expans\u00e3o de cart\u00e3o TF Interfaces compat\u00edveis SC, FC, LC, ST e outras interfaces comuns Bateria Bateria de l\u00edtio de 4000 mAh Peso Cerca de 0,085 kg Cen\u00e1rios de aplica\u00e7\u00e3o Perguntas frequentes<\/p>","protected":false},"author":1,"featured_media":0,"parent":4225,"menu_order":0,"comment_status":"closed","ping_status":"closed","template":"","meta":{"footnotes":""},"class_list":["post-4097","page","type-page","status-publish","hentry"],"yoast_head":"<!-- This site is optimized with the Yoast SEO plugin v26.6 - https:\/\/yoast.com\/wordpress\/plugins\/seo\/ -->\n<title>MPX3 Fiber End-face Microscope - Communication Test Expert<\/title>\n<meta name=\"robots\" content=\"index, follow, max-snippet:-1, max-image-preview:large, max-video-preview:-1\" \/>\n<link rel=\"canonical\" href=\"https:\/\/www.tfngj.com\/pt\/fiber-optic-testers\/mpx3-fiber-end-face-microscope\/\" \/>\n<meta property=\"og:locale\" content=\"pt_BR\" \/>\n<meta property=\"og:type\" content=\"article\" \/>\n<meta property=\"og:title\" content=\"MPX3 Fiber End-face Microscope - Communication Test Expert\" \/>\n<meta property=\"og:description\" content=\"Highlights Specifications Items\/Models MPX3 Magnification 400 X Detection range (\u00b5m) 235 (W) \u00d7 95 (D) Pixel 307,200 LCD screen 3.5 inches, 960 \u00d7 240 resolution Storage media Built-in 8GB, supports TF card expansion Supported interfaces SC, FC, LC, ST and other common interfaces Battery 4000mAh lithium battery Weight About 0.085 kg Application Scenarios FAQs\" \/>\n<meta property=\"og:url\" content=\"https:\/\/www.tfngj.com\/pt\/fiber-optic-testers\/mpx3-fiber-end-face-microscope\/\" \/>\n<meta property=\"og:site_name\" content=\"Communication Test Expert\" \/>\n<meta property=\"article:modified_time\" content=\"2025-11-21T09:05:43+00:00\" \/>\n<meta property=\"og:image\" content=\"https:\/\/www.tfngj.com\/wp-content\/uploads\/2025\/10\/back-2-scaled.webp\" \/>\n\t<meta property=\"og:image:width\" content=\"2560\" \/>\n\t<meta property=\"og:image:height\" content=\"1280\" \/>\n\t<meta property=\"og:image:type\" content=\"image\/webp\" \/>\n<meta name=\"twitter:card\" content=\"summary_large_image\" \/>\n<meta name=\"twitter:label1\" content=\"Est. tempo de leitura\" \/>\n\t<meta name=\"twitter:data1\" content=\"4 minutos\" \/>\n<script type=\"application\/ld+json\" class=\"yoast-schema-graph\">{\"@context\":\"https:\/\/schema.org\",\"@graph\":[{\"@type\":\"WebPage\",\"@id\":\"https:\/\/www.tfngj.com\/fiber-optic-testers\/mpx3-fiber-end-face-microscope\/\",\"url\":\"https:\/\/www.tfngj.com\/fiber-optic-testers\/mpx3-fiber-end-face-microscope\/\",\"name\":\"MPX3 Fiber End-face Microscope - Communication Test Expert\",\"isPartOf\":{\"@id\":\"https:\/\/www.tfngj.com\/#website\"},\"primaryImageOfPage\":{\"@id\":\"https:\/\/www.tfngj.com\/fiber-optic-testers\/mpx3-fiber-end-face-microscope\/#primaryimage\"},\"image\":{\"@id\":\"https:\/\/www.tfngj.com\/fiber-optic-testers\/mpx3-fiber-end-face-microscope\/#primaryimage\"},\"thumbnailUrl\":\"https:\/\/www.tfngj.com\/wp-content\/uploads\/2025\/10\/back-2-scaled.webp\",\"datePublished\":\"2025-10-29T09:00:28+00:00\",\"dateModified\":\"2025-11-21T09:05:43+00:00\",\"breadcrumb\":{\"@id\":\"https:\/\/www.tfngj.com\/fiber-optic-testers\/mpx3-fiber-end-face-microscope\/#breadcrumb\"},\"inLanguage\":\"pt-BR\",\"potentialAction\":[{\"@type\":\"ReadAction\",\"target\":[\"https:\/\/www.tfngj.com\/fiber-optic-testers\/mpx3-fiber-end-face-microscope\/\"]}]},{\"@type\":\"ImageObject\",\"inLanguage\":\"pt-BR\",\"@id\":\"https:\/\/www.tfngj.com\/fiber-optic-testers\/mpx3-fiber-end-face-microscope\/#primaryimage\",\"url\":\"https:\/\/www.tfngj.com\/wp-content\/uploads\/2025\/10\/back-2-scaled.webp\",\"contentUrl\":\"https:\/\/www.tfngj.com\/wp-content\/uploads\/2025\/10\/back-2-scaled.webp\"},{\"@type\":\"BreadcrumbList\",\"@id\":\"https:\/\/www.tfngj.com\/fiber-optic-testers\/mpx3-fiber-end-face-microscope\/#breadcrumb\",\"itemListElement\":[{\"@type\":\"ListItem\",\"position\":1,\"name\":\"Home\",\"item\":\"https:\/\/www.tfngj.com\/\"},{\"@type\":\"ListItem\",\"position\":2,\"name\":\"Fiber Optic Testers\",\"item\":\"https:\/\/www.tfngj.com\/fiber-optic-testers\/\"},{\"@type\":\"ListItem\",\"position\":3,\"name\":\"MPX3 Fiber End-face Microscope\"}]},{\"@type\":\"WebSite\",\"@id\":\"https:\/\/www.tfngj.com\/#website\",\"url\":\"https:\/\/www.tfngj.com\/\",\"name\":\"TFN-Communication Test Expert\",\"description\":\"Find Perfect Solutions in TFN\",\"publisher\":{\"@id\":\"https:\/\/www.tfngj.com\/#organization\"},\"alternateName\":\"TFN\",\"potentialAction\":[{\"@type\":\"SearchAction\",\"target\":{\"@type\":\"EntryPoint\",\"urlTemplate\":\"https:\/\/www.tfngj.com\/?s={search_term_string}\"},\"query-input\":{\"@type\":\"PropertyValueSpecification\",\"valueRequired\":true,\"valueName\":\"search_term_string\"}}],\"inLanguage\":\"pt-BR\"},{\"@type\":\"Organization\",\"@id\":\"https:\/\/www.tfngj.com\/#organization\",\"name\":\"TFN\",\"url\":\"https:\/\/www.tfngj.com\/\",\"logo\":{\"@type\":\"ImageObject\",\"inLanguage\":\"pt-BR\",\"@id\":\"https:\/\/www.tfngj.com\/#\/schema\/logo\/image\/\",\"url\":\"https:\/\/www.tfngj.com\/wp-content\/uploads\/2025\/09\/\u9ed1logo.png\",\"contentUrl\":\"https:\/\/www.tfngj.com\/wp-content\/uploads\/2025\/09\/\u9ed1logo.png\",\"width\":939,\"height\":232,\"caption\":\"TFN\"},\"image\":{\"@id\":\"https:\/\/www.tfngj.com\/#\/schema\/logo\/image\/\"},\"sameAs\":[\"https:\/\/www.youtube.com\/@FateTFN\/search\"]}]}<\/script>\n<!-- \/ Yoast SEO plugin. -->","yoast_head_json":{"title":"MPX3 Fiber End-face Microscope - Especialista em testes de comunica\u00e7\u00e3o","robots":{"index":"index","follow":"follow","max-snippet":"max-snippet:-1","max-image-preview":"max-image-preview:large","max-video-preview":"max-video-preview:-1"},"canonical":"https:\/\/www.tfngj.com\/pt\/fiber-optic-testers\/mpx3-fiber-end-face-microscope\/","og_locale":"pt_BR","og_type":"article","og_title":"MPX3 Fiber End-face Microscope - Communication Test Expert","og_description":"Highlights Specifications Items\/Models MPX3 Magnification 400 X Detection range (\u00b5m) 235 (W) \u00d7 95 (D) Pixel 307,200 LCD screen 3.5 inches, 960 \u00d7 240 resolution Storage media Built-in 8GB, supports TF card expansion Supported interfaces SC, FC, LC, ST and other common interfaces Battery 4000mAh lithium battery Weight About 0.085 kg Application Scenarios FAQs","og_url":"https:\/\/www.tfngj.com\/pt\/fiber-optic-testers\/mpx3-fiber-end-face-microscope\/","og_site_name":"Communication Test Expert","article_modified_time":"2025-11-21T09:05:43+00:00","og_image":[{"width":2560,"height":1280,"url":"https:\/\/www.tfngj.com\/wp-content\/uploads\/2025\/10\/back-2-scaled.webp","type":"image\/webp"}],"twitter_card":"summary_large_image","twitter_misc":{"Est. tempo de leitura":"4 minutos"},"schema":{"@context":"https:\/\/schema.org","@graph":[{"@type":"WebPage","@id":"https:\/\/www.tfngj.com\/fiber-optic-testers\/mpx3-fiber-end-face-microscope\/","url":"https:\/\/www.tfngj.com\/fiber-optic-testers\/mpx3-fiber-end-face-microscope\/","name":"MPX3 Fiber End-face Microscope - Especialista em testes de comunica\u00e7\u00e3o","isPartOf":{"@id":"https:\/\/www.tfngj.com\/#website"},"primaryImageOfPage":{"@id":"https:\/\/www.tfngj.com\/fiber-optic-testers\/mpx3-fiber-end-face-microscope\/#primaryimage"},"image":{"@id":"https:\/\/www.tfngj.com\/fiber-optic-testers\/mpx3-fiber-end-face-microscope\/#primaryimage"},"thumbnailUrl":"https:\/\/www.tfngj.com\/wp-content\/uploads\/2025\/10\/back-2-scaled.webp","datePublished":"2025-10-29T09:00:28+00:00","dateModified":"2025-11-21T09:05:43+00:00","breadcrumb":{"@id":"https:\/\/www.tfngj.com\/fiber-optic-testers\/mpx3-fiber-end-face-microscope\/#breadcrumb"},"inLanguage":"pt-BR","potentialAction":[{"@type":"ReadAction","target":["https:\/\/www.tfngj.com\/fiber-optic-testers\/mpx3-fiber-end-face-microscope\/"]}]},{"@type":"ImageObject","inLanguage":"pt-BR","@id":"https:\/\/www.tfngj.com\/fiber-optic-testers\/mpx3-fiber-end-face-microscope\/#primaryimage","url":"https:\/\/www.tfngj.com\/wp-content\/uploads\/2025\/10\/back-2-scaled.webp","contentUrl":"https:\/\/www.tfngj.com\/wp-content\/uploads\/2025\/10\/back-2-scaled.webp"},{"@type":"BreadcrumbList","@id":"https:\/\/www.tfngj.com\/fiber-optic-testers\/mpx3-fiber-end-face-microscope\/#breadcrumb","itemListElement":[{"@type":"ListItem","position":1,"name":"Home","item":"https:\/\/www.tfngj.com\/"},{"@type":"ListItem","position":2,"name":"Fiber Optic Testers","item":"https:\/\/www.tfngj.com\/fiber-optic-testers\/"},{"@type":"ListItem","position":3,"name":"MPX3 Fiber End-face Microscope"}]},{"@type":"WebSite","@id":"https:\/\/www.tfngj.com\/#website","url":"https:\/\/www.tfngj.com\/","name":"TFN - Especialista em testes de comunica\u00e7\u00e3o","description":"Encontre solu\u00e7\u00f5es perfeitas no TFN","publisher":{"@id":"https:\/\/www.tfngj.com\/#organization"},"alternateName":"TFN","potentialAction":[{"@type":"SearchAction","target":{"@type":"EntryPoint","urlTemplate":"https:\/\/www.tfngj.com\/?s={search_term_string}"},"query-input":{"@type":"PropertyValueSpecification","valueRequired":true,"valueName":"search_term_string"}}],"inLanguage":"pt-BR"},{"@type":"Organization","@id":"https:\/\/www.tfngj.com\/#organization","name":"TFN","url":"https:\/\/www.tfngj.com\/","logo":{"@type":"ImageObject","inLanguage":"pt-BR","@id":"https:\/\/www.tfngj.com\/#\/schema\/logo\/image\/","url":"https:\/\/www.tfngj.com\/wp-content\/uploads\/2025\/09\/\u9ed1logo.png","contentUrl":"https:\/\/www.tfngj.com\/wp-content\/uploads\/2025\/09\/\u9ed1logo.png","width":939,"height":232,"caption":"TFN"},"image":{"@id":"https:\/\/www.tfngj.com\/#\/schema\/logo\/image\/"},"sameAs":["https:\/\/www.youtube.com\/@FateTFN\/search"]}]}},"_links":{"self":[{"href":"https:\/\/www.tfngj.com\/pt\/wp-json\/wp\/v2\/pages\/4097","targetHints":{"allow":["GET"]}}],"collection":[{"href":"https:\/\/www.tfngj.com\/pt\/wp-json\/wp\/v2\/pages"}],"about":[{"href":"https:\/\/www.tfngj.com\/pt\/wp-json\/wp\/v2\/types\/page"}],"author":[{"embeddable":true,"href":"https:\/\/www.tfngj.com\/pt\/wp-json\/wp\/v2\/users\/1"}],"replies":[{"embeddable":true,"href":"https:\/\/www.tfngj.com\/pt\/wp-json\/wp\/v2\/comments?post=4097"}],"version-history":[{"count":10,"href":"https:\/\/www.tfngj.com\/pt\/wp-json\/wp\/v2\/pages\/4097\/revisions"}],"predecessor-version":[{"id":4763,"href":"https:\/\/www.tfngj.com\/pt\/wp-json\/wp\/v2\/pages\/4097\/revisions\/4763"}],"up":[{"embeddable":true,"href":"https:\/\/www.tfngj.com\/pt\/wp-json\/wp\/v2\/pages\/4225"}],"wp:attachment":[{"href":"https:\/\/www.tfngj.com\/pt\/wp-json\/wp\/v2\/media?parent=4097"}],"curies":[{"name":"wp","href":"https:\/\/api.w.org\/{rel}","templated":true}]}}