{"id":3,"date":"2025-08-29T13:58:08","date_gmt":"2025-08-29T05:58:08","guid":{"rendered":"https:\/\/ceshi.tfngw.com\/?page_id=3"},"modified":"2025-11-05T10:28:12","modified_gmt":"2025-11-05T02:28:12","slug":"privacy-policy","status":"publish","type":"page","link":"https:\/\/www.tfngj.com\/pt\/privacy-policy\/","title":{"rendered":"Pol\u00edtica de privacidade"},"content":{"rendered":"<h1 class=\"wp-block-heading has-5-x-large-font-size\" style=\"margin-top:var(--wp--preset--spacing--x-large)\" id=\"privacy-policy\">Pol\u00edtica de privacidade<\/h1>\n\n\n\n<p>Em caso de altera\u00e7\u00f5es significativas nesta pol\u00edtica, publicaremos a vers\u00e3o atualizada nesta p\u00e1gina e poderemos solicitar seu consentimento quando necess\u00e1rio.<\/p>\n\n\n<h2 class=\"wp-block-heading has-4-x-large-font-size\" id=\"1-definitions-and-scope\">1. Defini\u00e7\u00f5es e escopo<\/h2>\n\n\n\n<p style=\"line-height:1.8\">1.1 \u201cDados pessoais\u201d referem-se a qualquer informa\u00e7\u00e3o relacionada a um indiv\u00edduo identificado ou identific\u00e1vel, incluindo informa\u00e7\u00f5es que podem ser combinadas com outras informa\u00e7\u00f5es para identificar uma pessoa.<br>1.2 \u201cProcessamento\u201d refere-se a qualquer opera\u00e7\u00e3o ou conjunto de opera\u00e7\u00f5es realizadas em dados pessoais, incluindo coleta, armazenamento, uso, modifica\u00e7\u00e3o, transmiss\u00e3o, fornecimento, divulga\u00e7\u00e3o e exclus\u00e3o.<br>1.3 Esta pol\u00edtica se aplica aos dados pessoais que coletamos, usamos, armazenamos e transferimos quando voc\u00ea acessa ou interage com nosso site <a href=\"https:\/\/www.tfngj.com\/pt\/?utm_source=chatgpt.com\">https:\/\/www.tfngj.com<\/a> (o \u201cSite\u201d).<br>1.4 Esta pol\u00edtica tamb\u00e9m se aplica aos dados pessoais fornecidos quando voc\u00ea usa outros servi\u00e7os no site (por exemplo, envio de formul\u00e1rios, solicita\u00e7\u00e3o de informa\u00e7\u00f5es, assinatura de boletins informativos).<\/p>\n\n\n<h2 class=\"wp-block-heading has-4-x-large-font-size\" id=\"2-information-we-collect\">2. Informa\u00e7\u00f5es que coletamos<\/h2>\n\n\n\n<p>Podemos coletar os seguintes tipos de dados pessoais (os detalhes depender\u00e3o de suas intera\u00e7\u00f5es com o site):<\/p>\n\n\n<ul class=\"wp-block-list\" style=\"\">\n<li>\n<strong>Informa\u00e7\u00f5es de contato<\/strong>: Nome, nome da empresa, cargo, endere\u00e7o de e-mail, n\u00famero de telefone, endere\u00e7o f\u00edsico, etc.<\/li>\n\n\n\n<li>\n<strong>Dados de conta e de intera\u00e7\u00e3o<\/strong>: Dados que voc\u00ea fornece por meio de a\u00e7\u00f5es como preenchimento de formul\u00e1rios, assinatura, contato conosco ou inscri\u00e7\u00e3o em eventos.<\/li>\n\n\n\n<li>\n<strong>Dados do dispositivo e de uso<\/strong>: Endere\u00e7o IP, tipo de navegador, informa\u00e7\u00f5es do dispositivo, p\u00e1ginas visitadas, comportamento de cliques, cookies ou tecnologias semelhantes quando voc\u00ea visita o Site.<\/li>\n\n\n\n<li>\n<strong>Outros dados<\/strong>: Qualquer outra informa\u00e7\u00e3o que voc\u00ea nos forne\u00e7a voluntariamente.<\/li>\n<\/ul>\n\n\n<h2 class=\"wp-block-heading has-4-x-large-font-size\" id=\"3-sources-of-collection\">3. Fontes de coleta<\/h2>\n\n\n\n<p>Coletamos dados pessoais das seguintes fontes:<\/p>\n\n\n<ul class=\"wp-block-list\" style=\"\">\n<li>Dados que voc\u00ea nos fornece diretamente (por exemplo, formul\u00e1rios, comunica\u00e7\u00f5es, inscri\u00e7\u00f5es).<\/li>\n\n\n\n<li>Dados gerados automaticamente quando voc\u00ea usa o site (por exemplo, registros, cookies, informa\u00e7\u00f5es do dispositivo).<\/li>\n\n\n\n<li>Fontes leg\u00edtimas de terceiros ou dados dispon\u00edveis publicamente (somente quando for legal e compat\u00edvel).<\/li>\n<\/ul>\n\n\n<h2 class=\"wp-block-heading has-4-x-large-font-size\" id=\"4-purpose-and-use-of-personal-data\">4. Finalidade e uso dos dados pessoais<\/h2>\n\n\n\n<p>4.1 Coletamos e usamos seus dados pessoais para as seguintes finalidades:<\/p>\n\n\n<ul class=\"wp-block-list\" style=\"\">\n<li>Para fornecer os servi\u00e7os solicitados ou para nos comunicarmos com voc\u00ea (por exemplo, enviar boletins informativos, responder a consultas, atender a solicita\u00e7\u00f5es).<\/li>\n\n\n\n<li>Para melhorar e otimizar o site e os servi\u00e7os (por exemplo, an\u00e1lise de desempenho, otimiza\u00e7\u00e3o da experi\u00eancia do usu\u00e1rio, estat\u00edsticas comerciais).<\/li>\n\n\n\n<li>Para fins promocionais e de marketing (por exemplo, envio de convites para eventos, not\u00edcias sobre produtos, promo\u00e7\u00f5es) - somente se voc\u00ea tiver consentido ou quando permitido por lei.<br>4.2 Coletamos apenas os dados pessoais necess\u00e1rios para esses fins e os processamos dentro do escopo necess\u00e1rio para atingi-los.<br>4.3 Se desejarmos usar seus dados pessoais para outros fins, obteremos seu consentimento ou agiremos de acordo com a legisla\u00e7\u00e3o aplic\u00e1vel.<\/li>\n<\/ul>\n\n\n<h2 class=\"wp-block-heading has-4-x-large-font-size\" id=\"5-cookies-and-similar-technologies\">5. Cookies e tecnologias similares<\/h2>\n\n\n\n<p>Para aprimorar sua experi\u00eancia de usu\u00e1rio e melhorar a funcionalidade do site, podemos usar cookies ou tecnologias semelhantes. Voc\u00ea pode gerenciar suas prefer\u00eancias de cookies por meio das configura\u00e7\u00f5es do navegador; no entanto, o bloqueio de cookies pode afetar alguns recursos do site.<\/p>\n\n\n<h2 class=\"wp-block-heading has-4-x-large-font-size\" id=\"6-sharing-and-disclosure-of-personal-data\">6. Compartilhamento e divulga\u00e7\u00e3o de dados pessoais<\/h2>\n\n\n\n<p>6.1 Temos o compromisso de n\u00e3o vender seus dados pessoais a terceiros.<br>6.2 Podemos compartilhar ou divulgar seus dados pessoais nas seguintes circunst\u00e2ncias:<\/p>\n\n\n<ul class=\"wp-block-list\" style=\"\">\n<li>Com seu consentimento expl\u00edcito.<\/li>\n\n\n\n<li>Com prestadores de servi\u00e7os ou parceiros t\u00e9cnicos que nos auxiliam no fornecimento de nossos servi\u00e7os (esses terceiros s\u00e3o obrigados a seguir obriga\u00e7\u00f5es de confidencialidade).<\/li>\n\n\n\n<li>Quando exigido por lei, processo legal ou autoridades governamentais.<\/li>\n\n\n\n<li>No caso de uma fus\u00e3o, aquisi\u00e7\u00e3o, fal\u00eancia ou transfer\u00eancia de ativos, em que seus dados pessoais podem ser transferidos como parte dos ativos, mas a parte receptora estar\u00e1 vinculada \u00e0s mesmas obriga\u00e7\u00f5es de prote\u00e7\u00e3o de dados.<br>6.3 Nos casos em que compartilharmos seus dados pessoais com terceiros, tomaremos medidas de seguran\u00e7a razo\u00e1veis e firmaremos acordos de prote\u00e7\u00e3o de dados.<\/li>\n<\/ul>\n\n\n<h2 class=\"wp-block-heading has-4-x-large-font-size\" id=\"7-crossborder-data-transfers\">7. Transfer\u00eancias de dados internacionais<\/h2>\n\n\n\n<p>Se necess\u00e1rio para fins comerciais, poderemos transferir seus dados pessoais para pa\u00edses fora da Rep\u00fablica Popular da China. Essas transfer\u00eancias ser\u00e3o conduzidas em conformidade com as leis de prote\u00e7\u00e3o de dados aplic\u00e1veis, e garantiremos que medidas de seguran\u00e7a adequadas estejam em vigor, como a assinatura de cl\u00e1usulas contratuais padr\u00e3o ou a obten\u00e7\u00e3o de seu consentimento (se aplic\u00e1vel).<\/p>\n\n\n<h2 class=\"wp-block-heading has-4-x-large-font-size\" id=\"8-data-retention-period\">8. Per\u00edodo de reten\u00e7\u00e3o de dados<\/h2>\n\n\n\n<p>Reteremos seus dados pessoais pelo tempo que for necess\u00e1rio para cumprir as finalidades para as quais foram coletados e para atender a requisitos legais, regulamentares ou de auditoria. Em geral, quando a finalidade da coleta dos dados for cumprida ou quando voc\u00ea retirar seu consentimento, deixaremos de usar os dados e os excluiremos ou os tornaremos an\u00f4nimos. Entretanto, poderemos reter alguns dados conforme exigido por lei.<\/p>\n\n\n<h2 class=\"wp-block-heading has-4-x-large-font-size\" id=\"9-data-security\">9. Seguran\u00e7a de dados<\/h2>\n\n\n\n<p>Implementamos medidas organizacionais e t\u00e9cnicas adequadas para proteger seus dados pessoais contra acesso, divulga\u00e7\u00e3o, altera\u00e7\u00e3o e destrui\u00e7\u00e3o n\u00e3o autorizados. Essas medidas incluem controles de acesso, criptografia de dados, servidores seguros e auditorias regulares. Entretanto, nenhuma transmiss\u00e3o de dados pela Internet ou sistema de armazenamento de dados pode ser garantida como 100% segura. Portanto, n\u00e3o podemos garantir a seguran\u00e7a absoluta de seus dados pessoais.<\/p>\n\n\n<h2 class=\"wp-block-heading has-4-x-large-font-size\" id=\"10-your-rights\">10. Seus direitos<\/h2>\n\n\n\n<p>De acordo com as leis aplic\u00e1veis (por exemplo, o Regulamento Geral de Prote\u00e7\u00e3o de Dados (GDPR), a Lei de Prote\u00e7\u00e3o de Informa\u00e7\u00f5es Pessoais da China (PIPL)), voc\u00ea pode ter os seguintes direitos em rela\u00e7\u00e3o aos seus dados pessoais:<\/p>\n\n\n<ul class=\"wp-block-list\" style=\"\">\n<li>Direito de acessar ou obter uma c\u00f3pia de seus dados pessoais.<\/li>\n\n\n\n<li>Direito de corrigir ou atualizar seus dados pessoais.<\/li>\n\n\n\n<li>Direito de excluir seus dados pessoais (sob certas condi\u00e7\u00f5es).<\/li>\n\n\n\n<li>Direito de retirar seu consentimento (quando o processamento for baseado em consentimento).<\/li>\n\n\n\n<li>Direito de restringir ou se opor a determinado processamento de seus dados pessoais (sob certas condi\u00e7\u00f5es).<\/li>\n\n\n\n<li>Direito \u00e0 portabilidade de dados (se aplic\u00e1vel).<\/li>\n\n\n\n<li>Se voc\u00ea acredita que estamos processando seus dados pessoais de forma ilegal, voc\u00ea tem o direito de apresentar uma reclama\u00e7\u00e3o conosco ou com a autoridade reguladora relevante.<br>Para exercer esses direitos, entre em contato conosco usando as informa\u00e7\u00f5es de contato na se\u00e7\u00e3o 11.<\/li>\n<\/ul>\n\n\n<h2 class=\"wp-block-heading has-4-x-large-font-size\" id=\"11-contact-information\">11. Informa\u00e7\u00f5es de contato<\/h2>\n\n\n\n<p>Se tiver alguma d\u00favida ou preocupa\u00e7\u00e3o com rela\u00e7\u00e3o a esta Pol\u00edtica de Privacidade ou se desejar exercer algum de seus direitos, entre em contato conosco usando os detalhes abaixo:<br>E-mail: <a>info@tfngj.com<\/a><br>Telefone: +86-18765219251<br>Endere\u00e7o: No. 31 Wannianquan Road, Longhu Xinyun Block, Building 1, 7th Floor, Qingdao, Shandong, China<\/p>\n\n\n<h2 class=\"wp-block-heading has-4-x-large-font-size\" id=\"12-protection-of-minors\">12. Prote\u00e7\u00e3o de menores<\/h2>\n\n\n\n<p>N\u00e3o coletamos intencionalmente dados pessoais de menores de 18 anos. Se voc\u00ea \u00e9 pai ou respons\u00e1vel e acredita que coletamos dados pessoais de um menor, entre em contato conosco imediatamente para que eles sejam exclu\u00eddos.<\/p>\n\n\n<h2 class=\"wp-block-heading has-4-x-large-font-size\" id=\"13-updates-to-this-privacy-policy\">13. Atualiza\u00e7\u00f5es desta Pol\u00edtica de Privacidade<\/h2>\n\n\n\n<p>Podemos atualizar esta Pol\u00edtica de Privacidade de tempos em tempos. Publicaremos todas as altera\u00e7\u00f5es nesta p\u00e1gina e atualizaremos a \u201cData de vig\u00eancia\u201d na parte superior da pol\u00edtica. Se as altera\u00e7\u00f5es forem significativas, poderemos fornecer um aviso mais destacado ou solicitar seu consentimento quando exigido por lei. Verifique regularmente se h\u00e1 atualiza\u00e7\u00f5es nesta p\u00e1gina.<\/p>\n\n\n<h2 class=\"wp-block-heading has-4-x-large-font-size\" id=\"14-disclaimer\">14. Isen\u00e7\u00e3o de responsabilidade<\/h2>\n\n\n\n<p>Esta Pol\u00edtica de Privacidade e o processamento de dados pessoais s\u00e3o regidos pelas leis de prote\u00e7\u00e3o de dados aplic\u00e1veis. Se qualquer disposi\u00e7\u00e3o desta pol\u00edtica for considerada inv\u00e1lida, ilegal ou inexequ\u00edvel, as demais disposi\u00e7\u00f5es permanecer\u00e3o em pleno vigor.<\/p>\n\n\n\n<div style=\"height:100px\" aria-hidden=\"true\" class=\"wp-block-spacer\"><\/div>","protected":false},"excerpt":{"rendered":"<p>Privacy Policy In case of any significant changes to this policy, we will post the updated version on this page and may seek your consent where necessary. 1. Definitions and Scope 1.1 &#8220;Personal Data&#8221; refers to any information that relates to an identified or identifiable individual, including information that can be combined with other information [&hellip;]<\/p>","protected":false},"author":1,"featured_media":0,"parent":0,"menu_order":0,"comment_status":"closed","ping_status":"closed","template":"","meta":{"footnotes":""},"class_list":["post-3","page","type-page","status-publish","hentry"],"yoast_head":"<!-- This site is optimized with the Yoast SEO plugin v26.6 - https:\/\/yoast.com\/wordpress\/plugins\/seo\/ -->\n<title>Privacy Policy - Communication Test Expert<\/title>\n<meta name=\"robots\" content=\"index, follow, max-snippet:-1, max-image-preview:large, max-video-preview:-1\" \/>\n<link rel=\"canonical\" href=\"https:\/\/www.tfngj.com\/pt\/privacy-policy\/\" \/>\n<meta property=\"og:locale\" content=\"pt_BR\" \/>\n<meta property=\"og:type\" content=\"article\" \/>\n<meta property=\"og:title\" content=\"Privacy Policy - Communication Test Expert\" \/>\n<meta property=\"og:description\" content=\"Privacy Policy In case of any significant changes to this policy, we will post the updated version on this page and may seek your consent where necessary. 1. Definitions and Scope 1.1 &#8220;Personal Data&#8221; refers to any information that relates to an identified or identifiable individual, including information that can be combined with other information [&hellip;]\" \/>\n<meta property=\"og:url\" content=\"https:\/\/www.tfngj.com\/pt\/privacy-policy\/\" \/>\n<meta property=\"og:site_name\" content=\"Communication Test Expert\" \/>\n<meta property=\"article:modified_time\" content=\"2025-11-05T02:28:12+00:00\" \/>\n<meta property=\"og:image\" content=\"https:\/\/www.tfngj.com\/wp-content\/uploads\/2025\/11\/TFN-LOGO.jpg\" \/>\n\t<meta property=\"og:image:width\" content=\"300\" \/>\n\t<meta property=\"og:image:height\" content=\"300\" \/>\n\t<meta property=\"og:image:type\" content=\"image\/jpeg\" \/>\n<meta name=\"twitter:card\" content=\"summary_large_image\" \/>\n<meta name=\"twitter:label1\" content=\"Est. tempo de leitura\" \/>\n\t<meta name=\"twitter:data1\" content=\"5 minutos\" \/>\n<script type=\"application\/ld+json\" class=\"yoast-schema-graph\">{\"@context\":\"https:\/\/schema.org\",\"@graph\":[{\"@type\":\"WebPage\",\"@id\":\"https:\/\/www.tfngj.com\/privacy-policy\/\",\"url\":\"https:\/\/www.tfngj.com\/privacy-policy\/\",\"name\":\"Privacy Policy - Communication Test Expert\",\"isPartOf\":{\"@id\":\"https:\/\/www.tfngj.com\/#website\"},\"datePublished\":\"2025-08-29T05:58:08+00:00\",\"dateModified\":\"2025-11-05T02:28:12+00:00\",\"breadcrumb\":{\"@id\":\"https:\/\/www.tfngj.com\/privacy-policy\/#breadcrumb\"},\"inLanguage\":\"pt-BR\",\"potentialAction\":[{\"@type\":\"ReadAction\",\"target\":[\"https:\/\/www.tfngj.com\/privacy-policy\/\"]}]},{\"@type\":\"BreadcrumbList\",\"@id\":\"https:\/\/www.tfngj.com\/privacy-policy\/#breadcrumb\",\"itemListElement\":[{\"@type\":\"ListItem\",\"position\":1,\"name\":\"Home\",\"item\":\"https:\/\/www.tfngj.com\/\"},{\"@type\":\"ListItem\",\"position\":2,\"name\":\"Privacy Policy\"}]},{\"@type\":\"WebSite\",\"@id\":\"https:\/\/www.tfngj.com\/#website\",\"url\":\"https:\/\/www.tfngj.com\/\",\"name\":\"TFN-Communication Test Expert\",\"description\":\"Find Perfect Solutions in TFN\",\"publisher\":{\"@id\":\"https:\/\/www.tfngj.com\/#organization\"},\"alternateName\":\"TFN\",\"potentialAction\":[{\"@type\":\"SearchAction\",\"target\":{\"@type\":\"EntryPoint\",\"urlTemplate\":\"https:\/\/www.tfngj.com\/?s={search_term_string}\"},\"query-input\":{\"@type\":\"PropertyValueSpecification\",\"valueRequired\":true,\"valueName\":\"search_term_string\"}}],\"inLanguage\":\"pt-BR\"},{\"@type\":\"Organization\",\"@id\":\"https:\/\/www.tfngj.com\/#organization\",\"name\":\"TFN\",\"url\":\"https:\/\/www.tfngj.com\/\",\"logo\":{\"@type\":\"ImageObject\",\"inLanguage\":\"pt-BR\",\"@id\":\"https:\/\/www.tfngj.com\/#\/schema\/logo\/image\/\",\"url\":\"https:\/\/www.tfngj.com\/wp-content\/uploads\/2025\/09\/\u9ed1logo.png\",\"contentUrl\":\"https:\/\/www.tfngj.com\/wp-content\/uploads\/2025\/09\/\u9ed1logo.png\",\"width\":939,\"height\":232,\"caption\":\"TFN\"},\"image\":{\"@id\":\"https:\/\/www.tfngj.com\/#\/schema\/logo\/image\/\"},\"sameAs\":[\"https:\/\/www.youtube.com\/@FateTFN\/search\"]}]}<\/script>\n<!-- \/ Yoast SEO plugin. -->","yoast_head_json":{"title":"Pol\u00edtica de privacidade - Communication Test Expert","robots":{"index":"index","follow":"follow","max-snippet":"max-snippet:-1","max-image-preview":"max-image-preview:large","max-video-preview":"max-video-preview:-1"},"canonical":"https:\/\/www.tfngj.com\/pt\/privacy-policy\/","og_locale":"pt_BR","og_type":"article","og_title":"Privacy Policy - Communication Test Expert","og_description":"Privacy Policy In case of any significant changes to this policy, we will post the updated version on this page and may seek your consent where necessary. 1. Definitions and Scope 1.1 &#8220;Personal Data&#8221; refers to any information that relates to an identified or identifiable individual, including information that can be combined with other information [&hellip;]","og_url":"https:\/\/www.tfngj.com\/pt\/privacy-policy\/","og_site_name":"Communication Test Expert","article_modified_time":"2025-11-05T02:28:12+00:00","og_image":[{"width":300,"height":300,"url":"https:\/\/www.tfngj.com\/wp-content\/uploads\/2025\/11\/TFN-LOGO.jpg","type":"image\/jpeg"}],"twitter_card":"summary_large_image","twitter_misc":{"Est. tempo de leitura":"5 minutos"},"schema":{"@context":"https:\/\/schema.org","@graph":[{"@type":"WebPage","@id":"https:\/\/www.tfngj.com\/privacy-policy\/","url":"https:\/\/www.tfngj.com\/privacy-policy\/","name":"Pol\u00edtica de privacidade - Communication Test Expert","isPartOf":{"@id":"https:\/\/www.tfngj.com\/#website"},"datePublished":"2025-08-29T05:58:08+00:00","dateModified":"2025-11-05T02:28:12+00:00","breadcrumb":{"@id":"https:\/\/www.tfngj.com\/privacy-policy\/#breadcrumb"},"inLanguage":"pt-BR","potentialAction":[{"@type":"ReadAction","target":["https:\/\/www.tfngj.com\/privacy-policy\/"]}]},{"@type":"BreadcrumbList","@id":"https:\/\/www.tfngj.com\/privacy-policy\/#breadcrumb","itemListElement":[{"@type":"ListItem","position":1,"name":"Home","item":"https:\/\/www.tfngj.com\/"},{"@type":"ListItem","position":2,"name":"Privacy Policy"}]},{"@type":"WebSite","@id":"https:\/\/www.tfngj.com\/#website","url":"https:\/\/www.tfngj.com\/","name":"TFN - Especialista em testes de comunica\u00e7\u00e3o","description":"Encontre solu\u00e7\u00f5es perfeitas no TFN","publisher":{"@id":"https:\/\/www.tfngj.com\/#organization"},"alternateName":"TFN","potentialAction":[{"@type":"SearchAction","target":{"@type":"EntryPoint","urlTemplate":"https:\/\/www.tfngj.com\/?s={search_term_string}"},"query-input":{"@type":"PropertyValueSpecification","valueRequired":true,"valueName":"search_term_string"}}],"inLanguage":"pt-BR"},{"@type":"Organization","@id":"https:\/\/www.tfngj.com\/#organization","name":"TFN","url":"https:\/\/www.tfngj.com\/","logo":{"@type":"ImageObject","inLanguage":"pt-BR","@id":"https:\/\/www.tfngj.com\/#\/schema\/logo\/image\/","url":"https:\/\/www.tfngj.com\/wp-content\/uploads\/2025\/09\/\u9ed1logo.png","contentUrl":"https:\/\/www.tfngj.com\/wp-content\/uploads\/2025\/09\/\u9ed1logo.png","width":939,"height":232,"caption":"TFN"},"image":{"@id":"https:\/\/www.tfngj.com\/#\/schema\/logo\/image\/"},"sameAs":["https:\/\/www.youtube.com\/@FateTFN\/search"]}]}},"_links":{"self":[{"href":"https:\/\/www.tfngj.com\/pt\/wp-json\/wp\/v2\/pages\/3","targetHints":{"allow":["GET"]}}],"collection":[{"href":"https:\/\/www.tfngj.com\/pt\/wp-json\/wp\/v2\/pages"}],"about":[{"href":"https:\/\/www.tfngj.com\/pt\/wp-json\/wp\/v2\/types\/page"}],"author":[{"embeddable":true,"href":"https:\/\/www.tfngj.com\/pt\/wp-json\/wp\/v2\/users\/1"}],"replies":[{"embeddable":true,"href":"https:\/\/www.tfngj.com\/pt\/wp-json\/wp\/v2\/comments?post=3"}],"version-history":[{"count":2,"href":"https:\/\/www.tfngj.com\/pt\/wp-json\/wp\/v2\/pages\/3\/revisions"}],"predecessor-version":[{"id":4279,"href":"https:\/\/www.tfngj.com\/pt\/wp-json\/wp\/v2\/pages\/3\/revisions\/4279"}],"wp:attachment":[{"href":"https:\/\/www.tfngj.com\/pt\/wp-json\/wp\/v2\/media?parent=3"}],"curies":[{"name":"wp","href":"https:\/\/api.w.org\/{rel}","templated":true}]}}