{"id":5372,"date":"2026-01-08T01:20:23","date_gmt":"2026-01-08T09:20:23","guid":{"rendered":"https:\/\/www.tfngj.com\/?page_id=5372"},"modified":"2026-01-20T19:27:30","modified_gmt":"2026-01-21T03:27:30","slug":"t700cq-cable-blowing-machine","status":"publish","type":"page","link":"https:\/\/www.tfngj.com\/fr\/t700cq-cable-blowing-machine\/","title":{"rendered":"Machine \u00e0 souffler les c\u00e2bles T700CQ"},"content":{"rendered":"<p><!-- 1. Schema\u7ed3\u6784\u5316\u6570\u636e --><br \/>\n<!-- 2. \u6838\u5fc3\u7740\u9646\u9875\u7ed3\u6784\uff08\u5168\u54cd\u5e94\u5f0f\u9002\u914d\uff09 --><br \/>\n  <!-- Hero\u533a\uff1a\u54cd\u5e94\u5f0f\u6807\u9898+\u6309\u94ae --><\/p>\n<section style=\"background: #f8f9fa; padding: 2rem; border-radius: 8px; text-align: center; margin-bottom: 1.5rem;\">\n<h1 style=\"color: #2d3748; font-size: clamp(1.5rem, 4vw, 2rem); margin-bottom: 1rem; line-height: 1.2;\">Machine \u00e0 souffler les c\u00e2bles T700CQ | Installation de fibre optique \u00e0 haut d\u00e9bit<\/h1>\n<p style=\"color: #4a5568; font-size: clamp(1rem, 2vw, 1.125rem); margin-bottom: 1.5rem; max-width: 800px; margin-left: auto; margin-right: auto; line-height: 1.5;\">\n      Souffleur professionnel de fibre optique pour les projets de t\u00e9l\u00e9communication \/ FTTx. Plus rapide que les m\u00e9thodes traditionnelles de tirage de c\u00e2bles. Prix comp\u00e9titif. En stock d\u00e8s maintenant !\n    <\/p>\n<p>      <a href=\"https:\/\/www.tfngj.com\/fr\/contact-us\/\" style=\"background: #2563eb; color: white; padding: 0.9375rem 1.875rem; border-radius: 5px; text-decoration: none; font-size: clamp(1rem, 2vw, 1.125rem); font-weight: 600; white-space: nowrap;\"><br \/>\n        Obtenir un devis<br \/>\n      <\/a><br \/>\n      <a href=\"https:\/\/www.tfngj.com\/wp-content\/uploads\/2026\/01\/T700CQ-Cable-Blowing-Machine-Version-2.1.pdf\" style=\"background: #ffffff; color: #2563eb; border: 2px solid #2563eb; padding: 0.9375rem 1.875rem; border-radius: 5px; text-decoration: none; font-size: clamp(1rem, 2vw, 1.125rem); font-weight: 600; white-space: nowrap;\"><br \/>\n        Voir les sp\u00e9cifications<br \/>\n      <\/a><br \/>\n  <\/section>\n<p>    <!-- \u4ea7\u54c1\u56fe\u7247\uff1a500\u00d7500 \u54cd\u5e94\u5f0f --><\/p>\n<section style=\"margin: 2.5rem 0; text-align: center;\">\n    <img loading=\"lazy\" decoding=\"async\" \n      src=\"https:\/\/www.tfngj.com\/wp-content\/uploads\/2025\/10\/T700CY-1.webp\" \n      alt=\"Machine \u00e0 souffler les c\u00e2bles T700CQ Machine \u00e0 souffler les fibres optiques \u00e0 haut rendement pour les projets de t\u00e9l\u00e9communication\" \n      width=\"500\" \n      height=\"500\" \n      style=\"max-width: 100%; height: auto; border-radius: 8px; box-shadow: 0 2px 8px rgba(0,0,0,0.1);\"\n    ><br \/>\n  <\/section>\n<p>  <!-- \u4ef7\u503c\u4e3b\u5f20\u533a\uff1a\u54cd\u5e94\u5f0f\u7f51\u683c --><\/p>\n<section style=\"margin-bottom: 2.5rem;\">\n<h2 style=\"color: #2d3748; font-size: clamp(1.375rem, 3vw, 1.625rem); margin-bottom: 1.5rem; text-align: center; line-height: 1.2;\">Pourquoi choisir nos souffleurs de fibres T700CQ ?<\/h2>\n<h3 style=\"color: #2563eb; font-size: clamp(1rem, 2vw, 1.25rem); margin-bottom: 0.625rem; line-height: 1.2;\">Fonctionnement \u00e0 grande vitesse<\/h3>\n<p style=\"color: #4a5568; line-height: 1.6; font-size: clamp(0.875rem, 1.5vw, 1rem);\">\n          Avec une vitesse de pouss\u00e9e allant jusqu'\u00e0 120 m\u00e8tres par minute, il installe la fibre jusqu'\u00e0 3 fois plus vite que les m\u00e9thodes de traction traditionnelles, ce qui permet de r\u00e9duire le temps de travail et les co\u00fbts sur site jusqu'\u00e0 50%.\n        <\/p>\n<h3 style=\"color: #2563eb; font-size: clamp(1rem, 2vw, 1.25rem); margin-bottom: 0.625rem; line-height: 1.2;\">Large compatibilit\u00e9 des c\u00e2bles<\/h3>\n<p style=\"color: #4a5568; line-height: 1.6; font-size: clamp(0.875rem, 1.5vw, 1rem);\">\n          Prenant en charge les c\u00e2bles de 6 \u00e0 14 mm de diam\u00e8tre et les conduits de 10 \u00e0 50 mm de diam\u00e8tre, y compris les micro-conduits (10\/8 mm), le T700CQ est une solution polyvalente pour les d\u00e9ploiements de r\u00e9seaux f\u00e9d\u00e9rateurs, m\u00e9tropolitains et FTTH.\n        <\/p>\n<h3 style=\"color: #2563eb; font-size: clamp(1rem, 2vw, 1.25rem); margin-bottom: 0.625rem; line-height: 1.2;\">L\u00e9ger et portable<\/h3>\n<p style=\"color: #4a5568; line-height: 1.6; font-size: clamp(0.875rem, 1.5vw, 1rem);\">\n          Pesant seulement 28 kg et fournie avec une mallette de transport robuste de qualit\u00e9 a\u00e9ronautique, la machine est facile \u00e0 transporter et \u00e0 d\u00e9ployer dans les rues urbaines, les zones rurales et les sites de r\u00e9paration d'urgence.\n        <\/p>\n<h3 style=\"color: #2563eb; font-size: clamp(1rem, 2vw, 1.25rem); margin-bottom: 0.625rem; line-height: 1.2;\">Prix comp\u00e9titif et faible entretien<\/h3>\n<p style=\"color: #4a5568; line-height: 1.6; font-size: clamp(0.875rem, 1.5vw, 1rem);\">\n          Construit pour une utilisation \u00e0 long terme, sa structure durable, sa maintenance simple et son entra\u00eenement pneumatique fiable permettent de r\u00e9duire les co\u00fbts totaux de possession jusqu'\u00e0 30%, offrant ainsi un excellent retour sur investissement.\n        <\/p>\n<\/section>\n<p>  <!-- \u4fe1\u4efb\u80cc\u4e66\u533a\uff1a\u54cd\u5e94\u5f0f\u8868\u683c+\u5217\u8868 --><\/p>\n<section style=\"margin-bottom: 2.5rem;\">\n<h2 style=\"color: #2d3748; font-size: clamp(1.375rem, 3vw, 1.625rem); margin-bottom: 1.25rem; text-align: center; line-height: 1.2;\">Sp\u00e9cifications des produits<\/h2>\n<p>      <!-- \u79fb\u52a8\u7aef\u6a2a\u5411\u6eda\u52a8\u8868\u683c --><\/p>\n<table style=\"width: 100%; border-collapse: collapse; background: #ffffff; box-shadow: 0 2px 4px rgba(0,0,0,0.1); min-width: 320px;\">\n<thead>\n<tr style=\"background: #2563eb; color: white;\">\n<th style=\"padding: 0.9375rem; text-align: left; font-size: clamp(0.875rem, 1.5vw, 1rem);\">Param\u00e8tres<\/th>\n<th style=\"padding: 0.9375rem; text-align: left; font-size: clamp(0.875rem, 1.5vw, 1rem);\">Valeur<\/th>\n<\/tr>\n<\/thead>\n<tbody>\n<tr style=\"border-bottom: 1px solid #e2e8f0;\">\n<td style=\"padding: 0.9375rem; color: #2d3748; font-size: clamp(0.8125rem, 1.5vw, 0.9375rem);\">Diam\u00e8tre de c\u00e2ble appropri\u00e9<\/td>\n<td style=\"padding: 0.9375rem; color: #4a5568; font-size: clamp(0.8125rem, 1.5vw, 0.9375rem);\">6 - 14 mm<\/td>\n<\/tr>\n<tr style=\"border-bottom: 1px solid #e2e8f0;\">\n<td style=\"padding: 0.9375rem; color: #2d3748; font-size: clamp(0.8125rem, 1.5vw, 0.9375rem);\">Diam\u00e8tre de tuyau appropri\u00e9<\/td>\n<td style=\"padding: 0.9375rem; color: #4a5568; font-size: clamp(0.8125rem, 1.5vw, 0.9375rem);\">10 - 50 mm<\/td>\n<\/tr>\n<tr style=\"border-bottom: 1px solid #e2e8f0;\">\n<td style=\"padding: 0.9375rem; color: #2d3748; font-size: clamp(0.8125rem, 1.5vw, 0.9375rem);\">Pouss\u00e9e maximale<\/td>\n<td style=\"padding: 0.9375rem; color: #4a5568; font-size: clamp(0.8125rem, 1.5vw, 0.9375rem);\">0 - 700 N<\/td>\n<\/tr>\n<tr style=\"border-bottom: 1px solid #e2e8f0;\">\n<td style=\"padding: 0.9375rem; color: #2d3748; font-size: clamp(0.8125rem, 1.5vw, 0.9375rem);\">Vitesse de pouss\u00e9e<\/td>\n<td style=\"padding: 0.9375rem; color: #4a5568; font-size: clamp(0.8125rem, 1.5vw, 0.9375rem);\">0 - 120 m\/min<\/td>\n<\/tr>\n<tr style=\"border-bottom: 1px solid #e2e8f0;\">\n<td style=\"padding: 0.9375rem; color: #2d3748; font-size: clamp(0.8125rem, 1.5vw, 0.9375rem);\">Poids de l'h\u00f4te<\/td>\n<td style=\"padding: 0.9375rem; color: #4a5568; font-size: clamp(0.8125rem, 1.5vw, 0.9375rem);\">28 kg<\/td>\n<\/tr>\n<tr>\n<td style=\"padding: 0.9375rem; color: #2d3748; font-size: clamp(0.8125rem, 1.5vw, 0.9375rem);\">Compresseur d'air recommand\u00e9<\/td>\n<td style=\"padding: 0.9375rem; color: #4a5568; font-size: clamp(0.8125rem, 1.5vw, 0.9375rem);\">Type de vis diesel (10 - 15 m\u00b3\/min, 12 - 15 bar)<\/td>\n<\/tr>\n<\/tbody>\n<\/table>\n<h2 style=\"color: #2d3748; font-size: clamp(1.375rem, 3vw, 1.625rem); margin-bottom: 1.25rem; text-align: center; line-height: 1.2;\">Caract\u00e9ristiques principales<\/h2>\n<ul style=\"max-width: 900px; margin: 0 auto; color: #4a5568; font-size: clamp(0.875rem, 1.5vw, 1rem); line-height: 2; list-style: disc; padding-left: 1.5rem;\">\n<li>L'entra\u00eenement pneumatique minimise la tension du c\u00e2ble par rapport aux m\u00e9thodes de tirage des fibres, ce qui r\u00e9duit le risque d'att\u00e9nuation du signal.<\/li>\n<li>La pression r\u00e9glable de la bande transporteuse prot\u00e8ge \u00e0 la fois la gaine du c\u00e2ble et le c\u0153ur de la fibre.<\/li>\n<li>Le fonctionnement bidirectionnel permet une installation flexible dans les espaces restreints.<\/li>\n<li>Le moteur pneumatique offre un faible taux de d\u00e9faillance, id\u00e9al pour les environnements humides ou difficiles.<\/li>\n<li>Distance maximale de soufflage : 600-2000 m\u00e8tres (en fonction du terrain\/de la qualit\u00e9 du conduit)<\/li>\n<\/ul>\n<\/section>\n<p>  <!-- \u5e94\u7528\u573a\u666f\u533a\uff1a\u54cd\u5e94\u5f0f\u7f51\u683c --><\/p>\n<section style=\"background: #f8f9fa; padding: 2rem; border-radius: 8px; margin-bottom: 2.5rem;\">\n<h2 style=\"color: #2d3748; font-size: clamp(1.375rem, 3vw, 1.625rem); margin-bottom: 1.5rem; text-align: center; line-height: 1.2;\">O\u00f9 utiliser ?<\/h2>\n<p style=\"color: #2d3748; font-weight: 600; font-size: clamp(0.9375rem, 2vw, 1.0625rem); margin-bottom: 0.625rem; line-height: 1.2;\">D\u00e9ploiement FTTH en milieu urbain<\/p>\n<p style=\"color: #4a5568; font-size: clamp(0.8125rem, 1.5vw, 0.9375rem); line-height: 1.5;\">Installation non intrusive dans les conduits existants, perturbation minimale du trafic<\/p>\n<p style=\"color: #2d3748; font-weight: 600; font-size: clamp(0.9375rem, 2vw, 1.0625rem); margin-bottom: 0.625rem; line-height: 1.2;\">Mise en place d'un r\u00e9seau dorsal<\/p>\n<p style=\"color: #4a5568; font-size: clamp(0.8125rem, 1.5vw, 0.9375rem); line-height: 1.5;\">Soufflage continu \u00e0 longue distance (jusqu'\u00e0 2000 m) pour les r\u00e9seaux f\u00e9d\u00e9rateurs de t\u00e9l\u00e9communications<\/p>\n<p style=\"color: #2d3748; font-weight: 600; font-size: clamp(0.9375rem, 2vw, 1.0625rem); margin-bottom: 0.625rem; line-height: 1.2;\">Installation en terrain accident\u00e9<\/p>\n<p style=\"color: #4a5568; font-size: clamp(0.8125rem, 1.5vw, 0.9375rem); line-height: 1.5;\">Conception portable pour les montagnes et les zones humides - pas besoin de machines lourdes<\/p>\n<p style=\"color: #2d3748; font-weight: 600; font-size: clamp(0.9375rem, 2vw, 1.0625rem); margin-bottom: 0.625rem; line-height: 1.2;\">R\u00e9parations d'urgence<\/p>\n<p style=\"color: #4a5568; font-size: clamp(0.8125rem, 1.5vw, 0.9375rem); line-height: 1.5;\">Une configuration rapide et une vitesse \u00e9lev\u00e9e permettent de r\u00e9tablir rapidement les communications critiques<\/p>\n<\/section>\n<p>  <!-- CTA\u533a\uff1a\u54cd\u5e94\u5f0f\u6309\u94ae --><\/p>\n<section id=\"get-quote\" style=\"background: #2563eb; color: white; padding: 3.125rem 2rem; border-radius: 8px; text-align: center; margin-bottom: 2.5rem;\">\n<h2 style=\"font-size: clamp(1.375rem, 3vw, 1.75rem); margin-bottom: 1.25rem; line-height: 1.2;\">Pr\u00eat \u00e0 acheter la machine \u00e0 souffler les fibres T700CQ ?<\/h2>\n<p style=\"font-size: clamp(1rem, 2vw, 1.125rem); margin-bottom: 1.875rem; max-width: 800px; margin-left: auto; margin-right: auto; line-height: 1.5;\">\n      Obtenez un prix personnalis\u00e9 d\u00e8s aujourd'hui ! <br \/>En stock. Livraison rapide. Support technique gratuit !\n    <\/p>\n<p>      <a href=\"mailto:info@tfngj.com\" style=\"background: white; color: #2563eb; padding: 1.125rem 2.1875rem; border-radius: 5px; text-decoration: none; font-size: clamp(1rem, 2vw, 1.125rem); font-weight: 600; white-space: nowrap;\"><br \/>\n        Envoyer un courriel pour obtenir un devis<br \/>\n      <\/a><br \/>\n      <a href=\"https:\/\/www.tfngj.com\/fr\/contact-us\/\" style=\"background: #1d4ed8; color: white; border: 2px solid white; padding: 1.125rem 2.1875rem; border-radius: 5px; text-decoration: none; font-size: clamp(1rem, 2vw, 1.125rem); font-weight: 600; white-space: nowrap;\"><br \/>\n        Laisser un message<br \/>\n      <\/a><br \/>\n  <\/section>\n<p>  <!-- FAQ\u533a\uff1a\u79fb\u52a8\u7aef\u7d27\u51d1\u5e03\u5c40 --><\/p>\n<section style=\"margin-bottom: 1.875rem;\">\n<h2 style=\"color: #2d3748; font-size: clamp(1.375rem, 3vw, 1.625rem); margin-bottom: 1.5rem; text-align: center; line-height: 1.2;\">Questions fr\u00e9quemment pos\u00e9es sur notre souffleur de c\u00e2ble<\/h2>\n<h3 style=\"color: #2563eb; font-size: clamp(0.9375rem, 2vw, 1.125rem); margin-bottom: 0.625rem; line-height: 1.2;\">Q1 : Quels sont les c\u00e2bles que le T700CQ peut prendre en charge ?<\/h3>\n<p style=\"color: #4a5568; font-size: clamp(0.875rem, 1.5vw, 1rem); line-height: 1.5;\">R : Il prend en charge simultan\u00e9ment des c\u00e2bles optiques de 6 \u00e0 14 mm de diam\u00e8tre (microc\u00e2bles GYTA, GCYFY, JET OUFU) et jusqu'\u00e0 3 microtubes HDPE de 10\/8 mm de diam\u00e8tre.<\/p>\n<h3 style=\"color: #2563eb; font-size: clamp(0.9375rem, 2vw, 1.125rem); margin-bottom: 0.625rem; line-height: 1.2;\">Q2 : Comment cette machine \u00e0 souffler la fibre se compare-t-elle \u00e0 une machine \u00e0 tirer les c\u00e2bles en fibre ?<\/h3>\n<p style=\"color: #4a5568; font-size: clamp(0.875rem, 1.5vw, 1rem); line-height: 1.5;\">R : Notre machine \u00e0 souffler pneumatique r\u00e9duit la tension du c\u00e2ble (att\u00e9nuation moindre). Elle est plus rapide (120 m\/min contre 40 m\/min pour le tirage) et endommage moins le c\u00e2ble.<\/p>\n<h3 style=\"color: #2563eb; font-size: clamp(0.9375rem, 2vw, 1.125rem); margin-bottom: 0.625rem; line-height: 1.2;\">Q3 : De quel compresseur d'air ai-je besoin pour le T700CQ ?<\/h3>\n<p style=\"color: #4a5568; font-size: clamp(0.875rem, 1.5vw, 1rem); line-height: 1.5;\">R : Nous recommandons un compresseur d'air \u00e0 vis diesel (d\u00e9bit de 10-15 m\u00b3\/min, pression de 12-15 bar) pour des performances optimales.<\/p>\n<h3 style=\"color: #2563eb; font-size: clamp(0.9375rem, 2vw, 1.125rem); margin-bottom: 0.625rem; line-height: 1.2;\">Q4 : Une formation est-elle pr\u00e9vue pour l'utilisation du T700CQ ?<\/h3>\n<p style=\"color: #4a5568; font-size: clamp(0.875rem, 1.5vw, 1rem); line-height: 1.5;\">R : Oui. Nous proposons une formation de base gratuite (en ligne ou sur site) pour garantir une utilisation s\u00fbre et efficace de votre machine \u00e0 fibres souffl\u00e9es.<\/p>\n<\/section>\n<p><!-- \u5168\u5c40\u54cd\u5e94\u5f0f\u6837\u5f0f --><\/p>\n<style>\n\/* \u57fa\u7840\u91cd\u7f6e *\/\n* {\n  box-sizing: border-box;\n  margin: 0;\n  padding: 0;\n}\n\/* \u79fb\u52a8\u7aef\u9002\u914d\uff08375px\u53ca\u4ee5\u4e0b\uff09 *\/\n@media (max-width: 375px) {\n  .t700cq-landing-page {\n    padding: 0.5rem !important;\n  }\n  .hero-section, .applications {\n    padding: 1rem !important;\n  }\n  .cta-section {\n    padding: 2rem 1rem !important;\n  }\n  .value-props > div > div, .trust-section, .faq {\n    padding: 0 !important;\n  }\n  .product-image-section img {\n    max-width: 95% !important;\n  }\n}\n\/* \u5e73\u677f\u9002\u914d\uff08768px\u53ca\u4ee5\u4e0b\uff09 *\/\n@media (max-width: 768px) {\n  \/* \u53d6\u6d88\u4e0d\u5fc5\u8981\u7684\u9634\u5f71\uff0c\u63d0\u5347\u52a0\u8f7d\u901f\u5ea6 *\/\n  .value-props > div > div, .trust-section table {\n    box-shadow: none !important;\n    border: 1px solid #e2e8f0 !important;\n  }\n  \/* \u7b80\u5316\u95f4\u8ddd *\/\n  .hero-section, .value-props, .trust-section, .applications, .cta-section, .faq {\n    margin-bottom: 1.5rem !important;\n  }\n}\n\/* PC\u7aef\u4f18\u5316\uff081200px\u4ee5\u4e0a\uff09 *\/\n@media (min-width: 1200px) {\n  .t700cq-landing-page {\n    padding: 2rem !important;\n  }\n  .value-props > div {\n    gap: 1.5rem !important;\n  }\n}\n<\/style>","protected":false},"excerpt":{"rendered":"<p>T700CQ Cable Blowing Machine | High-Speed Fiber Installation Professional fiber optic blower for telecom \/ FTTx projects. Faster than traditional cable pulling methods. Competitive price. In stock now! Get A Quote View Specs Why Choose Our T700CQ Fiber Blowers? High-Speed Operation With a pushing speed of up to 120 meters per minute, it installs fiber [&hellip;]<\/p>","protected":false},"author":1,"featured_media":0,"parent":0,"menu_order":0,"comment_status":"closed","ping_status":"closed","template":"","meta":{"footnotes":""},"class_list":["post-5372","page","type-page","status-publish","hentry"],"yoast_head":"<!-- This site is optimized with the Yoast SEO plugin v26.6 - https:\/\/yoast.com\/wordpress\/plugins\/seo\/ -->\n<title>T700CQ Cable Blowing Machine - Communication Test Expert<\/title>\n<meta name=\"robots\" content=\"index, follow, max-snippet:-1, max-image-preview:large, max-video-preview:-1\" \/>\n<link rel=\"canonical\" href=\"https:\/\/www.tfngj.com\/fr\/t700cq-cable-blowing-machine\/\" \/>\n<meta property=\"og:locale\" content=\"fr_FR\" \/>\n<meta property=\"og:type\" content=\"article\" \/>\n<meta property=\"og:title\" content=\"T700CQ Cable Blowing Machine - Communication Test Expert\" \/>\n<meta property=\"og:description\" content=\"T700CQ Cable Blowing Machine | High-Speed Fiber Installation Professional fiber optic blower for telecom \/ FTTx projects. Faster than traditional cable pulling methods. Competitive price. In stock now! Get A Quote View Specs Why Choose Our T700CQ Fiber Blowers? High-Speed Operation With a pushing speed of up to 120 meters per minute, it installs fiber [&hellip;]\" \/>\n<meta property=\"og:url\" content=\"https:\/\/www.tfngj.com\/fr\/t700cq-cable-blowing-machine\/\" \/>\n<meta property=\"og:site_name\" content=\"Communication Test Expert\" \/>\n<meta property=\"article:modified_time\" content=\"2026-01-21T03:27:30+00:00\" \/>\n<meta property=\"og:image\" content=\"https:\/\/www.tfngj.com\/wp-content\/uploads\/2025\/10\/T700CY-1.webp\" \/>\n<meta name=\"twitter:card\" content=\"summary_large_image\" \/>\n<meta name=\"twitter:label1\" content=\"Dur\u00e9e de lecture estim\u00e9e\" \/>\n\t<meta name=\"twitter:data1\" content=\"3 minutes\" \/>\n<script type=\"application\/ld+json\" class=\"yoast-schema-graph\">{\"@context\":\"https:\/\/schema.org\",\"@graph\":[{\"@type\":\"WebPage\",\"@id\":\"https:\/\/www.tfngj.com\/t700cq-cable-blowing-machine\/\",\"url\":\"https:\/\/www.tfngj.com\/t700cq-cable-blowing-machine\/\",\"name\":\"T700CQ Cable Blowing Machine - Communication Test Expert\",\"isPartOf\":{\"@id\":\"https:\/\/www.tfngj.com\/#website\"},\"primaryImageOfPage\":{\"@id\":\"https:\/\/www.tfngj.com\/t700cq-cable-blowing-machine\/#primaryimage\"},\"image\":{\"@id\":\"https:\/\/www.tfngj.com\/t700cq-cable-blowing-machine\/#primaryimage\"},\"thumbnailUrl\":\"https:\/\/www.tfngj.com\/wp-content\/uploads\/2025\/10\/T700CY-1.webp\",\"datePublished\":\"2026-01-08T09:20:23+00:00\",\"dateModified\":\"2026-01-21T03:27:30+00:00\",\"breadcrumb\":{\"@id\":\"https:\/\/www.tfngj.com\/t700cq-cable-blowing-machine\/#breadcrumb\"},\"inLanguage\":\"fr-FR\",\"potentialAction\":[{\"@type\":\"ReadAction\",\"target\":[\"https:\/\/www.tfngj.com\/t700cq-cable-blowing-machine\/\"]}]},{\"@type\":\"ImageObject\",\"inLanguage\":\"fr-FR\",\"@id\":\"https:\/\/www.tfngj.com\/t700cq-cable-blowing-machine\/#primaryimage\",\"url\":\"https:\/\/www.tfngj.com\/wp-content\/uploads\/2025\/10\/T700CY-1.webp\",\"contentUrl\":\"https:\/\/www.tfngj.com\/wp-content\/uploads\/2025\/10\/T700CY-1.webp\"},{\"@type\":\"BreadcrumbList\",\"@id\":\"https:\/\/www.tfngj.com\/t700cq-cable-blowing-machine\/#breadcrumb\",\"itemListElement\":[{\"@type\":\"ListItem\",\"position\":1,\"name\":\"Home\",\"item\":\"https:\/\/www.tfngj.com\/\"},{\"@type\":\"ListItem\",\"position\":2,\"name\":\"T700CQ Cable Blowing Machine\"}]},{\"@type\":\"WebSite\",\"@id\":\"https:\/\/www.tfngj.com\/#website\",\"url\":\"https:\/\/www.tfngj.com\/\",\"name\":\"TFN-Communication Test Expert\",\"description\":\"Find Perfect Solutions in TFN\",\"publisher\":{\"@id\":\"https:\/\/www.tfngj.com\/#organization\"},\"alternateName\":\"TFN\",\"potentialAction\":[{\"@type\":\"SearchAction\",\"target\":{\"@type\":\"EntryPoint\",\"urlTemplate\":\"https:\/\/www.tfngj.com\/?s={search_term_string}\"},\"query-input\":{\"@type\":\"PropertyValueSpecification\",\"valueRequired\":true,\"valueName\":\"search_term_string\"}}],\"inLanguage\":\"fr-FR\"},{\"@type\":\"Organization\",\"@id\":\"https:\/\/www.tfngj.com\/#organization\",\"name\":\"TFN\",\"url\":\"https:\/\/www.tfngj.com\/\",\"logo\":{\"@type\":\"ImageObject\",\"inLanguage\":\"fr-FR\",\"@id\":\"https:\/\/www.tfngj.com\/#\/schema\/logo\/image\/\",\"url\":\"https:\/\/www.tfngj.com\/wp-content\/uploads\/2025\/09\/\u9ed1logo.png\",\"contentUrl\":\"https:\/\/www.tfngj.com\/wp-content\/uploads\/2025\/09\/\u9ed1logo.png\",\"width\":939,\"height\":232,\"caption\":\"TFN\"},\"image\":{\"@id\":\"https:\/\/www.tfngj.com\/#\/schema\/logo\/image\/\"},\"sameAs\":[\"https:\/\/www.youtube.com\/@FateTFN\/search\"]}]}<\/script>\n<!-- \/ Yoast SEO plugin. -->","yoast_head_json":{"title":"Machine \u00e0 souffler les c\u00e2bles T700CQ - Communication Test Expert","robots":{"index":"index","follow":"follow","max-snippet":"max-snippet:-1","max-image-preview":"max-image-preview:large","max-video-preview":"max-video-preview:-1"},"canonical":"https:\/\/www.tfngj.com\/fr\/t700cq-cable-blowing-machine\/","og_locale":"fr_FR","og_type":"article","og_title":"T700CQ Cable Blowing Machine - Communication Test Expert","og_description":"T700CQ Cable Blowing Machine | High-Speed Fiber Installation Professional fiber optic blower for telecom \/ FTTx projects. Faster than traditional cable pulling methods. Competitive price. In stock now! Get A Quote View Specs Why Choose Our T700CQ Fiber Blowers? High-Speed Operation With a pushing speed of up to 120 meters per minute, it installs fiber [&hellip;]","og_url":"https:\/\/www.tfngj.com\/fr\/t700cq-cable-blowing-machine\/","og_site_name":"Communication Test Expert","article_modified_time":"2026-01-21T03:27:30+00:00","og_image":[{"url":"https:\/\/www.tfngj.com\/wp-content\/uploads\/2025\/10\/T700CY-1.webp","type":"","width":"","height":""}],"twitter_card":"summary_large_image","twitter_misc":{"Dur\u00e9e de lecture estim\u00e9e":"3 minutes"},"schema":{"@context":"https:\/\/schema.org","@graph":[{"@type":"WebPage","@id":"https:\/\/www.tfngj.com\/t700cq-cable-blowing-machine\/","url":"https:\/\/www.tfngj.com\/t700cq-cable-blowing-machine\/","name":"Machine \u00e0 souffler les c\u00e2bles T700CQ - Communication Test Expert","isPartOf":{"@id":"https:\/\/www.tfngj.com\/#website"},"primaryImageOfPage":{"@id":"https:\/\/www.tfngj.com\/t700cq-cable-blowing-machine\/#primaryimage"},"image":{"@id":"https:\/\/www.tfngj.com\/t700cq-cable-blowing-machine\/#primaryimage"},"thumbnailUrl":"https:\/\/www.tfngj.com\/wp-content\/uploads\/2025\/10\/T700CY-1.webp","datePublished":"2026-01-08T09:20:23+00:00","dateModified":"2026-01-21T03:27:30+00:00","breadcrumb":{"@id":"https:\/\/www.tfngj.com\/t700cq-cable-blowing-machine\/#breadcrumb"},"inLanguage":"fr-FR","potentialAction":[{"@type":"ReadAction","target":["https:\/\/www.tfngj.com\/t700cq-cable-blowing-machine\/"]}]},{"@type":"ImageObject","inLanguage":"fr-FR","@id":"https:\/\/www.tfngj.com\/t700cq-cable-blowing-machine\/#primaryimage","url":"https:\/\/www.tfngj.com\/wp-content\/uploads\/2025\/10\/T700CY-1.webp","contentUrl":"https:\/\/www.tfngj.com\/wp-content\/uploads\/2025\/10\/T700CY-1.webp"},{"@type":"BreadcrumbList","@id":"https:\/\/www.tfngj.com\/t700cq-cable-blowing-machine\/#breadcrumb","itemListElement":[{"@type":"ListItem","position":1,"name":"Home","item":"https:\/\/www.tfngj.com\/"},{"@type":"ListItem","position":2,"name":"T700CQ Cable Blowing Machine"}]},{"@type":"WebSite","@id":"https:\/\/www.tfngj.com\/#website","url":"https:\/\/www.tfngj.com\/","name":"TFN - Expert en essais de communication","description":"Trouver des solutions parfaites dans la TFN","publisher":{"@id":"https:\/\/www.tfngj.com\/#organization"},"alternateName":"TFN","potentialAction":[{"@type":"SearchAction","target":{"@type":"EntryPoint","urlTemplate":"https:\/\/www.tfngj.com\/?s={search_term_string}"},"query-input":{"@type":"PropertyValueSpecification","valueRequired":true,"valueName":"search_term_string"}}],"inLanguage":"fr-FR"},{"@type":"Organization","@id":"https:\/\/www.tfngj.com\/#organization","name":"TFN","url":"https:\/\/www.tfngj.com\/","logo":{"@type":"ImageObject","inLanguage":"fr-FR","@id":"https:\/\/www.tfngj.com\/#\/schema\/logo\/image\/","url":"https:\/\/www.tfngj.com\/wp-content\/uploads\/2025\/09\/\u9ed1logo.png","contentUrl":"https:\/\/www.tfngj.com\/wp-content\/uploads\/2025\/09\/\u9ed1logo.png","width":939,"height":232,"caption":"TFN"},"image":{"@id":"https:\/\/www.tfngj.com\/#\/schema\/logo\/image\/"},"sameAs":["https:\/\/www.youtube.com\/@FateTFN\/search"]}]}},"_links":{"self":[{"href":"https:\/\/www.tfngj.com\/fr\/wp-json\/wp\/v2\/pages\/5372","targetHints":{"allow":["GET"]}}],"collection":[{"href":"https:\/\/www.tfngj.com\/fr\/wp-json\/wp\/v2\/pages"}],"about":[{"href":"https:\/\/www.tfngj.com\/fr\/wp-json\/wp\/v2\/types\/page"}],"author":[{"embeddable":true,"href":"https:\/\/www.tfngj.com\/fr\/wp-json\/wp\/v2\/users\/1"}],"replies":[{"embeddable":true,"href":"https:\/\/www.tfngj.com\/fr\/wp-json\/wp\/v2\/comments?post=5372"}],"version-history":[{"count":27,"href":"https:\/\/www.tfngj.com\/fr\/wp-json\/wp\/v2\/pages\/5372\/revisions"}],"predecessor-version":[{"id":5707,"href":"https:\/\/www.tfngj.com\/fr\/wp-json\/wp\/v2\/pages\/5372\/revisions\/5707"}],"wp:attachment":[{"href":"https:\/\/www.tfngj.com\/fr\/wp-json\/wp\/v2\/media?parent=5372"}],"curies":[{"name":"wp","href":"https:\/\/api.w.org\/{rel}","templated":true}]}}