{"id":4644,"date":"2025-11-18T11:10:14","date_gmt":"2025-11-18T03:10:14","guid":{"rendered":"https:\/\/www.tfngj.com\/?page_id=4644"},"modified":"2025-11-18T14:00:35","modified_gmt":"2025-11-18T06:00:35","slug":"college-or-rd-institutions","status":"publish","type":"page","link":"https:\/\/www.tfngj.com\/fr\/college-or-rd-institutions\/","title":{"rendered":"\u00c9tablissements d'enseignement sup\u00e9rieur ou de recherche"},"content":{"rendered":"<div class=\"wp-block-cover alignfull\" style=\"min-height:487px;aspect-ratio:unset;\"><img loading=\"lazy\" decoding=\"async\" width=\"2560\" height=\"1440\" class=\"wp-block-cover__image-background wp-image-1624 size-large\" alt=\"arri\u00e8re-plan du formulaire de contact\" src=\"https:\/\/www.tfngj.com\/wp-content\/uploads\/2025\/09\/pexels-steve-12843342-scaled.jpg\" data-object-fit=\"cover\" srcset=\"https:\/\/www.tfngj.com\/wp-content\/uploads\/2025\/09\/pexels-steve-12843342-scaled.jpg 2560w, https:\/\/www.tfngj.com\/wp-content\/uploads\/2025\/09\/pexels-steve-12843342-300x169.jpg 300w, https:\/\/www.tfngj.com\/wp-content\/uploads\/2025\/09\/pexels-steve-12843342-1024x576.jpg 1024w, https:\/\/www.tfngj.com\/wp-content\/uploads\/2025\/09\/pexels-steve-12843342-768x432.jpg 768w, https:\/\/www.tfngj.com\/wp-content\/uploads\/2025\/09\/pexels-steve-12843342-1536x864.jpg 1536w, https:\/\/www.tfngj.com\/wp-content\/uploads\/2025\/09\/pexels-steve-12843342-2048x1152.jpg 2048w, https:\/\/www.tfngj.com\/wp-content\/uploads\/2025\/09\/pexels-steve-12843342-600x338.jpg 600w\" sizes=\"auto, (max-width: 2560px) 100vw, 2560px\" \/><span aria-hidden=\"true\" class=\"wp-block-cover__background has-background-dim-10 has-background-dim\"><\/span><div class=\"wp-block-cover__inner-container is-layout-flow wp-block-cover-is-layout-flow\"><h1 class=\"wp-block-heading has-text-align-center has-5-x-large-font-size\" id=\"college-or-rd-institutions\">\u00c9tablissements d'enseignement sup\u00e9rieur ou de recherche<\/h1>\n<\/div><\/div>\n\n\n\n<p style=\"margin-top:var(--wp--preset--spacing--large)\">Alors que les technologies de communication continuent de progresser, chaque segment de la cha\u00eene de l'industrie de la communication \u00e9volue rapidement, consolidant le secteur en tant qu'industrie strat\u00e9gique nationale. La construction et l'application de l'internet par satellite s'acc\u00e9l\u00e8rent, l'infrastructure informatique de l'IA s'am\u00e9liore r\u00e9guli\u00e8rement et l'\u00e9conomie num\u00e9rique remod\u00e8le la structure \u00e9conomique globale. Ces \u00e9volutions favorisent non seulement une croissance \u00e9conomique de qualit\u00e9, mais jouent \u00e9galement un r\u00f4le crucial dans la strat\u00e9gie nationale et la concurrence technologique mondiale.<\/p>\n\n\n\n<p>Dans ce contexte, les agences gouvernementales, les universit\u00e9s de communication et les instituts de recherche lancent un nombre croissant de projets de recherche scientifique, ce qui entra\u00eene une augmentation de la demande d'instruments de test et de mesure professionnels.<\/p>\n\n\n\n<p style=\"margin-top:var(--wp--preset--spacing--large)\">Les solutions de test de TFN soutiennent la R&amp;D et la v\u00e9rification d'une large gamme de technologies de communication, aidant les \u00e9quipes de recherche \u00e0 am\u00e9liorer l'efficacit\u00e9 du d\u00e9veloppement, \u00e0 renforcer la pr\u00e9cision des tests et \u00e0 acc\u00e9l\u00e9rer la transformation de la recherche scientifique en applications pratiques. <\/p>\n\n\n\n<div class=\"wp-block-columns alignwide are-vertically-aligned-center is-layout-flex wp-container-core-columns-is-layout-b9f7452e wp-block-columns-is-layout-flex\" style=\"margin-top:var(--wp--preset--spacing--x-large)\">\n<div class=\"wp-block-column is-vertically-aligned-center is-layout-flow wp-block-column-is-layout-flow\">\n<figure class=\"wp-block-image size-large\"><img decoding=\"async\" src=\"https:\/\/www.tfngj.com\/wp-content\/uploads\/2025\/11\/city.jpg\" alt=\"\" style=\"aspect-ratio:16\/9;object-fit:cover\"\/><\/figure>\n<\/div>\n\n\n\n<div class=\"wp-block-column is-vertically-aligned-center is-layout-flow wp-block-column-is-layout-flow\"><h2 class=\"wp-block-heading has-4-x-large-font-size\" id=\"government-institutions\">Institutions gouvernementales<\/h2>\n\n\n\n<p>Les d\u00e9partements et associations de communication du gouvernement am\u00e9liorent progressivement les normes de l'industrie de la communication en fonction des besoins des diff\u00e9rentes industries, et la demande d'instruments de test plus haut de gamme augmente. TFN met \u00e0 jour les instruments de test it\u00e9ratifs en fonction de la demande du march\u00e9 afin de r\u00e9pondre aux besoins de test de plus grande pr\u00e9cision et de plus de fonctions.<\/p>\n<\/div>\n<\/div>\n\n\n\n<div class=\"wp-block-columns alignwide are-vertically-aligned-center is-layout-flex wp-container-core-columns-is-layout-b9f7452e wp-block-columns-is-layout-flex\" style=\"margin-top:var(--wp--preset--spacing--x-large)\">\n<div class=\"wp-block-column is-vertically-aligned-center is-layout-flow wp-block-column-is-layout-flow\">\n<figure class=\"wp-block-image size-large\"><img decoding=\"async\" src=\"https:\/\/www.tfngj.com\/wp-content\/uploads\/2025\/11\/teach.jpg\" alt=\"\" style=\"aspect-ratio:16\/9;object-fit:cover\"\/><\/figure>\n<\/div>\n\n\n\n<div class=\"wp-block-column is-vertically-aligned-center is-layout-flow wp-block-column-is-layout-flow\"><h2 class=\"wp-block-heading has-4-x-large-font-size\" id=\"colleges\">Coll\u00e8ges<\/h2>\n\n\n\n<p>La majeure en ing\u00e9nierie de la communication dans les universit\u00e9s est le berceau de la culture des talents dans le domaine de la communication. Les instruments de test TFN peuvent non seulement r\u00e9pondre aux besoins exp\u00e9rimentaux, mais sont \u00e9galement largement utilis\u00e9s dans l'enseignement.<\/p>\n<\/div>\n<\/div>\n\n\n\n<div class=\"wp-block-columns alignwide are-vertically-aligned-center is-layout-flex wp-container-core-columns-is-layout-b9f7452e wp-block-columns-is-layout-flex\" style=\"margin-top:var(--wp--preset--spacing--x-large)\">\n<div class=\"wp-block-column is-vertically-aligned-center is-layout-flow wp-block-column-is-layout-flow\">\n<figure class=\"wp-block-image size-large\"><img decoding=\"async\" src=\"https:\/\/www.tfngj.com\/wp-content\/uploads\/2025\/11\/research.jpg\" alt=\"\" style=\"aspect-ratio:16\/9;object-fit:cover\"\/><\/figure>\n<\/div>\n\n\n\n<div class=\"wp-block-column is-vertically-aligned-center is-layout-flow wp-block-column-is-layout-flow\"><h2 class=\"wp-block-heading has-4-x-large-font-size\" id=\"research-institutes\">Instituts de recherche<\/h2>\n\n\n\n<p>Les instituts de recherche scientifique entreprennent des t\u00e2ches de recherche et de d\u00e9veloppement au niveau strat\u00e9gique national. Les instruments de test TFN r\u00e9pondent aux besoins de tests exp\u00e9rimentaux de haut niveau dans les domaines de la radiofr\u00e9quence, de la radio et autres.<\/p>\n<\/div>\n<\/div>\n\n\n\n<div class=\"wp-block-columns alignwide are-vertically-aligned-center is-layout-flex wp-container-core-columns-is-layout-b9f7452e wp-block-columns-is-layout-flex\" style=\"margin-top:var(--wp--preset--spacing--x-large)\">\n<div class=\"wp-block-column is-vertically-aligned-center is-layout-flow wp-block-column-is-layout-flow\">\n<figure class=\"wp-block-image size-large\"><img decoding=\"async\" src=\"https:\/\/www.tfngj.com\/wp-content\/uploads\/2025\/11\/buliding.jpg\" alt=\"\" style=\"aspect-ratio:16\/9;object-fit:cover\"\/><\/figure>\n<\/div>\n\n\n\n<div class=\"wp-block-column is-vertically-aligned-center is-layout-flow wp-block-column-is-layout-flow\"><h2 class=\"wp-block-heading has-4-x-large-font-size\" id=\"corporate-rd\">R&amp;D des entreprises<\/h2>\n\n\n\n<p>Avec le d\u00e9veloppement continu de l'Internet et de la communication, les investissements en R&amp;D des grandes entreprises dans divers domaines de l'industrie de la communication augmentent \u00e9galement, et les instruments de test TFN sont progressivement devenus le premier choix pour les tests de R&amp;D des grandes entreprises.<\/p>\n<\/div>\n<\/div>\n\n\n<h2 class=\"wp-block-heading alignwide has-text-color has-link-color has-4-x-large-font-size wp-elements-1a1775ed373c6f97f949441955b42713\" style=\"color:#3672d2;margin-top:var(--wp--preset--spacing--2-x-large);margin-bottom:var(--wp--preset--spacing--large)\" id=\"related-products\">Produits apparent\u00e9s<\/h2>\n\n\n\n<div class=\"wp-block-columns alignwide is-layout-flex wp-container-core-columns-is-layout-28f84493 wp-block-columns-is-layout-flex\">\n<div class=\"wp-block-column is-layout-flow wp-block-column-is-layout-flow\">\n<figure class=\"wp-block-image aligncenter size-full is-resized\"><img loading=\"lazy\" decoding=\"async\" width=\"800\" height=\"800\" src=\"https:\/\/www.tfngj.com\/wp-content\/uploads\/2025\/10\/T6300A-\u900f\u660e.webp\" alt=\"testeur de r\u00e9seau complet\" class=\"wp-image-3893\" style=\"width:350px;height:auto\" srcset=\"https:\/\/www.tfngj.com\/wp-content\/uploads\/2025\/10\/T6300A-\u900f\u660e.webp 800w, https:\/\/www.tfngj.com\/wp-content\/uploads\/2025\/10\/T6300A-\u900f\u660e-300x300.webp 300w, https:\/\/www.tfngj.com\/wp-content\/uploads\/2025\/10\/T6300A-\u900f\u660e-150x150.webp 150w, https:\/\/www.tfngj.com\/wp-content\/uploads\/2025\/10\/T6300A-\u900f\u660e-768x768.webp 768w, https:\/\/www.tfngj.com\/wp-content\/uploads\/2025\/10\/T6300A-\u900f\u660e-12x12.webp 12w, https:\/\/www.tfngj.com\/wp-content\/uploads\/2025\/10\/T6300A-\u900f\u660e-600x600.webp 600w, https:\/\/www.tfngj.com\/wp-content\/uploads\/2025\/10\/T6300A-\u900f\u660e-100x100.webp 100w\" sizes=\"auto, (max-width: 800px) 100vw, 800px\" \/><\/figure>\n\n\n\n<div class=\"wp-block-buttons is-content-justification-center is-layout-flex wp-container-core-buttons-is-layout-a89b3969 wp-block-buttons-is-layout-flex\">\n<div class=\"wp-block-button is-style-outline is-style-outline--1\"><a class=\"wp-block-button__link wp-element-button\" href=\"https:\/\/www.tfngj.com\/fr\/t6300a-network-tester\/\">Testeur de r\u00e9seau T6300A<\/a><\/div>\n<\/div>\n\n\n\n<p class=\"has-text-align-center\">Test Ethernet 10\/100\/1000 M<\/p>\n<\/div>\n\n\n\n<div class=\"wp-block-column is-layout-flow wp-block-column-is-layout-flow\">\n<figure class=\"wp-block-image aligncenter size-full is-resized\"><img loading=\"lazy\" decoding=\"async\" width=\"800\" height=\"800\" src=\"https:\/\/www.tfngj.com\/wp-content\/uploads\/2025\/10\/\u900f\u660e-10.png\" alt=\"g\u00e9n\u00e9rateur de signaux\" class=\"wp-image-2475\" style=\"width:350px;height:auto\" srcset=\"https:\/\/www.tfngj.com\/wp-content\/uploads\/2025\/10\/\u900f\u660e-10.png 800w, https:\/\/www.tfngj.com\/wp-content\/uploads\/2025\/10\/\u900f\u660e-10-300x300.png 300w, https:\/\/www.tfngj.com\/wp-content\/uploads\/2025\/10\/\u900f\u660e-10-150x150.png 150w, https:\/\/www.tfngj.com\/wp-content\/uploads\/2025\/10\/\u900f\u660e-10-768x768.png 768w, https:\/\/www.tfngj.com\/wp-content\/uploads\/2025\/10\/\u900f\u660e-10-12x12.png 12w, https:\/\/www.tfngj.com\/wp-content\/uploads\/2025\/10\/\u900f\u660e-10-600x600.png 600w, https:\/\/www.tfngj.com\/wp-content\/uploads\/2025\/10\/\u900f\u660e-10-100x100.png 100w\" sizes=\"auto, (max-width: 800px) 100vw, 800px\" \/><\/figure>\n\n\n\n<div class=\"wp-block-buttons is-content-justification-center is-layout-flex wp-container-core-buttons-is-layout-a89b3969 wp-block-buttons-is-layout-flex\">\n<div class=\"wp-block-button is-style-outline is-style-outline--2\"><a class=\"wp-block-button__link wp-element-button\" href=\"https:\/\/www.tfngj.com\/fr\/150h-l-antenna-analyzers\/\">TG115 G\u00e9n\u00e9rateur de signaux<\/a><\/div>\n<\/div>\n\n\n\n<p class=\"has-text-align-center\">Source de signaux RF et micro-ondes de haute pr\u00e9cision<\/p>\n<\/div>\n\n\n\n<div class=\"wp-block-column is-layout-flow wp-block-column-is-layout-flow\">\n<figure class=\"wp-block-image aligncenter size-full is-resized\"><img loading=\"lazy\" decoding=\"async\" width=\"800\" height=\"800\" src=\"https:\/\/www.tfngj.com\/wp-content\/uploads\/2025\/09\/RMT-\u900f\u660e.webp\" alt=\"Analyseur de spectre RMT\" class=\"wp-image-3618\" style=\"width:350px;height:auto\" srcset=\"https:\/\/www.tfngj.com\/wp-content\/uploads\/2025\/09\/RMT-\u900f\u660e.webp 800w, https:\/\/www.tfngj.com\/wp-content\/uploads\/2025\/09\/RMT-\u900f\u660e-300x300.webp 300w, https:\/\/www.tfngj.com\/wp-content\/uploads\/2025\/09\/RMT-\u900f\u660e-150x150.webp 150w, https:\/\/www.tfngj.com\/wp-content\/uploads\/2025\/09\/RMT-\u900f\u660e-768x768.webp 768w, https:\/\/www.tfngj.com\/wp-content\/uploads\/2025\/09\/RMT-\u900f\u660e-12x12.webp 12w, https:\/\/www.tfngj.com\/wp-content\/uploads\/2025\/09\/RMT-\u900f\u660e-600x600.webp 600w, https:\/\/www.tfngj.com\/wp-content\/uploads\/2025\/09\/RMT-\u900f\u660e-100x100.webp 100w\" sizes=\"auto, (max-width: 800px) 100vw, 800px\" \/><\/figure>\n\n\n\n<div class=\"wp-block-buttons is-content-justification-center is-layout-flex wp-container-core-buttons-is-layout-a89b3969 wp-block-buttons-is-layout-flex\">\n<div class=\"wp-block-button is-style-outline is-style-outline--3\"><a class=\"wp-block-button__link wp-element-button\" href=\"https:\/\/www.tfngj.com\/fr\/rmt-spectrum-analyzer\/\">Analyseurs de spectre RMT<\/a><\/div>\n<\/div>\n\n\n\n<p class=\"has-text-align-center\">Options de fr\u00e9quences multiples de 5 kHz \u00e0 40 GHz<\/p>\n<\/div>\n<\/div>\n\n\n\n<div style=\"height:100px\" aria-hidden=\"true\" class=\"wp-block-spacer\"><\/div>","protected":false},"excerpt":{"rendered":"<p>As communication technologies continue to advance, every segment of the communication industry chain is rapidly evolving, solidifying the sector as a national strategic industry. The construction and application of satellite Internet are accelerating, AI computing infrastructure is steadily improving, and the digital economy is reshaping the overall economic structure. These developments not only promote high-quality [&hellip;]<\/p>","protected":false},"author":1,"featured_media":0,"parent":0,"menu_order":0,"comment_status":"closed","ping_status":"closed","template":"","meta":{"footnotes":""},"class_list":["post-4644","page","type-page","status-publish","hentry"],"yoast_head":"<!-- This site is optimized with the Yoast SEO plugin v26.6 - https:\/\/yoast.com\/wordpress\/plugins\/seo\/ -->\n<title>College or RD Institutions - Communication Test Expert<\/title>\n<meta name=\"robots\" content=\"index, follow, max-snippet:-1, max-image-preview:large, max-video-preview:-1\" \/>\n<link rel=\"canonical\" href=\"https:\/\/www.tfngj.com\/fr\/college-or-rd-institutions\/\" \/>\n<meta property=\"og:locale\" content=\"fr_FR\" \/>\n<meta property=\"og:type\" content=\"article\" \/>\n<meta property=\"og:title\" content=\"College or RD Institutions - Communication Test Expert\" \/>\n<meta property=\"og:description\" content=\"As communication technologies continue to advance, every segment of the communication industry chain is rapidly evolving, solidifying the sector as a national strategic industry. The construction and application of satellite Internet are accelerating, AI computing infrastructure is steadily improving, and the digital economy is reshaping the overall economic structure. These developments not only promote high-quality [&hellip;]\" \/>\n<meta property=\"og:url\" content=\"https:\/\/www.tfngj.com\/fr\/college-or-rd-institutions\/\" \/>\n<meta property=\"og:site_name\" content=\"Communication Test Expert\" \/>\n<meta property=\"article:modified_time\" content=\"2025-11-18T06:00:35+00:00\" \/>\n<meta property=\"og:image\" content=\"https:\/\/www.tfngj.com\/wp-content\/uploads\/2025\/09\/pexels-steve-12843342-scaled.jpg\" \/>\n\t<meta property=\"og:image:width\" content=\"2560\" \/>\n\t<meta property=\"og:image:height\" content=\"1440\" \/>\n\t<meta property=\"og:image:type\" content=\"image\/jpeg\" \/>\n<meta name=\"twitter:card\" content=\"summary_large_image\" \/>\n<meta name=\"twitter:label1\" content=\"Dur\u00e9e de lecture estim\u00e9e\" \/>\n\t<meta name=\"twitter:data1\" content=\"2 minutes\" \/>\n<script type=\"application\/ld+json\" class=\"yoast-schema-graph\">{\"@context\":\"https:\/\/schema.org\",\"@graph\":[{\"@type\":\"WebPage\",\"@id\":\"https:\/\/www.tfngj.com\/college-or-rd-institutions\/\",\"url\":\"https:\/\/www.tfngj.com\/college-or-rd-institutions\/\",\"name\":\"College or RD Institutions - Communication Test Expert\",\"isPartOf\":{\"@id\":\"https:\/\/www.tfngj.com\/#website\"},\"primaryImageOfPage\":{\"@id\":\"https:\/\/www.tfngj.com\/college-or-rd-institutions\/#primaryimage\"},\"image\":{\"@id\":\"https:\/\/www.tfngj.com\/college-or-rd-institutions\/#primaryimage\"},\"thumbnailUrl\":\"https:\/\/www.tfngj.com\/wp-content\/uploads\/2025\/09\/pexels-steve-12843342-scaled.jpg\",\"datePublished\":\"2025-11-18T03:10:14+00:00\",\"dateModified\":\"2025-11-18T06:00:35+00:00\",\"breadcrumb\":{\"@id\":\"https:\/\/www.tfngj.com\/college-or-rd-institutions\/#breadcrumb\"},\"inLanguage\":\"fr-FR\",\"potentialAction\":[{\"@type\":\"ReadAction\",\"target\":[\"https:\/\/www.tfngj.com\/college-or-rd-institutions\/\"]}]},{\"@type\":\"ImageObject\",\"inLanguage\":\"fr-FR\",\"@id\":\"https:\/\/www.tfngj.com\/college-or-rd-institutions\/#primaryimage\",\"url\":\"https:\/\/www.tfngj.com\/wp-content\/uploads\/2025\/09\/pexels-steve-12843342-scaled.jpg\",\"contentUrl\":\"https:\/\/www.tfngj.com\/wp-content\/uploads\/2025\/09\/pexels-steve-12843342-scaled.jpg\"},{\"@type\":\"BreadcrumbList\",\"@id\":\"https:\/\/www.tfngj.com\/college-or-rd-institutions\/#breadcrumb\",\"itemListElement\":[{\"@type\":\"ListItem\",\"position\":1,\"name\":\"Home\",\"item\":\"https:\/\/www.tfngj.com\/\"},{\"@type\":\"ListItem\",\"position\":2,\"name\":\"College or RD Institutions\"}]},{\"@type\":\"WebSite\",\"@id\":\"https:\/\/www.tfngj.com\/#website\",\"url\":\"https:\/\/www.tfngj.com\/\",\"name\":\"TFN-Communication Test Expert\",\"description\":\"Find Perfect Solutions in TFN\",\"publisher\":{\"@id\":\"https:\/\/www.tfngj.com\/#organization\"},\"alternateName\":\"TFN\",\"potentialAction\":[{\"@type\":\"SearchAction\",\"target\":{\"@type\":\"EntryPoint\",\"urlTemplate\":\"https:\/\/www.tfngj.com\/?s={search_term_string}\"},\"query-input\":{\"@type\":\"PropertyValueSpecification\",\"valueRequired\":true,\"valueName\":\"search_term_string\"}}],\"inLanguage\":\"fr-FR\"},{\"@type\":\"Organization\",\"@id\":\"https:\/\/www.tfngj.com\/#organization\",\"name\":\"TFN\",\"url\":\"https:\/\/www.tfngj.com\/\",\"logo\":{\"@type\":\"ImageObject\",\"inLanguage\":\"fr-FR\",\"@id\":\"https:\/\/www.tfngj.com\/#\/schema\/logo\/image\/\",\"url\":\"https:\/\/www.tfngj.com\/wp-content\/uploads\/2025\/09\/\u9ed1logo.png\",\"contentUrl\":\"https:\/\/www.tfngj.com\/wp-content\/uploads\/2025\/09\/\u9ed1logo.png\",\"width\":939,\"height\":232,\"caption\":\"TFN\"},\"image\":{\"@id\":\"https:\/\/www.tfngj.com\/#\/schema\/logo\/image\/\"},\"sameAs\":[\"https:\/\/www.youtube.com\/@FateTFN\/search\"]}]}<\/script>\n<!-- \/ Yoast SEO plugin. -->","yoast_head_json":{"title":"\u00c9tablissements d'enseignement sup\u00e9rieur - Expert en tests de communication","robots":{"index":"index","follow":"follow","max-snippet":"max-snippet:-1","max-image-preview":"max-image-preview:large","max-video-preview":"max-video-preview:-1"},"canonical":"https:\/\/www.tfngj.com\/fr\/college-or-rd-institutions\/","og_locale":"fr_FR","og_type":"article","og_title":"College or RD Institutions - Communication Test Expert","og_description":"As communication technologies continue to advance, every segment of the communication industry chain is rapidly evolving, solidifying the sector as a national strategic industry. The construction and application of satellite Internet are accelerating, AI computing infrastructure is steadily improving, and the digital economy is reshaping the overall economic structure. These developments not only promote high-quality [&hellip;]","og_url":"https:\/\/www.tfngj.com\/fr\/college-or-rd-institutions\/","og_site_name":"Communication Test Expert","article_modified_time":"2025-11-18T06:00:35+00:00","og_image":[{"width":2560,"height":1440,"url":"https:\/\/www.tfngj.com\/wp-content\/uploads\/2025\/09\/pexels-steve-12843342-scaled.jpg","type":"image\/jpeg"}],"twitter_card":"summary_large_image","twitter_misc":{"Dur\u00e9e de lecture estim\u00e9e":"2 minutes"},"schema":{"@context":"https:\/\/schema.org","@graph":[{"@type":"WebPage","@id":"https:\/\/www.tfngj.com\/college-or-rd-institutions\/","url":"https:\/\/www.tfngj.com\/college-or-rd-institutions\/","name":"\u00c9tablissements d'enseignement sup\u00e9rieur - Expert en tests de communication","isPartOf":{"@id":"https:\/\/www.tfngj.com\/#website"},"primaryImageOfPage":{"@id":"https:\/\/www.tfngj.com\/college-or-rd-institutions\/#primaryimage"},"image":{"@id":"https:\/\/www.tfngj.com\/college-or-rd-institutions\/#primaryimage"},"thumbnailUrl":"https:\/\/www.tfngj.com\/wp-content\/uploads\/2025\/09\/pexels-steve-12843342-scaled.jpg","datePublished":"2025-11-18T03:10:14+00:00","dateModified":"2025-11-18T06:00:35+00:00","breadcrumb":{"@id":"https:\/\/www.tfngj.com\/college-or-rd-institutions\/#breadcrumb"},"inLanguage":"fr-FR","potentialAction":[{"@type":"ReadAction","target":["https:\/\/www.tfngj.com\/college-or-rd-institutions\/"]}]},{"@type":"ImageObject","inLanguage":"fr-FR","@id":"https:\/\/www.tfngj.com\/college-or-rd-institutions\/#primaryimage","url":"https:\/\/www.tfngj.com\/wp-content\/uploads\/2025\/09\/pexels-steve-12843342-scaled.jpg","contentUrl":"https:\/\/www.tfngj.com\/wp-content\/uploads\/2025\/09\/pexels-steve-12843342-scaled.jpg"},{"@type":"BreadcrumbList","@id":"https:\/\/www.tfngj.com\/college-or-rd-institutions\/#breadcrumb","itemListElement":[{"@type":"ListItem","position":1,"name":"Home","item":"https:\/\/www.tfngj.com\/"},{"@type":"ListItem","position":2,"name":"College or RD Institutions"}]},{"@type":"WebSite","@id":"https:\/\/www.tfngj.com\/#website","url":"https:\/\/www.tfngj.com\/","name":"TFN - Expert en essais de communication","description":"Trouver des solutions parfaites dans la TFN","publisher":{"@id":"https:\/\/www.tfngj.com\/#organization"},"alternateName":"TFN","potentialAction":[{"@type":"SearchAction","target":{"@type":"EntryPoint","urlTemplate":"https:\/\/www.tfngj.com\/?s={search_term_string}"},"query-input":{"@type":"PropertyValueSpecification","valueRequired":true,"valueName":"search_term_string"}}],"inLanguage":"fr-FR"},{"@type":"Organization","@id":"https:\/\/www.tfngj.com\/#organization","name":"TFN","url":"https:\/\/www.tfngj.com\/","logo":{"@type":"ImageObject","inLanguage":"fr-FR","@id":"https:\/\/www.tfngj.com\/#\/schema\/logo\/image\/","url":"https:\/\/www.tfngj.com\/wp-content\/uploads\/2025\/09\/\u9ed1logo.png","contentUrl":"https:\/\/www.tfngj.com\/wp-content\/uploads\/2025\/09\/\u9ed1logo.png","width":939,"height":232,"caption":"TFN"},"image":{"@id":"https:\/\/www.tfngj.com\/#\/schema\/logo\/image\/"},"sameAs":["https:\/\/www.youtube.com\/@FateTFN\/search"]}]}},"_links":{"self":[{"href":"https:\/\/www.tfngj.com\/fr\/wp-json\/wp\/v2\/pages\/4644","targetHints":{"allow":["GET"]}}],"collection":[{"href":"https:\/\/www.tfngj.com\/fr\/wp-json\/wp\/v2\/pages"}],"about":[{"href":"https:\/\/www.tfngj.com\/fr\/wp-json\/wp\/v2\/types\/page"}],"author":[{"embeddable":true,"href":"https:\/\/www.tfngj.com\/fr\/wp-json\/wp\/v2\/users\/1"}],"replies":[{"embeddable":true,"href":"https:\/\/www.tfngj.com\/fr\/wp-json\/wp\/v2\/comments?post=4644"}],"version-history":[{"count":10,"href":"https:\/\/www.tfngj.com\/fr\/wp-json\/wp\/v2\/pages\/4644\/revisions"}],"predecessor-version":[{"id":4671,"href":"https:\/\/www.tfngj.com\/fr\/wp-json\/wp\/v2\/pages\/4644\/revisions\/4671"}],"wp:attachment":[{"href":"https:\/\/www.tfngj.com\/fr\/wp-json\/wp\/v2\/media?parent=4644"}],"curies":[{"name":"wp","href":"https:\/\/api.w.org\/{rel}","templated":true}]}}