{"id":4592,"date":"2025-11-17T13:32:30","date_gmt":"2025-11-17T05:32:30","guid":{"rendered":"https:\/\/www.tfngj.com\/?page_id=4592"},"modified":"2025-11-18T11:11:57","modified_gmt":"2025-11-18T03:11:57","slug":"telecom-operators","status":"publish","type":"page","link":"https:\/\/www.tfngj.com\/fr\/telecom-operators\/","title":{"rendered":"Op\u00e9rateurs de t\u00e9l\u00e9communications"},"content":{"rendered":"<div class=\"wp-block-cover alignfull\" style=\"min-height:487px;aspect-ratio:unset;\"><img loading=\"lazy\" decoding=\"async\" width=\"1920\" height=\"1280\" class=\"wp-block-cover__image-background wp-image-3621 size-large\" alt=\"test de communication\" src=\"https:\/\/www.tfngj.com\/wp-content\/uploads\/2025\/09\/communication.webp\" style=\"object-position:48% 14%\" data-object-fit=\"cover\" data-object-position=\"48% 14%\" srcset=\"https:\/\/www.tfngj.com\/wp-content\/uploads\/2025\/09\/communication.webp 1920w, https:\/\/www.tfngj.com\/wp-content\/uploads\/2025\/09\/communication-300x200.webp 300w, https:\/\/www.tfngj.com\/wp-content\/uploads\/2025\/09\/communication-1024x683.webp 1024w, https:\/\/www.tfngj.com\/wp-content\/uploads\/2025\/09\/communication-768x512.webp 768w, https:\/\/www.tfngj.com\/wp-content\/uploads\/2025\/09\/communication-1536x1024.webp 1536w, https:\/\/www.tfngj.com\/wp-content\/uploads\/2025\/09\/communication-18x12.webp 18w, https:\/\/www.tfngj.com\/wp-content\/uploads\/2025\/09\/communication-600x400.webp 600w\" sizes=\"auto, (max-width: 1920px) 100vw, 1920px\" \/><span aria-hidden=\"true\" class=\"wp-block-cover__background has-background-dim-30 has-background-dim\"><\/span><div class=\"wp-block-cover__inner-container is-layout-flow wp-block-cover-is-layout-flow\"><h1 class=\"wp-block-heading has-text-align-center has-5-x-large-font-size\" id=\"telecom-operators\">Op\u00e9rateurs de t\u00e9l\u00e9communications<\/h1>\n<\/div><\/div>\n\n\n\n<p style=\"margin-top:var(--wp--preset--spacing--large)\">Le d\u00e9veloppement rapide de l'internet a remis en question les mod\u00e8les \u00e9conomiques traditionnels des op\u00e9rateurs de t\u00e9l\u00e9communications. Les technologies \u00e9mergentes, telles que l'internet des objets (IoT), la r\u00e9alit\u00e9 virtuelle (VR), la r\u00e9alit\u00e9 augment\u00e9e (AR) et l'intelligence artificielle (AI), entra\u00eenent une augmentation sans pr\u00e9c\u00e9dent de la demande de trafic sur le r\u00e9seau. En cons\u00e9quence, le secteur des t\u00e9l\u00e9communications subit une profonde transformation dans la mani\u00e8re dont les donn\u00e9es et les services sont fournis aux entreprises et aux consommateurs.<\/p>\n\n\n\n<p>Pour r\u00e9pondre \u00e0 ces besoins en constante \u00e9volution, les op\u00e9rateurs investissent de plus en plus dans de nouveaux domaines de croissance, notamment le d\u00e9ploiement de la 5G, la construction de stations de base, les services en nuage et la s\u00e9curit\u00e9 des r\u00e9seaux. Ces activit\u00e9s innovantes sont devenues des moteurs importants pour l'expansion future des revenus.<\/p>\n\n\n\n<p>TFN propose une gamme compl\u00e8te de solutions de test et de mesure adapt\u00e9es aux besoins des op\u00e9rateurs de t\u00e9l\u00e9communications modernes. Nos instruments prennent en charge les applications traditionnelles, telles que la v\u00e9rification FTTx, le test des c\u00e2bles optiques et la maintenance des r\u00e9seaux, tout en r\u00e9pondant aux exigences des technologies de nouvelle g\u00e9n\u00e9ration. Pour les services \u00e9mergents tels que l'analyse des signaux 5G, le test des stations de base sans fil et le diagnostic des r\u00e9seaux \u00e0 grande vitesse, TFN propose des outils avanc\u00e9s qui am\u00e9liorent l'efficacit\u00e9, la fiabilit\u00e9 et les performances globales du r\u00e9seau.<\/p>\n\n\n\n<p>En int\u00e9grant des capacit\u00e9s de test polyvalentes dans les domaines optique, sans fil et RF, TFN aide les op\u00e9rateurs de t\u00e9l\u00e9communications \u00e0 optimiser leur infrastructure de r\u00e9seau, \u00e0 acc\u00e9l\u00e9rer le d\u00e9ploiement des services et \u00e0 garantir une connectivit\u00e9 stable et de haute qualit\u00e9 aux utilisateurs finaux.<\/p>\n\n\n\n<div class=\"wp-block-columns alignwide are-vertically-aligned-center is-layout-flex wp-container-core-columns-is-layout-b9f7452e wp-block-columns-is-layout-flex\" style=\"margin-top:var(--wp--preset--spacing--x-large)\">\n<div class=\"wp-block-column is-vertically-aligned-center is-layout-flow wp-block-column-is-layout-flow\">\n<figure class=\"wp-block-image size-large\"><img decoding=\"async\" src=\"https:\/\/www.tfngj.com\/wp-content\/uploads\/2025\/11\/optic.jpg\" alt=\"\" style=\"aspect-ratio:16\/9;object-fit:cover\"\/><\/figure>\n<\/div>\n\n\n\n<div class=\"wp-block-column is-vertically-aligned-center is-layout-flow wp-block-column-is-layout-flow\"><h2 class=\"wp-block-heading has-4-x-large-font-size\" id=\"optical-network\">R\u00e9seau optique<\/h2>\n\n\n\n<p>L'application \u00e9tendue des r\u00e9seaux optiques, la capacit\u00e9 ultra-grande et les interfaces riches am\u00e9liorent la capacit\u00e9 des op\u00e9rateurs \u00e0 fournir rapidement des services de haute qualit\u00e9, \u00e0 r\u00e9duire les co\u00fbts d'exploitation des r\u00e9seaux et \u00e0 fournir de nouveaux points de croissance des b\u00e9n\u00e9fices pour les op\u00e9rateurs de t\u00e9l\u00e9communications.<\/p>\n<\/div>\n<\/div>\n\n\n\n<div class=\"wp-block-columns alignwide are-vertically-aligned-center is-layout-flex wp-container-core-columns-is-layout-b9f7452e wp-block-columns-is-layout-flex\" style=\"margin-top:var(--wp--preset--spacing--x-large)\">\n<div class=\"wp-block-column is-vertically-aligned-center is-layout-flow wp-block-column-is-layout-flow\">\n<figure class=\"wp-block-image size-large\"><img decoding=\"async\" src=\"https:\/\/www.tfngj.com\/wp-content\/uploads\/2025\/11\/11-14.webp\" alt=\"\" style=\"aspect-ratio:16\/9;object-fit:cover\"\/><\/figure>\n<\/div>\n\n\n\n<div class=\"wp-block-column is-vertically-aligned-center is-layout-flow wp-block-column-is-layout-flow\"><h2 class=\"wp-block-heading has-4-x-large-font-size\" id=\"5g-network-and-base-station\">R\u00e9seau 5G et station de base<\/h2>\n\n\n\n<p>L'application \u00e0 grande \u00e9chelle de la 5G a entra\u00een\u00e9 une croissance exponentielle des donn\u00e9es, et le taux de transmission des donn\u00e9es s'est progressivement acc\u00e9l\u00e9r\u00e9. Les instruments de test de TFN peuvent tester la performance de la transmission des services de donn\u00e9es dans le cadre des r\u00e9seaux 5G afin d'assurer un fonctionnement \u00e0 grande vitesse du r\u00e9seau.<\/p>\n<\/div>\n<\/div>\n\n\n\n<div class=\"wp-block-columns alignwide are-vertically-aligned-center is-layout-flex wp-container-core-columns-is-layout-b9f7452e wp-block-columns-is-layout-flex\" style=\"margin-top:var(--wp--preset--spacing--x-large)\">\n<div class=\"wp-block-column is-vertically-aligned-center is-layout-flow wp-block-column-is-layout-flow\">\n<figure class=\"wp-block-image size-large\"><img decoding=\"async\" src=\"https:\/\/www.tfngj.com\/wp-content\/uploads\/2025\/11\/server.jpg\" alt=\"\" style=\"aspect-ratio:16\/9;object-fit:cover\"\/><\/figure>\n<\/div>\n\n\n\n<div class=\"wp-block-column is-vertically-aligned-center is-layout-flow wp-block-column-is-layout-flow\"><h2 class=\"wp-block-heading has-4-x-large-font-size\" id=\"cloud-business\">Entreprise en nuage<\/h2>\n\n\n\n<p>Avec la transformation num\u00e9rique des op\u00e9rateurs de t\u00e9l\u00e9communications, les services en nuage sont devenus une force motrice importante pour la croissance des revenus des entreprises. Les instruments de TFN peuvent tester la vitesse de transmission des informations de l'informatique en nuage et garantir la puissance de calcul de la plateforme en nuage.<\/p>\n<\/div>\n<\/div>\n\n\n\n<div class=\"wp-block-columns alignwide are-vertically-aligned-center is-layout-flex wp-container-core-columns-is-layout-b9f7452e wp-block-columns-is-layout-flex\" style=\"margin-top:var(--wp--preset--spacing--x-large)\">\n<div class=\"wp-block-column is-vertically-aligned-center is-layout-flow wp-block-column-is-layout-flow\">\n<figure class=\"wp-block-image size-large\"><img decoding=\"async\" src=\"https:\/\/www.tfngj.com\/wp-content\/uploads\/2025\/11\/cyber-security.jpg\" alt=\"\" style=\"aspect-ratio:16\/9;object-fit:cover\"\/><\/figure>\n<\/div>\n\n\n\n<div class=\"wp-block-column is-vertically-aligned-center is-layout-flow wp-block-column-is-layout-flow\"><h2 class=\"wp-block-heading has-4-x-large-font-size\" id=\"cyber-security\">La cybers\u00e9curit\u00e9<\/h2>\n\n\n\n<p>Avec la croissance exponentielle des donn\u00e9es et le d\u00e9veloppement des r\u00e9seaux virtuels mobiles, la confidentialit\u00e9 num\u00e9rique et la s\u00e9curit\u00e9 des r\u00e9seaux sont devenues des pr\u00e9occupations majeures. Les instruments de TFN peuvent garantir la s\u00e9curit\u00e9 des r\u00e9seaux et des informations dans l'environnement test\u00e9 gr\u00e2ce \u00e0 l'analyse des interf\u00e9rences et \u00e0 l'identification des signaux.<\/p>\n<\/div>\n<\/div>\n\n\n<h2 class=\"wp-block-heading alignwide has-text-color has-link-color has-4-x-large-font-size wp-elements-1a1775ed373c6f97f949441955b42713\" style=\"color:#3672d2;margin-top:var(--wp--preset--spacing--2-x-large);margin-bottom:var(--wp--preset--spacing--large)\" id=\"related-products\">Produits apparent\u00e9s<\/h2>\n\n\n\n<div class=\"wp-block-columns alignwide is-layout-flex wp-container-core-columns-is-layout-28f84493 wp-block-columns-is-layout-flex\">\n<div class=\"wp-block-column is-layout-flow wp-block-column-is-layout-flow\">\n<figure class=\"wp-block-image aligncenter size-full is-resized\"><img loading=\"lazy\" decoding=\"async\" width=\"1000\" height=\"1000\" src=\"https:\/\/www.tfngj.com\/wp-content\/uploads\/2025\/09\/RM7-\u900f\u660e.webp\" alt=\"Testeur de fibre optique RM7 OTDR\" class=\"wp-image-3616\" style=\"width:350px;height:auto\" srcset=\"https:\/\/www.tfngj.com\/wp-content\/uploads\/2025\/09\/RM7-\u900f\u660e.webp 1000w, https:\/\/www.tfngj.com\/wp-content\/uploads\/2025\/09\/RM7-\u900f\u660e-300x300.webp 300w, https:\/\/www.tfngj.com\/wp-content\/uploads\/2025\/09\/RM7-\u900f\u660e-150x150.webp 150w, https:\/\/www.tfngj.com\/wp-content\/uploads\/2025\/09\/RM7-\u900f\u660e-768x768.webp 768w, https:\/\/www.tfngj.com\/wp-content\/uploads\/2025\/09\/RM7-\u900f\u660e-12x12.webp 12w, https:\/\/www.tfngj.com\/wp-content\/uploads\/2025\/09\/RM7-\u900f\u660e-600x600.webp 600w, https:\/\/www.tfngj.com\/wp-content\/uploads\/2025\/09\/RM7-\u900f\u660e-100x100.webp 100w\" sizes=\"auto, (max-width: 1000px) 100vw, 1000px\" \/><\/figure>\n\n\n\n<div class=\"wp-block-buttons is-content-justification-center is-layout-flex wp-container-core-buttons-is-layout-a89b3969 wp-block-buttons-is-layout-flex\">\n<div class=\"wp-block-button is-style-outline is-style-outline--1\"><a class=\"wp-block-button__link wp-element-button\" href=\"https:\/\/www.tfngj.com\/fr\/rm7-high-end-otdr\/\">Testeur RM7 OTDR<\/a><\/div>\n<\/div>\n\n\n\n<p class=\"has-text-align-center\">Gamme dynamique jusqu'\u00e0 50\/48 dB<\/p>\n<\/div>\n\n\n\n<div class=\"wp-block-column is-layout-flow wp-block-column-is-layout-flow\">\n<figure class=\"wp-block-image aligncenter size-full is-resized\"><img loading=\"lazy\" decoding=\"async\" width=\"800\" height=\"800\" src=\"https:\/\/www.tfngj.com\/wp-content\/uploads\/2025\/10\/150-3.webp\" alt=\"analyseur de c\u00e2bles et d&#039;antennes\" class=\"wp-image-3967\" style=\"width:350px;height:auto\" srcset=\"https:\/\/www.tfngj.com\/wp-content\/uploads\/2025\/10\/150-3.webp 800w, https:\/\/www.tfngj.com\/wp-content\/uploads\/2025\/10\/150-3-300x300.webp 300w, https:\/\/www.tfngj.com\/wp-content\/uploads\/2025\/10\/150-3-150x150.webp 150w, https:\/\/www.tfngj.com\/wp-content\/uploads\/2025\/10\/150-3-768x768.webp 768w, https:\/\/www.tfngj.com\/wp-content\/uploads\/2025\/10\/150-3-12x12.webp 12w, https:\/\/www.tfngj.com\/wp-content\/uploads\/2025\/10\/150-3-600x600.webp 600w, https:\/\/www.tfngj.com\/wp-content\/uploads\/2025\/10\/150-3-100x100.webp 100w\" sizes=\"auto, (max-width: 800px) 100vw, 800px\" \/><\/figure>\n\n\n\n<div class=\"wp-block-buttons is-content-justification-center is-layout-flex wp-container-core-buttons-is-layout-a89b3969 wp-block-buttons-is-layout-flex\">\n<div class=\"wp-block-button is-style-outline is-style-outline--2\"><a class=\"wp-block-button__link wp-element-button\" href=\"https:\/\/www.tfngj.com\/fr\/150h-l-antenna-analyzers\/\">150 Analyseurs d'antennes \u00e0 c\u00e2ble<\/a><\/div>\n<\/div>\n\n\n\n<p class=\"has-text-align-center\">Gamme de fr\u00e9quences : 2 MHz \u00e0 4,4 GHz\/6 GHz<\/p>\n<\/div>\n\n\n\n<div class=\"wp-block-column is-layout-flow wp-block-column-is-layout-flow\">\n<figure class=\"wp-block-image aligncenter size-full is-resized\"><img loading=\"lazy\" decoding=\"async\" width=\"800\" height=\"800\" src=\"https:\/\/www.tfngj.com\/wp-content\/uploads\/2025\/09\/RMT-\u900f\u660e.webp\" alt=\"Analyseur de spectre RMT\" class=\"wp-image-3618\" style=\"width:350px;height:auto\" srcset=\"https:\/\/www.tfngj.com\/wp-content\/uploads\/2025\/09\/RMT-\u900f\u660e.webp 800w, https:\/\/www.tfngj.com\/wp-content\/uploads\/2025\/09\/RMT-\u900f\u660e-300x300.webp 300w, https:\/\/www.tfngj.com\/wp-content\/uploads\/2025\/09\/RMT-\u900f\u660e-150x150.webp 150w, https:\/\/www.tfngj.com\/wp-content\/uploads\/2025\/09\/RMT-\u900f\u660e-768x768.webp 768w, https:\/\/www.tfngj.com\/wp-content\/uploads\/2025\/09\/RMT-\u900f\u660e-12x12.webp 12w, https:\/\/www.tfngj.com\/wp-content\/uploads\/2025\/09\/RMT-\u900f\u660e-600x600.webp 600w, https:\/\/www.tfngj.com\/wp-content\/uploads\/2025\/09\/RMT-\u900f\u660e-100x100.webp 100w\" sizes=\"auto, (max-width: 800px) 100vw, 800px\" \/><\/figure>\n\n\n\n<div class=\"wp-block-buttons is-content-justification-center is-layout-flex wp-container-core-buttons-is-layout-a89b3969 wp-block-buttons-is-layout-flex\">\n<div class=\"wp-block-button is-style-outline is-style-outline--3\"><a class=\"wp-block-button__link wp-element-button\" href=\"https:\/\/www.tfngj.com\/fr\/rmt-spectrum-analyzer\/\">Analyseurs de spectre RMT<\/a><\/div>\n<\/div>\n\n\n\n<p class=\"has-text-align-center\">Options de fr\u00e9quences multiples de 5 kHz \u00e0 40 GHz<\/p>\n<\/div>\n<\/div>\n\n\n\n<div style=\"height:100px\" aria-hidden=\"true\" class=\"wp-block-spacer\"><\/div>","protected":false},"excerpt":{"rendered":"<p>The rapid development of the Internet has posed challenges to the traditional business models of telecom operators, emerging technologies\u2014such as the Internet of Things (IoT), virtual reality (VR), augmented reality (AR), and artificial intelligence (AI)\u2014are driving an unprecedented surge in network traffic demand. As a result, the telecom industry is undergoing a profound transformation in [&hellip;]<\/p>","protected":false},"author":1,"featured_media":0,"parent":0,"menu_order":0,"comment_status":"closed","ping_status":"closed","template":"","meta":{"footnotes":""},"class_list":["post-4592","page","type-page","status-publish","hentry"],"yoast_head":"<!-- This site is optimized with the Yoast SEO plugin v26.6 - https:\/\/yoast.com\/wordpress\/plugins\/seo\/ -->\n<title>Telecom Operators - Communication Test Expert<\/title>\n<meta name=\"robots\" content=\"index, follow, max-snippet:-1, max-image-preview:large, max-video-preview:-1\" \/>\n<link rel=\"canonical\" href=\"https:\/\/www.tfngj.com\/fr\/telecom-operators\/\" \/>\n<meta property=\"og:locale\" content=\"fr_FR\" \/>\n<meta property=\"og:type\" content=\"article\" \/>\n<meta property=\"og:title\" content=\"Telecom Operators - Communication Test Expert\" \/>\n<meta property=\"og:description\" content=\"The rapid development of the Internet has posed challenges to the traditional business models of telecom operators, emerging technologies\u2014such as the Internet of Things (IoT), virtual reality (VR), augmented reality (AR), and artificial intelligence (AI)\u2014are driving an unprecedented surge in network traffic demand. As a result, the telecom industry is undergoing a profound transformation in [&hellip;]\" \/>\n<meta property=\"og:url\" content=\"https:\/\/www.tfngj.com\/fr\/telecom-operators\/\" \/>\n<meta property=\"og:site_name\" content=\"Communication Test Expert\" \/>\n<meta property=\"article:modified_time\" content=\"2025-11-18T03:11:57+00:00\" \/>\n<meta property=\"og:image\" content=\"https:\/\/www.tfngj.com\/wp-content\/uploads\/2025\/09\/communication.webp\" \/>\n\t<meta property=\"og:image:width\" content=\"1920\" \/>\n\t<meta property=\"og:image:height\" content=\"1280\" \/>\n\t<meta property=\"og:image:type\" content=\"image\/webp\" \/>\n<meta name=\"twitter:card\" content=\"summary_large_image\" \/>\n<meta name=\"twitter:label1\" content=\"Dur\u00e9e de lecture estim\u00e9e\" \/>\n\t<meta name=\"twitter:data1\" content=\"2 minutes\" \/>\n<script type=\"application\/ld+json\" class=\"yoast-schema-graph\">{\"@context\":\"https:\/\/schema.org\",\"@graph\":[{\"@type\":\"WebPage\",\"@id\":\"https:\/\/www.tfngj.com\/telecom-operators\/\",\"url\":\"https:\/\/www.tfngj.com\/telecom-operators\/\",\"name\":\"Telecom Operators - Communication Test Expert\",\"isPartOf\":{\"@id\":\"https:\/\/www.tfngj.com\/#website\"},\"primaryImageOfPage\":{\"@id\":\"https:\/\/www.tfngj.com\/telecom-operators\/#primaryimage\"},\"image\":{\"@id\":\"https:\/\/www.tfngj.com\/telecom-operators\/#primaryimage\"},\"thumbnailUrl\":\"https:\/\/www.tfngj.com\/wp-content\/uploads\/2025\/09\/communication.webp\",\"datePublished\":\"2025-11-17T05:32:30+00:00\",\"dateModified\":\"2025-11-18T03:11:57+00:00\",\"breadcrumb\":{\"@id\":\"https:\/\/www.tfngj.com\/telecom-operators\/#breadcrumb\"},\"inLanguage\":\"fr-FR\",\"potentialAction\":[{\"@type\":\"ReadAction\",\"target\":[\"https:\/\/www.tfngj.com\/telecom-operators\/\"]}]},{\"@type\":\"ImageObject\",\"inLanguage\":\"fr-FR\",\"@id\":\"https:\/\/www.tfngj.com\/telecom-operators\/#primaryimage\",\"url\":\"https:\/\/www.tfngj.com\/wp-content\/uploads\/2025\/09\/communication.webp\",\"contentUrl\":\"https:\/\/www.tfngj.com\/wp-content\/uploads\/2025\/09\/communication.webp\"},{\"@type\":\"BreadcrumbList\",\"@id\":\"https:\/\/www.tfngj.com\/telecom-operators\/#breadcrumb\",\"itemListElement\":[{\"@type\":\"ListItem\",\"position\":1,\"name\":\"Home\",\"item\":\"https:\/\/www.tfngj.com\/\"},{\"@type\":\"ListItem\",\"position\":2,\"name\":\"Telecom Operators\"}]},{\"@type\":\"WebSite\",\"@id\":\"https:\/\/www.tfngj.com\/#website\",\"url\":\"https:\/\/www.tfngj.com\/\",\"name\":\"TFN-Communication Test Expert\",\"description\":\"Find Perfect Solutions in TFN\",\"publisher\":{\"@id\":\"https:\/\/www.tfngj.com\/#organization\"},\"alternateName\":\"TFN\",\"potentialAction\":[{\"@type\":\"SearchAction\",\"target\":{\"@type\":\"EntryPoint\",\"urlTemplate\":\"https:\/\/www.tfngj.com\/?s={search_term_string}\"},\"query-input\":{\"@type\":\"PropertyValueSpecification\",\"valueRequired\":true,\"valueName\":\"search_term_string\"}}],\"inLanguage\":\"fr-FR\"},{\"@type\":\"Organization\",\"@id\":\"https:\/\/www.tfngj.com\/#organization\",\"name\":\"TFN\",\"url\":\"https:\/\/www.tfngj.com\/\",\"logo\":{\"@type\":\"ImageObject\",\"inLanguage\":\"fr-FR\",\"@id\":\"https:\/\/www.tfngj.com\/#\/schema\/logo\/image\/\",\"url\":\"https:\/\/www.tfngj.com\/wp-content\/uploads\/2025\/09\/\u9ed1logo.png\",\"contentUrl\":\"https:\/\/www.tfngj.com\/wp-content\/uploads\/2025\/09\/\u9ed1logo.png\",\"width\":939,\"height\":232,\"caption\":\"TFN\"},\"image\":{\"@id\":\"https:\/\/www.tfngj.com\/#\/schema\/logo\/image\/\"},\"sameAs\":[\"https:\/\/www.youtube.com\/@FateTFN\/search\"]}]}<\/script>\n<!-- \/ Yoast SEO plugin. -->","yoast_head_json":{"title":"Op\u00e9rateurs de t\u00e9l\u00e9communications - Expert en tests de communication","robots":{"index":"index","follow":"follow","max-snippet":"max-snippet:-1","max-image-preview":"max-image-preview:large","max-video-preview":"max-video-preview:-1"},"canonical":"https:\/\/www.tfngj.com\/fr\/telecom-operators\/","og_locale":"fr_FR","og_type":"article","og_title":"Telecom Operators - Communication Test Expert","og_description":"The rapid development of the Internet has posed challenges to the traditional business models of telecom operators, emerging technologies\u2014such as the Internet of Things (IoT), virtual reality (VR), augmented reality (AR), and artificial intelligence (AI)\u2014are driving an unprecedented surge in network traffic demand. As a result, the telecom industry is undergoing a profound transformation in [&hellip;]","og_url":"https:\/\/www.tfngj.com\/fr\/telecom-operators\/","og_site_name":"Communication Test Expert","article_modified_time":"2025-11-18T03:11:57+00:00","og_image":[{"width":1920,"height":1280,"url":"https:\/\/www.tfngj.com\/wp-content\/uploads\/2025\/09\/communication.webp","type":"image\/webp"}],"twitter_card":"summary_large_image","twitter_misc":{"Dur\u00e9e de lecture estim\u00e9e":"2 minutes"},"schema":{"@context":"https:\/\/schema.org","@graph":[{"@type":"WebPage","@id":"https:\/\/www.tfngj.com\/telecom-operators\/","url":"https:\/\/www.tfngj.com\/telecom-operators\/","name":"Op\u00e9rateurs de t\u00e9l\u00e9communications - Expert en tests de communication","isPartOf":{"@id":"https:\/\/www.tfngj.com\/#website"},"primaryImageOfPage":{"@id":"https:\/\/www.tfngj.com\/telecom-operators\/#primaryimage"},"image":{"@id":"https:\/\/www.tfngj.com\/telecom-operators\/#primaryimage"},"thumbnailUrl":"https:\/\/www.tfngj.com\/wp-content\/uploads\/2025\/09\/communication.webp","datePublished":"2025-11-17T05:32:30+00:00","dateModified":"2025-11-18T03:11:57+00:00","breadcrumb":{"@id":"https:\/\/www.tfngj.com\/telecom-operators\/#breadcrumb"},"inLanguage":"fr-FR","potentialAction":[{"@type":"ReadAction","target":["https:\/\/www.tfngj.com\/telecom-operators\/"]}]},{"@type":"ImageObject","inLanguage":"fr-FR","@id":"https:\/\/www.tfngj.com\/telecom-operators\/#primaryimage","url":"https:\/\/www.tfngj.com\/wp-content\/uploads\/2025\/09\/communication.webp","contentUrl":"https:\/\/www.tfngj.com\/wp-content\/uploads\/2025\/09\/communication.webp"},{"@type":"BreadcrumbList","@id":"https:\/\/www.tfngj.com\/telecom-operators\/#breadcrumb","itemListElement":[{"@type":"ListItem","position":1,"name":"Home","item":"https:\/\/www.tfngj.com\/"},{"@type":"ListItem","position":2,"name":"Telecom Operators"}]},{"@type":"WebSite","@id":"https:\/\/www.tfngj.com\/#website","url":"https:\/\/www.tfngj.com\/","name":"TFN - Expert en essais de communication","description":"Trouver des solutions parfaites dans la TFN","publisher":{"@id":"https:\/\/www.tfngj.com\/#organization"},"alternateName":"TFN","potentialAction":[{"@type":"SearchAction","target":{"@type":"EntryPoint","urlTemplate":"https:\/\/www.tfngj.com\/?s={search_term_string}"},"query-input":{"@type":"PropertyValueSpecification","valueRequired":true,"valueName":"search_term_string"}}],"inLanguage":"fr-FR"},{"@type":"Organization","@id":"https:\/\/www.tfngj.com\/#organization","name":"TFN","url":"https:\/\/www.tfngj.com\/","logo":{"@type":"ImageObject","inLanguage":"fr-FR","@id":"https:\/\/www.tfngj.com\/#\/schema\/logo\/image\/","url":"https:\/\/www.tfngj.com\/wp-content\/uploads\/2025\/09\/\u9ed1logo.png","contentUrl":"https:\/\/www.tfngj.com\/wp-content\/uploads\/2025\/09\/\u9ed1logo.png","width":939,"height":232,"caption":"TFN"},"image":{"@id":"https:\/\/www.tfngj.com\/#\/schema\/logo\/image\/"},"sameAs":["https:\/\/www.youtube.com\/@FateTFN\/search"]}]}},"_links":{"self":[{"href":"https:\/\/www.tfngj.com\/fr\/wp-json\/wp\/v2\/pages\/4592","targetHints":{"allow":["GET"]}}],"collection":[{"href":"https:\/\/www.tfngj.com\/fr\/wp-json\/wp\/v2\/pages"}],"about":[{"href":"https:\/\/www.tfngj.com\/fr\/wp-json\/wp\/v2\/types\/page"}],"author":[{"embeddable":true,"href":"https:\/\/www.tfngj.com\/fr\/wp-json\/wp\/v2\/users\/1"}],"replies":[{"embeddable":true,"href":"https:\/\/www.tfngj.com\/fr\/wp-json\/wp\/v2\/comments?post=4592"}],"version-history":[{"count":13,"href":"https:\/\/www.tfngj.com\/fr\/wp-json\/wp\/v2\/pages\/4592\/revisions"}],"predecessor-version":[{"id":4653,"href":"https:\/\/www.tfngj.com\/fr\/wp-json\/wp\/v2\/pages\/4592\/revisions\/4653"}],"wp:attachment":[{"href":"https:\/\/www.tfngj.com\/fr\/wp-json\/wp\/v2\/media?parent=4592"}],"curies":[{"name":"wp","href":"https:\/\/api.w.org\/{rel}","templated":true}]}}