{"id":4133,"date":"2025-10-31T11:27:13","date_gmt":"2025-10-31T03:27:13","guid":{"rendered":"https:\/\/www.tfngj.com\/?page_id=4133"},"modified":"2025-11-03T13:38:28","modified_gmt":"2025-11-03T05:38:28","slug":"cable-tying-machine","status":"publish","type":"page","link":"https:\/\/www.tfngj.com\/fr\/cable-tying-machine\/","title":{"rendered":"Machine \u00e0 attacher les c\u00e2bles"},"content":{"rendered":"<div class=\"wp-block-cover alignfull is-light wp-duotone-unset-1\" style=\"border-radius:0px;margin-top:0;margin-bottom:0;padding-top:0;padding-bottom:0;font-size:clamp(3.615rem, 3.615rem + ((1vw - 0.2rem) * 4.856), 7.5rem);min-height:468px;aspect-ratio:unset;\"><img loading=\"lazy\" decoding=\"async\" width=\"2560\" height=\"1280\" class=\"wp-block-cover__image-background wp-image-2550 size-full\" alt=\"\" src=\"https:\/\/www.tfngj.com\/wp-content\/uploads\/2025\/10\/back-2-scaled.webp\" data-object-fit=\"cover\" srcset=\"https:\/\/www.tfngj.com\/wp-content\/uploads\/2025\/10\/back-2-scaled.webp 2560w, https:\/\/www.tfngj.com\/wp-content\/uploads\/2025\/10\/back-2-300x150.webp 300w, https:\/\/www.tfngj.com\/wp-content\/uploads\/2025\/10\/back-2-1024x512.webp 1024w, https:\/\/www.tfngj.com\/wp-content\/uploads\/2025\/10\/back-2-768x384.webp 768w, https:\/\/www.tfngj.com\/wp-content\/uploads\/2025\/10\/back-2-1536x768.webp 1536w, https:\/\/www.tfngj.com\/wp-content\/uploads\/2025\/10\/back-2-2048x1024.webp 2048w, https:\/\/www.tfngj.com\/wp-content\/uploads\/2025\/10\/back-2-18x9.webp 18w, https:\/\/www.tfngj.com\/wp-content\/uploads\/2025\/10\/back-2-600x300.webp 600w\" sizes=\"auto, (max-width: 2560px) 100vw, 2560px\" \/><span aria-hidden=\"true\" class=\"wp-block-cover__background has-background-dim-30 has-background-dim\" style=\"background-color:#359aca\"><\/span><div class=\"wp-block-cover__inner-container has-global-padding is-layout-constrained wp-container-core-cover-is-layout-ad1af2a0 wp-block-cover-is-layout-constrained\"><h1 class=\"wp-block-heading alignfull has-text-align-center has-neutral-0-color has-text-color has-link-color has-5-x-large-font-size wp-elements-e39feb518cceb3bf13794270a390d7b2\" style=\"margin-right:0;margin-left:0;text-transform:capitalize\" id=\"cable-tying-machine\">Machine \u00e0 attacher les c\u00e2bles<\/h1>\n\n\n\n<p class=\"has-text-align-center has-neutral-0-color has-text-color has-link-color has-large-font-size wp-elements-f0a0d8cf692ac471f3a1be186684c0ae\" style=\"margin-top:var(--wp--preset--spacing--x-small)\">Il s'agit de r\u00e9aliser des op\u00e9rations de fixation et de mise en faisceau de c\u00e2bles en haute altitude gr\u00e2ce \u00e0 une technologie automatis\u00e9e.<\/p>\n<\/div><\/div>\n\n\n\n<div class=\"wp-block-group alignfull has-global-padding is-content-justification-center is-layout-constrained wp-container-core-group-is-layout-df757ecc wp-block-group-is-layout-constrained\" style=\"margin-top:0;margin-bottom:0;padding-top:calc( 0.5 * var(--wp--style--root--padding-right, var(--wp--custom--gap--horizontal)));padding-right:var(--wp--style--root--padding-right, var(--wp--custom--gap--horizontal));padding-bottom:calc( 0.5 * var(--wp--style--root--padding-right, var(--wp--custom--gap--horizontal)));padding-left:var(--wp--style--root--padding-left, var(--wp--custom--gap--horizontal))\">\n<div style=\"height:0px\" aria-hidden=\"true\" class=\"wp-block-spacer\"><\/div>\n\n\n\n<div style=\"height:calc( 0.25 * var(--wp--style--root--padding-right, var(--wp--custom--gap--horizontal)))\" aria-hidden=\"true\" class=\"wp-block-spacer\"><\/div>\n<\/div>\n\n\n\n<div class=\"wp-block-columns alignwide are-vertically-aligned-center is-layout-flex wp-container-core-columns-is-layout-37dbaa11 wp-block-columns-is-layout-flex\" style=\"margin-top:var(--wp--preset--spacing--x-large);margin-bottom:var(--wp--preset--spacing--x-large)\">\n<div class=\"wp-block-column is-vertically-aligned-center is-layout-flow wp-block-column-is-layout-flow\" style=\"flex-basis:33.33%\"><h2 class=\"wp-block-heading has-5-x-large-font-size\" id=\"highlights\"><mark style=\"background-color:rgba(0, 0, 0, 0);color:#2588cc\" class=\"has-inline-color\">Points forts<\/mark><\/h2>\n\n\n\n<figure class=\"wp-block-image aligncenter size-large\" style=\"margin-right:0;margin-left:0;padding-right:0;padding-left:0\"><img decoding=\"async\" src=\"https:\/\/www.tfngj.com\/wp-content\/uploads\/2025\/10\/cable-tying-machine.webp\" alt=\"\"\/><\/figure>\n<\/div>\n\n\n\n<div class=\"wp-block-column is-vertically-aligned-center is-layout-flow wp-container-core-column-is-layout-c7b3064f wp-block-column-is-layout-flow\" style=\"flex-basis:66.66%\"><ul style=\"margin-right:0;--plover--style--block-gap:var(--wp--preset--spacing--2-x-small);\" class=\"wp-block-list is-style-check-circle\">\n<li>\u00c9quip\u00e9 de tiges isolantes professionnelles \u00e0 haute tension qui peuvent r\u00e9sister \u00e0 100 000 volts d'\u00e9lectricit\u00e9 forte, les op\u00e9rateurs n'ont pas besoin de grimper en hauteur et peuvent effectuer toutes les op\u00e9rations \u00e0 l'aide d'une t\u00e9l\u00e9commande au sol, ce qui maximise le facteur de s\u00e9curit\u00e9.<\/li>\n\n\n\n<li>Un faisceau est r\u00e9alis\u00e9 en 0,6 seconde, et 5 kilom\u00e8tres de c\u00e2bles peuvent \u00eatre facilement attach\u00e9s chaque jour.<\/li>\n\n\n\n<li>\u00c9quip\u00e9 d'une t\u00e9l\u00e9commande de 20 m\u00e8tres qui peut \u00eatre utilis\u00e9e \u00e0 travers les murs. Une seule touche de commande permet d'effectuer automatiquement l'ensemble du processus d'essorage, de mise en botte et de coupe, ce qui permet d'\u00e9conomiser du temps et des efforts.<\/li>\n\n\n\n<li>\u00c9quip\u00e9 d'une batterie au lithium de grande capacit\u00e9 de 12 000 mAh, il peut fonctionner en continu pendant plus de 1 500 fois (environ 3 kilom\u00e8tres) lorsqu'il est compl\u00e8tement charg\u00e9, et il ne faut qu'une heure et demie pour le recharger, ce qui permet de r\u00e9pondre aux besoins des op\u00e9rations de haute intensit\u00e9 tout au long de la journ\u00e9e.<\/li>\n\n\n\n<li>Plage de mise en faisceau de 8 \u00e0 58 mm, peut mettre en faisceau 8 \u00e0 12 c\u00e2bles \u00e0 la fois, la conception classique de la t\u00eate de mise en faisceau en forme de Y facilite la mise en place des c\u00e2bles.<\/li>\n<\/ul>\n\n\n\n<div class=\"wp-block-buttons is-content-justification-center is-layout-flex wp-container-core-buttons-is-layout-a89b3969 wp-block-buttons-is-layout-flex\">\n<div class=\"wp-block-button\"><a class=\"wp-block-button__link wp-element-button\" href=\"https:\/\/www.tfngj.com\/fr\/contact-us\/\">Demande de devis<\/a><\/div>\n<\/div>\n<\/div>\n<\/div>\n\n\n<h2 class=\"wp-block-heading alignwide has-text-align-left\" style=\"margin-top:var(--wp--preset--spacing--large);padding-left:0rem;font-size:clamp(1.743rem, 1.743rem + ((1vw - 0.2rem) * 1.571), 3rem);\" id=\"specifications\"><mark style=\"background-color:rgba(0, 0, 0, 0);color:#2588cc\" class=\"has-inline-color\">Sp\u00e9cifications<\/mark><\/h2>\n\n\n\n<figure class=\"wp-block-table is-style-stripes\"><table class=\"has-background\" style=\"background-color:#90caf191\"><tbody><tr><td><\/td><td>Machine \u00e0 attacher les c\u00e2bles<\/td><\/tr><tr><td>Gamme d'offres group\u00e9es<\/td><td>8-58mm<\/td><\/tr><tr><td>Diam\u00e8tre du fil<\/td><td>0,85 mm (fil de fer rev\u00eatu)<\/td><\/tr><tr><td>Tension nominale<\/td><td>12.8V<\/td><\/tr><tr><td>Taille de l'emballage<\/td><td>80*48*11.5 cm<\/td><\/tr><\/tbody><\/table><\/figure>\n\n\n\n<div class=\"wp-block-buttons is-layout-flex wp-block-buttons-is-layout-flex\">\n<div class=\"wp-block-button is-style-ghost\"><a class=\"wp-block-button__link wp-element-button\" href=\"https:\/\/www.tfngj.com\/wp-content\/uploads\/2025\/pdf\/Cable-Tying-Machine.pdf\">T\u00e9l\u00e9charger le manuel<\/a><\/div>\n<\/div>\n\n\n\n<div class=\"wp-block-columns alignwide are-vertically-aligned-center is-layout-flex wp-container-core-columns-is-layout-bd93ecdd wp-block-columns-is-layout-flex\" style=\"margin-top:var(--wp--preset--spacing--2-x-large)\">\n<div class=\"wp-block-column is-vertically-aligned-center is-layout-flow wp-block-column-is-layout-flow\" style=\"flex-basis:44%\">\n<figure class=\"wp-block-image size-large\"><img loading=\"lazy\" decoding=\"async\" width=\"1024\" height=\"682\" src=\"https:\/\/www.tfngj.com\/wp-content\/uploads\/2025\/10\/pexels-onbab-7359568-1024x682.jpg\" alt=\"\" class=\"wp-image-2974\" srcset=\"https:\/\/www.tfngj.com\/wp-content\/uploads\/2025\/10\/pexels-onbab-7359568-1024x682.jpg 1024w, https:\/\/www.tfngj.com\/wp-content\/uploads\/2025\/10\/pexels-onbab-7359568-300x200.jpg 300w, https:\/\/www.tfngj.com\/wp-content\/uploads\/2025\/10\/pexels-onbab-7359568-768x512.jpg 768w, https:\/\/www.tfngj.com\/wp-content\/uploads\/2025\/10\/pexels-onbab-7359568-18x12.jpg 18w, https:\/\/www.tfngj.com\/wp-content\/uploads\/2025\/10\/pexels-onbab-7359568-600x400.jpg 600w, https:\/\/www.tfngj.com\/wp-content\/uploads\/2025\/10\/pexels-onbab-7359568.jpg 1280w\" sizes=\"auto, (max-width: 1024px) 100vw, 1024px\" \/><\/figure>\n<\/div>\n\n\n\n<div class=\"wp-block-column is-vertically-aligned-center is-layout-flow wp-block-column-is-layout-flow\" style=\"flex-basis:56%\"><h2 class=\"wp-block-heading has-2-x-large-font-size\" id=\"application-scenarios\">Sc\u00e9narios d'application<\/h2>\n\n\n<ul class=\"wp-block-list\" style=\"\">\n<li>Technique de fixation a\u00e9rienne de c\u00e2bles de communication optiques\/c\u00e2bles \u00e9lectriques<\/li>\n\n\n\n<li>Construction de lignes a\u00e9riennes de fibre optique jusqu'\u00e0 l'abonn\u00e9 (FTTH)<\/li>\n\n\n\n<li>Entretien et mise en faisceau des fils et c\u00e2bles urbains<\/li>\n\n\n\n<li>Chaque fois qu'il est n\u00e9cessaire de remplacer les perches d'escalade manuelles pour la fixation de c\u00e2bles en haute altitude.<\/li>\n<\/ul>\n<\/div>\n<\/div>\n\n\n\n<div style=\"height:68px\" aria-hidden=\"true\" class=\"wp-block-spacer\"><\/div>\n\n\n<h2 class=\"wp-block-heading has-text-align-center\" id=\"faqs\"><mark style=\"background-color:rgba(0, 0, 0, 0);color:#2588cc\" class=\"has-inline-color\">FAQ<\/mark><\/h2>\n\n\n\n<details class=\"wp-block-details has-border-color is-layout-flow wp-block-details-is-layout-flow\" style=\"border-color:#4083ca;border-width:2px;line-height:1.8\" open><summary>Quelles sont les options logistiques que vous proposez ?<\/summary>\n<p>Nous fournissons des solutions logistiques optimis\u00e9es en fonction de l'urgence de votre commande, de sa taille, de son poids et de votre localisation :<\/p>\n\n\n\n<p>International Express : Convient aux \u00e9chantillons, aux commandes urgentes et aux petits envois de moins de 10 kg. Nous travaillons en partenariat avec les meilleurs fournisseurs de services logistiques tels que DHL, FedEx et UPS, offrant un suivi porte-\u00e0-porte.<\/p>\n\n\n\n<p>Fret a\u00e9rien : Convient aux commandes moyennes \u00e0 importantes ou aux \u00e9quipements complets sensibles au facteur temps, offrant un \u00e9quilibre efficace entre co\u00fbt et rapidit\u00e9.<\/p>\n\n\n\n<p>Fret maritime : Convient aux commandes de gros volumes et constitue la m\u00e9thode d'exp\u00e9dition la plus \u00e9conomique. Nous proposons des services FOB, C&amp;F et CIF.<\/p>\n<\/details>\n\n\n\n<details class=\"wp-block-details has-border-color is-layout-flow wp-block-details-is-layout-flow\" style=\"border-color:#4083ca;border-width:2px\"><summary>Quel est le d\u00e9lai d'ex\u00e9cution ?<\/summary>\n<p>Pour nos produits standard, s'ils sont en stock et pr\u00eats \u00e0 \u00eatre exp\u00e9di\u00e9s, le d\u00e9lai est d'environ 7 \u00e0 10 jours. Pour les produits optionnels, le d\u00e9lai est d'environ 25 \u00e0 30 jours.<\/p>\n<\/details>\n\n\n\n<details class=\"wp-block-details has-border-color is-layout-flow wp-block-details-is-layout-flow\" style=\"border-color:#4083ca;border-width:2px\"><summary>Quelle est la dur\u00e9e de la garantie du produit ?<\/summary>\n<p>Nous sommes convaincus de la qualit\u00e9 et de la fiabilit\u00e9 de nos produits.<\/p>\n\n\n\n<p>Nous offrons une garantie standard de 12 mois sur tous les instruments, \u00e0 compter de la date d'arriv\u00e9e au port de destination.<\/p>\n\n\n\n<p>Des extensions de garantie sont \u00e9galement disponibles ; veuillez contacter notre \u00e9quipe de vente pour plus de d\u00e9tails.<\/p>\n<\/details>\n\n\n\n<div style=\"height:59px\" aria-hidden=\"true\" class=\"wp-block-spacer\"><\/div>","protected":false},"excerpt":{"rendered":"<p>Points forts Sp\u00e9cifications Machine \u00e0 attacher les c\u00e2bles Port\u00e9e du faisceau 8-58mm Diam\u00e8tre du fil 0,85mm (fil de fer enrob\u00e9) Tension nominale 12,8V Taille de l'emballage 80*48*11,5 cm Sc\u00e9narios d'application FAQs<\/p>","protected":false},"author":1,"featured_media":0,"parent":0,"menu_order":0,"comment_status":"closed","ping_status":"closed","template":"","meta":{"footnotes":""},"class_list":["post-4133","page","type-page","status-publish","hentry"],"yoast_head":"<!-- This site is optimized with the Yoast SEO plugin v26.6 - https:\/\/yoast.com\/wordpress\/plugins\/seo\/ -->\n<title>Cable Tying Machine - Communication Test Expert<\/title>\n<meta name=\"robots\" content=\"index, follow, max-snippet:-1, max-image-preview:large, max-video-preview:-1\" \/>\n<link rel=\"canonical\" href=\"https:\/\/www.tfngj.com\/fr\/cable-tying-machine\/\" \/>\n<meta property=\"og:locale\" content=\"fr_FR\" \/>\n<meta property=\"og:type\" content=\"article\" \/>\n<meta property=\"og:title\" content=\"Cable Tying Machine - Communication Test Expert\" \/>\n<meta property=\"og:description\" content=\"Highlights Specifications Cable Tying Machine Bundling range 8-58mm Wire diameter 0.85mm (coated iron wire) Rated voltage 12.8V Package Size 80*48*11.5 cm Application Scenarios FAQs\" \/>\n<meta property=\"og:url\" content=\"https:\/\/www.tfngj.com\/fr\/cable-tying-machine\/\" \/>\n<meta property=\"og:site_name\" content=\"Communication Test Expert\" \/>\n<meta property=\"article:modified_time\" content=\"2025-11-03T05:38:28+00:00\" \/>\n<meta property=\"og:image\" content=\"https:\/\/www.tfngj.com\/wp-content\/uploads\/2025\/10\/back-2-scaled.webp\" \/>\n\t<meta property=\"og:image:width\" content=\"2560\" \/>\n\t<meta property=\"og:image:height\" content=\"1280\" \/>\n\t<meta property=\"og:image:type\" content=\"image\/webp\" \/>\n<meta name=\"twitter:card\" content=\"summary_large_image\" \/>\n<meta name=\"twitter:label1\" content=\"Dur\u00e9e de lecture estim\u00e9e\" \/>\n\t<meta name=\"twitter:data1\" content=\"2 minutes\" \/>\n<script type=\"application\/ld+json\" class=\"yoast-schema-graph\">{\"@context\":\"https:\/\/schema.org\",\"@graph\":[{\"@type\":\"WebPage\",\"@id\":\"https:\/\/www.tfngj.com\/cable-tying-machine\/\",\"url\":\"https:\/\/www.tfngj.com\/cable-tying-machine\/\",\"name\":\"Cable Tying Machine - Communication Test Expert\",\"isPartOf\":{\"@id\":\"https:\/\/www.tfngj.com\/#website\"},\"primaryImageOfPage\":{\"@id\":\"https:\/\/www.tfngj.com\/cable-tying-machine\/#primaryimage\"},\"image\":{\"@id\":\"https:\/\/www.tfngj.com\/cable-tying-machine\/#primaryimage\"},\"thumbnailUrl\":\"https:\/\/www.tfngj.com\/wp-content\/uploads\/2025\/10\/back-2-scaled.webp\",\"datePublished\":\"2025-10-31T03:27:13+00:00\",\"dateModified\":\"2025-11-03T05:38:28+00:00\",\"breadcrumb\":{\"@id\":\"https:\/\/www.tfngj.com\/cable-tying-machine\/#breadcrumb\"},\"inLanguage\":\"fr-FR\",\"potentialAction\":[{\"@type\":\"ReadAction\",\"target\":[\"https:\/\/www.tfngj.com\/cable-tying-machine\/\"]}]},{\"@type\":\"ImageObject\",\"inLanguage\":\"fr-FR\",\"@id\":\"https:\/\/www.tfngj.com\/cable-tying-machine\/#primaryimage\",\"url\":\"https:\/\/www.tfngj.com\/wp-content\/uploads\/2025\/10\/back-2-scaled.webp\",\"contentUrl\":\"https:\/\/www.tfngj.com\/wp-content\/uploads\/2025\/10\/back-2-scaled.webp\"},{\"@type\":\"BreadcrumbList\",\"@id\":\"https:\/\/www.tfngj.com\/cable-tying-machine\/#breadcrumb\",\"itemListElement\":[{\"@type\":\"ListItem\",\"position\":1,\"name\":\"Home\",\"item\":\"https:\/\/www.tfngj.com\/\"},{\"@type\":\"ListItem\",\"position\":2,\"name\":\"Cable Tying Machine\"}]},{\"@type\":\"WebSite\",\"@id\":\"https:\/\/www.tfngj.com\/#website\",\"url\":\"https:\/\/www.tfngj.com\/\",\"name\":\"TFN-Communication Test Expert\",\"description\":\"Find Perfect Solutions in TFN\",\"publisher\":{\"@id\":\"https:\/\/www.tfngj.com\/#organization\"},\"alternateName\":\"TFN\",\"potentialAction\":[{\"@type\":\"SearchAction\",\"target\":{\"@type\":\"EntryPoint\",\"urlTemplate\":\"https:\/\/www.tfngj.com\/?s={search_term_string}\"},\"query-input\":{\"@type\":\"PropertyValueSpecification\",\"valueRequired\":true,\"valueName\":\"search_term_string\"}}],\"inLanguage\":\"fr-FR\"},{\"@type\":\"Organization\",\"@id\":\"https:\/\/www.tfngj.com\/#organization\",\"name\":\"TFN\",\"url\":\"https:\/\/www.tfngj.com\/\",\"logo\":{\"@type\":\"ImageObject\",\"inLanguage\":\"fr-FR\",\"@id\":\"https:\/\/www.tfngj.com\/#\/schema\/logo\/image\/\",\"url\":\"https:\/\/www.tfngj.com\/wp-content\/uploads\/2025\/09\/\u9ed1logo.png\",\"contentUrl\":\"https:\/\/www.tfngj.com\/wp-content\/uploads\/2025\/09\/\u9ed1logo.png\",\"width\":939,\"height\":232,\"caption\":\"TFN\"},\"image\":{\"@id\":\"https:\/\/www.tfngj.com\/#\/schema\/logo\/image\/\"},\"sameAs\":[\"https:\/\/www.youtube.com\/@FateTFN\/search\"]}]}<\/script>\n<!-- \/ Yoast SEO plugin. -->","yoast_head_json":{"title":"Machine \u00e0 attacher les c\u00e2bles - Communication Test Expert","robots":{"index":"index","follow":"follow","max-snippet":"max-snippet:-1","max-image-preview":"max-image-preview:large","max-video-preview":"max-video-preview:-1"},"canonical":"https:\/\/www.tfngj.com\/fr\/cable-tying-machine\/","og_locale":"fr_FR","og_type":"article","og_title":"Cable Tying Machine - Communication Test Expert","og_description":"Highlights Specifications Cable Tying Machine Bundling range 8-58mm Wire diameter 0.85mm (coated iron wire) Rated voltage 12.8V Package Size 80*48*11.5 cm Application Scenarios FAQs","og_url":"https:\/\/www.tfngj.com\/fr\/cable-tying-machine\/","og_site_name":"Communication Test Expert","article_modified_time":"2025-11-03T05:38:28+00:00","og_image":[{"width":2560,"height":1280,"url":"https:\/\/www.tfngj.com\/wp-content\/uploads\/2025\/10\/back-2-scaled.webp","type":"image\/webp"}],"twitter_card":"summary_large_image","twitter_misc":{"Dur\u00e9e de lecture estim\u00e9e":"2 minutes"},"schema":{"@context":"https:\/\/schema.org","@graph":[{"@type":"WebPage","@id":"https:\/\/www.tfngj.com\/cable-tying-machine\/","url":"https:\/\/www.tfngj.com\/cable-tying-machine\/","name":"Machine \u00e0 attacher les c\u00e2bles - Communication Test Expert","isPartOf":{"@id":"https:\/\/www.tfngj.com\/#website"},"primaryImageOfPage":{"@id":"https:\/\/www.tfngj.com\/cable-tying-machine\/#primaryimage"},"image":{"@id":"https:\/\/www.tfngj.com\/cable-tying-machine\/#primaryimage"},"thumbnailUrl":"https:\/\/www.tfngj.com\/wp-content\/uploads\/2025\/10\/back-2-scaled.webp","datePublished":"2025-10-31T03:27:13+00:00","dateModified":"2025-11-03T05:38:28+00:00","breadcrumb":{"@id":"https:\/\/www.tfngj.com\/cable-tying-machine\/#breadcrumb"},"inLanguage":"fr-FR","potentialAction":[{"@type":"ReadAction","target":["https:\/\/www.tfngj.com\/cable-tying-machine\/"]}]},{"@type":"ImageObject","inLanguage":"fr-FR","@id":"https:\/\/www.tfngj.com\/cable-tying-machine\/#primaryimage","url":"https:\/\/www.tfngj.com\/wp-content\/uploads\/2025\/10\/back-2-scaled.webp","contentUrl":"https:\/\/www.tfngj.com\/wp-content\/uploads\/2025\/10\/back-2-scaled.webp"},{"@type":"BreadcrumbList","@id":"https:\/\/www.tfngj.com\/cable-tying-machine\/#breadcrumb","itemListElement":[{"@type":"ListItem","position":1,"name":"Home","item":"https:\/\/www.tfngj.com\/"},{"@type":"ListItem","position":2,"name":"Cable Tying Machine"}]},{"@type":"WebSite","@id":"https:\/\/www.tfngj.com\/#website","url":"https:\/\/www.tfngj.com\/","name":"TFN - Expert en essais de communication","description":"Trouver des solutions parfaites dans la TFN","publisher":{"@id":"https:\/\/www.tfngj.com\/#organization"},"alternateName":"TFN","potentialAction":[{"@type":"SearchAction","target":{"@type":"EntryPoint","urlTemplate":"https:\/\/www.tfngj.com\/?s={search_term_string}"},"query-input":{"@type":"PropertyValueSpecification","valueRequired":true,"valueName":"search_term_string"}}],"inLanguage":"fr-FR"},{"@type":"Organization","@id":"https:\/\/www.tfngj.com\/#organization","name":"TFN","url":"https:\/\/www.tfngj.com\/","logo":{"@type":"ImageObject","inLanguage":"fr-FR","@id":"https:\/\/www.tfngj.com\/#\/schema\/logo\/image\/","url":"https:\/\/www.tfngj.com\/wp-content\/uploads\/2025\/09\/\u9ed1logo.png","contentUrl":"https:\/\/www.tfngj.com\/wp-content\/uploads\/2025\/09\/\u9ed1logo.png","width":939,"height":232,"caption":"TFN"},"image":{"@id":"https:\/\/www.tfngj.com\/#\/schema\/logo\/image\/"},"sameAs":["https:\/\/www.youtube.com\/@FateTFN\/search"]}]}},"_links":{"self":[{"href":"https:\/\/www.tfngj.com\/fr\/wp-json\/wp\/v2\/pages\/4133","targetHints":{"allow":["GET"]}}],"collection":[{"href":"https:\/\/www.tfngj.com\/fr\/wp-json\/wp\/v2\/pages"}],"about":[{"href":"https:\/\/www.tfngj.com\/fr\/wp-json\/wp\/v2\/types\/page"}],"author":[{"embeddable":true,"href":"https:\/\/www.tfngj.com\/fr\/wp-json\/wp\/v2\/users\/1"}],"replies":[{"embeddable":true,"href":"https:\/\/www.tfngj.com\/fr\/wp-json\/wp\/v2\/comments?post=4133"}],"version-history":[{"count":9,"href":"https:\/\/www.tfngj.com\/fr\/wp-json\/wp\/v2\/pages\/4133\/revisions"}],"predecessor-version":[{"id":4253,"href":"https:\/\/www.tfngj.com\/fr\/wp-json\/wp\/v2\/pages\/4133\/revisions\/4253"}],"wp:attachment":[{"href":"https:\/\/www.tfngj.com\/fr\/wp-json\/wp\/v2\/media?parent=4133"}],"curies":[{"name":"wp","href":"https:\/\/api.w.org\/{rel}","templated":true}]}}