{"id":4131,"date":"2025-10-31T11:05:44","date_gmt":"2025-10-31T03:05:44","guid":{"rendered":"https:\/\/www.tfngj.com\/?page_id=4131"},"modified":"2025-11-07T16:35:02","modified_gmt":"2025-11-07T08:35:02","slug":"kevlar-scissors","status":"publish","type":"page","link":"https:\/\/www.tfngj.com\/fr\/kevlar-scissors\/","title":{"rendered":"Ciseaux en Kevlar"},"content":{"rendered":"<div class=\"wp-block-cover alignfull is-light wp-duotone-unset-1\" style=\"border-radius:0px;margin-top:0;margin-bottom:0;padding-top:0;padding-bottom:0;font-size:clamp(3.615rem, 3.615rem + ((1vw - 0.2rem) * 4.856), 7.5rem);min-height:468px;aspect-ratio:unset;\"><img loading=\"lazy\" decoding=\"async\" width=\"2560\" height=\"1280\" class=\"wp-block-cover__image-background wp-image-2550 size-full\" alt=\"\" src=\"https:\/\/www.tfngj.com\/wp-content\/uploads\/2025\/10\/back-2-scaled.webp\" data-object-fit=\"cover\" srcset=\"https:\/\/www.tfngj.com\/wp-content\/uploads\/2025\/10\/back-2-scaled.webp 2560w, https:\/\/www.tfngj.com\/wp-content\/uploads\/2025\/10\/back-2-300x150.webp 300w, https:\/\/www.tfngj.com\/wp-content\/uploads\/2025\/10\/back-2-1024x512.webp 1024w, https:\/\/www.tfngj.com\/wp-content\/uploads\/2025\/10\/back-2-768x384.webp 768w, https:\/\/www.tfngj.com\/wp-content\/uploads\/2025\/10\/back-2-1536x768.webp 1536w, https:\/\/www.tfngj.com\/wp-content\/uploads\/2025\/10\/back-2-2048x1024.webp 2048w, https:\/\/www.tfngj.com\/wp-content\/uploads\/2025\/10\/back-2-18x9.webp 18w, https:\/\/www.tfngj.com\/wp-content\/uploads\/2025\/10\/back-2-600x300.webp 600w\" sizes=\"auto, (max-width: 2560px) 100vw, 2560px\" \/><span aria-hidden=\"true\" class=\"wp-block-cover__background has-background-dim-30 has-background-dim\" style=\"background-color:#359aca\"><\/span><div class=\"wp-block-cover__inner-container has-global-padding is-layout-constrained wp-container-core-cover-is-layout-ad1af2a0 wp-block-cover-is-layout-constrained\"><h1 class=\"wp-block-heading alignfull has-text-align-center has-neutral-0-color has-text-color has-link-color has-5-x-large-font-size wp-elements-d94afc5801361d772f3f298e36026b67\" style=\"margin-right:0;margin-left:0;text-transform:capitalize\" id=\"kevlar-scissors\">Ciseaux en Kevlar<\/h1>\n\n\n\n<p class=\"has-text-align-center has-neutral-0-color has-text-color has-link-color has-large-font-size wp-elements-4ec9ce8a134d0fe8f69ba2790ed431ca\" style=\"margin-top:var(--wp--preset--spacing--x-small)\">Outils de coupe multifonctionnels pour cordons de raccordement\/liens de c\u00e2bles en Kevlar\/fibre optique<\/p>\n<\/div><\/div>\n\n\n\n<div class=\"wp-block-group alignfull has-global-padding is-content-justification-center is-layout-constrained wp-container-core-group-is-layout-df757ecc wp-block-group-is-layout-constrained\" style=\"margin-top:0;margin-bottom:0;padding-top:calc( 0.5 * var(--wp--style--root--padding-right, var(--wp--custom--gap--horizontal)));padding-right:var(--wp--style--root--padding-right, var(--wp--custom--gap--horizontal));padding-bottom:calc( 0.5 * var(--wp--style--root--padding-right, var(--wp--custom--gap--horizontal)));padding-left:var(--wp--style--root--padding-left, var(--wp--custom--gap--horizontal))\">\n<div style=\"height:0px\" aria-hidden=\"true\" class=\"wp-block-spacer\"><\/div>\n\n\n\n<div style=\"height:calc( 0.25 * var(--wp--style--root--padding-right, var(--wp--custom--gap--horizontal)))\" aria-hidden=\"true\" class=\"wp-block-spacer\"><\/div>\n<\/div>\n\n\n\n<div class=\"wp-block-columns alignwide are-vertically-aligned-center is-layout-flex wp-container-core-columns-is-layout-37dbaa11 wp-block-columns-is-layout-flex\" style=\"margin-top:var(--wp--preset--spacing--x-large);margin-bottom:var(--wp--preset--spacing--x-large)\">\n<div class=\"wp-block-column is-vertically-aligned-center is-layout-flow wp-block-column-is-layout-flow\" style=\"flex-basis:33.33%\"><h2 class=\"wp-block-heading has-5-x-large-font-size\" id=\"highlights\"><mark style=\"background-color:rgba(0, 0, 0, 0);color:#2588cc\" class=\"has-inline-color\">Points forts<\/mark><\/h2>\n\n\n\n<figure class=\"wp-block-image aligncenter size-large\" style=\"margin-right:0;margin-left:0;padding-right:0;padding-left:0\"><img decoding=\"async\" src=\"https:\/\/www.tfngj.com\/wp-content\/uploads\/2025\/11\/kevlar-1.webp\" alt=\"ciseaux en kevlar\"\/><\/figure>\n<\/div>\n\n\n\n<div class=\"wp-block-column is-vertically-aligned-center is-layout-flow wp-container-core-column-is-layout-c7b3064f wp-block-column-is-layout-flow\" style=\"flex-basis:66.66%\"><ul style=\"margin-right:0;--plover--style--block-gap:var(--wp--preset--spacing--2-x-small);\" class=\"wp-block-list is-style-check-circle\">\n<li>Fil Kevlar\/aramide : les bords dentel\u00e9s augmentent la friction, ce qui r\u00e9sout efficacement le probl\u00e8me du glissement des fibres lisses.<\/li>\n\n\n\n<li>Cordons de raccordement\/liens de c\u00e2bles en fibre optique : coupe pr\u00e9cise, lisse et sans asp\u00e9rit\u00e9s<\/li>\n\n\n\n<li>Fil m\u00e9tallique\/fil de cuivre\/fil fin : d\u00e9nudage ou coupe rapide, convient \u00e0 une grande vari\u00e9t\u00e9 de mat\u00e9riaux m\u00e9talliques.<\/li>\n\n\n\n<li>T\u00f4les m\u00e9talliques : peut couper des t\u00f4les d'acier d'une \u00e9paisseur allant jusqu'\u00e0 0,5 mm<\/li>\n\n\n\n<li>Conception professionnelle antid\u00e9rapante : structure \u00e0 bords dentel\u00e9s, antid\u00e9rapante et ne se d\u00e9pla\u00e7ant pas lors de la coupe de mat\u00e9riaux tr\u00e8s durs ou lisses.<\/li>\n\n\n\n<li>Mat\u00e9riau durable et anticorrosion : Fabriqu\u00e9 en acier inoxydable de haute qualit\u00e9, il pr\u00e9sente une grande duret\u00e9, ne rouille pas facilement et a une longue dur\u00e9e de vie.<\/li>\n\n\n\n<li>Poign\u00e9e humanis\u00e9e : enveloppe en caoutchouc souple moul\u00e9e par injection secondaire, prise en main confortable et antid\u00e9rapante, pas de fatigue apr\u00e8s une utilisation prolong\u00e9e.<\/li>\n<\/ul>\n\n\n\n<div class=\"wp-block-buttons is-content-justification-center is-layout-flex wp-container-core-buttons-is-layout-a89b3969 wp-block-buttons-is-layout-flex\">\n<div class=\"wp-block-button\"><a class=\"wp-block-button__link wp-element-button\" href=\"https:\/\/www.tfngj.com\/fr\/contact-us\/\">Demande de devis<\/a><\/div>\n<\/div>\n<\/div>\n<\/div>\n\n\n\n<div class=\"wp-block-columns alignwide is-layout-flex wp-container-core-columns-is-layout-28f84493 wp-block-columns-is-layout-flex\">\n<div class=\"wp-block-column is-layout-flow wp-block-column-is-layout-flow\">\n<figure class=\"wp-block-image size-large\"><img decoding=\"async\" src=\"https:\/\/www.tfngj.com\/wp-content\/uploads\/2025\/11\/kevlar-2.webp\" alt=\"Ciseaux en kevlar\"\/><\/figure>\n<\/div>\n\n\n\n<div class=\"wp-block-column is-layout-flow wp-block-column-is-layout-flow\">\n<figure class=\"wp-block-image size-large\"><img decoding=\"async\" src=\"https:\/\/www.tfngj.com\/wp-content\/uploads\/2025\/11\/kevlar-3.webp\" alt=\"Ciseaux en kevlar\"\/><\/figure>\n<\/div>\n\n\n\n<div class=\"wp-block-column is-layout-flow wp-block-column-is-layout-flow\">\n<figure class=\"wp-block-image size-large\"><img decoding=\"async\" src=\"https:\/\/www.tfngj.com\/wp-content\/uploads\/2025\/11\/kevlar-4.webp\" alt=\"Ciseaux en kevlar\"\/><\/figure>\n<\/div>\n<\/div>\n\n\n<h2 class=\"wp-block-heading alignwide has-text-align-left\" style=\"margin-top:var(--wp--preset--spacing--small);padding-left:0rem;font-size:clamp(1.743rem, 1.743rem + ((1vw - 0.2rem) * 1.571), 3rem);\" id=\"specifications\"><mark style=\"background-color:rgba(0, 0, 0, 0);color:#2588cc\" class=\"has-inline-color\">Sp\u00e9cifications<\/mark><\/h2>\n\n\n\n<figure class=\"wp-block-table is-style-stripes\"><table class=\"has-background\" style=\"background-color:#90caf191\"><tbody><tr><td><\/td><td>Ciseaux en Kevlar<\/td><\/tr><tr><td>Mat\u00e9riau<\/td><td>Lame en acier inoxydable + poign\u00e9e en caoutchouc souple PP<\/td><\/tr><tr><td>Taille<\/td><td>140 mm (L)\u00d7 75 mm (L)<\/td><\/tr><tr><td>Longueur de la lame<\/td><td>50 mm<\/td><\/tr><tr><td>Gamme de coupe<\/td><td>Cordons de raccordement en fibre optique, fils d'aramide, Kevlar<br>Colliers de serrage en nylon, fils \u00e9lectriques, fils de cuivre, fils fins<\/td><\/tr><\/tbody><\/table><\/figure>\n\n\n\n<div class=\"wp-block-buttons is-layout-flex wp-block-buttons-is-layout-flex\">\n<div class=\"wp-block-button is-style-ghost\"><a class=\"wp-block-button__link wp-element-button\" href=\"https:\/\/www.tfngj.com\/wp-content\/uploads\/2025\/pdf\/TFN-Kevlar-Scissors.pdf\" target=\"_blank\" rel=\"noreferrer noopener\">T\u00e9l\u00e9charger le manuel<\/a><\/div>\n<\/div>\n\n\n\n<div class=\"wp-block-columns alignwide are-vertically-aligned-center is-layout-flex wp-container-core-columns-is-layout-b9f7452e wp-block-columns-is-layout-flex\" style=\"margin-top:var(--wp--preset--spacing--x-large)\">\n<div class=\"wp-block-column is-vertically-aligned-center is-layout-flow wp-block-column-is-layout-flow\" style=\"flex-basis:44%\">\n<figure class=\"wp-block-image size-large\"><img loading=\"lazy\" decoding=\"async\" width=\"1024\" height=\"684\" src=\"https:\/\/www.tfngj.com\/wp-content\/uploads\/2025\/10\/pexels-cookiecutter-1148820-1024x684.jpg\" alt=\"\" class=\"wp-image-2434\" srcset=\"https:\/\/www.tfngj.com\/wp-content\/uploads\/2025\/10\/pexels-cookiecutter-1148820-1024x684.jpg 1024w, https:\/\/www.tfngj.com\/wp-content\/uploads\/2025\/10\/pexels-cookiecutter-1148820-300x200.jpg 300w, https:\/\/www.tfngj.com\/wp-content\/uploads\/2025\/10\/pexels-cookiecutter-1148820-768x513.jpg 768w, https:\/\/www.tfngj.com\/wp-content\/uploads\/2025\/10\/pexels-cookiecutter-1148820-1536x1026.jpg 1536w, https:\/\/www.tfngj.com\/wp-content\/uploads\/2025\/10\/pexels-cookiecutter-1148820-18x12.jpg 18w, https:\/\/www.tfngj.com\/wp-content\/uploads\/2025\/10\/pexels-cookiecutter-1148820-600x401.jpg 600w, https:\/\/www.tfngj.com\/wp-content\/uploads\/2025\/10\/pexels-cookiecutter-1148820.jpg 1920w\" sizes=\"auto, (max-width: 1024px) 100vw, 1024px\" \/><\/figure>\n<\/div>\n\n\n\n<div class=\"wp-block-column is-vertically-aligned-center is-layout-flow wp-block-column-is-layout-flow\" style=\"flex-basis:56%\"><h2 class=\"wp-block-heading has-2-x-large-font-size\" id=\"application-scenarios\">Sc\u00e9narios d'application<\/h2>\n\n\n<ul class=\"wp-block-list\" style=\"\">\n<li>Ing\u00e9nierie de la communication : D\u00e9coupe de renforts en Kevlar dans la fibre FTTH jusqu'au domicile<\/li>\n\n\n\n<li>Centre de donn\u00e9es : organiser les cavaliers et couper les serre-c\u00e2bles \u00e0 l'int\u00e9rieur des armoires<\/li>\n\n\n\n<li>Maintenance industrielle : entretien des faisceaux de c\u00e2bles des \u00e9quipements et remplacement des attaches de c\u00e2bles<\/li>\n\n\n\n<li>Bricolage \u00e0 domicile : fabrication \u00e0 la main, traitement des mod\u00e8les, entretien quotidien<\/li>\n<\/ul>\n<\/div>\n<\/div>\n\n\n\n<div style=\"height:68px\" aria-hidden=\"true\" class=\"wp-block-spacer\"><\/div>\n\n\n<h2 class=\"wp-block-heading has-text-align-center\" id=\"faqs\"><mark style=\"background-color:rgba(0, 0, 0, 0);color:#2588cc\" class=\"has-inline-color\">FAQ<\/mark><\/h2>\n\n\n\n<details class=\"wp-block-details has-border-color is-layout-flow wp-block-details-is-layout-flow\" style=\"border-color:#4083ca;border-width:2px;line-height:1.8\" open><summary>Quelles sont les options logistiques que vous proposez ?<\/summary>\n<p>Nous fournissons des solutions logistiques optimis\u00e9es en fonction de l'urgence de votre commande, de sa taille, de son poids et de votre localisation :<\/p>\n\n\n\n<p>International Express : Convient aux \u00e9chantillons, aux commandes urgentes et aux petits envois de moins de 10 kg. Nous travaillons en partenariat avec les meilleurs fournisseurs de services logistiques tels que DHL, FedEx et UPS, offrant un suivi porte-\u00e0-porte.<\/p>\n\n\n\n<p>Fret a\u00e9rien : Convient aux commandes moyennes \u00e0 importantes ou aux \u00e9quipements complets sensibles au facteur temps, offrant un \u00e9quilibre efficace entre co\u00fbt et rapidit\u00e9.<\/p>\n\n\n\n<p>Fret maritime : Convient aux commandes de gros volumes et constitue la m\u00e9thode d'exp\u00e9dition la plus \u00e9conomique. Nous proposons des services FOB, C&amp;F et CIF.<\/p>\n<\/details>\n\n\n\n<details class=\"wp-block-details has-border-color is-layout-flow wp-block-details-is-layout-flow\" style=\"border-color:#4083ca;border-width:2px\"><summary>Quel est le d\u00e9lai d'ex\u00e9cution ?<\/summary>\n<p>Pour nos produits standard, s'ils sont en stock et pr\u00eats \u00e0 \u00eatre exp\u00e9di\u00e9s, le d\u00e9lai est d'environ 7 \u00e0 10 jours. Pour les produits optionnels, le d\u00e9lai est d'environ 25 \u00e0 30 jours.<\/p>\n<\/details>\n\n\n\n<details class=\"wp-block-details has-border-color is-layout-flow wp-block-details-is-layout-flow\" style=\"border-color:#4083ca;border-width:2px\"><summary>Quelle est la dur\u00e9e de la garantie du produit ?<\/summary>\n<p>Nous sommes convaincus de la qualit\u00e9 et de la fiabilit\u00e9 de nos produits.<\/p>\n\n\n\n<p>Nous offrons une garantie standard de 12 mois sur tous les instruments, \u00e0 compter de la date d'arriv\u00e9e au port de destination.<\/p>\n\n\n\n<p>Des extensions de garantie sont \u00e9galement disponibles ; veuillez contacter notre \u00e9quipe de vente pour plus de d\u00e9tails.<\/p>\n<\/details>\n\n\n\n<div style=\"height:59px\" aria-hidden=\"true\" class=\"wp-block-spacer\"><\/div>","protected":false},"excerpt":{"rendered":"<p>Caract\u00e9ristiques Ciseaux en kevlar Mat\u00e9riau Lame en acier inoxydable + poign\u00e9e en caoutchouc souple PP Taille 140mm (L)\u00d7 75mm (L) Longueur de la lame 50mm Plage de coupe Cordons de raccordement en fibre optique, fil aramide, colliers de serrage en kevlar-nylon, fils \u00e9lectriques, fils de cuivre, fils minces Sc\u00e9narios d'application FAQs<\/p>","protected":false},"author":1,"featured_media":0,"parent":0,"menu_order":0,"comment_status":"closed","ping_status":"closed","template":"","meta":{"footnotes":""},"class_list":["post-4131","page","type-page","status-publish","hentry"],"yoast_head":"<!-- This site is optimized with the Yoast SEO plugin v26.6 - https:\/\/yoast.com\/wordpress\/plugins\/seo\/ -->\n<title>Kevlar Scissors - Communication Test Expert<\/title>\n<meta name=\"robots\" content=\"index, follow, max-snippet:-1, max-image-preview:large, max-video-preview:-1\" \/>\n<link rel=\"canonical\" href=\"https:\/\/www.tfngj.com\/fr\/kevlar-scissors\/\" \/>\n<meta property=\"og:locale\" content=\"fr_FR\" \/>\n<meta property=\"og:type\" content=\"article\" \/>\n<meta property=\"og:title\" content=\"Kevlar Scissors - Communication Test Expert\" \/>\n<meta property=\"og:description\" content=\"Highlights Specifications Kevlar Scissors Material Stainless steel blade + PP soft rubber handle Size 140mm (L)\u00d7 75mm (W) Blade length 50mm Cutting range Fiber optic patch cords, aramid yarn, KevlarNylon cable ties, electrical wires, copper wires, thin wires Application Scenarios FAQs\" \/>\n<meta property=\"og:url\" content=\"https:\/\/www.tfngj.com\/fr\/kevlar-scissors\/\" \/>\n<meta property=\"og:site_name\" content=\"Communication Test Expert\" \/>\n<meta property=\"article:modified_time\" content=\"2025-11-07T08:35:02+00:00\" \/>\n<meta property=\"og:image\" content=\"https:\/\/www.tfngj.com\/wp-content\/uploads\/2025\/10\/back-2-scaled.webp\" \/>\n\t<meta property=\"og:image:width\" content=\"2560\" \/>\n\t<meta property=\"og:image:height\" content=\"1280\" \/>\n\t<meta property=\"og:image:type\" content=\"image\/webp\" \/>\n<meta name=\"twitter:card\" content=\"summary_large_image\" \/>\n<meta name=\"twitter:label1\" content=\"Dur\u00e9e de lecture estim\u00e9e\" \/>\n\t<meta name=\"twitter:data1\" content=\"2 minutes\" \/>\n<script type=\"application\/ld+json\" class=\"yoast-schema-graph\">{\"@context\":\"https:\/\/schema.org\",\"@graph\":[{\"@type\":\"WebPage\",\"@id\":\"https:\/\/www.tfngj.com\/kevlar-scissors\/\",\"url\":\"https:\/\/www.tfngj.com\/kevlar-scissors\/\",\"name\":\"Kevlar Scissors - Communication Test Expert\",\"isPartOf\":{\"@id\":\"https:\/\/www.tfngj.com\/#website\"},\"primaryImageOfPage\":{\"@id\":\"https:\/\/www.tfngj.com\/kevlar-scissors\/#primaryimage\"},\"image\":{\"@id\":\"https:\/\/www.tfngj.com\/kevlar-scissors\/#primaryimage\"},\"thumbnailUrl\":\"https:\/\/www.tfngj.com\/wp-content\/uploads\/2025\/10\/back-2-scaled.webp\",\"datePublished\":\"2025-10-31T03:05:44+00:00\",\"dateModified\":\"2025-11-07T08:35:02+00:00\",\"breadcrumb\":{\"@id\":\"https:\/\/www.tfngj.com\/kevlar-scissors\/#breadcrumb\"},\"inLanguage\":\"fr-FR\",\"potentialAction\":[{\"@type\":\"ReadAction\",\"target\":[\"https:\/\/www.tfngj.com\/kevlar-scissors\/\"]}]},{\"@type\":\"ImageObject\",\"inLanguage\":\"fr-FR\",\"@id\":\"https:\/\/www.tfngj.com\/kevlar-scissors\/#primaryimage\",\"url\":\"https:\/\/www.tfngj.com\/wp-content\/uploads\/2025\/10\/back-2-scaled.webp\",\"contentUrl\":\"https:\/\/www.tfngj.com\/wp-content\/uploads\/2025\/10\/back-2-scaled.webp\"},{\"@type\":\"BreadcrumbList\",\"@id\":\"https:\/\/www.tfngj.com\/kevlar-scissors\/#breadcrumb\",\"itemListElement\":[{\"@type\":\"ListItem\",\"position\":1,\"name\":\"Home\",\"item\":\"https:\/\/www.tfngj.com\/\"},{\"@type\":\"ListItem\",\"position\":2,\"name\":\"Kevlar Scissors\"}]},{\"@type\":\"WebSite\",\"@id\":\"https:\/\/www.tfngj.com\/#website\",\"url\":\"https:\/\/www.tfngj.com\/\",\"name\":\"TFN-Communication Test Expert\",\"description\":\"Find Perfect Solutions in TFN\",\"publisher\":{\"@id\":\"https:\/\/www.tfngj.com\/#organization\"},\"alternateName\":\"TFN\",\"potentialAction\":[{\"@type\":\"SearchAction\",\"target\":{\"@type\":\"EntryPoint\",\"urlTemplate\":\"https:\/\/www.tfngj.com\/?s={search_term_string}\"},\"query-input\":{\"@type\":\"PropertyValueSpecification\",\"valueRequired\":true,\"valueName\":\"search_term_string\"}}],\"inLanguage\":\"fr-FR\"},{\"@type\":\"Organization\",\"@id\":\"https:\/\/www.tfngj.com\/#organization\",\"name\":\"TFN\",\"url\":\"https:\/\/www.tfngj.com\/\",\"logo\":{\"@type\":\"ImageObject\",\"inLanguage\":\"fr-FR\",\"@id\":\"https:\/\/www.tfngj.com\/#\/schema\/logo\/image\/\",\"url\":\"https:\/\/www.tfngj.com\/wp-content\/uploads\/2025\/09\/\u9ed1logo.png\",\"contentUrl\":\"https:\/\/www.tfngj.com\/wp-content\/uploads\/2025\/09\/\u9ed1logo.png\",\"width\":939,\"height\":232,\"caption\":\"TFN\"},\"image\":{\"@id\":\"https:\/\/www.tfngj.com\/#\/schema\/logo\/image\/\"},\"sameAs\":[\"https:\/\/www.youtube.com\/@FateTFN\/search\"]}]}<\/script>\n<!-- \/ Yoast SEO plugin. -->","yoast_head_json":{"title":"Ciseaux en kevlar - Communication Test Expert","robots":{"index":"index","follow":"follow","max-snippet":"max-snippet:-1","max-image-preview":"max-image-preview:large","max-video-preview":"max-video-preview:-1"},"canonical":"https:\/\/www.tfngj.com\/fr\/kevlar-scissors\/","og_locale":"fr_FR","og_type":"article","og_title":"Kevlar Scissors - Communication Test Expert","og_description":"Highlights Specifications Kevlar Scissors Material Stainless steel blade + PP soft rubber handle Size 140mm (L)\u00d7 75mm (W) Blade length 50mm Cutting range Fiber optic patch cords, aramid yarn, KevlarNylon cable ties, electrical wires, copper wires, thin wires Application Scenarios FAQs","og_url":"https:\/\/www.tfngj.com\/fr\/kevlar-scissors\/","og_site_name":"Communication Test Expert","article_modified_time":"2025-11-07T08:35:02+00:00","og_image":[{"width":2560,"height":1280,"url":"https:\/\/www.tfngj.com\/wp-content\/uploads\/2025\/10\/back-2-scaled.webp","type":"image\/webp"}],"twitter_card":"summary_large_image","twitter_misc":{"Dur\u00e9e de lecture estim\u00e9e":"2 minutes"},"schema":{"@context":"https:\/\/schema.org","@graph":[{"@type":"WebPage","@id":"https:\/\/www.tfngj.com\/kevlar-scissors\/","url":"https:\/\/www.tfngj.com\/kevlar-scissors\/","name":"Ciseaux en kevlar - Communication Test Expert","isPartOf":{"@id":"https:\/\/www.tfngj.com\/#website"},"primaryImageOfPage":{"@id":"https:\/\/www.tfngj.com\/kevlar-scissors\/#primaryimage"},"image":{"@id":"https:\/\/www.tfngj.com\/kevlar-scissors\/#primaryimage"},"thumbnailUrl":"https:\/\/www.tfngj.com\/wp-content\/uploads\/2025\/10\/back-2-scaled.webp","datePublished":"2025-10-31T03:05:44+00:00","dateModified":"2025-11-07T08:35:02+00:00","breadcrumb":{"@id":"https:\/\/www.tfngj.com\/kevlar-scissors\/#breadcrumb"},"inLanguage":"fr-FR","potentialAction":[{"@type":"ReadAction","target":["https:\/\/www.tfngj.com\/kevlar-scissors\/"]}]},{"@type":"ImageObject","inLanguage":"fr-FR","@id":"https:\/\/www.tfngj.com\/kevlar-scissors\/#primaryimage","url":"https:\/\/www.tfngj.com\/wp-content\/uploads\/2025\/10\/back-2-scaled.webp","contentUrl":"https:\/\/www.tfngj.com\/wp-content\/uploads\/2025\/10\/back-2-scaled.webp"},{"@type":"BreadcrumbList","@id":"https:\/\/www.tfngj.com\/kevlar-scissors\/#breadcrumb","itemListElement":[{"@type":"ListItem","position":1,"name":"Home","item":"https:\/\/www.tfngj.com\/"},{"@type":"ListItem","position":2,"name":"Kevlar Scissors"}]},{"@type":"WebSite","@id":"https:\/\/www.tfngj.com\/#website","url":"https:\/\/www.tfngj.com\/","name":"TFN - Expert en essais de communication","description":"Trouver des solutions parfaites dans la TFN","publisher":{"@id":"https:\/\/www.tfngj.com\/#organization"},"alternateName":"TFN","potentialAction":[{"@type":"SearchAction","target":{"@type":"EntryPoint","urlTemplate":"https:\/\/www.tfngj.com\/?s={search_term_string}"},"query-input":{"@type":"PropertyValueSpecification","valueRequired":true,"valueName":"search_term_string"}}],"inLanguage":"fr-FR"},{"@type":"Organization","@id":"https:\/\/www.tfngj.com\/#organization","name":"TFN","url":"https:\/\/www.tfngj.com\/","logo":{"@type":"ImageObject","inLanguage":"fr-FR","@id":"https:\/\/www.tfngj.com\/#\/schema\/logo\/image\/","url":"https:\/\/www.tfngj.com\/wp-content\/uploads\/2025\/09\/\u9ed1logo.png","contentUrl":"https:\/\/www.tfngj.com\/wp-content\/uploads\/2025\/09\/\u9ed1logo.png","width":939,"height":232,"caption":"TFN"},"image":{"@id":"https:\/\/www.tfngj.com\/#\/schema\/logo\/image\/"},"sameAs":["https:\/\/www.youtube.com\/@FateTFN\/search"]}]}},"_links":{"self":[{"href":"https:\/\/www.tfngj.com\/fr\/wp-json\/wp\/v2\/pages\/4131","targetHints":{"allow":["GET"]}}],"collection":[{"href":"https:\/\/www.tfngj.com\/fr\/wp-json\/wp\/v2\/pages"}],"about":[{"href":"https:\/\/www.tfngj.com\/fr\/wp-json\/wp\/v2\/types\/page"}],"author":[{"embeddable":true,"href":"https:\/\/www.tfngj.com\/fr\/wp-json\/wp\/v2\/users\/1"}],"replies":[{"embeddable":true,"href":"https:\/\/www.tfngj.com\/fr\/wp-json\/wp\/v2\/comments?post=4131"}],"version-history":[{"count":6,"href":"https:\/\/www.tfngj.com\/fr\/wp-json\/wp\/v2\/pages\/4131\/revisions"}],"predecessor-version":[{"id":4488,"href":"https:\/\/www.tfngj.com\/fr\/wp-json\/wp\/v2\/pages\/4131\/revisions\/4488"}],"wp:attachment":[{"href":"https:\/\/www.tfngj.com\/fr\/wp-json\/wp\/v2\/media?parent=4131"}],"curies":[{"name":"wp","href":"https:\/\/api.w.org\/{rel}","templated":true}]}}