{"id":4125,"date":"2025-10-31T10:45:02","date_gmt":"2025-10-31T02:45:02","guid":{"rendered":"https:\/\/www.tfngj.com\/?page_id=4125"},"modified":"2026-01-21T23:33:42","modified_gmt":"2026-01-22T07:33:42","slug":"ca3-fiber-cleaver","status":"publish","type":"page","link":"https:\/\/www.tfngj.com\/fr\/ca3-fiber-cleaver\/","title":{"rendered":"CA3 Coupe-fibre"},"content":{"rendered":"<div class=\"wp-block-cover alignfull is-light wp-duotone-unset-1\" style=\"border-radius:0px;margin-top:0;margin-bottom:0;padding-top:0;padding-bottom:0;font-size:clamp(3.615rem, 3.615rem + ((1vw - 0.2rem) * 4.856), 7.5rem);min-height:468px;aspect-ratio:unset;\"><img loading=\"lazy\" decoding=\"async\" width=\"2560\" height=\"1280\" class=\"wp-block-cover__image-background wp-image-2550 size-full\" alt=\"\" src=\"https:\/\/www.tfngj.com\/wp-content\/uploads\/2025\/10\/back-2-scaled.webp\" data-object-fit=\"cover\" srcset=\"https:\/\/www.tfngj.com\/wp-content\/uploads\/2025\/10\/back-2-scaled.webp 2560w, https:\/\/www.tfngj.com\/wp-content\/uploads\/2025\/10\/back-2-300x150.webp 300w, https:\/\/www.tfngj.com\/wp-content\/uploads\/2025\/10\/back-2-1024x512.webp 1024w, https:\/\/www.tfngj.com\/wp-content\/uploads\/2025\/10\/back-2-768x384.webp 768w, https:\/\/www.tfngj.com\/wp-content\/uploads\/2025\/10\/back-2-1536x768.webp 1536w, https:\/\/www.tfngj.com\/wp-content\/uploads\/2025\/10\/back-2-2048x1024.webp 2048w, https:\/\/www.tfngj.com\/wp-content\/uploads\/2025\/10\/back-2-18x9.webp 18w, https:\/\/www.tfngj.com\/wp-content\/uploads\/2025\/10\/back-2-600x300.webp 600w\" sizes=\"auto, (max-width: 2560px) 100vw, 2560px\" \/><span aria-hidden=\"true\" class=\"wp-block-cover__background has-background-dim-30 has-background-dim\" style=\"background-color:#359aca\"><\/span><div class=\"wp-block-cover__inner-container has-global-padding is-layout-constrained wp-container-core-cover-is-layout-ad1af2a0 wp-block-cover-is-layout-constrained\"><h1 class=\"wp-block-heading alignfull has-text-align-center has-neutral-0-color has-text-color has-link-color has-5-x-large-font-size wp-elements-628ec051f781cf05fbbbca06de291982\" style=\"margin-right:0;margin-left:0;text-transform:capitalize\" id=\"ca3-fiber-cleaver\">CA3 Coupe-fibre<\/h1>\n\n\n\n<p class=\"has-text-align-center has-neutral-0-color has-text-color has-link-color has-large-font-size wp-elements-a74e2f740b5844758b5a86d7a7ec27af\" style=\"margin-top:var(--wp--preset--spacing--x-small)\">Coupe-fibre trois en un pour diff\u00e9rents types de fibres, y compris les cordons de raccordement, les c\u00e2bles de liaison et les pigtails<\/p>\n<\/div><\/div>\n\n\n\n<div class=\"wp-block-group alignfull has-global-padding is-content-justification-center is-layout-constrained wp-container-core-group-is-layout-df757ecc wp-block-group-is-layout-constrained\" style=\"margin-top:0;margin-bottom:0;padding-top:calc( 0.5 * var(--wp--style--root--padding-right, var(--wp--custom--gap--horizontal)));padding-right:var(--wp--style--root--padding-right, var(--wp--custom--gap--horizontal));padding-bottom:calc( 0.5 * var(--wp--style--root--padding-right, var(--wp--custom--gap--horizontal)));padding-left:var(--wp--style--root--padding-left, var(--wp--custom--gap--horizontal))\">\n<div style=\"height:0px\" aria-hidden=\"true\" class=\"wp-block-spacer\"><\/div>\n\n\n\n<div style=\"height:calc( 0.25 * var(--wp--style--root--padding-right, var(--wp--custom--gap--horizontal)))\" aria-hidden=\"true\" class=\"wp-block-spacer\"><\/div>\n<\/div>\n\n\n\n<div class=\"wp-block-columns alignwide are-vertically-aligned-center is-layout-flex wp-container-core-columns-is-layout-37dbaa11 wp-block-columns-is-layout-flex\" style=\"margin-top:var(--wp--preset--spacing--x-large);margin-bottom:var(--wp--preset--spacing--x-large)\">\n<div class=\"wp-block-column is-vertically-aligned-center is-layout-flow wp-block-column-is-layout-flow\" style=\"flex-basis:33.33%\"><h2 class=\"wp-block-heading has-5-x-large-font-size\" id=\"highlights\"><mark style=\"background-color:rgba(0, 0, 0, 0);color:#2588cc\" class=\"has-inline-color\">Points forts<\/mark><\/h2>\n\n\n\n<figure class=\"wp-block-image aligncenter size-large\" style=\"margin-right:0;margin-left:0;padding-right:0;padding-left:0\"><img decoding=\"async\" src=\"https:\/\/www.tfngj.com\/wp-content\/uploads\/2025\/10\/ca3.webp\" alt=\"coupe-fibre\"\/><\/figure>\n<\/div>\n\n\n\n<div class=\"wp-block-column is-vertically-aligned-center is-layout-flow wp-container-core-column-is-layout-c7b3064f wp-block-column-is-layout-flow\" style=\"flex-basis:66.66%\"><ul style=\"margin-right:0;--plover--style--block-gap:var(--wp--preset--spacing--2-x-small);\" class=\"wp-block-list is-style-check-circle\">\n<li>Il n'est pas n\u00e9cessaire de changer les fixations ; supporte plusieurs types de fibres, y compris les pigtails, les cordons de raccordement et les fibres de queue (RET).<\/li>\n\n\n\n<li>Les coussinets de pression en caoutchouc tr\u00e8s \u00e9lastiques offrent une durabilit\u00e9 exceptionnelle et emp\u00eachent efficacement la rupture des fibres dans les environnements \u00e0 basse temp\u00e9rature. Compression s\u00fbre sans endommager le c\u0153ur de la fibre, ce qui garantit la qualit\u00e9 de la coupe.<\/li>\n\n\n\n<li>Angle de coupe &lt;0,5\u00b0, permettant d&#039;obtenir des extr\u00e9mit\u00e9s de fibres lisses et plates. Dur\u00e9e de vie de la lame jusqu&#039;\u00e0 36 000 coupes, supporte 24 surfaces de coupe, \u00e9conomique et durable.<\/li>\n\n\n\n<li>Construction en aluminium de premi\u00e8re qualit\u00e9. Robuste et durable, avec une sensation de solidit\u00e9 et des performances stables. Compact et portable, il ne p\u00e8se que 328 g environ.<\/li>\n<\/ul>\n\n\n\n<div class=\"wp-block-buttons is-content-justification-center is-layout-flex wp-container-core-buttons-is-layout-a89b3969 wp-block-buttons-is-layout-flex\">\n<div class=\"wp-block-button\"><a class=\"wp-block-button__link wp-element-button\" href=\"https:\/\/www.tfngj.com\/fr\/contact-us\/\">Demande de devis<\/a><\/div>\n<\/div>\n<\/div>\n<\/div>\n\n\n\n<div class=\"wp-block-columns alignwide is-layout-flex wp-container-core-columns-is-layout-28f84493 wp-block-columns-is-layout-flex\">\n<div class=\"wp-block-column is-layout-flow wp-block-column-is-layout-flow\">\n<figure class=\"wp-block-image size-large\"><img decoding=\"async\" src=\"https:\/\/www.tfngj.com\/wp-content\/uploads\/2025\/11\/ca3-1.webp\" alt=\"coupe-fibre\"\/><\/figure>\n<\/div>\n\n\n\n<div class=\"wp-block-column is-layout-flow wp-block-column-is-layout-flow\">\n<figure class=\"wp-block-image size-large\"><img decoding=\"async\" src=\"https:\/\/www.tfngj.com\/wp-content\/uploads\/2025\/11\/ca3-3.webp\" alt=\"coupe-fibre\"\/><\/figure>\n<\/div>\n\n\n\n<div class=\"wp-block-column is-layout-flow wp-block-column-is-layout-flow\">\n<figure class=\"wp-block-image size-full\"><img loading=\"lazy\" decoding=\"async\" width=\"790\" height=\"694\" src=\"https:\/\/www.tfngj.com\/wp-content\/uploads\/2026\/01\/image-2.webp\" alt=\"\" class=\"wp-image-5763\" srcset=\"https:\/\/www.tfngj.com\/wp-content\/uploads\/2026\/01\/image-2.webp 790w, https:\/\/www.tfngj.com\/wp-content\/uploads\/2026\/01\/image-2-300x264.webp 300w, https:\/\/www.tfngj.com\/wp-content\/uploads\/2026\/01\/image-2-768x675.webp 768w, https:\/\/www.tfngj.com\/wp-content\/uploads\/2026\/01\/image-2-14x12.webp 14w\" sizes=\"auto, (max-width: 790px) 100vw, 790px\" \/><\/figure>\n<\/div>\n<\/div>\n\n\n<h2 class=\"wp-block-heading alignwide has-text-align-left\" style=\"margin-top:var(--wp--preset--spacing--large);padding-left:0rem;font-size:clamp(1.743rem, 1.743rem + ((1vw - 0.2rem) * 1.571), 3rem);\" id=\"specifications\"><mark style=\"background-color:rgba(0, 0, 0, 0);color:#2588cc\" class=\"has-inline-color\">Sp\u00e9cifications<\/mark><\/h2>\n\n\n\n<figure class=\"wp-block-table is-style-stripes\"><table class=\"has-background\" style=\"background-color:#90caf191\"><tbody><tr><td>Articles\/Mod\u00e8les<\/td><td>CA3<\/td><\/tr><tr><td>Diam\u00e8tre de la fibre nue applicable<\/td><td>125 \u03bcm (compatible avec les fibres de gainage de 0,25 mm et 0,9 mm).<\/td><\/tr><tr><td>Longueur de coupe<\/td><td>16 mm<\/td><\/tr><tr><td>Angle de coupe<\/td><td>&lt;0.5\u00b0<\/td><\/tr><tr><td>La vie en lame<\/td><td>36 000 coupes<\/td><\/tr><tr><td>Dimensions<\/td><td>64(L)\u00d782(P)\u00d760(H) mm<\/td><\/tr><tr><td>Poids<\/td><td>328 g<\/td><\/tr><\/tbody><\/table><\/figure>\n\n\n\n<div class=\"wp-block-buttons is-layout-flex wp-block-buttons-is-layout-flex\">\n<div class=\"wp-block-button is-style-ghost\"><a class=\"wp-block-button__link wp-element-button\" href=\"https:\/\/www.tfngj.com\/wp-content\/uploads\/2025\/pdf\/CA3-Fiber-Cleaver.pdf\" target=\"_blank\" rel=\"noreferrer noopener\">T\u00e9l\u00e9charger le manuel CA3<\/a><\/div>\n<\/div>\n\n\n\n<div class=\"wp-block-columns alignwide are-vertically-aligned-center is-layout-flex wp-container-core-columns-is-layout-b9f7452e wp-block-columns-is-layout-flex\" style=\"margin-top:var(--wp--preset--spacing--x-large)\">\n<div class=\"wp-block-column is-vertically-aligned-center is-layout-flow wp-block-column-is-layout-flow\" style=\"flex-basis:44%\">\n<figure class=\"wp-block-image size-large\"><img loading=\"lazy\" decoding=\"async\" width=\"1024\" height=\"768\" src=\"https:\/\/www.tfngj.com\/wp-content\/uploads\/2025\/10\/\u751f\u6210\u5149\u7ea4\u65ad\u56fe-1024x768.png\" alt=\"\" class=\"wp-image-2427\" srcset=\"\" sizes=\"auto, (max-width: 1024px) 100vw, 1024px\" data-srcset=\"\" \/><\/figure>\n<\/div>\n\n\n\n<div class=\"wp-block-column is-vertically-aligned-center is-layout-flow wp-block-column-is-layout-flow\" style=\"flex-basis:56%\"><h2 class=\"wp-block-heading has-2-x-large-font-size\" id=\"application-scenarios\">Sc\u00e9narios d'application<\/h2>\n\n\n<ul class=\"wp-block-list\" style=\"\">\n<li>Installation et maintenance de la fibre optique jusqu'au domicile (FTTH)<\/li>\n\n\n\n<li>C\u00e2blage du centre de donn\u00e9es<\/li>\n\n\n\n<li>Station de base de communication \u00c9pissure des fibres<\/li>\n\n\n\n<li>Laboratoires, \u00e9tablissements d'enseignement et organismes de recherche<\/li>\n<\/ul>\n<\/div>\n<\/div>\n\n\n\n<div style=\"height:68px\" aria-hidden=\"true\" class=\"wp-block-spacer\"><\/div>\n\n\n<h2 class=\"wp-block-heading has-text-align-center\" id=\"faqs\"><mark style=\"background-color:rgba(0, 0, 0, 0);color:#2588cc\" class=\"has-inline-color\">FAQ<\/mark><\/h2>\n\n\n\n<details class=\"wp-block-details has-border-color is-layout-flow wp-block-details-is-layout-flow\" style=\"border-color:#4083ca;border-width:2px;line-height:1.8\" open><summary>Quelles sont les options logistiques que vous proposez ?<\/summary>\n<p>Nous fournissons des solutions logistiques optimis\u00e9es en fonction de l'urgence de votre commande, de sa taille, de son poids et de votre localisation :<\/p>\n\n\n\n<p>International Express : Convient aux \u00e9chantillons, aux commandes urgentes et aux petits envois de moins de 10 kg. Nous travaillons en partenariat avec les meilleurs fournisseurs de services logistiques tels que DHL, FedEx et UPS, offrant un suivi porte-\u00e0-porte.<\/p>\n\n\n\n<p>Fret a\u00e9rien : Convient aux commandes moyennes \u00e0 importantes ou aux \u00e9quipements complets sensibles au facteur temps, offrant un \u00e9quilibre efficace entre co\u00fbt et rapidit\u00e9.<\/p>\n\n\n\n<p>Fret maritime : Convient aux commandes de gros volumes et constitue la m\u00e9thode d'exp\u00e9dition la plus \u00e9conomique. Nous proposons des services FOB, C&amp;F et CIF.<\/p>\n<\/details>\n\n\n\n<details class=\"wp-block-details has-border-color is-layout-flow wp-block-details-is-layout-flow\" style=\"border-color:#4083ca;border-width:2px\"><summary>Quel est le d\u00e9lai d'ex\u00e9cution ?<\/summary>\n<p>Pour nos produits standard, s'ils sont en stock et pr\u00eats \u00e0 \u00eatre exp\u00e9di\u00e9s, le d\u00e9lai est d'environ 7 \u00e0 10 jours. Pour les produits optionnels, le d\u00e9lai est d'environ 25 \u00e0 30 jours.<\/p>\n<\/details>\n\n\n\n<details class=\"wp-block-details has-border-color is-layout-flow wp-block-details-is-layout-flow\" style=\"border-color:#4083ca;border-width:2px\"><summary>Quelle est la dur\u00e9e de la garantie du produit ?<\/summary>\n<p>Nous sommes convaincus de la qualit\u00e9 et de la fiabilit\u00e9 de nos produits.<\/p>\n\n\n\n<p>Nous offrons une garantie standard de 12 mois sur tous les instruments, \u00e0 compter de la date d'arriv\u00e9e au port de destination.<\/p>\n\n\n\n<p>Des extensions de garantie sont \u00e9galement disponibles ; veuillez contacter notre \u00e9quipe de vente pour plus de d\u00e9tails.<\/p>\n<\/details>\n\n\n\n<div style=\"height:59px\" aria-hidden=\"true\" class=\"wp-block-spacer\"><\/div>","protected":false},"excerpt":{"rendered":"<p>Highlights Specifications Items\/Models CA3 Applicable Bare Fiber Diameter 125 \u03bcm (Compatible with 0.25mm &amp; 0.9mm cladding fibers) Cut Length 16 mm Cutting Angle &lt;0.5\u00b0 Blade Life 36,000 cuts Dimensions 64(W)\u00d782(D)\u00d760(H) mm Weight 328 g Application Scenarios FAQs<\/p>","protected":false},"author":1,"featured_media":5763,"parent":0,"menu_order":0,"comment_status":"closed","ping_status":"closed","template":"","meta":{"footnotes":""},"class_list":["post-4125","page","type-page","status-publish","has-post-thumbnail","hentry"],"yoast_head":"<!-- This site is optimized with the Yoast SEO plugin v26.6 - https:\/\/yoast.com\/wordpress\/plugins\/seo\/ -->\n<title>TFN CA3 Fiber Cleaver<\/title>\n<meta name=\"description\" content=\"Three in one fiber cleaver for various fiber types including patch cords, jumper cables, and pigtails.\" \/>\n<meta name=\"robots\" content=\"index, follow, max-snippet:-1, max-image-preview:large, max-video-preview:-1\" \/>\n<link rel=\"canonical\" href=\"https:\/\/www.tfngj.com\/fr\/ca3-fiber-cleaver\/\" \/>\n<meta property=\"og:locale\" content=\"fr_FR\" \/>\n<meta property=\"og:type\" content=\"article\" \/>\n<meta property=\"og:title\" content=\"TFN CA3 Fiber Cleaver\" \/>\n<meta property=\"og:description\" content=\"Three in one fiber cleaver for various fiber types including patch cords, jumper cables, and pigtails.\" \/>\n<meta property=\"og:url\" content=\"https:\/\/www.tfngj.com\/fr\/ca3-fiber-cleaver\/\" \/>\n<meta property=\"og:site_name\" content=\"Communication Test Expert\" \/>\n<meta property=\"article:modified_time\" content=\"2026-01-22T07:33:42+00:00\" \/>\n<meta property=\"og:image\" content=\"https:\/\/www.tfngj.com\/wp-content\/uploads\/2026\/01\/image-2.webp\" \/>\n\t<meta property=\"og:image:width\" content=\"790\" \/>\n\t<meta property=\"og:image:height\" content=\"694\" \/>\n\t<meta property=\"og:image:type\" content=\"image\/webp\" \/>\n<meta name=\"twitter:card\" content=\"summary_large_image\" \/>\n<meta name=\"twitter:label1\" content=\"Dur\u00e9e de lecture estim\u00e9e\" \/>\n\t<meta name=\"twitter:data1\" content=\"3 minutes\" \/>\n<script type=\"application\/ld+json\" class=\"yoast-schema-graph\">{\"@context\":\"https:\/\/schema.org\",\"@graph\":[{\"@type\":\"WebPage\",\"@id\":\"https:\/\/www.tfngj.com\/ca3-fiber-cleaver\/\",\"url\":\"https:\/\/www.tfngj.com\/ca3-fiber-cleaver\/\",\"name\":\"TFN CA3 Fiber Cleaver\",\"isPartOf\":{\"@id\":\"https:\/\/www.tfngj.com\/#website\"},\"primaryImageOfPage\":{\"@id\":\"https:\/\/www.tfngj.com\/ca3-fiber-cleaver\/#primaryimage\"},\"image\":{\"@id\":\"https:\/\/www.tfngj.com\/ca3-fiber-cleaver\/#primaryimage\"},\"thumbnailUrl\":\"https:\/\/www.tfngj.com\/wp-content\/uploads\/2026\/01\/image-2.webp\",\"datePublished\":\"2025-10-31T02:45:02+00:00\",\"dateModified\":\"2026-01-22T07:33:42+00:00\",\"description\":\"Three in one fiber cleaver for various fiber types including patch cords, jumper cables, and pigtails.\",\"breadcrumb\":{\"@id\":\"https:\/\/www.tfngj.com\/ca3-fiber-cleaver\/#breadcrumb\"},\"inLanguage\":\"fr-FR\",\"potentialAction\":[{\"@type\":\"ReadAction\",\"target\":[\"https:\/\/www.tfngj.com\/ca3-fiber-cleaver\/\"]}]},{\"@type\":\"ImageObject\",\"inLanguage\":\"fr-FR\",\"@id\":\"https:\/\/www.tfngj.com\/ca3-fiber-cleaver\/#primaryimage\",\"url\":\"https:\/\/www.tfngj.com\/wp-content\/uploads\/2026\/01\/image-2.webp\",\"contentUrl\":\"https:\/\/www.tfngj.com\/wp-content\/uploads\/2026\/01\/image-2.webp\",\"width\":790,\"height\":694,\"caption\":\"fiber cleaver\"},{\"@type\":\"BreadcrumbList\",\"@id\":\"https:\/\/www.tfngj.com\/ca3-fiber-cleaver\/#breadcrumb\",\"itemListElement\":[{\"@type\":\"ListItem\",\"position\":1,\"name\":\"Home\",\"item\":\"https:\/\/www.tfngj.com\/\"},{\"@type\":\"ListItem\",\"position\":2,\"name\":\"CA3 Fiber Cleaver\"}]},{\"@type\":\"WebSite\",\"@id\":\"https:\/\/www.tfngj.com\/#website\",\"url\":\"https:\/\/www.tfngj.com\/\",\"name\":\"TFN-Communication Test Expert\",\"description\":\"Find Perfect Solutions in TFN\",\"publisher\":{\"@id\":\"https:\/\/www.tfngj.com\/#organization\"},\"alternateName\":\"TFN\",\"potentialAction\":[{\"@type\":\"SearchAction\",\"target\":{\"@type\":\"EntryPoint\",\"urlTemplate\":\"https:\/\/www.tfngj.com\/?s={search_term_string}\"},\"query-input\":{\"@type\":\"PropertyValueSpecification\",\"valueRequired\":true,\"valueName\":\"search_term_string\"}}],\"inLanguage\":\"fr-FR\"},{\"@type\":\"Organization\",\"@id\":\"https:\/\/www.tfngj.com\/#organization\",\"name\":\"TFN\",\"url\":\"https:\/\/www.tfngj.com\/\",\"logo\":{\"@type\":\"ImageObject\",\"inLanguage\":\"fr-FR\",\"@id\":\"https:\/\/www.tfngj.com\/#\/schema\/logo\/image\/\",\"url\":\"https:\/\/www.tfngj.com\/wp-content\/uploads\/2025\/09\/\u9ed1logo.png\",\"contentUrl\":\"https:\/\/www.tfngj.com\/wp-content\/uploads\/2025\/09\/\u9ed1logo.png\",\"width\":939,\"height\":232,\"caption\":\"TFN\"},\"image\":{\"@id\":\"https:\/\/www.tfngj.com\/#\/schema\/logo\/image\/\"},\"sameAs\":[\"https:\/\/www.youtube.com\/@FateTFN\/search\"]}]}<\/script>\n<!-- \/ Yoast SEO plugin. -->","yoast_head_json":{"title":"TFN CA3 Coupe-fibre","description":"Coupe-fibre trois en un pour diff\u00e9rents types de fibres, y compris les cordons de raccordement, les c\u00e2bles de liaison et les pigtails.","robots":{"index":"index","follow":"follow","max-snippet":"max-snippet:-1","max-image-preview":"max-image-preview:large","max-video-preview":"max-video-preview:-1"},"canonical":"https:\/\/www.tfngj.com\/fr\/ca3-fiber-cleaver\/","og_locale":"fr_FR","og_type":"article","og_title":"TFN CA3 Fiber Cleaver","og_description":"Three in one fiber cleaver for various fiber types including patch cords, jumper cables, and pigtails.","og_url":"https:\/\/www.tfngj.com\/fr\/ca3-fiber-cleaver\/","og_site_name":"Communication Test Expert","article_modified_time":"2026-01-22T07:33:42+00:00","og_image":[{"width":790,"height":694,"url":"https:\/\/www.tfngj.com\/wp-content\/uploads\/2026\/01\/image-2.webp","type":"image\/webp"}],"twitter_card":"summary_large_image","twitter_misc":{"Dur\u00e9e de lecture estim\u00e9e":"3 minutes"},"schema":{"@context":"https:\/\/schema.org","@graph":[{"@type":"WebPage","@id":"https:\/\/www.tfngj.com\/ca3-fiber-cleaver\/","url":"https:\/\/www.tfngj.com\/ca3-fiber-cleaver\/","name":"TFN CA3 Coupe-fibre","isPartOf":{"@id":"https:\/\/www.tfngj.com\/#website"},"primaryImageOfPage":{"@id":"https:\/\/www.tfngj.com\/ca3-fiber-cleaver\/#primaryimage"},"image":{"@id":"https:\/\/www.tfngj.com\/ca3-fiber-cleaver\/#primaryimage"},"thumbnailUrl":"https:\/\/www.tfngj.com\/wp-content\/uploads\/2026\/01\/image-2.webp","datePublished":"2025-10-31T02:45:02+00:00","dateModified":"2026-01-22T07:33:42+00:00","description":"Coupe-fibre trois en un pour diff\u00e9rents types de fibres, y compris les cordons de raccordement, les c\u00e2bles de liaison et les pigtails.","breadcrumb":{"@id":"https:\/\/www.tfngj.com\/ca3-fiber-cleaver\/#breadcrumb"},"inLanguage":"fr-FR","potentialAction":[{"@type":"ReadAction","target":["https:\/\/www.tfngj.com\/ca3-fiber-cleaver\/"]}]},{"@type":"ImageObject","inLanguage":"fr-FR","@id":"https:\/\/www.tfngj.com\/ca3-fiber-cleaver\/#primaryimage","url":"https:\/\/www.tfngj.com\/wp-content\/uploads\/2026\/01\/image-2.webp","contentUrl":"https:\/\/www.tfngj.com\/wp-content\/uploads\/2026\/01\/image-2.webp","width":790,"height":694,"caption":"fiber cleaver"},{"@type":"BreadcrumbList","@id":"https:\/\/www.tfngj.com\/ca3-fiber-cleaver\/#breadcrumb","itemListElement":[{"@type":"ListItem","position":1,"name":"Home","item":"https:\/\/www.tfngj.com\/"},{"@type":"ListItem","position":2,"name":"CA3 Fiber Cleaver"}]},{"@type":"WebSite","@id":"https:\/\/www.tfngj.com\/#website","url":"https:\/\/www.tfngj.com\/","name":"TFN - Expert en essais de communication","description":"Trouver des solutions parfaites dans la TFN","publisher":{"@id":"https:\/\/www.tfngj.com\/#organization"},"alternateName":"TFN","potentialAction":[{"@type":"SearchAction","target":{"@type":"EntryPoint","urlTemplate":"https:\/\/www.tfngj.com\/?s={search_term_string}"},"query-input":{"@type":"PropertyValueSpecification","valueRequired":true,"valueName":"search_term_string"}}],"inLanguage":"fr-FR"},{"@type":"Organization","@id":"https:\/\/www.tfngj.com\/#organization","name":"TFN","url":"https:\/\/www.tfngj.com\/","logo":{"@type":"ImageObject","inLanguage":"fr-FR","@id":"https:\/\/www.tfngj.com\/#\/schema\/logo\/image\/","url":"https:\/\/www.tfngj.com\/wp-content\/uploads\/2025\/09\/\u9ed1logo.png","contentUrl":"https:\/\/www.tfngj.com\/wp-content\/uploads\/2025\/09\/\u9ed1logo.png","width":939,"height":232,"caption":"TFN"},"image":{"@id":"https:\/\/www.tfngj.com\/#\/schema\/logo\/image\/"},"sameAs":["https:\/\/www.youtube.com\/@FateTFN\/search"]}]}},"_links":{"self":[{"href":"https:\/\/www.tfngj.com\/fr\/wp-json\/wp\/v2\/pages\/4125","targetHints":{"allow":["GET"]}}],"collection":[{"href":"https:\/\/www.tfngj.com\/fr\/wp-json\/wp\/v2\/pages"}],"about":[{"href":"https:\/\/www.tfngj.com\/fr\/wp-json\/wp\/v2\/types\/page"}],"author":[{"embeddable":true,"href":"https:\/\/www.tfngj.com\/fr\/wp-json\/wp\/v2\/users\/1"}],"replies":[{"embeddable":true,"href":"https:\/\/www.tfngj.com\/fr\/wp-json\/wp\/v2\/comments?post=4125"}],"version-history":[{"count":8,"href":"https:\/\/www.tfngj.com\/fr\/wp-json\/wp\/v2\/pages\/4125\/revisions"}],"predecessor-version":[{"id":6040,"href":"https:\/\/www.tfngj.com\/fr\/wp-json\/wp\/v2\/pages\/4125\/revisions\/6040"}],"wp:featuredmedia":[{"embeddable":true,"href":"https:\/\/www.tfngj.com\/fr\/wp-json\/wp\/v2\/media\/5763"}],"wp:attachment":[{"href":"https:\/\/www.tfngj.com\/fr\/wp-json\/wp\/v2\/media?parent=4125"}],"curies":[{"name":"wp","href":"https:\/\/api.w.org\/{rel}","templated":true}]}}