{"id":3134,"date":"2025-10-24T10:55:27","date_gmt":"2025-10-24T02:55:27","guid":{"rendered":"https:\/\/ceshi.tfngw.com\/?page_id=3134"},"modified":"2025-11-21T15:55:34","modified_gmt":"2025-11-21T07:55:34","slug":"ck18d-horn-antenna","status":"publish","type":"page","link":"https:\/\/www.tfngj.com\/fr\/antenna\/ck18d-horn-antenna\/","title":{"rendered":"Antenne \u00e0 cornet CK618D"},"content":{"rendered":"<div class=\"wp-block-cover alignfull is-light wp-duotone-unset-1\" style=\"border-radius:0px;margin-top:0;margin-bottom:0;padding-top:0;padding-bottom:0;font-size:clamp(3.615rem, 3.615rem + ((1vw - 0.2rem) * 4.856), 7.5rem);min-height:450px;aspect-ratio:unset;\"><img loading=\"lazy\" decoding=\"async\" width=\"2560\" height=\"1280\" class=\"wp-block-cover__image-background wp-image-2550 size-full\" alt=\"\" src=\"https:\/\/www.tfngj.com\/wp-content\/uploads\/2025\/10\/back-2-scaled.webp\" data-object-fit=\"cover\" srcset=\"https:\/\/www.tfngj.com\/wp-content\/uploads\/2025\/10\/back-2-scaled.webp 2560w, https:\/\/www.tfngj.com\/wp-content\/uploads\/2025\/10\/back-2-300x150.webp 300w, https:\/\/www.tfngj.com\/wp-content\/uploads\/2025\/10\/back-2-1024x512.webp 1024w, https:\/\/www.tfngj.com\/wp-content\/uploads\/2025\/10\/back-2-768x384.webp 768w, https:\/\/www.tfngj.com\/wp-content\/uploads\/2025\/10\/back-2-1536x768.webp 1536w, https:\/\/www.tfngj.com\/wp-content\/uploads\/2025\/10\/back-2-2048x1024.webp 2048w, https:\/\/www.tfngj.com\/wp-content\/uploads\/2025\/10\/back-2-18x9.webp 18w, https:\/\/www.tfngj.com\/wp-content\/uploads\/2025\/10\/back-2-600x300.webp 600w\" sizes=\"auto, (max-width: 2560px) 100vw, 2560px\" \/><span aria-hidden=\"true\" class=\"wp-block-cover__background has-background-dim-30 has-background-dim\" style=\"background-color:#359aca\"><\/span><div class=\"wp-block-cover__inner-container has-global-padding is-layout-constrained wp-container-core-cover-is-layout-ad1af2a0 wp-block-cover-is-layout-constrained\"><h1 class=\"wp-block-heading alignfull has-text-align-center has-neutral-0-color has-text-color has-link-color has-5-x-large-font-size wp-elements-beafd82db0967e388e9292d88f74304a\" style=\"margin-right:0;margin-left:var(--wp--preset--spacing--small);text-transform:capitalize\" id=\"ck618d-horn-antenna\">Antenne \u00e0 cornet CK618D<\/h1>\n\n\n\n<p class=\"has-text-align-center has-neutral-0-color has-text-color has-link-color has-large-font-size wp-elements-b81bf6ffc47038a5067becca5ef19228\" style=\"margin-top:var(--wp--preset--spacing--x-small)\">Dual-Ridged. 6GHz-18GHz. Antenne directionnelle large bande \u00e0 gain \u00e9lev\u00e9, con\u00e7ue pour les tests de pr\u00e9cision et les contre-mesures \u00e9lectroniques.<\/p>\n<\/div><\/div>\n\n\n\n<div class=\"wp-block-group alignfull has-global-padding is-content-justification-center is-layout-constrained wp-container-core-group-is-layout-df757ecc wp-block-group-is-layout-constrained\" style=\"margin-top:0;margin-bottom:0;padding-top:calc( 0.5 * var(--wp--style--root--padding-right, var(--wp--custom--gap--horizontal)));padding-right:var(--wp--style--root--padding-right, var(--wp--custom--gap--horizontal));padding-bottom:calc( 0.5 * var(--wp--style--root--padding-right, var(--wp--custom--gap--horizontal)));padding-left:var(--wp--style--root--padding-left, var(--wp--custom--gap--horizontal))\">\n<div style=\"height:0px\" aria-hidden=\"true\" class=\"wp-block-spacer\"><\/div>\n\n\n\n<div style=\"height:calc( 0.25 * var(--wp--style--root--padding-right, var(--wp--custom--gap--horizontal)))\" aria-hidden=\"true\" class=\"wp-block-spacer\"><\/div>\n<\/div>\n\n\n\n<div class=\"wp-block-columns alignwide are-vertically-aligned-center is-layout-flex wp-container-core-columns-is-layout-37dbaa11 wp-block-columns-is-layout-flex\" style=\"margin-top:var(--wp--preset--spacing--x-large);margin-bottom:var(--wp--preset--spacing--x-large)\">\n<div class=\"wp-block-column is-vertically-aligned-center is-layout-flow wp-block-column-is-layout-flow\" style=\"flex-basis:33.33%\"><h2 class=\"wp-block-heading has-5-x-large-font-size\" id=\"highlights\"><mark style=\"background-color:rgba(0, 0, 0, 0);color:#2588cc\" class=\"has-inline-color\">Points forts<\/mark><\/h2>\n\n\n\n<figure class=\"wp-block-image aligncenter size-large\" style=\"margin-right:0;margin-left:0;padding-right:0;padding-left:0\"><img decoding=\"async\" src=\"https:\/\/www.tfngj.com\/wp-content\/uploads\/2025\/11\/ck618d-4.webp\" alt=\"Antenne \u00e0 cornet\"\/><\/figure>\n<\/div>\n\n\n\n<div class=\"wp-block-column is-vertically-aligned-center is-layout-flow wp-block-column-is-layout-flow\" style=\"flex-basis:66.66%\"><ul style=\"margin-right:0;--plover--style--block-gap:var(--wp--preset--spacing--2-x-small);\" class=\"wp-block-list is-style-check-circle\">\n<li>Couvre la bande de fr\u00e9quence des micro-ondes de 6 GHz \u00e0 18 GHz, r\u00e9pondant ainsi aux exigences de test des applications \u00e0 ondes millim\u00e9triques de pointe.<\/li>\n\n\n\n<li>Gain et directivit\u00e9 \u00e9lev\u00e9s : gains allant de 12 \u00e0 16 dBi, assurant la capture et la transmission de signaux de haute pr\u00e9cision sur de longues distances, m\u00eame en cas d'att\u00e9nuation importante des signaux \u00e0 haute fr\u00e9quence.<\/li>\n\n\n\n<li>La taille compacte et l'aspect vert militaire permettent la portabilit\u00e9 et l'adaptation \u00e0 l'environnement.<\/li>\n\n\n\n<li>La plage de temp\u00e9rature de fonctionnement s'\u00e9tend de -45\u00b0C \u00e0 +65\u00b0C, et l'appareil peut fonctionner de mani\u00e8re stable dans des environnements \u00e0 temp\u00e9rature et \u00e0 humidit\u00e9 \u00e9lev\u00e9es, ce qui le rend adapt\u00e9 aux plates-formes de terrain, a\u00e9roport\u00e9es et mont\u00e9es sur v\u00e9hicule.<\/li>\n\n\n\n<li>Puissance \u00e9lev\u00e9e et interface personnalisable : Avec une puissance moyenne de 50 W, il est dot\u00e9 d'une interface SMA-K standard et peut \u00eatre personnalis\u00e9, ce qui permet de l'int\u00e9grer facilement dans divers syst\u00e8mes.<\/li>\n<\/ul>\n\n\n\n<div class=\"wp-block-buttons is-content-justification-center is-layout-flex wp-container-core-buttons-is-layout-a89b3969 wp-block-buttons-is-layout-flex\">\n<div class=\"wp-block-button\"><a class=\"wp-block-button__link wp-element-button\" href=\"https:\/\/www.tfngj.com\/fr\/contact-us\/\">Demande de devis<\/a><\/div>\n<\/div>\n<\/div>\n<\/div>\n\n\n\n<div class=\"wp-block-columns alignwide is-layout-flex wp-container-core-columns-is-layout-28f84493 wp-block-columns-is-layout-flex\">\n<div class=\"wp-block-column is-layout-flow wp-block-column-is-layout-flow\">\n<figure class=\"wp-block-image aligncenter size-large is-resized\"><img decoding=\"async\" src=\"https:\/\/www.tfngj.com\/wp-content\/uploads\/2025\/11\/ck618d-1.webp\" alt=\"Antenne \u00e0 cornet\" style=\"width:374px;height:auto\"\/><\/figure>\n<\/div>\n\n\n\n<div class=\"wp-block-column is-layout-flow wp-block-column-is-layout-flow\">\n<figure class=\"wp-block-image aligncenter size-large is-resized\"><img decoding=\"async\" src=\"https:\/\/www.tfngj.com\/wp-content\/uploads\/2025\/11\/ck618d-2.webp\" alt=\"Antenne \u00e0 cornet\" style=\"width:372px;height:auto\"\/><\/figure>\n<\/div>\n<\/div>\n\n\n<h2 class=\"wp-block-heading alignwide has-text-align-left\" style=\"margin-top:var(--wp--preset--spacing--small);padding-left:0rem;font-size:clamp(1.743rem, 1.743rem + ((1vw - 0.2rem) * 1.571), 3rem);\" id=\"specifications\"><mark style=\"background-color:rgba(0, 0, 0, 0);color:#2588cc\" class=\"has-inline-color\">Sp\u00e9cifications<\/mark><\/h2>\n\n\n\n<div class=\"wp-block-columns alignwide is-layout-flex wp-container-core-columns-is-layout-c375d253 wp-block-columns-is-layout-flex\">\n<div class=\"wp-block-column is-layout-flow wp-block-column-is-layout-flow\" style=\"flex-basis:66.66%\">\n<figure class=\"wp-block-table is-style-stripes has-large-font-size\" style=\"margin-right:0rem;margin-left:0rem;padding-top:0;padding-right:0;padding-bottom:0;padding-left:0\"><table class=\"has-background\" style=\"background-color:#90caf191\"><tbody><tr><td>Mod\u00e8le \/ Articles<\/td><td>CK618D<\/td><\/tr><tr><td>Gamme de fr\u00e9quences<\/td><td>6 GHz ~ 18 GHz<\/td><\/tr><tr><td>Rapport d'ondes stationnaires (VSWR)<\/td><td>\u2264 2.5<\/td><\/tr><tr><td>Gain<\/td><td>12 dBi ~ 16 dBi<\/td><\/tr><tr><td>Polarisation<\/td><td>Polarisation lin\u00e9aire<\/td><\/tr><tr><td>Motif directionnel<\/td><td>Directionnel<\/td><\/tr><tr><td>Imp\u00e9dance<\/td><td>50 ohms<\/td><\/tr><tr><td>Interface d'antenne<\/td><td>Type SMA-K, <em>personnalisable<\/em><\/td><\/tr><tr><td>Puissance moyenne<\/td><td>50 W<\/td><\/tr><tr><td>Dimensions<\/td><td>112mm \u00d7 99mm \u00d7 84mm<\/td><\/tr><tr><td>Temp\u00e9rature de fonctionnement<\/td><td>-45\u00b0C ~ +65\u00b0C<\/td><\/tr><tr><td>Poids<\/td><td>1,1 kg<\/td><\/tr><tr><td>Environnement chaud et humide<\/td><td>Fonctionnement normal \u00e0 40\u00b0C, 95% humidit\u00e9 relative<\/td><\/tr><\/tbody><\/table><\/figure>\n\n\n\n<div class=\"wp-block-buttons is-layout-flex wp-block-buttons-is-layout-flex\">\n<div class=\"wp-block-button is-style-ghost\"><a class=\"wp-block-button__link wp-element-button\" href=\"https:\/\/www.tfngj.com\/wp-content\/uploads\/2025\/pdf\/CK618D-Horn-Antenna.pdf\" target=\"_blank\" rel=\"noreferrer noopener\">T\u00e9l\u00e9charger le manuel<\/a><\/div>\n<\/div>\n<\/div>\n<\/div>\n\n\n\n<div class=\"wp-block-columns alignwide are-vertically-aligned-center is-layout-flex wp-container-core-columns-is-layout-b9f7452e wp-block-columns-is-layout-flex\" style=\"margin-top:var(--wp--preset--spacing--x-large)\">\n<div class=\"wp-block-column is-vertically-aligned-center is-layout-flow wp-block-column-is-layout-flow\" style=\"flex-basis:44%\">\n<figure class=\"wp-block-image\"><img loading=\"lazy\" decoding=\"async\" width=\"1024\" height=\"678\" src=\"https:\/\/www.tfngj.com\/wp-content\/uploads\/2025\/10\/satellite-67718_1280-1024x678.jpg\" alt=\"\" class=\"wp-image-2623\" srcset=\"https:\/\/www.tfngj.com\/wp-content\/uploads\/2025\/10\/satellite-67718_1280-1024x678.jpg 1024w, https:\/\/www.tfngj.com\/wp-content\/uploads\/2025\/10\/satellite-67718_1280-300x199.jpg 300w, https:\/\/www.tfngj.com\/wp-content\/uploads\/2025\/10\/satellite-67718_1280-768x509.jpg 768w, https:\/\/www.tfngj.com\/wp-content\/uploads\/2025\/10\/satellite-67718_1280-18x12.jpg 18w, https:\/\/www.tfngj.com\/wp-content\/uploads\/2025\/10\/satellite-67718_1280-600x398.jpg 600w, https:\/\/www.tfngj.com\/wp-content\/uploads\/2025\/10\/satellite-67718_1280.jpg 1280w\" sizes=\"auto, (max-width: 1024px) 100vw, 1024px\" \/><\/figure>\n<\/div>\n\n\n\n<div class=\"wp-block-column is-vertically-aligned-center is-layout-flow wp-block-column-is-layout-flow\" style=\"flex-basis:56%\"><h2 class=\"wp-block-heading has-2-x-large-font-size\" id=\"application-scenarios\">Sc\u00e9narios d'application<\/h2>\n\n\n<ul class=\"wp-block-list\" style=\"\">\n<li>Tests CEM\/EMI haut de gamme : utilis\u00e9s pour les tests d'\u00e9mission rayonn\u00e9e et d'immunit\u00e9 dans les bandes de fr\u00e9quences sup\u00e9rieures \u00e0 6 GHz, conformes aux normes les plus r\u00e9centes.<\/li>\n\n\n\n<li>Contre-mesures \u00e9lectroniques (ECM) et renseignement sur les signaux (SIGINT) : utilis\u00e9s pour d\u00e9tecter, localiser et contrer les communications \u00e0 haute fr\u00e9quence et les signaux radar.<\/li>\n\n\n\n<li>Tests et \u00e9talonnage du syst\u00e8me radar : sert d'antenne de r\u00e9f\u00e9rence pour la simulation de cibles radar et les tests de performance du syst\u00e8me.<\/li>\n\n\n\n<li>Essai de communication par satellite : applicable \u00e0 l'essai et \u00e0 la v\u00e9rification de certaines bandes de fr\u00e9quences de liaison montante et descendante de satellites.<\/li>\n\n\n\n<li>Essais de relais micro-ondes et de communication point \u00e0 point : utilis\u00e9s pour l'installation, la maintenance et le d\u00e9pannage des syst\u00e8mes.<\/li>\n\n\n\n<li>Coll\u00e8ges, universit\u00e9s et instituts de recherche : utilis\u00e9s pour la recherche de pointe sur la technologie des micro-ondes, la mesure des antennes, etc.<\/li>\n<\/ul>\n<\/div>\n<\/div>\n\n\n\n<div style=\"height:68px\" aria-hidden=\"true\" class=\"wp-block-spacer\"><\/div>\n\n\n<h2 class=\"wp-block-heading has-text-align-center\" id=\"faqs\"><mark style=\"background-color:rgba(0, 0, 0, 0);color:#2588cc\" class=\"has-inline-color\">FAQ<\/mark><\/h2>\n\n\n\n<details class=\"wp-block-details has-border-color is-layout-flow wp-block-details-is-layout-flow\" style=\"border-color:#4083ca;border-width:2px;line-height:1.8\" open><summary>Quelles sont les options logistiques que vous proposez ?<\/summary>\n<p>Nous fournissons des solutions logistiques optimis\u00e9es en fonction de l'urgence de votre commande, de sa taille, de son poids et de votre localisation :<\/p>\n\n\n\n<p>International Express : Convient aux \u00e9chantillons, aux commandes urgentes et aux petits envois de moins de 10 kg. Nous travaillons en partenariat avec les meilleurs fournisseurs de services logistiques tels que DHL, FedEx et UPS, offrant un suivi porte-\u00e0-porte.<\/p>\n\n\n\n<p>Fret a\u00e9rien : Convient aux commandes moyennes \u00e0 importantes ou aux \u00e9quipements complets sensibles au facteur temps, offrant un \u00e9quilibre efficace entre co\u00fbt et rapidit\u00e9.<\/p>\n\n\n\n<p>Fret maritime : Convient aux commandes de gros volumes et constitue la m\u00e9thode d'exp\u00e9dition la plus \u00e9conomique. Nous proposons des services FOB, C&amp;F et CIF.<\/p>\n<\/details>\n\n\n\n<details class=\"wp-block-details has-border-color is-layout-flow wp-block-details-is-layout-flow\" style=\"border-color:#4083ca;border-width:2px\"><summary>Quel est le d\u00e9lai d'ex\u00e9cution ?<\/summary>\n<p>Pour nos produits standard, s'ils sont en stock et pr\u00eats \u00e0 \u00eatre exp\u00e9di\u00e9s, le d\u00e9lai est d'environ 7 \u00e0 10 jours. Pour les produits optionnels, le d\u00e9lai est d'environ 25 \u00e0 30 jours.<\/p>\n<\/details>\n\n\n\n<details class=\"wp-block-details has-border-color is-layout-flow wp-block-details-is-layout-flow\" style=\"border-color:#4083ca;border-width:2px\"><summary>Quelle est la dur\u00e9e de la garantie du produit ?<\/summary>\n<p>Nous sommes convaincus de la qualit\u00e9 et de la fiabilit\u00e9 de nos produits.<\/p>\n\n\n\n<p>Nous offrons une garantie standard de 12 mois sur tous les instruments, \u00e0 compter de la date d'arriv\u00e9e au port de destination.<\/p>\n\n\n\n<p>Des extensions de garantie sont \u00e9galement disponibles ; veuillez contacter notre \u00e9quipe de vente pour plus de d\u00e9tails.<\/p>\n<\/details>\n\n\n\n<div style=\"height:59px\" aria-hidden=\"true\" class=\"wp-block-spacer\"><\/div>","protected":false},"excerpt":{"rendered":"<p>Highlights Specifications Model \/ Items CK618D Frequency Range 6 GHz ~ 18 GHz Standing Wave Ratio (VSWR) \u2264 2.5 Gain 12 dBi ~ 16 dBi Polarization Linear polarization Directional Pattern Directional Impedance 50 ohms Antenna Interface SMA-K type, customizable Average Power Handling 50 W Dimensions 112mm \u00d7 99mm \u00d7 84mm Operating Temperature -45\u00b0C ~ +65\u00b0C [&hellip;]<\/p>","protected":false},"author":1,"featured_media":0,"parent":2379,"menu_order":0,"comment_status":"closed","ping_status":"closed","template":"","meta":{"footnotes":""},"class_list":["post-3134","page","type-page","status-publish","hentry"],"yoast_head":"<!-- This site is optimized with the Yoast SEO plugin v26.6 - https:\/\/yoast.com\/wordpress\/plugins\/seo\/ -->\n<title>CK618D Horn Antenna - Communication Test Expert<\/title>\n<meta name=\"robots\" content=\"index, follow, max-snippet:-1, max-image-preview:large, max-video-preview:-1\" \/>\n<link rel=\"canonical\" href=\"https:\/\/www.tfngj.com\/fr\/antenna\/ck18d-horn-antenna\/\" \/>\n<meta property=\"og:locale\" content=\"fr_FR\" \/>\n<meta property=\"og:type\" content=\"article\" \/>\n<meta property=\"og:title\" content=\"CK618D Horn Antenna - Communication Test Expert\" \/>\n<meta property=\"og:description\" content=\"Highlights Specifications Model \/ Items CK618D Frequency Range 6 GHz ~ 18 GHz Standing Wave Ratio (VSWR) \u2264 2.5 Gain 12 dBi ~ 16 dBi Polarization Linear polarization Directional Pattern Directional Impedance 50 ohms Antenna Interface SMA-K type, customizable Average Power Handling 50 W Dimensions 112mm \u00d7 99mm \u00d7 84mm Operating Temperature -45\u00b0C ~ +65\u00b0C [&hellip;]\" \/>\n<meta property=\"og:url\" content=\"https:\/\/www.tfngj.com\/fr\/antenna\/ck18d-horn-antenna\/\" \/>\n<meta property=\"og:site_name\" content=\"Communication Test Expert\" \/>\n<meta property=\"article:modified_time\" content=\"2025-11-21T07:55:34+00:00\" \/>\n<meta property=\"og:image\" content=\"https:\/\/www.tfngj.com\/wp-content\/uploads\/2025\/10\/back-2-scaled.webp\" \/>\n\t<meta property=\"og:image:width\" content=\"2560\" \/>\n\t<meta property=\"og:image:height\" content=\"1280\" \/>\n\t<meta property=\"og:image:type\" content=\"image\/webp\" \/>\n<meta name=\"twitter:card\" content=\"summary_large_image\" \/>\n<meta name=\"twitter:label1\" content=\"Dur\u00e9e de lecture estim\u00e9e\" \/>\n\t<meta name=\"twitter:data1\" content=\"2 minutes\" \/>\n<script type=\"application\/ld+json\" class=\"yoast-schema-graph\">{\"@context\":\"https:\/\/schema.org\",\"@graph\":[{\"@type\":\"WebPage\",\"@id\":\"https:\/\/www.tfngj.com\/antenna\/ck18d-horn-antenna\/\",\"url\":\"https:\/\/www.tfngj.com\/antenna\/ck18d-horn-antenna\/\",\"name\":\"CK618D Horn Antenna - Communication Test Expert\",\"isPartOf\":{\"@id\":\"https:\/\/www.tfngj.com\/#website\"},\"primaryImageOfPage\":{\"@id\":\"https:\/\/www.tfngj.com\/antenna\/ck18d-horn-antenna\/#primaryimage\"},\"image\":{\"@id\":\"https:\/\/www.tfngj.com\/antenna\/ck18d-horn-antenna\/#primaryimage\"},\"thumbnailUrl\":\"https:\/\/www.tfngj.com\/wp-content\/uploads\/2025\/10\/back-2-scaled.webp\",\"datePublished\":\"2025-10-24T02:55:27+00:00\",\"dateModified\":\"2025-11-21T07:55:34+00:00\",\"breadcrumb\":{\"@id\":\"https:\/\/www.tfngj.com\/antenna\/ck18d-horn-antenna\/#breadcrumb\"},\"inLanguage\":\"fr-FR\",\"potentialAction\":[{\"@type\":\"ReadAction\",\"target\":[\"https:\/\/www.tfngj.com\/antenna\/ck18d-horn-antenna\/\"]}]},{\"@type\":\"ImageObject\",\"inLanguage\":\"fr-FR\",\"@id\":\"https:\/\/www.tfngj.com\/antenna\/ck18d-horn-antenna\/#primaryimage\",\"url\":\"https:\/\/www.tfngj.com\/wp-content\/uploads\/2025\/10\/back-2-scaled.webp\",\"contentUrl\":\"https:\/\/www.tfngj.com\/wp-content\/uploads\/2025\/10\/back-2-scaled.webp\"},{\"@type\":\"BreadcrumbList\",\"@id\":\"https:\/\/www.tfngj.com\/antenna\/ck18d-horn-antenna\/#breadcrumb\",\"itemListElement\":[{\"@type\":\"ListItem\",\"position\":1,\"name\":\"Home\",\"item\":\"https:\/\/www.tfngj.com\/\"},{\"@type\":\"ListItem\",\"position\":2,\"name\":\"RF Signal Antenna\",\"item\":\"https:\/\/www.tfngj.com\/antenna\/\"},{\"@type\":\"ListItem\",\"position\":3,\"name\":\"CK618D Horn Antenna\"}]},{\"@type\":\"WebSite\",\"@id\":\"https:\/\/www.tfngj.com\/#website\",\"url\":\"https:\/\/www.tfngj.com\/\",\"name\":\"TFN-Communication Test Expert\",\"description\":\"Find Perfect Solutions in TFN\",\"publisher\":{\"@id\":\"https:\/\/www.tfngj.com\/#organization\"},\"alternateName\":\"TFN\",\"potentialAction\":[{\"@type\":\"SearchAction\",\"target\":{\"@type\":\"EntryPoint\",\"urlTemplate\":\"https:\/\/www.tfngj.com\/?s={search_term_string}\"},\"query-input\":{\"@type\":\"PropertyValueSpecification\",\"valueRequired\":true,\"valueName\":\"search_term_string\"}}],\"inLanguage\":\"fr-FR\"},{\"@type\":\"Organization\",\"@id\":\"https:\/\/www.tfngj.com\/#organization\",\"name\":\"TFN\",\"url\":\"https:\/\/www.tfngj.com\/\",\"logo\":{\"@type\":\"ImageObject\",\"inLanguage\":\"fr-FR\",\"@id\":\"https:\/\/www.tfngj.com\/#\/schema\/logo\/image\/\",\"url\":\"https:\/\/www.tfngj.com\/wp-content\/uploads\/2025\/09\/\u9ed1logo.png\",\"contentUrl\":\"https:\/\/www.tfngj.com\/wp-content\/uploads\/2025\/09\/\u9ed1logo.png\",\"width\":939,\"height\":232,\"caption\":\"TFN\"},\"image\":{\"@id\":\"https:\/\/www.tfngj.com\/#\/schema\/logo\/image\/\"},\"sameAs\":[\"https:\/\/www.youtube.com\/@FateTFN\/search\"]}]}<\/script>\n<!-- \/ Yoast SEO plugin. -->","yoast_head_json":{"title":"CK618D Horn Antenna - Communication Test Expert","robots":{"index":"index","follow":"follow","max-snippet":"max-snippet:-1","max-image-preview":"max-image-preview:large","max-video-preview":"max-video-preview:-1"},"canonical":"https:\/\/www.tfngj.com\/fr\/antenna\/ck18d-horn-antenna\/","og_locale":"fr_FR","og_type":"article","og_title":"CK618D Horn Antenna - Communication Test Expert","og_description":"Highlights Specifications Model \/ Items CK618D Frequency Range 6 GHz ~ 18 GHz Standing Wave Ratio (VSWR) \u2264 2.5 Gain 12 dBi ~ 16 dBi Polarization Linear polarization Directional Pattern Directional Impedance 50 ohms Antenna Interface SMA-K type, customizable Average Power Handling 50 W Dimensions 112mm \u00d7 99mm \u00d7 84mm Operating Temperature -45\u00b0C ~ +65\u00b0C [&hellip;]","og_url":"https:\/\/www.tfngj.com\/fr\/antenna\/ck18d-horn-antenna\/","og_site_name":"Communication Test Expert","article_modified_time":"2025-11-21T07:55:34+00:00","og_image":[{"width":2560,"height":1280,"url":"https:\/\/www.tfngj.com\/wp-content\/uploads\/2025\/10\/back-2-scaled.webp","type":"image\/webp"}],"twitter_card":"summary_large_image","twitter_misc":{"Dur\u00e9e de lecture estim\u00e9e":"2 minutes"},"schema":{"@context":"https:\/\/schema.org","@graph":[{"@type":"WebPage","@id":"https:\/\/www.tfngj.com\/antenna\/ck18d-horn-antenna\/","url":"https:\/\/www.tfngj.com\/antenna\/ck18d-horn-antenna\/","name":"CK618D Horn Antenna - Communication Test Expert","isPartOf":{"@id":"https:\/\/www.tfngj.com\/#website"},"primaryImageOfPage":{"@id":"https:\/\/www.tfngj.com\/antenna\/ck18d-horn-antenna\/#primaryimage"},"image":{"@id":"https:\/\/www.tfngj.com\/antenna\/ck18d-horn-antenna\/#primaryimage"},"thumbnailUrl":"https:\/\/www.tfngj.com\/wp-content\/uploads\/2025\/10\/back-2-scaled.webp","datePublished":"2025-10-24T02:55:27+00:00","dateModified":"2025-11-21T07:55:34+00:00","breadcrumb":{"@id":"https:\/\/www.tfngj.com\/antenna\/ck18d-horn-antenna\/#breadcrumb"},"inLanguage":"fr-FR","potentialAction":[{"@type":"ReadAction","target":["https:\/\/www.tfngj.com\/antenna\/ck18d-horn-antenna\/"]}]},{"@type":"ImageObject","inLanguage":"fr-FR","@id":"https:\/\/www.tfngj.com\/antenna\/ck18d-horn-antenna\/#primaryimage","url":"https:\/\/www.tfngj.com\/wp-content\/uploads\/2025\/10\/back-2-scaled.webp","contentUrl":"https:\/\/www.tfngj.com\/wp-content\/uploads\/2025\/10\/back-2-scaled.webp"},{"@type":"BreadcrumbList","@id":"https:\/\/www.tfngj.com\/antenna\/ck18d-horn-antenna\/#breadcrumb","itemListElement":[{"@type":"ListItem","position":1,"name":"Home","item":"https:\/\/www.tfngj.com\/"},{"@type":"ListItem","position":2,"name":"RF Signal Antenna","item":"https:\/\/www.tfngj.com\/antenna\/"},{"@type":"ListItem","position":3,"name":"CK618D Horn Antenna"}]},{"@type":"WebSite","@id":"https:\/\/www.tfngj.com\/#website","url":"https:\/\/www.tfngj.com\/","name":"TFN - Expert en essais de communication","description":"Trouver des solutions parfaites dans la TFN","publisher":{"@id":"https:\/\/www.tfngj.com\/#organization"},"alternateName":"TFN","potentialAction":[{"@type":"SearchAction","target":{"@type":"EntryPoint","urlTemplate":"https:\/\/www.tfngj.com\/?s={search_term_string}"},"query-input":{"@type":"PropertyValueSpecification","valueRequired":true,"valueName":"search_term_string"}}],"inLanguage":"fr-FR"},{"@type":"Organization","@id":"https:\/\/www.tfngj.com\/#organization","name":"TFN","url":"https:\/\/www.tfngj.com\/","logo":{"@type":"ImageObject","inLanguage":"fr-FR","@id":"https:\/\/www.tfngj.com\/#\/schema\/logo\/image\/","url":"https:\/\/www.tfngj.com\/wp-content\/uploads\/2025\/09\/\u9ed1logo.png","contentUrl":"https:\/\/www.tfngj.com\/wp-content\/uploads\/2025\/09\/\u9ed1logo.png","width":939,"height":232,"caption":"TFN"},"image":{"@id":"https:\/\/www.tfngj.com\/#\/schema\/logo\/image\/"},"sameAs":["https:\/\/www.youtube.com\/@FateTFN\/search"]}]}},"_links":{"self":[{"href":"https:\/\/www.tfngj.com\/fr\/wp-json\/wp\/v2\/pages\/3134","targetHints":{"allow":["GET"]}}],"collection":[{"href":"https:\/\/www.tfngj.com\/fr\/wp-json\/wp\/v2\/pages"}],"about":[{"href":"https:\/\/www.tfngj.com\/fr\/wp-json\/wp\/v2\/types\/page"}],"author":[{"embeddable":true,"href":"https:\/\/www.tfngj.com\/fr\/wp-json\/wp\/v2\/users\/1"}],"replies":[{"embeddable":true,"href":"https:\/\/www.tfngj.com\/fr\/wp-json\/wp\/v2\/comments?post=3134"}],"version-history":[{"count":10,"href":"https:\/\/www.tfngj.com\/fr\/wp-json\/wp\/v2\/pages\/3134\/revisions"}],"predecessor-version":[{"id":4441,"href":"https:\/\/www.tfngj.com\/fr\/wp-json\/wp\/v2\/pages\/3134\/revisions\/4441"}],"up":[{"embeddable":true,"href":"https:\/\/www.tfngj.com\/fr\/wp-json\/wp\/v2\/pages\/2379"}],"wp:attachment":[{"href":"https:\/\/www.tfngj.com\/fr\/wp-json\/wp\/v2\/media?parent=3134"}],"curies":[{"name":"wp","href":"https:\/\/api.w.org\/{rel}","templated":true}]}}