{"id":3128,"date":"2025-10-24T10:55:18","date_gmt":"2025-10-24T02:55:18","guid":{"rendered":"https:\/\/ceshi.tfngw.com\/?page_id=3128"},"modified":"2025-11-21T15:54:51","modified_gmt":"2025-11-21T07:54:51","slug":"ck16d-horn-antenna","status":"publish","type":"page","link":"https:\/\/www.tfngj.com\/fr\/antenna\/ck16d-horn-antenna\/","title":{"rendered":"Antenne \u00e0 cornet CK16D"},"content":{"rendered":"<div class=\"wp-block-cover alignfull is-light wp-duotone-unset-1\" style=\"border-radius:0px;margin-top:0;margin-bottom:0;padding-top:0;padding-bottom:0;font-size:clamp(3.615rem, 3.615rem + ((1vw - 0.2rem) * 4.856), 7.5rem);min-height:468px;aspect-ratio:unset;\"><img loading=\"lazy\" decoding=\"async\" width=\"2560\" height=\"1280\" class=\"wp-block-cover__image-background wp-image-2550 size-full\" alt=\"\" src=\"https:\/\/www.tfngj.com\/wp-content\/uploads\/2025\/10\/back-2-scaled.webp\" data-object-fit=\"cover\" srcset=\"https:\/\/www.tfngj.com\/wp-content\/uploads\/2025\/10\/back-2-scaled.webp 2560w, https:\/\/www.tfngj.com\/wp-content\/uploads\/2025\/10\/back-2-300x150.webp 300w, https:\/\/www.tfngj.com\/wp-content\/uploads\/2025\/10\/back-2-1024x512.webp 1024w, https:\/\/www.tfngj.com\/wp-content\/uploads\/2025\/10\/back-2-768x384.webp 768w, https:\/\/www.tfngj.com\/wp-content\/uploads\/2025\/10\/back-2-1536x768.webp 1536w, https:\/\/www.tfngj.com\/wp-content\/uploads\/2025\/10\/back-2-2048x1024.webp 2048w, https:\/\/www.tfngj.com\/wp-content\/uploads\/2025\/10\/back-2-18x9.webp 18w, https:\/\/www.tfngj.com\/wp-content\/uploads\/2025\/10\/back-2-600x300.webp 600w\" sizes=\"auto, (max-width: 2560px) 100vw, 2560px\" \/><span aria-hidden=\"true\" class=\"wp-block-cover__background has-background-dim-30 has-background-dim\" style=\"background-color:#359aca\"><\/span><div class=\"wp-block-cover__inner-container has-global-padding is-layout-constrained wp-container-core-cover-is-layout-ad1af2a0 wp-block-cover-is-layout-constrained\"><h1 class=\"wp-block-heading alignfull has-text-align-center has-neutral-0-color has-text-color has-link-color has-5-x-large-font-size wp-elements-ccedcd8b3f09eac74bedc301736633fc\" style=\"margin-right:0;margin-left:0;text-transform:capitalize\" id=\"ck16d-horn-antenna\">Antenne \u00e0 cornet CK16D<\/h1>\n\n\n\n<p class=\"has-text-align-center has-neutral-0-color has-text-color has-link-color has-large-font-size wp-elements-0324f1fc339fccbe2b602ba4edeb5094\" style=\"margin-top:var(--wp--preset--spacing--x-small)\">1GHz-6GHz. Antenne directionnelle \u00e0 haut gain et \u00e0 large bande, adapt\u00e9e aux tests CEM et aux contre-mesures \u00e9lectroniques.<\/p>\n<\/div><\/div>\n\n\n\n<div class=\"wp-block-group alignfull has-global-padding is-content-justification-center is-layout-constrained wp-container-core-group-is-layout-df757ecc wp-block-group-is-layout-constrained\" style=\"margin-top:0;margin-bottom:0;padding-top:calc( 0.5 * var(--wp--style--root--padding-right, var(--wp--custom--gap--horizontal)));padding-right:var(--wp--style--root--padding-right, var(--wp--custom--gap--horizontal));padding-bottom:calc( 0.5 * var(--wp--style--root--padding-right, var(--wp--custom--gap--horizontal)));padding-left:var(--wp--style--root--padding-left, var(--wp--custom--gap--horizontal))\">\n<div style=\"height:0px\" aria-hidden=\"true\" class=\"wp-block-spacer\"><\/div>\n\n\n\n<div style=\"height:calc( 0.25 * var(--wp--style--root--padding-right, var(--wp--custom--gap--horizontal)))\" aria-hidden=\"true\" class=\"wp-block-spacer\"><\/div>\n<\/div>\n\n\n\n<div class=\"wp-block-columns alignwide are-vertically-aligned-center is-layout-flex wp-container-core-columns-is-layout-37dbaa11 wp-block-columns-is-layout-flex\" style=\"margin-top:var(--wp--preset--spacing--x-large);margin-bottom:var(--wp--preset--spacing--x-large)\">\n<div class=\"wp-block-column is-vertically-aligned-center is-layout-flow wp-block-column-is-layout-flow\" style=\"flex-basis:33.33%\"><h2 class=\"wp-block-heading has-5-x-large-font-size\" id=\"highlights\"><mark style=\"background-color:rgba(0, 0, 0, 0);color:#2588cc\" class=\"has-inline-color\">Points forts<\/mark><\/h2>\n\n\n\n<figure class=\"wp-block-image aligncenter size-full\" style=\"margin-right:0;margin-left:0;padding-right:0;padding-left:0\"><img loading=\"lazy\" decoding=\"async\" width=\"800\" height=\"800\" src=\"https:\/\/www.tfngj.com\/wp-content\/uploads\/2025\/10\/1-6.jpg\" alt=\"Antenne \u00e0 cornet\" class=\"wp-image-2384\" srcset=\"https:\/\/www.tfngj.com\/wp-content\/uploads\/2025\/10\/1-6.jpg 800w, https:\/\/www.tfngj.com\/wp-content\/uploads\/2025\/10\/1-6-300x300.jpg 300w, https:\/\/www.tfngj.com\/wp-content\/uploads\/2025\/10\/1-6-150x150.jpg 150w, https:\/\/www.tfngj.com\/wp-content\/uploads\/2025\/10\/1-6-768x768.jpg 768w, https:\/\/www.tfngj.com\/wp-content\/uploads\/2025\/10\/1-6-12x12.jpg 12w, https:\/\/www.tfngj.com\/wp-content\/uploads\/2025\/10\/1-6-600x600.jpg 600w, https:\/\/www.tfngj.com\/wp-content\/uploads\/2025\/10\/1-6-100x100.jpg 100w\" sizes=\"auto, (max-width: 800px) 100vw, 800px\" \/><\/figure>\n<\/div>\n\n\n\n<div class=\"wp-block-column is-vertically-aligned-center is-layout-flow wp-container-core-column-is-layout-c7b3064f wp-block-column-is-layout-flow\" style=\"flex-basis:66.66%\"><ul style=\"margin-right:0;--plover--style--block-gap:var(--wp--preset--spacing--2-x-small);\" class=\"wp-block-list is-style-check-circle\">\n<li>Couverture \u00e0 bande ultra-large : couvre une large gamme de fr\u00e9quences de 1 GHz \u00e0 6 GHz en une seule fois, ce qui simplifie le processus de test et \u00e9limine la n\u00e9cessit\u00e9 de remplacer fr\u00e9quemment les antennes.<\/li>\n\n\n\n<li>Transmission directionnelle \u00e0 gain \u00e9lev\u00e9 : offre un gain stable de 7dBi \u00e0 13dBi, assurant une r\u00e9ception et une transmission efficaces des signaux longue distance, avec une \u00e9nergie concentr\u00e9e et une bonne directionnalit\u00e9.<\/li>\n\n\n\n<li>Conception robuste et fiable : D'aspect vert militaire, il peut fonctionner normalement \u00e0 des temp\u00e9ratures extr\u00eames allant de -45\u00b0C \u00e0 +65\u00b0C et s'adapter \u00e0 des environnements difficiles.<\/li>\n\n\n\n<li>Capacit\u00e9 de puissance \u00e9lev\u00e9e : la capacit\u00e9 moyenne de traitement de la puissance peut atteindre 50 W, ce qui r\u00e9pond aux exigences rigoureuses des sc\u00e9narios d'application de transmission \u00e0 haute puissance.<\/li>\n\n\n\n<li>Interface standard et personnalisation : l'interface standard de type N (type K) (personnalisation possible) assure une compatibilit\u00e9 parfaite avec l'\u00e9quipement de test.<\/li>\n<\/ul>\n\n\n\n<div class=\"wp-block-buttons is-content-justification-center is-layout-flex wp-container-core-buttons-is-layout-a89b3969 wp-block-buttons-is-layout-flex\">\n<div class=\"wp-block-button\"><a class=\"wp-block-button__link wp-element-button\" href=\"https:\/\/www.tfngj.com\/fr\/contact-us\/\">Demande de devis<\/a><\/div>\n<\/div>\n<\/div>\n<\/div>\n\n\n\n<div class=\"wp-block-columns alignwide is-layout-flex wp-container-core-columns-is-layout-28f84493 wp-block-columns-is-layout-flex\">\n<div class=\"wp-block-column is-layout-flow wp-block-column-is-layout-flow\">\n<figure class=\"wp-block-image aligncenter size-large is-resized\"><img decoding=\"async\" src=\"https:\/\/www.tfngj.com\/wp-content\/uploads\/2025\/11\/ck16d-2.webp\" alt=\"Antenne \u00e0 cornet\" style=\"width:440px;height:auto\"\/><\/figure>\n<\/div>\n\n\n\n<div class=\"wp-block-column is-layout-flow wp-block-column-is-layout-flow\">\n<figure class=\"wp-block-image aligncenter size-large is-resized\"><img decoding=\"async\" src=\"https:\/\/www.tfngj.com\/wp-content\/uploads\/2025\/11\/ck16d-3.webp\" alt=\"Antenne \u00e0 cornet\" style=\"width:440px;height:auto\"\/><\/figure>\n<\/div>\n<\/div>\n\n\n<h2 class=\"wp-block-heading alignwide has-text-align-left\" style=\"margin-top:var(--wp--preset--spacing--large);padding-left:0rem;font-size:clamp(1.743rem, 1.743rem + ((1vw - 0.2rem) * 1.571), 3rem);\" id=\"specifications\"><mark style=\"background-color:rgba(0, 0, 0, 0);color:#2588cc\" class=\"has-inline-color\">Sp\u00e9cifications<\/mark><\/h2>\n\n\n\n<div class=\"wp-block-columns alignwide is-layout-flex wp-container-core-columns-is-layout-c375d253 wp-block-columns-is-layout-flex\">\n<div class=\"wp-block-column is-layout-flow wp-block-column-is-layout-flow\" style=\"flex-basis:66.66%\">\n<figure class=\"wp-block-table is-style-stripes has-large-font-size\" style=\"margin-right:0rem;margin-left:0rem;padding-top:0;padding-right:0;padding-bottom:0;padding-left:0\"><table class=\"has-background\" style=\"background-color:#90caf191\"><tbody><tr><td>Mod\u00e8le \/ Articles<\/td><td>CK16D<\/td><\/tr><tr><td>Gamme de fr\u00e9quences<\/td><td>1 GHz ~ 6 GHz<\/td><\/tr><tr><td>Rapport d'ondes stationnaires (VSWR)<\/td><td>\u2264 2.5<\/td><\/tr><tr><td>Gain<\/td><td>7 dBi ~ 13 dBi<\/td><\/tr><tr><td>Polarisation<\/td><td>Polarisation lin\u00e9aire<\/td><\/tr><tr><td>Motif directionnel<\/td><td>Directionnel<\/td><\/tr><tr><td>Imp\u00e9dance<\/td><td>50 ohms<\/td><\/tr><tr><td>Interface d'antenne<\/td><td>Type N (type K), <em>personnalisable<\/em><\/td><\/tr><tr><td>Puissance moyenne<\/td><td>50 W<\/td><\/tr><tr><td>Dimensions<\/td><td>165mm \u00d7 161mm \u00d7 200mm<\/td><\/tr><tr><td>Temp\u00e9rature de fonctionnement<\/td><td>-45\u00b0C ~ +65\u00b0C<\/td><\/tr><tr><td>Poids<\/td><td>1,1 kg<\/td><\/tr><tr><td>Environnement chaud et humide<\/td><td>Fonctionnement normal \u00e0 40\u00b0C, 95% humidit\u00e9 relative<\/td><\/tr><\/tbody><\/table><\/figure>\n\n\n\n<div class=\"wp-block-buttons is-layout-flex wp-block-buttons-is-layout-flex\">\n<div class=\"wp-block-button is-style-ghost\"><a class=\"wp-block-button__link wp-element-button\" href=\"https:\/\/www.tfngj.com\/wp-content\/uploads\/2025\/pdf\/CK16D-Horn-Antenna.pdf\">CK16D Manual Download<\/a><\/div>\n<\/div>\n<\/div>\n<\/div>\n\n\n\n<div class=\"wp-block-columns alignwide is-layout-flex wp-container-core-columns-is-layout-b9f7452e wp-block-columns-is-layout-flex\" style=\"margin-top:var(--wp--preset--spacing--x-large)\">\n<div class=\"wp-block-column is-layout-flow wp-block-column-is-layout-flow\" style=\"flex-basis:44%\">\n<figure class=\"wp-block-image\"><img loading=\"lazy\" decoding=\"async\" width=\"1024\" height=\"682\" src=\"https:\/\/www.tfngj.com\/wp-content\/uploads\/2025\/10\/internet-7843966_1280-1024x682.jpg\" alt=\"Essais de la 5G\" class=\"wp-image-2473\" srcset=\"https:\/\/www.tfngj.com\/wp-content\/uploads\/2025\/10\/internet-7843966_1280-1024x682.jpg 1024w, https:\/\/www.tfngj.com\/wp-content\/uploads\/2025\/10\/internet-7843966_1280-300x200.jpg 300w, https:\/\/www.tfngj.com\/wp-content\/uploads\/2025\/10\/internet-7843966_1280-768x512.jpg 768w, https:\/\/www.tfngj.com\/wp-content\/uploads\/2025\/10\/internet-7843966_1280-18x12.jpg 18w, https:\/\/www.tfngj.com\/wp-content\/uploads\/2025\/10\/internet-7843966_1280-600x400.jpg 600w, https:\/\/www.tfngj.com\/wp-content\/uploads\/2025\/10\/internet-7843966_1280.jpg 1280w\" sizes=\"auto, (max-width: 1024px) 100vw, 1024px\" \/><\/figure>\n<\/div>\n\n\n\n<div class=\"wp-block-column is-layout-flow wp-block-column-is-layout-flow\" style=\"flex-basis:56%\"><h2 class=\"wp-block-heading has-2-x-large-font-size\" id=\"application-scenarios\">Sc\u00e9narios d'application<\/h2>\n\n\n<ul class=\"wp-block-list\" style=\"\">\n<li>Essais de compatibilit\u00e9 \u00e9lectromagn\u00e9tique CEM\/EMI : utilis\u00e9e comme antenne d'\u00e9mission ou de r\u00e9ception standard pour les essais d'\u00e9mission et d'immunit\u00e9 aux rayonnements.<\/li>\n\n\n\n<li>Contre-mesures \u00e9lectroniques (ECM) : utilis\u00e9es pour la d\u00e9tection et l'analyse des signaux et l'\u00e9mission d'interf\u00e9rences directionnelles.<\/li>\n\n\n\n<li>Essais de communication sans fil : ils couvrent les essais de plusieurs bandes de fr\u00e9quences de communication, notamment LTE, 5G Sub-6GHz et Wi-Fi 2.4\/5GHz.<\/li>\n\n\n\n<li>Surveillance des signaux et collecte de renseignements : utiliser sa directionnalit\u00e9 pour localiser et surveiller des sources de signaux sp\u00e9cifiques.<\/li>\n\n\n\n<li>Recherche scientifique et \u00e9ducation : utilis\u00e9 pour les exp\u00e9riences et la recherche dans la technologie des micro-ondes, la technologie des antennes et d'autres cours connexes.<\/li>\n<\/ul>\n<\/div>\n<\/div>\n\n\n\n<div style=\"height:68px\" aria-hidden=\"true\" class=\"wp-block-spacer\"><\/div>\n\n\n<h2 class=\"wp-block-heading has-text-align-center\" id=\"faqs\"><mark style=\"background-color:rgba(0, 0, 0, 0);color:#2588cc\" class=\"has-inline-color\">FAQ<\/mark><\/h2>\n\n\n\n<details class=\"wp-block-details has-border-color is-layout-flow wp-block-details-is-layout-flow\" style=\"border-color:#4083ca;border-width:2px;line-height:1.8\" open><summary>Quelles sont les options logistiques que vous proposez ?<\/summary>\n<p>Nous fournissons des solutions logistiques optimis\u00e9es en fonction de l'urgence de votre commande, de sa taille, de son poids et de votre localisation :<\/p>\n\n\n\n<p>International Express : Convient aux \u00e9chantillons, aux commandes urgentes et aux petits envois de moins de 10 kg. Nous travaillons en partenariat avec les meilleurs fournisseurs de services logistiques tels que DHL, FedEx et UPS, offrant un suivi porte-\u00e0-porte.<\/p>\n\n\n\n<p>Fret a\u00e9rien : Convient aux commandes moyennes \u00e0 importantes ou aux \u00e9quipements complets sensibles au facteur temps, offrant un \u00e9quilibre efficace entre co\u00fbt et rapidit\u00e9.<\/p>\n\n\n\n<p>Fret maritime : Convient aux commandes de gros volumes et constitue la m\u00e9thode d'exp\u00e9dition la plus \u00e9conomique. Nous proposons des services FOB, C&amp;F et CIF.<\/p>\n<\/details>\n\n\n\n<details class=\"wp-block-details has-border-color is-layout-flow wp-block-details-is-layout-flow\" style=\"border-color:#4083ca;border-width:2px\"><summary>Quel est le d\u00e9lai d'ex\u00e9cution ?<\/summary>\n<p>Pour nos produits standard, s'ils sont en stock et pr\u00eats \u00e0 \u00eatre exp\u00e9di\u00e9s, le d\u00e9lai est d'environ 7 \u00e0 10 jours. Pour les produits optionnels, le d\u00e9lai est d'environ 25 \u00e0 30 jours.<\/p>\n<\/details>\n\n\n\n<details class=\"wp-block-details has-border-color is-layout-flow wp-block-details-is-layout-flow\" style=\"border-color:#4083ca;border-width:2px\"><summary>Quelle est la dur\u00e9e de la garantie du produit ?<\/summary>\n<p>Nous sommes convaincus de la qualit\u00e9 et de la fiabilit\u00e9 de nos produits.<\/p>\n\n\n\n<p>Nous offrons une garantie standard de 12 mois sur tous les instruments, \u00e0 compter de la date d'arriv\u00e9e au port de destination.<\/p>\n\n\n\n<p>Des extensions de garantie sont \u00e9galement disponibles ; veuillez contacter notre \u00e9quipe de vente pour plus de d\u00e9tails.<\/p>\n<\/details>\n\n\n\n<div style=\"height:59px\" aria-hidden=\"true\" class=\"wp-block-spacer\"><\/div>","protected":false},"excerpt":{"rendered":"<p>Highlights Specifications Model \/ Items CK16D Frequency Range 1 GHz ~ 6 GHz Standing Wave Ratio (VSWR) \u2264 2.5 Gain 7 dBi ~ 13 dBi Polarization Linear polarization Directional Pattern Directional Impedance 50 ohms Antenna Interface N type (K type), customizable Average Power Handling 50 W Dimensions 165mm \u00d7 161mm \u00d7 200mm Operating Temperature -45\u00b0C [&hellip;]<\/p>","protected":false},"author":1,"featured_media":0,"parent":2379,"menu_order":0,"comment_status":"closed","ping_status":"closed","template":"","meta":{"footnotes":""},"class_list":["post-3128","page","type-page","status-publish","hentry"],"yoast_head":"<!-- This site is optimized with the Yoast SEO plugin v26.6 - https:\/\/yoast.com\/wordpress\/plugins\/seo\/ -->\n<title>CK16D Horn Antenna - Communication Test Expert<\/title>\n<meta name=\"robots\" content=\"index, follow, max-snippet:-1, max-image-preview:large, max-video-preview:-1\" \/>\n<link rel=\"canonical\" href=\"https:\/\/www.tfngj.com\/fr\/antenna\/ck16d-horn-antenna\/\" \/>\n<meta property=\"og:locale\" content=\"fr_FR\" \/>\n<meta property=\"og:type\" content=\"article\" \/>\n<meta property=\"og:title\" content=\"CK16D Horn Antenna - Communication Test Expert\" \/>\n<meta property=\"og:description\" content=\"Highlights Specifications Model \/ Items CK16D Frequency Range 1 GHz ~ 6 GHz Standing Wave Ratio (VSWR) \u2264 2.5 Gain 7 dBi ~ 13 dBi Polarization Linear polarization Directional Pattern Directional Impedance 50 ohms Antenna Interface N type (K type), customizable Average Power Handling 50 W Dimensions 165mm \u00d7 161mm \u00d7 200mm Operating Temperature -45\u00b0C [&hellip;]\" \/>\n<meta property=\"og:url\" content=\"https:\/\/www.tfngj.com\/fr\/antenna\/ck16d-horn-antenna\/\" \/>\n<meta property=\"og:site_name\" content=\"Communication Test Expert\" \/>\n<meta property=\"article:modified_time\" content=\"2025-11-21T07:54:51+00:00\" \/>\n<meta property=\"og:image\" content=\"https:\/\/www.tfngj.com\/wp-content\/uploads\/2025\/10\/back-2-scaled.webp\" \/>\n\t<meta property=\"og:image:width\" content=\"2560\" \/>\n\t<meta property=\"og:image:height\" content=\"1280\" \/>\n\t<meta property=\"og:image:type\" content=\"image\/webp\" \/>\n<meta name=\"twitter:card\" content=\"summary_large_image\" \/>\n<meta name=\"twitter:label1\" content=\"Dur\u00e9e de lecture estim\u00e9e\" \/>\n\t<meta name=\"twitter:data1\" content=\"2 minutes\" \/>\n<script type=\"application\/ld+json\" class=\"yoast-schema-graph\">{\"@context\":\"https:\/\/schema.org\",\"@graph\":[{\"@type\":\"WebPage\",\"@id\":\"https:\/\/www.tfngj.com\/antenna\/ck16d-horn-antenna\/\",\"url\":\"https:\/\/www.tfngj.com\/antenna\/ck16d-horn-antenna\/\",\"name\":\"CK16D Horn Antenna - Communication Test Expert\",\"isPartOf\":{\"@id\":\"https:\/\/www.tfngj.com\/#website\"},\"primaryImageOfPage\":{\"@id\":\"https:\/\/www.tfngj.com\/antenna\/ck16d-horn-antenna\/#primaryimage\"},\"image\":{\"@id\":\"https:\/\/www.tfngj.com\/antenna\/ck16d-horn-antenna\/#primaryimage\"},\"thumbnailUrl\":\"https:\/\/www.tfngj.com\/wp-content\/uploads\/2025\/10\/back-2-scaled.webp\",\"datePublished\":\"2025-10-24T02:55:18+00:00\",\"dateModified\":\"2025-11-21T07:54:51+00:00\",\"breadcrumb\":{\"@id\":\"https:\/\/www.tfngj.com\/antenna\/ck16d-horn-antenna\/#breadcrumb\"},\"inLanguage\":\"fr-FR\",\"potentialAction\":[{\"@type\":\"ReadAction\",\"target\":[\"https:\/\/www.tfngj.com\/antenna\/ck16d-horn-antenna\/\"]}]},{\"@type\":\"ImageObject\",\"inLanguage\":\"fr-FR\",\"@id\":\"https:\/\/www.tfngj.com\/antenna\/ck16d-horn-antenna\/#primaryimage\",\"url\":\"https:\/\/www.tfngj.com\/wp-content\/uploads\/2025\/10\/back-2-scaled.webp\",\"contentUrl\":\"https:\/\/www.tfngj.com\/wp-content\/uploads\/2025\/10\/back-2-scaled.webp\"},{\"@type\":\"BreadcrumbList\",\"@id\":\"https:\/\/www.tfngj.com\/antenna\/ck16d-horn-antenna\/#breadcrumb\",\"itemListElement\":[{\"@type\":\"ListItem\",\"position\":1,\"name\":\"Home\",\"item\":\"https:\/\/www.tfngj.com\/\"},{\"@type\":\"ListItem\",\"position\":2,\"name\":\"RF Signal Antenna\",\"item\":\"https:\/\/www.tfngj.com\/antenna\/\"},{\"@type\":\"ListItem\",\"position\":3,\"name\":\"CK16D Horn Antenna\"}]},{\"@type\":\"WebSite\",\"@id\":\"https:\/\/www.tfngj.com\/#website\",\"url\":\"https:\/\/www.tfngj.com\/\",\"name\":\"TFN-Communication Test Expert\",\"description\":\"Find Perfect Solutions in TFN\",\"publisher\":{\"@id\":\"https:\/\/www.tfngj.com\/#organization\"},\"alternateName\":\"TFN\",\"potentialAction\":[{\"@type\":\"SearchAction\",\"target\":{\"@type\":\"EntryPoint\",\"urlTemplate\":\"https:\/\/www.tfngj.com\/?s={search_term_string}\"},\"query-input\":{\"@type\":\"PropertyValueSpecification\",\"valueRequired\":true,\"valueName\":\"search_term_string\"}}],\"inLanguage\":\"fr-FR\"},{\"@type\":\"Organization\",\"@id\":\"https:\/\/www.tfngj.com\/#organization\",\"name\":\"TFN\",\"url\":\"https:\/\/www.tfngj.com\/\",\"logo\":{\"@type\":\"ImageObject\",\"inLanguage\":\"fr-FR\",\"@id\":\"https:\/\/www.tfngj.com\/#\/schema\/logo\/image\/\",\"url\":\"https:\/\/www.tfngj.com\/wp-content\/uploads\/2025\/09\/\u9ed1logo.png\",\"contentUrl\":\"https:\/\/www.tfngj.com\/wp-content\/uploads\/2025\/09\/\u9ed1logo.png\",\"width\":939,\"height\":232,\"caption\":\"TFN\"},\"image\":{\"@id\":\"https:\/\/www.tfngj.com\/#\/schema\/logo\/image\/\"},\"sameAs\":[\"https:\/\/www.youtube.com\/@FateTFN\/search\"]}]}<\/script>\n<!-- \/ Yoast SEO plugin. -->","yoast_head_json":{"title":"Antenne \u00e0 cornet CK16D - Communication Test Expert","robots":{"index":"index","follow":"follow","max-snippet":"max-snippet:-1","max-image-preview":"max-image-preview:large","max-video-preview":"max-video-preview:-1"},"canonical":"https:\/\/www.tfngj.com\/fr\/antenna\/ck16d-horn-antenna\/","og_locale":"fr_FR","og_type":"article","og_title":"CK16D Horn Antenna - Communication Test Expert","og_description":"Highlights Specifications Model \/ Items CK16D Frequency Range 1 GHz ~ 6 GHz Standing Wave Ratio (VSWR) \u2264 2.5 Gain 7 dBi ~ 13 dBi Polarization Linear polarization Directional Pattern Directional Impedance 50 ohms Antenna Interface N type (K type), customizable Average Power Handling 50 W Dimensions 165mm \u00d7 161mm \u00d7 200mm Operating Temperature -45\u00b0C [&hellip;]","og_url":"https:\/\/www.tfngj.com\/fr\/antenna\/ck16d-horn-antenna\/","og_site_name":"Communication Test Expert","article_modified_time":"2025-11-21T07:54:51+00:00","og_image":[{"width":2560,"height":1280,"url":"https:\/\/www.tfngj.com\/wp-content\/uploads\/2025\/10\/back-2-scaled.webp","type":"image\/webp"}],"twitter_card":"summary_large_image","twitter_misc":{"Dur\u00e9e de lecture estim\u00e9e":"2 minutes"},"schema":{"@context":"https:\/\/schema.org","@graph":[{"@type":"WebPage","@id":"https:\/\/www.tfngj.com\/antenna\/ck16d-horn-antenna\/","url":"https:\/\/www.tfngj.com\/antenna\/ck16d-horn-antenna\/","name":"Antenne \u00e0 cornet CK16D - Communication Test Expert","isPartOf":{"@id":"https:\/\/www.tfngj.com\/#website"},"primaryImageOfPage":{"@id":"https:\/\/www.tfngj.com\/antenna\/ck16d-horn-antenna\/#primaryimage"},"image":{"@id":"https:\/\/www.tfngj.com\/antenna\/ck16d-horn-antenna\/#primaryimage"},"thumbnailUrl":"https:\/\/www.tfngj.com\/wp-content\/uploads\/2025\/10\/back-2-scaled.webp","datePublished":"2025-10-24T02:55:18+00:00","dateModified":"2025-11-21T07:54:51+00:00","breadcrumb":{"@id":"https:\/\/www.tfngj.com\/antenna\/ck16d-horn-antenna\/#breadcrumb"},"inLanguage":"fr-FR","potentialAction":[{"@type":"ReadAction","target":["https:\/\/www.tfngj.com\/antenna\/ck16d-horn-antenna\/"]}]},{"@type":"ImageObject","inLanguage":"fr-FR","@id":"https:\/\/www.tfngj.com\/antenna\/ck16d-horn-antenna\/#primaryimage","url":"https:\/\/www.tfngj.com\/wp-content\/uploads\/2025\/10\/back-2-scaled.webp","contentUrl":"https:\/\/www.tfngj.com\/wp-content\/uploads\/2025\/10\/back-2-scaled.webp"},{"@type":"BreadcrumbList","@id":"https:\/\/www.tfngj.com\/antenna\/ck16d-horn-antenna\/#breadcrumb","itemListElement":[{"@type":"ListItem","position":1,"name":"Home","item":"https:\/\/www.tfngj.com\/"},{"@type":"ListItem","position":2,"name":"RF Signal Antenna","item":"https:\/\/www.tfngj.com\/antenna\/"},{"@type":"ListItem","position":3,"name":"CK16D Horn Antenna"}]},{"@type":"WebSite","@id":"https:\/\/www.tfngj.com\/#website","url":"https:\/\/www.tfngj.com\/","name":"TFN - Expert en essais de communication","description":"Trouver des solutions parfaites dans la TFN","publisher":{"@id":"https:\/\/www.tfngj.com\/#organization"},"alternateName":"TFN","potentialAction":[{"@type":"SearchAction","target":{"@type":"EntryPoint","urlTemplate":"https:\/\/www.tfngj.com\/?s={search_term_string}"},"query-input":{"@type":"PropertyValueSpecification","valueRequired":true,"valueName":"search_term_string"}}],"inLanguage":"fr-FR"},{"@type":"Organization","@id":"https:\/\/www.tfngj.com\/#organization","name":"TFN","url":"https:\/\/www.tfngj.com\/","logo":{"@type":"ImageObject","inLanguage":"fr-FR","@id":"https:\/\/www.tfngj.com\/#\/schema\/logo\/image\/","url":"https:\/\/www.tfngj.com\/wp-content\/uploads\/2025\/09\/\u9ed1logo.png","contentUrl":"https:\/\/www.tfngj.com\/wp-content\/uploads\/2025\/09\/\u9ed1logo.png","width":939,"height":232,"caption":"TFN"},"image":{"@id":"https:\/\/www.tfngj.com\/#\/schema\/logo\/image\/"},"sameAs":["https:\/\/www.youtube.com\/@FateTFN\/search"]}]}},"_links":{"self":[{"href":"https:\/\/www.tfngj.com\/fr\/wp-json\/wp\/v2\/pages\/3128","targetHints":{"allow":["GET"]}}],"collection":[{"href":"https:\/\/www.tfngj.com\/fr\/wp-json\/wp\/v2\/pages"}],"about":[{"href":"https:\/\/www.tfngj.com\/fr\/wp-json\/wp\/v2\/types\/page"}],"author":[{"embeddable":true,"href":"https:\/\/www.tfngj.com\/fr\/wp-json\/wp\/v2\/users\/1"}],"replies":[{"embeddable":true,"href":"https:\/\/www.tfngj.com\/fr\/wp-json\/wp\/v2\/comments?post=3128"}],"version-history":[{"count":15,"href":"https:\/\/www.tfngj.com\/fr\/wp-json\/wp\/v2\/pages\/3128\/revisions"}],"predecessor-version":[{"id":4430,"href":"https:\/\/www.tfngj.com\/fr\/wp-json\/wp\/v2\/pages\/3128\/revisions\/4430"}],"up":[{"embeddable":true,"href":"https:\/\/www.tfngj.com\/fr\/wp-json\/wp\/v2\/pages\/2379"}],"wp:attachment":[{"href":"https:\/\/www.tfngj.com\/fr\/wp-json\/wp\/v2\/media?parent=3128"}],"curies":[{"name":"wp","href":"https:\/\/api.w.org\/{rel}","templated":true}]}}