{"id":3,"date":"2025-08-29T13:58:08","date_gmt":"2025-08-29T05:58:08","guid":{"rendered":"https:\/\/ceshi.tfngw.com\/?page_id=3"},"modified":"2025-11-05T10:28:12","modified_gmt":"2025-11-05T02:28:12","slug":"privacy-policy","status":"publish","type":"page","link":"https:\/\/www.tfngj.com\/fr\/privacy-policy\/","title":{"rendered":"Politique de confidentialit\u00e9"},"content":{"rendered":"<h1 class=\"wp-block-heading has-5-x-large-font-size\" style=\"margin-top:var(--wp--preset--spacing--x-large)\" id=\"privacy-policy\">Politique de confidentialit\u00e9<\/h1>\n\n\n\n<p>En cas de modification importante de la pr\u00e9sente politique, nous publierons la version mise \u00e0 jour sur cette page et pourrons demander votre consentement si n\u00e9cessaire.<\/p>\n\n\n<h2 class=\"wp-block-heading has-4-x-large-font-size\" id=\"1-definitions-and-scope\">1. D\u00e9finitions et champ d'application<\/h2>\n\n\n\n<p style=\"line-height:1.8\">1.1 Les \u201cdonn\u00e9es \u00e0 caract\u00e8re personnel\u201d d\u00e9signent toute information se rapportant \u00e0 une personne identifi\u00e9e ou identifiable, y compris les informations qui peuvent \u00eatre combin\u00e9es avec d'autres informations pour identifier une personne.<br>1.2 Le \u201ctraitement\u201d d\u00e9signe toute op\u00e9ration ou ensemble d'op\u00e9rations effectu\u00e9es sur des donn\u00e9es \u00e0 caract\u00e8re personnel, y compris la collecte, le stockage, l'utilisation, la modification, la transmission, la mise \u00e0 disposition, la divulgation et la suppression.<br>1.3 La pr\u00e9sente politique s'applique aux donn\u00e9es \u00e0 caract\u00e8re personnel que nous collectons, utilisons, stockons et transf\u00e9rons lorsque vous acc\u00e9dez \u00e0 notre site web ou interagissez avec lui. <a href=\"https:\/\/www.tfngj.com\/fr\/?utm_source=chatgpt.com\">https:\/\/www.tfngj.com<\/a> (le \u201csite web\u201d).<br>1.4 La pr\u00e9sente politique s'applique \u00e9galement aux donn\u00e9es \u00e0 caract\u00e8re personnel fournies lorsque vous utilisez d'autres services sur le site web (par exemple, en soumettant des formulaires, en demandant des informations, en vous inscrivant \u00e0 des bulletins d'information).<\/p>\n\n\n<h2 class=\"wp-block-heading has-4-x-large-font-size\" id=\"2-information-we-collect\">2. Les informations que nous collectons<\/h2>\n\n\n\n<p>Nous pouvons collecter les types de donn\u00e9es \u00e0 caract\u00e8re personnel suivants (les sp\u00e9cificit\u00e9s d\u00e9pendront de vos interactions avec le site web) :<\/p>\n\n\n<ul class=\"wp-block-list\" style=\"\">\n<li>\n<strong>Informations sur le contact<\/strong>: Nom, nom de l'entreprise, titre du poste, adresse \u00e9lectronique, num\u00e9ro de t\u00e9l\u00e9phone, adresse physique, etc.<\/li>\n\n\n\n<li>\n<strong>Donn\u00e9es relatives aux comptes et aux interactions<\/strong>: Donn\u00e9es que vous fournissez en remplissant des formulaires, en vous abonnant, en nous contactant ou en vous inscrivant \u00e0 des \u00e9v\u00e9nements.<\/li>\n\n\n\n<li>\n<strong>Donn\u00e9es relatives \u00e0 l'appareil et \u00e0 l'utilisation<\/strong>: Adresse IP, type de navigateur, informations sur l'appareil, pages visit\u00e9es, comportement de clic, cookies ou technologies similaires lorsque vous visitez le site web.<\/li>\n\n\n\n<li>\n<strong>Autres donn\u00e9es<\/strong>: toute autre information que vous nous fournissez volontairement.<\/li>\n<\/ul>\n\n\n<h2 class=\"wp-block-heading has-4-x-large-font-size\" id=\"3-sources-of-collection\">3. Sources de la collecte<\/h2>\n\n\n\n<p>Nous collectons des donn\u00e9es personnelles \u00e0 partir des sources suivantes :<\/p>\n\n\n<ul class=\"wp-block-list\" style=\"\">\n<li>les donn\u00e9es que vous nous fournissez directement (par exemple, formulaires, communications, inscriptions).<\/li>\n\n\n\n<li>les donn\u00e9es g\u00e9n\u00e9r\u00e9es automatiquement lorsque vous utilisez le site web (par exemple, les journaux, les cookies, les informations sur l'appareil).<\/li>\n\n\n\n<li>Sources tierces l\u00e9gitimes ou donn\u00e9es accessibles au public (uniquement lorsque cela est l\u00e9gal et conforme).<\/li>\n<\/ul>\n\n\n<h2 class=\"wp-block-heading has-4-x-large-font-size\" id=\"4-purpose-and-use-of-personal-data\">4. Finalit\u00e9 et utilisation des donn\u00e9es \u00e0 caract\u00e8re personnel<\/h2>\n\n\n\n<p>4.1 Nous collectons et utilisons vos donn\u00e9es personnelles aux fins suivantes :<\/p>\n\n\n<ul class=\"wp-block-list\" style=\"\">\n<li>Pour fournir les services que vous demandez ou pour communiquer avec vous (par exemple, envoyer des bulletins d'information, r\u00e9pondre \u00e0 des demandes de renseignements, satisfaire \u00e0 des demandes).<\/li>\n\n\n\n<li>Am\u00e9liorer et optimiser le site Web et les services (par exemple, analyse des performances, optimisation de l'exp\u00e9rience utilisateur, statistiques commerciales).<\/li>\n\n\n\n<li>\u00c0 des fins de marketing et de promotion (par exemple, envoi d'invitations \u00e0 des \u00e9v\u00e9nements, de nouvelles sur les produits, de promotions) - uniquement si vous y avez consenti ou si la loi l'autorise.<br>4.2 Nous ne collectons que les donn\u00e9es \u00e0 caract\u00e8re personnel n\u00e9cessaires \u00e0 la r\u00e9alisation de ces objectifs et nous les traitons dans le cadre requis pour les atteindre.<br>4.3 Si nous souhaitons utiliser vos donn\u00e9es \u00e0 caract\u00e8re personnel \u00e0 d'autres fins, nous obtiendrons votre consentement ou agirons conform\u00e9ment \u00e0 la l\u00e9gislation applicable.<\/li>\n<\/ul>\n\n\n<h2 class=\"wp-block-heading has-4-x-large-font-size\" id=\"5-cookies-and-similar-technologies\">5. Cookies et technologies similaires<\/h2>\n\n\n\n<p>Pour am\u00e9liorer votre exp\u00e9rience d'utilisateur et la fonctionnalit\u00e9 du site web, nous pouvons utiliser des cookies ou des technologies similaires. Vous pouvez g\u00e9rer vos pr\u00e9f\u00e9rences en mati\u00e8re de cookies via les param\u00e8tres de votre navigateur ; toutefois, le blocage des cookies peut affecter certaines fonctionnalit\u00e9s du site web.<\/p>\n\n\n<h2 class=\"wp-block-heading has-4-x-large-font-size\" id=\"6-sharing-and-disclosure-of-personal-data\">6. Partage et divulgation des donn\u00e9es \u00e0 caract\u00e8re personnel<\/h2>\n\n\n\n<p>6.1 Nous nous engageons \u00e0 ne pas vendre vos donn\u00e9es personnelles \u00e0 des tiers.<br>6.2 Nous pouvons partager ou divulguer vos donn\u00e9es personnelles dans les circonstances suivantes :<\/p>\n\n\n<ul class=\"wp-block-list\" style=\"\">\n<li>Avec votre consentement explicite.<\/li>\n\n\n\n<li>avec des prestataires de services ou des partenaires techniques qui nous aident \u00e0 fournir nos services (ces tiers sont tenus de respecter des obligations de confidentialit\u00e9).<\/li>\n\n\n\n<li>Lorsque la loi, une proc\u00e9dure judiciaire ou les autorit\u00e9s gouvernementales l'exigent.<\/li>\n\n\n\n<li>En cas de fusion, d'acquisition, de faillite ou de transfert d'actifs, lorsque vos donn\u00e9es \u00e0 caract\u00e8re personnel peuvent \u00eatre transf\u00e9r\u00e9es dans le cadre des actifs, mais que la partie destinataire sera li\u00e9e par les m\u00eames obligations en mati\u00e8re de protection des donn\u00e9es.<br>6.3 Lorsque nous partageons vos donn\u00e9es \u00e0 caract\u00e8re personnel avec des tiers, nous prenons des mesures de s\u00e9curit\u00e9 raisonnables et concluons des accords de protection des donn\u00e9es.<\/li>\n<\/ul>\n\n\n<h2 class=\"wp-block-heading has-4-x-large-font-size\" id=\"7-crossborder-data-transfers\">7. Transferts transfrontaliers de donn\u00e9es<\/h2>\n\n\n\n<p>Si cela s'av\u00e8re n\u00e9cessaire \u00e0 des fins commerciales, nous pouvons transf\u00e9rer vos donn\u00e9es \u00e0 caract\u00e8re personnel vers des pays situ\u00e9s en dehors de la R\u00e9publique populaire de Chine. Ces transferts seront effectu\u00e9s dans le respect des lois applicables en mati\u00e8re de protection des donn\u00e9es et nous veillerons \u00e0 ce que des mesures de s\u00e9curit\u00e9 ad\u00e9quates soient mises en place, telles que la signature de clauses contractuelles standard ou l'obtention de votre consentement (le cas \u00e9ch\u00e9ant).<\/p>\n\n\n<h2 class=\"wp-block-heading has-4-x-large-font-size\" id=\"8-data-retention-period\">8. P\u00e9riode de conservation des donn\u00e9es<\/h2>\n\n\n\n<p>Nous conserverons vos donn\u00e9es personnelles aussi longtemps que n\u00e9cessaire pour atteindre les objectifs pour lesquels elles ont \u00e9t\u00e9 collect\u00e9es et pour nous conformer aux exigences l\u00e9gales, r\u00e9glementaires ou d'audit. En r\u00e8gle g\u00e9n\u00e9rale, lorsque l'objectif de la collecte des donn\u00e9es est atteint ou que vous retirez votre consentement, nous cessons d'utiliser les donn\u00e9es et nous les supprimons ou les rendons anonymes. Toutefois, nous pouvons conserver certaines donn\u00e9es si la loi l'exige.<\/p>\n\n\n<h2 class=\"wp-block-heading has-4-x-large-font-size\" id=\"9-data-security\">9. S\u00e9curit\u00e9 des donn\u00e9es<\/h2>\n\n\n\n<p>Nous avons mis en \u0153uvre des mesures organisationnelles et techniques appropri\u00e9es pour prot\u00e9ger vos donn\u00e9es \u00e0 caract\u00e8re personnel contre l'acc\u00e8s, la divulgation, l'alt\u00e9ration et la destruction non autoris\u00e9s. Ces mesures comprennent des contr\u00f4les d'acc\u00e8s, le cryptage des donn\u00e9es, des serveurs s\u00e9curis\u00e9s et des audits r\u00e9guliers. Toutefois, aucune transmission de donn\u00e9es sur l'internet ni aucun syst\u00e8me de stockage de donn\u00e9es ne peuvent \u00eatre garantis comme \u00e9tant 100% s\u00fbrs. Par cons\u00e9quent, nous ne pouvons pas garantir la s\u00e9curit\u00e9 absolue de vos donn\u00e9es personnelles.<\/p>\n\n\n<h2 class=\"wp-block-heading has-4-x-large-font-size\" id=\"10-your-rights\">10. Vos droits<\/h2>\n\n\n\n<p>En vertu des lois applicables (par exemple, le r\u00e8glement g\u00e9n\u00e9ral sur la protection des donn\u00e9es (RGPD), la loi chinoise sur la protection des informations personnelles (PIPL)), vous pouvez disposer des droits suivants concernant vos donn\u00e9es \u00e0 caract\u00e8re personnel :<\/p>\n\n\n<ul class=\"wp-block-list\" style=\"\">\n<li>Droit d'acc\u00e9der \u00e0 vos donn\u00e9es personnelles ou d'en obtenir une copie.<\/li>\n\n\n\n<li>Droit de corriger ou de mettre \u00e0 jour vos donn\u00e9es personnelles.<\/li>\n\n\n\n<li>Droit de supprimer vos donn\u00e9es personnelles (sous certaines conditions).<\/li>\n\n\n\n<li>Droit de retirer son consentement (lorsque le traitement est fond\u00e9 sur le consentement).<\/li>\n\n\n\n<li>Droit de restreindre ou de s'opposer \u00e0 certains traitements de vos donn\u00e9es personnelles (sous certaines conditions).<\/li>\n\n\n\n<li>Droit \u00e0 la portabilit\u00e9 des donn\u00e9es (le cas \u00e9ch\u00e9ant).<\/li>\n\n\n\n<li>Si vous estimez que nous traitons vos donn\u00e9es \u00e0 caract\u00e8re personnel de mani\u00e8re ill\u00e9gale, vous avez le droit de d\u00e9poser une plainte aupr\u00e8s de nous ou de l'autorit\u00e9 de r\u00e9gulation comp\u00e9tente.<br>Pour exercer ces droits, veuillez nous contacter en utilisant les coordonn\u00e9es indiqu\u00e9es \u00e0 la section 11.<\/li>\n<\/ul>\n\n\n<h2 class=\"wp-block-heading has-4-x-large-font-size\" id=\"11-contact-information\">11. Informations sur les contacts<\/h2>\n\n\n\n<p>Si vous avez des questions ou des pr\u00e9occupations concernant la pr\u00e9sente politique de protection de la vie priv\u00e9e, ou si vous souhaitez exercer l'un de vos droits, veuillez nous contacter en utilisant les coordonn\u00e9es ci-dessous :<br>Courriel : <a>info@tfngj.com<\/a><br>T\u00e9l\u00e9phone : +86- +86-18765219251<br>Adresse : No. 31 Wannianquan Road, Longhu Xinyun Block, Building 1, 7th Floor No. 31 Wannianquan Road, Longhu Xinyun Block, Building 1, 7th Floor, Qingdao, Shandong, Chine<\/p>\n\n\n<h2 class=\"wp-block-heading has-4-x-large-font-size\" id=\"12-protection-of-minors\">12. Protection des mineurs<\/h2>\n\n\n\n<p>Nous ne collectons pas sciemment de donn\u00e9es personnelles aupr\u00e8s de mineurs de moins de 18 ans. Si vous \u00eates un parent ou un tuteur et que vous pensez que nous avons collect\u00e9 les donn\u00e9es personnelles d'un mineur, veuillez nous contacter imm\u00e9diatement pour les faire supprimer.<\/p>\n\n\n<h2 class=\"wp-block-heading has-4-x-large-font-size\" id=\"13-updates-to-this-privacy-policy\">13. Mises \u00e0 jour de la pr\u00e9sente politique de confidentialit\u00e9<\/h2>\n\n\n\n<p>Nous pouvons mettre \u00e0 jour la pr\u00e9sente politique de confidentialit\u00e9 de temps \u00e0 autre. Nous publierons toute modification sur cette page et mettrons \u00e0 jour la \u201cdate d'entr\u00e9e en vigueur\u201d en haut de la politique. Si les changements sont importants, nous pouvons fournir un avis plus visible ou demander votre consentement si la loi l'exige. Veuillez consulter r\u00e9guli\u00e8rement cette page pour prendre connaissance des mises \u00e0 jour.<\/p>\n\n\n<h2 class=\"wp-block-heading has-4-x-large-font-size\" id=\"14-disclaimer\">14. Clause de non-responsabilit\u00e9<\/h2>\n\n\n\n<p>La pr\u00e9sente politique de confidentialit\u00e9 et le traitement des donn\u00e9es \u00e0 caract\u00e8re personnel sont r\u00e9gis par les lois applicables en mati\u00e8re de protection des donn\u00e9es. Si l'une des dispositions de la pr\u00e9sente politique est jug\u00e9e invalide, ill\u00e9gale ou inapplicable, les autres dispositions resteront pleinement en vigueur.<\/p>\n\n\n\n<div style=\"height:100px\" aria-hidden=\"true\" class=\"wp-block-spacer\"><\/div>","protected":false},"excerpt":{"rendered":"<p>Privacy Policy In case of any significant changes to this policy, we will post the updated version on this page and may seek your consent where necessary. 1. Definitions and Scope 1.1 &#8220;Personal Data&#8221; refers to any information that relates to an identified or identifiable individual, including information that can be combined with other information [&hellip;]<\/p>","protected":false},"author":1,"featured_media":0,"parent":0,"menu_order":0,"comment_status":"closed","ping_status":"closed","template":"","meta":{"footnotes":""},"class_list":["post-3","page","type-page","status-publish","hentry"],"yoast_head":"<!-- This site is optimized with the Yoast SEO plugin v26.6 - https:\/\/yoast.com\/wordpress\/plugins\/seo\/ -->\n<title>Privacy Policy - Communication Test Expert<\/title>\n<meta name=\"robots\" content=\"index, follow, max-snippet:-1, max-image-preview:large, max-video-preview:-1\" \/>\n<link rel=\"canonical\" href=\"https:\/\/www.tfngj.com\/fr\/privacy-policy\/\" \/>\n<meta property=\"og:locale\" content=\"fr_FR\" \/>\n<meta property=\"og:type\" content=\"article\" \/>\n<meta property=\"og:title\" content=\"Privacy Policy - Communication Test Expert\" \/>\n<meta property=\"og:description\" content=\"Privacy Policy In case of any significant changes to this policy, we will post the updated version on this page and may seek your consent where necessary. 1. Definitions and Scope 1.1 &#8220;Personal Data&#8221; refers to any information that relates to an identified or identifiable individual, including information that can be combined with other information [&hellip;]\" \/>\n<meta property=\"og:url\" content=\"https:\/\/www.tfngj.com\/fr\/privacy-policy\/\" \/>\n<meta property=\"og:site_name\" content=\"Communication Test Expert\" \/>\n<meta property=\"article:modified_time\" content=\"2025-11-05T02:28:12+00:00\" \/>\n<meta property=\"og:image\" content=\"https:\/\/www.tfngj.com\/wp-content\/uploads\/2025\/11\/TFN-LOGO.jpg\" \/>\n\t<meta property=\"og:image:width\" content=\"300\" \/>\n\t<meta property=\"og:image:height\" content=\"300\" \/>\n\t<meta property=\"og:image:type\" content=\"image\/jpeg\" \/>\n<meta name=\"twitter:card\" content=\"summary_large_image\" \/>\n<meta name=\"twitter:label1\" content=\"Dur\u00e9e de lecture estim\u00e9e\" \/>\n\t<meta name=\"twitter:data1\" content=\"5 minutes\" \/>\n<script type=\"application\/ld+json\" class=\"yoast-schema-graph\">{\"@context\":\"https:\/\/schema.org\",\"@graph\":[{\"@type\":\"WebPage\",\"@id\":\"https:\/\/www.tfngj.com\/privacy-policy\/\",\"url\":\"https:\/\/www.tfngj.com\/privacy-policy\/\",\"name\":\"Privacy Policy - Communication Test Expert\",\"isPartOf\":{\"@id\":\"https:\/\/www.tfngj.com\/#website\"},\"datePublished\":\"2025-08-29T05:58:08+00:00\",\"dateModified\":\"2025-11-05T02:28:12+00:00\",\"breadcrumb\":{\"@id\":\"https:\/\/www.tfngj.com\/privacy-policy\/#breadcrumb\"},\"inLanguage\":\"fr-FR\",\"potentialAction\":[{\"@type\":\"ReadAction\",\"target\":[\"https:\/\/www.tfngj.com\/privacy-policy\/\"]}]},{\"@type\":\"BreadcrumbList\",\"@id\":\"https:\/\/www.tfngj.com\/privacy-policy\/#breadcrumb\",\"itemListElement\":[{\"@type\":\"ListItem\",\"position\":1,\"name\":\"Home\",\"item\":\"https:\/\/www.tfngj.com\/\"},{\"@type\":\"ListItem\",\"position\":2,\"name\":\"Privacy Policy\"}]},{\"@type\":\"WebSite\",\"@id\":\"https:\/\/www.tfngj.com\/#website\",\"url\":\"https:\/\/www.tfngj.com\/\",\"name\":\"TFN-Communication Test Expert\",\"description\":\"Find Perfect Solutions in TFN\",\"publisher\":{\"@id\":\"https:\/\/www.tfngj.com\/#organization\"},\"alternateName\":\"TFN\",\"potentialAction\":[{\"@type\":\"SearchAction\",\"target\":{\"@type\":\"EntryPoint\",\"urlTemplate\":\"https:\/\/www.tfngj.com\/?s={search_term_string}\"},\"query-input\":{\"@type\":\"PropertyValueSpecification\",\"valueRequired\":true,\"valueName\":\"search_term_string\"}}],\"inLanguage\":\"fr-FR\"},{\"@type\":\"Organization\",\"@id\":\"https:\/\/www.tfngj.com\/#organization\",\"name\":\"TFN\",\"url\":\"https:\/\/www.tfngj.com\/\",\"logo\":{\"@type\":\"ImageObject\",\"inLanguage\":\"fr-FR\",\"@id\":\"https:\/\/www.tfngj.com\/#\/schema\/logo\/image\/\",\"url\":\"https:\/\/www.tfngj.com\/wp-content\/uploads\/2025\/09\/\u9ed1logo.png\",\"contentUrl\":\"https:\/\/www.tfngj.com\/wp-content\/uploads\/2025\/09\/\u9ed1logo.png\",\"width\":939,\"height\":232,\"caption\":\"TFN\"},\"image\":{\"@id\":\"https:\/\/www.tfngj.com\/#\/schema\/logo\/image\/\"},\"sameAs\":[\"https:\/\/www.youtube.com\/@FateTFN\/search\"]}]}<\/script>\n<!-- \/ Yoast SEO plugin. -->","yoast_head_json":{"title":"Politique de confidentialit\u00e9 - Communication Test Expert","robots":{"index":"index","follow":"follow","max-snippet":"max-snippet:-1","max-image-preview":"max-image-preview:large","max-video-preview":"max-video-preview:-1"},"canonical":"https:\/\/www.tfngj.com\/fr\/privacy-policy\/","og_locale":"fr_FR","og_type":"article","og_title":"Privacy Policy - Communication Test Expert","og_description":"Privacy Policy In case of any significant changes to this policy, we will post the updated version on this page and may seek your consent where necessary. 1. Definitions and Scope 1.1 &#8220;Personal Data&#8221; refers to any information that relates to an identified or identifiable individual, including information that can be combined with other information [&hellip;]","og_url":"https:\/\/www.tfngj.com\/fr\/privacy-policy\/","og_site_name":"Communication Test Expert","article_modified_time":"2025-11-05T02:28:12+00:00","og_image":[{"width":300,"height":300,"url":"https:\/\/www.tfngj.com\/wp-content\/uploads\/2025\/11\/TFN-LOGO.jpg","type":"image\/jpeg"}],"twitter_card":"summary_large_image","twitter_misc":{"Dur\u00e9e de lecture estim\u00e9e":"5 minutes"},"schema":{"@context":"https:\/\/schema.org","@graph":[{"@type":"WebPage","@id":"https:\/\/www.tfngj.com\/privacy-policy\/","url":"https:\/\/www.tfngj.com\/privacy-policy\/","name":"Politique de confidentialit\u00e9 - Communication Test Expert","isPartOf":{"@id":"https:\/\/www.tfngj.com\/#website"},"datePublished":"2025-08-29T05:58:08+00:00","dateModified":"2025-11-05T02:28:12+00:00","breadcrumb":{"@id":"https:\/\/www.tfngj.com\/privacy-policy\/#breadcrumb"},"inLanguage":"fr-FR","potentialAction":[{"@type":"ReadAction","target":["https:\/\/www.tfngj.com\/privacy-policy\/"]}]},{"@type":"BreadcrumbList","@id":"https:\/\/www.tfngj.com\/privacy-policy\/#breadcrumb","itemListElement":[{"@type":"ListItem","position":1,"name":"Home","item":"https:\/\/www.tfngj.com\/"},{"@type":"ListItem","position":2,"name":"Privacy Policy"}]},{"@type":"WebSite","@id":"https:\/\/www.tfngj.com\/#website","url":"https:\/\/www.tfngj.com\/","name":"TFN - Expert en essais de communication","description":"Trouver des solutions parfaites dans la TFN","publisher":{"@id":"https:\/\/www.tfngj.com\/#organization"},"alternateName":"TFN","potentialAction":[{"@type":"SearchAction","target":{"@type":"EntryPoint","urlTemplate":"https:\/\/www.tfngj.com\/?s={search_term_string}"},"query-input":{"@type":"PropertyValueSpecification","valueRequired":true,"valueName":"search_term_string"}}],"inLanguage":"fr-FR"},{"@type":"Organization","@id":"https:\/\/www.tfngj.com\/#organization","name":"TFN","url":"https:\/\/www.tfngj.com\/","logo":{"@type":"ImageObject","inLanguage":"fr-FR","@id":"https:\/\/www.tfngj.com\/#\/schema\/logo\/image\/","url":"https:\/\/www.tfngj.com\/wp-content\/uploads\/2025\/09\/\u9ed1logo.png","contentUrl":"https:\/\/www.tfngj.com\/wp-content\/uploads\/2025\/09\/\u9ed1logo.png","width":939,"height":232,"caption":"TFN"},"image":{"@id":"https:\/\/www.tfngj.com\/#\/schema\/logo\/image\/"},"sameAs":["https:\/\/www.youtube.com\/@FateTFN\/search"]}]}},"_links":{"self":[{"href":"https:\/\/www.tfngj.com\/fr\/wp-json\/wp\/v2\/pages\/3","targetHints":{"allow":["GET"]}}],"collection":[{"href":"https:\/\/www.tfngj.com\/fr\/wp-json\/wp\/v2\/pages"}],"about":[{"href":"https:\/\/www.tfngj.com\/fr\/wp-json\/wp\/v2\/types\/page"}],"author":[{"embeddable":true,"href":"https:\/\/www.tfngj.com\/fr\/wp-json\/wp\/v2\/users\/1"}],"replies":[{"embeddable":true,"href":"https:\/\/www.tfngj.com\/fr\/wp-json\/wp\/v2\/comments?post=3"}],"version-history":[{"count":2,"href":"https:\/\/www.tfngj.com\/fr\/wp-json\/wp\/v2\/pages\/3\/revisions"}],"predecessor-version":[{"id":4279,"href":"https:\/\/www.tfngj.com\/fr\/wp-json\/wp\/v2\/pages\/3\/revisions\/4279"}],"wp:attachment":[{"href":"https:\/\/www.tfngj.com\/fr\/wp-json\/wp\/v2\/media?parent=3"}],"curies":[{"name":"wp","href":"https:\/\/api.w.org\/{rel}","templated":true}]}}