{"id":2605,"date":"2025-10-24T08:56:11","date_gmt":"2025-10-24T00:56:11","guid":{"rendered":"https:\/\/ceshi.tfngw.com\/?page_id=2605"},"modified":"2025-11-21T17:22:58","modified_gmt":"2025-11-21T09:22:58","slug":"three-in-one-fiber-optic-tester","status":"publish","type":"page","link":"https:\/\/www.tfngj.com\/fr\/fiber-optic-testers\/three-in-one-fiber-optic-tester\/","title":{"rendered":"Testeur de fibre optique trois en un"},"content":{"rendered":"<div class=\"wp-block-cover alignfull is-light wp-duotone-unset-1\" style=\"border-radius:0px;margin-top:0;margin-bottom:0;padding-top:0;padding-bottom:0;font-size:clamp(3.615rem, 3.615rem + ((1vw - 0.2rem) * 4.856), 7.5rem);min-height:469px;aspect-ratio:unset;\"><img loading=\"lazy\" decoding=\"async\" width=\"2560\" height=\"1280\" class=\"wp-block-cover__image-background wp-image-2167 size-full\" alt=\"\" src=\"https:\/\/www.tfngj.com\/wp-content\/uploads\/2025\/10\/back-1-scaled.webp\" data-object-fit=\"cover\" srcset=\"https:\/\/www.tfngj.com\/wp-content\/uploads\/2025\/10\/back-1-scaled.webp 2560w, https:\/\/www.tfngj.com\/wp-content\/uploads\/2025\/10\/back-1-300x150.webp 300w, https:\/\/www.tfngj.com\/wp-content\/uploads\/2025\/10\/back-1-1024x512.webp 1024w, https:\/\/www.tfngj.com\/wp-content\/uploads\/2025\/10\/back-1-768x384.webp 768w, https:\/\/www.tfngj.com\/wp-content\/uploads\/2025\/10\/back-1-1536x768.webp 1536w, https:\/\/www.tfngj.com\/wp-content\/uploads\/2025\/10\/back-1-2048x1024.webp 2048w, https:\/\/www.tfngj.com\/wp-content\/uploads\/2025\/10\/back-1-18x9.webp 18w, https:\/\/www.tfngj.com\/wp-content\/uploads\/2025\/10\/back-1-600x300.webp 600w\" sizes=\"auto, (max-width: 2560px) 100vw, 2560px\" \/><span aria-hidden=\"true\" class=\"wp-block-cover__background has-background-dim-30 has-background-dim\" style=\"background-color:#349aca\"><\/span><div class=\"wp-block-cover__inner-container has-global-padding is-layout-constrained wp-container-core-cover-is-layout-ad1af2a0 wp-block-cover-is-layout-constrained\"><h1 class=\"wp-block-heading alignfull has-text-align-center has-neutral-0-color has-text-color has-link-color has-5-x-large-font-size wp-elements-678445b04bc9cc948bbdc1e62ccfb6d5\" style=\"margin-right:0;margin-left:0;text-transform:capitalize\" id=\"threeinone-fiber-optic-tester\">Testeur de fibre optique trois en un<\/h1>\n\n\n\n<p class=\"has-text-align-center has-neutral-0-color has-text-color has-link-color has-large-font-size wp-elements-9d146f9ebb761b95accb77159f6d5fe8\" style=\"margin-top:var(--wp--preset--spacing--x-small)\">Le V30T combine un VFL, un OPM et une lumi\u00e8re LED en une seule unit\u00e9, il est efficace et portable pour l'installation, la maintenance et le d\u00e9pannage des r\u00e9seaux de fibre optique.<\/p>\n<\/div><\/div>\n\n\n\n<div class=\"wp-block-group alignfull has-global-padding is-content-justification-center is-layout-constrained wp-container-core-group-is-layout-df757ecc wp-block-group-is-layout-constrained\" style=\"margin-top:0;margin-bottom:0;padding-top:calc( 0.5 * var(--wp--style--root--padding-right, var(--wp--custom--gap--horizontal)));padding-right:var(--wp--style--root--padding-right, var(--wp--custom--gap--horizontal));padding-bottom:calc( 0.5 * var(--wp--style--root--padding-right, var(--wp--custom--gap--horizontal)));padding-left:var(--wp--style--root--padding-left, var(--wp--custom--gap--horizontal))\">\n<div style=\"height:0px\" aria-hidden=\"true\" class=\"wp-block-spacer\"><\/div>\n\n\n\n<div style=\"height:calc( 0.25 * var(--wp--style--root--padding-right, var(--wp--custom--gap--horizontal)))\" aria-hidden=\"true\" class=\"wp-block-spacer\"><\/div>\n<\/div>\n\n\n\n<div class=\"wp-block-group alignwide is-nowrap is-layout-flex wp-container-core-group-is-layout-6c531013 wp-block-group-is-layout-flex\"><div class=\"yoast-breadcrumbs\"><span><span><a href=\"https:\/\/www.tfngj.com\/fr\/\">Accueil<\/a><\/span> &gt; <span><a href=\"https:\/\/www.tfngj.com\/fr\/fiber-optic-testers\/\">Testeurs de fibres optiques<\/a><\/span> &gt; <span class=\"breadcrumb_last\" aria-current=\"page\">Testeur de fibre optique trois en un<\/span><\/span><\/div><\/div>\n\n\n\n<div class=\"wp-block-columns alignwide are-vertically-aligned-center is-layout-flex wp-container-core-columns-is-layout-b9f7452e wp-block-columns-is-layout-flex\" style=\"margin-top:var(--wp--preset--spacing--x-large)\">\n<div class=\"wp-block-column is-vertically-aligned-center is-layout-flow wp-block-column-is-layout-flow\" style=\"flex-basis:33.33%\"><h2 class=\"wp-block-heading has-5-x-large-font-size\" id=\"highlights\"><mark style=\"background-color:rgba(0, 0, 0, 0);color:#2588cc\" class=\"has-inline-color\">Points forts<\/mark><\/h2>\n\n\n\n<figure data-wp-context=\"{&quot;imageId&quot;:&quot;69dbcdd1c1bc2&quot;}\" data-wp-interactive=\"core\/image\" data-wp-key=\"69dbcdd1c1bc2\" class=\"wp-block-image aligncenter size-full wp-lightbox-container\" style=\"margin-right:0;margin-left:0;padding-right:0;padding-left:0\"><img loading=\"lazy\" decoding=\"async\" width=\"800\" height=\"800\" data-wp-class--hide=\"state.isContentHidden\" data-wp-class--show=\"state.isContentVisible\" data-wp-init=\"callbacks.setButtonStyles\" data-wp-on--click=\"actions.showLightbox\" data-wp-on--load=\"callbacks.setButtonStyles\" data-wp-on-window--resize=\"callbacks.setButtonStyles\" src=\"https:\/\/www.tfngj.com\/wp-content\/uploads\/2025\/10\/V30-2.webp\" alt=\"\" class=\"wp-image-3952\" srcset=\"https:\/\/www.tfngj.com\/wp-content\/uploads\/2025\/10\/V30-2.webp 800w, https:\/\/www.tfngj.com\/wp-content\/uploads\/2025\/10\/V30-2-300x300.webp 300w, https:\/\/www.tfngj.com\/wp-content\/uploads\/2025\/10\/V30-2-150x150.webp 150w, https:\/\/www.tfngj.com\/wp-content\/uploads\/2025\/10\/V30-2-768x768.webp 768w, https:\/\/www.tfngj.com\/wp-content\/uploads\/2025\/10\/V30-2-12x12.webp 12w, https:\/\/www.tfngj.com\/wp-content\/uploads\/2025\/10\/V30-2-600x600.webp 600w, https:\/\/www.tfngj.com\/wp-content\/uploads\/2025\/10\/V30-2-100x100.webp 100w\" sizes=\"auto, (max-width: 800px) 100vw, 800px\" \/><button\n\t\t\tclass=\"lightbox-trigger\"\n\t\t\ttype=\"button\"\n\t\t\taria-haspopup=\"dialog\"\n\t\t\taria-label=\"Agrandir\"\n\t\t\tdata-wp-init=\"callbacks.initTriggerButton\"\n\t\t\tdata-wp-on--click=\"actions.showLightbox\"\n\t\t\tdata-wp-style--right=\"state.imageButtonRight\"\n\t\t\tdata-wp-style--top=\"state.imageButtonTop\"\n\t\t>\n\t\t\t<svg xmlns=\"http:\/\/www.w3.org\/2000\/svg\" width=\"12\" height=\"12\" fill=\"none\" viewbox=\"0 0 12 12\">\n\t\t\t\t<path fill=\"#fff\" d=\"M2 0a2 2 0 0 0-2 2v2h1.5V2a.5.5 0 0 1 .5-.5h2V0H2Zm2 10.5H2a.5.5 0 0 1-.5-.5V8H0v2a2 2 0 0 0 2 2h2v-1.5ZM8 12v-1.5h2a.5.5 0 0 0 .5-.5V8H12v2a2 2 0 0 1-2 2H8Zm2-12a2 2 0 0 1 2 2v2h-1.5V2a.5.5 0 0 0-.5-.5H8V0h2Z\" \/>\n\t\t\t<\/svg>\n\t\t<\/button><\/figure>\n<\/div>\n\n\n\n<div class=\"wp-block-column is-vertically-aligned-center is-layout-flow wp-block-column-is-layout-flow\" style=\"flex-basis:66.66%\"><ul style=\"margin-right:var(--wp--preset--spacing--large);--plover--style--block-gap:0;\" class=\"wp-block-list\">\n<li>Mesureur de puissance optique, localisateur visuel de d\u00e9fauts et \u00e9clairage LED tout-en-un. Une seule unit\u00e9 remplace plusieurs appareils.<\/li>\n\n\n\n<li>Batterie au lithium de 2600mAh pour une autonomie prolong\u00e9e. Port Type-C, branchement r\u00e9versible pour un chargement pratique.<\/li>\n\n\n\n<li>Lumi\u00e8res LED \u00e0 haute luminosit\u00e9 pour faciliter la construction dans les environnements sombres<\/li>\n\n\n\n<li>Robuste et portable, pr\u00eat \u00e0 l'emploi \u00e0 tout moment<\/li>\n\n\n\n<li>R\u00e9siste \u00e0 des chutes de 1 m\u00e8tre, convient \u00e0 divers environnements de construction<\/li>\n<\/ul>\n\n\n<ul class=\"wp-block-list is-style-check-circle\" style=\"\">\n<li>Gamme d'affichage de la s\u00e9rie C : -50 \u00e0 +26 dBm<\/li>\n\n\n\n<li>Plage d'affichage de la s\u00e9rie T : -70 \u00e0 +6 dBm &nbsp;<\/li>\n<\/ul>\n\n\n\n<div class=\"wp-block-buttons is-content-justification-center is-layout-flex wp-container-core-buttons-is-layout-a89b3969 wp-block-buttons-is-layout-flex\">\n<div class=\"wp-block-button\"><a class=\"wp-block-button__link wp-element-button\" href=\"https:\/\/www.tfngj.com\/fr\/contact-us\/\">Demande de devis<\/a><\/div>\n<\/div>\n<\/div>\n<\/div>\n\n\n\n<div class=\"wp-block-columns alignwide is-layout-flex wp-container-core-columns-is-layout-5c5d7afb wp-block-columns-is-layout-flex\" style=\"margin-top:var(--wp--preset--spacing--large)\">\n<div class=\"wp-block-column is-layout-flow wp-block-column-is-layout-flow\">\n<figure class=\"wp-block-image aligncenter size-large is-resized\"><img decoding=\"async\" src=\"https:\/\/www.tfngj.com\/wp-content\/uploads\/2025\/11\/V30T-1.webp\" alt=\"\" style=\"width:411px;height:auto\"\/><\/figure>\n<\/div>\n\n\n\n<div class=\"wp-block-column is-layout-flow wp-block-column-is-layout-flow\">\n<figure class=\"wp-block-image aligncenter size-large is-resized\"><img decoding=\"async\" src=\"https:\/\/www.tfngj.com\/wp-content\/uploads\/2025\/11\/V30T-2.webp\" alt=\"\" style=\"width:434px;height:auto\"\/><\/figure>\n<\/div>\n<\/div>\n\n\n<h2 class=\"wp-block-heading alignwide has-text-align-left\" style=\"padding-top:var(--wp--preset--spacing--large);padding-left:0rem;font-size:clamp(1.743rem, 1.743rem + ((1vw - 0.2rem) * 1.571), 3rem);\" id=\"specifications\"><mark style=\"background-color:rgba(0, 0, 0, 0);color:#2588cc\" class=\"has-inline-color\">Sp\u00e9cifications<\/mark><\/h2>\n\n\n\n<figure class=\"wp-block-table alignwide is-style-stripes has-large-font-size\" style=\"margin-right:0rem;margin-left:0rem;padding-top:0;padding-right:0;padding-bottom:0;padding-left:0\"><table class=\"has-background\" style=\"background-color:#90caf191\"><tbody><tr><td class=\"has-text-align-center\" data-align=\"center\" colspan=\"2\"><strong>OPM<\/strong><\/td><\/tr><tr><td class=\"has-text-align-center\" data-align=\"center\">Longueur d'onde de r\u00e9ponse<\/td><td class=\"has-text-align-center\" data-align=\"center\">700nm-1700nm<\/td><\/tr><tr><td class=\"has-text-align-center\" data-align=\"center\">Longueurs d'onde d'\u00e9talonnage<\/td><td class=\"has-text-align-center\" data-align=\"center\">850\/980\/1270\/1300\/1310\/1490\/1550\/1577\/1625\/1650nm<\/td><\/tr><tr><td class=\"has-text-align-center\" data-align=\"center\">Type de d\u00e9tecteur<\/td><td class=\"has-text-align-center\" data-align=\"center\">InGaAs<\/td><\/tr><tr><td class=\"has-text-align-center\" data-align=\"center\">Pr\u00e9cision de l'affichage<\/td><td class=\"has-text-align-center\" data-align=\"center\" colspan=\"8\">0,01 dBm<\/td><\/tr><tr><td class=\"has-text-align-center\" data-align=\"center\">Interface optique<\/td><td class=\"has-text-align-center\" data-align=\"center\" colspan=\"8\">Connecteur universel de 2,5 mm<\/td><\/tr><tr><td class=\"has-text-align-center\" data-align=\"center\" colspan=\"2\"><strong>VFL<\/strong><\/td><\/tr><tr><td class=\"has-text-align-center\" data-align=\"center\">Puissance de sortie<\/td><td class=\"has-text-align-center\" data-align=\"center\" colspan=\"8\">10mW \/ 20mW \/ 30mW (s\u00e9lectionnable)<\/td><\/tr><tr><td class=\"has-text-align-center\" data-align=\"center\">Longueur d'onde : <\/td><td class=\"has-text-align-center\" data-align=\"center\" colspan=\"8\">650\u00b120nm<\/td><\/tr><tr><td class=\"has-text-align-center\" data-align=\"center\">Mode de fonctionnement<\/td><td class=\"has-text-align-center\" data-align=\"center\" colspan=\"8\">Allumage progressif \/ clignotement \u00e0 2 Hz<\/td><\/tr><tr><td class=\"has-text-align-center\" data-align=\"center\" colspan=\"2\"><strong>Sp\u00e9cifications g\u00e9n\u00e9rales<\/strong><\/td><\/tr><tr><td class=\"has-text-align-center\" data-align=\"center\">&nbsp;Autonomie de la batterie<\/td><td class=\"has-text-align-center\" data-align=\"center\">Batterie au lithium-ion de 2600mAh. Autonomie de 6 heures (mode combin\u00e9) ou de 260 heures (mode compteur d'\u00e9nergie uniquement).<\/td><\/tr><tr><td class=\"has-text-align-center\" data-align=\"center\">Dimensions<\/td><td class=\"has-text-align-center\" data-align=\"center\">25mm\u00d7170mm, 125g<\/td><\/tr><\/tbody><\/table><\/figure>\n\n\n\n<div class=\"wp-block-buttons alignwide is-layout-flex wp-block-buttons-is-layout-flex\">\n<div class=\"wp-block-button is-style-ghost\"><a class=\"wp-block-button__link wp-element-button\" href=\"https:\/\/www.tfngj.com\/wp-content\/uploads\/2025\/pdf\/V30T-OPM-VFL-Machine.pdf\">T\u00e9l\u00e9charger le manuel V30T<\/a><\/div>\n<\/div>\n\n\n\n<div class=\"wp-block-group alignwide is-content-justification-center is-layout-flex wp-container-core-group-is-layout-40db024e wp-block-group-is-layout-flex\" style=\"margin-top:var(--wp--preset--spacing--large)\">\n<p><strong>Cas d'utilisation :<\/strong> Installation et maintenance de la fibre optique jusqu'au domicile (FTTH)<\/p>\n\n\n\n<p>&nbsp;Exploitation et maintenance des centres de donn\u00e9es<\/p>\n\n\n\n<p>&nbsp;Techniciens de terrain pour les projets de t\u00e9l\u00e9communications<\/p>\n\n\n\n<p>&nbsp;\u00c9quipes de d\u00e9pannage de r\u00e9seaux<\/p>\n\n\n\n<p>&nbsp;Laboratoires et \u00e9tablissements d'enseignement<\/p>\n<\/div>\n\n\n\n<div class=\"wp-block-columns alignwide are-vertically-aligned-center is-layout-flex wp-container-core-columns-is-layout-bd93ecdd wp-block-columns-is-layout-flex\" style=\"margin-top:var(--wp--preset--spacing--2-x-large)\">\n<div class=\"wp-block-column is-vertically-aligned-center is-layout-flow wp-block-column-is-layout-flow\" style=\"flex-basis:31%\">\n<figure class=\"wp-block-image size-full\"><img loading=\"lazy\" decoding=\"async\" width=\"800\" height=\"800\" src=\"https:\/\/www.tfngj.com\/wp-content\/uploads\/2025\/10\/V30-1.webp\" alt=\"\" class=\"wp-image-3954\" srcset=\"https:\/\/www.tfngj.com\/wp-content\/uploads\/2025\/10\/V30-1.webp 800w, https:\/\/www.tfngj.com\/wp-content\/uploads\/2025\/10\/V30-1-300x300.webp 300w, https:\/\/www.tfngj.com\/wp-content\/uploads\/2025\/10\/V30-1-150x150.webp 150w, https:\/\/www.tfngj.com\/wp-content\/uploads\/2025\/10\/V30-1-768x768.webp 768w, https:\/\/www.tfngj.com\/wp-content\/uploads\/2025\/10\/V30-1-12x12.webp 12w, https:\/\/www.tfngj.com\/wp-content\/uploads\/2025\/10\/V30-1-600x600.webp 600w, https:\/\/www.tfngj.com\/wp-content\/uploads\/2025\/10\/V30-1-100x100.webp 100w\" sizes=\"auto, (max-width: 800px) 100vw, 800px\" \/><\/figure>\n<\/div>\n\n\n\n<div class=\"wp-block-column is-vertically-aligned-center is-layout-flow wp-block-column-is-layout-flow\" style=\"flex-basis:69%\">\n<p><strong>Mesureur de puissance optique :<\/strong> Mesure avec pr\u00e9cision l'intensit\u00e9 du signal de la fibre optique en passant d'une touche \u00e0 l'autre entre dix longueurs d'onde.<\/p>\n\n\n\n<p><strong>Localisateur visuel de d\u00e9fauts : <\/strong>Lumi\u00e8re rouge puissante avec une port\u00e9e maximale de 30 kilom\u00e8tres pour une d\u00e9tection rapide des d\u00e9fauts de la fibre.<\/p>\n\n\n\n<p><strong>Lumi\u00e8re blanche LED :<\/strong> \u00c9clairage \u00e0 haute luminosit\u00e9 pour une inspection sans effort des c\u00e2bles dans les environnements sombres, garantissant une construction ininterrompue<\/p>\n<\/div>\n<\/div>\n\n\n\n<div style=\"height:91px\" aria-hidden=\"true\" class=\"wp-block-spacer\"><\/div>","protected":false},"excerpt":{"rendered":"<p>Highlights Specifications OPM Response Wavelength 700nm-1700nm Calibration Wavelengths 850\/980\/1270\/1300\/1310\/1490\/1550\/1577\/1625\/1650nm Detector Type InGaAs Display Accuracy 0.01 dBm Optical Interface 2.5mm Universal Connector VFL Output Power 10mW \/ 20mW \/ 30mW (selectable) Wavelength: 650\u00b120nm Operation Mode Steady-on \/ 2Hz Flashing General Specifications &nbsp;Battery Life 2600mAh Lithium-ion Battery. Work for 6 hours (Combined Mode) or 260 hours (Power [&hellip;]<\/p>","protected":false},"author":1,"featured_media":0,"parent":4225,"menu_order":0,"comment_status":"closed","ping_status":"closed","template":"","meta":{"footnotes":""},"class_list":["post-2605","page","type-page","status-publish","hentry"],"yoast_head":"<!-- This site is optimized with the Yoast SEO plugin v26.6 - https:\/\/yoast.com\/wordpress\/plugins\/seo\/ -->\n<title>Three-in-One Fiber Optic Tester - Communication Test Expert<\/title>\n<meta name=\"robots\" content=\"index, follow, max-snippet:-1, max-image-preview:large, max-video-preview:-1\" \/>\n<link rel=\"canonical\" href=\"https:\/\/www.tfngj.com\/fr\/fiber-optic-testers\/three-in-one-fiber-optic-tester\/\" \/>\n<meta property=\"og:locale\" content=\"fr_FR\" \/>\n<meta property=\"og:type\" content=\"article\" \/>\n<meta property=\"og:title\" content=\"Three-in-One Fiber Optic Tester - Communication Test Expert\" \/>\n<meta property=\"og:description\" content=\"Highlights Specifications OPM Response Wavelength 700nm-1700nm Calibration Wavelengths 850\/980\/1270\/1300\/1310\/1490\/1550\/1577\/1625\/1650nm Detector Type InGaAs Display Accuracy 0.01 dBm Optical Interface 2.5mm Universal Connector VFL Output Power 10mW \/ 20mW \/ 30mW (selectable) Wavelength: 650\u00b120nm Operation Mode Steady-on \/ 2Hz Flashing General Specifications &nbsp;Battery Life 2600mAh Lithium-ion Battery. Work for 6 hours (Combined Mode) or 260 hours (Power [&hellip;]\" \/>\n<meta property=\"og:url\" content=\"https:\/\/www.tfngj.com\/fr\/fiber-optic-testers\/three-in-one-fiber-optic-tester\/\" \/>\n<meta property=\"og:site_name\" content=\"Communication Test Expert\" \/>\n<meta property=\"article:modified_time\" content=\"2025-11-21T09:22:58+00:00\" \/>\n<meta property=\"og:image\" content=\"https:\/\/www.tfngj.com\/wp-content\/uploads\/2025\/10\/back-1-scaled.webp\" \/>\n\t<meta property=\"og:image:width\" content=\"2560\" \/>\n\t<meta property=\"og:image:height\" content=\"1280\" \/>\n\t<meta property=\"og:image:type\" content=\"image\/webp\" \/>\n<meta name=\"twitter:card\" content=\"summary_large_image\" \/>\n<meta name=\"twitter:label1\" content=\"Dur\u00e9e de lecture estim\u00e9e\" \/>\n\t<meta name=\"twitter:data1\" content=\"3 minutes\" \/>\n<script type=\"application\/ld+json\" class=\"yoast-schema-graph\">{\"@context\":\"https:\/\/schema.org\",\"@graph\":[{\"@type\":\"WebPage\",\"@id\":\"https:\/\/www.tfngj.com\/fiber-optic-testers\/three-in-one-fiber-optic-tester\/\",\"url\":\"https:\/\/www.tfngj.com\/fiber-optic-testers\/three-in-one-fiber-optic-tester\/\",\"name\":\"Three-in-One Fiber Optic Tester - Communication Test Expert\",\"isPartOf\":{\"@id\":\"https:\/\/www.tfngj.com\/#website\"},\"primaryImageOfPage\":{\"@id\":\"https:\/\/www.tfngj.com\/fiber-optic-testers\/three-in-one-fiber-optic-tester\/#primaryimage\"},\"image\":{\"@id\":\"https:\/\/www.tfngj.com\/fiber-optic-testers\/three-in-one-fiber-optic-tester\/#primaryimage\"},\"thumbnailUrl\":\"https:\/\/www.tfngj.com\/wp-content\/uploads\/2025\/10\/back-1-scaled.webp\",\"datePublished\":\"2025-10-24T00:56:11+00:00\",\"dateModified\":\"2025-11-21T09:22:58+00:00\",\"breadcrumb\":{\"@id\":\"https:\/\/www.tfngj.com\/fiber-optic-testers\/three-in-one-fiber-optic-tester\/#breadcrumb\"},\"inLanguage\":\"fr-FR\",\"potentialAction\":[{\"@type\":\"ReadAction\",\"target\":[\"https:\/\/www.tfngj.com\/fiber-optic-testers\/three-in-one-fiber-optic-tester\/\"]}]},{\"@type\":\"ImageObject\",\"inLanguage\":\"fr-FR\",\"@id\":\"https:\/\/www.tfngj.com\/fiber-optic-testers\/three-in-one-fiber-optic-tester\/#primaryimage\",\"url\":\"https:\/\/www.tfngj.com\/wp-content\/uploads\/2025\/10\/back-1-scaled.webp\",\"contentUrl\":\"https:\/\/www.tfngj.com\/wp-content\/uploads\/2025\/10\/back-1-scaled.webp\"},{\"@type\":\"BreadcrumbList\",\"@id\":\"https:\/\/www.tfngj.com\/fiber-optic-testers\/three-in-one-fiber-optic-tester\/#breadcrumb\",\"itemListElement\":[{\"@type\":\"ListItem\",\"position\":1,\"name\":\"Home\",\"item\":\"https:\/\/www.tfngj.com\/\"},{\"@type\":\"ListItem\",\"position\":2,\"name\":\"Fiber Optic Testers\",\"item\":\"https:\/\/www.tfngj.com\/fiber-optic-testers\/\"},{\"@type\":\"ListItem\",\"position\":3,\"name\":\"Three-in-One Fiber Optic Tester\"}]},{\"@type\":\"WebSite\",\"@id\":\"https:\/\/www.tfngj.com\/#website\",\"url\":\"https:\/\/www.tfngj.com\/\",\"name\":\"TFN-Communication Test Expert\",\"description\":\"Find Perfect Solutions in TFN\",\"publisher\":{\"@id\":\"https:\/\/www.tfngj.com\/#organization\"},\"alternateName\":\"TFN\",\"potentialAction\":[{\"@type\":\"SearchAction\",\"target\":{\"@type\":\"EntryPoint\",\"urlTemplate\":\"https:\/\/www.tfngj.com\/?s={search_term_string}\"},\"query-input\":{\"@type\":\"PropertyValueSpecification\",\"valueRequired\":true,\"valueName\":\"search_term_string\"}}],\"inLanguage\":\"fr-FR\"},{\"@type\":\"Organization\",\"@id\":\"https:\/\/www.tfngj.com\/#organization\",\"name\":\"TFN\",\"url\":\"https:\/\/www.tfngj.com\/\",\"logo\":{\"@type\":\"ImageObject\",\"inLanguage\":\"fr-FR\",\"@id\":\"https:\/\/www.tfngj.com\/#\/schema\/logo\/image\/\",\"url\":\"https:\/\/www.tfngj.com\/wp-content\/uploads\/2025\/09\/\u9ed1logo.png\",\"contentUrl\":\"https:\/\/www.tfngj.com\/wp-content\/uploads\/2025\/09\/\u9ed1logo.png\",\"width\":939,\"height\":232,\"caption\":\"TFN\"},\"image\":{\"@id\":\"https:\/\/www.tfngj.com\/#\/schema\/logo\/image\/\"},\"sameAs\":[\"https:\/\/www.youtube.com\/@FateTFN\/search\"]}]}<\/script>\n<!-- \/ Yoast SEO plugin. -->","yoast_head_json":{"title":"Testeur de fibre optique trois en un - Communication Test Expert","robots":{"index":"index","follow":"follow","max-snippet":"max-snippet:-1","max-image-preview":"max-image-preview:large","max-video-preview":"max-video-preview:-1"},"canonical":"https:\/\/www.tfngj.com\/fr\/fiber-optic-testers\/three-in-one-fiber-optic-tester\/","og_locale":"fr_FR","og_type":"article","og_title":"Three-in-One Fiber Optic Tester - Communication Test Expert","og_description":"Highlights Specifications OPM Response Wavelength 700nm-1700nm Calibration Wavelengths 850\/980\/1270\/1300\/1310\/1490\/1550\/1577\/1625\/1650nm Detector Type InGaAs Display Accuracy 0.01 dBm Optical Interface 2.5mm Universal Connector VFL Output Power 10mW \/ 20mW \/ 30mW (selectable) Wavelength: 650\u00b120nm Operation Mode Steady-on \/ 2Hz Flashing General Specifications &nbsp;Battery Life 2600mAh Lithium-ion Battery. Work for 6 hours (Combined Mode) or 260 hours (Power [&hellip;]","og_url":"https:\/\/www.tfngj.com\/fr\/fiber-optic-testers\/three-in-one-fiber-optic-tester\/","og_site_name":"Communication Test Expert","article_modified_time":"2025-11-21T09:22:58+00:00","og_image":[{"width":2560,"height":1280,"url":"https:\/\/www.tfngj.com\/wp-content\/uploads\/2025\/10\/back-1-scaled.webp","type":"image\/webp"}],"twitter_card":"summary_large_image","twitter_misc":{"Dur\u00e9e de lecture estim\u00e9e":"3 minutes"},"schema":{"@context":"https:\/\/schema.org","@graph":[{"@type":"WebPage","@id":"https:\/\/www.tfngj.com\/fiber-optic-testers\/three-in-one-fiber-optic-tester\/","url":"https:\/\/www.tfngj.com\/fiber-optic-testers\/three-in-one-fiber-optic-tester\/","name":"Testeur de fibre optique trois en un - Communication Test Expert","isPartOf":{"@id":"https:\/\/www.tfngj.com\/#website"},"primaryImageOfPage":{"@id":"https:\/\/www.tfngj.com\/fiber-optic-testers\/three-in-one-fiber-optic-tester\/#primaryimage"},"image":{"@id":"https:\/\/www.tfngj.com\/fiber-optic-testers\/three-in-one-fiber-optic-tester\/#primaryimage"},"thumbnailUrl":"https:\/\/www.tfngj.com\/wp-content\/uploads\/2025\/10\/back-1-scaled.webp","datePublished":"2025-10-24T00:56:11+00:00","dateModified":"2025-11-21T09:22:58+00:00","breadcrumb":{"@id":"https:\/\/www.tfngj.com\/fiber-optic-testers\/three-in-one-fiber-optic-tester\/#breadcrumb"},"inLanguage":"fr-FR","potentialAction":[{"@type":"ReadAction","target":["https:\/\/www.tfngj.com\/fiber-optic-testers\/three-in-one-fiber-optic-tester\/"]}]},{"@type":"ImageObject","inLanguage":"fr-FR","@id":"https:\/\/www.tfngj.com\/fiber-optic-testers\/three-in-one-fiber-optic-tester\/#primaryimage","url":"https:\/\/www.tfngj.com\/wp-content\/uploads\/2025\/10\/back-1-scaled.webp","contentUrl":"https:\/\/www.tfngj.com\/wp-content\/uploads\/2025\/10\/back-1-scaled.webp"},{"@type":"BreadcrumbList","@id":"https:\/\/www.tfngj.com\/fiber-optic-testers\/three-in-one-fiber-optic-tester\/#breadcrumb","itemListElement":[{"@type":"ListItem","position":1,"name":"Home","item":"https:\/\/www.tfngj.com\/"},{"@type":"ListItem","position":2,"name":"Fiber Optic Testers","item":"https:\/\/www.tfngj.com\/fiber-optic-testers\/"},{"@type":"ListItem","position":3,"name":"Three-in-One Fiber Optic Tester"}]},{"@type":"WebSite","@id":"https:\/\/www.tfngj.com\/#website","url":"https:\/\/www.tfngj.com\/","name":"TFN - Expert en essais de communication","description":"Trouver des solutions parfaites dans la TFN","publisher":{"@id":"https:\/\/www.tfngj.com\/#organization"},"alternateName":"TFN","potentialAction":[{"@type":"SearchAction","target":{"@type":"EntryPoint","urlTemplate":"https:\/\/www.tfngj.com\/?s={search_term_string}"},"query-input":{"@type":"PropertyValueSpecification","valueRequired":true,"valueName":"search_term_string"}}],"inLanguage":"fr-FR"},{"@type":"Organization","@id":"https:\/\/www.tfngj.com\/#organization","name":"TFN","url":"https:\/\/www.tfngj.com\/","logo":{"@type":"ImageObject","inLanguage":"fr-FR","@id":"https:\/\/www.tfngj.com\/#\/schema\/logo\/image\/","url":"https:\/\/www.tfngj.com\/wp-content\/uploads\/2025\/09\/\u9ed1logo.png","contentUrl":"https:\/\/www.tfngj.com\/wp-content\/uploads\/2025\/09\/\u9ed1logo.png","width":939,"height":232,"caption":"TFN"},"image":{"@id":"https:\/\/www.tfngj.com\/#\/schema\/logo\/image\/"},"sameAs":["https:\/\/www.youtube.com\/@FateTFN\/search"]}]}},"_links":{"self":[{"href":"https:\/\/www.tfngj.com\/fr\/wp-json\/wp\/v2\/pages\/2605","targetHints":{"allow":["GET"]}}],"collection":[{"href":"https:\/\/www.tfngj.com\/fr\/wp-json\/wp\/v2\/pages"}],"about":[{"href":"https:\/\/www.tfngj.com\/fr\/wp-json\/wp\/v2\/types\/page"}],"author":[{"embeddable":true,"href":"https:\/\/www.tfngj.com\/fr\/wp-json\/wp\/v2\/users\/1"}],"replies":[{"embeddable":true,"href":"https:\/\/www.tfngj.com\/fr\/wp-json\/wp\/v2\/comments?post=2605"}],"version-history":[{"count":19,"href":"https:\/\/www.tfngj.com\/fr\/wp-json\/wp\/v2\/pages\/2605\/revisions"}],"predecessor-version":[{"id":4782,"href":"https:\/\/www.tfngj.com\/fr\/wp-json\/wp\/v2\/pages\/2605\/revisions\/4782"}],"up":[{"embeddable":true,"href":"https:\/\/www.tfngj.com\/fr\/wp-json\/wp\/v2\/pages\/4225"}],"wp:attachment":[{"href":"https:\/\/www.tfngj.com\/fr\/wp-json\/wp\/v2\/media?parent=2605"}],"curies":[{"name":"wp","href":"https:\/\/api.w.org\/{rel}","templated":true}]}}