{"id":1762,"date":"2025-10-13T09:27:42","date_gmt":"2025-10-13T01:27:42","guid":{"rendered":"https:\/\/ceshi.tfngw.com\/?page_id=1762"},"modified":"2026-02-02T17:05:45","modified_gmt":"2026-02-03T01:05:45","slug":"contact-us","status":"publish","type":"page","link":"https:\/\/www.tfngj.com\/fr\/contact-us\/","title":{"rendered":"Nous contacter"},"content":{"rendered":"<div class=\"wp-block-cover alignfull\" style=\"margin-top:0;margin-bottom:0;min-height:360px;aspect-ratio:unset;\"><img loading=\"lazy\" decoding=\"async\" width=\"1024\" height=\"341\" class=\"wp-block-cover__image-background wp-image-2083 size-large\" alt=\"\" src=\"https:\/\/www.tfngj.com\/wp-content\/uploads\/2025\/10\/contact-background-1024x341.webp\" style=\"object-position:65% 56%\" data-object-fit=\"cover\" data-object-position=\"65% 56%\" srcset=\"https:\/\/www.tfngj.com\/wp-content\/uploads\/2025\/10\/contact-background-1024x341.webp 1024w, https:\/\/www.tfngj.com\/wp-content\/uploads\/2025\/10\/contact-background-300x100.webp 300w, https:\/\/www.tfngj.com\/wp-content\/uploads\/2025\/10\/contact-background-768x256.webp 768w, https:\/\/www.tfngj.com\/wp-content\/uploads\/2025\/10\/contact-background-1536x512.webp 1536w, https:\/\/www.tfngj.com\/wp-content\/uploads\/2025\/10\/contact-background-18x6.webp 18w, https:\/\/www.tfngj.com\/wp-content\/uploads\/2025\/10\/contact-background-600x200.webp 600w, https:\/\/www.tfngj.com\/wp-content\/uploads\/2025\/10\/contact-background.webp 1920w\" sizes=\"auto, (max-width: 1024px) 100vw, 1024px\" \/><span aria-hidden=\"true\" class=\"wp-block-cover__background has-background-dim-30 has-background-dim\" style=\"background-color:#358dc9\"><\/span><div class=\"wp-block-cover__inner-container has-global-padding is-layout-constrained wp-block-cover-is-layout-constrained\"><h1 class=\"wp-block-heading alignwide has-text-align-left\" style=\"font-size:clamp(1.502rem, 1.502rem + ((1vw - 0.2rem) * 1.248), 2.5rem);\" id=\"get-in-touch\">Prendre contact<\/h1>\n\n\n<h2 class=\"wp-block-heading alignwide has-x-large-font-size\" id=\"have-a-question-our-team-is-ready-to-help\">Vous avez une question ? Notre \u00e9quipe est pr\u00eate \u00e0 vous aider.<\/h2>\n<\/div><\/div>\n\n\n\n<div class=\"wp-block-group alignfull has-global-padding is-content-justification-center is-layout-constrained wp-block-group-is-layout-constrained\">\n<div class=\"wp-block-columns alignwide is-layout-flex wp-container-core-columns-is-layout-28f84493 wp-block-columns-is-layout-flex\">\n<div class=\"wp-block-column is-layout-flow wp-block-column-is-layout-flow\">\n<div class=\"wp-block-columns is-layout-flex wp-container-core-columns-is-layout-0c299ef5 wp-block-columns-is-layout-flex\" style=\"margin-top:var(--wp--preset--spacing--small)\">\n<div class=\"wp-block-column is-layout-flow wp-block-column-is-layout-flow\" style=\"padding-bottom:var(--wp--preset--spacing--small);flex-basis:100%\"><h2 class=\"wp-block-heading has-2-x-large-font-size\" id=\"request-technical-quotation-support\"><strong><mark style=\"background-color:rgba(0, 0, 0, 0);color:#3785cd\" class=\"has-inline-color\">Demande d'assistance technique \/ de devis<\/mark><\/strong><\/h2>\n\n\n\n<p>Pour des devis, une coop\u00e9ration \u00e0 long terme, des questions techniques sur les produits et d'autres demandes, vous pouvez remplir le formulaire ci-dessous.<\/p>\n\n\n<div class=\"wpforms-container wpforms-container-full wpforms-block wpforms-block-c123801b-577c-4ed8-ba9f-93482f02163b\" id=\"wpforms-1467\"><form id=\"wpforms-form-1467\" class=\"wpforms-validate wpforms-form wpforms-ajax-form\" data-formid=\"1467\" method=\"post\" enctype=\"multipart\/form-data\" action=\"\/fr\/wp-json\/wp\/v2\/pages\/1762\" data-token=\"08b31f4a080c14bdd00ee314daa4175e\" data-token-time=\"1776012036\" data-trp-original-action=\"\/fr\/wp-json\/wp\/v2\/pages\/1762\"><noscript class=\"wpforms-error-noscript\">Veuillez activer JavaScript dans votre navigateur pour remplir ce formulaire.<\/noscript><div class=\"wpforms-field-container\"><div id=\"wpforms-1467-field_1-container\" class=\"wpforms-field wpforms-field-name\" data-field-id=\"1\"><label class=\"wpforms-field-label\" for=\"wpforms-1467-field_1\">Nom <span class=\"wpforms-required-label\">*<\/span><\/label><input type=\"text\" id=\"wpforms-1467-field_1\" class=\"wpforms-field-medium wpforms-field-required\" name=\"wpforms[fields][1]\" required><\/div><div id=\"wpforms-1467-field_2-container\" class=\"wpforms-field wpforms-field-email\" data-field-id=\"2\"><label class=\"wpforms-field-label\" for=\"wpforms-1467-field_2\">Courriel <span class=\"wpforms-required-label\">*<\/span><\/label><input type=\"email\" id=\"wpforms-1467-field_2\" class=\"wpforms-field-medium wpforms-field-required\" name=\"wpforms[fields][2]\" spellcheck=\"false\" required><\/div><div id=\"wpforms-1467-field_4-container\" class=\"wpforms-field wpforms-field-number\" data-field-id=\"4\"><label class=\"wpforms-field-label\" for=\"wpforms-1467-field_4\">WhatsApp+Code du pays<\/label><input type=\"number\" id=\"wpforms-1467-field_4\" class=\"wpforms-field-medium\" name=\"wpforms[fields][4]\" step=\"any\" ><\/div>\t\t<div id=\"wpforms-1467-field_5-container\"\n\t\t\tclass=\"wpforms-field wpforms-field-text\"\n\t\t\tdata-field-type=\"text\"\n\t\t\tdata-field-id=\"5\"\n\t\t\t>\n\t\t\t<label class=\"wpforms-field-label\" for=\"wpforms-1467-field_5\" >What Email Name<\/label>\n\t\t\t<input type=\"text\" id=\"wpforms-1467-field_5\" class=\"wpforms-field-medium\" name=\"wpforms[fields][5]\" >\n\t\t<\/div>\n\t\t<div id=\"wpforms-1467-field_7-container\" class=\"wpforms-field wpforms-field-select wpforms-field-select-style-modern\" data-field-id=\"7\"><label class=\"wpforms-field-label\" for=\"wpforms-1467-field_7\">Produits int\u00e9ress\u00e9s <span class=\"wpforms-required-label\">*<\/span><\/label><select id=\"wpforms-1467-field_7\" class=\"wpforms-field-medium wpforms-field-required choicesjs-select\" data-size-class=\"wpforms-field-row wpforms-field-medium\" data-search-enabled=\"1\" name=\"wpforms[fields][7][]\" required=\"required\" multiple=\"multiple\"><option value=\"\" class=\"placeholder\" disabled>- Choisissez un ou plusieurs -<\/option><option value=\"OTDR\"  class=\"choice-1 depth-1\"  >OTDR<\/option><option value=\"Fusion Splicers\"  class=\"choice-2 depth-1\"  >\u00c9pisseurs de fusion<\/option><option value=\"Ethernet Testers\"  class=\"choice-3 depth-1\"  >Testeurs Ethernet<\/option><option value=\"Spectrum Analyzers\"  class=\"choice-4 depth-1\"  >Analyseurs de spectre<\/option><option value=\"Antenna Analyzers\"  class=\"choice-5 depth-1\"  >Analyseurs d'antennes<\/option><option value=\"Signal Generators\"  class=\"choice-6 depth-1\"  >G\u00e9n\u00e9rateurs de signaux<\/option><option value=\"Cable Fault Testers\"  class=\"choice-7 depth-1\"  >Testeurs de d\u00e9fauts de c\u00e2bles<\/option><option value=\"Underground Pipe Locators\"  class=\"choice-8 depth-1\"  >Localisateurs de conduites souterraines<\/option><option value=\"Cable Blowing Machines\"  class=\"choice-9 depth-1\"  >Machines \u00e0 souffler les c\u00e2bles<\/option><option value=\"Others\"  class=\"choice-10 depth-1\"  >Autres<\/option><\/select><\/div><div id=\"wpforms-1467-field_3-container\" class=\"wpforms-field wpforms-field-textarea\" data-field-id=\"3\"><label class=\"wpforms-field-label\" for=\"wpforms-1467-field_3\">Que pouvons-nous faire pour vous ?<\/label><textarea id=\"wpforms-1467-field_3\" class=\"wpforms-field-medium\" name=\"wpforms[fields][3]\" ><\/textarea><\/div><script>\n\t\t\t\t( function() {\n\t\t\t\t\tconst style = document.createElement( 'style' );\n\t\t\t\t\tstyle.appendChild( document.createTextNode( '#wpforms-1467-field_5-container { position: absolute !important; overflow: hidden !important; display: inline !important; height: 1px !important; width: 1px !important; z-index: -1000 !important; padding: 0 !important; } #wpforms-1467-field_5-container input { visibility: hidden; } #wpforms-conversational-form-page #wpforms-1467-field_5-container label { counter-increment: none; }' ) );\n\t\t\t\t\tdocument.head.appendChild( style );\n\t\t\t\t\tdocument.currentScript?.remove();\n\t\t\t\t} )();\n\t\t\t<\/script><\/div><!-- .wpforms-field-container --><div class=\"wpforms-submit-container\" ><input type=\"hidden\" name=\"wpforms[id]\" value=\"1467\"><input type=\"hidden\" name=\"page_title\" value=\"\"><input type=\"hidden\" name=\"page_url\" value=\"https:\/\/www.tfngj.com\/fr\/wp-json\/wp\/v2\/pages\/1762\"><input type=\"hidden\" name=\"url_referer\" value=\"\"><button type=\"submit\" name=\"wpforms[submit]\" id=\"wpforms-submit-1467\" class=\"wpforms-submit\" data-alt-text=\"Sending...\" data-submit-text=\"SUBMIT\" aria-live=\"assertive\" value=\"wpforms-submit\">SOUMETTRE<\/button><img loading=\"lazy\" decoding=\"async\" src=\"https:\/\/www.tfngj.com\/wp-content\/plugins\/wpforms-lite\/assets\/images\/submit-spin.svg\" class=\"wpforms-submit-spinner\" style=\"display: none;\" width=\"26\" height=\"26\" alt=\"Chargement en cours\"><\/div><input type=\"hidden\" name=\"trp-form-language\" value=\"fr\"\/><\/form><\/div>  <!-- .wpforms-container --><\/div>\n<\/div>\n<\/div>\n<\/div>\n\n\n\n<div class=\"wp-block-columns alignwide is-layout-flex wp-container-core-columns-is-layout-28f84493 wp-block-columns-is-layout-flex\">\n<div class=\"wp-block-column is-layout-flow wp-block-column-is-layout-flow\"><h2 class=\"wp-block-heading has-2-x-large-font-size\" style=\"margin-top:var(--wp--preset--spacing--small)\" id=\"tfn-info\"><strong><mark style=\"background-color:rgba(0, 0, 0, 0);color:#3785cd\" class=\"has-inline-color\">TFN INFO.<\/mark><\/strong><\/h2>\n\n\n\n<div class=\"wp-block-group is-layout-flex wp-container-core-group-is-layout-34e6eae5 wp-block-group-is-layout-flex\"><p class=\"has-text-align-left is-style-icon\" style=\"line-height:1;\"><svg xmlns=\"http:\/\/www.w3.org\/2000\/svg\" viewbox=\"0 0 512 512\" width=\"24px\" height=\"24px\" fill=\"currentColor\" stroke=\"currentColor\"><path d=\"M48 64C21.5 64 0 85.5 0 112c0 15.1 7.1 29.3 19.2 38.4L236.8 313.6c11.4 8.5 27 8.5 38.4 0L492.8 150.4c12.1-9.1 19.2-23.3 19.2-38.4c0-26.5-21.5-48-48-48H48zM0 176V384c0 35.3 28.7 64 64 64H448c35.3 0 64-28.7 64-64V176L294.4 339.2c-22.8 17.1-54 17.1-76.8 0L0 176z\"><\/path><\/svg><\/p>\n\n\n\n<p>info@tfngj.com<\/p>\n\n\n\n<div style=\"height:100px;width:61px\" aria-hidden=\"true\" class=\"wp-block-spacer wp-container-content-94e6176e\"><\/div>\n\n\n\n<div class=\"wp-block-group is-nowrap is-layout-flex wp-container-core-group-is-layout-6c531013 wp-block-group-is-layout-flex\"><p class=\"has-text-align-center is-style-icon\" style=\"line-height:1;\"><svg xmlns=\"http:\/\/www.w3.org\/2000\/svg\" viewbox=\"0 0 512 512\" width=\"24px\" height=\"24px\" fill=\"currentColor\" stroke=\"currentColor\"><path d=\"M280 0C408.1 0 512 103.9 512 232c0 13.3-10.7 24-24 24s-24-10.7-24-24c0-101.6-82.4-184-184-184c-13.3 0-24-10.7-24-24s10.7-24 24-24zm8 192a32 32 0 1 1 0 64 32 32 0 1 1 0-64zm-32-72c0-13.3 10.7-24 24-24c75.1 0 136 60.9 136 136c0 13.3-10.7 24-24 24s-24-10.7-24-24c0-48.6-39.4-88-88-88c-13.3 0-24-10.7-24-24zM117.5 1.4c19.4-5.3 39.7 4.6 47.4 23.2l40 96c6.8 16.3 2.1 35.2-11.6 46.3L144 207.3c33.3 70.4 90.3 127.4 160.7 160.7L345 318.7c11.2-13.7 30-18.4 46.3-11.6l96 40c18.6 7.7 28.5 28 23.2 47.4l-24 88C481.8 499.9 466 512 448 512C200.6 512 0 311.4 0 64C0 46 12.1 30.2 29.5 25.4l88-24z\"><\/path><\/svg><\/p>\n\n\n\n<p>WhatsApp : +86-18765219251<\/p>\n<\/div>\n<\/div>\n\n\n\n<p><strong>Heures :<\/strong> Assistance \u00e0 la client\u00e8le 24 heures sur 24, 7 jours sur 7<\/p>\n\n\n\n<p><strong>Adresse : <\/strong><br>7th Floor, Building 1, Longhu Xingyun Block, No. 31 Wannianquan Road, Licang District, Qingdao, China<\/p>\n\n\n\n<div class=\"wp-block-columns are-vertically-aligned-center is-layout-flex wp-container-core-columns-is-layout-28f84493 wp-block-columns-is-layout-flex\">\n<div class=\"wp-block-column is-vertically-aligned-center is-layout-flow wp-block-column-is-layout-flow\">\n<figure class=\"wp-block-image aligncenter size-full is-resized\"><img loading=\"lazy\" decoding=\"async\" width=\"663\" height=\"600\" src=\"https:\/\/www.tfngj.com\/wp-content\/uploads\/2025\/09\/wahtsapp-code.jpg\" alt=\"scannez le code pour contacter nos vendeurs par whatsapp\" class=\"wp-image-1707\" style=\"aspect-ratio:1.1050258440558671;width:267px;height:auto\" srcset=\"https:\/\/www.tfngj.com\/wp-content\/uploads\/2025\/09\/wahtsapp-code.jpg 663w, https:\/\/www.tfngj.com\/wp-content\/uploads\/2025\/09\/wahtsapp-code-300x271.jpg 300w, https:\/\/www.tfngj.com\/wp-content\/uploads\/2025\/09\/wahtsapp-code-600x543.jpg 600w\" sizes=\"auto, (max-width: 663px) 100vw, 663px\" \/><figcaption class=\"wp-element-caption\"><mark style=\"background-color:rgba(0, 0, 0, 0);color:#3466b6\" class=\"has-inline-color\">WhatsAPP<\/mark><\/figcaption><\/figure>\n<\/div>\n\n\n\n<div class=\"wp-block-column is-vertically-aligned-center is-layout-flow wp-block-column-is-layout-flow\">\n<figure class=\"wp-block-image aligncenter size-large is-resized\"><img decoding=\"async\" src=\"https:\/\/www.tfngj.com\/wp-content\/uploads\/2025\/11\/wechat.jpg\" alt=\"\" style=\"width:231px;height:auto\"\/><figcaption class=\"wp-element-caption\"><mark style=\"background-color:rgba(0, 0, 0, 0);color:#3466b6\" class=\"has-inline-color\">WeChat<\/mark><\/figcaption><\/figure>\n<\/div>\n<\/div>\n\n\n\n<p>Nous serions ravis d'avoir de vos nouvelles. Scannez le code QR pour discuter avec nous sur WhatsApp ou WeChat. Vous pouvez \u00e9galement nous laisser un message en ligne. Notre \u00e9quipe vous r\u00e9pondra dans un d\u00e9lai de <strong>24 heures<\/strong>.<\/p>\n<\/div>\n<\/div>\n<\/div>\n\n\n\n<div class=\"wp-block-group alignfull has-global-padding is-content-justification-center is-layout-constrained wp-container-core-group-is-layout-df757ecc wp-block-group-is-layout-constrained\" style=\"margin-top:0;margin-bottom:0;padding-top:calc( 0.5 * var(--wp--style--root--padding-right, var(--wp--custom--gap--horizontal)));padding-right:var(--wp--style--root--padding-right, var(--wp--custom--gap--horizontal));padding-bottom:calc( 0.5 * var(--wp--style--root--padding-right, var(--wp--custom--gap--horizontal)));padding-left:var(--wp--style--root--padding-left, var(--wp--custom--gap--horizontal))\">\n<div class=\"wp-block-columns alignwide are-vertically-aligned-top is-layout-flex wp-container-core-columns-is-layout-36fa44e5 wp-block-columns-is-layout-flex\" style=\"margin-top:var(--wp--preset--spacing--x-small);margin-bottom:var(--wp--preset--spacing--2-x-large);padding-right:var(--wp--preset--spacing--x-large);padding-left:var(--wp--preset--spacing--x-large)\">\n<div class=\"wp-block-column is-vertically-aligned-top is-layout-flow wp-block-column-is-layout-flow\">\n<div style=\"height:0px\" aria-hidden=\"true\" class=\"wp-block-spacer\"><\/div>\n<\/div>\n<\/div>\n\n\n\n<div style=\"height:calc( 0.25 * var(--wp--style--root--padding-right, var(--wp--custom--gap--horizontal)))\" aria-hidden=\"true\" class=\"wp-block-spacer\"><\/div>\n<\/div>","protected":false},"excerpt":{"rendered":"<p>Request Technical \/ Quotation Support For quotations, long-term cooperation, technical questions about products, and other demands, you can complete the form below. TFN INFO. info@tfngj.com WhatsApp: +86-18765219251 Hours: 24\/7 Customer Support Address: 7th Floor, Building 1, Longhu Xingyun Block, No. 31 Wannianquan Road, Licang District, Qingdao, China We&#8217;d love to hear from you. Scan the [&hellip;]<\/p>","protected":false},"author":1,"featured_media":0,"parent":0,"menu_order":0,"comment_status":"closed","ping_status":"closed","template":"","meta":{"footnotes":""},"class_list":["post-1762","page","type-page","status-publish","hentry"],"yoast_head":"<!-- This site is optimized with the Yoast SEO plugin v26.6 - https:\/\/yoast.com\/wordpress\/plugins\/seo\/ -->\n<title>Contact Us - Communication Test Expert<\/title>\n<meta name=\"robots\" content=\"index, follow, max-snippet:-1, max-image-preview:large, max-video-preview:-1\" \/>\n<link rel=\"canonical\" href=\"https:\/\/www.tfngj.com\/fr\/contact-us\/\" \/>\n<meta property=\"og:locale\" content=\"fr_FR\" \/>\n<meta property=\"og:type\" content=\"article\" \/>\n<meta property=\"og:title\" content=\"Contact Us - Communication Test Expert\" \/>\n<meta property=\"og:description\" content=\"Request Technical \/ Quotation Support For quotations, long-term cooperation, technical questions about products, and other demands, you can complete the form below. TFN INFO. info@tfngj.com WhatsApp: +86-18765219251 Hours: 24\/7 Customer Support Address: 7th Floor, Building 1, Longhu Xingyun Block, No. 31 Wannianquan Road, Licang District, Qingdao, China We&#8217;d love to hear from you. Scan the [&hellip;]\" \/>\n<meta property=\"og:url\" content=\"https:\/\/www.tfngj.com\/fr\/contact-us\/\" \/>\n<meta property=\"og:site_name\" content=\"Communication Test Expert\" \/>\n<meta property=\"article:modified_time\" content=\"2026-02-03T01:05:45+00:00\" \/>\n<meta property=\"og:image\" content=\"https:\/\/www.tfngj.com\/wp-content\/uploads\/2025\/10\/contact-background.webp\" \/>\n\t<meta property=\"og:image:width\" content=\"1920\" \/>\n\t<meta property=\"og:image:height\" content=\"640\" \/>\n\t<meta property=\"og:image:type\" content=\"image\/webp\" \/>\n<meta name=\"twitter:card\" content=\"summary_large_image\" \/>\n<meta name=\"twitter:label1\" content=\"Dur\u00e9e de lecture estim\u00e9e\" \/>\n\t<meta name=\"twitter:data1\" content=\"2 minutes\" \/>\n<script type=\"application\/ld+json\" class=\"yoast-schema-graph\">{\"@context\":\"https:\/\/schema.org\",\"@graph\":[{\"@type\":\"WebPage\",\"@id\":\"https:\/\/www.tfngj.com\/contact-us\/\",\"url\":\"https:\/\/www.tfngj.com\/contact-us\/\",\"name\":\"Contact Us - Communication Test Expert\",\"isPartOf\":{\"@id\":\"https:\/\/www.tfngj.com\/#website\"},\"primaryImageOfPage\":{\"@id\":\"https:\/\/www.tfngj.com\/contact-us\/#primaryimage\"},\"image\":{\"@id\":\"https:\/\/www.tfngj.com\/contact-us\/#primaryimage\"},\"thumbnailUrl\":\"https:\/\/www.tfngj.com\/wp-content\/uploads\/2025\/10\/contact-background-1024x341.webp\",\"datePublished\":\"2025-10-13T01:27:42+00:00\",\"dateModified\":\"2026-02-03T01:05:45+00:00\",\"breadcrumb\":{\"@id\":\"https:\/\/www.tfngj.com\/contact-us\/#breadcrumb\"},\"inLanguage\":\"fr-FR\",\"potentialAction\":[{\"@type\":\"ReadAction\",\"target\":[\"https:\/\/www.tfngj.com\/contact-us\/\"]}]},{\"@type\":\"ImageObject\",\"inLanguage\":\"fr-FR\",\"@id\":\"https:\/\/www.tfngj.com\/contact-us\/#primaryimage\",\"url\":\"https:\/\/www.tfngj.com\/wp-content\/uploads\/2025\/10\/contact-background-1024x341.webp\",\"contentUrl\":\"https:\/\/www.tfngj.com\/wp-content\/uploads\/2025\/10\/contact-background-1024x341.webp\"},{\"@type\":\"BreadcrumbList\",\"@id\":\"https:\/\/www.tfngj.com\/contact-us\/#breadcrumb\",\"itemListElement\":[{\"@type\":\"ListItem\",\"position\":1,\"name\":\"Home\",\"item\":\"https:\/\/www.tfngj.com\/\"},{\"@type\":\"ListItem\",\"position\":2,\"name\":\"Contact Us\"}]},{\"@type\":\"WebSite\",\"@id\":\"https:\/\/www.tfngj.com\/#website\",\"url\":\"https:\/\/www.tfngj.com\/\",\"name\":\"TFN-Communication Test Expert\",\"description\":\"Find Perfect Solutions in TFN\",\"publisher\":{\"@id\":\"https:\/\/www.tfngj.com\/#organization\"},\"alternateName\":\"TFN\",\"potentialAction\":[{\"@type\":\"SearchAction\",\"target\":{\"@type\":\"EntryPoint\",\"urlTemplate\":\"https:\/\/www.tfngj.com\/?s={search_term_string}\"},\"query-input\":{\"@type\":\"PropertyValueSpecification\",\"valueRequired\":true,\"valueName\":\"search_term_string\"}}],\"inLanguage\":\"fr-FR\"},{\"@type\":\"Organization\",\"@id\":\"https:\/\/www.tfngj.com\/#organization\",\"name\":\"TFN\",\"url\":\"https:\/\/www.tfngj.com\/\",\"logo\":{\"@type\":\"ImageObject\",\"inLanguage\":\"fr-FR\",\"@id\":\"https:\/\/www.tfngj.com\/#\/schema\/logo\/image\/\",\"url\":\"https:\/\/www.tfngj.com\/wp-content\/uploads\/2025\/09\/\u9ed1logo.png\",\"contentUrl\":\"https:\/\/www.tfngj.com\/wp-content\/uploads\/2025\/09\/\u9ed1logo.png\",\"width\":939,\"height\":232,\"caption\":\"TFN\"},\"image\":{\"@id\":\"https:\/\/www.tfngj.com\/#\/schema\/logo\/image\/\"},\"sameAs\":[\"https:\/\/www.youtube.com\/@FateTFN\/search\"]}]}<\/script>\n<!-- \/ Yoast SEO plugin. -->","yoast_head_json":{"title":"Contactez-nous - Communication Test Expert","robots":{"index":"index","follow":"follow","max-snippet":"max-snippet:-1","max-image-preview":"max-image-preview:large","max-video-preview":"max-video-preview:-1"},"canonical":"https:\/\/www.tfngj.com\/fr\/contact-us\/","og_locale":"fr_FR","og_type":"article","og_title":"Contact Us - Communication Test Expert","og_description":"Request Technical \/ Quotation Support For quotations, long-term cooperation, technical questions about products, and other demands, you can complete the form below. TFN INFO. info@tfngj.com WhatsApp: +86-18765219251 Hours: 24\/7 Customer Support Address: 7th Floor, Building 1, Longhu Xingyun Block, No. 31 Wannianquan Road, Licang District, Qingdao, China We&#8217;d love to hear from you. Scan the [&hellip;]","og_url":"https:\/\/www.tfngj.com\/fr\/contact-us\/","og_site_name":"Communication Test Expert","article_modified_time":"2026-02-03T01:05:45+00:00","og_image":[{"width":1920,"height":640,"url":"https:\/\/www.tfngj.com\/wp-content\/uploads\/2025\/10\/contact-background.webp","type":"image\/webp"}],"twitter_card":"summary_large_image","twitter_misc":{"Dur\u00e9e de lecture estim\u00e9e":"2 minutes"},"schema":{"@context":"https:\/\/schema.org","@graph":[{"@type":"WebPage","@id":"https:\/\/www.tfngj.com\/contact-us\/","url":"https:\/\/www.tfngj.com\/contact-us\/","name":"Contactez-nous - Communication Test Expert","isPartOf":{"@id":"https:\/\/www.tfngj.com\/#website"},"primaryImageOfPage":{"@id":"https:\/\/www.tfngj.com\/contact-us\/#primaryimage"},"image":{"@id":"https:\/\/www.tfngj.com\/contact-us\/#primaryimage"},"thumbnailUrl":"https:\/\/www.tfngj.com\/wp-content\/uploads\/2025\/10\/contact-background-1024x341.webp","datePublished":"2025-10-13T01:27:42+00:00","dateModified":"2026-02-03T01:05:45+00:00","breadcrumb":{"@id":"https:\/\/www.tfngj.com\/contact-us\/#breadcrumb"},"inLanguage":"fr-FR","potentialAction":[{"@type":"ReadAction","target":["https:\/\/www.tfngj.com\/contact-us\/"]}]},{"@type":"ImageObject","inLanguage":"fr-FR","@id":"https:\/\/www.tfngj.com\/contact-us\/#primaryimage","url":"https:\/\/www.tfngj.com\/wp-content\/uploads\/2025\/10\/contact-background-1024x341.webp","contentUrl":"https:\/\/www.tfngj.com\/wp-content\/uploads\/2025\/10\/contact-background-1024x341.webp"},{"@type":"BreadcrumbList","@id":"https:\/\/www.tfngj.com\/contact-us\/#breadcrumb","itemListElement":[{"@type":"ListItem","position":1,"name":"Home","item":"https:\/\/www.tfngj.com\/"},{"@type":"ListItem","position":2,"name":"Contact Us"}]},{"@type":"WebSite","@id":"https:\/\/www.tfngj.com\/#website","url":"https:\/\/www.tfngj.com\/","name":"TFN - Expert en essais de communication","description":"Trouver des solutions parfaites dans la TFN","publisher":{"@id":"https:\/\/www.tfngj.com\/#organization"},"alternateName":"TFN","potentialAction":[{"@type":"SearchAction","target":{"@type":"EntryPoint","urlTemplate":"https:\/\/www.tfngj.com\/?s={search_term_string}"},"query-input":{"@type":"PropertyValueSpecification","valueRequired":true,"valueName":"search_term_string"}}],"inLanguage":"fr-FR"},{"@type":"Organization","@id":"https:\/\/www.tfngj.com\/#organization","name":"TFN","url":"https:\/\/www.tfngj.com\/","logo":{"@type":"ImageObject","inLanguage":"fr-FR","@id":"https:\/\/www.tfngj.com\/#\/schema\/logo\/image\/","url":"https:\/\/www.tfngj.com\/wp-content\/uploads\/2025\/09\/\u9ed1logo.png","contentUrl":"https:\/\/www.tfngj.com\/wp-content\/uploads\/2025\/09\/\u9ed1logo.png","width":939,"height":232,"caption":"TFN"},"image":{"@id":"https:\/\/www.tfngj.com\/#\/schema\/logo\/image\/"},"sameAs":["https:\/\/www.youtube.com\/@FateTFN\/search"]}]}},"_links":{"self":[{"href":"https:\/\/www.tfngj.com\/fr\/wp-json\/wp\/v2\/pages\/1762","targetHints":{"allow":["GET"]}}],"collection":[{"href":"https:\/\/www.tfngj.com\/fr\/wp-json\/wp\/v2\/pages"}],"about":[{"href":"https:\/\/www.tfngj.com\/fr\/wp-json\/wp\/v2\/types\/page"}],"author":[{"embeddable":true,"href":"https:\/\/www.tfngj.com\/fr\/wp-json\/wp\/v2\/users\/1"}],"replies":[{"embeddable":true,"href":"https:\/\/www.tfngj.com\/fr\/wp-json\/wp\/v2\/comments?post=1762"}],"version-history":[{"count":43,"href":"https:\/\/www.tfngj.com\/fr\/wp-json\/wp\/v2\/pages\/1762\/revisions"}],"predecessor-version":[{"id":5889,"href":"https:\/\/www.tfngj.com\/fr\/wp-json\/wp\/v2\/pages\/1762\/revisions\/5889"}],"wp:attachment":[{"href":"https:\/\/www.tfngj.com\/fr\/wp-json\/wp\/v2\/media?parent=1762"}],"curies":[{"name":"wp","href":"https:\/\/api.w.org\/{rel}","templated":true}]}}