{"id":4656,"date":"2025-11-18T13:51:44","date_gmt":"2025-11-18T05:51:44","guid":{"rendered":"https:\/\/www.tfngj.com\/?page_id=4656"},"modified":"2025-11-20T15:03:59","modified_gmt":"2025-11-20T07:03:59","slug":"smart-applications","status":"publish","type":"page","link":"https:\/\/www.tfngj.com\/es\/smart-applications\/","title":{"rendered":"Aplicaciones inteligentes"},"content":{"rendered":"<div class=\"wp-block-cover alignfull\" style=\"min-height:487px;aspect-ratio:unset;\"><img loading=\"lazy\" decoding=\"async\" width=\"2560\" height=\"1440\" class=\"wp-block-cover__image-background wp-image-1624 size-large\" alt=\"antecedentes del formulario de contacto\" src=\"https:\/\/www.tfngj.com\/wp-content\/uploads\/2025\/09\/pexels-steve-12843342-scaled.jpg\" data-object-fit=\"cover\" srcset=\"https:\/\/www.tfngj.com\/wp-content\/uploads\/2025\/09\/pexels-steve-12843342-scaled.jpg 2560w, https:\/\/www.tfngj.com\/wp-content\/uploads\/2025\/09\/pexels-steve-12843342-300x169.jpg 300w, https:\/\/www.tfngj.com\/wp-content\/uploads\/2025\/09\/pexels-steve-12843342-1024x576.jpg 1024w, https:\/\/www.tfngj.com\/wp-content\/uploads\/2025\/09\/pexels-steve-12843342-768x432.jpg 768w, https:\/\/www.tfngj.com\/wp-content\/uploads\/2025\/09\/pexels-steve-12843342-1536x864.jpg 1536w, https:\/\/www.tfngj.com\/wp-content\/uploads\/2025\/09\/pexels-steve-12843342-2048x1152.jpg 2048w, https:\/\/www.tfngj.com\/wp-content\/uploads\/2025\/09\/pexels-steve-12843342-600x338.jpg 600w\" sizes=\"auto, (max-width: 2560px) 100vw, 2560px\" \/><span aria-hidden=\"true\" class=\"wp-block-cover__background has-background-dim-10 has-background-dim\"><\/span><div class=\"wp-block-cover__inner-container is-layout-flow wp-block-cover-is-layout-flow\"><h1 class=\"wp-block-heading has-text-align-center has-5-x-large-font-size\" id=\"smart-applications\">Aplicaciones inteligentes<\/h1>\n<\/div><\/div>\n\n\n\n<p style=\"margin-top:var(--wp--preset--spacing--large)\">A medida que las tecnolog\u00edas de comunicaci\u00f3n modernas siguen madurando, la integraci\u00f3n de tecnolog\u00edas emergentes como big data, computaci\u00f3n en la nube, Internet de las cosas e inteligencia artificial se acelera, impulsando a varias industrias y productos a convertirse en inteligentes. Los instrumentos de prueba de comunicaci\u00f3n de TFN proporcionan soluciones integrales para la instalaci\u00f3n, las pruebas y el mantenimiento de la infraestructura de comunicaci\u00f3n, especialmente en entornos de ciudades inteligentes y fabricaci\u00f3n inteligente. Nuestras soluciones garantizan el funcionamiento estable de sistemas cr\u00edticos, mejoran la calidad de vida y de trabajo de los ciudadanos, y apoyan la transformaci\u00f3n inteligente y el r\u00e1pido desarrollo de las empresas manufactureras.<\/p>\n\n\n\n<div class=\"wp-block-columns alignwide are-vertically-aligned-center is-layout-flex wp-container-core-columns-is-layout-b9f7452e wp-block-columns-is-layout-flex\" style=\"margin-top:var(--wp--preset--spacing--x-large)\">\n<div class=\"wp-block-column is-vertically-aligned-center is-layout-flow wp-block-column-is-layout-flow\">\n<figure class=\"wp-block-image size-large\"><img decoding=\"async\" src=\"https:\/\/www.tfngj.com\/wp-content\/uploads\/2025\/11\/city-night.jpg\" alt=\"\" style=\"aspect-ratio:16\/9;object-fit:cover\"\/><\/figure>\n<\/div>\n\n\n\n<div class=\"wp-block-column is-vertically-aligned-center is-layout-flow wp-block-column-is-layout-flow\"><h2 class=\"wp-block-heading has-4-x-large-font-size\" id=\"smart-city\">Ciudad inteligente<\/h2>\n\n\n\n<p>Con el apoyo de las tecnolog\u00edas de la informaci\u00f3n y la comunicaci\u00f3n, mediante una adquisici\u00f3n de informaci\u00f3n transparente y suficiente, una transmisi\u00f3n de informaci\u00f3n amplia y segura y un procesamiento de la informaci\u00f3n eficaz y cient\u00edfico, podemos mejorar la eficiencia del funcionamiento urbano y mejorar el nivel de los servicios p\u00fablicos.<\/p>\n<\/div>\n<\/div>\n\n\n\n<div class=\"wp-block-columns alignwide are-vertically-aligned-center is-layout-flex wp-container-core-columns-is-layout-b9f7452e wp-block-columns-is-layout-flex\" style=\"margin-top:var(--wp--preset--spacing--x-large)\">\n<div class=\"wp-block-column is-vertically-aligned-center is-layout-flow wp-block-column-is-layout-flow\">\n<figure class=\"wp-block-image size-large\"><img decoding=\"async\" src=\"https:\/\/www.tfngj.com\/wp-content\/uploads\/2025\/11\/factory.jpg\" alt=\"\" style=\"aspect-ratio:16\/9;object-fit:cover\"\/><\/figure>\n<\/div>\n\n\n\n<div class=\"wp-block-column is-vertically-aligned-center is-layout-flow wp-block-column-is-layout-flow\"><h2 class=\"wp-block-heading has-4-x-large-font-size\" id=\"smart-manufacturing\">Fabricaci\u00f3n inteligente<\/h2>\n\n\n\n<p>Los instrumentos de prueba de TFN pueden utilizarse para probar equipos de recopilaci\u00f3n de datos, an\u00e1lisis y automatizaci\u00f3n de f\u00e1bricas inteligentes, ayudando a mejorar la productividad y la eficiencia, la calidad del producto y la experiencia del cliente.<\/p>\n<\/div>\n<\/div>\n\n\n<h2 class=\"wp-block-heading alignwide has-text-color has-link-color has-4-x-large-font-size wp-elements-e16e519447c96a360aabeccd06666c86\" style=\"color:#3672d2;margin-top:var(--wp--preset--spacing--2-x-large);margin-bottom:var(--wp--preset--spacing--large)\" id=\"related-products\">Productos relacionados<\/h2>\n\n\n\n<div class=\"wp-block-columns alignwide is-layout-flex wp-container-core-columns-is-layout-28f84493 wp-block-columns-is-layout-flex\">\n<div class=\"wp-block-column is-layout-flow wp-block-column-is-layout-flow\">\n<figure class=\"wp-block-image aligncenter size-full is-resized\"><img loading=\"lazy\" decoding=\"async\" width=\"800\" height=\"800\" src=\"https:\/\/www.tfngj.com\/wp-content\/uploads\/2025\/10\/\u4e3b\u56fe3.jpg\" alt=\"identificador de cable \u00f3ptico\" class=\"wp-image-2143\" style=\"width:350px;height:auto\" srcset=\"https:\/\/www.tfngj.com\/wp-content\/uploads\/2025\/10\/\u4e3b\u56fe3.jpg 800w, https:\/\/www.tfngj.com\/wp-content\/uploads\/2025\/10\/\u4e3b\u56fe3-300x300.jpg 300w, https:\/\/www.tfngj.com\/wp-content\/uploads\/2025\/10\/\u4e3b\u56fe3-150x150.jpg 150w, https:\/\/www.tfngj.com\/wp-content\/uploads\/2025\/10\/\u4e3b\u56fe3-768x768.jpg 768w, https:\/\/www.tfngj.com\/wp-content\/uploads\/2025\/10\/\u4e3b\u56fe3-12x12.jpg 12w, https:\/\/www.tfngj.com\/wp-content\/uploads\/2025\/10\/\u4e3b\u56fe3-600x600.jpg 600w, https:\/\/www.tfngj.com\/wp-content\/uploads\/2025\/10\/\u4e3b\u56fe3-100x100.jpg 100w\" sizes=\"auto, (max-width: 800px) 100vw, 800px\" \/><\/figure>\n\n\n\n<div class=\"wp-block-buttons is-content-justification-center is-layout-flex wp-container-core-buttons-is-layout-a89b3969 wp-block-buttons-is-layout-flex\">\n<div class=\"wp-block-button is-style-outline is-style-outline--1\"><a class=\"wp-block-button__link wp-element-button\" href=\"https:\/\/www.tfngj.com\/es\/ocid-gp200\/\">GP200 OCID &amp; OTDR<\/a><\/div>\n<\/div>\n\n\n\n<p class=\"has-text-align-center\">Admite detecci\u00f3n de 40 km\/100 km<\/p>\n<\/div>\n\n\n\n<div class=\"wp-block-column is-layout-flow wp-block-column-is-layout-flow\">\n<figure class=\"wp-block-image aligncenter size-full is-resized\"><img loading=\"lazy\" decoding=\"async\" width=\"800\" height=\"800\" src=\"https:\/\/www.tfngj.com\/wp-content\/uploads\/2025\/10\/T6300A-4.webp\" alt=\"\" class=\"wp-image-3897\" style=\"width:350px;height:auto\" srcset=\"https:\/\/www.tfngj.com\/wp-content\/uploads\/2025\/10\/T6300A-4.webp 800w, https:\/\/www.tfngj.com\/wp-content\/uploads\/2025\/10\/T6300A-4-300x300.webp 300w, https:\/\/www.tfngj.com\/wp-content\/uploads\/2025\/10\/T6300A-4-150x150.webp 150w, https:\/\/www.tfngj.com\/wp-content\/uploads\/2025\/10\/T6300A-4-768x768.webp 768w, https:\/\/www.tfngj.com\/wp-content\/uploads\/2025\/10\/T6300A-4-12x12.webp 12w, https:\/\/www.tfngj.com\/wp-content\/uploads\/2025\/10\/T6300A-4-600x600.webp 600w, https:\/\/www.tfngj.com\/wp-content\/uploads\/2025\/10\/T6300A-4-100x100.webp 100w\" sizes=\"auto, (max-width: 800px) 100vw, 800px\" \/><\/figure>\n\n\n\n<div class=\"wp-block-buttons is-content-justification-center is-layout-flex wp-container-core-buttons-is-layout-a89b3969 wp-block-buttons-is-layout-flex\">\n<div class=\"wp-block-button is-style-outline is-style-outline--2\"><a class=\"wp-block-button__link wp-element-button\" href=\"https:\/\/www.tfngj.com\/es\/comprobador-de-redes-t6300a\/\">Comprobador de redes T6300A<\/a><\/div>\n<\/div>\n\n\n\n<p class=\"has-text-align-center\">Ethernet 10\/100\/1000m<\/p>\n<\/div>\n\n\n\n<div class=\"wp-block-column is-layout-flow wp-block-column-is-layout-flow\">\n<figure class=\"wp-block-image aligncenter size-full is-resized\"><img loading=\"lazy\" decoding=\"async\" width=\"1200\" height=\"1200\" src=\"https:\/\/www.tfngj.com\/wp-content\/uploads\/2025\/10\/FMT-5.webp\" alt=\"analizador de se\u00f1ales rf\" class=\"wp-image-3827\" style=\"width:350px;height:auto\" srcset=\"https:\/\/www.tfngj.com\/wp-content\/uploads\/2025\/10\/FMT-5.webp 1200w, https:\/\/www.tfngj.com\/wp-content\/uploads\/2025\/10\/FMT-5-300x300.webp 300w, https:\/\/www.tfngj.com\/wp-content\/uploads\/2025\/10\/FMT-5-1024x1024.webp 1024w, https:\/\/www.tfngj.com\/wp-content\/uploads\/2025\/10\/FMT-5-150x150.webp 150w, https:\/\/www.tfngj.com\/wp-content\/uploads\/2025\/10\/FMT-5-768x768.webp 768w, https:\/\/www.tfngj.com\/wp-content\/uploads\/2025\/10\/FMT-5-12x12.webp 12w, https:\/\/www.tfngj.com\/wp-content\/uploads\/2025\/10\/FMT-5-600x600.webp 600w, https:\/\/www.tfngj.com\/wp-content\/uploads\/2025\/10\/FMT-5-100x100.webp 100w\" sizes=\"auto, (max-width: 1200px) 100vw, 1200px\" \/><\/figure>\n\n\n\n<div class=\"wp-block-buttons is-content-justification-center is-layout-flex wp-container-core-buttons-is-layout-a89b3969 wp-block-buttons-is-layout-flex\">\n<div class=\"wp-block-button is-style-outline is-style-outline--3\"><a class=\"wp-block-button__link wp-element-button\" href=\"https:\/\/www.tfngj.com\/es\/fmt715a-fmt760a-signal-analyzer\/\">Analizadores de se\u00f1ales<\/a><\/div>\n<\/div>\n\n\n\n<p class=\"has-text-align-center\">Frecuencia hasta 6 GHz<\/p>\n<\/div>\n<\/div>\n\n\n\n<div style=\"height:100px\" aria-hidden=\"true\" class=\"wp-block-spacer\"><\/div>","protected":false},"excerpt":{"rendered":"<p>As modern communication technologies continue to mature, the integration of emerging technologies such as big data, cloud computing, the Internet of Things, and artificial intelligence is accelerating, driving various industries and products toward becoming intelligent. TFN\u2019s communication test instruments provide comprehensive solutions for the installation, testing, and maintenance of communication infrastructure\u2014particularly in smart city and [&hellip;]<\/p>","protected":false},"author":1,"featured_media":0,"parent":0,"menu_order":0,"comment_status":"closed","ping_status":"closed","template":"","meta":{"footnotes":""},"class_list":["post-4656","page","type-page","status-publish","hentry"],"yoast_head":"<!-- This site is optimized with the Yoast SEO plugin v26.6 - https:\/\/yoast.com\/wordpress\/plugins\/seo\/ -->\n<title>Smart Applications - Communication Test Expert<\/title>\n<meta name=\"robots\" content=\"index, follow, max-snippet:-1, max-image-preview:large, max-video-preview:-1\" \/>\n<link rel=\"canonical\" href=\"https:\/\/www.tfngj.com\/es\/smart-applications\/\" \/>\n<meta property=\"og:locale\" content=\"es_ES\" \/>\n<meta property=\"og:type\" content=\"article\" \/>\n<meta property=\"og:title\" content=\"Smart Applications - Communication Test Expert\" \/>\n<meta property=\"og:description\" content=\"As modern communication technologies continue to mature, the integration of emerging technologies such as big data, cloud computing, the Internet of Things, and artificial intelligence is accelerating, driving various industries and products toward becoming intelligent. TFN\u2019s communication test instruments provide comprehensive solutions for the installation, testing, and maintenance of communication infrastructure\u2014particularly in smart city and [&hellip;]\" \/>\n<meta property=\"og:url\" content=\"https:\/\/www.tfngj.com\/es\/smart-applications\/\" \/>\n<meta property=\"og:site_name\" content=\"Communication Test Expert\" \/>\n<meta property=\"article:modified_time\" content=\"2025-11-20T07:03:59+00:00\" \/>\n<meta property=\"og:image\" content=\"https:\/\/www.tfngj.com\/wp-content\/uploads\/2025\/09\/pexels-steve-12843342-scaled.jpg\" \/>\n\t<meta property=\"og:image:width\" content=\"2560\" \/>\n\t<meta property=\"og:image:height\" content=\"1440\" \/>\n\t<meta property=\"og:image:type\" content=\"image\/jpeg\" \/>\n<meta name=\"twitter:card\" content=\"summary_large_image\" \/>\n<meta name=\"twitter:label1\" content=\"Tiempo de lectura\" \/>\n\t<meta name=\"twitter:data1\" content=\"1 minuto\" \/>\n<script type=\"application\/ld+json\" class=\"yoast-schema-graph\">{\"@context\":\"https:\/\/schema.org\",\"@graph\":[{\"@type\":\"WebPage\",\"@id\":\"https:\/\/www.tfngj.com\/smart-applications\/\",\"url\":\"https:\/\/www.tfngj.com\/smart-applications\/\",\"name\":\"Smart Applications - Communication Test Expert\",\"isPartOf\":{\"@id\":\"https:\/\/www.tfngj.com\/#website\"},\"primaryImageOfPage\":{\"@id\":\"https:\/\/www.tfngj.com\/smart-applications\/#primaryimage\"},\"image\":{\"@id\":\"https:\/\/www.tfngj.com\/smart-applications\/#primaryimage\"},\"thumbnailUrl\":\"https:\/\/www.tfngj.com\/wp-content\/uploads\/2025\/09\/pexels-steve-12843342-scaled.jpg\",\"datePublished\":\"2025-11-18T05:51:44+00:00\",\"dateModified\":\"2025-11-20T07:03:59+00:00\",\"breadcrumb\":{\"@id\":\"https:\/\/www.tfngj.com\/smart-applications\/#breadcrumb\"},\"inLanguage\":\"es\",\"potentialAction\":[{\"@type\":\"ReadAction\",\"target\":[\"https:\/\/www.tfngj.com\/smart-applications\/\"]}]},{\"@type\":\"ImageObject\",\"inLanguage\":\"es\",\"@id\":\"https:\/\/www.tfngj.com\/smart-applications\/#primaryimage\",\"url\":\"https:\/\/www.tfngj.com\/wp-content\/uploads\/2025\/09\/pexels-steve-12843342-scaled.jpg\",\"contentUrl\":\"https:\/\/www.tfngj.com\/wp-content\/uploads\/2025\/09\/pexels-steve-12843342-scaled.jpg\"},{\"@type\":\"BreadcrumbList\",\"@id\":\"https:\/\/www.tfngj.com\/smart-applications\/#breadcrumb\",\"itemListElement\":[{\"@type\":\"ListItem\",\"position\":1,\"name\":\"Home\",\"item\":\"https:\/\/www.tfngj.com\/\"},{\"@type\":\"ListItem\",\"position\":2,\"name\":\"Smart Applications\"}]},{\"@type\":\"WebSite\",\"@id\":\"https:\/\/www.tfngj.com\/#website\",\"url\":\"https:\/\/www.tfngj.com\/\",\"name\":\"TFN-Communication Test Expert\",\"description\":\"Find Perfect Solutions in TFN\",\"publisher\":{\"@id\":\"https:\/\/www.tfngj.com\/#organization\"},\"alternateName\":\"TFN\",\"potentialAction\":[{\"@type\":\"SearchAction\",\"target\":{\"@type\":\"EntryPoint\",\"urlTemplate\":\"https:\/\/www.tfngj.com\/?s={search_term_string}\"},\"query-input\":{\"@type\":\"PropertyValueSpecification\",\"valueRequired\":true,\"valueName\":\"search_term_string\"}}],\"inLanguage\":\"es\"},{\"@type\":\"Organization\",\"@id\":\"https:\/\/www.tfngj.com\/#organization\",\"name\":\"TFN\",\"url\":\"https:\/\/www.tfngj.com\/\",\"logo\":{\"@type\":\"ImageObject\",\"inLanguage\":\"es\",\"@id\":\"https:\/\/www.tfngj.com\/#\/schema\/logo\/image\/\",\"url\":\"https:\/\/www.tfngj.com\/wp-content\/uploads\/2025\/09\/\u9ed1logo.png\",\"contentUrl\":\"https:\/\/www.tfngj.com\/wp-content\/uploads\/2025\/09\/\u9ed1logo.png\",\"width\":939,\"height\":232,\"caption\":\"TFN\"},\"image\":{\"@id\":\"https:\/\/www.tfngj.com\/#\/schema\/logo\/image\/\"},\"sameAs\":[\"https:\/\/www.youtube.com\/@FateTFN\/search\"]}]}<\/script>\n<!-- \/ Yoast SEO plugin. -->","yoast_head_json":{"title":"Aplicaciones inteligentes - Experto en pruebas de comunicaci\u00f3n","robots":{"index":"index","follow":"follow","max-snippet":"max-snippet:-1","max-image-preview":"max-image-preview:large","max-video-preview":"max-video-preview:-1"},"canonical":"https:\/\/www.tfngj.com\/es\/smart-applications\/","og_locale":"es_ES","og_type":"article","og_title":"Smart Applications - Communication Test Expert","og_description":"As modern communication technologies continue to mature, the integration of emerging technologies such as big data, cloud computing, the Internet of Things, and artificial intelligence is accelerating, driving various industries and products toward becoming intelligent. TFN\u2019s communication test instruments provide comprehensive solutions for the installation, testing, and maintenance of communication infrastructure\u2014particularly in smart city and [&hellip;]","og_url":"https:\/\/www.tfngj.com\/es\/smart-applications\/","og_site_name":"Communication Test Expert","article_modified_time":"2025-11-20T07:03:59+00:00","og_image":[{"width":2560,"height":1440,"url":"https:\/\/www.tfngj.com\/wp-content\/uploads\/2025\/09\/pexels-steve-12843342-scaled.jpg","type":"image\/jpeg"}],"twitter_card":"summary_large_image","twitter_misc":{"Tiempo de lectura":"1 minuto"},"schema":{"@context":"https:\/\/schema.org","@graph":[{"@type":"WebPage","@id":"https:\/\/www.tfngj.com\/smart-applications\/","url":"https:\/\/www.tfngj.com\/smart-applications\/","name":"Aplicaciones inteligentes - Experto en pruebas de comunicaci\u00f3n","isPartOf":{"@id":"https:\/\/www.tfngj.com\/#website"},"primaryImageOfPage":{"@id":"https:\/\/www.tfngj.com\/smart-applications\/#primaryimage"},"image":{"@id":"https:\/\/www.tfngj.com\/smart-applications\/#primaryimage"},"thumbnailUrl":"https:\/\/www.tfngj.com\/wp-content\/uploads\/2025\/09\/pexels-steve-12843342-scaled.jpg","datePublished":"2025-11-18T05:51:44+00:00","dateModified":"2025-11-20T07:03:59+00:00","breadcrumb":{"@id":"https:\/\/www.tfngj.com\/smart-applications\/#breadcrumb"},"inLanguage":"es","potentialAction":[{"@type":"ReadAction","target":["https:\/\/www.tfngj.com\/smart-applications\/"]}]},{"@type":"ImageObject","inLanguage":"es","@id":"https:\/\/www.tfngj.com\/smart-applications\/#primaryimage","url":"https:\/\/www.tfngj.com\/wp-content\/uploads\/2025\/09\/pexels-steve-12843342-scaled.jpg","contentUrl":"https:\/\/www.tfngj.com\/wp-content\/uploads\/2025\/09\/pexels-steve-12843342-scaled.jpg"},{"@type":"BreadcrumbList","@id":"https:\/\/www.tfngj.com\/smart-applications\/#breadcrumb","itemListElement":[{"@type":"ListItem","position":1,"name":"Home","item":"https:\/\/www.tfngj.com\/"},{"@type":"ListItem","position":2,"name":"Smart Applications"}]},{"@type":"WebSite","@id":"https:\/\/www.tfngj.com\/#website","url":"https:\/\/www.tfngj.com\/","name":"TFN-Experto en pruebas de comunicaci\u00f3n","description":"Encuentre soluciones perfectas en TFN","publisher":{"@id":"https:\/\/www.tfngj.com\/#organization"},"alternateName":"TFN","potentialAction":[{"@type":"SearchAction","target":{"@type":"EntryPoint","urlTemplate":"https:\/\/www.tfngj.com\/?s={search_term_string}"},"query-input":{"@type":"PropertyValueSpecification","valueRequired":true,"valueName":"search_term_string"}}],"inLanguage":"es"},{"@type":"Organization","@id":"https:\/\/www.tfngj.com\/#organization","name":"TFN","url":"https:\/\/www.tfngj.com\/","logo":{"@type":"ImageObject","inLanguage":"es","@id":"https:\/\/www.tfngj.com\/#\/schema\/logo\/image\/","url":"https:\/\/www.tfngj.com\/wp-content\/uploads\/2025\/09\/\u9ed1logo.png","contentUrl":"https:\/\/www.tfngj.com\/wp-content\/uploads\/2025\/09\/\u9ed1logo.png","width":939,"height":232,"caption":"TFN"},"image":{"@id":"https:\/\/www.tfngj.com\/#\/schema\/logo\/image\/"},"sameAs":["https:\/\/www.youtube.com\/@FateTFN\/search"]}]}},"_links":{"self":[{"href":"https:\/\/www.tfngj.com\/es\/wp-json\/wp\/v2\/pages\/4656","targetHints":{"allow":["GET"]}}],"collection":[{"href":"https:\/\/www.tfngj.com\/es\/wp-json\/wp\/v2\/pages"}],"about":[{"href":"https:\/\/www.tfngj.com\/es\/wp-json\/wp\/v2\/types\/page"}],"author":[{"embeddable":true,"href":"https:\/\/www.tfngj.com\/es\/wp-json\/wp\/v2\/users\/1"}],"replies":[{"embeddable":true,"href":"https:\/\/www.tfngj.com\/es\/wp-json\/wp\/v2\/comments?post=4656"}],"version-history":[{"count":10,"href":"https:\/\/www.tfngj.com\/es\/wp-json\/wp\/v2\/pages\/4656\/revisions"}],"predecessor-version":[{"id":4694,"href":"https:\/\/www.tfngj.com\/es\/wp-json\/wp\/v2\/pages\/4656\/revisions\/4694"}],"wp:attachment":[{"href":"https:\/\/www.tfngj.com\/es\/wp-json\/wp\/v2\/media?parent=4656"}],"curies":[{"name":"wp","href":"https:\/\/api.w.org\/{rel}","templated":true}]}}