{"id":4644,"date":"2025-11-18T11:10:14","date_gmt":"2025-11-18T03:10:14","guid":{"rendered":"https:\/\/www.tfngj.com\/?page_id=4644"},"modified":"2025-11-18T14:00:35","modified_gmt":"2025-11-18T06:00:35","slug":"college-or-rd-institutions","status":"publish","type":"page","link":"https:\/\/www.tfngj.com\/es\/college-or-rd-institutions\/","title":{"rendered":"Instituciones universitarias o de educaci\u00f3n superior"},"content":{"rendered":"<div class=\"wp-block-cover alignfull\" style=\"min-height:487px;aspect-ratio:unset;\"><img loading=\"lazy\" decoding=\"async\" width=\"2560\" height=\"1440\" class=\"wp-block-cover__image-background wp-image-1624 size-large\" alt=\"antecedentes del formulario de contacto\" src=\"https:\/\/www.tfngj.com\/wp-content\/uploads\/2025\/09\/pexels-steve-12843342-scaled.jpg\" data-object-fit=\"cover\" srcset=\"https:\/\/www.tfngj.com\/wp-content\/uploads\/2025\/09\/pexels-steve-12843342-scaled.jpg 2560w, https:\/\/www.tfngj.com\/wp-content\/uploads\/2025\/09\/pexels-steve-12843342-300x169.jpg 300w, https:\/\/www.tfngj.com\/wp-content\/uploads\/2025\/09\/pexels-steve-12843342-1024x576.jpg 1024w, https:\/\/www.tfngj.com\/wp-content\/uploads\/2025\/09\/pexels-steve-12843342-768x432.jpg 768w, https:\/\/www.tfngj.com\/wp-content\/uploads\/2025\/09\/pexels-steve-12843342-1536x864.jpg 1536w, https:\/\/www.tfngj.com\/wp-content\/uploads\/2025\/09\/pexels-steve-12843342-2048x1152.jpg 2048w, https:\/\/www.tfngj.com\/wp-content\/uploads\/2025\/09\/pexels-steve-12843342-600x338.jpg 600w\" sizes=\"auto, (max-width: 2560px) 100vw, 2560px\" \/><span aria-hidden=\"true\" class=\"wp-block-cover__background has-background-dim-10 has-background-dim\"><\/span><div class=\"wp-block-cover__inner-container is-layout-flow wp-block-cover-is-layout-flow\"><h1 class=\"wp-block-heading has-text-align-center has-5-x-large-font-size\" id=\"college-or-rd-institutions\">Instituciones universitarias o de educaci\u00f3n superior<\/h1>\n<\/div><\/div>\n\n\n\n<p style=\"margin-top:var(--wp--preset--spacing--large)\">A medida que las tecnolog\u00edas de la comunicaci\u00f3n siguen avanzando, todos los segmentos de la cadena de la industria de la comunicaci\u00f3n evolucionan r\u00e1pidamente, consolidando el sector como una industria estrat\u00e9gica nacional. La construcci\u00f3n y aplicaci\u00f3n de Internet por sat\u00e9lite se est\u00e1n acelerando, la infraestructura inform\u00e1tica de IA mejora constantemente y la econom\u00eda digital est\u00e1 remodelando la estructura econ\u00f3mica global. Estos avances no s\u00f3lo promueven un crecimiento econ\u00f3mico de alta calidad, sino que tambi\u00e9n desempe\u00f1an un papel crucial en la estrategia nacional y la competencia tecnol\u00f3gica mundial.<\/p>\n\n\n\n<p>En este contexto, los organismos p\u00fablicos, las universidades de comunicaci\u00f3n y los institutos de investigaci\u00f3n inician cada vez m\u00e1s proyectos de investigaci\u00f3n cient\u00edfica, lo que impulsa una demanda creciente de instrumentos profesionales de prueba y medici\u00f3n.<\/p>\n\n\n\n<p style=\"margin-top:var(--wp--preset--spacing--large)\">Las soluciones de ensayo de TFN apoyan la I+D y la verificaci\u00f3n de una amplia gama de tecnolog\u00edas de la comunicaci\u00f3n, ayudando a los equipos de investigaci\u00f3n a mejorar la eficacia del desarrollo, aumentar la precisi\u00f3n de las pruebas y acelerar la transformaci\u00f3n de la investigaci\u00f3n cient\u00edfica en aplicaciones pr\u00e1cticas. <\/p>\n\n\n\n<div class=\"wp-block-columns alignwide are-vertically-aligned-center is-layout-flex wp-container-core-columns-is-layout-b9f7452e wp-block-columns-is-layout-flex\" style=\"margin-top:var(--wp--preset--spacing--x-large)\">\n<div class=\"wp-block-column is-vertically-aligned-center is-layout-flow wp-block-column-is-layout-flow\">\n<figure class=\"wp-block-image size-large\"><img decoding=\"async\" src=\"https:\/\/www.tfngj.com\/wp-content\/uploads\/2025\/11\/city.jpg\" alt=\"\" style=\"aspect-ratio:16\/9;object-fit:cover\"\/><\/figure>\n<\/div>\n\n\n\n<div class=\"wp-block-column is-vertically-aligned-center is-layout-flow wp-block-column-is-layout-flow\"><h2 class=\"wp-block-heading has-4-x-large-font-size\" id=\"government-institutions\">Instituciones gubernamentales<\/h2>\n\n\n\n<p>Los departamentos de comunicaciones de los gobiernos y las asociaciones est\u00e1n mejorando gradualmente los est\u00e1ndares de la industria de las comunicaciones en funci\u00f3n de las necesidades de diversas industrias, y la demanda de instrumentos de prueba de gama m\u00e1s alta es cada vez mayor. TFN actualiza los instrumentos de prueba iterativos seg\u00fan la demanda del mercado para satisfacer las necesidades de prueba de mayor precisi\u00f3n y m\u00e1s funciones.<\/p>\n<\/div>\n<\/div>\n\n\n\n<div class=\"wp-block-columns alignwide are-vertically-aligned-center is-layout-flex wp-container-core-columns-is-layout-b9f7452e wp-block-columns-is-layout-flex\" style=\"margin-top:var(--wp--preset--spacing--x-large)\">\n<div class=\"wp-block-column is-vertically-aligned-center is-layout-flow wp-block-column-is-layout-flow\">\n<figure class=\"wp-block-image size-large\"><img decoding=\"async\" src=\"https:\/\/www.tfngj.com\/wp-content\/uploads\/2025\/11\/teach.jpg\" alt=\"\" style=\"aspect-ratio:16\/9;object-fit:cover\"\/><\/figure>\n<\/div>\n\n\n\n<div class=\"wp-block-column is-vertically-aligned-center is-layout-flow wp-block-column-is-layout-flow\"><h2 class=\"wp-block-heading has-4-x-large-font-size\" id=\"colleges\">Colegios<\/h2>\n\n\n\n<p>La especialidad de ingenier\u00eda de la comunicaci\u00f3n en las universidades es la cuna del cultivo de talentos en el campo de la comunicaci\u00f3n. Los instrumentos de prueba TFN no s\u00f3lo pueden satisfacer las necesidades experimentales, sino que tambi\u00e9n se utilizan ampliamente en la ense\u00f1anza.<\/p>\n<\/div>\n<\/div>\n\n\n\n<div class=\"wp-block-columns alignwide are-vertically-aligned-center is-layout-flex wp-container-core-columns-is-layout-b9f7452e wp-block-columns-is-layout-flex\" style=\"margin-top:var(--wp--preset--spacing--x-large)\">\n<div class=\"wp-block-column is-vertically-aligned-center is-layout-flow wp-block-column-is-layout-flow\">\n<figure class=\"wp-block-image size-large\"><img decoding=\"async\" src=\"https:\/\/www.tfngj.com\/wp-content\/uploads\/2025\/11\/research.jpg\" alt=\"\" style=\"aspect-ratio:16\/9;object-fit:cover\"\/><\/figure>\n<\/div>\n\n\n\n<div class=\"wp-block-column is-vertically-aligned-center is-layout-flow wp-block-column-is-layout-flow\"><h2 class=\"wp-block-heading has-4-x-large-font-size\" id=\"research-institutes\">Institutos de investigaci\u00f3n<\/h2>\n\n\n\n<p>Los institutos de investigaci\u00f3n cient\u00edfica llevan a cabo tareas de investigaci\u00f3n y desarrollo a nivel estrat\u00e9gico nacional. Los instrumentos de prueba de TFN satisfacen las necesidades de pruebas experimentales de nivel superior en radiofrecuencia, radio y otros campos.<\/p>\n<\/div>\n<\/div>\n\n\n\n<div class=\"wp-block-columns alignwide are-vertically-aligned-center is-layout-flex wp-container-core-columns-is-layout-b9f7452e wp-block-columns-is-layout-flex\" style=\"margin-top:var(--wp--preset--spacing--x-large)\">\n<div class=\"wp-block-column is-vertically-aligned-center is-layout-flow wp-block-column-is-layout-flow\">\n<figure class=\"wp-block-image size-large\"><img decoding=\"async\" src=\"https:\/\/www.tfngj.com\/wp-content\/uploads\/2025\/11\/buliding.jpg\" alt=\"\" style=\"aspect-ratio:16\/9;object-fit:cover\"\/><\/figure>\n<\/div>\n\n\n\n<div class=\"wp-block-column is-vertically-aligned-center is-layout-flow wp-block-column-is-layout-flow\"><h2 class=\"wp-block-heading has-4-x-large-font-size\" id=\"corporate-rd\">I+D empresarial<\/h2>\n\n\n\n<p>Con la continua profundizaci\u00f3n de Internet + Comunicaci\u00f3n, la inversi\u00f3n en I+D de las grandes empresas en diversos campos de la industria de la comunicaci\u00f3n tambi\u00e9n est\u00e1 aumentando, y los instrumentos de prueba TFN se han convertido gradualmente en la primera opci\u00f3n para las pruebas de I+D de las grandes empresas.<\/p>\n<\/div>\n<\/div>\n\n\n<h2 class=\"wp-block-heading alignwide has-text-color has-link-color has-4-x-large-font-size wp-elements-1a1775ed373c6f97f949441955b42713\" style=\"color:#3672d2;margin-top:var(--wp--preset--spacing--2-x-large);margin-bottom:var(--wp--preset--spacing--large)\" id=\"related-products\">Productos relacionados<\/h2>\n\n\n\n<div class=\"wp-block-columns alignwide is-layout-flex wp-container-core-columns-is-layout-28f84493 wp-block-columns-is-layout-flex\">\n<div class=\"wp-block-column is-layout-flow wp-block-column-is-layout-flow\">\n<figure class=\"wp-block-image aligncenter size-full is-resized\"><img loading=\"lazy\" decoding=\"async\" width=\"800\" height=\"800\" src=\"https:\/\/www.tfngj.com\/wp-content\/uploads\/2025\/10\/T6300A-\u900f\u660e.webp\" alt=\"comprobador integral de redes\" class=\"wp-image-3893\" style=\"width:350px;height:auto\" srcset=\"https:\/\/www.tfngj.com\/wp-content\/uploads\/2025\/10\/T6300A-\u900f\u660e.webp 800w, https:\/\/www.tfngj.com\/wp-content\/uploads\/2025\/10\/T6300A-\u900f\u660e-300x300.webp 300w, https:\/\/www.tfngj.com\/wp-content\/uploads\/2025\/10\/T6300A-\u900f\u660e-150x150.webp 150w, https:\/\/www.tfngj.com\/wp-content\/uploads\/2025\/10\/T6300A-\u900f\u660e-768x768.webp 768w, https:\/\/www.tfngj.com\/wp-content\/uploads\/2025\/10\/T6300A-\u900f\u660e-12x12.webp 12w, https:\/\/www.tfngj.com\/wp-content\/uploads\/2025\/10\/T6300A-\u900f\u660e-600x600.webp 600w, https:\/\/www.tfngj.com\/wp-content\/uploads\/2025\/10\/T6300A-\u900f\u660e-100x100.webp 100w\" sizes=\"auto, (max-width: 800px) 100vw, 800px\" \/><\/figure>\n\n\n\n<div class=\"wp-block-buttons is-content-justification-center is-layout-flex wp-container-core-buttons-is-layout-a89b3969 wp-block-buttons-is-layout-flex\">\n<div class=\"wp-block-button is-style-outline is-style-outline--1\"><a class=\"wp-block-button__link wp-element-button\" href=\"https:\/\/www.tfngj.com\/es\/comprobador-de-redes-t6300a\/\">Comprobador de redes T6300A<\/a><\/div>\n<\/div>\n\n\n\n<p class=\"has-text-align-center\">Prueba Ethernet 10\/100\/1000 M<\/p>\n<\/div>\n\n\n\n<div class=\"wp-block-column is-layout-flow wp-block-column-is-layout-flow\">\n<figure class=\"wp-block-image aligncenter size-full is-resized\"><img loading=\"lazy\" decoding=\"async\" width=\"800\" height=\"800\" src=\"https:\/\/www.tfngj.com\/wp-content\/uploads\/2025\/10\/\u900f\u660e-10.png\" alt=\"generador de se\u00f1ales\" class=\"wp-image-2475\" style=\"width:350px;height:auto\" srcset=\"https:\/\/www.tfngj.com\/wp-content\/uploads\/2025\/10\/\u900f\u660e-10.png 800w, https:\/\/www.tfngj.com\/wp-content\/uploads\/2025\/10\/\u900f\u660e-10-300x300.png 300w, https:\/\/www.tfngj.com\/wp-content\/uploads\/2025\/10\/\u900f\u660e-10-150x150.png 150w, https:\/\/www.tfngj.com\/wp-content\/uploads\/2025\/10\/\u900f\u660e-10-768x768.png 768w, https:\/\/www.tfngj.com\/wp-content\/uploads\/2025\/10\/\u900f\u660e-10-12x12.png 12w, https:\/\/www.tfngj.com\/wp-content\/uploads\/2025\/10\/\u900f\u660e-10-600x600.png 600w, https:\/\/www.tfngj.com\/wp-content\/uploads\/2025\/10\/\u900f\u660e-10-100x100.png 100w\" sizes=\"auto, (max-width: 800px) 100vw, 800px\" \/><\/figure>\n\n\n\n<div class=\"wp-block-buttons is-content-justification-center is-layout-flex wp-container-core-buttons-is-layout-a89b3969 wp-block-buttons-is-layout-flex\">\n<div class=\"wp-block-button is-style-outline is-style-outline--2\"><a class=\"wp-block-button__link wp-element-button\" href=\"https:\/\/www.tfngj.com\/es\/150h-l-analizadores-de-antena\/\">Generador de se\u00f1ales TG115<\/a><\/div>\n<\/div>\n\n\n\n<p class=\"has-text-align-center\">Fuente de se\u00f1ales de RF y microondas de alta precisi\u00f3n<\/p>\n<\/div>\n\n\n\n<div class=\"wp-block-column is-layout-flow wp-block-column-is-layout-flow\">\n<figure class=\"wp-block-image aligncenter size-full is-resized\"><img loading=\"lazy\" decoding=\"async\" width=\"800\" height=\"800\" src=\"https:\/\/www.tfngj.com\/wp-content\/uploads\/2025\/09\/RMT-\u900f\u660e.webp\" alt=\"Analizador de espectro RMT\" class=\"wp-image-3618\" style=\"width:350px;height:auto\" srcset=\"https:\/\/www.tfngj.com\/wp-content\/uploads\/2025\/09\/RMT-\u900f\u660e.webp 800w, https:\/\/www.tfngj.com\/wp-content\/uploads\/2025\/09\/RMT-\u900f\u660e-300x300.webp 300w, https:\/\/www.tfngj.com\/wp-content\/uploads\/2025\/09\/RMT-\u900f\u660e-150x150.webp 150w, https:\/\/www.tfngj.com\/wp-content\/uploads\/2025\/09\/RMT-\u900f\u660e-768x768.webp 768w, https:\/\/www.tfngj.com\/wp-content\/uploads\/2025\/09\/RMT-\u900f\u660e-12x12.webp 12w, https:\/\/www.tfngj.com\/wp-content\/uploads\/2025\/09\/RMT-\u900f\u660e-600x600.webp 600w, https:\/\/www.tfngj.com\/wp-content\/uploads\/2025\/09\/RMT-\u900f\u660e-100x100.webp 100w\" sizes=\"auto, (max-width: 800px) 100vw, 800px\" \/><\/figure>\n\n\n\n<div class=\"wp-block-buttons is-content-justification-center is-layout-flex wp-container-core-buttons-is-layout-a89b3969 wp-block-buttons-is-layout-flex\">\n<div class=\"wp-block-button is-style-outline is-style-outline--3\"><a class=\"wp-block-button__link wp-element-button\" href=\"https:\/\/www.tfngj.com\/es\/rmt-spectrum-analyzer\/\">Analizadores de espectro RMT<\/a><\/div>\n<\/div>\n\n\n\n<p class=\"has-text-align-center\">M\u00faltiples opciones de frecuencia de 5 kHz a 40 GHz<\/p>\n<\/div>\n<\/div>\n\n\n\n<div style=\"height:100px\" aria-hidden=\"true\" class=\"wp-block-spacer\"><\/div>","protected":false},"excerpt":{"rendered":"<p>As communication technologies continue to advance, every segment of the communication industry chain is rapidly evolving, solidifying the sector as a national strategic industry. The construction and application of satellite Internet are accelerating, AI computing infrastructure is steadily improving, and the digital economy is reshaping the overall economic structure. These developments not only promote high-quality [&hellip;]<\/p>","protected":false},"author":1,"featured_media":0,"parent":0,"menu_order":0,"comment_status":"closed","ping_status":"closed","template":"","meta":{"footnotes":""},"class_list":["post-4644","page","type-page","status-publish","hentry"],"yoast_head":"<!-- This site is optimized with the Yoast SEO plugin v26.6 - https:\/\/yoast.com\/wordpress\/plugins\/seo\/ -->\n<title>College or RD Institutions - Communication Test Expert<\/title>\n<meta name=\"robots\" content=\"index, follow, max-snippet:-1, max-image-preview:large, max-video-preview:-1\" \/>\n<link rel=\"canonical\" href=\"https:\/\/www.tfngj.com\/es\/college-or-rd-institutions\/\" \/>\n<meta property=\"og:locale\" content=\"es_ES\" \/>\n<meta property=\"og:type\" content=\"article\" \/>\n<meta property=\"og:title\" content=\"College or RD Institutions - Communication Test Expert\" \/>\n<meta property=\"og:description\" content=\"As communication technologies continue to advance, every segment of the communication industry chain is rapidly evolving, solidifying the sector as a national strategic industry. The construction and application of satellite Internet are accelerating, AI computing infrastructure is steadily improving, and the digital economy is reshaping the overall economic structure. These developments not only promote high-quality [&hellip;]\" \/>\n<meta property=\"og:url\" content=\"https:\/\/www.tfngj.com\/es\/college-or-rd-institutions\/\" \/>\n<meta property=\"og:site_name\" content=\"Communication Test Expert\" \/>\n<meta property=\"article:modified_time\" content=\"2025-11-18T06:00:35+00:00\" \/>\n<meta property=\"og:image\" content=\"https:\/\/www.tfngj.com\/wp-content\/uploads\/2025\/09\/pexels-steve-12843342-scaled.jpg\" \/>\n\t<meta property=\"og:image:width\" content=\"2560\" \/>\n\t<meta property=\"og:image:height\" content=\"1440\" \/>\n\t<meta property=\"og:image:type\" content=\"image\/jpeg\" \/>\n<meta name=\"twitter:card\" content=\"summary_large_image\" \/>\n<meta name=\"twitter:label1\" content=\"Tiempo de lectura\" \/>\n\t<meta name=\"twitter:data1\" content=\"2 minutos\" \/>\n<script type=\"application\/ld+json\" class=\"yoast-schema-graph\">{\"@context\":\"https:\/\/schema.org\",\"@graph\":[{\"@type\":\"WebPage\",\"@id\":\"https:\/\/www.tfngj.com\/college-or-rd-institutions\/\",\"url\":\"https:\/\/www.tfngj.com\/college-or-rd-institutions\/\",\"name\":\"College or RD Institutions - Communication Test Expert\",\"isPartOf\":{\"@id\":\"https:\/\/www.tfngj.com\/#website\"},\"primaryImageOfPage\":{\"@id\":\"https:\/\/www.tfngj.com\/college-or-rd-institutions\/#primaryimage\"},\"image\":{\"@id\":\"https:\/\/www.tfngj.com\/college-or-rd-institutions\/#primaryimage\"},\"thumbnailUrl\":\"https:\/\/www.tfngj.com\/wp-content\/uploads\/2025\/09\/pexels-steve-12843342-scaled.jpg\",\"datePublished\":\"2025-11-18T03:10:14+00:00\",\"dateModified\":\"2025-11-18T06:00:35+00:00\",\"breadcrumb\":{\"@id\":\"https:\/\/www.tfngj.com\/college-or-rd-institutions\/#breadcrumb\"},\"inLanguage\":\"es\",\"potentialAction\":[{\"@type\":\"ReadAction\",\"target\":[\"https:\/\/www.tfngj.com\/college-or-rd-institutions\/\"]}]},{\"@type\":\"ImageObject\",\"inLanguage\":\"es\",\"@id\":\"https:\/\/www.tfngj.com\/college-or-rd-institutions\/#primaryimage\",\"url\":\"https:\/\/www.tfngj.com\/wp-content\/uploads\/2025\/09\/pexels-steve-12843342-scaled.jpg\",\"contentUrl\":\"https:\/\/www.tfngj.com\/wp-content\/uploads\/2025\/09\/pexels-steve-12843342-scaled.jpg\"},{\"@type\":\"BreadcrumbList\",\"@id\":\"https:\/\/www.tfngj.com\/college-or-rd-institutions\/#breadcrumb\",\"itemListElement\":[{\"@type\":\"ListItem\",\"position\":1,\"name\":\"Home\",\"item\":\"https:\/\/www.tfngj.com\/\"},{\"@type\":\"ListItem\",\"position\":2,\"name\":\"College or RD Institutions\"}]},{\"@type\":\"WebSite\",\"@id\":\"https:\/\/www.tfngj.com\/#website\",\"url\":\"https:\/\/www.tfngj.com\/\",\"name\":\"TFN-Communication Test Expert\",\"description\":\"Find Perfect Solutions in TFN\",\"publisher\":{\"@id\":\"https:\/\/www.tfngj.com\/#organization\"},\"alternateName\":\"TFN\",\"potentialAction\":[{\"@type\":\"SearchAction\",\"target\":{\"@type\":\"EntryPoint\",\"urlTemplate\":\"https:\/\/www.tfngj.com\/?s={search_term_string}\"},\"query-input\":{\"@type\":\"PropertyValueSpecification\",\"valueRequired\":true,\"valueName\":\"search_term_string\"}}],\"inLanguage\":\"es\"},{\"@type\":\"Organization\",\"@id\":\"https:\/\/www.tfngj.com\/#organization\",\"name\":\"TFN\",\"url\":\"https:\/\/www.tfngj.com\/\",\"logo\":{\"@type\":\"ImageObject\",\"inLanguage\":\"es\",\"@id\":\"https:\/\/www.tfngj.com\/#\/schema\/logo\/image\/\",\"url\":\"https:\/\/www.tfngj.com\/wp-content\/uploads\/2025\/09\/\u9ed1logo.png\",\"contentUrl\":\"https:\/\/www.tfngj.com\/wp-content\/uploads\/2025\/09\/\u9ed1logo.png\",\"width\":939,\"height\":232,\"caption\":\"TFN\"},\"image\":{\"@id\":\"https:\/\/www.tfngj.com\/#\/schema\/logo\/image\/\"},\"sameAs\":[\"https:\/\/www.youtube.com\/@FateTFN\/search\"]}]}<\/script>\n<!-- \/ Yoast SEO plugin. -->","yoast_head_json":{"title":"Instituciones universitarias o de educaci\u00f3n superior - Experto en pruebas de comunicaci\u00f3n","robots":{"index":"index","follow":"follow","max-snippet":"max-snippet:-1","max-image-preview":"max-image-preview:large","max-video-preview":"max-video-preview:-1"},"canonical":"https:\/\/www.tfngj.com\/es\/college-or-rd-institutions\/","og_locale":"es_ES","og_type":"article","og_title":"College or RD Institutions - Communication Test Expert","og_description":"As communication technologies continue to advance, every segment of the communication industry chain is rapidly evolving, solidifying the sector as a national strategic industry. The construction and application of satellite Internet are accelerating, AI computing infrastructure is steadily improving, and the digital economy is reshaping the overall economic structure. These developments not only promote high-quality [&hellip;]","og_url":"https:\/\/www.tfngj.com\/es\/college-or-rd-institutions\/","og_site_name":"Communication Test Expert","article_modified_time":"2025-11-18T06:00:35+00:00","og_image":[{"width":2560,"height":1440,"url":"https:\/\/www.tfngj.com\/wp-content\/uploads\/2025\/09\/pexels-steve-12843342-scaled.jpg","type":"image\/jpeg"}],"twitter_card":"summary_large_image","twitter_misc":{"Tiempo de lectura":"2 minutos"},"schema":{"@context":"https:\/\/schema.org","@graph":[{"@type":"WebPage","@id":"https:\/\/www.tfngj.com\/college-or-rd-institutions\/","url":"https:\/\/www.tfngj.com\/college-or-rd-institutions\/","name":"Instituciones universitarias o de educaci\u00f3n superior - Experto en pruebas de comunicaci\u00f3n","isPartOf":{"@id":"https:\/\/www.tfngj.com\/#website"},"primaryImageOfPage":{"@id":"https:\/\/www.tfngj.com\/college-or-rd-institutions\/#primaryimage"},"image":{"@id":"https:\/\/www.tfngj.com\/college-or-rd-institutions\/#primaryimage"},"thumbnailUrl":"https:\/\/www.tfngj.com\/wp-content\/uploads\/2025\/09\/pexels-steve-12843342-scaled.jpg","datePublished":"2025-11-18T03:10:14+00:00","dateModified":"2025-11-18T06:00:35+00:00","breadcrumb":{"@id":"https:\/\/www.tfngj.com\/college-or-rd-institutions\/#breadcrumb"},"inLanguage":"es","potentialAction":[{"@type":"ReadAction","target":["https:\/\/www.tfngj.com\/college-or-rd-institutions\/"]}]},{"@type":"ImageObject","inLanguage":"es","@id":"https:\/\/www.tfngj.com\/college-or-rd-institutions\/#primaryimage","url":"https:\/\/www.tfngj.com\/wp-content\/uploads\/2025\/09\/pexels-steve-12843342-scaled.jpg","contentUrl":"https:\/\/www.tfngj.com\/wp-content\/uploads\/2025\/09\/pexels-steve-12843342-scaled.jpg"},{"@type":"BreadcrumbList","@id":"https:\/\/www.tfngj.com\/college-or-rd-institutions\/#breadcrumb","itemListElement":[{"@type":"ListItem","position":1,"name":"Home","item":"https:\/\/www.tfngj.com\/"},{"@type":"ListItem","position":2,"name":"College or RD Institutions"}]},{"@type":"WebSite","@id":"https:\/\/www.tfngj.com\/#website","url":"https:\/\/www.tfngj.com\/","name":"TFN-Experto en pruebas de comunicaci\u00f3n","description":"Encuentre soluciones perfectas en TFN","publisher":{"@id":"https:\/\/www.tfngj.com\/#organization"},"alternateName":"TFN","potentialAction":[{"@type":"SearchAction","target":{"@type":"EntryPoint","urlTemplate":"https:\/\/www.tfngj.com\/?s={search_term_string}"},"query-input":{"@type":"PropertyValueSpecification","valueRequired":true,"valueName":"search_term_string"}}],"inLanguage":"es"},{"@type":"Organization","@id":"https:\/\/www.tfngj.com\/#organization","name":"TFN","url":"https:\/\/www.tfngj.com\/","logo":{"@type":"ImageObject","inLanguage":"es","@id":"https:\/\/www.tfngj.com\/#\/schema\/logo\/image\/","url":"https:\/\/www.tfngj.com\/wp-content\/uploads\/2025\/09\/\u9ed1logo.png","contentUrl":"https:\/\/www.tfngj.com\/wp-content\/uploads\/2025\/09\/\u9ed1logo.png","width":939,"height":232,"caption":"TFN"},"image":{"@id":"https:\/\/www.tfngj.com\/#\/schema\/logo\/image\/"},"sameAs":["https:\/\/www.youtube.com\/@FateTFN\/search"]}]}},"_links":{"self":[{"href":"https:\/\/www.tfngj.com\/es\/wp-json\/wp\/v2\/pages\/4644","targetHints":{"allow":["GET"]}}],"collection":[{"href":"https:\/\/www.tfngj.com\/es\/wp-json\/wp\/v2\/pages"}],"about":[{"href":"https:\/\/www.tfngj.com\/es\/wp-json\/wp\/v2\/types\/page"}],"author":[{"embeddable":true,"href":"https:\/\/www.tfngj.com\/es\/wp-json\/wp\/v2\/users\/1"}],"replies":[{"embeddable":true,"href":"https:\/\/www.tfngj.com\/es\/wp-json\/wp\/v2\/comments?post=4644"}],"version-history":[{"count":10,"href":"https:\/\/www.tfngj.com\/es\/wp-json\/wp\/v2\/pages\/4644\/revisions"}],"predecessor-version":[{"id":4671,"href":"https:\/\/www.tfngj.com\/es\/wp-json\/wp\/v2\/pages\/4644\/revisions\/4671"}],"wp:attachment":[{"href":"https:\/\/www.tfngj.com\/es\/wp-json\/wp\/v2\/media?parent=4644"}],"curies":[{"name":"wp","href":"https:\/\/api.w.org\/{rel}","templated":true}]}}