{"id":4617,"date":"2025-11-17T16:07:36","date_gmt":"2025-11-17T08:07:36","guid":{"rendered":"https:\/\/www.tfngj.com\/?page_id=4617"},"modified":"2025-11-17T17:09:15","modified_gmt":"2025-11-17T09:09:15","slug":"comunicacion-militar","status":"publish","type":"page","link":"https:\/\/www.tfngj.com\/es\/comunicacion-militar\/","title":{"rendered":"Comunicaci\u00f3n militar"},"content":{"rendered":"<div class=\"wp-block-cover alignfull\" style=\"min-height:487px;aspect-ratio:unset;\"><img loading=\"lazy\" decoding=\"async\" width=\"1920\" height=\"1280\" class=\"wp-block-cover__image-background wp-image-3622 size-large\" alt=\"\" src=\"https:\/\/www.tfngj.com\/wp-content\/uploads\/2025\/09\/military.webp\" data-object-fit=\"cover\" srcset=\"https:\/\/www.tfngj.com\/wp-content\/uploads\/2025\/09\/military.webp 1920w, https:\/\/www.tfngj.com\/wp-content\/uploads\/2025\/09\/military-300x200.webp 300w, https:\/\/www.tfngj.com\/wp-content\/uploads\/2025\/09\/military-1024x683.webp 1024w, https:\/\/www.tfngj.com\/wp-content\/uploads\/2025\/09\/military-768x512.webp 768w, https:\/\/www.tfngj.com\/wp-content\/uploads\/2025\/09\/military-1536x1024.webp 1536w, https:\/\/www.tfngj.com\/wp-content\/uploads\/2025\/09\/military-18x12.webp 18w, https:\/\/www.tfngj.com\/wp-content\/uploads\/2025\/09\/military-600x400.webp 600w\" sizes=\"auto, (max-width: 1920px) 100vw, 1920px\" \/><span aria-hidden=\"true\" class=\"wp-block-cover__background has-background-dim-30 has-background-dim\"><\/span><div class=\"wp-block-cover__inner-container is-layout-flow wp-block-cover-is-layout-flow\"><h1 class=\"wp-block-heading has-text-align-center has-5-x-large-font-size\" id=\"military-communication\">Comunicaci\u00f3n militar<\/h1>\n<\/div><\/div>\n\n\n\n<p style=\"margin-top:var(--wp--preset--spacing--large)\">Con la r\u00e1pida penetraci\u00f3n de Internet en todos los sectores, la seguridad de la informaci\u00f3n en red se ha convertido en un \u00e1rea clave de preocupaci\u00f3n nacional. Sin ciberseguridad, no hay seguridad nacional. Garantizar la seguridad de los sistemas de informaci\u00f3n en red se ha convertido, por tanto, en una prioridad estrat\u00e9gica para la modernizaci\u00f3n de la defensa nacional.<\/p>\n\n\n\n<p>TFN proporciona soluciones avanzadas de ensayo y medici\u00f3n que desempe\u00f1an un papel vital en:<\/p>\n\n\n<ul class=\"wp-block-list\" style=\"\">\n<li><strong>Creaci\u00f3n y mantenimiento de redes de comunicaci\u00f3n privadas seguras para el gobierno y la defensa<\/strong><\/li>\n\n\n\n<li><strong>Apoyo al desarrollo de sistemas de operaciones de informaci\u00f3n para la defensa nacional<\/strong><\/li>\n\n\n\n<li><strong>Garantizar la fiabilidad, estabilidad y seguridad de la infraestructura de informaci\u00f3n de defensa<\/strong><\/li>\n<\/ul>\n\n\n\n<p style=\"margin-top:var(--wp--preset--spacing--large)\">Al ofrecer instrumentos de alta precisi\u00f3n, un rendimiento s\u00f3lido y un soporte t\u00e9cnico fiable, TFN ayuda a los usuarios de defensa a reforzar el conocimiento de la situaci\u00f3n, mejorar la capacidad de recuperaci\u00f3n de las comunicaciones y salvaguardar los sistemas de informaci\u00f3n cr\u00edticos frente a los crecientes retos de seguridad.<\/p>\n\n\n\n<div class=\"wp-block-columns alignwide are-vertically-aligned-center is-layout-flex wp-container-core-columns-is-layout-b9f7452e wp-block-columns-is-layout-flex\" style=\"margin-top:var(--wp--preset--spacing--x-large)\">\n<div class=\"wp-block-column is-vertically-aligned-center is-layout-flow wp-block-column-is-layout-flow\">\n<figure class=\"wp-block-image size-large\"><img decoding=\"async\" src=\"https:\/\/www.tfngj.com\/wp-content\/uploads\/2025\/11\/satellite.jpg\" alt=\"\" style=\"aspect-ratio:16\/9;object-fit:cover\"\/><\/figure>\n<\/div>\n\n\n\n<div class=\"wp-block-column is-vertically-aligned-center is-layout-flow wp-block-column-is-layout-flow\" style=\"padding-right:0;padding-left:0\"><h2 class=\"wp-block-heading has-4-x-large-font-size\" id=\"defense-communication\">Comunicaci\u00f3n de Defensa<\/h2>\n\n\n\n<p>Los instrumentos TFN ayudan a mejorar los sistemas de comunicaci\u00f3n militar y a realizar funciones como mando y control, reconocimiento de inteligencia, detecci\u00f3n de alerta temprana, interacci\u00f3n de inteligencia, seguridad y contramedidas de informaci\u00f3n.<\/p>\n<\/div>\n<\/div>\n\n\n\n<div class=\"wp-block-columns alignwide are-vertically-aligned-center is-layout-flex wp-container-core-columns-is-layout-b9f7452e wp-block-columns-is-layout-flex\" style=\"margin-top:var(--wp--preset--spacing--x-large)\">\n<div class=\"wp-block-column is-vertically-aligned-center is-layout-flow wp-block-column-is-layout-flow\">\n<figure class=\"wp-block-image size-large\"><img decoding=\"async\" src=\"https:\/\/www.tfngj.com\/wp-content\/uploads\/2025\/11\/airplane.webp\" style=\"aspect-ratio:16\/9;object-fit:cover\"\/><\/figure>\n<\/div>\n\n\n\n<div class=\"wp-block-column is-vertically-aligned-center is-layout-flow wp-block-column-is-layout-flow\" style=\"padding-right:0;padding-left:0\"><h2 class=\"wp-block-heading has-4-x-large-font-size\" id=\"military-training\">Formaci\u00f3n militar<\/h2>\n\n\n\n<p>Como m\u00e9todo de entrenamiento que simula equipos reales, personal real y escenarios reales, el entrenamiento por simulaci\u00f3n se ha convertido en un poderoso punto de partida y una importante v\u00eda para promover la transformaci\u00f3n de los modelos de generaci\u00f3n de eficacia de combate y acelerar el suministro efectivo de eficacia de combate avanzada.<\/p>\n<\/div>\n<\/div>\n\n\n\n<div class=\"wp-block-columns alignwide are-vertically-aligned-center is-layout-flex wp-container-core-columns-is-layout-b9f7452e wp-block-columns-is-layout-flex\" style=\"margin-top:var(--wp--preset--spacing--x-large)\">\n<div class=\"wp-block-column is-vertically-aligned-center is-layout-flow wp-block-column-is-layout-flow\">\n<figure class=\"wp-block-image size-large\"><img decoding=\"async\" src=\"https:\/\/www.tfngj.com\/wp-content\/uploads\/2025\/11\/soldier.jpg\" alt=\"\" style=\"aspect-ratio:16\/9;object-fit:cover\"\/><\/figure>\n<\/div>\n\n\n\n<div class=\"wp-block-column is-vertically-aligned-center is-layout-flow wp-block-column-is-layout-flow\">\n<div class=\"wp-block-group is-layout-flow wp-block-group-is-layout-flow\" style=\"padding-top:0;padding-right:0;padding-bottom:0;padding-left:0\">\n<div class=\"wp-block-group is-layout-flow wp-container-core-group-is-layout-a77db08e wp-block-group-is-layout-flow\"><h2 class=\"wp-block-heading has-4-x-large-font-size\" style=\"text-transform:capitalize\" id=\"simulated-combat\">Combate simulado<\/h2>\n<\/div>\n\n\n\n<p>En la guerra moderna, la tecnolog\u00eda de la comunicaci\u00f3n se ha utilizado ampliamente en los equipos modernos. Los productos de TFN ayudan a mejorar las capacidades de combate individuales y las capacidades de coordinaci\u00f3n de combate.<\/p>\n<\/div>\n<\/div>\n<\/div>\n\n\n\n<div class=\"wp-block-columns alignwide are-vertically-aligned-center is-layout-flex wp-container-core-columns-is-layout-b9f7452e wp-block-columns-is-layout-flex\" style=\"margin-top:var(--wp--preset--spacing--x-large)\">\n<div class=\"wp-block-column is-vertically-aligned-center is-layout-flow wp-block-column-is-layout-flow\">\n<figure class=\"wp-block-image size-large\"><img decoding=\"async\" src=\"https:\/\/www.tfngj.com\/wp-content\/uploads\/2025\/11\/drone1.jpg\" style=\"aspect-ratio:16\/9;object-fit:cover\"\/><\/figure>\n<\/div>\n\n\n\n<div class=\"wp-block-column is-vertically-aligned-center is-layout-flow wp-block-column-is-layout-flow\">\n<div class=\"wp-block-group is-layout-flow wp-block-group-is-layout-flow\" style=\"padding-top:0;padding-right:0;padding-bottom:0;padding-left:0\">\n<div class=\"wp-block-group is-layout-flow wp-container-core-group-is-layout-4430f8d7 wp-block-group-is-layout-flow\"><h2 class=\"wp-block-heading has-4-x-large-font-size\" style=\"text-transform:capitalize\" id=\"aviation-safety\">Seguridad a\u00e9rea<\/h2>\n<\/div>\n\n\n\n<p>A medida que los drones se introducen en el mercado en grandes cantidades, los departamentos de seguridad se van tomando en serio la seguridad a\u00e9rea. Los productos de TFN se utilizan ampliamente en la seguridad de la aviaci\u00f3n en el espacio a\u00e9reo cercano a los aeropuertos y la interferencia de drones.<\/p>\n<\/div>\n<\/div>\n<\/div>\n\n\n\n<div class=\"wp-block-columns alignwide are-vertically-aligned-center is-layout-flex wp-container-core-columns-is-layout-b9f7452e wp-block-columns-is-layout-flex\" style=\"margin-top:var(--wp--preset--spacing--x-large)\">\n<div class=\"wp-block-column is-vertically-aligned-center is-layout-flow wp-block-column-is-layout-flow\">\n<figure class=\"wp-block-image size-large\"><img decoding=\"async\" src=\"https:\/\/www.tfngj.com\/wp-content\/uploads\/2025\/11\/cyber-security.jpg\" alt=\"\" style=\"aspect-ratio:16\/9;object-fit:cover\"\/><\/figure>\n<\/div>\n\n\n\n<div class=\"wp-block-column is-vertically-aligned-center is-layout-flow wp-block-column-is-layout-flow\">\n<div class=\"wp-block-group is-layout-flow wp-block-group-is-layout-flow\" style=\"padding-top:0;padding-right:0;padding-bottom:0;padding-left:0\">\n<div class=\"wp-block-group is-layout-flow wp-container-core-group-is-layout-4430f8d7 wp-block-group-is-layout-flow\"><h2 class=\"wp-block-heading has-4-x-large-font-size\" style=\"text-transform:capitalize\" id=\"confidentiality-department\">Departamento de Confidencialidad<\/h2>\n<\/div>\n\n\n\n<p>A medida que se intensifica la competencia entre las grandes potencias, aumenta d\u00eda a d\u00eda la demanda de instalaciones confidenciales, ya sea a nivel de defensa, gubernamental o empresarial. TFN puede ofrecer soluciones completas de confidencialidad.<\/p>\n<\/div>\n<\/div>\n<\/div>\n\n\n<h2 class=\"wp-block-heading alignwide has-text-color has-link-color has-4-x-large-font-size wp-elements-cab2414f9e967920c9cf183a35532016\" style=\"color:#3672d2;margin-top:var(--wp--preset--spacing--2-x-large);margin-bottom:var(--wp--preset--spacing--large)\" id=\"related-products\">Productos relacionados<\/h2>\n\n\n\n<div class=\"wp-block-columns alignwide is-layout-flex wp-container-core-columns-is-layout-28f84493 wp-block-columns-is-layout-flex\">\n<div class=\"wp-block-column is-layout-flow wp-block-column-is-layout-flow\">\n<figure class=\"wp-block-image aligncenter size-full is-resized\"><img loading=\"lazy\" decoding=\"async\" width=\"800\" height=\"800\" src=\"https:\/\/www.tfngj.com\/wp-content\/uploads\/2025\/10\/1-17.jpg\" alt=\"\" class=\"wp-image-3929\" style=\"width:350px;height:auto\" srcset=\"https:\/\/www.tfngj.com\/wp-content\/uploads\/2025\/10\/1-17.jpg 800w, https:\/\/www.tfngj.com\/wp-content\/uploads\/2025\/10\/1-17-300x300.jpg 300w, https:\/\/www.tfngj.com\/wp-content\/uploads\/2025\/10\/1-17-150x150.jpg 150w, https:\/\/www.tfngj.com\/wp-content\/uploads\/2025\/10\/1-17-768x768.jpg 768w, https:\/\/www.tfngj.com\/wp-content\/uploads\/2025\/10\/1-17-12x12.jpg 12w, https:\/\/www.tfngj.com\/wp-content\/uploads\/2025\/10\/1-17-600x600.jpg 600w, https:\/\/www.tfngj.com\/wp-content\/uploads\/2025\/10\/1-17-100x100.jpg 100w\" sizes=\"auto, (max-width: 800px) 100vw, 800px\" \/><\/figure>\n\n\n\n<div class=\"wp-block-buttons is-content-justification-center is-layout-flex wp-container-core-buttons-is-layout-a89b3969 wp-block-buttons-is-layout-flex\">\n<div class=\"wp-block-button is-style-outline is-style-outline--1\"><a class=\"wp-block-button__link wp-element-button\" href=\"https:\/\/www.tfngj.com\/es\/signal-generator\/\">Generadores de se\u00f1ales<\/a><\/div>\n<\/div>\n\n\n\n<p class=\"has-text-align-center\">Generadores de se\u00f1ales de microondas multiformato<\/p>\n<\/div>\n\n\n\n<div class=\"wp-block-column is-layout-flow wp-block-column-is-layout-flow\">\n<figure class=\"wp-block-image aligncenter size-full is-resized\"><img loading=\"lazy\" decoding=\"async\" width=\"1000\" height=\"1000\" src=\"https:\/\/www.tfngj.com\/wp-content\/uploads\/2025\/10\/\u900f\u660e-4.png\" alt=\"antena y alimentador\" class=\"wp-image-2254\" style=\"width:350px;height:auto\" srcset=\"https:\/\/www.tfngj.com\/wp-content\/uploads\/2025\/10\/\u900f\u660e-4.png 1000w, https:\/\/www.tfngj.com\/wp-content\/uploads\/2025\/10\/\u900f\u660e-4-300x300.png 300w, https:\/\/www.tfngj.com\/wp-content\/uploads\/2025\/10\/\u900f\u660e-4-150x150.png 150w, https:\/\/www.tfngj.com\/wp-content\/uploads\/2025\/10\/\u900f\u660e-4-768x768.png 768w, https:\/\/www.tfngj.com\/wp-content\/uploads\/2025\/10\/\u900f\u660e-4-12x12.png 12w, https:\/\/www.tfngj.com\/wp-content\/uploads\/2025\/10\/\u900f\u660e-4-600x600.png 600w, https:\/\/www.tfngj.com\/wp-content\/uploads\/2025\/10\/\u900f\u660e-4-100x100.png 100w\" sizes=\"auto, (max-width: 1000px) 100vw, 1000px\" \/><\/figure>\n\n\n\n<div class=\"wp-block-buttons is-content-justification-center is-layout-flex wp-container-core-buttons-is-layout-a89b3969 wp-block-buttons-is-layout-flex\">\n<div class=\"wp-block-button is-style-outline is-style-outline--2\"><a class=\"wp-block-button__link wp-element-button\" href=\"https:\/\/www.tfngj.com\/es\/150h-l-analizadores-de-antena\/\">Antena direccional TM9265 <\/a><\/div>\n<\/div>\n\n\n\n<p class=\"has-text-align-center\">Juego de antenas direccionales port\u00e1tiles de banda ancha <\/p>\n<\/div>\n\n\n\n<div class=\"wp-block-column is-layout-flow wp-block-column-is-layout-flow\">\n<figure class=\"wp-block-image aligncenter size-full is-resized\"><img loading=\"lazy\" decoding=\"async\" width=\"800\" height=\"800\" src=\"https:\/\/www.tfngj.com\/wp-content\/uploads\/2025\/09\/RMT-\u900f\u660e.webp\" alt=\"Analizador de espectro RMT\" class=\"wp-image-3618\" style=\"width:350px;height:auto\" srcset=\"https:\/\/www.tfngj.com\/wp-content\/uploads\/2025\/09\/RMT-\u900f\u660e.webp 800w, https:\/\/www.tfngj.com\/wp-content\/uploads\/2025\/09\/RMT-\u900f\u660e-300x300.webp 300w, https:\/\/www.tfngj.com\/wp-content\/uploads\/2025\/09\/RMT-\u900f\u660e-150x150.webp 150w, https:\/\/www.tfngj.com\/wp-content\/uploads\/2025\/09\/RMT-\u900f\u660e-768x768.webp 768w, https:\/\/www.tfngj.com\/wp-content\/uploads\/2025\/09\/RMT-\u900f\u660e-12x12.webp 12w, https:\/\/www.tfngj.com\/wp-content\/uploads\/2025\/09\/RMT-\u900f\u660e-600x600.webp 600w, https:\/\/www.tfngj.com\/wp-content\/uploads\/2025\/09\/RMT-\u900f\u660e-100x100.webp 100w\" sizes=\"auto, (max-width: 800px) 100vw, 800px\" \/><\/figure>\n\n\n\n<div class=\"wp-block-buttons is-content-justification-center is-layout-flex wp-container-core-buttons-is-layout-a89b3969 wp-block-buttons-is-layout-flex\">\n<div class=\"wp-block-button is-style-outline is-style-outline--3\"><a class=\"wp-block-button__link wp-element-button\" href=\"https:\/\/www.tfngj.com\/es\/rmt-spectrum-analyzer\/\">Analizadores de espectro RMT<\/a><\/div>\n<\/div>\n\n\n\n<p class=\"has-text-align-center\">M\u00faltiples opciones de frecuencia de 5 kHz a 40 GHz<\/p>\n<\/div>\n<\/div>\n\n\n\n<div style=\"height:112px\" aria-hidden=\"true\" class=\"wp-block-spacer\"><\/div>","protected":false},"excerpt":{"rendered":"<p>With the rapid penetration of the Internet into every sector, network information security has become a key area of national concern. Without cybersecurity, there is no national security. Ensuring the security of networked information systems has therefore become a strategic priority for national defense modernization. TFN provides advanced test and measurement solutions that play a [&hellip;]<\/p>","protected":false},"author":1,"featured_media":0,"parent":0,"menu_order":0,"comment_status":"closed","ping_status":"closed","template":"","meta":{"footnotes":""},"class_list":["post-4617","page","type-page","status-publish","hentry"],"yoast_head":"<!-- This site is optimized with the Yoast SEO plugin v26.6 - https:\/\/yoast.com\/wordpress\/plugins\/seo\/ -->\n<title>Military Communication - Communication Test Expert<\/title>\n<meta name=\"robots\" content=\"index, follow, max-snippet:-1, max-image-preview:large, max-video-preview:-1\" \/>\n<link rel=\"canonical\" href=\"https:\/\/www.tfngj.com\/es\/comunicacion-militar\/\" \/>\n<meta property=\"og:locale\" content=\"es_ES\" \/>\n<meta property=\"og:type\" content=\"article\" \/>\n<meta property=\"og:title\" content=\"Military Communication - Communication Test Expert\" \/>\n<meta property=\"og:description\" content=\"With the rapid penetration of the Internet into every sector, network information security has become a key area of national concern. Without cybersecurity, there is no national security. Ensuring the security of networked information systems has therefore become a strategic priority for national defense modernization. TFN provides advanced test and measurement solutions that play a [&hellip;]\" \/>\n<meta property=\"og:url\" content=\"https:\/\/www.tfngj.com\/es\/comunicacion-militar\/\" \/>\n<meta property=\"og:site_name\" content=\"Communication Test Expert\" \/>\n<meta property=\"article:modified_time\" content=\"2025-11-17T09:09:15+00:00\" \/>\n<meta property=\"og:image\" content=\"https:\/\/www.tfngj.com\/wp-content\/uploads\/2025\/09\/military.webp\" \/>\n\t<meta property=\"og:image:width\" content=\"1920\" \/>\n\t<meta property=\"og:image:height\" content=\"1280\" \/>\n\t<meta property=\"og:image:type\" content=\"image\/webp\" \/>\n<meta name=\"twitter:card\" content=\"summary_large_image\" \/>\n<meta name=\"twitter:label1\" content=\"Tiempo de lectura\" \/>\n\t<meta name=\"twitter:data1\" content=\"2 minutos\" \/>\n<script type=\"application\/ld+json\" class=\"yoast-schema-graph\">{\"@context\":\"https:\/\/schema.org\",\"@graph\":[{\"@type\":\"WebPage\",\"@id\":\"https:\/\/www.tfngj.com\/military-communication\/\",\"url\":\"https:\/\/www.tfngj.com\/military-communication\/\",\"name\":\"Military Communication - Communication Test Expert\",\"isPartOf\":{\"@id\":\"https:\/\/www.tfngj.com\/#website\"},\"primaryImageOfPage\":{\"@id\":\"https:\/\/www.tfngj.com\/military-communication\/#primaryimage\"},\"image\":{\"@id\":\"https:\/\/www.tfngj.com\/military-communication\/#primaryimage\"},\"thumbnailUrl\":\"https:\/\/www.tfngj.com\/wp-content\/uploads\/2025\/09\/military.webp\",\"datePublished\":\"2025-11-17T08:07:36+00:00\",\"dateModified\":\"2025-11-17T09:09:15+00:00\",\"breadcrumb\":{\"@id\":\"https:\/\/www.tfngj.com\/military-communication\/#breadcrumb\"},\"inLanguage\":\"es\",\"potentialAction\":[{\"@type\":\"ReadAction\",\"target\":[\"https:\/\/www.tfngj.com\/military-communication\/\"]}]},{\"@type\":\"ImageObject\",\"inLanguage\":\"es\",\"@id\":\"https:\/\/www.tfngj.com\/military-communication\/#primaryimage\",\"url\":\"https:\/\/www.tfngj.com\/wp-content\/uploads\/2025\/09\/military.webp\",\"contentUrl\":\"https:\/\/www.tfngj.com\/wp-content\/uploads\/2025\/09\/military.webp\"},{\"@type\":\"BreadcrumbList\",\"@id\":\"https:\/\/www.tfngj.com\/military-communication\/#breadcrumb\",\"itemListElement\":[{\"@type\":\"ListItem\",\"position\":1,\"name\":\"Home\",\"item\":\"https:\/\/www.tfngj.com\/\"},{\"@type\":\"ListItem\",\"position\":2,\"name\":\"Military Communication\"}]},{\"@type\":\"WebSite\",\"@id\":\"https:\/\/www.tfngj.com\/#website\",\"url\":\"https:\/\/www.tfngj.com\/\",\"name\":\"TFN-Communication Test Expert\",\"description\":\"Find Perfect Solutions in TFN\",\"publisher\":{\"@id\":\"https:\/\/www.tfngj.com\/#organization\"},\"alternateName\":\"TFN\",\"potentialAction\":[{\"@type\":\"SearchAction\",\"target\":{\"@type\":\"EntryPoint\",\"urlTemplate\":\"https:\/\/www.tfngj.com\/?s={search_term_string}\"},\"query-input\":{\"@type\":\"PropertyValueSpecification\",\"valueRequired\":true,\"valueName\":\"search_term_string\"}}],\"inLanguage\":\"es\"},{\"@type\":\"Organization\",\"@id\":\"https:\/\/www.tfngj.com\/#organization\",\"name\":\"TFN\",\"url\":\"https:\/\/www.tfngj.com\/\",\"logo\":{\"@type\":\"ImageObject\",\"inLanguage\":\"es\",\"@id\":\"https:\/\/www.tfngj.com\/#\/schema\/logo\/image\/\",\"url\":\"https:\/\/www.tfngj.com\/wp-content\/uploads\/2025\/09\/\u9ed1logo.png\",\"contentUrl\":\"https:\/\/www.tfngj.com\/wp-content\/uploads\/2025\/09\/\u9ed1logo.png\",\"width\":939,\"height\":232,\"caption\":\"TFN\"},\"image\":{\"@id\":\"https:\/\/www.tfngj.com\/#\/schema\/logo\/image\/\"},\"sameAs\":[\"https:\/\/www.youtube.com\/@FateTFN\/search\"]}]}<\/script>\n<!-- \/ Yoast SEO plugin. -->","yoast_head_json":{"title":"Comunicaci\u00f3n militar - Experto en pruebas de comunicaci\u00f3n","robots":{"index":"index","follow":"follow","max-snippet":"max-snippet:-1","max-image-preview":"max-image-preview:large","max-video-preview":"max-video-preview:-1"},"canonical":"https:\/\/www.tfngj.com\/es\/comunicacion-militar\/","og_locale":"es_ES","og_type":"article","og_title":"Military Communication - Communication Test Expert","og_description":"With the rapid penetration of the Internet into every sector, network information security has become a key area of national concern. Without cybersecurity, there is no national security. Ensuring the security of networked information systems has therefore become a strategic priority for national defense modernization. TFN provides advanced test and measurement solutions that play a [&hellip;]","og_url":"https:\/\/www.tfngj.com\/es\/comunicacion-militar\/","og_site_name":"Communication Test Expert","article_modified_time":"2025-11-17T09:09:15+00:00","og_image":[{"width":1920,"height":1280,"url":"https:\/\/www.tfngj.com\/wp-content\/uploads\/2025\/09\/military.webp","type":"image\/webp"}],"twitter_card":"summary_large_image","twitter_misc":{"Tiempo de lectura":"2 minutos"},"schema":{"@context":"https:\/\/schema.org","@graph":[{"@type":"WebPage","@id":"https:\/\/www.tfngj.com\/military-communication\/","url":"https:\/\/www.tfngj.com\/military-communication\/","name":"Comunicaci\u00f3n militar - Experto en pruebas de comunicaci\u00f3n","isPartOf":{"@id":"https:\/\/www.tfngj.com\/#website"},"primaryImageOfPage":{"@id":"https:\/\/www.tfngj.com\/military-communication\/#primaryimage"},"image":{"@id":"https:\/\/www.tfngj.com\/military-communication\/#primaryimage"},"thumbnailUrl":"https:\/\/www.tfngj.com\/wp-content\/uploads\/2025\/09\/military.webp","datePublished":"2025-11-17T08:07:36+00:00","dateModified":"2025-11-17T09:09:15+00:00","breadcrumb":{"@id":"https:\/\/www.tfngj.com\/military-communication\/#breadcrumb"},"inLanguage":"es","potentialAction":[{"@type":"ReadAction","target":["https:\/\/www.tfngj.com\/military-communication\/"]}]},{"@type":"ImageObject","inLanguage":"es","@id":"https:\/\/www.tfngj.com\/military-communication\/#primaryimage","url":"https:\/\/www.tfngj.com\/wp-content\/uploads\/2025\/09\/military.webp","contentUrl":"https:\/\/www.tfngj.com\/wp-content\/uploads\/2025\/09\/military.webp"},{"@type":"BreadcrumbList","@id":"https:\/\/www.tfngj.com\/military-communication\/#breadcrumb","itemListElement":[{"@type":"ListItem","position":1,"name":"Home","item":"https:\/\/www.tfngj.com\/"},{"@type":"ListItem","position":2,"name":"Military Communication"}]},{"@type":"WebSite","@id":"https:\/\/www.tfngj.com\/#website","url":"https:\/\/www.tfngj.com\/","name":"TFN-Experto en pruebas de comunicaci\u00f3n","description":"Encuentre soluciones perfectas en TFN","publisher":{"@id":"https:\/\/www.tfngj.com\/#organization"},"alternateName":"TFN","potentialAction":[{"@type":"SearchAction","target":{"@type":"EntryPoint","urlTemplate":"https:\/\/www.tfngj.com\/?s={search_term_string}"},"query-input":{"@type":"PropertyValueSpecification","valueRequired":true,"valueName":"search_term_string"}}],"inLanguage":"es"},{"@type":"Organization","@id":"https:\/\/www.tfngj.com\/#organization","name":"TFN","url":"https:\/\/www.tfngj.com\/","logo":{"@type":"ImageObject","inLanguage":"es","@id":"https:\/\/www.tfngj.com\/#\/schema\/logo\/image\/","url":"https:\/\/www.tfngj.com\/wp-content\/uploads\/2025\/09\/\u9ed1logo.png","contentUrl":"https:\/\/www.tfngj.com\/wp-content\/uploads\/2025\/09\/\u9ed1logo.png","width":939,"height":232,"caption":"TFN"},"image":{"@id":"https:\/\/www.tfngj.com\/#\/schema\/logo\/image\/"},"sameAs":["https:\/\/www.youtube.com\/@FateTFN\/search"]}]}},"_links":{"self":[{"href":"https:\/\/www.tfngj.com\/es\/wp-json\/wp\/v2\/pages\/4617","targetHints":{"allow":["GET"]}}],"collection":[{"href":"https:\/\/www.tfngj.com\/es\/wp-json\/wp\/v2\/pages"}],"about":[{"href":"https:\/\/www.tfngj.com\/es\/wp-json\/wp\/v2\/types\/page"}],"author":[{"embeddable":true,"href":"https:\/\/www.tfngj.com\/es\/wp-json\/wp\/v2\/users\/1"}],"replies":[{"embeddable":true,"href":"https:\/\/www.tfngj.com\/es\/wp-json\/wp\/v2\/comments?post=4617"}],"version-history":[{"count":12,"href":"https:\/\/www.tfngj.com\/es\/wp-json\/wp\/v2\/pages\/4617\/revisions"}],"predecessor-version":[{"id":4639,"href":"https:\/\/www.tfngj.com\/es\/wp-json\/wp\/v2\/pages\/4617\/revisions\/4639"}],"wp:attachment":[{"href":"https:\/\/www.tfngj.com\/es\/wp-json\/wp\/v2\/media?parent=4617"}],"curies":[{"name":"wp","href":"https:\/\/api.w.org\/{rel}","templated":true}]}}