{"id":4592,"date":"2025-11-17T13:32:30","date_gmt":"2025-11-17T05:32:30","guid":{"rendered":"https:\/\/www.tfngj.com\/?page_id=4592"},"modified":"2025-11-18T11:11:57","modified_gmt":"2025-11-18T03:11:57","slug":"operadores-de-telecomunicaciones","status":"publish","type":"page","link":"https:\/\/www.tfngj.com\/es\/operadores-de-telecomunicaciones\/","title":{"rendered":"Operadores de telecomunicaciones"},"content":{"rendered":"<div class=\"wp-block-cover alignfull\" style=\"min-height:487px;aspect-ratio:unset;\"><img loading=\"lazy\" decoding=\"async\" width=\"1920\" height=\"1280\" class=\"wp-block-cover__image-background wp-image-3621 size-large\" alt=\"prueba de comunicaci\u00f3n\" src=\"https:\/\/www.tfngj.com\/wp-content\/uploads\/2025\/09\/communication.webp\" style=\"object-position:48% 14%\" data-object-fit=\"cover\" data-object-position=\"48% 14%\" srcset=\"https:\/\/www.tfngj.com\/wp-content\/uploads\/2025\/09\/communication.webp 1920w, https:\/\/www.tfngj.com\/wp-content\/uploads\/2025\/09\/communication-300x200.webp 300w, https:\/\/www.tfngj.com\/wp-content\/uploads\/2025\/09\/communication-1024x683.webp 1024w, https:\/\/www.tfngj.com\/wp-content\/uploads\/2025\/09\/communication-768x512.webp 768w, https:\/\/www.tfngj.com\/wp-content\/uploads\/2025\/09\/communication-1536x1024.webp 1536w, https:\/\/www.tfngj.com\/wp-content\/uploads\/2025\/09\/communication-18x12.webp 18w, https:\/\/www.tfngj.com\/wp-content\/uploads\/2025\/09\/communication-600x400.webp 600w\" sizes=\"auto, (max-width: 1920px) 100vw, 1920px\" \/><span aria-hidden=\"true\" class=\"wp-block-cover__background has-background-dim-30 has-background-dim\"><\/span><div class=\"wp-block-cover__inner-container is-layout-flow wp-block-cover-is-layout-flow\"><h1 class=\"wp-block-heading has-text-align-center has-5-x-large-font-size\" id=\"telecom-operators\">Operadores de telecomunicaciones<\/h1>\n<\/div><\/div>\n\n\n\n<p style=\"margin-top:var(--wp--preset--spacing--large)\">El r\u00e1pido desarrollo de Internet ha planteado retos a los modelos de negocio tradicionales de los operadores de telecomunicaciones, las tecnolog\u00edas emergentes -como el Internet de las cosas (IoT), la realidad virtual (VR), la realidad aumentada (AR) y la inteligencia artificial (AI)- est\u00e1n impulsando un aumento sin precedentes de la demanda de tr\u00e1fico de red. Como resultado, el sector de las telecomunicaciones est\u00e1 experimentando una profunda transformaci\u00f3n en la forma de suministrar datos y servicios tanto a las empresas como a los consumidores.<\/p>\n\n\n\n<p>Para satisfacer estas necesidades en evoluci\u00f3n, los operadores invierten cada vez m\u00e1s en nuevas \u00e1reas de crecimiento, como el despliegue de 5G, la construcci\u00f3n de estaciones base, los servicios en la nube y la seguridad de las redes. Estos negocios innovadores se han convertido en importantes motores de la futura expansi\u00f3n de los ingresos.<\/p>\n\n\n\n<p>TFN ofrece una completa cartera de soluciones de prueba y medici\u00f3n adaptadas a las necesidades de los operadores de telecomunicaciones modernos. Nuestros instrumentos admiten aplicaciones tradicionales, como la verificaci\u00f3n de FTTx, las pruebas de cables \u00f3pticos y el mantenimiento de redes, al tiempo que cumplen los requisitos de las tecnolog\u00edas de pr\u00f3xima generaci\u00f3n. Para servicios emergentes como el an\u00e1lisis de se\u00f1ales 5G, las pruebas de estaciones base inal\u00e1mbricas y el diagn\u00f3stico de redes de alta velocidad, TFN ofrece herramientas avanzadas que mejoran la eficiencia, la fiabilidad y el rendimiento general de la red.<\/p>\n\n\n\n<p>Al integrar capacidades de ensayo vers\u00e1tiles en los dominios \u00f3ptico, inal\u00e1mbrico y de radiofrecuencia, TFN ayuda a los operadores de telecomunicaciones a optimizar su infraestructura de red, acelerar el despliegue de servicios y garantizar una conectividad estable y de alta calidad para los usuarios finales.<\/p>\n\n\n\n<div class=\"wp-block-columns alignwide are-vertically-aligned-center is-layout-flex wp-container-core-columns-is-layout-b9f7452e wp-block-columns-is-layout-flex\" style=\"margin-top:var(--wp--preset--spacing--x-large)\">\n<div class=\"wp-block-column is-vertically-aligned-center is-layout-flow wp-block-column-is-layout-flow\">\n<figure class=\"wp-block-image size-large\"><img decoding=\"async\" src=\"https:\/\/www.tfngj.com\/wp-content\/uploads\/2025\/11\/optic.jpg\" alt=\"\" style=\"aspect-ratio:16\/9;object-fit:cover\"\/><\/figure>\n<\/div>\n\n\n\n<div class=\"wp-block-column is-vertically-aligned-center is-layout-flow wp-block-column-is-layout-flow\"><h2 class=\"wp-block-heading has-4-x-large-font-size\" id=\"optical-network\">Red \u00f3ptica<\/h2>\n\n\n\n<p>La amplia aplicaci\u00f3n de las redes \u00f3pticas, su gran capacidad y la riqueza de sus interfaces mejoran la capacidad de los operadores para prestar r\u00e1pidamente servicios de alta calidad, reducir los costes de explotaci\u00f3n de las redes y proporcionar nuevos puntos de crecimiento de los beneficios a los operadores de telecomunicaciones.<\/p>\n<\/div>\n<\/div>\n\n\n\n<div class=\"wp-block-columns alignwide are-vertically-aligned-center is-layout-flex wp-container-core-columns-is-layout-b9f7452e wp-block-columns-is-layout-flex\" style=\"margin-top:var(--wp--preset--spacing--x-large)\">\n<div class=\"wp-block-column is-vertically-aligned-center is-layout-flow wp-block-column-is-layout-flow\">\n<figure class=\"wp-block-image size-large\"><img decoding=\"async\" src=\"https:\/\/www.tfngj.com\/wp-content\/uploads\/2025\/11\/11-14.webp\" alt=\"\" style=\"aspect-ratio:16\/9;object-fit:cover\"\/><\/figure>\n<\/div>\n\n\n\n<div class=\"wp-block-column is-vertically-aligned-center is-layout-flow wp-block-column-is-layout-flow\"><h2 class=\"wp-block-heading has-4-x-large-font-size\" id=\"5g-network-and-base-station\">Red 5G y estaci\u00f3n base<\/h2>\n\n\n\n<p>La aplicaci\u00f3n a gran escala de 5G ha hecho que los datos crezcan exponencialmente, y la velocidad de transmisi\u00f3n de datos se ha acelerado gradualmente. Los instrumentos de prueba de TFN pueden comprobar el rendimiento de la transmisi\u00f3n de servicios de datos en redes 5G para garantizar el funcionamiento a alta velocidad de la red.<\/p>\n<\/div>\n<\/div>\n\n\n\n<div class=\"wp-block-columns alignwide are-vertically-aligned-center is-layout-flex wp-container-core-columns-is-layout-b9f7452e wp-block-columns-is-layout-flex\" style=\"margin-top:var(--wp--preset--spacing--x-large)\">\n<div class=\"wp-block-column is-vertically-aligned-center is-layout-flow wp-block-column-is-layout-flow\">\n<figure class=\"wp-block-image size-large\"><img decoding=\"async\" src=\"https:\/\/www.tfngj.com\/wp-content\/uploads\/2025\/11\/server.jpg\" alt=\"\" style=\"aspect-ratio:16\/9;object-fit:cover\"\/><\/figure>\n<\/div>\n\n\n\n<div class=\"wp-block-column is-vertically-aligned-center is-layout-flow wp-block-column-is-layout-flow\"><h2 class=\"wp-block-heading has-4-x-large-font-size\" id=\"cloud-business\">Negocios en la nube<\/h2>\n\n\n\n<p>Con la transformaci\u00f3n digital de los operadores de telecomunicaciones, los servicios en la nube se han convertido en una importante fuerza impulsora del crecimiento de los ingresos de las empresas. Los instrumentos de TFN pueden probar la velocidad de transmisi\u00f3n de informaci\u00f3n de la computaci\u00f3n en nube y garantizar la potencia de c\u00e1lculo de la plataforma en nube.<\/p>\n<\/div>\n<\/div>\n\n\n\n<div class=\"wp-block-columns alignwide are-vertically-aligned-center is-layout-flex wp-container-core-columns-is-layout-b9f7452e wp-block-columns-is-layout-flex\" style=\"margin-top:var(--wp--preset--spacing--x-large)\">\n<div class=\"wp-block-column is-vertically-aligned-center is-layout-flow wp-block-column-is-layout-flow\">\n<figure class=\"wp-block-image size-large\"><img decoding=\"async\" src=\"https:\/\/www.tfngj.com\/wp-content\/uploads\/2025\/11\/cyber-security.jpg\" alt=\"\" style=\"aspect-ratio:16\/9;object-fit:cover\"\/><\/figure>\n<\/div>\n\n\n\n<div class=\"wp-block-column is-vertically-aligned-center is-layout-flow wp-block-column-is-layout-flow\"><h2 class=\"wp-block-heading has-4-x-large-font-size\" id=\"cyber-security\">Ciberseguridad<\/h2>\n\n\n\n<p>Con el crecimiento exponencial de los datos y el desarrollo de redes virtuales m\u00f3viles, la privacidad digital y la seguridad de las redes se han convertido en el centro de atenci\u00f3n. Los instrumentos de TFN pueden garantizar la seguridad de la red y de la informaci\u00f3n en el entorno probado mediante el an\u00e1lisis de interferencias y la identificaci\u00f3n de se\u00f1ales.<\/p>\n<\/div>\n<\/div>\n\n\n<h2 class=\"wp-block-heading alignwide has-text-color has-link-color has-4-x-large-font-size wp-elements-1a1775ed373c6f97f949441955b42713\" style=\"color:#3672d2;margin-top:var(--wp--preset--spacing--2-x-large);margin-bottom:var(--wp--preset--spacing--large)\" id=\"related-products\">Productos relacionados<\/h2>\n\n\n\n<div class=\"wp-block-columns alignwide is-layout-flex wp-container-core-columns-is-layout-28f84493 wp-block-columns-is-layout-flex\">\n<div class=\"wp-block-column is-layout-flow wp-block-column-is-layout-flow\">\n<figure class=\"wp-block-image aligncenter size-full is-resized\"><img loading=\"lazy\" decoding=\"async\" width=\"1000\" height=\"1000\" src=\"https:\/\/www.tfngj.com\/wp-content\/uploads\/2025\/09\/RM7-\u900f\u660e.webp\" alt=\"Comprobador de fibra \u00f3ptica OTDR RM7\" class=\"wp-image-3616\" style=\"width:350px;height:auto\" srcset=\"https:\/\/www.tfngj.com\/wp-content\/uploads\/2025\/09\/RM7-\u900f\u660e.webp 1000w, https:\/\/www.tfngj.com\/wp-content\/uploads\/2025\/09\/RM7-\u900f\u660e-300x300.webp 300w, https:\/\/www.tfngj.com\/wp-content\/uploads\/2025\/09\/RM7-\u900f\u660e-150x150.webp 150w, https:\/\/www.tfngj.com\/wp-content\/uploads\/2025\/09\/RM7-\u900f\u660e-768x768.webp 768w, https:\/\/www.tfngj.com\/wp-content\/uploads\/2025\/09\/RM7-\u900f\u660e-12x12.webp 12w, https:\/\/www.tfngj.com\/wp-content\/uploads\/2025\/09\/RM7-\u900f\u660e-600x600.webp 600w, https:\/\/www.tfngj.com\/wp-content\/uploads\/2025\/09\/RM7-\u900f\u660e-100x100.webp 100w\" sizes=\"auto, (max-width: 1000px) 100vw, 1000px\" \/><\/figure>\n\n\n\n<div class=\"wp-block-buttons is-content-justification-center is-layout-flex wp-container-core-buttons-is-layout-a89b3969 wp-block-buttons-is-layout-flex\">\n<div class=\"wp-block-button is-style-outline is-style-outline--1\"><a class=\"wp-block-button__link wp-element-button\" href=\"https:\/\/www.tfngj.com\/es\/rm7-otdr-de-gama-alta\/\">Comprobador OTDR RM7<\/a><\/div>\n<\/div>\n\n\n\n<p class=\"has-text-align-center\">Rango din\u00e1mico de hasta 50\/48 dB<\/p>\n<\/div>\n\n\n\n<div class=\"wp-block-column is-layout-flow wp-block-column-is-layout-flow\">\n<figure class=\"wp-block-image aligncenter size-full is-resized\"><img loading=\"lazy\" decoding=\"async\" width=\"800\" height=\"800\" src=\"https:\/\/www.tfngj.com\/wp-content\/uploads\/2025\/10\/150-3.webp\" alt=\"analizador de cables y antenas\" class=\"wp-image-3967\" style=\"width:350px;height:auto\" srcset=\"https:\/\/www.tfngj.com\/wp-content\/uploads\/2025\/10\/150-3.webp 800w, https:\/\/www.tfngj.com\/wp-content\/uploads\/2025\/10\/150-3-300x300.webp 300w, https:\/\/www.tfngj.com\/wp-content\/uploads\/2025\/10\/150-3-150x150.webp 150w, https:\/\/www.tfngj.com\/wp-content\/uploads\/2025\/10\/150-3-768x768.webp 768w, https:\/\/www.tfngj.com\/wp-content\/uploads\/2025\/10\/150-3-12x12.webp 12w, https:\/\/www.tfngj.com\/wp-content\/uploads\/2025\/10\/150-3-600x600.webp 600w, https:\/\/www.tfngj.com\/wp-content\/uploads\/2025\/10\/150-3-100x100.webp 100w\" sizes=\"auto, (max-width: 800px) 100vw, 800px\" \/><\/figure>\n\n\n\n<div class=\"wp-block-buttons is-content-justification-center is-layout-flex wp-container-core-buttons-is-layout-a89b3969 wp-block-buttons-is-layout-flex\">\n<div class=\"wp-block-button is-style-outline is-style-outline--2\"><a class=\"wp-block-button__link wp-element-button\" href=\"https:\/\/www.tfngj.com\/es\/150h-l-analizadores-de-antena\/\">150 Analizadores de antenas de cable<\/a><\/div>\n<\/div>\n\n\n\n<p class=\"has-text-align-center\">Gama de frecuencias: de 2 MHz a 4,4 GHz\/6 GHz<\/p>\n<\/div>\n\n\n\n<div class=\"wp-block-column is-layout-flow wp-block-column-is-layout-flow\">\n<figure class=\"wp-block-image aligncenter size-full is-resized\"><img loading=\"lazy\" decoding=\"async\" width=\"800\" height=\"800\" src=\"https:\/\/www.tfngj.com\/wp-content\/uploads\/2025\/09\/RMT-\u900f\u660e.webp\" alt=\"Analizador de espectro RMT\" class=\"wp-image-3618\" style=\"width:350px;height:auto\" srcset=\"https:\/\/www.tfngj.com\/wp-content\/uploads\/2025\/09\/RMT-\u900f\u660e.webp 800w, https:\/\/www.tfngj.com\/wp-content\/uploads\/2025\/09\/RMT-\u900f\u660e-300x300.webp 300w, https:\/\/www.tfngj.com\/wp-content\/uploads\/2025\/09\/RMT-\u900f\u660e-150x150.webp 150w, https:\/\/www.tfngj.com\/wp-content\/uploads\/2025\/09\/RMT-\u900f\u660e-768x768.webp 768w, https:\/\/www.tfngj.com\/wp-content\/uploads\/2025\/09\/RMT-\u900f\u660e-12x12.webp 12w, https:\/\/www.tfngj.com\/wp-content\/uploads\/2025\/09\/RMT-\u900f\u660e-600x600.webp 600w, https:\/\/www.tfngj.com\/wp-content\/uploads\/2025\/09\/RMT-\u900f\u660e-100x100.webp 100w\" sizes=\"auto, (max-width: 800px) 100vw, 800px\" \/><\/figure>\n\n\n\n<div class=\"wp-block-buttons is-content-justification-center is-layout-flex wp-container-core-buttons-is-layout-a89b3969 wp-block-buttons-is-layout-flex\">\n<div class=\"wp-block-button is-style-outline is-style-outline--3\"><a class=\"wp-block-button__link wp-element-button\" href=\"https:\/\/www.tfngj.com\/es\/rmt-spectrum-analyzer\/\">Analizadores de espectro RMT<\/a><\/div>\n<\/div>\n\n\n\n<p class=\"has-text-align-center\">M\u00faltiples opciones de frecuencia de 5 kHz a 40 GHz<\/p>\n<\/div>\n<\/div>\n\n\n\n<div style=\"height:100px\" aria-hidden=\"true\" class=\"wp-block-spacer\"><\/div>","protected":false},"excerpt":{"rendered":"<p>The rapid development of the Internet has posed challenges to the traditional business models of telecom operators, emerging technologies\u2014such as the Internet of Things (IoT), virtual reality (VR), augmented reality (AR), and artificial intelligence (AI)\u2014are driving an unprecedented surge in network traffic demand. As a result, the telecom industry is undergoing a profound transformation in [&hellip;]<\/p>","protected":false},"author":1,"featured_media":0,"parent":0,"menu_order":0,"comment_status":"closed","ping_status":"closed","template":"","meta":{"footnotes":""},"class_list":["post-4592","page","type-page","status-publish","hentry"],"yoast_head":"<!-- This site is optimized with the Yoast SEO plugin v26.6 - https:\/\/yoast.com\/wordpress\/plugins\/seo\/ -->\n<title>Telecom Operators - Communication Test Expert<\/title>\n<meta name=\"robots\" content=\"index, follow, max-snippet:-1, max-image-preview:large, max-video-preview:-1\" \/>\n<link rel=\"canonical\" href=\"https:\/\/www.tfngj.com\/es\/operadores-de-telecomunicaciones\/\" \/>\n<meta property=\"og:locale\" content=\"es_ES\" \/>\n<meta property=\"og:type\" content=\"article\" \/>\n<meta property=\"og:title\" content=\"Telecom Operators - Communication Test Expert\" \/>\n<meta property=\"og:description\" content=\"The rapid development of the Internet has posed challenges to the traditional business models of telecom operators, emerging technologies\u2014such as the Internet of Things (IoT), virtual reality (VR), augmented reality (AR), and artificial intelligence (AI)\u2014are driving an unprecedented surge in network traffic demand. As a result, the telecom industry is undergoing a profound transformation in [&hellip;]\" \/>\n<meta property=\"og:url\" content=\"https:\/\/www.tfngj.com\/es\/operadores-de-telecomunicaciones\/\" \/>\n<meta property=\"og:site_name\" content=\"Communication Test Expert\" \/>\n<meta property=\"article:modified_time\" content=\"2025-11-18T03:11:57+00:00\" \/>\n<meta property=\"og:image\" content=\"https:\/\/www.tfngj.com\/wp-content\/uploads\/2025\/09\/communication.webp\" \/>\n\t<meta property=\"og:image:width\" content=\"1920\" \/>\n\t<meta property=\"og:image:height\" content=\"1280\" \/>\n\t<meta property=\"og:image:type\" content=\"image\/webp\" \/>\n<meta name=\"twitter:card\" content=\"summary_large_image\" \/>\n<meta name=\"twitter:label1\" content=\"Tiempo de lectura\" \/>\n\t<meta name=\"twitter:data1\" content=\"2 minutos\" \/>\n<script type=\"application\/ld+json\" class=\"yoast-schema-graph\">{\"@context\":\"https:\/\/schema.org\",\"@graph\":[{\"@type\":\"WebPage\",\"@id\":\"https:\/\/www.tfngj.com\/telecom-operators\/\",\"url\":\"https:\/\/www.tfngj.com\/telecom-operators\/\",\"name\":\"Telecom Operators - Communication Test Expert\",\"isPartOf\":{\"@id\":\"https:\/\/www.tfngj.com\/#website\"},\"primaryImageOfPage\":{\"@id\":\"https:\/\/www.tfngj.com\/telecom-operators\/#primaryimage\"},\"image\":{\"@id\":\"https:\/\/www.tfngj.com\/telecom-operators\/#primaryimage\"},\"thumbnailUrl\":\"https:\/\/www.tfngj.com\/wp-content\/uploads\/2025\/09\/communication.webp\",\"datePublished\":\"2025-11-17T05:32:30+00:00\",\"dateModified\":\"2025-11-18T03:11:57+00:00\",\"breadcrumb\":{\"@id\":\"https:\/\/www.tfngj.com\/telecom-operators\/#breadcrumb\"},\"inLanguage\":\"es\",\"potentialAction\":[{\"@type\":\"ReadAction\",\"target\":[\"https:\/\/www.tfngj.com\/telecom-operators\/\"]}]},{\"@type\":\"ImageObject\",\"inLanguage\":\"es\",\"@id\":\"https:\/\/www.tfngj.com\/telecom-operators\/#primaryimage\",\"url\":\"https:\/\/www.tfngj.com\/wp-content\/uploads\/2025\/09\/communication.webp\",\"contentUrl\":\"https:\/\/www.tfngj.com\/wp-content\/uploads\/2025\/09\/communication.webp\"},{\"@type\":\"BreadcrumbList\",\"@id\":\"https:\/\/www.tfngj.com\/telecom-operators\/#breadcrumb\",\"itemListElement\":[{\"@type\":\"ListItem\",\"position\":1,\"name\":\"Home\",\"item\":\"https:\/\/www.tfngj.com\/\"},{\"@type\":\"ListItem\",\"position\":2,\"name\":\"Telecom Operators\"}]},{\"@type\":\"WebSite\",\"@id\":\"https:\/\/www.tfngj.com\/#website\",\"url\":\"https:\/\/www.tfngj.com\/\",\"name\":\"TFN-Communication Test Expert\",\"description\":\"Find Perfect Solutions in TFN\",\"publisher\":{\"@id\":\"https:\/\/www.tfngj.com\/#organization\"},\"alternateName\":\"TFN\",\"potentialAction\":[{\"@type\":\"SearchAction\",\"target\":{\"@type\":\"EntryPoint\",\"urlTemplate\":\"https:\/\/www.tfngj.com\/?s={search_term_string}\"},\"query-input\":{\"@type\":\"PropertyValueSpecification\",\"valueRequired\":true,\"valueName\":\"search_term_string\"}}],\"inLanguage\":\"es\"},{\"@type\":\"Organization\",\"@id\":\"https:\/\/www.tfngj.com\/#organization\",\"name\":\"TFN\",\"url\":\"https:\/\/www.tfngj.com\/\",\"logo\":{\"@type\":\"ImageObject\",\"inLanguage\":\"es\",\"@id\":\"https:\/\/www.tfngj.com\/#\/schema\/logo\/image\/\",\"url\":\"https:\/\/www.tfngj.com\/wp-content\/uploads\/2025\/09\/\u9ed1logo.png\",\"contentUrl\":\"https:\/\/www.tfngj.com\/wp-content\/uploads\/2025\/09\/\u9ed1logo.png\",\"width\":939,\"height\":232,\"caption\":\"TFN\"},\"image\":{\"@id\":\"https:\/\/www.tfngj.com\/#\/schema\/logo\/image\/\"},\"sameAs\":[\"https:\/\/www.youtube.com\/@FateTFN\/search\"]}]}<\/script>\n<!-- \/ Yoast SEO plugin. -->","yoast_head_json":{"title":"Operadores de telecomunicaciones - Experto en pruebas de comunicaci\u00f3n","robots":{"index":"index","follow":"follow","max-snippet":"max-snippet:-1","max-image-preview":"max-image-preview:large","max-video-preview":"max-video-preview:-1"},"canonical":"https:\/\/www.tfngj.com\/es\/operadores-de-telecomunicaciones\/","og_locale":"es_ES","og_type":"article","og_title":"Telecom Operators - Communication Test Expert","og_description":"The rapid development of the Internet has posed challenges to the traditional business models of telecom operators, emerging technologies\u2014such as the Internet of Things (IoT), virtual reality (VR), augmented reality (AR), and artificial intelligence (AI)\u2014are driving an unprecedented surge in network traffic demand. As a result, the telecom industry is undergoing a profound transformation in [&hellip;]","og_url":"https:\/\/www.tfngj.com\/es\/operadores-de-telecomunicaciones\/","og_site_name":"Communication Test Expert","article_modified_time":"2025-11-18T03:11:57+00:00","og_image":[{"width":1920,"height":1280,"url":"https:\/\/www.tfngj.com\/wp-content\/uploads\/2025\/09\/communication.webp","type":"image\/webp"}],"twitter_card":"summary_large_image","twitter_misc":{"Tiempo de lectura":"2 minutos"},"schema":{"@context":"https:\/\/schema.org","@graph":[{"@type":"WebPage","@id":"https:\/\/www.tfngj.com\/telecom-operators\/","url":"https:\/\/www.tfngj.com\/telecom-operators\/","name":"Operadores de telecomunicaciones - Experto en pruebas de comunicaci\u00f3n","isPartOf":{"@id":"https:\/\/www.tfngj.com\/#website"},"primaryImageOfPage":{"@id":"https:\/\/www.tfngj.com\/telecom-operators\/#primaryimage"},"image":{"@id":"https:\/\/www.tfngj.com\/telecom-operators\/#primaryimage"},"thumbnailUrl":"https:\/\/www.tfngj.com\/wp-content\/uploads\/2025\/09\/communication.webp","datePublished":"2025-11-17T05:32:30+00:00","dateModified":"2025-11-18T03:11:57+00:00","breadcrumb":{"@id":"https:\/\/www.tfngj.com\/telecom-operators\/#breadcrumb"},"inLanguage":"es","potentialAction":[{"@type":"ReadAction","target":["https:\/\/www.tfngj.com\/telecom-operators\/"]}]},{"@type":"ImageObject","inLanguage":"es","@id":"https:\/\/www.tfngj.com\/telecom-operators\/#primaryimage","url":"https:\/\/www.tfngj.com\/wp-content\/uploads\/2025\/09\/communication.webp","contentUrl":"https:\/\/www.tfngj.com\/wp-content\/uploads\/2025\/09\/communication.webp"},{"@type":"BreadcrumbList","@id":"https:\/\/www.tfngj.com\/telecom-operators\/#breadcrumb","itemListElement":[{"@type":"ListItem","position":1,"name":"Home","item":"https:\/\/www.tfngj.com\/"},{"@type":"ListItem","position":2,"name":"Telecom Operators"}]},{"@type":"WebSite","@id":"https:\/\/www.tfngj.com\/#website","url":"https:\/\/www.tfngj.com\/","name":"TFN-Experto en pruebas de comunicaci\u00f3n","description":"Encuentre soluciones perfectas en TFN","publisher":{"@id":"https:\/\/www.tfngj.com\/#organization"},"alternateName":"TFN","potentialAction":[{"@type":"SearchAction","target":{"@type":"EntryPoint","urlTemplate":"https:\/\/www.tfngj.com\/?s={search_term_string}"},"query-input":{"@type":"PropertyValueSpecification","valueRequired":true,"valueName":"search_term_string"}}],"inLanguage":"es"},{"@type":"Organization","@id":"https:\/\/www.tfngj.com\/#organization","name":"TFN","url":"https:\/\/www.tfngj.com\/","logo":{"@type":"ImageObject","inLanguage":"es","@id":"https:\/\/www.tfngj.com\/#\/schema\/logo\/image\/","url":"https:\/\/www.tfngj.com\/wp-content\/uploads\/2025\/09\/\u9ed1logo.png","contentUrl":"https:\/\/www.tfngj.com\/wp-content\/uploads\/2025\/09\/\u9ed1logo.png","width":939,"height":232,"caption":"TFN"},"image":{"@id":"https:\/\/www.tfngj.com\/#\/schema\/logo\/image\/"},"sameAs":["https:\/\/www.youtube.com\/@FateTFN\/search"]}]}},"_links":{"self":[{"href":"https:\/\/www.tfngj.com\/es\/wp-json\/wp\/v2\/pages\/4592","targetHints":{"allow":["GET"]}}],"collection":[{"href":"https:\/\/www.tfngj.com\/es\/wp-json\/wp\/v2\/pages"}],"about":[{"href":"https:\/\/www.tfngj.com\/es\/wp-json\/wp\/v2\/types\/page"}],"author":[{"embeddable":true,"href":"https:\/\/www.tfngj.com\/es\/wp-json\/wp\/v2\/users\/1"}],"replies":[{"embeddable":true,"href":"https:\/\/www.tfngj.com\/es\/wp-json\/wp\/v2\/comments?post=4592"}],"version-history":[{"count":13,"href":"https:\/\/www.tfngj.com\/es\/wp-json\/wp\/v2\/pages\/4592\/revisions"}],"predecessor-version":[{"id":4653,"href":"https:\/\/www.tfngj.com\/es\/wp-json\/wp\/v2\/pages\/4592\/revisions\/4653"}],"wp:attachment":[{"href":"https:\/\/www.tfngj.com\/es\/wp-json\/wp\/v2\/media?parent=4592"}],"curies":[{"name":"wp","href":"https:\/\/api.w.org\/{rel}","templated":true}]}}