{"id":4133,"date":"2025-10-31T11:27:13","date_gmt":"2025-10-31T03:27:13","guid":{"rendered":"https:\/\/www.tfngj.com\/?page_id=4133"},"modified":"2025-11-03T13:38:28","modified_gmt":"2025-11-03T05:38:28","slug":"cable-tying-machine","status":"publish","type":"page","link":"https:\/\/www.tfngj.com\/es\/cable-tying-machine\/","title":{"rendered":"M\u00e1quina atadora de cables"},"content":{"rendered":"<div class=\"wp-block-cover alignfull is-light wp-duotone-unset-1\" style=\"border-radius:0px;margin-top:0;margin-bottom:0;padding-top:0;padding-bottom:0;font-size:clamp(3.615rem, 3.615rem + ((1vw - 0.2rem) * 4.856), 7.5rem);min-height:468px;aspect-ratio:unset;\"><img loading=\"lazy\" decoding=\"async\" width=\"2560\" height=\"1280\" class=\"wp-block-cover__image-background wp-image-2550 size-full\" alt=\"\" src=\"https:\/\/www.tfngj.com\/wp-content\/uploads\/2025\/10\/back-2-scaled.webp\" data-object-fit=\"cover\" srcset=\"https:\/\/www.tfngj.com\/wp-content\/uploads\/2025\/10\/back-2-scaled.webp 2560w, https:\/\/www.tfngj.com\/wp-content\/uploads\/2025\/10\/back-2-300x150.webp 300w, https:\/\/www.tfngj.com\/wp-content\/uploads\/2025\/10\/back-2-1024x512.webp 1024w, https:\/\/www.tfngj.com\/wp-content\/uploads\/2025\/10\/back-2-768x384.webp 768w, https:\/\/www.tfngj.com\/wp-content\/uploads\/2025\/10\/back-2-1536x768.webp 1536w, https:\/\/www.tfngj.com\/wp-content\/uploads\/2025\/10\/back-2-2048x1024.webp 2048w, https:\/\/www.tfngj.com\/wp-content\/uploads\/2025\/10\/back-2-18x9.webp 18w, https:\/\/www.tfngj.com\/wp-content\/uploads\/2025\/10\/back-2-600x300.webp 600w\" sizes=\"auto, (max-width: 2560px) 100vw, 2560px\" \/><span aria-hidden=\"true\" class=\"wp-block-cover__background has-background-dim-30 has-background-dim\" style=\"background-color:#359aca\"><\/span><div class=\"wp-block-cover__inner-container has-global-padding is-layout-constrained wp-container-core-cover-is-layout-ad1af2a0 wp-block-cover-is-layout-constrained\"><h1 class=\"wp-block-heading alignfull has-text-align-center has-neutral-0-color has-text-color has-link-color has-5-x-large-font-size wp-elements-e39feb518cceb3bf13794270a390d7b2\" style=\"margin-right:0;margin-left:0;text-transform:capitalize\" id=\"cable-tying-machine\">M\u00e1quina atadora de cables<\/h1>\n\n\n\n<p class=\"has-text-align-center has-neutral-0-color has-text-color has-link-color has-large-font-size wp-elements-f0a0d8cf692ac471f3a1be186684c0ae\" style=\"margin-top:var(--wp--preset--spacing--x-small)\">Se trata de completar las operaciones de fijaci\u00f3n y agrupamiento de cables a gran altitud mediante tecnolog\u00eda automatizada<\/p>\n<\/div><\/div>\n\n\n\n<div class=\"wp-block-group alignfull has-global-padding is-content-justification-center is-layout-constrained wp-container-core-group-is-layout-df757ecc wp-block-group-is-layout-constrained\" style=\"margin-top:0;margin-bottom:0;padding-top:calc( 0.5 * var(--wp--style--root--padding-right, var(--wp--custom--gap--horizontal)));padding-right:var(--wp--style--root--padding-right, var(--wp--custom--gap--horizontal));padding-bottom:calc( 0.5 * var(--wp--style--root--padding-right, var(--wp--custom--gap--horizontal)));padding-left:var(--wp--style--root--padding-left, var(--wp--custom--gap--horizontal))\">\n<div style=\"height:0px\" aria-hidden=\"true\" class=\"wp-block-spacer\"><\/div>\n\n\n\n<div style=\"height:calc( 0.25 * var(--wp--style--root--padding-right, var(--wp--custom--gap--horizontal)))\" aria-hidden=\"true\" class=\"wp-block-spacer\"><\/div>\n<\/div>\n\n\n\n<div class=\"wp-block-columns alignwide are-vertically-aligned-center is-layout-flex wp-container-core-columns-is-layout-37dbaa11 wp-block-columns-is-layout-flex\" style=\"margin-top:var(--wp--preset--spacing--x-large);margin-bottom:var(--wp--preset--spacing--x-large)\">\n<div class=\"wp-block-column is-vertically-aligned-center is-layout-flow wp-block-column-is-layout-flow\" style=\"flex-basis:33.33%\"><h2 class=\"wp-block-heading has-5-x-large-font-size\" id=\"highlights\"><mark style=\"background-color:rgba(0, 0, 0, 0);color:#2588cc\" class=\"has-inline-color\">Caracter\u00edstica<\/mark><\/h2>\n\n\n\n<figure class=\"wp-block-image aligncenter size-large\" style=\"margin-right:0;margin-left:0;padding-right:0;padding-left:0\"><img decoding=\"async\" src=\"https:\/\/www.tfngj.com\/wp-content\/uploads\/2025\/10\/cable-tying-machine.webp\" alt=\"\"\/><\/figure>\n<\/div>\n\n\n\n<div class=\"wp-block-column is-vertically-aligned-center is-layout-flow wp-container-core-column-is-layout-c7b3064f wp-block-column-is-layout-flow\" style=\"flex-basis:66.66%\"><ul style=\"margin-right:0;--plover--style--block-gap:var(--wp--preset--spacing--2-x-small);\" class=\"wp-block-list is-style-check-circle\">\n<li>Equipado con varillas aislantes profesionales de alta tensi\u00f3n que pueden soportar 100.000 voltios de electricidad fuerte ; los operadores no necesitan subir a gran altura, y pueden completar todas las operaciones a trav\u00e9s de control remoto en tierra, maximizando el factor de seguridad.<\/li>\n\n\n\n<li>Un haz se completa en 0,6 segundos, y cada d\u00eda se pueden fijar f\u00e1cilmente 5 kil\u00f3metros de cables.<\/li>\n\n\n\n<li>Equipada con un mando a distancia de 20 metros que puede manejarse a trav\u00e9s de paredes. El control de un solo toque completa autom\u00e1ticamente todo el proceso de hilado, atado y corte , ahorrando tiempo y esfuerzo.<\/li>\n\n\n\n<li>Equipada con una bater\u00eda de litio de gran capacidad de 12.000 mAh, puede funcionar de forma continua durante m\u00e1s de 1.500 veces (unos 3 kil\u00f3metros) cuando est\u00e1 totalmente cargada, y s\u00f3lo tarda 1,5 horas en cargarse, satisfaciendo las necesidades de las operaciones de alta intensidad durante todo el d\u00eda.<\/li>\n\n\n\n<li>8-58mm amplio rango de atado, puede atar 8-12 cables a la vez, el dise\u00f1o cl\u00e1sico del cabezal de atado en forma de Y hace que los cables sean m\u00e1s f\u00e1ciles de colocar.<\/li>\n<\/ul>\n\n\n\n<div class=\"wp-block-buttons is-content-justification-center is-layout-flex wp-container-core-buttons-is-layout-a89b3969 wp-block-buttons-is-layout-flex\">\n<div class=\"wp-block-button\"><a class=\"wp-block-button__link wp-element-button\" href=\"https:\/\/www.tfngj.com\/es\/contact-us\/\">Solicitar cotizaci\u00f3n<\/a><\/div>\n<\/div>\n<\/div>\n<\/div>\n\n\n<h2 class=\"wp-block-heading alignwide has-text-align-left\" style=\"margin-top:var(--wp--preset--spacing--large);padding-left:0rem;font-size:clamp(1.743rem, 1.743rem + ((1vw - 0.2rem) * 1.571), 3rem);\" id=\"specifications\"><mark style=\"background-color:rgba(0, 0, 0, 0);color:#2588cc\" class=\"has-inline-color\">par\u00e1metros de configuraci\u00f3n<\/mark><\/h2>\n\n\n\n<figure class=\"wp-block-table is-style-stripes\"><table class=\"has-background\" style=\"background-color:#90caf191\"><tbody><tr><td><\/td><td>M\u00e1quina atadora de cables<\/td><\/tr><tr><td>Gama de paquetes<\/td><td>8-58 mm<\/td><\/tr><tr><td>Di\u00e1metro del cable<\/td><td>0,85 mm (alambre de hierro recubierto)<\/td><\/tr><tr><td>Tensi\u00f3n nominal<\/td><td>12.8V<\/td><\/tr><tr><td>Tama\u00f1o del paquete<\/td><td>80*48*11,5 cm<\/td><\/tr><\/tbody><\/table><\/figure>\n\n\n\n<div class=\"wp-block-buttons is-layout-flex wp-block-buttons-is-layout-flex\">\n<div class=\"wp-block-button is-style-ghost\"><a class=\"wp-block-button__link wp-element-button\" href=\"https:\/\/www.tfngj.com\/wp-content\/uploads\/2025\/pdf\/Cable-Tying-Machine.pdf\">Descarga manual<\/a><\/div>\n<\/div>\n\n\n\n<div class=\"wp-block-columns alignwide are-vertically-aligned-center is-layout-flex wp-container-core-columns-is-layout-bd93ecdd wp-block-columns-is-layout-flex\" style=\"margin-top:var(--wp--preset--spacing--2-x-large)\">\n<div class=\"wp-block-column is-vertically-aligned-center is-layout-flow wp-block-column-is-layout-flow\" style=\"flex-basis:44%\">\n<figure class=\"wp-block-image size-large\"><img loading=\"lazy\" decoding=\"async\" width=\"1024\" height=\"682\" src=\"https:\/\/www.tfngj.com\/wp-content\/uploads\/2025\/10\/pexels-onbab-7359568-1024x682.jpg\" alt=\"\" class=\"wp-image-2974\" srcset=\"https:\/\/www.tfngj.com\/wp-content\/uploads\/2025\/10\/pexels-onbab-7359568-1024x682.jpg 1024w, https:\/\/www.tfngj.com\/wp-content\/uploads\/2025\/10\/pexels-onbab-7359568-300x200.jpg 300w, https:\/\/www.tfngj.com\/wp-content\/uploads\/2025\/10\/pexels-onbab-7359568-768x512.jpg 768w, https:\/\/www.tfngj.com\/wp-content\/uploads\/2025\/10\/pexels-onbab-7359568-18x12.jpg 18w, https:\/\/www.tfngj.com\/wp-content\/uploads\/2025\/10\/pexels-onbab-7359568-600x400.jpg 600w, https:\/\/www.tfngj.com\/wp-content\/uploads\/2025\/10\/pexels-onbab-7359568.jpg 1280w\" sizes=\"auto, (max-width: 1024px) 100vw, 1024px\" \/><\/figure>\n<\/div>\n\n\n\n<div class=\"wp-block-column is-vertically-aligned-center is-layout-flow wp-block-column-is-layout-flow\" style=\"flex-basis:56%\"><h2 class=\"wp-block-heading has-2-x-large-font-size\" id=\"application-scenarios\">Escenarios de aplicaci\u00f3n<\/h2>\n\n\n<ul class=\"wp-block-list\" style=\"\">\n<li>Ingenier\u00eda de fijaci\u00f3n a\u00e9rea de cables \u00f3pticos\/el\u00e9ctricos de comunicaciones<\/li>\n\n\n\n<li>Construcci\u00f3n de l\u00edneas a\u00e9reas de fibra hasta el hogar (FTTH)<\/li>\n\n\n\n<li>Mantenimiento y agrupamiento de hilos y cables urbanos<\/li>\n\n\n\n<li>En cualquier ocasi\u00f3n en que sea necesario sustituir las p\u00e9rtigas de escalada manuales para la fijaci\u00f3n de cables a gran altitud.<\/li>\n<\/ul>\n<\/div>\n<\/div>\n\n\n\n<div style=\"height:68px\" aria-hidden=\"true\" class=\"wp-block-spacer\"><\/div>\n\n\n<h2 class=\"wp-block-heading has-text-align-center\" id=\"faqs\"><mark style=\"background-color:rgba(0, 0, 0, 0);color:#2588cc\" class=\"has-inline-color\">Preguntas frecuentes<\/mark><\/h2>\n\n\n\n<details class=\"wp-block-details has-border-color is-layout-flow wp-block-details-is-layout-flow\" style=\"border-color:#4083ca;border-width:2px;line-height:1.8\" open><summary>\u00bfQu\u00e9 opciones log\u00edsticas ofrecen?<\/summary>\n<p>Ofrecemos soluciones log\u00edsticas optimizadas en funci\u00f3n de la urgencia de su pedido, el tama\u00f1o, el peso y su ubicaci\u00f3n:<\/p>\n\n\n\n<p>Expr\u00e9s internacional: Adecuado para muestras, pedidos urgentes y peque\u00f1os env\u00edos de menos de 22 lb. Colaboramos con los mejores proveedores log\u00edsticos como DHL, FedEx y UPS, ofreciendo seguimiento puerta a puerta.<\/p>\n\n\n\n<p>Transporte a\u00e9reo: Adecuado para pedidos medianos y grandes o equipos completos urgentes, ya que ofrece un equilibrio eficaz entre coste y rapidez.<\/p>\n\n\n\n<p>Flete mar\u00edtimo: Adecuado para pedidos de gran volumen y el m\u00e9todo de env\u00edo m\u00e1s econ\u00f3mico. Ofrecemos FOB, C&amp;F y CIF.<\/p>\n<\/details>\n\n\n\n<details class=\"wp-block-details has-border-color is-layout-flow wp-block-details-is-layout-flow\" style=\"border-color:#4083ca;border-width:2px\"><summary>\u00bfCu\u00e1l es el plazo de entrega?<\/summary>\n<p>Para nuestros productos est\u00e1ndar, si est\u00e1n en stock y listos para su env\u00edo, el plazo de entrega es de unos 7-10 d\u00edas. Para nuestros productos opcionales, el plazo de entrega es de unos 25-30 d\u00edas.<\/p>\n<\/details>\n\n\n\n<details class=\"wp-block-details has-border-color is-layout-flow wp-block-details-is-layout-flow\" style=\"border-color:#4083ca;border-width:2px\"><summary>\u00bfCu\u00e1l es el periodo de garant\u00eda del producto?<\/summary>\n<p>Confiamos en la calidad y fiabilidad de nuestros productos.<\/p>\n\n\n\n<p>Ofrecemos una garant\u00eda est\u00e1ndar de 12 meses para todos los instrumentos, a partir de la fecha de llegada al puerto de destino.<\/p>\n\n\n\n<p>Tambi\u00e9n hay disponibles garant\u00edas ampliadas; p\u00f3ngase en contacto con nuestro equipo de ventas para obtener m\u00e1s informaci\u00f3n.<\/p>\n<\/details>\n\n\n\n<div style=\"height:59px\" aria-hidden=\"true\" class=\"wp-block-spacer\"><\/div>","protected":false},"excerpt":{"rendered":"<p>Especificaciones M\u00e1quina atadora de cables Rango de atado 8-58mm Di\u00e1metro del alambre 0,85mm (alambre de hierro recubierto) Tensi\u00f3n nominal 12,8V Tama\u00f1o del paquete 80*48*11,5 cm Escenarios de aplicaci\u00f3n Preguntas frecuentes<\/p>","protected":false},"author":1,"featured_media":0,"parent":0,"menu_order":0,"comment_status":"closed","ping_status":"closed","template":"","meta":{"footnotes":""},"class_list":["post-4133","page","type-page","status-publish","hentry"],"yoast_head":"<!-- This site is optimized with the Yoast SEO plugin v26.6 - https:\/\/yoast.com\/wordpress\/plugins\/seo\/ -->\n<title>Cable Tying Machine - Communication Test Expert<\/title>\n<meta name=\"robots\" content=\"index, follow, max-snippet:-1, max-image-preview:large, max-video-preview:-1\" \/>\n<link rel=\"canonical\" href=\"https:\/\/www.tfngj.com\/es\/cable-tying-machine\/\" \/>\n<meta property=\"og:locale\" content=\"es_ES\" \/>\n<meta property=\"og:type\" content=\"article\" \/>\n<meta property=\"og:title\" content=\"Cable Tying Machine - Communication Test Expert\" \/>\n<meta property=\"og:description\" content=\"Highlights Specifications Cable Tying Machine Bundling range 8-58mm Wire diameter 0.85mm (coated iron wire) Rated voltage 12.8V Package Size 80*48*11.5 cm Application Scenarios FAQs\" \/>\n<meta property=\"og:url\" content=\"https:\/\/www.tfngj.com\/es\/cable-tying-machine\/\" \/>\n<meta property=\"og:site_name\" content=\"Communication Test Expert\" \/>\n<meta property=\"article:modified_time\" content=\"2025-11-03T05:38:28+00:00\" \/>\n<meta property=\"og:image\" content=\"https:\/\/www.tfngj.com\/wp-content\/uploads\/2025\/10\/back-2-scaled.webp\" \/>\n\t<meta property=\"og:image:width\" content=\"2560\" \/>\n\t<meta property=\"og:image:height\" content=\"1280\" \/>\n\t<meta property=\"og:image:type\" content=\"image\/webp\" \/>\n<meta name=\"twitter:card\" content=\"summary_large_image\" \/>\n<meta name=\"twitter:label1\" content=\"Tiempo de lectura\" \/>\n\t<meta name=\"twitter:data1\" content=\"2 minutos\" \/>\n<script type=\"application\/ld+json\" class=\"yoast-schema-graph\">{\"@context\":\"https:\/\/schema.org\",\"@graph\":[{\"@type\":\"WebPage\",\"@id\":\"https:\/\/www.tfngj.com\/cable-tying-machine\/\",\"url\":\"https:\/\/www.tfngj.com\/cable-tying-machine\/\",\"name\":\"Cable Tying Machine - Communication Test Expert\",\"isPartOf\":{\"@id\":\"https:\/\/www.tfngj.com\/#website\"},\"primaryImageOfPage\":{\"@id\":\"https:\/\/www.tfngj.com\/cable-tying-machine\/#primaryimage\"},\"image\":{\"@id\":\"https:\/\/www.tfngj.com\/cable-tying-machine\/#primaryimage\"},\"thumbnailUrl\":\"https:\/\/www.tfngj.com\/wp-content\/uploads\/2025\/10\/back-2-scaled.webp\",\"datePublished\":\"2025-10-31T03:27:13+00:00\",\"dateModified\":\"2025-11-03T05:38:28+00:00\",\"breadcrumb\":{\"@id\":\"https:\/\/www.tfngj.com\/cable-tying-machine\/#breadcrumb\"},\"inLanguage\":\"es\",\"potentialAction\":[{\"@type\":\"ReadAction\",\"target\":[\"https:\/\/www.tfngj.com\/cable-tying-machine\/\"]}]},{\"@type\":\"ImageObject\",\"inLanguage\":\"es\",\"@id\":\"https:\/\/www.tfngj.com\/cable-tying-machine\/#primaryimage\",\"url\":\"https:\/\/www.tfngj.com\/wp-content\/uploads\/2025\/10\/back-2-scaled.webp\",\"contentUrl\":\"https:\/\/www.tfngj.com\/wp-content\/uploads\/2025\/10\/back-2-scaled.webp\"},{\"@type\":\"BreadcrumbList\",\"@id\":\"https:\/\/www.tfngj.com\/cable-tying-machine\/#breadcrumb\",\"itemListElement\":[{\"@type\":\"ListItem\",\"position\":1,\"name\":\"Home\",\"item\":\"https:\/\/www.tfngj.com\/\"},{\"@type\":\"ListItem\",\"position\":2,\"name\":\"Cable Tying Machine\"}]},{\"@type\":\"WebSite\",\"@id\":\"https:\/\/www.tfngj.com\/#website\",\"url\":\"https:\/\/www.tfngj.com\/\",\"name\":\"TFN-Communication Test Expert\",\"description\":\"Find Perfect Solutions in TFN\",\"publisher\":{\"@id\":\"https:\/\/www.tfngj.com\/#organization\"},\"alternateName\":\"TFN\",\"potentialAction\":[{\"@type\":\"SearchAction\",\"target\":{\"@type\":\"EntryPoint\",\"urlTemplate\":\"https:\/\/www.tfngj.com\/?s={search_term_string}\"},\"query-input\":{\"@type\":\"PropertyValueSpecification\",\"valueRequired\":true,\"valueName\":\"search_term_string\"}}],\"inLanguage\":\"es\"},{\"@type\":\"Organization\",\"@id\":\"https:\/\/www.tfngj.com\/#organization\",\"name\":\"TFN\",\"url\":\"https:\/\/www.tfngj.com\/\",\"logo\":{\"@type\":\"ImageObject\",\"inLanguage\":\"es\",\"@id\":\"https:\/\/www.tfngj.com\/#\/schema\/logo\/image\/\",\"url\":\"https:\/\/www.tfngj.com\/wp-content\/uploads\/2025\/09\/\u9ed1logo.png\",\"contentUrl\":\"https:\/\/www.tfngj.com\/wp-content\/uploads\/2025\/09\/\u9ed1logo.png\",\"width\":939,\"height\":232,\"caption\":\"TFN\"},\"image\":{\"@id\":\"https:\/\/www.tfngj.com\/#\/schema\/logo\/image\/\"},\"sameAs\":[\"https:\/\/www.youtube.com\/@FateTFN\/search\"]}]}<\/script>\n<!-- \/ Yoast SEO plugin. -->","yoast_head_json":{"title":"M\u00e1quina atadora de cables - Experto en pruebas de comunicaci\u00f3n","robots":{"index":"index","follow":"follow","max-snippet":"max-snippet:-1","max-image-preview":"max-image-preview:large","max-video-preview":"max-video-preview:-1"},"canonical":"https:\/\/www.tfngj.com\/es\/cable-tying-machine\/","og_locale":"es_ES","og_type":"article","og_title":"Cable Tying Machine - Communication Test Expert","og_description":"Highlights Specifications Cable Tying Machine Bundling range 8-58mm Wire diameter 0.85mm (coated iron wire) Rated voltage 12.8V Package Size 80*48*11.5 cm Application Scenarios FAQs","og_url":"https:\/\/www.tfngj.com\/es\/cable-tying-machine\/","og_site_name":"Communication Test Expert","article_modified_time":"2025-11-03T05:38:28+00:00","og_image":[{"width":2560,"height":1280,"url":"https:\/\/www.tfngj.com\/wp-content\/uploads\/2025\/10\/back-2-scaled.webp","type":"image\/webp"}],"twitter_card":"summary_large_image","twitter_misc":{"Tiempo de lectura":"2 minutos"},"schema":{"@context":"https:\/\/schema.org","@graph":[{"@type":"WebPage","@id":"https:\/\/www.tfngj.com\/cable-tying-machine\/","url":"https:\/\/www.tfngj.com\/cable-tying-machine\/","name":"M\u00e1quina atadora de cables - Experto en pruebas de comunicaci\u00f3n","isPartOf":{"@id":"https:\/\/www.tfngj.com\/#website"},"primaryImageOfPage":{"@id":"https:\/\/www.tfngj.com\/cable-tying-machine\/#primaryimage"},"image":{"@id":"https:\/\/www.tfngj.com\/cable-tying-machine\/#primaryimage"},"thumbnailUrl":"https:\/\/www.tfngj.com\/wp-content\/uploads\/2025\/10\/back-2-scaled.webp","datePublished":"2025-10-31T03:27:13+00:00","dateModified":"2025-11-03T05:38:28+00:00","breadcrumb":{"@id":"https:\/\/www.tfngj.com\/cable-tying-machine\/#breadcrumb"},"inLanguage":"es","potentialAction":[{"@type":"ReadAction","target":["https:\/\/www.tfngj.com\/cable-tying-machine\/"]}]},{"@type":"ImageObject","inLanguage":"es","@id":"https:\/\/www.tfngj.com\/cable-tying-machine\/#primaryimage","url":"https:\/\/www.tfngj.com\/wp-content\/uploads\/2025\/10\/back-2-scaled.webp","contentUrl":"https:\/\/www.tfngj.com\/wp-content\/uploads\/2025\/10\/back-2-scaled.webp"},{"@type":"BreadcrumbList","@id":"https:\/\/www.tfngj.com\/cable-tying-machine\/#breadcrumb","itemListElement":[{"@type":"ListItem","position":1,"name":"Home","item":"https:\/\/www.tfngj.com\/"},{"@type":"ListItem","position":2,"name":"Cable Tying Machine"}]},{"@type":"WebSite","@id":"https:\/\/www.tfngj.com\/#website","url":"https:\/\/www.tfngj.com\/","name":"TFN-Experto en pruebas de comunicaci\u00f3n","description":"Encuentre soluciones perfectas en TFN","publisher":{"@id":"https:\/\/www.tfngj.com\/#organization"},"alternateName":"TFN","potentialAction":[{"@type":"SearchAction","target":{"@type":"EntryPoint","urlTemplate":"https:\/\/www.tfngj.com\/?s={search_term_string}"},"query-input":{"@type":"PropertyValueSpecification","valueRequired":true,"valueName":"search_term_string"}}],"inLanguage":"es"},{"@type":"Organization","@id":"https:\/\/www.tfngj.com\/#organization","name":"TFN","url":"https:\/\/www.tfngj.com\/","logo":{"@type":"ImageObject","inLanguage":"es","@id":"https:\/\/www.tfngj.com\/#\/schema\/logo\/image\/","url":"https:\/\/www.tfngj.com\/wp-content\/uploads\/2025\/09\/\u9ed1logo.png","contentUrl":"https:\/\/www.tfngj.com\/wp-content\/uploads\/2025\/09\/\u9ed1logo.png","width":939,"height":232,"caption":"TFN"},"image":{"@id":"https:\/\/www.tfngj.com\/#\/schema\/logo\/image\/"},"sameAs":["https:\/\/www.youtube.com\/@FateTFN\/search"]}]}},"_links":{"self":[{"href":"https:\/\/www.tfngj.com\/es\/wp-json\/wp\/v2\/pages\/4133","targetHints":{"allow":["GET"]}}],"collection":[{"href":"https:\/\/www.tfngj.com\/es\/wp-json\/wp\/v2\/pages"}],"about":[{"href":"https:\/\/www.tfngj.com\/es\/wp-json\/wp\/v2\/types\/page"}],"author":[{"embeddable":true,"href":"https:\/\/www.tfngj.com\/es\/wp-json\/wp\/v2\/users\/1"}],"replies":[{"embeddable":true,"href":"https:\/\/www.tfngj.com\/es\/wp-json\/wp\/v2\/comments?post=4133"}],"version-history":[{"count":9,"href":"https:\/\/www.tfngj.com\/es\/wp-json\/wp\/v2\/pages\/4133\/revisions"}],"predecessor-version":[{"id":4253,"href":"https:\/\/www.tfngj.com\/es\/wp-json\/wp\/v2\/pages\/4133\/revisions\/4253"}],"wp:attachment":[{"href":"https:\/\/www.tfngj.com\/es\/wp-json\/wp\/v2\/media?parent=4133"}],"curies":[{"name":"wp","href":"https:\/\/api.w.org\/{rel}","templated":true}]}}