{"id":4097,"date":"2025-10-29T17:00:28","date_gmt":"2025-10-29T09:00:28","guid":{"rendered":"https:\/\/ceshi.tfngw.com\/?page_id=4097"},"modified":"2025-11-21T17:05:43","modified_gmt":"2025-11-21T09:05:43","slug":"microscopio-de-fibra-frontal-mpx3","status":"publish","type":"page","link":"https:\/\/www.tfngj.com\/es\/comprobadores-de-fibra-optica\/microscopio-de-fibra-frontal-mpx3\/","title":{"rendered":"Microscopio de fibra \u00f3ptica MPX3"},"content":{"rendered":"<div class=\"wp-block-cover alignfull is-light wp-duotone-unset-1\" style=\"border-radius:0px;margin-top:0;margin-bottom:0;padding-top:0;padding-bottom:0;font-size:clamp(3.615rem, 3.615rem + ((1vw - 0.2rem) * 4.856), 7.5rem);min-height:468px;aspect-ratio:unset;\"><img loading=\"lazy\" decoding=\"async\" width=\"2560\" height=\"1280\" class=\"wp-block-cover__image-background wp-image-2550 size-full\" alt=\"\" src=\"https:\/\/www.tfngj.com\/wp-content\/uploads\/2025\/10\/back-2-scaled.webp\" data-object-fit=\"cover\" srcset=\"https:\/\/www.tfngj.com\/wp-content\/uploads\/2025\/10\/back-2-scaled.webp 2560w, https:\/\/www.tfngj.com\/wp-content\/uploads\/2025\/10\/back-2-300x150.webp 300w, https:\/\/www.tfngj.com\/wp-content\/uploads\/2025\/10\/back-2-1024x512.webp 1024w, https:\/\/www.tfngj.com\/wp-content\/uploads\/2025\/10\/back-2-768x384.webp 768w, https:\/\/www.tfngj.com\/wp-content\/uploads\/2025\/10\/back-2-1536x768.webp 1536w, https:\/\/www.tfngj.com\/wp-content\/uploads\/2025\/10\/back-2-2048x1024.webp 2048w, https:\/\/www.tfngj.com\/wp-content\/uploads\/2025\/10\/back-2-18x9.webp 18w, https:\/\/www.tfngj.com\/wp-content\/uploads\/2025\/10\/back-2-600x300.webp 600w\" sizes=\"auto, (max-width: 2560px) 100vw, 2560px\" \/><span aria-hidden=\"true\" class=\"wp-block-cover__background has-background-dim-30 has-background-dim\" style=\"background-color:#359aca\"><\/span><div class=\"wp-block-cover__inner-container has-global-padding is-layout-constrained wp-container-core-cover-is-layout-ad1af2a0 wp-block-cover-is-layout-constrained\"><h1 class=\"wp-block-heading alignfull has-text-align-center has-neutral-0-color has-text-color has-link-color has-5-x-large-font-size wp-elements-ea60e57f3e4e7c5d1213c829b550625f\" style=\"margin-right:0;margin-left:0;text-transform:capitalize\" id=\"mpx3-fiber-endface-microscope\">Microscopio de fibra \u00f3ptica MPX3<\/h1>\n\n\n\n<p class=\"has-text-align-center has-neutral-0-color has-text-color has-link-color has-large-font-size wp-elements-b518d8ab3112dddb2abbbf7dd4f05991\" style=\"margin-top:var(--wp--preset--spacing--x-small)\">Un detector de extremos de fibra port\u00e1til inspecciona la limpieza y los da\u00f1os de los extremos de los conectores de fibra \u00f3ptica, combinando un aumento de 400x de alta definici\u00f3n con grabaci\u00f3n y reproducci\u00f3n en tiempo real.<\/p>\n<\/div><\/div>\n\n\n\n<div class=\"wp-block-group alignfull has-global-padding is-content-justification-center is-layout-constrained wp-container-core-group-is-layout-df757ecc wp-block-group-is-layout-constrained\" style=\"margin-top:0;margin-bottom:0;padding-top:calc( 0.5 * var(--wp--style--root--padding-right, var(--wp--custom--gap--horizontal)));padding-right:var(--wp--style--root--padding-right, var(--wp--custom--gap--horizontal));padding-bottom:calc( 0.5 * var(--wp--style--root--padding-right, var(--wp--custom--gap--horizontal)));padding-left:var(--wp--style--root--padding-left, var(--wp--custom--gap--horizontal))\">\n<div style=\"height:0px\" aria-hidden=\"true\" class=\"wp-block-spacer\"><\/div>\n\n\n\n<div style=\"height:calc( 0.25 * var(--wp--style--root--padding-right, var(--wp--custom--gap--horizontal)))\" aria-hidden=\"true\" class=\"wp-block-spacer\"><\/div>\n<\/div>\n\n\n\n<div class=\"wp-block-group alignwide is-nowrap is-layout-flex wp-container-core-group-is-layout-6c531013 wp-block-group-is-layout-flex\"><div class=\"yoast-breadcrumbs\"><span><span><a href=\"https:\/\/www.tfngj.com\/es\/\">Inicio<\/a><\/span> &gt; <span><a href=\"https:\/\/www.tfngj.com\/es\/comprobadores-de-fibra-optica\/\">Comprobadores de fibra \u00f3ptica<\/a><\/span> &gt; <span class=\"breadcrumb_last\" aria-current=\"page\">Microscopio de fibra \u00f3ptica MPX3<\/span><\/span><\/div><\/div>\n\n\n\n<div class=\"wp-block-columns alignwide are-vertically-aligned-center is-layout-flex wp-container-core-columns-is-layout-2f36bde4 wp-block-columns-is-layout-flex\" style=\"margin-top:var(--wp--preset--spacing--x-large);margin-bottom:var(--wp--preset--spacing--medium)\">\n<div class=\"wp-block-column is-vertically-aligned-center is-layout-flow wp-block-column-is-layout-flow\" style=\"flex-basis:33.33%\"><h2 class=\"wp-block-heading has-5-x-large-font-size\" id=\"highlights\"><mark style=\"background-color:rgba(0, 0, 0, 0);color:#2588cc\" class=\"has-inline-color\">Caracter\u00edstica<\/mark><\/h2>\n\n\n\n<figure class=\"wp-block-image aligncenter size-full\" style=\"margin-right:0;margin-left:0;padding-right:0;padding-left:0\"><img loading=\"lazy\" decoding=\"async\" width=\"800\" height=\"800\" src=\"https:\/\/www.tfngj.com\/wp-content\/uploads\/2025\/10\/MPX3.webp\" alt=\"Microscopio de fibra \u00f3ptica\" class=\"wp-image-4098\" srcset=\"https:\/\/www.tfngj.com\/wp-content\/uploads\/2025\/10\/MPX3.webp 800w, https:\/\/www.tfngj.com\/wp-content\/uploads\/2025\/10\/MPX3-300x300.webp 300w, https:\/\/www.tfngj.com\/wp-content\/uploads\/2025\/10\/MPX3-150x150.webp 150w, https:\/\/www.tfngj.com\/wp-content\/uploads\/2025\/10\/MPX3-768x768.webp 768w, https:\/\/www.tfngj.com\/wp-content\/uploads\/2025\/10\/MPX3-12x12.webp 12w, https:\/\/www.tfngj.com\/wp-content\/uploads\/2025\/10\/MPX3-600x600.webp 600w, https:\/\/www.tfngj.com\/wp-content\/uploads\/2025\/10\/MPX3-100x100.webp 100w\" sizes=\"auto, (max-width: 800px) 100vw, 800px\" \/><\/figure>\n<\/div>\n\n\n\n<div class=\"wp-block-column is-vertically-aligned-center is-layout-flow wp-container-core-column-is-layout-c7b3064f wp-block-column-is-layout-flow\" style=\"flex-basis:66.66%\"><ul style=\"margin-right:0;--plover--style--block-gap:var(--wp--preset--spacing--2-x-small);\" class=\"wp-block-list is-style-check-circle\">\n<li>Proporciona un aumento de 400x para observar claramente ara\u00f1azos, manchas y defectos de nivel microm\u00e9trico en la cara del extremo de la fibra \u00f3ptica.<\/li>\n\n\n\n<li>Admite la grabaci\u00f3n de v\u00eddeo en tiempo real del proceso de inspecci\u00f3n y ampl\u00eda el almacenamiento mediante una tarjeta TF (8 GB de serie), lo que facilita la grabaci\u00f3n, la reproducci\u00f3n y el an\u00e1lisis, as\u00ed como la trazabilidad de la calidad y la generaci\u00f3n de informes.<\/li>\n\n\n\n<li>Compatibilidad total de interfaces: se adapta de forma inteligente a varios tipos de conectores de fibra \u00f3ptica convencionales, como SC, FC, LC, ST, etc., y es universalmente compatible con un dispositivo<\/li>\n\n\n\n<li>Incorpora una bater\u00eda de litio de gran capacidad que soporta hasta 20 horas en modo de espera continuo, satisfaciendo las necesidades de las operaciones de campo en cualquier condici\u00f3n meteorol\u00f3gica.<\/li>\n\n\n\n<li>Funcionamiento intuitivo y f\u00e1cil de usar : Equipado con una pantalla LCD de 3,5 pulgadas y una interfaz sencilla, est\u00e1 listo para usar sin necesidad de una formaci\u00f3n compleja.<\/li>\n<\/ul>\n\n\n\n<div class=\"wp-block-buttons is-content-justification-center is-layout-flex wp-container-core-buttons-is-layout-a89b3969 wp-block-buttons-is-layout-flex\">\n<div class=\"wp-block-button\"><a class=\"wp-block-button__link wp-element-button\" href=\"https:\/\/www.tfngj.com\/es\/contact-us\/\">Solicitar cotizaci\u00f3n<\/a><\/div>\n<\/div>\n<\/div>\n<\/div>\n\n\n\n<div class=\"wp-block-columns alignwide is-layout-flex wp-container-core-columns-is-layout-28f84493 wp-block-columns-is-layout-flex\">\n<div class=\"wp-block-column is-layout-flow wp-block-column-is-layout-flow\">\n<figure class=\"wp-block-image aligncenter size-large is-resized\"><img decoding=\"async\" src=\"https:\/\/www.tfngj.com\/wp-content\/uploads\/2025\/11\/mpx3-1.webp\" alt=\"Microscopio de fibra\" style=\"width:429px;height:auto\"\/><\/figure>\n<\/div>\n\n\n\n<div class=\"wp-block-column is-layout-flow wp-block-column-is-layout-flow\">\n<figure class=\"wp-block-image aligncenter size-large is-resized\"><img decoding=\"async\" src=\"https:\/\/www.tfngj.com\/wp-content\/uploads\/2025\/11\/mpx3-2.webp\" alt=\"Microscopio de fibra\" style=\"width:430px;height:auto\"\/><\/figure>\n<\/div>\n<\/div>\n\n\n<h2 class=\"wp-block-heading alignwide has-text-align-left\" style=\"margin-top:var(--wp--preset--spacing--large);padding-left:0rem;font-size:clamp(1.743rem, 1.743rem + ((1vw - 0.2rem) * 1.571), 3rem);\" id=\"specifications\"><mark style=\"background-color:rgba(0, 0, 0, 0);color:#2588cc\" class=\"has-inline-color\">par\u00e1metros de configuraci\u00f3n<\/mark><\/h2>\n\n\n\n<figure class=\"wp-block-table is-style-stripes\"><table class=\"has-background\" style=\"background-color:#90caf191\"><tbody><tr><td>Art\u00edculos\/Modelos<\/td><td>MPX3<\/td><\/tr><tr><td>Aumento<\/td><td>400 X<\/td><\/tr><tr><td>Rango de detecci\u00f3n (\u00b5m)<\/td><td>235 (ANCHO) \u00d7 95 (FONDO)<\/td><\/tr><tr><td>P\u00edxel<\/td><td>307,200<\/td><\/tr><tr><td>Pantalla LCD<\/td><td>3,5 pulgadas, resoluci\u00f3n de 960 \u00d7 240<\/td><\/tr><tr><td>Medios de almacenamiento<\/td><td>8 GB incorporados, admite ampliaci\u00f3n con tarjeta TF<\/td><\/tr><tr><td>Interfaces compatibles<\/td><td>SC, FC, LC, ST y otras interfaces comunes<\/td><\/tr><tr><td>Bater\u00eda<\/td><td>Bater\u00eda de litio de 4000 mAh<\/td><\/tr><tr><td>Peso<\/td><td>Alrededor de 0,085 kg<\/td><\/tr><\/tbody><\/table><\/figure>\n\n\n\n<div class=\"wp-block-buttons is-layout-flex wp-block-buttons-is-layout-flex\">\n<div class=\"wp-block-button is-style-ghost\"><a class=\"wp-block-button__link wp-element-button\" href=\"https:\/\/www.tfngj.com\/wp-content\/uploads\/2025\/pdf\/MPX3-Fiber-Microscope.pdf\">Descarga del manual del MPX3<\/a><\/div>\n<\/div>\n\n\n\n<div class=\"wp-block-columns alignwide are-vertically-aligned-center is-layout-flex wp-container-core-columns-is-layout-b9f7452e wp-block-columns-is-layout-flex\" style=\"margin-top:var(--wp--preset--spacing--x-large)\">\n<div class=\"wp-block-column is-vertically-aligned-center is-layout-flow wp-block-column-is-layout-flow\" style=\"flex-basis:44%\">\n<figure class=\"wp-block-image size-large\"><img loading=\"lazy\" decoding=\"async\" width=\"1024\" height=\"682\" src=\"https:\/\/www.tfngj.com\/wp-content\/uploads\/2025\/10\/pexels-onbab-7359568-1024x682.jpg\" alt=\"\" class=\"wp-image-2974\" srcset=\"https:\/\/www.tfngj.com\/wp-content\/uploads\/2025\/10\/pexels-onbab-7359568-1024x682.jpg 1024w, https:\/\/www.tfngj.com\/wp-content\/uploads\/2025\/10\/pexels-onbab-7359568-300x200.jpg 300w, https:\/\/www.tfngj.com\/wp-content\/uploads\/2025\/10\/pexels-onbab-7359568-768x512.jpg 768w, https:\/\/www.tfngj.com\/wp-content\/uploads\/2025\/10\/pexels-onbab-7359568-18x12.jpg 18w, https:\/\/www.tfngj.com\/wp-content\/uploads\/2025\/10\/pexels-onbab-7359568-600x400.jpg 600w, https:\/\/www.tfngj.com\/wp-content\/uploads\/2025\/10\/pexels-onbab-7359568.jpg 1280w\" sizes=\"auto, (max-width: 1024px) 100vw, 1024px\" \/><\/figure>\n<\/div>\n\n\n\n<div class=\"wp-block-column is-vertically-aligned-center is-layout-flow wp-block-column-is-layout-flow\" style=\"flex-basis:56%\"><h2 class=\"wp-block-heading has-2-x-large-font-size\" id=\"application-scenarios\">Escenarios de aplicaci\u00f3n<\/h2>\n\n\n<ul class=\"wp-block-list\" style=\"\">\n<li>Centro de datos : Antes de conectar los puentes del servidor y del conmutador, realice una inspecci\u00f3n de calidad de los extremos.<\/li>\n\n\n\n<li>Instalaci\u00f3n y mantenimiento de fibra hasta el hogar (FTTH) : Garantizar conexiones de fibra limpias en el extremo del usuario para asegurar la calidad de la se\u00f1al en el hogar.<\/li>\n\n\n\n<li>Explotaci\u00f3n y mantenimiento de redes de telecomunicaciones: inspecci\u00f3n peri\u00f3dica y resoluci\u00f3n de problemas de estaciones base y enlaces troncales de fibra \u00f3ptica.<\/li>\n\n\n\n<li>Red de radiodifusi\u00f3n y televisi\u00f3n : Compruebe la calidad de los puntos de conexi\u00f3n en los enlaces de transmisi\u00f3n de fibra \u00f3ptica de televisi\u00f3n por cable.<\/li>\n\n\n\n<li>Sistemas de control y seguridad industrial : Garantice la fiabilidad de conexi\u00f3n de las redes de fibra \u00f3ptica de misi\u00f3n cr\u00edtica.<\/li>\n<\/ul>\n<\/div>\n<\/div>\n\n\n\n<div style=\"height:68px\" aria-hidden=\"true\" class=\"wp-block-spacer\"><\/div>\n\n\n<h2 class=\"wp-block-heading has-text-align-center\" id=\"faqs\"><mark style=\"background-color:rgba(0, 0, 0, 0);color:#2588cc\" class=\"has-inline-color\">Preguntas frecuentes<\/mark><\/h2>\n\n\n\n<details class=\"wp-block-details has-border-color is-layout-flow wp-block-details-is-layout-flow\" style=\"border-color:#4083ca;border-width:2px;line-height:1.8\" open><summary>\u00bfQu\u00e9 opciones log\u00edsticas ofrecen?<\/summary>\n<p>Ofrecemos soluciones log\u00edsticas optimizadas en funci\u00f3n de la urgencia de su pedido, el tama\u00f1o, el peso y su ubicaci\u00f3n:<\/p>\n\n\n\n<p>Expr\u00e9s internacional: Adecuado para muestras, pedidos urgentes y peque\u00f1os env\u00edos de menos de 22 lb. Colaboramos con los mejores proveedores log\u00edsticos como DHL, FedEx y UPS, ofreciendo seguimiento puerta a puerta.<\/p>\n\n\n\n<p>Transporte a\u00e9reo: Adecuado para pedidos medianos y grandes o equipos completos urgentes, ya que ofrece un equilibrio eficaz entre coste y rapidez.<\/p>\n\n\n\n<p>Flete mar\u00edtimo: Adecuado para pedidos de gran volumen y el m\u00e9todo de env\u00edo m\u00e1s econ\u00f3mico. Ofrecemos FOB, C&amp;F y CIF.<\/p>\n<\/details>\n\n\n\n<details class=\"wp-block-details has-border-color is-layout-flow wp-block-details-is-layout-flow\" style=\"border-color:#4083ca;border-width:2px\"><summary>\u00bfCu\u00e1l es el plazo de entrega?<\/summary>\n<p>Para nuestros productos est\u00e1ndar, si est\u00e1n en stock y listos para su env\u00edo, el plazo de entrega es de unos 7-10 d\u00edas. Para nuestros productos opcionales, el plazo de entrega es de unos 25-30 d\u00edas.<\/p>\n<\/details>\n\n\n\n<details class=\"wp-block-details has-border-color is-layout-flow wp-block-details-is-layout-flow\" style=\"border-color:#4083ca;border-width:2px\"><summary>\u00bfCu\u00e1l es el periodo de garant\u00eda del producto?<\/summary>\n<p>Confiamos en la calidad y fiabilidad de nuestros productos.<\/p>\n\n\n\n<p>Ofrecemos una garant\u00eda est\u00e1ndar de 12 meses para todos los instrumentos, a partir de la fecha de llegada al puerto de destino.<\/p>\n\n\n\n<p>Tambi\u00e9n hay disponibles garant\u00edas ampliadas; p\u00f3ngase en contacto con nuestro equipo de ventas para obtener m\u00e1s informaci\u00f3n.<\/p>\n<\/details>\n\n\n\n<div style=\"height:59px\" aria-hidden=\"true\" class=\"wp-block-spacer\"><\/div>","protected":false},"excerpt":{"rendered":"<p>Especificaciones Art\u00edculos\/Modelos MPX3 Aumento 400 X Alcance de detecci\u00f3n (\u00b5m) 235 (ancho) \u00d7 95 (profundidad) P\u00edxeles 307.200 Pantalla LCD de 3,5 pulgadas, resoluci\u00f3n 960 \u00d7 240 Medio de almacenamiento Incorporado 8 GB, admite ampliaci\u00f3n con tarjeta TF Interfaces admitidas SC, FC, LC, ST y otras interfaces comunes Bater\u00eda Bater\u00eda de litio de 4000 mAh Peso Aproximadamente 0,085 kg Escenarios de aplicaci\u00f3n Preguntas frecuentes<\/p>","protected":false},"author":1,"featured_media":0,"parent":4225,"menu_order":0,"comment_status":"closed","ping_status":"closed","template":"","meta":{"footnotes":""},"class_list":["post-4097","page","type-page","status-publish","hentry"],"yoast_head":"<!-- This site is optimized with the Yoast SEO plugin v26.6 - https:\/\/yoast.com\/wordpress\/plugins\/seo\/ -->\n<title>MPX3 Fiber End-face Microscope - Communication Test Expert<\/title>\n<meta name=\"robots\" content=\"index, follow, max-snippet:-1, max-image-preview:large, max-video-preview:-1\" \/>\n<link rel=\"canonical\" href=\"https:\/\/www.tfngj.com\/es\/comprobadores-de-fibra-optica\/microscopio-de-fibra-frontal-mpx3\/\" \/>\n<meta property=\"og:locale\" content=\"es_ES\" \/>\n<meta property=\"og:type\" content=\"article\" \/>\n<meta property=\"og:title\" content=\"MPX3 Fiber End-face Microscope - Communication Test Expert\" \/>\n<meta property=\"og:description\" content=\"Highlights Specifications Items\/Models MPX3 Magnification 400 X Detection range (\u00b5m) 235 (W) \u00d7 95 (D) Pixel 307,200 LCD screen 3.5 inches, 960 \u00d7 240 resolution Storage media Built-in 8GB, supports TF card expansion Supported interfaces SC, FC, LC, ST and other common interfaces Battery 4000mAh lithium battery Weight About 0.085 kg Application Scenarios FAQs\" \/>\n<meta property=\"og:url\" content=\"https:\/\/www.tfngj.com\/es\/comprobadores-de-fibra-optica\/microscopio-de-fibra-frontal-mpx3\/\" \/>\n<meta property=\"og:site_name\" content=\"Communication Test Expert\" \/>\n<meta property=\"article:modified_time\" content=\"2025-11-21T09:05:43+00:00\" \/>\n<meta property=\"og:image\" content=\"https:\/\/www.tfngj.com\/wp-content\/uploads\/2025\/10\/back-2-scaled.webp\" \/>\n\t<meta property=\"og:image:width\" content=\"2560\" \/>\n\t<meta property=\"og:image:height\" content=\"1280\" \/>\n\t<meta property=\"og:image:type\" content=\"image\/webp\" \/>\n<meta name=\"twitter:card\" content=\"summary_large_image\" \/>\n<meta name=\"twitter:label1\" content=\"Tiempo de lectura\" \/>\n\t<meta name=\"twitter:data1\" content=\"4 minutos\" \/>\n<script type=\"application\/ld+json\" class=\"yoast-schema-graph\">{\"@context\":\"https:\/\/schema.org\",\"@graph\":[{\"@type\":\"WebPage\",\"@id\":\"https:\/\/www.tfngj.com\/fiber-optic-testers\/mpx3-fiber-end-face-microscope\/\",\"url\":\"https:\/\/www.tfngj.com\/fiber-optic-testers\/mpx3-fiber-end-face-microscope\/\",\"name\":\"MPX3 Fiber End-face Microscope - Communication Test Expert\",\"isPartOf\":{\"@id\":\"https:\/\/www.tfngj.com\/#website\"},\"primaryImageOfPage\":{\"@id\":\"https:\/\/www.tfngj.com\/fiber-optic-testers\/mpx3-fiber-end-face-microscope\/#primaryimage\"},\"image\":{\"@id\":\"https:\/\/www.tfngj.com\/fiber-optic-testers\/mpx3-fiber-end-face-microscope\/#primaryimage\"},\"thumbnailUrl\":\"https:\/\/www.tfngj.com\/wp-content\/uploads\/2025\/10\/back-2-scaled.webp\",\"datePublished\":\"2025-10-29T09:00:28+00:00\",\"dateModified\":\"2025-11-21T09:05:43+00:00\",\"breadcrumb\":{\"@id\":\"https:\/\/www.tfngj.com\/fiber-optic-testers\/mpx3-fiber-end-face-microscope\/#breadcrumb\"},\"inLanguage\":\"es\",\"potentialAction\":[{\"@type\":\"ReadAction\",\"target\":[\"https:\/\/www.tfngj.com\/fiber-optic-testers\/mpx3-fiber-end-face-microscope\/\"]}]},{\"@type\":\"ImageObject\",\"inLanguage\":\"es\",\"@id\":\"https:\/\/www.tfngj.com\/fiber-optic-testers\/mpx3-fiber-end-face-microscope\/#primaryimage\",\"url\":\"https:\/\/www.tfngj.com\/wp-content\/uploads\/2025\/10\/back-2-scaled.webp\",\"contentUrl\":\"https:\/\/www.tfngj.com\/wp-content\/uploads\/2025\/10\/back-2-scaled.webp\"},{\"@type\":\"BreadcrumbList\",\"@id\":\"https:\/\/www.tfngj.com\/fiber-optic-testers\/mpx3-fiber-end-face-microscope\/#breadcrumb\",\"itemListElement\":[{\"@type\":\"ListItem\",\"position\":1,\"name\":\"Home\",\"item\":\"https:\/\/www.tfngj.com\/\"},{\"@type\":\"ListItem\",\"position\":2,\"name\":\"Fiber Optic Testers\",\"item\":\"https:\/\/www.tfngj.com\/fiber-optic-testers\/\"},{\"@type\":\"ListItem\",\"position\":3,\"name\":\"MPX3 Fiber End-face Microscope\"}]},{\"@type\":\"WebSite\",\"@id\":\"https:\/\/www.tfngj.com\/#website\",\"url\":\"https:\/\/www.tfngj.com\/\",\"name\":\"TFN-Communication Test Expert\",\"description\":\"Find Perfect Solutions in TFN\",\"publisher\":{\"@id\":\"https:\/\/www.tfngj.com\/#organization\"},\"alternateName\":\"TFN\",\"potentialAction\":[{\"@type\":\"SearchAction\",\"target\":{\"@type\":\"EntryPoint\",\"urlTemplate\":\"https:\/\/www.tfngj.com\/?s={search_term_string}\"},\"query-input\":{\"@type\":\"PropertyValueSpecification\",\"valueRequired\":true,\"valueName\":\"search_term_string\"}}],\"inLanguage\":\"es\"},{\"@type\":\"Organization\",\"@id\":\"https:\/\/www.tfngj.com\/#organization\",\"name\":\"TFN\",\"url\":\"https:\/\/www.tfngj.com\/\",\"logo\":{\"@type\":\"ImageObject\",\"inLanguage\":\"es\",\"@id\":\"https:\/\/www.tfngj.com\/#\/schema\/logo\/image\/\",\"url\":\"https:\/\/www.tfngj.com\/wp-content\/uploads\/2025\/09\/\u9ed1logo.png\",\"contentUrl\":\"https:\/\/www.tfngj.com\/wp-content\/uploads\/2025\/09\/\u9ed1logo.png\",\"width\":939,\"height\":232,\"caption\":\"TFN\"},\"image\":{\"@id\":\"https:\/\/www.tfngj.com\/#\/schema\/logo\/image\/\"},\"sameAs\":[\"https:\/\/www.youtube.com\/@FateTFN\/search\"]}]}<\/script>\n<!-- \/ Yoast SEO plugin. -->","yoast_head_json":{"title":"Microscopio de fibra \u00f3ptica MPX3 - Experto en pruebas de comunicaci\u00f3n","robots":{"index":"index","follow":"follow","max-snippet":"max-snippet:-1","max-image-preview":"max-image-preview:large","max-video-preview":"max-video-preview:-1"},"canonical":"https:\/\/www.tfngj.com\/es\/comprobadores-de-fibra-optica\/microscopio-de-fibra-frontal-mpx3\/","og_locale":"es_ES","og_type":"article","og_title":"MPX3 Fiber End-face Microscope - Communication Test Expert","og_description":"Highlights Specifications Items\/Models MPX3 Magnification 400 X Detection range (\u00b5m) 235 (W) \u00d7 95 (D) Pixel 307,200 LCD screen 3.5 inches, 960 \u00d7 240 resolution Storage media Built-in 8GB, supports TF card expansion Supported interfaces SC, FC, LC, ST and other common interfaces Battery 4000mAh lithium battery Weight About 0.085 kg Application Scenarios FAQs","og_url":"https:\/\/www.tfngj.com\/es\/comprobadores-de-fibra-optica\/microscopio-de-fibra-frontal-mpx3\/","og_site_name":"Communication Test Expert","article_modified_time":"2025-11-21T09:05:43+00:00","og_image":[{"width":2560,"height":1280,"url":"https:\/\/www.tfngj.com\/wp-content\/uploads\/2025\/10\/back-2-scaled.webp","type":"image\/webp"}],"twitter_card":"summary_large_image","twitter_misc":{"Tiempo de lectura":"4 minutos"},"schema":{"@context":"https:\/\/schema.org","@graph":[{"@type":"WebPage","@id":"https:\/\/www.tfngj.com\/fiber-optic-testers\/mpx3-fiber-end-face-microscope\/","url":"https:\/\/www.tfngj.com\/fiber-optic-testers\/mpx3-fiber-end-face-microscope\/","name":"Microscopio de fibra \u00f3ptica MPX3 - Experto en pruebas de comunicaci\u00f3n","isPartOf":{"@id":"https:\/\/www.tfngj.com\/#website"},"primaryImageOfPage":{"@id":"https:\/\/www.tfngj.com\/fiber-optic-testers\/mpx3-fiber-end-face-microscope\/#primaryimage"},"image":{"@id":"https:\/\/www.tfngj.com\/fiber-optic-testers\/mpx3-fiber-end-face-microscope\/#primaryimage"},"thumbnailUrl":"https:\/\/www.tfngj.com\/wp-content\/uploads\/2025\/10\/back-2-scaled.webp","datePublished":"2025-10-29T09:00:28+00:00","dateModified":"2025-11-21T09:05:43+00:00","breadcrumb":{"@id":"https:\/\/www.tfngj.com\/fiber-optic-testers\/mpx3-fiber-end-face-microscope\/#breadcrumb"},"inLanguage":"es","potentialAction":[{"@type":"ReadAction","target":["https:\/\/www.tfngj.com\/fiber-optic-testers\/mpx3-fiber-end-face-microscope\/"]}]},{"@type":"ImageObject","inLanguage":"es","@id":"https:\/\/www.tfngj.com\/fiber-optic-testers\/mpx3-fiber-end-face-microscope\/#primaryimage","url":"https:\/\/www.tfngj.com\/wp-content\/uploads\/2025\/10\/back-2-scaled.webp","contentUrl":"https:\/\/www.tfngj.com\/wp-content\/uploads\/2025\/10\/back-2-scaled.webp"},{"@type":"BreadcrumbList","@id":"https:\/\/www.tfngj.com\/fiber-optic-testers\/mpx3-fiber-end-face-microscope\/#breadcrumb","itemListElement":[{"@type":"ListItem","position":1,"name":"Home","item":"https:\/\/www.tfngj.com\/"},{"@type":"ListItem","position":2,"name":"Fiber Optic Testers","item":"https:\/\/www.tfngj.com\/fiber-optic-testers\/"},{"@type":"ListItem","position":3,"name":"MPX3 Fiber End-face Microscope"}]},{"@type":"WebSite","@id":"https:\/\/www.tfngj.com\/#website","url":"https:\/\/www.tfngj.com\/","name":"TFN-Experto en pruebas de comunicaci\u00f3n","description":"Encuentre soluciones perfectas en TFN","publisher":{"@id":"https:\/\/www.tfngj.com\/#organization"},"alternateName":"TFN","potentialAction":[{"@type":"SearchAction","target":{"@type":"EntryPoint","urlTemplate":"https:\/\/www.tfngj.com\/?s={search_term_string}"},"query-input":{"@type":"PropertyValueSpecification","valueRequired":true,"valueName":"search_term_string"}}],"inLanguage":"es"},{"@type":"Organization","@id":"https:\/\/www.tfngj.com\/#organization","name":"TFN","url":"https:\/\/www.tfngj.com\/","logo":{"@type":"ImageObject","inLanguage":"es","@id":"https:\/\/www.tfngj.com\/#\/schema\/logo\/image\/","url":"https:\/\/www.tfngj.com\/wp-content\/uploads\/2025\/09\/\u9ed1logo.png","contentUrl":"https:\/\/www.tfngj.com\/wp-content\/uploads\/2025\/09\/\u9ed1logo.png","width":939,"height":232,"caption":"TFN"},"image":{"@id":"https:\/\/www.tfngj.com\/#\/schema\/logo\/image\/"},"sameAs":["https:\/\/www.youtube.com\/@FateTFN\/search"]}]}},"_links":{"self":[{"href":"https:\/\/www.tfngj.com\/es\/wp-json\/wp\/v2\/pages\/4097","targetHints":{"allow":["GET"]}}],"collection":[{"href":"https:\/\/www.tfngj.com\/es\/wp-json\/wp\/v2\/pages"}],"about":[{"href":"https:\/\/www.tfngj.com\/es\/wp-json\/wp\/v2\/types\/page"}],"author":[{"embeddable":true,"href":"https:\/\/www.tfngj.com\/es\/wp-json\/wp\/v2\/users\/1"}],"replies":[{"embeddable":true,"href":"https:\/\/www.tfngj.com\/es\/wp-json\/wp\/v2\/comments?post=4097"}],"version-history":[{"count":10,"href":"https:\/\/www.tfngj.com\/es\/wp-json\/wp\/v2\/pages\/4097\/revisions"}],"predecessor-version":[{"id":4763,"href":"https:\/\/www.tfngj.com\/es\/wp-json\/wp\/v2\/pages\/4097\/revisions\/4763"}],"up":[{"embeddable":true,"href":"https:\/\/www.tfngj.com\/es\/wp-json\/wp\/v2\/pages\/4225"}],"wp:attachment":[{"href":"https:\/\/www.tfngj.com\/es\/wp-json\/wp\/v2\/media?parent=4097"}],"curies":[{"name":"wp","href":"https:\/\/api.w.org\/{rel}","templated":true}]}}