{"id":3334,"date":"2025-10-24T14:20:40","date_gmt":"2025-10-24T06:20:40","guid":{"rendered":"https:\/\/ceshi.tfngw.com\/?page_id=3334"},"modified":"2026-03-15T18:14:50","modified_gmt":"2026-03-16T01:14:50","slug":"preguntas-frecuentes","status":"publish","type":"page","link":"https:\/\/www.tfngj.com\/es\/preguntas-frecuentes\/","title":{"rendered":"Preguntas frecuentes"},"content":{"rendered":"<h2 class=\"wp-block-heading has-text-color has-link-color has-4-x-large-font-size wp-elements-dfd0af22c709cdbbc0915d5d66df6c07\" style=\"color:#359ec8;margin-top:var(--wp--preset--spacing--x-large);margin-bottom:var(--wp--preset--spacing--large);margin-left:0\" id=\"you-may-be-interested-in-the-following-questions\"><strong>Quiz\u00e1 le interesen las siguientes preguntas<\/strong><\/h2>\n\n\n\n<details class=\"wp-block-details is-layout-flow wp-block-details-is-layout-flow\"><summary>1. \u00bfQu\u00e9 m\u00e9todos de pago aceptan?<\/summary>\n<p>Ofrecemos opciones de pago flexibles y seguras a nuestros clientes de todo el mundo, entre las que se incluyen:<\/p>\n\n\n\n<p>T\/T: Este es nuestro m\u00e9todo m\u00e1s utilizado para pedidos grandes. Por favor, confirme los detalles de su cuenta con su representante de ventas antes de realizar el pago.<\/p>\n\n\n\n<p>L\/C: Aceptamos cartas de cr\u00e9dito irrevocables emitidas a la vista por los principales bancos del mundo. Para garantizar una transacci\u00f3n fluida, negocie previamente con nosotros las condiciones de la carta de cr\u00e9dito.<\/p>\n\n\n\n<p>Plataformas de pago de terceros: Estas plataformas, como PayPal, pueden negociarse caso por caso.<\/p>\n<\/details>\n\n\n\n<details class=\"wp-block-details is-layout-flow wp-block-details-is-layout-flow\"><summary>2. \u00bfCu\u00e1l es el proceso de pago de un pedido?<\/summary>\n<p>El proceso est\u00e1ndar es el siguiente:<\/p>\n\n\n\n<p>1. Ambas partes confirman la oferta, las especificaciones del producto y el contrato de venta.<\/p>\n\n\n\n<p>2. Le emitimos una factura proforma.<\/p>\n\n\n\n<p>3. Completa el pago de acuerdo con la factura proforma.<\/p>\n\n\n\n<p>4. Despu\u00e9s de recibir el pago completo, organizamos la producci\u00f3n y el env\u00edo.<\/p>\n\n\n\n<p>5. Para los pagos por carta de cr\u00e9dito, organizaremos la producci\u00f3n tras la recepci\u00f3n de una carta de cr\u00e9dito que cumpla las condiciones.<\/p>\n<\/details>\n\n\n\n<details class=\"wp-block-details is-layout-flow wp-block-details-is-layout-flow\"><summary>3. \u00bfQu\u00e9 opciones log\u00edsticas ofrecen?<\/summary>\n<p>Ofrecemos soluciones log\u00edsticas optimizadas en funci\u00f3n de la urgencia de su pedido, el tama\u00f1o, el peso y su ubicaci\u00f3n:<\/p>\n\n\n\n<p>Expr\u00e9s internacional: Adecuado para muestras, pedidos urgentes y peque\u00f1os env\u00edos de menos de 22 lb. Colaboramos con los mejores proveedores log\u00edsticos como DHL, FedEx y UPS, ofreciendo seguimiento puerta a puerta.<\/p>\n\n\n\n<p>Transporte a\u00e9reo: Adecuado para pedidos medianos y grandes o equipos completos urgentes, ya que ofrece un equilibrio eficaz entre coste y rapidez.<\/p>\n\n\n\n<p>Flete mar\u00edtimo: Adecuado para pedidos de gran volumen y el m\u00e9todo de env\u00edo m\u00e1s econ\u00f3mico. Ofrecemos diversas condiciones comerciales, como FOB, C&amp;F y CIF.<\/p>\n<\/details>\n\n\n\n<details class=\"wp-block-details is-layout-flow wp-block-details-is-layout-flow\"><summary>4. \u00bfCu\u00e1l es el plazo de entrega habitual?<\/summary>\n<p>El plazo de entrega depende de la complejidad del producto y del estado actual del pedido.<\/p>\n\n\n\n<p>Los modelos est\u00e1ndar suelen estar en stock y pueden enviarse en un plazo de 3 a 7 d\u00edas laborables tras recibir el pago.<\/p>\n\n\n\n<p>Los modelos personalizados\/de alta configuraci\u00f3n pueden requerir de 2 a 6 semanas para su producci\u00f3n y prueba.<\/p>\n\n\n\n<p>El plazo de entrega exacto se lo confirmar\u00e1 por escrito su jefe de ventas despu\u00e9s de realizar el pedido.<\/p>\n<\/details>\n\n\n\n<details class=\"wp-block-details is-layout-flow wp-block-details-is-layout-flow\"><summary>5. \u00bfSe encargan del despacho de aduanas?<\/summary>\n<p>Como exportador, proporcionamos un conjunto completo y preciso de documentos de despacho de aduanas, incluidas facturas comerciales, listas de empaquetado y certificados de origen. Sin embargo, el despacho de aduanas de importaci\u00f3n, los aranceles y los impuestos en el puerto de destino son responsabilidad del importador (comprador). Recomendamos encarecidamente trabajar con un agente de aduanas local con experiencia que pueda proporcionar toda la documentaci\u00f3n necesaria previa solicitud.<\/p>\n<\/details>\n\n\n\n<details class=\"wp-block-details is-layout-flow wp-block-details-is-layout-flow\"><summary>&nbsp;6. \u00bfPuedo comprar muestras para probarlas y evaluarlas?<\/summary>\n<p>Por supuesto. Animamos a los clientes a que prueben las muestras antes de hacer pedidos al por mayor para asegurarse de que cumplen plenamente los requisitos de su aplicaci\u00f3n.<\/p>\n\n\n\n<p>Las muestras pueden adquirirse al precio unitario est\u00e1ndar y enviarse individualmente con entrega r\u00e1pida.<\/p>\n\n\n\n<p>Para los clientes con potencial de cooperaci\u00f3n a largo plazo, la tarifa de la muestra puede deducirse de posteriores pedidos a granel si se cumplen determinadas condiciones.<\/p>\n<\/details>\n\n\n\n<details class=\"wp-block-details is-layout-flow wp-block-details-is-layout-flow\"><summary>&nbsp;7. \u00bfExiste una cantidad m\u00ednima de pedido para su producto?<\/summary>\n<p>Para garantizar la eficacia de la producci\u00f3n y ofrecer los precios m\u00e1s competitivos a nuestros clientes, solemos tener una cantidad m\u00ednima de pedido para nuestros productos est\u00e1ndar.<\/p>\n\n\n\n<p>Para la mayor\u00eda de los instrumentos de prueba de comunicaciones, la cantidad m\u00ednima de pedido es de 1 unidad.<\/p>\n\n\n\n<p>Para las herramientas y accesorios de apoyo, pueden aplicarse cantidades m\u00ednimas de pedido superiores.<\/p>\n\n\n\n<p>Si tiene requisitos especiales, p\u00f3ngase en contacto directamente con nuestro equipo de ventas.<\/p>\n<\/details>\n\n\n\n<details class=\"wp-block-details is-layout-flow wp-block-details-is-layout-flow\"><summary>8. \u00bfCu\u00e1l es el periodo de garant\u00eda del producto?<\/summary>\n<p>Confiamos en la calidad y fiabilidad de nuestros productos.<\/p>\n\n\n\n<p>Ofrecemos una garant\u00eda est\u00e1ndar de 12 meses para todos los instrumentos, a partir de la fecha de llegada al puerto de destino.<\/p>\n\n\n\n<p>Esta garant\u00eda cubre los fallos debidos a defectos en los materiales o en la fabricaci\u00f3n. No cubre los da\u00f1os causados por uso indebido, accidentes, modificaciones no autorizadas o uso no conforme a las instrucciones de funcionamiento.<\/p>\n\n\n\n<p>Tambi\u00e9n hay disponibles garant\u00edas ampliadas; p\u00f3ngase en contacto con nuestro equipo de ventas para obtener m\u00e1s informaci\u00f3n.<\/p>\n<\/details>\n\n\n\n<details class=\"wp-block-details is-layout-flow wp-block-details-is-layout-flow\"><summary>&nbsp;9. \u00bfCu\u00e1l es el proceso de servicio espec\u00edfico durante el periodo de garant\u00eda?<\/summary>\n<p>a. En caso de sospecha de aver\u00eda, p\u00f3ngase primero en contacto con nuestro equipo de asistencia t\u00e9cnica para realizar un diagn\u00f3stico a distancia.<\/p>\n\n\n\n<p>b. Si se confirma la devoluci\u00f3n a f\u00e1brica para su reparaci\u00f3n, le proporcionaremos un c\u00f3digo de autorizaci\u00f3n de devoluci\u00f3n e instrucciones log\u00edsticas detalladas.<\/p>\n\n\n\n<p>c. Una vez recibido el dispositivo defectuoso, nuestros ingenieros realizar\u00e1n una inspecci\u00f3n y emitir\u00e1n un informe. Si se confirma que el problema est\u00e1 dentro del periodo de garant\u00eda, repararemos el dispositivo gratuitamente dentro del periodo de garant\u00eda y cubriremos los gastos de env\u00edo est\u00e1ndar a su direcci\u00f3n. Para obtener informaci\u00f3n detallada sobre la garant\u00eda, consulte las \u201cCondiciones de garant\u00eda de TFN\u201d.\u201d<\/p>\n<\/details>\n\n\n\n<details class=\"wp-block-details is-layout-flow wp-block-details-is-layout-flow\"><summary>10. \u00bfC\u00f3mo puedo obtener reparaciones y asistencia t\u00e9cnica despu\u00e9s del periodo de garant\u00eda?<\/summary>\n<p>Ofrecemos asistencia t\u00e9cnica y servicio de por vida.<\/p>\n\n\n\n<p>Tras el periodo de garant\u00eda, seguimos prestando servicios de reparaci\u00f3n de pago, cobrando \u00fanicamente los costes razonables de piezas y mano de obra.<\/p>\n\n\n\n<p>Ofrecemos servicios de calibraci\u00f3n para garantizar que su instrumento mantenga un rendimiento y una precisi\u00f3n de medici\u00f3n \u00f3ptimos.<\/p>\n\n\n\n<p>Siempre disponemos de piezas de repuesto comunes en stock para poder realizar reparaciones con rapidez.<\/p>\n<\/details>\n\n\n\n<details class=\"wp-block-details is-layout-flow wp-block-details-is-layout-flow\"><summary>11. \u00bfSe ofrece formaci\u00f3n sobre el funcionamiento del producto despu\u00e9s de la compra?<\/summary>\n<p>S\u00ed. Comprendemos la importancia del buen funcionamiento de los instrumentos profesionales.<\/p>\n\n\n\n<p>Formaci\u00f3n b\u00e1sica: Proporcionamos un detallado manual de instrucciones en ingl\u00e9s.<\/p>\n\n\n\n<p>Formaci\u00f3n remota en l\u00ednea: Podemos proporcionar formaci\u00f3n en l\u00ednea en tiempo real sobre el funcionamiento y preguntas y respuestas para usted y su equipo a trav\u00e9s de software de videoconferencia (como Zoom y Teams).<\/p>\n\n\n\n<p>Formaci\u00f3n in situ: En funci\u00f3n de los requisitos del proyecto, podemos organizar que nuestros ingenieros lleven a cabo una formaci\u00f3n exhaustiva in situ (los gastos de desplazamiento est\u00e1n sujetos a negociaci\u00f3n).<\/p>\n\n\n\n<p>El contenido de la formaci\u00f3n se puede adaptar a su escenario de aplicaci\u00f3n espec\u00edfico.<\/p>\n<\/details>\n\n\n\n<p style=\"margin-top:var(--wp--preset--spacing--large)\">\u00bfNo encuentra la pregunta que busca? <\/p>\n\n\n\n<div class=\"wp-block-buttons is-layout-flex wp-block-buttons-is-layout-flex\">\n<div class=\"wp-block-button\"><a class=\"wp-block-button__link wp-element-button\" href=\"https:\/\/www.tfngj.com\/es\/contact-us\/\">CONS\u00daLTENOS AHORA<\/a><\/div>\n<\/div>\n\n\n\n<div style=\"height:95px\" aria-hidden=\"true\" class=\"wp-block-spacer\"><\/div>","protected":false},"excerpt":{"rendered":"<p>You may be interested in the following questions Can&#8217;t find the question you&#8217;re looking for?<\/p>","protected":false},"author":1,"featured_media":0,"parent":0,"menu_order":0,"comment_status":"closed","ping_status":"closed","template":"","meta":{"footnotes":""},"class_list":["post-3334","page","type-page","status-publish","hentry"],"yoast_head":"<!-- This site is optimized with the Yoast SEO plugin v26.6 - https:\/\/yoast.com\/wordpress\/plugins\/seo\/ -->\n<title>FAQs - Communication Test Expert<\/title>\n<meta name=\"robots\" content=\"index, follow, max-snippet:-1, max-image-preview:large, max-video-preview:-1\" \/>\n<link rel=\"canonical\" href=\"https:\/\/www.tfngj.com\/es\/preguntas-frecuentes\/\" \/>\n<meta property=\"og:locale\" content=\"es_ES\" \/>\n<meta property=\"og:type\" content=\"article\" \/>\n<meta property=\"og:title\" content=\"FAQs - Communication Test Expert\" \/>\n<meta property=\"og:description\" content=\"You may be interested in the following questions Can&#8217;t find the question you&#8217;re looking for?\" \/>\n<meta property=\"og:url\" content=\"https:\/\/www.tfngj.com\/es\/preguntas-frecuentes\/\" \/>\n<meta property=\"og:site_name\" content=\"Communication Test Expert\" \/>\n<meta property=\"article:modified_time\" content=\"2026-03-16T01:14:50+00:00\" \/>\n<meta property=\"og:image\" content=\"https:\/\/www.tfngj.com\/wp-content\/uploads\/2025\/11\/TFN-LOGO.jpg\" \/>\n\t<meta property=\"og:image:width\" content=\"300\" \/>\n\t<meta property=\"og:image:height\" content=\"300\" \/>\n\t<meta property=\"og:image:type\" content=\"image\/jpeg\" \/>\n<meta name=\"twitter:card\" content=\"summary_large_image\" \/>\n<meta name=\"twitter:label1\" content=\"Tiempo de lectura\" \/>\n\t<meta name=\"twitter:data1\" content=\"4 minutos\" \/>\n<script type=\"application\/ld+json\" class=\"yoast-schema-graph\">{\"@context\":\"https:\/\/schema.org\",\"@graph\":[{\"@type\":\"WebPage\",\"@id\":\"https:\/\/www.tfngj.com\/faqs\/\",\"url\":\"https:\/\/www.tfngj.com\/faqs\/\",\"name\":\"FAQs - Communication Test Expert\",\"isPartOf\":{\"@id\":\"https:\/\/www.tfngj.com\/#website\"},\"datePublished\":\"2025-10-24T06:20:40+00:00\",\"dateModified\":\"2026-03-16T01:14:50+00:00\",\"breadcrumb\":{\"@id\":\"https:\/\/www.tfngj.com\/faqs\/#breadcrumb\"},\"inLanguage\":\"es\",\"potentialAction\":[{\"@type\":\"ReadAction\",\"target\":[\"https:\/\/www.tfngj.com\/faqs\/\"]}]},{\"@type\":\"BreadcrumbList\",\"@id\":\"https:\/\/www.tfngj.com\/faqs\/#breadcrumb\",\"itemListElement\":[{\"@type\":\"ListItem\",\"position\":1,\"name\":\"Home\",\"item\":\"https:\/\/www.tfngj.com\/\"},{\"@type\":\"ListItem\",\"position\":2,\"name\":\"FAQs\"}]},{\"@type\":\"WebSite\",\"@id\":\"https:\/\/www.tfngj.com\/#website\",\"url\":\"https:\/\/www.tfngj.com\/\",\"name\":\"TFN-Communication Test Expert\",\"description\":\"Find Perfect Solutions in TFN\",\"publisher\":{\"@id\":\"https:\/\/www.tfngj.com\/#organization\"},\"alternateName\":\"TFN\",\"potentialAction\":[{\"@type\":\"SearchAction\",\"target\":{\"@type\":\"EntryPoint\",\"urlTemplate\":\"https:\/\/www.tfngj.com\/?s={search_term_string}\"},\"query-input\":{\"@type\":\"PropertyValueSpecification\",\"valueRequired\":true,\"valueName\":\"search_term_string\"}}],\"inLanguage\":\"es\"},{\"@type\":\"Organization\",\"@id\":\"https:\/\/www.tfngj.com\/#organization\",\"name\":\"TFN\",\"url\":\"https:\/\/www.tfngj.com\/\",\"logo\":{\"@type\":\"ImageObject\",\"inLanguage\":\"es\",\"@id\":\"https:\/\/www.tfngj.com\/#\/schema\/logo\/image\/\",\"url\":\"https:\/\/www.tfngj.com\/wp-content\/uploads\/2025\/09\/\u9ed1logo.png\",\"contentUrl\":\"https:\/\/www.tfngj.com\/wp-content\/uploads\/2025\/09\/\u9ed1logo.png\",\"width\":939,\"height\":232,\"caption\":\"TFN\"},\"image\":{\"@id\":\"https:\/\/www.tfngj.com\/#\/schema\/logo\/image\/\"},\"sameAs\":[\"https:\/\/www.youtube.com\/@FateTFN\/search\"]}]}<\/script>\n<!-- \/ Yoast SEO plugin. -->","yoast_head_json":{"title":"Preguntas frecuentes - Communication Test Expert","robots":{"index":"index","follow":"follow","max-snippet":"max-snippet:-1","max-image-preview":"max-image-preview:large","max-video-preview":"max-video-preview:-1"},"canonical":"https:\/\/www.tfngj.com\/es\/preguntas-frecuentes\/","og_locale":"es_ES","og_type":"article","og_title":"FAQs - Communication Test Expert","og_description":"You may be interested in the following questions Can&#8217;t find the question you&#8217;re looking for?","og_url":"https:\/\/www.tfngj.com\/es\/preguntas-frecuentes\/","og_site_name":"Communication Test Expert","article_modified_time":"2026-03-16T01:14:50+00:00","og_image":[{"width":300,"height":300,"url":"https:\/\/www.tfngj.com\/wp-content\/uploads\/2025\/11\/TFN-LOGO.jpg","type":"image\/jpeg"}],"twitter_card":"summary_large_image","twitter_misc":{"Tiempo de lectura":"4 minutos"},"schema":{"@context":"https:\/\/schema.org","@graph":[{"@type":"WebPage","@id":"https:\/\/www.tfngj.com\/faqs\/","url":"https:\/\/www.tfngj.com\/faqs\/","name":"Preguntas frecuentes - Communication Test Expert","isPartOf":{"@id":"https:\/\/www.tfngj.com\/#website"},"datePublished":"2025-10-24T06:20:40+00:00","dateModified":"2026-03-16T01:14:50+00:00","breadcrumb":{"@id":"https:\/\/www.tfngj.com\/faqs\/#breadcrumb"},"inLanguage":"es","potentialAction":[{"@type":"ReadAction","target":["https:\/\/www.tfngj.com\/faqs\/"]}]},{"@type":"BreadcrumbList","@id":"https:\/\/www.tfngj.com\/faqs\/#breadcrumb","itemListElement":[{"@type":"ListItem","position":1,"name":"Home","item":"https:\/\/www.tfngj.com\/"},{"@type":"ListItem","position":2,"name":"FAQs"}]},{"@type":"WebSite","@id":"https:\/\/www.tfngj.com\/#website","url":"https:\/\/www.tfngj.com\/","name":"TFN-Experto en pruebas de comunicaci\u00f3n","description":"Encuentre soluciones perfectas en TFN","publisher":{"@id":"https:\/\/www.tfngj.com\/#organization"},"alternateName":"TFN","potentialAction":[{"@type":"SearchAction","target":{"@type":"EntryPoint","urlTemplate":"https:\/\/www.tfngj.com\/?s={search_term_string}"},"query-input":{"@type":"PropertyValueSpecification","valueRequired":true,"valueName":"search_term_string"}}],"inLanguage":"es"},{"@type":"Organization","@id":"https:\/\/www.tfngj.com\/#organization","name":"TFN","url":"https:\/\/www.tfngj.com\/","logo":{"@type":"ImageObject","inLanguage":"es","@id":"https:\/\/www.tfngj.com\/#\/schema\/logo\/image\/","url":"https:\/\/www.tfngj.com\/wp-content\/uploads\/2025\/09\/\u9ed1logo.png","contentUrl":"https:\/\/www.tfngj.com\/wp-content\/uploads\/2025\/09\/\u9ed1logo.png","width":939,"height":232,"caption":"TFN"},"image":{"@id":"https:\/\/www.tfngj.com\/#\/schema\/logo\/image\/"},"sameAs":["https:\/\/www.youtube.com\/@FateTFN\/search"]}]}},"_links":{"self":[{"href":"https:\/\/www.tfngj.com\/es\/wp-json\/wp\/v2\/pages\/3334","targetHints":{"allow":["GET"]}}],"collection":[{"href":"https:\/\/www.tfngj.com\/es\/wp-json\/wp\/v2\/pages"}],"about":[{"href":"https:\/\/www.tfngj.com\/es\/wp-json\/wp\/v2\/types\/page"}],"author":[{"embeddable":true,"href":"https:\/\/www.tfngj.com\/es\/wp-json\/wp\/v2\/users\/1"}],"replies":[{"embeddable":true,"href":"https:\/\/www.tfngj.com\/es\/wp-json\/wp\/v2\/comments?post=3334"}],"version-history":[{"count":6,"href":"https:\/\/www.tfngj.com\/es\/wp-json\/wp\/v2\/pages\/3334\/revisions"}],"predecessor-version":[{"id":6097,"href":"https:\/\/www.tfngj.com\/es\/wp-json\/wp\/v2\/pages\/3334\/revisions\/6097"}],"wp:attachment":[{"href":"https:\/\/www.tfngj.com\/es\/wp-json\/wp\/v2\/media?parent=3334"}],"curies":[{"name":"wp","href":"https:\/\/api.w.org\/{rel}","templated":true}]}}