{"id":3160,"date":"2025-10-24T11:47:02","date_gmt":"2025-10-24T03:47:02","guid":{"rendered":"https:\/\/ceshi.tfngw.com\/?page_id=3160"},"modified":"2025-11-21T16:07:24","modified_gmt":"2025-11-21T08:07:24","slug":"tm9265-directional-antenna","status":"publish","type":"page","link":"https:\/\/www.tfngj.com\/es\/antenna\/tm9265-directional-antenna\/","title":{"rendered":"Antena direccional TM9265"},"content":{"rendered":"<div class=\"wp-block-cover alignfull is-light wp-duotone-unset-1\" style=\"border-radius:0px;margin-top:0;margin-bottom:0;padding-top:0;padding-bottom:0;font-size:clamp(3.615rem, 3.615rem + ((1vw - 0.2rem) * 4.856), 7.5rem);min-height:470px;aspect-ratio:unset;\"><img loading=\"lazy\" decoding=\"async\" width=\"2560\" height=\"1280\" class=\"wp-block-cover__image-background wp-image-2550 size-full\" alt=\"\" src=\"https:\/\/www.tfngj.com\/wp-content\/uploads\/2025\/10\/back-2-scaled.webp\" data-object-fit=\"cover\" srcset=\"https:\/\/www.tfngj.com\/wp-content\/uploads\/2025\/10\/back-2-scaled.webp 2560w, https:\/\/www.tfngj.com\/wp-content\/uploads\/2025\/10\/back-2-300x150.webp 300w, https:\/\/www.tfngj.com\/wp-content\/uploads\/2025\/10\/back-2-1024x512.webp 1024w, https:\/\/www.tfngj.com\/wp-content\/uploads\/2025\/10\/back-2-768x384.webp 768w, https:\/\/www.tfngj.com\/wp-content\/uploads\/2025\/10\/back-2-1536x768.webp 1536w, https:\/\/www.tfngj.com\/wp-content\/uploads\/2025\/10\/back-2-2048x1024.webp 2048w, https:\/\/www.tfngj.com\/wp-content\/uploads\/2025\/10\/back-2-18x9.webp 18w, https:\/\/www.tfngj.com\/wp-content\/uploads\/2025\/10\/back-2-600x300.webp 600w\" sizes=\"auto, (max-width: 2560px) 100vw, 2560px\" \/><span aria-hidden=\"true\" class=\"wp-block-cover__background has-background-dim-30 has-background-dim\" style=\"background-color:#359aca\"><\/span><div class=\"wp-block-cover__inner-container has-global-padding is-layout-constrained wp-container-core-cover-is-layout-ad1af2a0 wp-block-cover-is-layout-constrained\"><h1 class=\"wp-block-heading alignfull has-text-align-center has-neutral-0-color has-text-color has-link-color has-5-x-large-font-size wp-elements-fe8518cc9aada666980025b097f7fc27\" style=\"margin-right:0;margin-left:var(--wp--preset--spacing--small);text-transform:capitalize\" id=\"tm9265-directional-antenna-kit\">Kit de antena direccional TM9265<\/h1>\n\n\n\n<p class=\"has-text-align-center has-neutral-0-color has-text-color has-link-color has-large-font-size wp-elements-c265a86ee9d54a07909c5a40b4dac3ff\" style=\"margin-top:var(--wp--preset--spacing--x-small)\">Un juego de antenas direccionales port\u00e1tiles de banda ultraancha para la vigilancia por radio y la localizaci\u00f3n de se\u00f1ales<\/p>\n<\/div><\/div>\n\n\n\n<div class=\"wp-block-group alignfull has-global-padding is-content-justification-center is-layout-constrained wp-container-core-group-is-layout-df757ecc wp-block-group-is-layout-constrained\" style=\"margin-top:0;margin-bottom:0;padding-top:calc( 0.5 * var(--wp--style--root--padding-right, var(--wp--custom--gap--horizontal)));padding-right:var(--wp--style--root--padding-right, var(--wp--custom--gap--horizontal));padding-bottom:calc( 0.5 * var(--wp--style--root--padding-right, var(--wp--custom--gap--horizontal)));padding-left:var(--wp--style--root--padding-left, var(--wp--custom--gap--horizontal))\">\n<div style=\"height:0px\" aria-hidden=\"true\" class=\"wp-block-spacer\"><\/div>\n\n\n\n<div style=\"height:calc( 0.25 * var(--wp--style--root--padding-right, var(--wp--custom--gap--horizontal)))\" aria-hidden=\"true\" class=\"wp-block-spacer\"><\/div>\n<\/div>\n\n\n\n<div class=\"wp-block-columns alignwide are-vertically-aligned-center is-layout-flex wp-container-core-columns-is-layout-b9f7452e wp-block-columns-is-layout-flex\" style=\"margin-top:var(--wp--preset--spacing--x-large)\">\n<div class=\"wp-block-column is-vertically-aligned-center is-layout-flow wp-block-column-is-layout-flow\" style=\"flex-basis:33.33%\"><h2 class=\"wp-block-heading has-5-x-large-font-size\" id=\"highlights\"><mark style=\"background-color:rgba(0, 0, 0, 0);color:#2588cc\" class=\"has-inline-color\">Caracter\u00edstica<\/mark><\/h2>\n\n\n\n<figure class=\"wp-block-image aligncenter size-full\" style=\"margin-right:0;margin-left:0;padding-right:0;padding-left:0\"><img loading=\"lazy\" decoding=\"async\" width=\"800\" height=\"800\" src=\"https:\/\/www.tfngj.com\/wp-content\/uploads\/2025\/10\/7-3.jpg\" alt=\"Kit de antena direccional\" class=\"wp-image-3303\" srcset=\"https:\/\/www.tfngj.com\/wp-content\/uploads\/2025\/10\/7-3.jpg 800w, https:\/\/www.tfngj.com\/wp-content\/uploads\/2025\/10\/7-3-300x300.jpg 300w, https:\/\/www.tfngj.com\/wp-content\/uploads\/2025\/10\/7-3-150x150.jpg 150w, https:\/\/www.tfngj.com\/wp-content\/uploads\/2025\/10\/7-3-768x768.jpg 768w, https:\/\/www.tfngj.com\/wp-content\/uploads\/2025\/10\/7-3-12x12.jpg 12w, https:\/\/www.tfngj.com\/wp-content\/uploads\/2025\/10\/7-3-600x600.jpg 600w, https:\/\/www.tfngj.com\/wp-content\/uploads\/2025\/10\/7-3-100x100.jpg 100w\" sizes=\"auto, (max-width: 800px) 100vw, 800px\" \/><\/figure>\n<\/div>\n\n\n\n<div class=\"wp-block-column is-vertically-aligned-center is-layout-flow wp-block-column-is-layout-flow\" style=\"flex-basis:66.66%\"><ul style=\"margin-right:var(--wp--preset--spacing--large);--plover--style--block-gap:0;\" class=\"wp-block-list is-style-check-circle\">\n<li>Un conjunto de equipos cubre cinco bandas de frecuencia clave (9KHz-30MHz, 20MHz-200MHz, 200MHz-500MHz, 500MHz-8GHz, 6GHz-26,5GHz), lo que permite una supervisi\u00f3n completa desde la onda larga hasta la onda milim\u00e9trica.<\/li>\n\n\n\n<li>Combinando un patr\u00f3n lineal cardioide (relaci\u00f3n frontal\/trasera &gt;10dB) con una br\u00fajula electr\u00f3nica 3D, indica con precisi\u00f3n la direcci\u00f3n de las se\u00f1ales entrantes en tiempo real<\/li>\n\n\n\n<li>El m\u00f3dulo de antena individual pesa s\u00f3lo 1 kg, y la mayor\u00eda pesa menos de 0,55 kg. Est\u00e1 dise\u00f1ado para un funcionamiento port\u00e1til a largo plazo y un despliegue m\u00f3vil r\u00e1pido.<\/li>\n\n\n\n<li>La empu\u00f1adura inteligente universal integra un bot\u00f3n de \u201cinicio de medici\u00f3n\u201d, admite alimentaci\u00f3n por USB o enchufe de aviaci\u00f3n y salida de datos, y es f\u00e1cil de manejar y est\u00e1 lista para usar.<\/li>\n\n\n\n<li>Los usuarios pueden sustituir r\u00e1pidamente los m\u00f3dulos de antena de diferentes bandas de frecuencia seg\u00fan los requisitos de la misi\u00f3n, respondiendo con flexibilidad a diversos entornos electromagn\u00e9ticos complejos.<\/li>\n<\/ul>\n\n\n\n<div class=\"wp-block-buttons is-content-justification-center is-layout-flex wp-container-core-buttons-is-layout-a89b3969 wp-block-buttons-is-layout-flex\">\n<div class=\"wp-block-button\"><a class=\"wp-block-button__link wp-element-button\" href=\"https:\/\/www.tfngj.com\/es\/contact-us\/\">Solicitar cotizaci\u00f3n<\/a><\/div>\n<\/div>\n<\/div>\n<\/div>\n\n\n\n<div class=\"wp-block-columns alignwide is-layout-flex wp-container-core-columns-is-layout-730c4707 wp-block-columns-is-layout-flex\" style=\"margin-top:var(--wp--preset--spacing--2-x-large);margin-bottom:var(--wp--preset--spacing--large)\">\n<div class=\"wp-block-column is-layout-flow wp-block-column-is-layout-flow\">\n<figure class=\"wp-block-image size-full is-resized\"><img loading=\"lazy\" decoding=\"async\" width=\"800\" height=\"800\" src=\"https:\/\/www.tfngj.com\/wp-content\/uploads\/2025\/10\/1-16.jpg\" alt=\"Kit de antena direccional\" class=\"wp-image-3300\" style=\"width:351px;height:auto\" srcset=\"https:\/\/www.tfngj.com\/wp-content\/uploads\/2025\/10\/1-16.jpg 800w, https:\/\/www.tfngj.com\/wp-content\/uploads\/2025\/10\/1-16-300x300.jpg 300w, https:\/\/www.tfngj.com\/wp-content\/uploads\/2025\/10\/1-16-150x150.jpg 150w, https:\/\/www.tfngj.com\/wp-content\/uploads\/2025\/10\/1-16-768x768.jpg 768w, https:\/\/www.tfngj.com\/wp-content\/uploads\/2025\/10\/1-16-12x12.jpg 12w, https:\/\/www.tfngj.com\/wp-content\/uploads\/2025\/10\/1-16-600x600.jpg 600w, https:\/\/www.tfngj.com\/wp-content\/uploads\/2025\/10\/1-16-100x100.jpg 100w\" sizes=\"auto, (max-width: 800px) 100vw, 800px\" \/><\/figure>\n<\/div>\n\n\n\n<div class=\"wp-block-column is-layout-flow wp-block-column-is-layout-flow\">\n<figure class=\"wp-block-image size-full is-resized\"><img loading=\"lazy\" decoding=\"async\" width=\"800\" height=\"800\" src=\"https:\/\/www.tfngj.com\/wp-content\/uploads\/2025\/10\/2-11.jpg\" alt=\"Kit de antena direccional\" class=\"wp-image-3301\" style=\"width:351px;height:auto\" srcset=\"https:\/\/www.tfngj.com\/wp-content\/uploads\/2025\/10\/2-11.jpg 800w, https:\/\/www.tfngj.com\/wp-content\/uploads\/2025\/10\/2-11-300x300.jpg 300w, https:\/\/www.tfngj.com\/wp-content\/uploads\/2025\/10\/2-11-150x150.jpg 150w, https:\/\/www.tfngj.com\/wp-content\/uploads\/2025\/10\/2-11-768x768.jpg 768w, https:\/\/www.tfngj.com\/wp-content\/uploads\/2025\/10\/2-11-12x12.jpg 12w, https:\/\/www.tfngj.com\/wp-content\/uploads\/2025\/10\/2-11-600x600.jpg 600w, https:\/\/www.tfngj.com\/wp-content\/uploads\/2025\/10\/2-11-100x100.jpg 100w\" sizes=\"auto, (max-width: 800px) 100vw, 800px\" \/><\/figure>\n<\/div>\n\n\n\n<div class=\"wp-block-column is-layout-flow wp-block-column-is-layout-flow\">\n<figure class=\"wp-block-image size-full is-resized\"><img loading=\"lazy\" decoding=\"async\" width=\"800\" height=\"800\" src=\"https:\/\/www.tfngj.com\/wp-content\/uploads\/2025\/10\/3-8.jpg\" alt=\"Kit de antena direccional\" class=\"wp-image-3302\" style=\"width:351px;height:auto\" srcset=\"https:\/\/www.tfngj.com\/wp-content\/uploads\/2025\/10\/3-8.jpg 800w, https:\/\/www.tfngj.com\/wp-content\/uploads\/2025\/10\/3-8-300x300.jpg 300w, https:\/\/www.tfngj.com\/wp-content\/uploads\/2025\/10\/3-8-150x150.jpg 150w, https:\/\/www.tfngj.com\/wp-content\/uploads\/2025\/10\/3-8-768x768.jpg 768w, https:\/\/www.tfngj.com\/wp-content\/uploads\/2025\/10\/3-8-12x12.jpg 12w, https:\/\/www.tfngj.com\/wp-content\/uploads\/2025\/10\/3-8-600x600.jpg 600w, https:\/\/www.tfngj.com\/wp-content\/uploads\/2025\/10\/3-8-100x100.jpg 100w\" sizes=\"auto, (max-width: 800px) 100vw, 800px\" \/><\/figure>\n<\/div>\n<\/div>\n\n\n<h2 class=\"wp-block-heading alignfull has-text-align-left\" style=\"margin-top:var(--wp--preset--spacing--small);padding-left:7.5rem;font-size:clamp(1.743rem, 1.743rem + ((1vw - 0.2rem) * 1.571), 3rem);\" id=\"specifications\"><mark style=\"background-color:rgba(0, 0, 0, 0);color:#2588cc\" class=\"has-inline-color\">par\u00e1metros de configuraci\u00f3n<\/mark><\/h2>\n\n\n\n<div class=\"wp-block-columns alignwide is-layout-flex wp-container-core-columns-is-layout-28f84493 wp-block-columns-is-layout-flex\">\n<div class=\"wp-block-column is-layout-flow wp-block-column-is-layout-flow\" style=\"flex-basis:66.66%\">\n<figure class=\"wp-block-table\"><table class=\"has-fixed-layout\"><tbody><tr><td>Modelo de antena<\/td><td>Gama de frecuencias<\/td><td>Relaci\u00f3n de ondas estacionarias<\/td><td>Relaci\u00f3n entre la parte delantera y la trasera<\/td><td>Gane<\/td><td>Dimensiones<\/td><td>Peso<\/td><\/tr><tr><td>TN315A<\/td><td>9KHz ~ 30MHz<\/td><td>&lt; 2.5<\/td><td>&gt; 10 dB<\/td><td>-170dBi ~ -25dBi<\/td><td>530 mm * 300 mm * 40 mm<\/td><td>0,5 kg<\/td><\/tr><tr><td>TN315B<\/td><td>20MHz ~ 200MHz<\/td><td>&lt; 2.5<\/td><td>&gt; 10 dB<\/td><td>-28dBi ~ +7dBi<\/td><td>530 mm * 300 mm * 90 mm<\/td><td>0,45 kg<\/td><\/tr><tr><td>TN315C<\/td><td>200MHz ~ 500MHz<\/td><td>&lt; 2.5<\/td><td>&gt; 10 dB<\/td><td>-5dBi ~ +7dBi<\/td><td>380mm * 260mm * 40mm<\/td><td>0,25 kg<\/td><\/tr><tr><td>TN315D<\/td><td>500MHz ~ 8GHz<\/td><td>&lt; 2.5<\/td><td>&gt; 10 dB<\/td><td>-5dBi ~ +18dBi<\/td><td>540mm * 260mm * 40mm<\/td><td>0,55 kg<\/td><\/tr><tr><td>TN315E<\/td><td>6GHz ~ 26,5GHz<\/td><td>&lt; 2.5<\/td><td>&gt; 10 dB<\/td><td>+10dBi ~ +20dBi<\/td><td><\/td><td>1,0 kg<\/td><\/tr><\/tbody><\/table><\/figure>\n<\/div>\n\n\n\n<div class=\"wp-block-column is-layout-flow wp-block-column-is-layout-flow\" style=\"flex-basis:33.33%\">\n<figure class=\"wp-block-table\"><table class=\"has-fixed-layout\"><tbody><tr><td colspan=\"2\">Asa smart universal-TN315F<\/td><\/tr><tr><td>Bot\u00f3n de inicio de medici\u00f3n<\/td><td>activaci\u00f3n de la adquisici\u00f3n de datos con un solo clic<\/td><\/tr><tr><td>Interfaz de datos : <\/td><td>USB2.0 \/ clavija de aviaci\u00f3n de 9 patillas<\/td><\/tr><tr><td>Interfaz de salida RF : <\/td><td>SMA (macho)<\/td><\/tr><tr><td>Alimentaci\u00f3n<\/td><td>USB (5 V) \/ clavija de aviaci\u00f3n de 9 patillas (5 V)<\/td><\/tr><tr><td>Sensores integrados <\/td><td>GPS de alta precisi\u00f3n, br\u00fajula electr\u00f3nica tridimensional<\/td><\/tr><\/tbody><\/table><\/figure>\n<\/div>\n<\/div>\n\n\n\n<div class=\"wp-block-buttons alignwide is-layout-flex wp-block-buttons-is-layout-flex\">\n<div class=\"wp-block-button is-style-ghost\"><a class=\"wp-block-button__link wp-element-button\" href=\"https:\/\/www.tfngj.com\/wp-content\/uploads\/2025\/pdf\/TM9265-Directional-Antenna.pdf\">Descarga manual<\/a><\/div>\n<\/div>\n\n\n\n<div class=\"wp-block-columns alignwide are-vertically-aligned-center is-layout-flex wp-container-core-columns-is-layout-b9f7452e wp-block-columns-is-layout-flex\" style=\"margin-top:var(--wp--preset--spacing--x-large)\">\n<div class=\"wp-block-column is-vertically-aligned-center is-layout-flow wp-block-column-is-layout-flow\" style=\"flex-basis:56%\"><h2 class=\"wp-block-heading has-2-x-large-font-size\" id=\"application-scenarios\">Escenarios de aplicaci\u00f3n<\/h2>\n\n\n<ul class=\"wp-block-list\" style=\"\">\n<li>Gesti\u00f3n de radiocomunicaciones y comprobaci\u00f3n t\u00e9cnica del espectro<\/li>\n\n\n\n<li>Posicionamiento y seguimiento de fuentes de se\u00f1al (como fuentes de interferencia de drones o emisoras de radio ilegales)<\/li>\n\n\n\n<li>Experimentos educativos y medici\u00f3n de la investigaci\u00f3n cient\u00edfica<\/li>\n\n\n\n<li>Comunicaciones de emergencia e inspecciones de seguridad<\/li>\n\n\n\n<li>Pruebas de conformidad previa CEM<\/li>\n<\/ul>\n<\/div>\n\n\n\n<div class=\"wp-block-column is-vertically-aligned-center is-layout-flow wp-block-column-is-layout-flow\" style=\"flex-basis:44%\">\n<figure class=\"wp-block-image\"><img loading=\"lazy\" decoding=\"async\" width=\"1024\" height=\"682\" src=\"https:\/\/www.tfngj.com\/wp-content\/uploads\/2025\/10\/internet-7843966_1280-1024x682.jpg\" alt=\"Pruebas 5G\" class=\"wp-image-2473\" srcset=\"https:\/\/www.tfngj.com\/wp-content\/uploads\/2025\/10\/internet-7843966_1280-1024x682.jpg 1024w, https:\/\/www.tfngj.com\/wp-content\/uploads\/2025\/10\/internet-7843966_1280-300x200.jpg 300w, https:\/\/www.tfngj.com\/wp-content\/uploads\/2025\/10\/internet-7843966_1280-768x512.jpg 768w, https:\/\/www.tfngj.com\/wp-content\/uploads\/2025\/10\/internet-7843966_1280-18x12.jpg 18w, https:\/\/www.tfngj.com\/wp-content\/uploads\/2025\/10\/internet-7843966_1280-600x400.jpg 600w, https:\/\/www.tfngj.com\/wp-content\/uploads\/2025\/10\/internet-7843966_1280.jpg 1280w\" sizes=\"auto, (max-width: 1024px) 100vw, 1024px\" \/><\/figure>\n<\/div>\n<\/div>\n\n\n\n<div style=\"height:68px\" aria-hidden=\"true\" class=\"wp-block-spacer\"><\/div>\n\n\n<h2 class=\"wp-block-heading has-text-align-center\" id=\"faqs\"><mark style=\"background-color:rgba(0, 0, 0, 0);color:#2588cc\" class=\"has-inline-color\">Preguntas frecuentes<\/mark><\/h2>\n\n\n\n<details class=\"wp-block-details has-border-color is-layout-flow wp-block-details-is-layout-flow\" style=\"border-color:#4083ca;border-width:2px;line-height:1.8\" open><summary>\u00bfQu\u00e9 opciones log\u00edsticas ofrecen?<\/summary>\n<p>Ofrecemos soluciones log\u00edsticas optimizadas en funci\u00f3n de la urgencia de su pedido, el tama\u00f1o, el peso y su ubicaci\u00f3n:<\/p>\n\n\n\n<p>Expr\u00e9s internacional: Adecuado para muestras, pedidos urgentes y peque\u00f1os env\u00edos de menos de 22 lb. Colaboramos con los mejores proveedores log\u00edsticos como DHL, FedEx y UPS, ofreciendo seguimiento puerta a puerta.<\/p>\n\n\n\n<p>Transporte a\u00e9reo: Adecuado para pedidos medianos y grandes o equipos completos urgentes, ya que ofrece un equilibrio eficaz entre coste y rapidez.<\/p>\n\n\n\n<p>Flete mar\u00edtimo: Adecuado para pedidos de gran volumen y el m\u00e9todo de env\u00edo m\u00e1s econ\u00f3mico. Ofrecemos FOB, C&amp;F y CIF.<\/p>\n<\/details>\n\n\n\n<details class=\"wp-block-details has-border-color is-layout-flow wp-block-details-is-layout-flow\" style=\"border-color:#4083ca;border-width:2px\"><summary>\u00bfCu\u00e1l es el plazo de entrega?<\/summary>\n<p>Para nuestros productos est\u00e1ndar, si est\u00e1n en stock y listos para su env\u00edo, el plazo de entrega es de unos 7-10 d\u00edas. Para nuestros productos opcionales, el plazo de entrega es de unos 25-30 d\u00edas.<\/p>\n<\/details>\n\n\n\n<details class=\"wp-block-details has-border-color is-layout-flow wp-block-details-is-layout-flow\" style=\"border-color:#4083ca;border-width:2px\"><summary>\u00bfCu\u00e1l es el periodo de garant\u00eda del producto?<\/summary>\n<p>Confiamos en la calidad y fiabilidad de nuestros productos.<\/p>\n\n\n\n<p>Ofrecemos una garant\u00eda est\u00e1ndar de 12 meses para todos los instrumentos, a partir de la fecha de llegada al puerto de destino.<\/p>\n\n\n\n<p>Tambi\u00e9n hay disponibles garant\u00edas ampliadas; p\u00f3ngase en contacto con nuestro equipo de ventas para obtener m\u00e1s informaci\u00f3n.<\/p>\n<\/details>\n\n\n\n<div style=\"height:59px\" aria-hidden=\"true\" class=\"wp-block-spacer\"><\/div>","protected":false},"excerpt":{"rendered":"<p>Highlights Specifications Antenna Model Frequency range Standing Wave Ratio Front-to-back ratio Gain Dimensions Weight TN315A 9KHz ~ 30MHz &lt; 2.5 &gt; 10dB -170dBi ~ -25dBi 530mm * 300mm * 40mm 0.5 kg TN315B 20MHz ~ 200MHz &lt; 2.5 &gt; 10dB -28dBi ~ +7dBi 530mm * 300mm * 90mm 0.45 kg TN315C 200MHz ~ 500MHz &lt; [&hellip;]<\/p>","protected":false},"author":1,"featured_media":0,"parent":2379,"menu_order":0,"comment_status":"closed","ping_status":"closed","template":"","meta":{"footnotes":""},"class_list":["post-3160","page","type-page","status-publish","hentry"],"yoast_head":"<!-- This site is optimized with the Yoast SEO plugin v26.6 - https:\/\/yoast.com\/wordpress\/plugins\/seo\/ -->\n<title>TM9265 Directional Antenna - Communication Test Expert<\/title>\n<meta name=\"robots\" content=\"index, follow, max-snippet:-1, max-image-preview:large, max-video-preview:-1\" \/>\n<link rel=\"canonical\" href=\"https:\/\/www.tfngj.com\/es\/antenna\/tm9265-directional-antenna\/\" \/>\n<meta property=\"og:locale\" content=\"es_ES\" \/>\n<meta property=\"og:type\" content=\"article\" \/>\n<meta property=\"og:title\" content=\"TM9265 Directional Antenna - Communication Test Expert\" \/>\n<meta property=\"og:description\" content=\"Highlights Specifications Antenna Model Frequency range Standing Wave Ratio Front-to-back ratio Gain Dimensions Weight TN315A 9KHz ~ 30MHz &lt; 2.5 &gt; 10dB -170dBi ~ -25dBi 530mm * 300mm * 40mm 0.5 kg TN315B 20MHz ~ 200MHz &lt; 2.5 &gt; 10dB -28dBi ~ +7dBi 530mm * 300mm * 90mm 0.45 kg TN315C 200MHz ~ 500MHz &lt; [&hellip;]\" \/>\n<meta property=\"og:url\" content=\"https:\/\/www.tfngj.com\/es\/antenna\/tm9265-directional-antenna\/\" \/>\n<meta property=\"og:site_name\" content=\"Communication Test Expert\" \/>\n<meta property=\"article:modified_time\" content=\"2025-11-21T08:07:24+00:00\" \/>\n<meta property=\"og:image\" content=\"https:\/\/www.tfngj.com\/wp-content\/uploads\/2025\/10\/back-2-scaled.webp\" \/>\n\t<meta property=\"og:image:width\" content=\"2560\" \/>\n\t<meta property=\"og:image:height\" content=\"1280\" \/>\n\t<meta property=\"og:image:type\" content=\"image\/webp\" \/>\n<meta name=\"twitter:card\" content=\"summary_large_image\" \/>\n<meta name=\"twitter:label1\" content=\"Tiempo de lectura\" \/>\n\t<meta name=\"twitter:data1\" content=\"2 minutos\" \/>\n<script type=\"application\/ld+json\" class=\"yoast-schema-graph\">{\"@context\":\"https:\/\/schema.org\",\"@graph\":[{\"@type\":\"WebPage\",\"@id\":\"https:\/\/www.tfngj.com\/antenna\/tm9265-directional-antenna\/\",\"url\":\"https:\/\/www.tfngj.com\/antenna\/tm9265-directional-antenna\/\",\"name\":\"TM9265 Directional Antenna - Communication Test Expert\",\"isPartOf\":{\"@id\":\"https:\/\/www.tfngj.com\/#website\"},\"primaryImageOfPage\":{\"@id\":\"https:\/\/www.tfngj.com\/antenna\/tm9265-directional-antenna\/#primaryimage\"},\"image\":{\"@id\":\"https:\/\/www.tfngj.com\/antenna\/tm9265-directional-antenna\/#primaryimage\"},\"thumbnailUrl\":\"https:\/\/www.tfngj.com\/wp-content\/uploads\/2025\/10\/back-2-scaled.webp\",\"datePublished\":\"2025-10-24T03:47:02+00:00\",\"dateModified\":\"2025-11-21T08:07:24+00:00\",\"breadcrumb\":{\"@id\":\"https:\/\/www.tfngj.com\/antenna\/tm9265-directional-antenna\/#breadcrumb\"},\"inLanguage\":\"es\",\"potentialAction\":[{\"@type\":\"ReadAction\",\"target\":[\"https:\/\/www.tfngj.com\/antenna\/tm9265-directional-antenna\/\"]}]},{\"@type\":\"ImageObject\",\"inLanguage\":\"es\",\"@id\":\"https:\/\/www.tfngj.com\/antenna\/tm9265-directional-antenna\/#primaryimage\",\"url\":\"https:\/\/www.tfngj.com\/wp-content\/uploads\/2025\/10\/back-2-scaled.webp\",\"contentUrl\":\"https:\/\/www.tfngj.com\/wp-content\/uploads\/2025\/10\/back-2-scaled.webp\"},{\"@type\":\"BreadcrumbList\",\"@id\":\"https:\/\/www.tfngj.com\/antenna\/tm9265-directional-antenna\/#breadcrumb\",\"itemListElement\":[{\"@type\":\"ListItem\",\"position\":1,\"name\":\"Home\",\"item\":\"https:\/\/www.tfngj.com\/\"},{\"@type\":\"ListItem\",\"position\":2,\"name\":\"RF Signal Antenna\",\"item\":\"https:\/\/www.tfngj.com\/antenna\/\"},{\"@type\":\"ListItem\",\"position\":3,\"name\":\"TM9265 Directional Antenna\"}]},{\"@type\":\"WebSite\",\"@id\":\"https:\/\/www.tfngj.com\/#website\",\"url\":\"https:\/\/www.tfngj.com\/\",\"name\":\"TFN-Communication Test Expert\",\"description\":\"Find Perfect Solutions in TFN\",\"publisher\":{\"@id\":\"https:\/\/www.tfngj.com\/#organization\"},\"alternateName\":\"TFN\",\"potentialAction\":[{\"@type\":\"SearchAction\",\"target\":{\"@type\":\"EntryPoint\",\"urlTemplate\":\"https:\/\/www.tfngj.com\/?s={search_term_string}\"},\"query-input\":{\"@type\":\"PropertyValueSpecification\",\"valueRequired\":true,\"valueName\":\"search_term_string\"}}],\"inLanguage\":\"es\"},{\"@type\":\"Organization\",\"@id\":\"https:\/\/www.tfngj.com\/#organization\",\"name\":\"TFN\",\"url\":\"https:\/\/www.tfngj.com\/\",\"logo\":{\"@type\":\"ImageObject\",\"inLanguage\":\"es\",\"@id\":\"https:\/\/www.tfngj.com\/#\/schema\/logo\/image\/\",\"url\":\"https:\/\/www.tfngj.com\/wp-content\/uploads\/2025\/09\/\u9ed1logo.png\",\"contentUrl\":\"https:\/\/www.tfngj.com\/wp-content\/uploads\/2025\/09\/\u9ed1logo.png\",\"width\":939,\"height\":232,\"caption\":\"TFN\"},\"image\":{\"@id\":\"https:\/\/www.tfngj.com\/#\/schema\/logo\/image\/\"},\"sameAs\":[\"https:\/\/www.youtube.com\/@FateTFN\/search\"]}]}<\/script>\n<!-- \/ Yoast SEO plugin. -->","yoast_head_json":{"title":"TM9265 Antena direccional - Experto en pruebas de comunicaci\u00f3n","robots":{"index":"index","follow":"follow","max-snippet":"max-snippet:-1","max-image-preview":"max-image-preview:large","max-video-preview":"max-video-preview:-1"},"canonical":"https:\/\/www.tfngj.com\/es\/antenna\/tm9265-directional-antenna\/","og_locale":"es_ES","og_type":"article","og_title":"TM9265 Directional Antenna - Communication Test Expert","og_description":"Highlights Specifications Antenna Model Frequency range Standing Wave Ratio Front-to-back ratio Gain Dimensions Weight TN315A 9KHz ~ 30MHz &lt; 2.5 &gt; 10dB -170dBi ~ -25dBi 530mm * 300mm * 40mm 0.5 kg TN315B 20MHz ~ 200MHz &lt; 2.5 &gt; 10dB -28dBi ~ +7dBi 530mm * 300mm * 90mm 0.45 kg TN315C 200MHz ~ 500MHz &lt; [&hellip;]","og_url":"https:\/\/www.tfngj.com\/es\/antenna\/tm9265-directional-antenna\/","og_site_name":"Communication Test Expert","article_modified_time":"2025-11-21T08:07:24+00:00","og_image":[{"width":2560,"height":1280,"url":"https:\/\/www.tfngj.com\/wp-content\/uploads\/2025\/10\/back-2-scaled.webp","type":"image\/webp"}],"twitter_card":"summary_large_image","twitter_misc":{"Tiempo de lectura":"2 minutos"},"schema":{"@context":"https:\/\/schema.org","@graph":[{"@type":"WebPage","@id":"https:\/\/www.tfngj.com\/antenna\/tm9265-directional-antenna\/","url":"https:\/\/www.tfngj.com\/antenna\/tm9265-directional-antenna\/","name":"TM9265 Antena direccional - Experto en pruebas de comunicaci\u00f3n","isPartOf":{"@id":"https:\/\/www.tfngj.com\/#website"},"primaryImageOfPage":{"@id":"https:\/\/www.tfngj.com\/antenna\/tm9265-directional-antenna\/#primaryimage"},"image":{"@id":"https:\/\/www.tfngj.com\/antenna\/tm9265-directional-antenna\/#primaryimage"},"thumbnailUrl":"https:\/\/www.tfngj.com\/wp-content\/uploads\/2025\/10\/back-2-scaled.webp","datePublished":"2025-10-24T03:47:02+00:00","dateModified":"2025-11-21T08:07:24+00:00","breadcrumb":{"@id":"https:\/\/www.tfngj.com\/antenna\/tm9265-directional-antenna\/#breadcrumb"},"inLanguage":"es","potentialAction":[{"@type":"ReadAction","target":["https:\/\/www.tfngj.com\/antenna\/tm9265-directional-antenna\/"]}]},{"@type":"ImageObject","inLanguage":"es","@id":"https:\/\/www.tfngj.com\/antenna\/tm9265-directional-antenna\/#primaryimage","url":"https:\/\/www.tfngj.com\/wp-content\/uploads\/2025\/10\/back-2-scaled.webp","contentUrl":"https:\/\/www.tfngj.com\/wp-content\/uploads\/2025\/10\/back-2-scaled.webp"},{"@type":"BreadcrumbList","@id":"https:\/\/www.tfngj.com\/antenna\/tm9265-directional-antenna\/#breadcrumb","itemListElement":[{"@type":"ListItem","position":1,"name":"Home","item":"https:\/\/www.tfngj.com\/"},{"@type":"ListItem","position":2,"name":"RF Signal Antenna","item":"https:\/\/www.tfngj.com\/antenna\/"},{"@type":"ListItem","position":3,"name":"TM9265 Directional Antenna"}]},{"@type":"WebSite","@id":"https:\/\/www.tfngj.com\/#website","url":"https:\/\/www.tfngj.com\/","name":"TFN-Experto en pruebas de comunicaci\u00f3n","description":"Encuentre soluciones perfectas en TFN","publisher":{"@id":"https:\/\/www.tfngj.com\/#organization"},"alternateName":"TFN","potentialAction":[{"@type":"SearchAction","target":{"@type":"EntryPoint","urlTemplate":"https:\/\/www.tfngj.com\/?s={search_term_string}"},"query-input":{"@type":"PropertyValueSpecification","valueRequired":true,"valueName":"search_term_string"}}],"inLanguage":"es"},{"@type":"Organization","@id":"https:\/\/www.tfngj.com\/#organization","name":"TFN","url":"https:\/\/www.tfngj.com\/","logo":{"@type":"ImageObject","inLanguage":"es","@id":"https:\/\/www.tfngj.com\/#\/schema\/logo\/image\/","url":"https:\/\/www.tfngj.com\/wp-content\/uploads\/2025\/09\/\u9ed1logo.png","contentUrl":"https:\/\/www.tfngj.com\/wp-content\/uploads\/2025\/09\/\u9ed1logo.png","width":939,"height":232,"caption":"TFN"},"image":{"@id":"https:\/\/www.tfngj.com\/#\/schema\/logo\/image\/"},"sameAs":["https:\/\/www.youtube.com\/@FateTFN\/search"]}]}},"_links":{"self":[{"href":"https:\/\/www.tfngj.com\/es\/wp-json\/wp\/v2\/pages\/3160","targetHints":{"allow":["GET"]}}],"collection":[{"href":"https:\/\/www.tfngj.com\/es\/wp-json\/wp\/v2\/pages"}],"about":[{"href":"https:\/\/www.tfngj.com\/es\/wp-json\/wp\/v2\/types\/page"}],"author":[{"embeddable":true,"href":"https:\/\/www.tfngj.com\/es\/wp-json\/wp\/v2\/users\/1"}],"replies":[{"embeddable":true,"href":"https:\/\/www.tfngj.com\/es\/wp-json\/wp\/v2\/comments?post=3160"}],"version-history":[{"count":14,"href":"https:\/\/www.tfngj.com\/es\/wp-json\/wp\/v2\/pages\/3160\/revisions"}],"predecessor-version":[{"id":4446,"href":"https:\/\/www.tfngj.com\/es\/wp-json\/wp\/v2\/pages\/3160\/revisions\/4446"}],"up":[{"embeddable":true,"href":"https:\/\/www.tfngj.com\/es\/wp-json\/wp\/v2\/pages\/2379"}],"wp:attachment":[{"href":"https:\/\/www.tfngj.com\/es\/wp-json\/wp\/v2\/media?parent=3160"}],"curies":[{"name":"wp","href":"https:\/\/api.w.org\/{rel}","templated":true}]}}