{"id":3128,"date":"2025-10-24T10:55:18","date_gmt":"2025-10-24T02:55:18","guid":{"rendered":"https:\/\/ceshi.tfngw.com\/?page_id=3128"},"modified":"2025-11-21T15:54:51","modified_gmt":"2025-11-21T07:54:51","slug":"ck16d-horn-antenna","status":"publish","type":"page","link":"https:\/\/www.tfngj.com\/es\/antenna\/ck16d-horn-antenna\/","title":{"rendered":"Antena de bocina CK16D"},"content":{"rendered":"<div class=\"wp-block-cover alignfull is-light wp-duotone-unset-1\" style=\"border-radius:0px;margin-top:0;margin-bottom:0;padding-top:0;padding-bottom:0;font-size:clamp(3.615rem, 3.615rem + ((1vw - 0.2rem) * 4.856), 7.5rem);min-height:468px;aspect-ratio:unset;\"><img loading=\"lazy\" decoding=\"async\" width=\"2560\" height=\"1280\" class=\"wp-block-cover__image-background wp-image-2550 size-full\" alt=\"\" src=\"https:\/\/www.tfngj.com\/wp-content\/uploads\/2025\/10\/back-2-scaled.webp\" data-object-fit=\"cover\" srcset=\"https:\/\/www.tfngj.com\/wp-content\/uploads\/2025\/10\/back-2-scaled.webp 2560w, https:\/\/www.tfngj.com\/wp-content\/uploads\/2025\/10\/back-2-300x150.webp 300w, https:\/\/www.tfngj.com\/wp-content\/uploads\/2025\/10\/back-2-1024x512.webp 1024w, https:\/\/www.tfngj.com\/wp-content\/uploads\/2025\/10\/back-2-768x384.webp 768w, https:\/\/www.tfngj.com\/wp-content\/uploads\/2025\/10\/back-2-1536x768.webp 1536w, https:\/\/www.tfngj.com\/wp-content\/uploads\/2025\/10\/back-2-2048x1024.webp 2048w, https:\/\/www.tfngj.com\/wp-content\/uploads\/2025\/10\/back-2-18x9.webp 18w, https:\/\/www.tfngj.com\/wp-content\/uploads\/2025\/10\/back-2-600x300.webp 600w\" sizes=\"auto, (max-width: 2560px) 100vw, 2560px\" \/><span aria-hidden=\"true\" class=\"wp-block-cover__background has-background-dim-30 has-background-dim\" style=\"background-color:#359aca\"><\/span><div class=\"wp-block-cover__inner-container has-global-padding is-layout-constrained wp-container-core-cover-is-layout-ad1af2a0 wp-block-cover-is-layout-constrained\"><h1 class=\"wp-block-heading alignfull has-text-align-center has-neutral-0-color has-text-color has-link-color has-5-x-large-font-size wp-elements-ccedcd8b3f09eac74bedc301736633fc\" style=\"margin-right:0;margin-left:0;text-transform:capitalize\" id=\"ck16d-horn-antenna\">Antena de bocina CK16D<\/h1>\n\n\n\n<p class=\"has-text-align-center has-neutral-0-color has-text-color has-link-color has-large-font-size wp-elements-0324f1fc339fccbe2b602ba4edeb5094\" style=\"margin-top:var(--wp--preset--spacing--x-small)\">1GHz-6GHz. Antena direccional de banda ancha y alta ganancia adecuada para pruebas de EMC y contramedidas electr\u00f3nicas.<\/p>\n<\/div><\/div>\n\n\n\n<div class=\"wp-block-group alignfull has-global-padding is-content-justification-center is-layout-constrained wp-container-core-group-is-layout-df757ecc wp-block-group-is-layout-constrained\" style=\"margin-top:0;margin-bottom:0;padding-top:calc( 0.5 * var(--wp--style--root--padding-right, var(--wp--custom--gap--horizontal)));padding-right:var(--wp--style--root--padding-right, var(--wp--custom--gap--horizontal));padding-bottom:calc( 0.5 * var(--wp--style--root--padding-right, var(--wp--custom--gap--horizontal)));padding-left:var(--wp--style--root--padding-left, var(--wp--custom--gap--horizontal))\">\n<div style=\"height:0px\" aria-hidden=\"true\" class=\"wp-block-spacer\"><\/div>\n\n\n\n<div style=\"height:calc( 0.25 * var(--wp--style--root--padding-right, var(--wp--custom--gap--horizontal)))\" aria-hidden=\"true\" class=\"wp-block-spacer\"><\/div>\n<\/div>\n\n\n\n<div class=\"wp-block-columns alignwide are-vertically-aligned-center is-layout-flex wp-container-core-columns-is-layout-37dbaa11 wp-block-columns-is-layout-flex\" style=\"margin-top:var(--wp--preset--spacing--x-large);margin-bottom:var(--wp--preset--spacing--x-large)\">\n<div class=\"wp-block-column is-vertically-aligned-center is-layout-flow wp-block-column-is-layout-flow\" style=\"flex-basis:33.33%\"><h2 class=\"wp-block-heading has-5-x-large-font-size\" id=\"highlights\"><mark style=\"background-color:rgba(0, 0, 0, 0);color:#2588cc\" class=\"has-inline-color\">Caracter\u00edstica<\/mark><\/h2>\n\n\n\n<figure class=\"wp-block-image aligncenter size-full\" style=\"margin-right:0;margin-left:0;padding-right:0;padding-left:0\"><img loading=\"lazy\" decoding=\"async\" width=\"800\" height=\"800\" src=\"https:\/\/www.tfngj.com\/wp-content\/uploads\/2025\/10\/1-6.jpg\" alt=\"Antena de bocina\" class=\"wp-image-2384\" srcset=\"https:\/\/www.tfngj.com\/wp-content\/uploads\/2025\/10\/1-6.jpg 800w, https:\/\/www.tfngj.com\/wp-content\/uploads\/2025\/10\/1-6-300x300.jpg 300w, https:\/\/www.tfngj.com\/wp-content\/uploads\/2025\/10\/1-6-150x150.jpg 150w, https:\/\/www.tfngj.com\/wp-content\/uploads\/2025\/10\/1-6-768x768.jpg 768w, https:\/\/www.tfngj.com\/wp-content\/uploads\/2025\/10\/1-6-12x12.jpg 12w, https:\/\/www.tfngj.com\/wp-content\/uploads\/2025\/10\/1-6-600x600.jpg 600w, https:\/\/www.tfngj.com\/wp-content\/uploads\/2025\/10\/1-6-100x100.jpg 100w\" sizes=\"auto, (max-width: 800px) 100vw, 800px\" \/><\/figure>\n<\/div>\n\n\n\n<div class=\"wp-block-column is-vertically-aligned-center is-layout-flow wp-container-core-column-is-layout-c7b3064f wp-block-column-is-layout-flow\" style=\"flex-basis:66.66%\"><ul style=\"margin-right:0;--plover--style--block-gap:var(--wp--preset--spacing--2-x-small);\" class=\"wp-block-list is-style-check-circle\">\n<li>Cobertura de banda ultraancha : Cubre una amplia gama de frecuencias de 1 GHz a 6 GHz de una sola vez , lo que simplifica el proceso de prueba y elimina la necesidad de sustituir la antena con frecuencia.<\/li>\n\n\n\n<li>Transmisi\u00f3n direccional de alta ganancia : Proporciona una ganancia estable de 7dBi a 13dBi , asegurando una recepci\u00f3n y transmisi\u00f3n efectiva de se\u00f1ales de larga distancia, con energ\u00eda concentrada y buena direccionalidad.<\/li>\n\n\n\n<li>Dise\u00f1o robusto y fiable : Aspecto verde militar, puede funcionar normalmente a temperaturas extremas de -45\u00b0C a +65\u00b0C , y adaptarse a entornos dif\u00edciles.<\/li>\n\n\n\n<li>Alta capacidad de potencia : La capacidad media de manejo de potencia es de hasta 50 W , cumpliendo los estrictos requisitos de los escenarios de aplicaci\u00f3n de transmisi\u00f3n de alta potencia.<\/li>\n\n\n\n<li>Interfaz est\u00e1ndar y personalizaci\u00f3n : La interfaz est\u00e1ndar de tipo N (tipo K) (admite personalizaci\u00f3n) garantiza una compatibilidad perfecta con los equipos de prueba.<\/li>\n<\/ul>\n\n\n\n<div class=\"wp-block-buttons is-content-justification-center is-layout-flex wp-container-core-buttons-is-layout-a89b3969 wp-block-buttons-is-layout-flex\">\n<div class=\"wp-block-button\"><a class=\"wp-block-button__link wp-element-button\" href=\"https:\/\/www.tfngj.com\/es\/contact-us\/\">Solicitar cotizaci\u00f3n<\/a><\/div>\n<\/div>\n<\/div>\n<\/div>\n\n\n\n<div class=\"wp-block-columns alignwide is-layout-flex wp-container-core-columns-is-layout-28f84493 wp-block-columns-is-layout-flex\">\n<div class=\"wp-block-column is-layout-flow wp-block-column-is-layout-flow\">\n<figure class=\"wp-block-image aligncenter size-large is-resized\"><img decoding=\"async\" src=\"https:\/\/www.tfngj.com\/wp-content\/uploads\/2025\/11\/ck16d-2.webp\" alt=\"Antena de bocina\" style=\"width:440px;height:auto\"\/><\/figure>\n<\/div>\n\n\n\n<div class=\"wp-block-column is-layout-flow wp-block-column-is-layout-flow\">\n<figure class=\"wp-block-image aligncenter size-large is-resized\"><img decoding=\"async\" src=\"https:\/\/www.tfngj.com\/wp-content\/uploads\/2025\/11\/ck16d-3.webp\" alt=\"Antena de bocina\" style=\"width:440px;height:auto\"\/><\/figure>\n<\/div>\n<\/div>\n\n\n<h2 class=\"wp-block-heading alignwide has-text-align-left\" style=\"margin-top:var(--wp--preset--spacing--large);padding-left:0rem;font-size:clamp(1.743rem, 1.743rem + ((1vw - 0.2rem) * 1.571), 3rem);\" id=\"specifications\"><mark style=\"background-color:rgba(0, 0, 0, 0);color:#2588cc\" class=\"has-inline-color\">par\u00e1metros de configuraci\u00f3n<\/mark><\/h2>\n\n\n\n<div class=\"wp-block-columns alignwide is-layout-flex wp-container-core-columns-is-layout-c375d253 wp-block-columns-is-layout-flex\">\n<div class=\"wp-block-column is-layout-flow wp-block-column-is-layout-flow\" style=\"flex-basis:66.66%\">\n<figure class=\"wp-block-table is-style-stripes has-large-font-size\" style=\"margin-right:0rem;margin-left:0rem;padding-top:0;padding-right:0;padding-bottom:0;padding-left:0\"><table class=\"has-background\" style=\"background-color:#90caf191\"><tbody><tr><td>Modelo \/ Art\u00edculos<\/td><td>CK16D<\/td><\/tr><tr><td>Gama de frecuencias<\/td><td>1 GHz ~ 6 GHz<\/td><\/tr><tr><td>Relaci\u00f3n de onda estacionaria (VSWR)<\/td><td>\u2264 2.5<\/td><\/tr><tr><td>Gane<\/td><td>7 dBi ~ 13 dBi<\/td><\/tr><tr><td>Polarizaci\u00f3n<\/td><td>Polarizaci\u00f3n lineal<\/td><\/tr><tr><td>Patr\u00f3n direccional<\/td><td>Direccional<\/td><\/tr><tr><td>Impedancia<\/td><td>50 ohmios<\/td><\/tr><tr><td>Interfaz de antena<\/td><td>Tipo N (tipo K), <em>personalizable<\/em><\/td><\/tr><tr><td>Potencia media<\/td><td>50 W<\/td><\/tr><tr><td>Dimensiones<\/td><td>165 mm \u00d7 161 mm \u00d7 200 mm<\/td><\/tr><tr><td>Temperatura de funcionamiento<\/td><td>-45\u00b0C ~ +65\u00b0C<\/td><\/tr><tr><td>Peso<\/td><td>1,1 kg<\/td><\/tr><tr><td>Ambiente caluroso y h\u00famedo<\/td><td>Funcionamiento normal a 40\u00b0C, 95% humedad relativa<\/td><\/tr><\/tbody><\/table><\/figure>\n\n\n\n<div class=\"wp-block-buttons is-layout-flex wp-block-buttons-is-layout-flex\">\n<div class=\"wp-block-button is-style-ghost\"><a class=\"wp-block-button__link wp-element-button\" href=\"https:\/\/www.tfngj.com\/wp-content\/uploads\/2025\/pdf\/CK16D-Horn-Antenna.pdf\">CK16D Manual Download<\/a><\/div>\n<\/div>\n<\/div>\n<\/div>\n\n\n\n<div class=\"wp-block-columns alignwide is-layout-flex wp-container-core-columns-is-layout-b9f7452e wp-block-columns-is-layout-flex\" style=\"margin-top:var(--wp--preset--spacing--x-large)\">\n<div class=\"wp-block-column is-layout-flow wp-block-column-is-layout-flow\" style=\"flex-basis:44%\">\n<figure class=\"wp-block-image\"><img loading=\"lazy\" decoding=\"async\" width=\"1024\" height=\"682\" src=\"https:\/\/www.tfngj.com\/wp-content\/uploads\/2025\/10\/internet-7843966_1280-1024x682.jpg\" alt=\"Pruebas 5G\" class=\"wp-image-2473\" srcset=\"https:\/\/www.tfngj.com\/wp-content\/uploads\/2025\/10\/internet-7843966_1280-1024x682.jpg 1024w, https:\/\/www.tfngj.com\/wp-content\/uploads\/2025\/10\/internet-7843966_1280-300x200.jpg 300w, https:\/\/www.tfngj.com\/wp-content\/uploads\/2025\/10\/internet-7843966_1280-768x512.jpg 768w, https:\/\/www.tfngj.com\/wp-content\/uploads\/2025\/10\/internet-7843966_1280-18x12.jpg 18w, https:\/\/www.tfngj.com\/wp-content\/uploads\/2025\/10\/internet-7843966_1280-600x400.jpg 600w, https:\/\/www.tfngj.com\/wp-content\/uploads\/2025\/10\/internet-7843966_1280.jpg 1280w\" sizes=\"auto, (max-width: 1024px) 100vw, 1024px\" \/><\/figure>\n<\/div>\n\n\n\n<div class=\"wp-block-column is-layout-flow wp-block-column-is-layout-flow\" style=\"flex-basis:56%\"><h2 class=\"wp-block-heading has-2-x-large-font-size\" id=\"application-scenarios\">Escenarios de aplicaci\u00f3n<\/h2>\n\n\n<ul class=\"wp-block-list\" style=\"\">\n<li>Pruebas de compatibilidad electromagn\u00e9tica EMC\/EMI : se utiliza como antena transmisora o receptora est\u00e1ndar para las pruebas de emisi\u00f3n radiada e inmunidad radiada.<\/li>\n\n\n\n<li>Contramedidas electr\u00f3nicas (ECM) : utilizadas para la detecci\u00f3n de se\u00f1ales, el an\u00e1lisis y la emisi\u00f3n de interferencias direccionales.<\/li>\n\n\n\n<li>Pruebas de comunicaci\u00f3n inal\u00e1mbrica: cubre las pruebas de m\u00faltiples bandas de frecuencia de comunicaci\u00f3n, incluidas LTE, 5G Sub-6GHz y Wi-Fi 2,4\/5GHz.<\/li>\n\n\n\n<li>Vigilancia de se\u00f1ales y recopilaci\u00f3n de informaci\u00f3n : Utiliza su direccionalidad para localizar y vigilar fuentes de se\u00f1ales espec\u00edficas.<\/li>\n\n\n\n<li>Investigaci\u00f3n cient\u00edfica y educaci\u00f3n : se utiliza para experimentos e investigaci\u00f3n en tecnolog\u00eda de microondas, tecnolog\u00eda de antenas y otros cursos relacionados.<\/li>\n<\/ul>\n<\/div>\n<\/div>\n\n\n\n<div style=\"height:68px\" aria-hidden=\"true\" class=\"wp-block-spacer\"><\/div>\n\n\n<h2 class=\"wp-block-heading has-text-align-center\" id=\"faqs\"><mark style=\"background-color:rgba(0, 0, 0, 0);color:#2588cc\" class=\"has-inline-color\">Preguntas frecuentes<\/mark><\/h2>\n\n\n\n<details class=\"wp-block-details has-border-color is-layout-flow wp-block-details-is-layout-flow\" style=\"border-color:#4083ca;border-width:2px;line-height:1.8\" open><summary>\u00bfQu\u00e9 opciones log\u00edsticas ofrecen?<\/summary>\n<p>Ofrecemos soluciones log\u00edsticas optimizadas en funci\u00f3n de la urgencia de su pedido, el tama\u00f1o, el peso y su ubicaci\u00f3n:<\/p>\n\n\n\n<p>Expr\u00e9s internacional: Adecuado para muestras, pedidos urgentes y peque\u00f1os env\u00edos de menos de 22 lb. Colaboramos con los mejores proveedores log\u00edsticos como DHL, FedEx y UPS, ofreciendo seguimiento puerta a puerta.<\/p>\n\n\n\n<p>Transporte a\u00e9reo: Adecuado para pedidos medianos y grandes o equipos completos urgentes, ya que ofrece un equilibrio eficaz entre coste y rapidez.<\/p>\n\n\n\n<p>Flete mar\u00edtimo: Adecuado para pedidos de gran volumen y el m\u00e9todo de env\u00edo m\u00e1s econ\u00f3mico. Ofrecemos FOB, C&amp;F y CIF.<\/p>\n<\/details>\n\n\n\n<details class=\"wp-block-details has-border-color is-layout-flow wp-block-details-is-layout-flow\" style=\"border-color:#4083ca;border-width:2px\"><summary>\u00bfCu\u00e1l es el plazo de entrega?<\/summary>\n<p>Para nuestros productos est\u00e1ndar, si est\u00e1n en stock y listos para su env\u00edo, el plazo de entrega es de unos 7-10 d\u00edas. Para nuestros productos opcionales, el plazo de entrega es de unos 25-30 d\u00edas.<\/p>\n<\/details>\n\n\n\n<details class=\"wp-block-details has-border-color is-layout-flow wp-block-details-is-layout-flow\" style=\"border-color:#4083ca;border-width:2px\"><summary>\u00bfCu\u00e1l es el periodo de garant\u00eda del producto?<\/summary>\n<p>Confiamos en la calidad y fiabilidad de nuestros productos.<\/p>\n\n\n\n<p>Ofrecemos una garant\u00eda est\u00e1ndar de 12 meses para todos los instrumentos, a partir de la fecha de llegada al puerto de destino.<\/p>\n\n\n\n<p>Tambi\u00e9n hay disponibles garant\u00edas ampliadas; p\u00f3ngase en contacto con nuestro equipo de ventas para obtener m\u00e1s informaci\u00f3n.<\/p>\n<\/details>\n\n\n\n<div style=\"height:59px\" aria-hidden=\"true\" class=\"wp-block-spacer\"><\/div>","protected":false},"excerpt":{"rendered":"<p>Highlights Specifications Model \/ Items CK16D Frequency Range 1 GHz ~ 6 GHz Standing Wave Ratio (VSWR) \u2264 2.5 Gain 7 dBi ~ 13 dBi Polarization Linear polarization Directional Pattern Directional Impedance 50 ohms Antenna Interface N type (K type), customizable Average Power Handling 50 W Dimensions 165mm \u00d7 161mm \u00d7 200mm Operating Temperature -45\u00b0C [&hellip;]<\/p>","protected":false},"author":1,"featured_media":0,"parent":2379,"menu_order":0,"comment_status":"closed","ping_status":"closed","template":"","meta":{"footnotes":""},"class_list":["post-3128","page","type-page","status-publish","hentry"],"yoast_head":"<!-- This site is optimized with the Yoast SEO plugin v26.6 - https:\/\/yoast.com\/wordpress\/plugins\/seo\/ -->\n<title>CK16D Horn Antenna - Communication Test Expert<\/title>\n<meta name=\"robots\" content=\"index, follow, max-snippet:-1, max-image-preview:large, max-video-preview:-1\" \/>\n<link rel=\"canonical\" href=\"https:\/\/www.tfngj.com\/es\/antenna\/ck16d-horn-antenna\/\" \/>\n<meta property=\"og:locale\" content=\"es_ES\" \/>\n<meta property=\"og:type\" content=\"article\" \/>\n<meta property=\"og:title\" content=\"CK16D Horn Antenna - Communication Test Expert\" \/>\n<meta property=\"og:description\" content=\"Highlights Specifications Model \/ Items CK16D Frequency Range 1 GHz ~ 6 GHz Standing Wave Ratio (VSWR) \u2264 2.5 Gain 7 dBi ~ 13 dBi Polarization Linear polarization Directional Pattern Directional Impedance 50 ohms Antenna Interface N type (K type), customizable Average Power Handling 50 W Dimensions 165mm \u00d7 161mm \u00d7 200mm Operating Temperature -45\u00b0C [&hellip;]\" \/>\n<meta property=\"og:url\" content=\"https:\/\/www.tfngj.com\/es\/antenna\/ck16d-horn-antenna\/\" \/>\n<meta property=\"og:site_name\" content=\"Communication Test Expert\" \/>\n<meta property=\"article:modified_time\" content=\"2025-11-21T07:54:51+00:00\" \/>\n<meta property=\"og:image\" content=\"https:\/\/www.tfngj.com\/wp-content\/uploads\/2025\/10\/back-2-scaled.webp\" \/>\n\t<meta property=\"og:image:width\" content=\"2560\" \/>\n\t<meta property=\"og:image:height\" content=\"1280\" \/>\n\t<meta property=\"og:image:type\" content=\"image\/webp\" \/>\n<meta name=\"twitter:card\" content=\"summary_large_image\" \/>\n<meta name=\"twitter:label1\" content=\"Tiempo de lectura\" \/>\n\t<meta name=\"twitter:data1\" content=\"2 minutos\" \/>\n<script type=\"application\/ld+json\" class=\"yoast-schema-graph\">{\"@context\":\"https:\/\/schema.org\",\"@graph\":[{\"@type\":\"WebPage\",\"@id\":\"https:\/\/www.tfngj.com\/antenna\/ck16d-horn-antenna\/\",\"url\":\"https:\/\/www.tfngj.com\/antenna\/ck16d-horn-antenna\/\",\"name\":\"CK16D Horn Antenna - Communication Test Expert\",\"isPartOf\":{\"@id\":\"https:\/\/www.tfngj.com\/#website\"},\"primaryImageOfPage\":{\"@id\":\"https:\/\/www.tfngj.com\/antenna\/ck16d-horn-antenna\/#primaryimage\"},\"image\":{\"@id\":\"https:\/\/www.tfngj.com\/antenna\/ck16d-horn-antenna\/#primaryimage\"},\"thumbnailUrl\":\"https:\/\/www.tfngj.com\/wp-content\/uploads\/2025\/10\/back-2-scaled.webp\",\"datePublished\":\"2025-10-24T02:55:18+00:00\",\"dateModified\":\"2025-11-21T07:54:51+00:00\",\"breadcrumb\":{\"@id\":\"https:\/\/www.tfngj.com\/antenna\/ck16d-horn-antenna\/#breadcrumb\"},\"inLanguage\":\"es\",\"potentialAction\":[{\"@type\":\"ReadAction\",\"target\":[\"https:\/\/www.tfngj.com\/antenna\/ck16d-horn-antenna\/\"]}]},{\"@type\":\"ImageObject\",\"inLanguage\":\"es\",\"@id\":\"https:\/\/www.tfngj.com\/antenna\/ck16d-horn-antenna\/#primaryimage\",\"url\":\"https:\/\/www.tfngj.com\/wp-content\/uploads\/2025\/10\/back-2-scaled.webp\",\"contentUrl\":\"https:\/\/www.tfngj.com\/wp-content\/uploads\/2025\/10\/back-2-scaled.webp\"},{\"@type\":\"BreadcrumbList\",\"@id\":\"https:\/\/www.tfngj.com\/antenna\/ck16d-horn-antenna\/#breadcrumb\",\"itemListElement\":[{\"@type\":\"ListItem\",\"position\":1,\"name\":\"Home\",\"item\":\"https:\/\/www.tfngj.com\/\"},{\"@type\":\"ListItem\",\"position\":2,\"name\":\"RF Signal Antenna\",\"item\":\"https:\/\/www.tfngj.com\/antenna\/\"},{\"@type\":\"ListItem\",\"position\":3,\"name\":\"CK16D Horn Antenna\"}]},{\"@type\":\"WebSite\",\"@id\":\"https:\/\/www.tfngj.com\/#website\",\"url\":\"https:\/\/www.tfngj.com\/\",\"name\":\"TFN-Communication Test Expert\",\"description\":\"Find Perfect Solutions in TFN\",\"publisher\":{\"@id\":\"https:\/\/www.tfngj.com\/#organization\"},\"alternateName\":\"TFN\",\"potentialAction\":[{\"@type\":\"SearchAction\",\"target\":{\"@type\":\"EntryPoint\",\"urlTemplate\":\"https:\/\/www.tfngj.com\/?s={search_term_string}\"},\"query-input\":{\"@type\":\"PropertyValueSpecification\",\"valueRequired\":true,\"valueName\":\"search_term_string\"}}],\"inLanguage\":\"es\"},{\"@type\":\"Organization\",\"@id\":\"https:\/\/www.tfngj.com\/#organization\",\"name\":\"TFN\",\"url\":\"https:\/\/www.tfngj.com\/\",\"logo\":{\"@type\":\"ImageObject\",\"inLanguage\":\"es\",\"@id\":\"https:\/\/www.tfngj.com\/#\/schema\/logo\/image\/\",\"url\":\"https:\/\/www.tfngj.com\/wp-content\/uploads\/2025\/09\/\u9ed1logo.png\",\"contentUrl\":\"https:\/\/www.tfngj.com\/wp-content\/uploads\/2025\/09\/\u9ed1logo.png\",\"width\":939,\"height\":232,\"caption\":\"TFN\"},\"image\":{\"@id\":\"https:\/\/www.tfngj.com\/#\/schema\/logo\/image\/\"},\"sameAs\":[\"https:\/\/www.youtube.com\/@FateTFN\/search\"]}]}<\/script>\n<!-- \/ Yoast SEO plugin. -->","yoast_head_json":{"title":"Antena de bocina CK16D - Experto en pruebas de comunicaci\u00f3n","robots":{"index":"index","follow":"follow","max-snippet":"max-snippet:-1","max-image-preview":"max-image-preview:large","max-video-preview":"max-video-preview:-1"},"canonical":"https:\/\/www.tfngj.com\/es\/antenna\/ck16d-horn-antenna\/","og_locale":"es_ES","og_type":"article","og_title":"CK16D Horn Antenna - Communication Test Expert","og_description":"Highlights Specifications Model \/ Items CK16D Frequency Range 1 GHz ~ 6 GHz Standing Wave Ratio (VSWR) \u2264 2.5 Gain 7 dBi ~ 13 dBi Polarization Linear polarization Directional Pattern Directional Impedance 50 ohms Antenna Interface N type (K type), customizable Average Power Handling 50 W Dimensions 165mm \u00d7 161mm \u00d7 200mm Operating Temperature -45\u00b0C [&hellip;]","og_url":"https:\/\/www.tfngj.com\/es\/antenna\/ck16d-horn-antenna\/","og_site_name":"Communication Test Expert","article_modified_time":"2025-11-21T07:54:51+00:00","og_image":[{"width":2560,"height":1280,"url":"https:\/\/www.tfngj.com\/wp-content\/uploads\/2025\/10\/back-2-scaled.webp","type":"image\/webp"}],"twitter_card":"summary_large_image","twitter_misc":{"Tiempo de lectura":"2 minutos"},"schema":{"@context":"https:\/\/schema.org","@graph":[{"@type":"WebPage","@id":"https:\/\/www.tfngj.com\/antenna\/ck16d-horn-antenna\/","url":"https:\/\/www.tfngj.com\/antenna\/ck16d-horn-antenna\/","name":"Antena de bocina CK16D - Experto en pruebas de comunicaci\u00f3n","isPartOf":{"@id":"https:\/\/www.tfngj.com\/#website"},"primaryImageOfPage":{"@id":"https:\/\/www.tfngj.com\/antenna\/ck16d-horn-antenna\/#primaryimage"},"image":{"@id":"https:\/\/www.tfngj.com\/antenna\/ck16d-horn-antenna\/#primaryimage"},"thumbnailUrl":"https:\/\/www.tfngj.com\/wp-content\/uploads\/2025\/10\/back-2-scaled.webp","datePublished":"2025-10-24T02:55:18+00:00","dateModified":"2025-11-21T07:54:51+00:00","breadcrumb":{"@id":"https:\/\/www.tfngj.com\/antenna\/ck16d-horn-antenna\/#breadcrumb"},"inLanguage":"es","potentialAction":[{"@type":"ReadAction","target":["https:\/\/www.tfngj.com\/antenna\/ck16d-horn-antenna\/"]}]},{"@type":"ImageObject","inLanguage":"es","@id":"https:\/\/www.tfngj.com\/antenna\/ck16d-horn-antenna\/#primaryimage","url":"https:\/\/www.tfngj.com\/wp-content\/uploads\/2025\/10\/back-2-scaled.webp","contentUrl":"https:\/\/www.tfngj.com\/wp-content\/uploads\/2025\/10\/back-2-scaled.webp"},{"@type":"BreadcrumbList","@id":"https:\/\/www.tfngj.com\/antenna\/ck16d-horn-antenna\/#breadcrumb","itemListElement":[{"@type":"ListItem","position":1,"name":"Home","item":"https:\/\/www.tfngj.com\/"},{"@type":"ListItem","position":2,"name":"RF Signal Antenna","item":"https:\/\/www.tfngj.com\/antenna\/"},{"@type":"ListItem","position":3,"name":"CK16D Horn Antenna"}]},{"@type":"WebSite","@id":"https:\/\/www.tfngj.com\/#website","url":"https:\/\/www.tfngj.com\/","name":"TFN-Experto en pruebas de comunicaci\u00f3n","description":"Encuentre soluciones perfectas en TFN","publisher":{"@id":"https:\/\/www.tfngj.com\/#organization"},"alternateName":"TFN","potentialAction":[{"@type":"SearchAction","target":{"@type":"EntryPoint","urlTemplate":"https:\/\/www.tfngj.com\/?s={search_term_string}"},"query-input":{"@type":"PropertyValueSpecification","valueRequired":true,"valueName":"search_term_string"}}],"inLanguage":"es"},{"@type":"Organization","@id":"https:\/\/www.tfngj.com\/#organization","name":"TFN","url":"https:\/\/www.tfngj.com\/","logo":{"@type":"ImageObject","inLanguage":"es","@id":"https:\/\/www.tfngj.com\/#\/schema\/logo\/image\/","url":"https:\/\/www.tfngj.com\/wp-content\/uploads\/2025\/09\/\u9ed1logo.png","contentUrl":"https:\/\/www.tfngj.com\/wp-content\/uploads\/2025\/09\/\u9ed1logo.png","width":939,"height":232,"caption":"TFN"},"image":{"@id":"https:\/\/www.tfngj.com\/#\/schema\/logo\/image\/"},"sameAs":["https:\/\/www.youtube.com\/@FateTFN\/search"]}]}},"_links":{"self":[{"href":"https:\/\/www.tfngj.com\/es\/wp-json\/wp\/v2\/pages\/3128","targetHints":{"allow":["GET"]}}],"collection":[{"href":"https:\/\/www.tfngj.com\/es\/wp-json\/wp\/v2\/pages"}],"about":[{"href":"https:\/\/www.tfngj.com\/es\/wp-json\/wp\/v2\/types\/page"}],"author":[{"embeddable":true,"href":"https:\/\/www.tfngj.com\/es\/wp-json\/wp\/v2\/users\/1"}],"replies":[{"embeddable":true,"href":"https:\/\/www.tfngj.com\/es\/wp-json\/wp\/v2\/comments?post=3128"}],"version-history":[{"count":15,"href":"https:\/\/www.tfngj.com\/es\/wp-json\/wp\/v2\/pages\/3128\/revisions"}],"predecessor-version":[{"id":4430,"href":"https:\/\/www.tfngj.com\/es\/wp-json\/wp\/v2\/pages\/3128\/revisions\/4430"}],"up":[{"embeddable":true,"href":"https:\/\/www.tfngj.com\/es\/wp-json\/wp\/v2\/pages\/2379"}],"wp:attachment":[{"href":"https:\/\/www.tfngj.com\/es\/wp-json\/wp\/v2\/media?parent=3128"}],"curies":[{"name":"wp","href":"https:\/\/api.w.org\/{rel}","templated":true}]}}