{"id":3,"date":"2025-08-29T13:58:08","date_gmt":"2025-08-29T05:58:08","guid":{"rendered":"https:\/\/ceshi.tfngw.com\/?page_id=3"},"modified":"2025-11-05T10:28:12","modified_gmt":"2025-11-05T02:28:12","slug":"privacy-policy","status":"publish","type":"page","link":"https:\/\/www.tfngj.com\/es\/privacy-policy\/","title":{"rendered":"Pol\u00edtica de privacidad"},"content":{"rendered":"<h1 class=\"wp-block-heading has-5-x-large-font-size\" style=\"margin-top:var(--wp--preset--spacing--x-large)\" id=\"privacy-policy\">Pol\u00edtica de privacidad<\/h1>\n\n\n\n<p>En caso de que se produzcan cambios significativos en esta pol\u00edtica, publicaremos la versi\u00f3n actualizada en esta p\u00e1gina y podremos solicitar su consentimiento cuando sea necesario.<\/p>\n\n\n<h2 class=\"wp-block-heading has-4-x-large-font-size\" id=\"1-definitions-and-scope\">1. Definiciones y \u00e1mbito de aplicaci\u00f3n<\/h2>\n\n\n\n<p style=\"line-height:1.8\">1.1 Por \u201cdatos personales\u201d se entiende cualquier informaci\u00f3n relativa a una persona f\u00edsica identificada o identificable, incluida la informaci\u00f3n que pueda combinarse con otra informaci\u00f3n para identificar a una persona.<br>1.2 \u201cTratamiento\u201d se refiere a cualquier operaci\u00f3n o conjunto de operaciones realizadas con datos personales, incluidas la recogida, almacenamiento, uso, modificaci\u00f3n, transmisi\u00f3n, suministro, divulgaci\u00f3n y supresi\u00f3n.<br>1.3 Esta pol\u00edtica se aplica a los datos personales que recogemos, utilizamos, almacenamos y transferimos cuando usted accede a nuestro sitio web o interact\u00faa con \u00e9l. <a href=\"https:\/\/www.tfngj.com\/es\/?utm_source=chatgpt.com\">https:\/\/www.tfngj.com<\/a> (el \u201cSitio web\u201d).<br>1.4 Esta pol\u00edtica tambi\u00e9n se aplica a los datos personales proporcionados cuando utiliza otros servicios del sitio web (por ejemplo, env\u00edo de formularios, solicitud de informaci\u00f3n, suscripci\u00f3n a boletines informativos).<\/p>\n\n\n<h2 class=\"wp-block-heading has-4-x-large-font-size\" id=\"2-information-we-collect\">2. Informaci\u00f3n que recopilamos<\/h2>\n\n\n\n<p>Podemos recopilar los siguientes tipos de datos personales (los datos espec\u00edficos depender\u00e1n de sus interacciones con el sitio web):<\/p>\n\n\n<ul class=\"wp-block-list\" style=\"\">\n<li>\n<strong>Informaci\u00f3n de contacto<\/strong>: Nombre, nombre de la empresa, cargo, direcci\u00f3n de correo electr\u00f3nico, n\u00famero de tel\u00e9fono, direcci\u00f3n f\u00edsica, etc.<\/li>\n\n\n\n<li>\n<strong>Datos de cuentas e interacciones<\/strong>: Datos que usted proporciona a trav\u00e9s de acciones como rellenar formularios, suscribirse, ponerse en contacto con nosotros o apuntarse a eventos.<\/li>\n\n\n\n<li>\n<strong>Datos sobre dispositivos y uso<\/strong>: Direcci\u00f3n IP, tipo de navegador, informaci\u00f3n del dispositivo, p\u00e1ginas visitadas, comportamiento al hacer clic, cookies o tecnolog\u00edas similares cuando visita el Sitio Web.<\/li>\n\n\n\n<li>\n<strong>Otros datos<\/strong>: Cualquier otra informaci\u00f3n que nos facilite voluntariamente.<\/li>\n<\/ul>\n\n\n<h2 class=\"wp-block-heading has-4-x-large-font-size\" id=\"3-sources-of-collection\">3. Fuentes de recogida<\/h2>\n\n\n\n<p>Recogemos datos personales de las siguientes fuentes:<\/p>\n\n\n<ul class=\"wp-block-list\" style=\"\">\n<li>Datos que usted nos proporciona directamente (por ejemplo, formularios, comunicaciones, inscripciones).<\/li>\n\n\n\n<li>Datos generados autom\u00e1ticamente cuando utiliza el sitio web (por ejemplo, registros, cookies, informaci\u00f3n del dispositivo).<\/li>\n\n\n\n<li>Fuentes leg\u00edtimas de terceros o datos disponibles p\u00fablicamente (s\u00f3lo cuando sean legales y conformes).<\/li>\n<\/ul>\n\n\n<h2 class=\"wp-block-heading has-4-x-large-font-size\" id=\"4-purpose-and-use-of-personal-data\">4. Finalidad y uso de los datos personales<\/h2>\n\n\n\n<p>4.1 Recogemos y utilizamos sus datos personales para los siguientes fines:<\/p>\n\n\n<ul class=\"wp-block-list\" style=\"\">\n<li>Para prestarle los servicios que solicite o para comunicarnos con usted (por ejemplo, enviarle boletines informativos, responder a consultas o atender solicitudes).<\/li>\n\n\n\n<li>Para mejorar y optimizar el sitio web y los servicios (por ejemplo, an\u00e1lisis de rendimiento, optimizaci\u00f3n de la experiencia del usuario, estad\u00edsticas comerciales).<\/li>\n\n\n\n<li>Con fines de marketing y promoci\u00f3n (por ejemplo, env\u00edo de invitaciones a eventos, noticias sobre productos, promociones) - s\u00f3lo si usted ha dado su consentimiento o cuando lo permita la ley.<br>4.2 S\u00f3lo recogemos los datos personales que son necesarios para estos fines, y los tratamos dentro del \u00e1mbito requerido para alcanzarlos.<br>4.3 Si deseamos utilizar sus datos personales para otros fines, obtendremos su consentimiento o actuaremos de conformidad con la legislaci\u00f3n aplicable.<\/li>\n<\/ul>\n\n\n<h2 class=\"wp-block-heading has-4-x-large-font-size\" id=\"5-cookies-and-similar-technologies\">5. Cookies y tecnolog\u00edas similares<\/h2>\n\n\n\n<p>Para mejorar su experiencia de usuario y la funcionalidad del sitio web, podemos utilizar cookies o tecnolog\u00edas similares. Puede gestionar sus preferencias de cookies a trav\u00e9s de la configuraci\u00f3n de su navegador; sin embargo, bloquear las cookies puede afectar a algunas funciones del sitio web.<\/p>\n\n\n<h2 class=\"wp-block-heading has-4-x-large-font-size\" id=\"6-sharing-and-disclosure-of-personal-data\">6. Intercambio y divulgaci\u00f3n de datos personales<\/h2>\n\n\n\n<p>6.1 Nos comprometemos a no vender sus datos personales a terceros.<br>6.2 Podemos compartir o divulgar sus datos personales en las siguientes circunstancias:<\/p>\n\n\n<ul class=\"wp-block-list\" style=\"\">\n<li>Con su consentimiento expl\u00edcito.<\/li>\n\n\n\n<li>Con proveedores de servicios o socios t\u00e9cnicos que nos ayudan a prestar nuestros servicios (estos terceros est\u00e1n obligados a respetar las obligaciones de confidencialidad).<\/li>\n\n\n\n<li>Cuando lo exija la ley, un proceso legal o las autoridades gubernamentales.<\/li>\n\n\n\n<li>En caso de fusi\u00f3n, adquisici\u00f3n, quiebra o transferencia de activos, cuando sus datos personales puedan transferirse como parte de los activos, pero la parte receptora estar\u00e1 sujeta a las mismas obligaciones de protecci\u00f3n de datos.<br>6.3 En los casos en que compartamos sus datos personales con terceros, adoptaremos medidas de seguridad razonables y suscribiremos acuerdos de protecci\u00f3n de datos.<\/li>\n<\/ul>\n\n\n<h2 class=\"wp-block-heading has-4-x-large-font-size\" id=\"7-crossborder-data-transfers\">7. Transferencias transfronterizas de datos<\/h2>\n\n\n\n<p>Si es necesario para fines comerciales, podemos transferir sus datos personales a pa\u00edses fuera de la Rep\u00fablica Popular China. Dichas transferencias se realizar\u00e1n de conformidad con la legislaci\u00f3n aplicable en materia de protecci\u00f3n de datos, y nos aseguraremos de que se adopten las medidas de seguridad adecuadas, como la firma de cl\u00e1usulas contractuales est\u00e1ndar o la obtenci\u00f3n de su consentimiento (si procede).<\/p>\n\n\n<h2 class=\"wp-block-heading has-4-x-large-font-size\" id=\"8-data-retention-period\">8. Per\u00edodo de conservaci\u00f3n de los datos<\/h2>\n\n\n\n<p>Conservaremos sus datos personales mientras sea necesario para cumplir los fines para los que se recopilaron y para cumplir los requisitos legales, normativos o de auditor\u00eda. Por lo general, cuando se cumpla la finalidad para la que se recopilaron los datos o usted retire su consentimiento, dejaremos de utilizar los datos y los eliminaremos o los haremos an\u00f3nimos. No obstante, es posible que conservemos algunos datos por imperativo legal.<\/p>\n\n\n<h2 class=\"wp-block-heading has-4-x-large-font-size\" id=\"9-data-security\">9. Seguridad de los datos<\/h2>\n\n\n\n<p>Hemos implantado medidas organizativas y t\u00e9cnicas adecuadas para proteger sus datos personales del acceso, la divulgaci\u00f3n, la alteraci\u00f3n y la destrucci\u00f3n no autorizados. Estas medidas incluyen controles de acceso, encriptaci\u00f3n de datos, servidores seguros y auditor\u00edas peri\u00f3dicas. Sin embargo, no se puede garantizar que la transmisi\u00f3n de datos por Internet o el sistema de almacenamiento de datos sea 100% seguro. Por lo tanto, no podemos garantizar la seguridad absoluta de sus datos personales.<\/p>\n\n\n<h2 class=\"wp-block-heading has-4-x-large-font-size\" id=\"10-your-rights\">10. Sus derechos<\/h2>\n\n\n\n<p>En virtud de las leyes aplicables (por ejemplo, el Reglamento General de Protecci\u00f3n de Datos (GDPR), la Ley de Protecci\u00f3n de Informaci\u00f3n Personal de China (PIPL)), usted puede tener los siguientes derechos con respecto a sus datos personales:<\/p>\n\n\n<ul class=\"wp-block-list\" style=\"\">\n<li>Derecho a acceder a sus datos personales u obtener una copia de los mismos.<\/li>\n\n\n\n<li>Derecho a rectificar o actualizar sus datos personales.<\/li>\n\n\n\n<li>Derecho a suprimir sus datos personales (en determinadas condiciones).<\/li>\n\n\n\n<li>Derecho a retirar su consentimiento (cuando el tratamiento se base en el consentimiento).<\/li>\n\n\n\n<li>Derecho a restringir u oponerse a determinados tratamientos de sus datos personales (en determinadas condiciones).<\/li>\n\n\n\n<li>Derecho a la portabilidad de los datos (si procede).<\/li>\n\n\n\n<li>Si cree que estamos tratando sus datos personales ilegalmente, tiene derecho a presentar una reclamaci\u00f3n ante nosotros o ante la autoridad reguladora pertinente.<br>Para ejercer estos derechos, p\u00f3ngase en contacto con nosotros utilizando la informaci\u00f3n de contacto que figura en la secci\u00f3n 11.<\/li>\n<\/ul>\n\n\n<h2 class=\"wp-block-heading has-4-x-large-font-size\" id=\"11-contact-information\">11. 11. Informaci\u00f3n de contacto<\/h2>\n\n\n\n<p>Si tiene alguna pregunta o duda sobre esta Pol\u00edtica de privacidad, o si desea ejercer alguno de sus derechos, p\u00f3ngase en contacto con nosotros utilizando los datos que se indican a continuaci\u00f3n:<br>Correo electr\u00f3nico: <a>info@tfngj.com<\/a><br>Tel\u00e9fono: +86-18765219251<br>Direcci\u00f3n: No. 31 Wannianquan Road, Longhu Xinyun Block, Building 1, 7th Floor, Qingdao, Shandong, China<\/p>\n\n\n<h2 class=\"wp-block-heading has-4-x-large-font-size\" id=\"12-protection-of-minors\">12. Protecci\u00f3n de menores<\/h2>\n\n\n\n<p>No recopilamos conscientemente datos personales de menores de 18 a\u00f1os. Si usted es padre o tutor y cree que hemos recopilado datos personales de un menor, p\u00f3ngase en contacto con nosotros inmediatamente para que los eliminemos.<\/p>\n\n\n<h2 class=\"wp-block-heading has-4-x-large-font-size\" id=\"13-updates-to-this-privacy-policy\">13. Actualizaciones de esta pol\u00edtica de privacidad<\/h2>\n\n\n\n<p>Podemos actualizar esta Pol\u00edtica de Privacidad de vez en cuando. Publicaremos cualquier cambio en esta p\u00e1gina y actualizaremos la \u201cFecha de entrada en vigor\u201d en la parte superior de la pol\u00edtica. Si los cambios son significativos, podemos proporcionar un aviso m\u00e1s prominente o solicitar su consentimiento cuando lo exija la ley. Consulte esta p\u00e1gina con regularidad para estar al d\u00eda.<\/p>\n\n\n<h2 class=\"wp-block-heading has-4-x-large-font-size\" id=\"14-disclaimer\">14. Descargo de responsabilidad<\/h2>\n\n\n\n<p>La presente pol\u00edtica de privacidad y el tratamiento de datos personales se rigen por la legislaci\u00f3n aplicable en materia de protecci\u00f3n de datos. Si alguna disposici\u00f3n de esta pol\u00edtica se considera inv\u00e1lida, ilegal o inaplicable, las dem\u00e1s disposiciones seguir\u00e1n teniendo pleno efecto.<\/p>\n\n\n\n<div style=\"height:100px\" aria-hidden=\"true\" class=\"wp-block-spacer\"><\/div>","protected":false},"excerpt":{"rendered":"<p>Privacy Policy In case of any significant changes to this policy, we will post the updated version on this page and may seek your consent where necessary. 1. Definitions and Scope 1.1 &#8220;Personal Data&#8221; refers to any information that relates to an identified or identifiable individual, including information that can be combined with other information [&hellip;]<\/p>","protected":false},"author":1,"featured_media":0,"parent":0,"menu_order":0,"comment_status":"closed","ping_status":"closed","template":"","meta":{"footnotes":""},"class_list":["post-3","page","type-page","status-publish","hentry"],"yoast_head":"<!-- This site is optimized with the Yoast SEO plugin v26.6 - https:\/\/yoast.com\/wordpress\/plugins\/seo\/ -->\n<title>Privacy Policy - Communication Test Expert<\/title>\n<meta name=\"robots\" content=\"index, follow, max-snippet:-1, max-image-preview:large, max-video-preview:-1\" \/>\n<link rel=\"canonical\" href=\"https:\/\/www.tfngj.com\/es\/privacy-policy\/\" \/>\n<meta property=\"og:locale\" content=\"es_ES\" \/>\n<meta property=\"og:type\" content=\"article\" \/>\n<meta property=\"og:title\" content=\"Privacy Policy - Communication Test Expert\" \/>\n<meta property=\"og:description\" content=\"Privacy Policy In case of any significant changes to this policy, we will post the updated version on this page and may seek your consent where necessary. 1. Definitions and Scope 1.1 &#8220;Personal Data&#8221; refers to any information that relates to an identified or identifiable individual, including information that can be combined with other information [&hellip;]\" \/>\n<meta property=\"og:url\" content=\"https:\/\/www.tfngj.com\/es\/privacy-policy\/\" \/>\n<meta property=\"og:site_name\" content=\"Communication Test Expert\" \/>\n<meta property=\"article:modified_time\" content=\"2025-11-05T02:28:12+00:00\" \/>\n<meta property=\"og:image\" content=\"https:\/\/www.tfngj.com\/wp-content\/uploads\/2025\/11\/TFN-LOGO.jpg\" \/>\n\t<meta property=\"og:image:width\" content=\"300\" \/>\n\t<meta property=\"og:image:height\" content=\"300\" \/>\n\t<meta property=\"og:image:type\" content=\"image\/jpeg\" \/>\n<meta name=\"twitter:card\" content=\"summary_large_image\" \/>\n<meta name=\"twitter:label1\" content=\"Tiempo de lectura\" \/>\n\t<meta name=\"twitter:data1\" content=\"5 minutos\" \/>\n<script type=\"application\/ld+json\" class=\"yoast-schema-graph\">{\"@context\":\"https:\/\/schema.org\",\"@graph\":[{\"@type\":\"WebPage\",\"@id\":\"https:\/\/www.tfngj.com\/privacy-policy\/\",\"url\":\"https:\/\/www.tfngj.com\/privacy-policy\/\",\"name\":\"Privacy Policy - Communication Test Expert\",\"isPartOf\":{\"@id\":\"https:\/\/www.tfngj.com\/#website\"},\"datePublished\":\"2025-08-29T05:58:08+00:00\",\"dateModified\":\"2025-11-05T02:28:12+00:00\",\"breadcrumb\":{\"@id\":\"https:\/\/www.tfngj.com\/privacy-policy\/#breadcrumb\"},\"inLanguage\":\"es\",\"potentialAction\":[{\"@type\":\"ReadAction\",\"target\":[\"https:\/\/www.tfngj.com\/privacy-policy\/\"]}]},{\"@type\":\"BreadcrumbList\",\"@id\":\"https:\/\/www.tfngj.com\/privacy-policy\/#breadcrumb\",\"itemListElement\":[{\"@type\":\"ListItem\",\"position\":1,\"name\":\"Home\",\"item\":\"https:\/\/www.tfngj.com\/\"},{\"@type\":\"ListItem\",\"position\":2,\"name\":\"Privacy Policy\"}]},{\"@type\":\"WebSite\",\"@id\":\"https:\/\/www.tfngj.com\/#website\",\"url\":\"https:\/\/www.tfngj.com\/\",\"name\":\"TFN-Communication Test Expert\",\"description\":\"Find Perfect Solutions in TFN\",\"publisher\":{\"@id\":\"https:\/\/www.tfngj.com\/#organization\"},\"alternateName\":\"TFN\",\"potentialAction\":[{\"@type\":\"SearchAction\",\"target\":{\"@type\":\"EntryPoint\",\"urlTemplate\":\"https:\/\/www.tfngj.com\/?s={search_term_string}\"},\"query-input\":{\"@type\":\"PropertyValueSpecification\",\"valueRequired\":true,\"valueName\":\"search_term_string\"}}],\"inLanguage\":\"es\"},{\"@type\":\"Organization\",\"@id\":\"https:\/\/www.tfngj.com\/#organization\",\"name\":\"TFN\",\"url\":\"https:\/\/www.tfngj.com\/\",\"logo\":{\"@type\":\"ImageObject\",\"inLanguage\":\"es\",\"@id\":\"https:\/\/www.tfngj.com\/#\/schema\/logo\/image\/\",\"url\":\"https:\/\/www.tfngj.com\/wp-content\/uploads\/2025\/09\/\u9ed1logo.png\",\"contentUrl\":\"https:\/\/www.tfngj.com\/wp-content\/uploads\/2025\/09\/\u9ed1logo.png\",\"width\":939,\"height\":232,\"caption\":\"TFN\"},\"image\":{\"@id\":\"https:\/\/www.tfngj.com\/#\/schema\/logo\/image\/\"},\"sameAs\":[\"https:\/\/www.youtube.com\/@FateTFN\/search\"]}]}<\/script>\n<!-- \/ Yoast SEO plugin. -->","yoast_head_json":{"title":"Pol\u00edtica de privacidad - Communication Test Expert","robots":{"index":"index","follow":"follow","max-snippet":"max-snippet:-1","max-image-preview":"max-image-preview:large","max-video-preview":"max-video-preview:-1"},"canonical":"https:\/\/www.tfngj.com\/es\/privacy-policy\/","og_locale":"es_ES","og_type":"article","og_title":"Privacy Policy - Communication Test Expert","og_description":"Privacy Policy In case of any significant changes to this policy, we will post the updated version on this page and may seek your consent where necessary. 1. Definitions and Scope 1.1 &#8220;Personal Data&#8221; refers to any information that relates to an identified or identifiable individual, including information that can be combined with other information [&hellip;]","og_url":"https:\/\/www.tfngj.com\/es\/privacy-policy\/","og_site_name":"Communication Test Expert","article_modified_time":"2025-11-05T02:28:12+00:00","og_image":[{"width":300,"height":300,"url":"https:\/\/www.tfngj.com\/wp-content\/uploads\/2025\/11\/TFN-LOGO.jpg","type":"image\/jpeg"}],"twitter_card":"summary_large_image","twitter_misc":{"Tiempo de lectura":"5 minutos"},"schema":{"@context":"https:\/\/schema.org","@graph":[{"@type":"WebPage","@id":"https:\/\/www.tfngj.com\/privacy-policy\/","url":"https:\/\/www.tfngj.com\/privacy-policy\/","name":"Pol\u00edtica de privacidad - Communication Test Expert","isPartOf":{"@id":"https:\/\/www.tfngj.com\/#website"},"datePublished":"2025-08-29T05:58:08+00:00","dateModified":"2025-11-05T02:28:12+00:00","breadcrumb":{"@id":"https:\/\/www.tfngj.com\/privacy-policy\/#breadcrumb"},"inLanguage":"es","potentialAction":[{"@type":"ReadAction","target":["https:\/\/www.tfngj.com\/privacy-policy\/"]}]},{"@type":"BreadcrumbList","@id":"https:\/\/www.tfngj.com\/privacy-policy\/#breadcrumb","itemListElement":[{"@type":"ListItem","position":1,"name":"Home","item":"https:\/\/www.tfngj.com\/"},{"@type":"ListItem","position":2,"name":"Privacy Policy"}]},{"@type":"WebSite","@id":"https:\/\/www.tfngj.com\/#website","url":"https:\/\/www.tfngj.com\/","name":"TFN-Experto en pruebas de comunicaci\u00f3n","description":"Encuentre soluciones perfectas en TFN","publisher":{"@id":"https:\/\/www.tfngj.com\/#organization"},"alternateName":"TFN","potentialAction":[{"@type":"SearchAction","target":{"@type":"EntryPoint","urlTemplate":"https:\/\/www.tfngj.com\/?s={search_term_string}"},"query-input":{"@type":"PropertyValueSpecification","valueRequired":true,"valueName":"search_term_string"}}],"inLanguage":"es"},{"@type":"Organization","@id":"https:\/\/www.tfngj.com\/#organization","name":"TFN","url":"https:\/\/www.tfngj.com\/","logo":{"@type":"ImageObject","inLanguage":"es","@id":"https:\/\/www.tfngj.com\/#\/schema\/logo\/image\/","url":"https:\/\/www.tfngj.com\/wp-content\/uploads\/2025\/09\/\u9ed1logo.png","contentUrl":"https:\/\/www.tfngj.com\/wp-content\/uploads\/2025\/09\/\u9ed1logo.png","width":939,"height":232,"caption":"TFN"},"image":{"@id":"https:\/\/www.tfngj.com\/#\/schema\/logo\/image\/"},"sameAs":["https:\/\/www.youtube.com\/@FateTFN\/search"]}]}},"_links":{"self":[{"href":"https:\/\/www.tfngj.com\/es\/wp-json\/wp\/v2\/pages\/3","targetHints":{"allow":["GET"]}}],"collection":[{"href":"https:\/\/www.tfngj.com\/es\/wp-json\/wp\/v2\/pages"}],"about":[{"href":"https:\/\/www.tfngj.com\/es\/wp-json\/wp\/v2\/types\/page"}],"author":[{"embeddable":true,"href":"https:\/\/www.tfngj.com\/es\/wp-json\/wp\/v2\/users\/1"}],"replies":[{"embeddable":true,"href":"https:\/\/www.tfngj.com\/es\/wp-json\/wp\/v2\/comments?post=3"}],"version-history":[{"count":2,"href":"https:\/\/www.tfngj.com\/es\/wp-json\/wp\/v2\/pages\/3\/revisions"}],"predecessor-version":[{"id":4279,"href":"https:\/\/www.tfngj.com\/es\/wp-json\/wp\/v2\/pages\/3\/revisions\/4279"}],"wp:attachment":[{"href":"https:\/\/www.tfngj.com\/es\/wp-json\/wp\/v2\/media?parent=3"}],"curies":[{"name":"wp","href":"https:\/\/api.w.org\/{rel}","templated":true}]}}