{"id":2605,"date":"2025-10-24T08:56:11","date_gmt":"2025-10-24T00:56:11","guid":{"rendered":"https:\/\/ceshi.tfngw.com\/?page_id=2605"},"modified":"2025-11-21T17:22:58","modified_gmt":"2025-11-21T09:22:58","slug":"comprobador-de-fibra-optica-tres-en-uno","status":"publish","type":"page","link":"https:\/\/www.tfngj.com\/es\/comprobadores-de-fibra-optica\/comprobador-de-fibra-optica-tres-en-uno\/","title":{"rendered":"Comprobador de fibra \u00f3ptica tres en uno"},"content":{"rendered":"<div class=\"wp-block-cover alignfull is-light wp-duotone-unset-1\" style=\"border-radius:0px;margin-top:0;margin-bottom:0;padding-top:0;padding-bottom:0;font-size:clamp(3.615rem, 3.615rem + ((1vw - 0.2rem) * 4.856), 7.5rem);min-height:469px;aspect-ratio:unset;\"><img loading=\"lazy\" decoding=\"async\" width=\"2560\" height=\"1280\" class=\"wp-block-cover__image-background wp-image-2167 size-full\" alt=\"\" src=\"https:\/\/www.tfngj.com\/wp-content\/uploads\/2025\/10\/back-1-scaled.webp\" data-object-fit=\"cover\" srcset=\"https:\/\/www.tfngj.com\/wp-content\/uploads\/2025\/10\/back-1-scaled.webp 2560w, https:\/\/www.tfngj.com\/wp-content\/uploads\/2025\/10\/back-1-300x150.webp 300w, https:\/\/www.tfngj.com\/wp-content\/uploads\/2025\/10\/back-1-1024x512.webp 1024w, https:\/\/www.tfngj.com\/wp-content\/uploads\/2025\/10\/back-1-768x384.webp 768w, https:\/\/www.tfngj.com\/wp-content\/uploads\/2025\/10\/back-1-1536x768.webp 1536w, https:\/\/www.tfngj.com\/wp-content\/uploads\/2025\/10\/back-1-2048x1024.webp 2048w, https:\/\/www.tfngj.com\/wp-content\/uploads\/2025\/10\/back-1-18x9.webp 18w, https:\/\/www.tfngj.com\/wp-content\/uploads\/2025\/10\/back-1-600x300.webp 600w\" sizes=\"auto, (max-width: 2560px) 100vw, 2560px\" \/><span aria-hidden=\"true\" class=\"wp-block-cover__background has-background-dim-30 has-background-dim\" style=\"background-color:#349aca\"><\/span><div class=\"wp-block-cover__inner-container has-global-padding is-layout-constrained wp-container-core-cover-is-layout-ad1af2a0 wp-block-cover-is-layout-constrained\"><h1 class=\"wp-block-heading alignfull has-text-align-center has-neutral-0-color has-text-color has-link-color has-5-x-large-font-size wp-elements-678445b04bc9cc948bbdc1e62ccfb6d5\" style=\"margin-right:0;margin-left:0;text-transform:capitalize\" id=\"threeinone-fiber-optic-tester\">Comprobador de fibra \u00f3ptica tres en uno<\/h1>\n\n\n\n<p class=\"has-text-align-center has-neutral-0-color has-text-color has-link-color has-large-font-size wp-elements-9d146f9ebb761b95accb77159f6d5fe8\" style=\"margin-top:var(--wp--preset--spacing--x-small)\">El V30T combina un VFL, un OPM y una luz LED en una sola unidad, es eficaz y port\u00e1til para la instalaci\u00f3n, el mantenimiento y la soluci\u00f3n de problemas de redes de fibra \u00f3ptica.<\/p>\n<\/div><\/div>\n\n\n\n<div class=\"wp-block-group alignfull has-global-padding is-content-justification-center is-layout-constrained wp-container-core-group-is-layout-df757ecc wp-block-group-is-layout-constrained\" style=\"margin-top:0;margin-bottom:0;padding-top:calc( 0.5 * var(--wp--style--root--padding-right, var(--wp--custom--gap--horizontal)));padding-right:var(--wp--style--root--padding-right, var(--wp--custom--gap--horizontal));padding-bottom:calc( 0.5 * var(--wp--style--root--padding-right, var(--wp--custom--gap--horizontal)));padding-left:var(--wp--style--root--padding-left, var(--wp--custom--gap--horizontal))\">\n<div style=\"height:0px\" aria-hidden=\"true\" class=\"wp-block-spacer\"><\/div>\n\n\n\n<div style=\"height:calc( 0.25 * var(--wp--style--root--padding-right, var(--wp--custom--gap--horizontal)))\" aria-hidden=\"true\" class=\"wp-block-spacer\"><\/div>\n<\/div>\n\n\n\n<div class=\"wp-block-group alignwide is-nowrap is-layout-flex wp-container-core-group-is-layout-6c531013 wp-block-group-is-layout-flex\"><div class=\"yoast-breadcrumbs\"><span><span><a href=\"https:\/\/www.tfngj.com\/es\/\">Inicio<\/a><\/span> &gt; <span><a href=\"https:\/\/www.tfngj.com\/es\/comprobadores-de-fibra-optica\/\">Comprobadores de fibra \u00f3ptica<\/a><\/span> &gt; <span class=\"breadcrumb_last\" aria-current=\"page\">Comprobador de fibra \u00f3ptica tres en uno<\/span><\/span><\/div><\/div>\n\n\n\n<div class=\"wp-block-columns alignwide are-vertically-aligned-center is-layout-flex wp-container-core-columns-is-layout-b9f7452e wp-block-columns-is-layout-flex\" style=\"margin-top:var(--wp--preset--spacing--x-large)\">\n<div class=\"wp-block-column is-vertically-aligned-center is-layout-flow wp-block-column-is-layout-flow\" style=\"flex-basis:33.33%\"><h2 class=\"wp-block-heading has-5-x-large-font-size\" id=\"highlights\"><mark style=\"background-color:rgba(0, 0, 0, 0);color:#2588cc\" class=\"has-inline-color\">Caracter\u00edstica<\/mark><\/h2>\n\n\n\n<figure data-wp-context=\"{&quot;imageId&quot;:&quot;69dbcdb2642e7&quot;}\" data-wp-interactive=\"core\/image\" data-wp-key=\"69dbcdb2642e7\" class=\"wp-block-image aligncenter size-full wp-lightbox-container\" style=\"margin-right:0;margin-left:0;padding-right:0;padding-left:0\"><img loading=\"lazy\" decoding=\"async\" width=\"800\" height=\"800\" data-wp-class--hide=\"state.isContentHidden\" data-wp-class--show=\"state.isContentVisible\" data-wp-init=\"callbacks.setButtonStyles\" data-wp-on--click=\"actions.showLightbox\" data-wp-on--load=\"callbacks.setButtonStyles\" data-wp-on-window--resize=\"callbacks.setButtonStyles\" src=\"https:\/\/www.tfngj.com\/wp-content\/uploads\/2025\/10\/V30-2.webp\" alt=\"\" class=\"wp-image-3952\" srcset=\"https:\/\/www.tfngj.com\/wp-content\/uploads\/2025\/10\/V30-2.webp 800w, https:\/\/www.tfngj.com\/wp-content\/uploads\/2025\/10\/V30-2-300x300.webp 300w, https:\/\/www.tfngj.com\/wp-content\/uploads\/2025\/10\/V30-2-150x150.webp 150w, https:\/\/www.tfngj.com\/wp-content\/uploads\/2025\/10\/V30-2-768x768.webp 768w, https:\/\/www.tfngj.com\/wp-content\/uploads\/2025\/10\/V30-2-12x12.webp 12w, https:\/\/www.tfngj.com\/wp-content\/uploads\/2025\/10\/V30-2-600x600.webp 600w, https:\/\/www.tfngj.com\/wp-content\/uploads\/2025\/10\/V30-2-100x100.webp 100w\" sizes=\"auto, (max-width: 800px) 100vw, 800px\" \/><button\n\t\t\tclass=\"lightbox-trigger\"\n\t\t\ttype=\"button\"\n\t\t\taria-haspopup=\"dialog\"\n\t\t\taria-label=\"Agrandar\"\n\t\t\tdata-wp-init=\"callbacks.initTriggerButton\"\n\t\t\tdata-wp-on--click=\"actions.showLightbox\"\n\t\t\tdata-wp-style--right=\"state.imageButtonRight\"\n\t\t\tdata-wp-style--top=\"state.imageButtonTop\"\n\t\t>\n\t\t\t<svg xmlns=\"http:\/\/www.w3.org\/2000\/svg\" width=\"12\" height=\"12\" fill=\"none\" viewbox=\"0 0 12 12\">\n\t\t\t\t<path fill=\"#fff\" d=\"M2 0a2 2 0 0 0-2 2v2h1.5V2a.5.5 0 0 1 .5-.5h2V0H2Zm2 10.5H2a.5.5 0 0 1-.5-.5V8H0v2a2 2 0 0 0 2 2h2v-1.5ZM8 12v-1.5h2a.5.5 0 0 0 .5-.5V8H12v2a2 2 0 0 1-2 2H8Zm2-12a2 2 0 0 1 2 2v2h-1.5V2a.5.5 0 0 0-.5-.5H8V0h2Z\" \/>\n\t\t\t<\/svg>\n\t\t<\/button><\/figure>\n<\/div>\n\n\n\n<div class=\"wp-block-column is-vertically-aligned-center is-layout-flow wp-block-column-is-layout-flow\" style=\"flex-basis:66.66%\"><ul style=\"margin-right:var(--wp--preset--spacing--large);--plover--style--block-gap:0;\" class=\"wp-block-list\">\n<li>Medidor \u00f3ptico de potencia, localizador visual de aver\u00edas e iluminaci\u00f3n LED todo en uno. Una unidad sustituye a varios dispositivos.<\/li>\n\n\n\n<li>Bater\u00eda de litio de 2600 mAh para una mayor autonom\u00eda. Puerto Type-C, enchufe reversible para una carga c\u00f3moda.<\/li>\n\n\n\n<li>Luces LED de alta luminosidad para facilitar la construcci\u00f3n en entornos oscuros<\/li>\n\n\n\n<li>Resistente y port\u00e1til, listo para usar en cualquier momento<\/li>\n\n\n\n<li>Resiste ca\u00eddas de 1 metro, apto para diversos entornos de construcci\u00f3n<\/li>\n<\/ul>\n\n\n<ul class=\"wp-block-list is-style-check-circle\" style=\"\">\n<li>Rango de visualizaci\u00f3n de la serie C: de -50 a +26 dBm<\/li>\n\n\n\n<li>Rango de visualizaci\u00f3n de la serie T: de -70 a +6 dBm &nbsp;<\/li>\n<\/ul>\n\n\n\n<div class=\"wp-block-buttons is-content-justification-center is-layout-flex wp-container-core-buttons-is-layout-a89b3969 wp-block-buttons-is-layout-flex\">\n<div class=\"wp-block-button\"><a class=\"wp-block-button__link wp-element-button\" href=\"https:\/\/www.tfngj.com\/es\/contact-us\/\">Solicitar cotizaci\u00f3n<\/a><\/div>\n<\/div>\n<\/div>\n<\/div>\n\n\n\n<div class=\"wp-block-columns alignwide is-layout-flex wp-container-core-columns-is-layout-5c5d7afb wp-block-columns-is-layout-flex\" style=\"margin-top:var(--wp--preset--spacing--large)\">\n<div class=\"wp-block-column is-layout-flow wp-block-column-is-layout-flow\">\n<figure class=\"wp-block-image aligncenter size-large is-resized\"><img decoding=\"async\" src=\"https:\/\/www.tfngj.com\/wp-content\/uploads\/2025\/11\/V30T-1.webp\" alt=\"\" style=\"width:411px;height:auto\"\/><\/figure>\n<\/div>\n\n\n\n<div class=\"wp-block-column is-layout-flow wp-block-column-is-layout-flow\">\n<figure class=\"wp-block-image aligncenter size-large is-resized\"><img decoding=\"async\" src=\"https:\/\/www.tfngj.com\/wp-content\/uploads\/2025\/11\/V30T-2.webp\" alt=\"\" style=\"width:434px;height:auto\"\/><\/figure>\n<\/div>\n<\/div>\n\n\n<h2 class=\"wp-block-heading alignwide has-text-align-left\" style=\"padding-top:var(--wp--preset--spacing--large);padding-left:0rem;font-size:clamp(1.743rem, 1.743rem + ((1vw - 0.2rem) * 1.571), 3rem);\" id=\"specifications\"><mark style=\"background-color:rgba(0, 0, 0, 0);color:#2588cc\" class=\"has-inline-color\">par\u00e1metros de configuraci\u00f3n<\/mark><\/h2>\n\n\n\n<figure class=\"wp-block-table alignwide is-style-stripes has-large-font-size\" style=\"margin-right:0rem;margin-left:0rem;padding-top:0;padding-right:0;padding-bottom:0;padding-left:0\"><table class=\"has-background\" style=\"background-color:#90caf191\"><tbody><tr><td class=\"has-text-align-center\" data-align=\"center\" colspan=\"2\"><strong>OPM<\/strong><\/td><\/tr><tr><td class=\"has-text-align-center\" data-align=\"center\">Respuesta Longitud de onda<\/td><td class=\"has-text-align-center\" data-align=\"center\">700nm-1700nm<\/td><\/tr><tr><td class=\"has-text-align-center\" data-align=\"center\">Longitudes de onda de calibraci\u00f3n<\/td><td class=\"has-text-align-center\" data-align=\"center\">850\/980\/1270\/1300\/1310\/1490\/1550\/1577\/1625\/1650nm<\/td><\/tr><tr><td class=\"has-text-align-center\" data-align=\"center\">Tipo de detector<\/td><td class=\"has-text-align-center\" data-align=\"center\">InGaAs<\/td><\/tr><tr><td class=\"has-text-align-center\" data-align=\"center\">Precisi\u00f3n de la pantalla<\/td><td class=\"has-text-align-center\" data-align=\"center\" colspan=\"8\">0,01 dBm<\/td><\/tr><tr><td class=\"has-text-align-center\" data-align=\"center\">Interfaz \u00f3ptica<\/td><td class=\"has-text-align-center\" data-align=\"center\" colspan=\"8\">Conector universal de 2,5 mm<\/td><\/tr><tr><td class=\"has-text-align-center\" data-align=\"center\" colspan=\"2\"><strong>VFL<\/strong><\/td><\/tr><tr><td class=\"has-text-align-center\" data-align=\"center\">Potencia de salida<\/td><td class=\"has-text-align-center\" data-align=\"center\" colspan=\"8\">10mW \/ 20mW \/ 30mW (seleccionable)<\/td><\/tr><tr><td class=\"has-text-align-center\" data-align=\"center\">Longitud de onda: <\/td><td class=\"has-text-align-center\" data-align=\"center\" colspan=\"8\">650\u00b120nm<\/td><\/tr><tr><td class=\"has-text-align-center\" data-align=\"center\">Modo de funcionamiento<\/td><td class=\"has-text-align-center\" data-align=\"center\" colspan=\"8\">Encendido continuo \/ 2Hz intermitente<\/td><\/tr><tr><td class=\"has-text-align-center\" data-align=\"center\" colspan=\"2\"><strong>Especificaciones generales<\/strong><\/td><\/tr><tr><td class=\"has-text-align-center\" data-align=\"center\">&nbsp;Duraci\u00f3n de la bater\u00eda<\/td><td class=\"has-text-align-center\" data-align=\"center\">Bater\u00eda de iones de litio de 2600 mAh. Funciona durante 6 horas (modo combinado) o 260 horas (solo modo medidor de potencia).<\/td><\/tr><tr><td class=\"has-text-align-center\" data-align=\"center\">Dimensiones<\/td><td class=\"has-text-align-center\" data-align=\"center\">25mm\u00d7170mm, 125g<\/td><\/tr><\/tbody><\/table><\/figure>\n\n\n\n<div class=\"wp-block-buttons alignwide is-layout-flex wp-block-buttons-is-layout-flex\">\n<div class=\"wp-block-button is-style-ghost\"><a class=\"wp-block-button__link wp-element-button\" href=\"https:\/\/www.tfngj.com\/wp-content\/uploads\/2025\/pdf\/V30T-OPM-VFL-Machine.pdf\">V30T Manual Download<\/a><\/div>\n<\/div>\n\n\n\n<div class=\"wp-block-group alignwide is-content-justification-center is-layout-flex wp-container-core-group-is-layout-40db024e wp-block-group-is-layout-flex\" style=\"margin-top:var(--wp--preset--spacing--large)\">\n<p><strong>Casos pr\u00e1cticos:<\/strong> Instalaci\u00f3n y mantenimiento de fibra hasta el hogar (FTTH)<\/p>\n\n\n\n<p>&nbsp;Operaciones y mantenimiento de centros de datos<\/p>\n\n\n\n<p>&nbsp;T\u00e9cnicos de campo para proyectos de telecomunicaciones<\/p>\n\n\n\n<p>&nbsp;Equipos de resoluci\u00f3n de problemas de red<\/p>\n\n\n\n<p>&nbsp;Laboratorios e instituciones educativas<\/p>\n<\/div>\n\n\n\n<div class=\"wp-block-columns alignwide are-vertically-aligned-center is-layout-flex wp-container-core-columns-is-layout-bd93ecdd wp-block-columns-is-layout-flex\" style=\"margin-top:var(--wp--preset--spacing--2-x-large)\">\n<div class=\"wp-block-column is-vertically-aligned-center is-layout-flow wp-block-column-is-layout-flow\" style=\"flex-basis:31%\">\n<figure class=\"wp-block-image size-full\"><img loading=\"lazy\" decoding=\"async\" width=\"800\" height=\"800\" src=\"https:\/\/www.tfngj.com\/wp-content\/uploads\/2025\/10\/V30-1.webp\" alt=\"\" class=\"wp-image-3954\" srcset=\"https:\/\/www.tfngj.com\/wp-content\/uploads\/2025\/10\/V30-1.webp 800w, https:\/\/www.tfngj.com\/wp-content\/uploads\/2025\/10\/V30-1-300x300.webp 300w, https:\/\/www.tfngj.com\/wp-content\/uploads\/2025\/10\/V30-1-150x150.webp 150w, https:\/\/www.tfngj.com\/wp-content\/uploads\/2025\/10\/V30-1-768x768.webp 768w, https:\/\/www.tfngj.com\/wp-content\/uploads\/2025\/10\/V30-1-12x12.webp 12w, https:\/\/www.tfngj.com\/wp-content\/uploads\/2025\/10\/V30-1-600x600.webp 600w, https:\/\/www.tfngj.com\/wp-content\/uploads\/2025\/10\/V30-1-100x100.webp 100w\" sizes=\"auto, (max-width: 800px) 100vw, 800px\" \/><\/figure>\n<\/div>\n\n\n\n<div class=\"wp-block-column is-vertically-aligned-center is-layout-flow wp-block-column-is-layout-flow\" style=\"flex-basis:69%\">\n<p><strong>Medidor de potencia \u00f3ptica:<\/strong> Mide con precisi\u00f3n la intensidad de la se\u00f1al de fibra \u00f3ptica con un solo toque para cambiar entre diez longitudes de onda<\/p>\n\n\n\n<p><strong>Localizador visual de aver\u00edas: <\/strong>Potente salida de luz roja con un alcance m\u00e1ximo de 30 kil\u00f3metros para una r\u00e1pida detecci\u00f3n de fallos en la fibra<\/p>\n\n\n\n<p><strong>Luz blanca LED:<\/strong> Iluminaci\u00f3n de alto brillo para inspeccionar los cables sin esfuerzo en entornos oscuros, garantizando una construcci\u00f3n sin interrupciones.<\/p>\n<\/div>\n<\/div>\n\n\n\n<div style=\"height:91px\" aria-hidden=\"true\" class=\"wp-block-spacer\"><\/div>","protected":false},"excerpt":{"rendered":"<p>Highlights Specifications OPM Response Wavelength 700nm-1700nm Calibration Wavelengths 850\/980\/1270\/1300\/1310\/1490\/1550\/1577\/1625\/1650nm Detector Type InGaAs Display Accuracy 0.01 dBm Optical Interface 2.5mm Universal Connector VFL Output Power 10mW \/ 20mW \/ 30mW (selectable) Wavelength: 650\u00b120nm Operation Mode Steady-on \/ 2Hz Flashing General Specifications &nbsp;Battery Life 2600mAh Lithium-ion Battery. Work for 6 hours (Combined Mode) or 260 hours (Power [&hellip;]<\/p>","protected":false},"author":1,"featured_media":0,"parent":4225,"menu_order":0,"comment_status":"closed","ping_status":"closed","template":"","meta":{"footnotes":""},"class_list":["post-2605","page","type-page","status-publish","hentry"],"yoast_head":"<!-- This site is optimized with the Yoast SEO plugin v26.6 - https:\/\/yoast.com\/wordpress\/plugins\/seo\/ -->\n<title>Three-in-One Fiber Optic Tester - Communication Test Expert<\/title>\n<meta name=\"robots\" content=\"index, follow, max-snippet:-1, max-image-preview:large, max-video-preview:-1\" \/>\n<link rel=\"canonical\" href=\"https:\/\/www.tfngj.com\/es\/comprobadores-de-fibra-optica\/comprobador-de-fibra-optica-tres-en-uno\/\" \/>\n<meta property=\"og:locale\" content=\"es_ES\" \/>\n<meta property=\"og:type\" content=\"article\" \/>\n<meta property=\"og:title\" content=\"Three-in-One Fiber Optic Tester - Communication Test Expert\" \/>\n<meta property=\"og:description\" content=\"Highlights Specifications OPM Response Wavelength 700nm-1700nm Calibration Wavelengths 850\/980\/1270\/1300\/1310\/1490\/1550\/1577\/1625\/1650nm Detector Type InGaAs Display Accuracy 0.01 dBm Optical Interface 2.5mm Universal Connector VFL Output Power 10mW \/ 20mW \/ 30mW (selectable) Wavelength: 650\u00b120nm Operation Mode Steady-on \/ 2Hz Flashing General Specifications &nbsp;Battery Life 2600mAh Lithium-ion Battery. Work for 6 hours (Combined Mode) or 260 hours (Power [&hellip;]\" \/>\n<meta property=\"og:url\" content=\"https:\/\/www.tfngj.com\/es\/comprobadores-de-fibra-optica\/comprobador-de-fibra-optica-tres-en-uno\/\" \/>\n<meta property=\"og:site_name\" content=\"Communication Test Expert\" \/>\n<meta property=\"article:modified_time\" content=\"2025-11-21T09:22:58+00:00\" \/>\n<meta property=\"og:image\" content=\"https:\/\/www.tfngj.com\/wp-content\/uploads\/2025\/10\/back-1-scaled.webp\" \/>\n\t<meta property=\"og:image:width\" content=\"2560\" \/>\n\t<meta property=\"og:image:height\" content=\"1280\" \/>\n\t<meta property=\"og:image:type\" content=\"image\/webp\" \/>\n<meta name=\"twitter:card\" content=\"summary_large_image\" \/>\n<meta name=\"twitter:label1\" content=\"Tiempo de lectura\" \/>\n\t<meta name=\"twitter:data1\" content=\"3 minutos\" \/>\n<script type=\"application\/ld+json\" class=\"yoast-schema-graph\">{\"@context\":\"https:\/\/schema.org\",\"@graph\":[{\"@type\":\"WebPage\",\"@id\":\"https:\/\/www.tfngj.com\/fiber-optic-testers\/three-in-one-fiber-optic-tester\/\",\"url\":\"https:\/\/www.tfngj.com\/fiber-optic-testers\/three-in-one-fiber-optic-tester\/\",\"name\":\"Three-in-One Fiber Optic Tester - Communication Test Expert\",\"isPartOf\":{\"@id\":\"https:\/\/www.tfngj.com\/#website\"},\"primaryImageOfPage\":{\"@id\":\"https:\/\/www.tfngj.com\/fiber-optic-testers\/three-in-one-fiber-optic-tester\/#primaryimage\"},\"image\":{\"@id\":\"https:\/\/www.tfngj.com\/fiber-optic-testers\/three-in-one-fiber-optic-tester\/#primaryimage\"},\"thumbnailUrl\":\"https:\/\/www.tfngj.com\/wp-content\/uploads\/2025\/10\/back-1-scaled.webp\",\"datePublished\":\"2025-10-24T00:56:11+00:00\",\"dateModified\":\"2025-11-21T09:22:58+00:00\",\"breadcrumb\":{\"@id\":\"https:\/\/www.tfngj.com\/fiber-optic-testers\/three-in-one-fiber-optic-tester\/#breadcrumb\"},\"inLanguage\":\"es\",\"potentialAction\":[{\"@type\":\"ReadAction\",\"target\":[\"https:\/\/www.tfngj.com\/fiber-optic-testers\/three-in-one-fiber-optic-tester\/\"]}]},{\"@type\":\"ImageObject\",\"inLanguage\":\"es\",\"@id\":\"https:\/\/www.tfngj.com\/fiber-optic-testers\/three-in-one-fiber-optic-tester\/#primaryimage\",\"url\":\"https:\/\/www.tfngj.com\/wp-content\/uploads\/2025\/10\/back-1-scaled.webp\",\"contentUrl\":\"https:\/\/www.tfngj.com\/wp-content\/uploads\/2025\/10\/back-1-scaled.webp\"},{\"@type\":\"BreadcrumbList\",\"@id\":\"https:\/\/www.tfngj.com\/fiber-optic-testers\/three-in-one-fiber-optic-tester\/#breadcrumb\",\"itemListElement\":[{\"@type\":\"ListItem\",\"position\":1,\"name\":\"Home\",\"item\":\"https:\/\/www.tfngj.com\/\"},{\"@type\":\"ListItem\",\"position\":2,\"name\":\"Fiber Optic Testers\",\"item\":\"https:\/\/www.tfngj.com\/fiber-optic-testers\/\"},{\"@type\":\"ListItem\",\"position\":3,\"name\":\"Three-in-One Fiber Optic Tester\"}]},{\"@type\":\"WebSite\",\"@id\":\"https:\/\/www.tfngj.com\/#website\",\"url\":\"https:\/\/www.tfngj.com\/\",\"name\":\"TFN-Communication Test Expert\",\"description\":\"Find Perfect Solutions in TFN\",\"publisher\":{\"@id\":\"https:\/\/www.tfngj.com\/#organization\"},\"alternateName\":\"TFN\",\"potentialAction\":[{\"@type\":\"SearchAction\",\"target\":{\"@type\":\"EntryPoint\",\"urlTemplate\":\"https:\/\/www.tfngj.com\/?s={search_term_string}\"},\"query-input\":{\"@type\":\"PropertyValueSpecification\",\"valueRequired\":true,\"valueName\":\"search_term_string\"}}],\"inLanguage\":\"es\"},{\"@type\":\"Organization\",\"@id\":\"https:\/\/www.tfngj.com\/#organization\",\"name\":\"TFN\",\"url\":\"https:\/\/www.tfngj.com\/\",\"logo\":{\"@type\":\"ImageObject\",\"inLanguage\":\"es\",\"@id\":\"https:\/\/www.tfngj.com\/#\/schema\/logo\/image\/\",\"url\":\"https:\/\/www.tfngj.com\/wp-content\/uploads\/2025\/09\/\u9ed1logo.png\",\"contentUrl\":\"https:\/\/www.tfngj.com\/wp-content\/uploads\/2025\/09\/\u9ed1logo.png\",\"width\":939,\"height\":232,\"caption\":\"TFN\"},\"image\":{\"@id\":\"https:\/\/www.tfngj.com\/#\/schema\/logo\/image\/\"},\"sameAs\":[\"https:\/\/www.youtube.com\/@FateTFN\/search\"]}]}<\/script>\n<!-- \/ Yoast SEO plugin. -->","yoast_head_json":{"title":"Comprobador de fibra \u00f3ptica tres en uno - Experto en pruebas de comunicaci\u00f3n","robots":{"index":"index","follow":"follow","max-snippet":"max-snippet:-1","max-image-preview":"max-image-preview:large","max-video-preview":"max-video-preview:-1"},"canonical":"https:\/\/www.tfngj.com\/es\/comprobadores-de-fibra-optica\/comprobador-de-fibra-optica-tres-en-uno\/","og_locale":"es_ES","og_type":"article","og_title":"Three-in-One Fiber Optic Tester - Communication Test Expert","og_description":"Highlights Specifications OPM Response Wavelength 700nm-1700nm Calibration Wavelengths 850\/980\/1270\/1300\/1310\/1490\/1550\/1577\/1625\/1650nm Detector Type InGaAs Display Accuracy 0.01 dBm Optical Interface 2.5mm Universal Connector VFL Output Power 10mW \/ 20mW \/ 30mW (selectable) Wavelength: 650\u00b120nm Operation Mode Steady-on \/ 2Hz Flashing General Specifications &nbsp;Battery Life 2600mAh Lithium-ion Battery. Work for 6 hours (Combined Mode) or 260 hours (Power [&hellip;]","og_url":"https:\/\/www.tfngj.com\/es\/comprobadores-de-fibra-optica\/comprobador-de-fibra-optica-tres-en-uno\/","og_site_name":"Communication Test Expert","article_modified_time":"2025-11-21T09:22:58+00:00","og_image":[{"width":2560,"height":1280,"url":"https:\/\/www.tfngj.com\/wp-content\/uploads\/2025\/10\/back-1-scaled.webp","type":"image\/webp"}],"twitter_card":"summary_large_image","twitter_misc":{"Tiempo de lectura":"3 minutos"},"schema":{"@context":"https:\/\/schema.org","@graph":[{"@type":"WebPage","@id":"https:\/\/www.tfngj.com\/fiber-optic-testers\/three-in-one-fiber-optic-tester\/","url":"https:\/\/www.tfngj.com\/fiber-optic-testers\/three-in-one-fiber-optic-tester\/","name":"Comprobador de fibra \u00f3ptica tres en uno - Experto en pruebas de comunicaci\u00f3n","isPartOf":{"@id":"https:\/\/www.tfngj.com\/#website"},"primaryImageOfPage":{"@id":"https:\/\/www.tfngj.com\/fiber-optic-testers\/three-in-one-fiber-optic-tester\/#primaryimage"},"image":{"@id":"https:\/\/www.tfngj.com\/fiber-optic-testers\/three-in-one-fiber-optic-tester\/#primaryimage"},"thumbnailUrl":"https:\/\/www.tfngj.com\/wp-content\/uploads\/2025\/10\/back-1-scaled.webp","datePublished":"2025-10-24T00:56:11+00:00","dateModified":"2025-11-21T09:22:58+00:00","breadcrumb":{"@id":"https:\/\/www.tfngj.com\/fiber-optic-testers\/three-in-one-fiber-optic-tester\/#breadcrumb"},"inLanguage":"es","potentialAction":[{"@type":"ReadAction","target":["https:\/\/www.tfngj.com\/fiber-optic-testers\/three-in-one-fiber-optic-tester\/"]}]},{"@type":"ImageObject","inLanguage":"es","@id":"https:\/\/www.tfngj.com\/fiber-optic-testers\/three-in-one-fiber-optic-tester\/#primaryimage","url":"https:\/\/www.tfngj.com\/wp-content\/uploads\/2025\/10\/back-1-scaled.webp","contentUrl":"https:\/\/www.tfngj.com\/wp-content\/uploads\/2025\/10\/back-1-scaled.webp"},{"@type":"BreadcrumbList","@id":"https:\/\/www.tfngj.com\/fiber-optic-testers\/three-in-one-fiber-optic-tester\/#breadcrumb","itemListElement":[{"@type":"ListItem","position":1,"name":"Home","item":"https:\/\/www.tfngj.com\/"},{"@type":"ListItem","position":2,"name":"Fiber Optic Testers","item":"https:\/\/www.tfngj.com\/fiber-optic-testers\/"},{"@type":"ListItem","position":3,"name":"Three-in-One Fiber Optic Tester"}]},{"@type":"WebSite","@id":"https:\/\/www.tfngj.com\/#website","url":"https:\/\/www.tfngj.com\/","name":"TFN-Experto en pruebas de comunicaci\u00f3n","description":"Encuentre soluciones perfectas en TFN","publisher":{"@id":"https:\/\/www.tfngj.com\/#organization"},"alternateName":"TFN","potentialAction":[{"@type":"SearchAction","target":{"@type":"EntryPoint","urlTemplate":"https:\/\/www.tfngj.com\/?s={search_term_string}"},"query-input":{"@type":"PropertyValueSpecification","valueRequired":true,"valueName":"search_term_string"}}],"inLanguage":"es"},{"@type":"Organization","@id":"https:\/\/www.tfngj.com\/#organization","name":"TFN","url":"https:\/\/www.tfngj.com\/","logo":{"@type":"ImageObject","inLanguage":"es","@id":"https:\/\/www.tfngj.com\/#\/schema\/logo\/image\/","url":"https:\/\/www.tfngj.com\/wp-content\/uploads\/2025\/09\/\u9ed1logo.png","contentUrl":"https:\/\/www.tfngj.com\/wp-content\/uploads\/2025\/09\/\u9ed1logo.png","width":939,"height":232,"caption":"TFN"},"image":{"@id":"https:\/\/www.tfngj.com\/#\/schema\/logo\/image\/"},"sameAs":["https:\/\/www.youtube.com\/@FateTFN\/search"]}]}},"_links":{"self":[{"href":"https:\/\/www.tfngj.com\/es\/wp-json\/wp\/v2\/pages\/2605","targetHints":{"allow":["GET"]}}],"collection":[{"href":"https:\/\/www.tfngj.com\/es\/wp-json\/wp\/v2\/pages"}],"about":[{"href":"https:\/\/www.tfngj.com\/es\/wp-json\/wp\/v2\/types\/page"}],"author":[{"embeddable":true,"href":"https:\/\/www.tfngj.com\/es\/wp-json\/wp\/v2\/users\/1"}],"replies":[{"embeddable":true,"href":"https:\/\/www.tfngj.com\/es\/wp-json\/wp\/v2\/comments?post=2605"}],"version-history":[{"count":19,"href":"https:\/\/www.tfngj.com\/es\/wp-json\/wp\/v2\/pages\/2605\/revisions"}],"predecessor-version":[{"id":4782,"href":"https:\/\/www.tfngj.com\/es\/wp-json\/wp\/v2\/pages\/2605\/revisions\/4782"}],"up":[{"embeddable":true,"href":"https:\/\/www.tfngj.com\/es\/wp-json\/wp\/v2\/pages\/4225"}],"wp:attachment":[{"href":"https:\/\/www.tfngj.com\/es\/wp-json\/wp\/v2\/media?parent=2605"}],"curies":[{"name":"wp","href":"https:\/\/api.w.org\/{rel}","templated":true}]}}