{"id":2593,"date":"2025-10-24T08:48:05","date_gmt":"2025-10-24T00:48:05","guid":{"rendered":"https:\/\/ceshi.tfngw.com\/?page_id=2593"},"modified":"2025-12-17T16:12:08","modified_gmt":"2025-12-17T08:12:08","slug":"f1m-medidor-de-potencia-optica","status":"publish","type":"page","link":"https:\/\/www.tfngj.com\/es\/comprobadores-de-fibra-optica\/f1m-medidor-de-potencia-optica\/","title":{"rendered":"Medidor de potencia \u00f3ptica F1M"},"content":{"rendered":"<div class=\"wp-block-cover alignfull is-light wp-duotone-unset-1\" style=\"border-radius:0px;margin-top:0;margin-bottom:0;padding-top:0;padding-bottom:0;font-size:clamp(3.615rem, 3.615rem + ((1vw - 0.2rem) * 4.856), 7.5rem);min-height:468px;aspect-ratio:unset;\"><img loading=\"lazy\" decoding=\"async\" width=\"2560\" height=\"1280\" class=\"wp-block-cover__image-background wp-image-2167 size-full\" alt=\"\" src=\"https:\/\/www.tfngj.com\/wp-content\/uploads\/2025\/10\/back-1-scaled.webp\" data-object-fit=\"cover\" srcset=\"https:\/\/www.tfngj.com\/wp-content\/uploads\/2025\/10\/back-1-scaled.webp 2560w, https:\/\/www.tfngj.com\/wp-content\/uploads\/2025\/10\/back-1-300x150.webp 300w, https:\/\/www.tfngj.com\/wp-content\/uploads\/2025\/10\/back-1-1024x512.webp 1024w, https:\/\/www.tfngj.com\/wp-content\/uploads\/2025\/10\/back-1-768x384.webp 768w, https:\/\/www.tfngj.com\/wp-content\/uploads\/2025\/10\/back-1-1536x768.webp 1536w, https:\/\/www.tfngj.com\/wp-content\/uploads\/2025\/10\/back-1-2048x1024.webp 2048w, https:\/\/www.tfngj.com\/wp-content\/uploads\/2025\/10\/back-1-18x9.webp 18w, https:\/\/www.tfngj.com\/wp-content\/uploads\/2025\/10\/back-1-600x300.webp 600w\" sizes=\"auto, (max-width: 2560px) 100vw, 2560px\" \/><span aria-hidden=\"true\" class=\"wp-block-cover__background has-background-dim-30 has-background-dim\" style=\"background-color:#349aca\"><\/span><div class=\"wp-block-cover__inner-container has-global-padding is-layout-constrained wp-container-core-cover-is-layout-ad1af2a0 wp-block-cover-is-layout-constrained\"><h1 class=\"wp-block-heading alignfull has-text-align-center has-neutral-0-color has-text-color has-link-color has-5-x-large-font-size wp-elements-77f5e72dc0e7e8495e4546ddd8ae77f8\" style=\"margin-right:0;margin-left:0;text-transform:capitalize\" id=\"f1m-mini-opm\">F1M Mini OPM<\/h1>\n\n\n\n<p class=\"has-text-align-center has-neutral-0-color has-text-color has-link-color has-x-large-font-size wp-elements-e44300ae440855e326daaa87702f499e\" style=\"margin-top:var(--wp--preset--spacing--x-small)\">Comprobador de fibra multifunci\u00f3n port\u00e1til<\/p>\n<\/div><\/div>\n\n\n\n<div class=\"wp-block-group alignfull has-global-padding is-content-justification-center is-layout-constrained wp-container-core-group-is-layout-df757ecc wp-block-group-is-layout-constrained\" style=\"margin-top:0;margin-bottom:0;padding-top:calc( 0.5 * var(--wp--style--root--padding-right, var(--wp--custom--gap--horizontal)));padding-right:var(--wp--style--root--padding-right, var(--wp--custom--gap--horizontal));padding-bottom:calc( 0.5 * var(--wp--style--root--padding-right, var(--wp--custom--gap--horizontal)));padding-left:var(--wp--style--root--padding-left, var(--wp--custom--gap--horizontal))\">\n<div style=\"height:0px\" aria-hidden=\"true\" class=\"wp-block-spacer\"><\/div>\n\n\n\n<div style=\"height:calc( 0.25 * var(--wp--style--root--padding-right, var(--wp--custom--gap--horizontal)))\" aria-hidden=\"true\" class=\"wp-block-spacer\"><\/div>\n<\/div>\n\n\n\n<div class=\"wp-block-group alignwide is-nowrap is-layout-flex wp-container-core-group-is-layout-6c531013 wp-block-group-is-layout-flex\"><div class=\"yoast-breadcrumbs\"><span><span><a href=\"https:\/\/www.tfngj.com\/es\/\">Inicio<\/a><\/span> &gt; <span><a href=\"https:\/\/www.tfngj.com\/es\/comprobadores-de-fibra-optica\/\">Comprobadores de fibra \u00f3ptica<\/a><\/span> &gt; <span class=\"breadcrumb_last\" aria-current=\"page\">Medidor de potencia \u00f3ptica F1M<\/span><\/span><\/div><\/div>\n\n\n\n<div class=\"wp-block-columns alignwide are-vertically-aligned-center is-layout-flex wp-container-core-columns-is-layout-513acadb wp-block-columns-is-layout-flex\" style=\"margin-top:var(--wp--preset--spacing--x-large);margin-bottom:var(--wp--preset--spacing--small)\">\n<div class=\"wp-block-column is-vertically-aligned-center is-layout-flow wp-block-column-is-layout-flow\" style=\"flex-basis:33.33%\"><h2 class=\"wp-block-heading has-4-x-large-font-size\" id=\"highlights\"><mark style=\"background-color:rgba(0, 0, 0, 0);color:#2588cc\" class=\"has-inline-color\">Caracter\u00edstica<\/mark><\/h2>\n\n\n\n<figure class=\"wp-block-image aligncenter size-full\" style=\"margin-right:0;margin-left:0;padding-right:0;padding-left:0\"><img loading=\"lazy\" decoding=\"async\" width=\"800\" height=\"800\" src=\"https:\/\/www.tfngj.com\/wp-content\/uploads\/2025\/10\/1-9.jpg\" alt=\"medidor de potencia \u00f3ptica\" class=\"wp-image-2595\" srcset=\"https:\/\/www.tfngj.com\/wp-content\/uploads\/2025\/10\/1-9.jpg 800w, https:\/\/www.tfngj.com\/wp-content\/uploads\/2025\/10\/1-9-300x300.jpg 300w, https:\/\/www.tfngj.com\/wp-content\/uploads\/2025\/10\/1-9-150x150.jpg 150w, https:\/\/www.tfngj.com\/wp-content\/uploads\/2025\/10\/1-9-768x768.jpg 768w, https:\/\/www.tfngj.com\/wp-content\/uploads\/2025\/10\/1-9-12x12.jpg 12w, https:\/\/www.tfngj.com\/wp-content\/uploads\/2025\/10\/1-9-600x600.jpg 600w, https:\/\/www.tfngj.com\/wp-content\/uploads\/2025\/10\/1-9-100x100.jpg 100w\" sizes=\"auto, (max-width: 800px) 100vw, 800px\" \/><\/figure>\n<\/div>\n\n\n\n<div class=\"wp-block-column is-vertically-aligned-center is-layout-flow wp-block-column-is-layout-flow\" style=\"flex-basis:66.66%\"><ul style=\"margin-right:0;--plover--style--block-gap:0;\" class=\"wp-block-list\">\n<li>Dise\u00f1o compacto y port\u00e1til, f\u00e1cil de transportar<\/li>\n\n\n\n<li>Modo de visualizaci\u00f3n dual: Muestra los valores de mW y dBm al mismo tiempo para una visualizaci\u00f3n r\u00e1pida y sencilla.<\/li>\n\n\n\n<li>Pruebas de longitud de onda m\u00faltiple. SM, MM, PON todos disponibles, satisfacer diversas necesidades de pruebas de sistemas de fibra \u00f3ptica.<\/li>\n\n\n\n<li>La bater\u00eda dura hasta 72 horas y admite bancos de alimentaci\u00f3n externos o carga desde el ordenador, por lo que es ideal para operaciones prolongadas en exteriores.<\/li>\n\n\n\n<li>Compatible con conectores SC\/FC\/ST<\/li>\n\n\n\n<li>Integraci\u00f3n de potencia \u00f3ptica, luz roja y comprobaci\u00f3n de RJ45: un dispositivo, m\u00faltiples usos.<\/li>\n<\/ul>\n\n\n<ul class=\"wp-block-list is-style-check-circle\" style=\"\">\n<li>Apagado autom\u00e1tico<\/li>\n\n\n\n<li>Retroiluminaci\u00f3n y fuentes de luz roja<\/li>\n\n\n\n<li>Prueba del cable de red RJ45 (opcional)<\/li>\n<\/ul>\n\n\n\n<div class=\"wp-block-buttons is-content-justification-center is-layout-flex wp-container-core-buttons-is-layout-a89b3969 wp-block-buttons-is-layout-flex\">\n<div class=\"wp-block-button\"><a class=\"wp-block-button__link wp-element-button\" href=\"https:\/\/www.tfngj.com\/es\/contact-us\/\">Solicitar cotizaci\u00f3n<\/a><\/div>\n<\/div>\n<\/div>\n<\/div>\n\n\n<h2 class=\"wp-block-heading alignwide has-text-align-left has-4-x-large-font-size\" style=\"padding-left:0rem\" id=\"specifications\"><mark style=\"background-color:rgba(0, 0, 0, 0);color:#2588cc\" class=\"has-inline-color\">par\u00e1metros de configuraci\u00f3n<\/mark><\/h2>\n\n\n\n<div class=\"wp-block-columns alignwide is-layout-flex wp-container-core-columns-is-layout-c375d253 wp-block-columns-is-layout-flex\">\n<div class=\"wp-block-column is-layout-flow wp-block-column-is-layout-flow\" style=\"flex-basis:66.66%\">\n<figure class=\"wp-block-table alignfull is-style-stripes has-large-font-size\" style=\"margin-right:0rem;margin-left:0rem;padding-top:0;padding-right:0;padding-bottom:0;padding-left:0\"><table class=\"has-background\" style=\"background-color:#90caf191\"><tbody><tr><td class=\"has-text-align-left\" data-align=\"left\">Modelo \/ Art\u00edculos<\/td><td class=\"has-text-align-center\" data-align=\"center\">F1M<\/td><\/tr><tr><td class=\"has-text-align-left\" data-align=\"left\">Longitud de onda<\/td><td class=\"has-text-align-center\" data-align=\"center\">800 nm a 1700 nm<\/td><\/tr><tr><td class=\"has-text-align-left\" data-align=\"left\">Conector<\/td><td class=\"has-text-align-center\" data-align=\"center\">FC \/ SC \/ ST<\/td><\/tr><tr><td class=\"has-text-align-left\" data-align=\"left\">Tipo de sonda<\/td><td class=\"has-text-align-center\" data-align=\"center\">InGaAs<\/td><\/tr><tr><td class=\"has-text-align-left\" data-align=\"left\">Rango de medici\u00f3n de potencia<\/td><td class=\"has-text-align-center\" data-align=\"center\" colspan=\"8\">-70 ~ +6 dBm \/ -50 ~ +26 dBm<\/td><\/tr><tr><td class=\"has-text-align-left\" data-align=\"left\">Incertidumbre<\/td><td class=\"has-text-align-center\" data-align=\"center\" colspan=\"8\">\u00b15%<\/td><\/tr><tr><td class=\"has-text-align-left\" data-align=\"left\">Resoluci\u00f3n de pantalla<\/td><td class=\"has-text-align-center\" data-align=\"center\" colspan=\"8\">Linealidad: 0,1%, No linealidad: 0,01dBm<\/td><\/tr><tr><td class=\"has-text-align-left\" data-align=\"left\">Temperatura de funcionamiento<\/td><td class=\"has-text-align-center\" data-align=\"center\" colspan=\"8\">-10\u00b0C ~ +60\u00b0C<\/td><\/tr><tr><td class=\"has-text-align-left\" data-align=\"left\">Temperatura de almacenamiento<\/td><td class=\"has-text-align-center\" data-align=\"center\" colspan=\"8\">-30\u00b0C ~ +70\u00b0C<\/td><\/tr><tr><td class=\"has-text-align-left\" data-align=\"left\">Tiempo de apagado autom\u00e1tico<\/td><td class=\"has-text-align-center\" data-align=\"center\" colspan=\"8\">10 minutos<\/td><\/tr><tr><td class=\"has-text-align-left\" data-align=\"left\">Duraci\u00f3n de la bater\u00eda<\/td><td class=\"has-text-align-center\" data-align=\"center\">72 horas<\/td><\/tr><tr><td class=\"has-text-align-left\" data-align=\"left\">Talla<\/td><td class=\"has-text-align-center\" data-align=\"center\">112\u00d766\u00d730 mm<\/td><\/tr><\/tbody><\/table><\/figure>\n<\/div>\n\n\n\n<div class=\"wp-block-column is-layout-flow wp-container-core-column-is-layout-c7b3064f wp-block-column-is-layout-flow\" style=\"flex-basis:33.33%\">\n<p><strong>Casos pr\u00e1cticos<\/strong><\/p>\n\n\n\n<p>Construcci\u00f3n del cable \u00f3ptico<\/p>\n\n\n\n<p>Comunicaci\u00f3n por fibra \u00f3ptica<\/p>\n\n\n\n<p>Mantenimiento de la red<\/p>\n<\/div>\n<\/div>\n\n\n\n<div class=\"wp-block-buttons alignwide is-layout-flex wp-block-buttons-is-layout-flex\">\n<div class=\"wp-block-button is-style-ghost\"><a class=\"wp-block-button__link wp-element-button\" href=\"https:\/\/www.tfngj.com\/wp-content\/uploads\/2025\/pdf\/F1M-F1N-optical-power-meter.pdf\" target=\"_blank\" rel=\"noreferrer noopener\">Descarga del manual F1M<\/a><\/div>\n<\/div>\n\n\n\n<div class=\"wp-block-group alignfull has-global-padding is-content-justification-center is-layout-constrained wp-container-core-group-is-layout-df757ecc wp-block-group-is-layout-constrained\" style=\"margin-top:0;margin-bottom:0;padding-top:calc( 0.5 * var(--wp--style--root--padding-right, var(--wp--custom--gap--horizontal)));padding-right:var(--wp--style--root--padding-right, var(--wp--custom--gap--horizontal));padding-bottom:calc( 0.5 * var(--wp--style--root--padding-right, var(--wp--custom--gap--horizontal)));padding-left:var(--wp--style--root--padding-left, var(--wp--custom--gap--horizontal))\">\n<div style=\"height:calc( 0.25 * var(--wp--style--root--padding-right, var(--wp--custom--gap--horizontal)))\" aria-hidden=\"true\" class=\"wp-block-spacer\"><\/div>\n\n\n\n<div class=\"wp-block-columns alignwide are-vertically-aligned-center is-layout-flex wp-container-core-columns-is-layout-ded37585 wp-block-columns-is-layout-flex\" style=\"margin-top:var(--wp--preset--spacing--2-x-large);margin-right:8rem;margin-left:8rem;font-size:clamp(2.111rem, 2.111rem + ((1vw - 0.2rem) * 2.111), 3.8rem);\">\n<div class=\"wp-block-column is-vertically-aligned-center is-layout-flow wp-block-column-is-layout-flow\" style=\"flex-basis:34%\">\n<figure class=\"wp-block-image size-full\"><img loading=\"lazy\" decoding=\"async\" width=\"800\" height=\"800\" src=\"https:\/\/www.tfngj.com\/wp-content\/uploads\/2025\/10\/2-1.jpg\" alt=\"\" class=\"wp-image-2600\" srcset=\"https:\/\/www.tfngj.com\/wp-content\/uploads\/2025\/10\/2-1.jpg 800w, https:\/\/www.tfngj.com\/wp-content\/uploads\/2025\/10\/2-1-300x300.jpg 300w, https:\/\/www.tfngj.com\/wp-content\/uploads\/2025\/10\/2-1-150x150.jpg 150w, https:\/\/www.tfngj.com\/wp-content\/uploads\/2025\/10\/2-1-768x768.jpg 768w, https:\/\/www.tfngj.com\/wp-content\/uploads\/2025\/10\/2-1-12x12.jpg 12w, https:\/\/www.tfngj.com\/wp-content\/uploads\/2025\/10\/2-1-600x600.jpg 600w, https:\/\/www.tfngj.com\/wp-content\/uploads\/2025\/10\/2-1-100x100.jpg 100w\" sizes=\"auto, (max-width: 800px) 100vw, 800px\" \/><\/figure>\n<\/div>\n\n\n\n<div class=\"wp-block-column is-vertically-aligned-center is-layout-flow wp-block-column-is-layout-flow\" style=\"flex-basis:66%\">\n<p class=\"has-large-font-size\">Este minimedidor de potencia \u00f3ptica es un instrumento de prueba port\u00e1til dise\u00f1ado para las comunicaciones por fibra \u00f3ptica y la construcci\u00f3n y el mantenimiento de cables. Integra numerosas funciones pr\u00e1cticas, admite modos de visualizaci\u00f3n duales para lineal (mW) y no lineal (dBm) y es compatible con varias interfaces de fibra, incluidas SC, FC y ST. Es adecuado para una gran variedad de escenarios de pruebas de fibra \u00f3ptica. Tanto en la construcci\u00f3n sobre el terreno como en el mantenimiento en interiores, proporciona una medici\u00f3n precisa y c\u00f3moda de la potencia \u00f3ptica.<\/p>\n<\/div>\n<\/div>\n\n\n\n<div style=\"height:calc( 0.25 * var(--wp--style--root--padding-right, var(--wp--custom--gap--horizontal)))\" aria-hidden=\"true\" class=\"wp-block-spacer\"><\/div>\n<\/div>\n\n\n<h2 class=\"wp-block-heading alignwide has-text-align-left has-4-x-large-font-size\" style=\"margin-bottom:var(--wp--preset--spacing--large);padding-left:0rem\" id=\"product-demo\"><mark style=\"background-color:rgba(0, 0, 0, 0);color:#2588cc\" class=\"has-inline-color\">Demostraci\u00f3n del producto<\/mark><\/h2>\n\n\n\n<div style=\"display: flex; justify-content: center;\">\n  <iframe loading=\"lazy\" width=\"560\" height=\"315\" \n    src=\"https:\/\/www.youtube.com\/embed\/tZbYeL1vQzo?si=vLumNIPAZSTYsPVP\" \n    title=\"Reproductor de v\u00eddeo YouTube\" frameborder=\"0\" \n    allow=\"accelerometer; autoplay; clipboard-write; encrypted-media; gyroscope; picture-in-picture; web-share\" \n    referrerpolicy=\"strict-origin-when-cross-origin\" allowfullscreen>\n  <\/iframe>\n<\/div>\n\n\n\n<div style=\"height:44px\" aria-hidden=\"true\" class=\"wp-block-spacer\"><\/div>\n\n\n<h2 class=\"wp-block-heading has-text-align-center has-4-x-large-font-size\" id=\"faqs\"><mark style=\"background-color:rgba(0, 0, 0, 0);color:#2588cc\" class=\"has-inline-color\">Preguntas frecuentes<\/mark><\/h2>\n\n\n\n<details class=\"wp-block-details has-border-color is-layout-flow wp-block-details-is-layout-flow\" style=\"border-color:#4083ca;border-width:2px;line-height:1.8\" open><summary>\u00bfExiste una cantidad m\u00ednima de pedido para su producto?<\/summary>\n<p>Para garantizar la eficacia de la producci\u00f3n y ofrecer los precios m\u00e1s competitivos a nuestros clientes, solemos tener una cantidad m\u00ednima de pedido para nuestros productos est\u00e1ndar.<\/p>\n\n\n\n<p>Para la mayor\u00eda de los instrumentos de prueba de comunicaciones, la cantidad m\u00ednima de pedido es de 1 unidad.<\/p>\n\n\n\n<p>Para las herramientas y accesorios de apoyo, pueden aplicarse cantidades m\u00ednimas de pedido superiores.<\/p>\n\n\n\n<p>Si tiene requisitos especiales, p\u00f3ngase en contacto directamente con nuestro equipo de ventas.<\/p>\n<\/details>\n\n\n\n<details class=\"wp-block-details has-border-color is-layout-flow wp-block-details-is-layout-flow\" style=\"border-color:#4083ca;border-width:2px\"><summary>\u00bfCu\u00e1l es el plazo de entrega?<\/summary>\n<p>Para nuestros productos est\u00e1ndar, si est\u00e1n en stock y listos para su env\u00edo, el plazo de entrega es de unos 7-10 d\u00edas. Para nuestros productos opcionales, el plazo de entrega es de unos 25-30 d\u00edas.<\/p>\n<\/details>\n\n\n\n<details class=\"wp-block-details has-border-color is-layout-flow wp-block-details-is-layout-flow\" style=\"border-color:#4083ca;border-width:2px\"><summary>\u00bfCu\u00e1l es el periodo de garant\u00eda del producto?<\/summary>\n<p>Confiamos en la calidad y fiabilidad de nuestros productos.<\/p>\n\n\n\n<p>Ofrecemos una garant\u00eda est\u00e1ndar de 12 meses para todos los instrumentos, a partir de la fecha de llegada al puerto de destino.<\/p>\n\n\n\n<p>Tambi\u00e9n hay disponibles garant\u00edas ampliadas; p\u00f3ngase en contacto con nuestro equipo de ventas para obtener m\u00e1s informaci\u00f3n.<\/p>\n<\/details>\n\n\n\n<div style=\"height:59px\" aria-hidden=\"true\" class=\"wp-block-spacer\"><\/div>","protected":false},"excerpt":{"rendered":"<p>Highlights Specifications Model \/ Items F1M Wavelength 800 nm to 1700 nm Connector FC \/ SC \/ ST Probe Type InGaAs Power Measurement Range -70 ~ +6 dBm \/ -50 ~ +26 dBm Uncertainty \u00b15% Display resolution Linearity: 0.1%, Non-linearity: 0.01dBm Operating temperature -10\u00b0C ~ +60\u00b0C Storage temperature -30\u00b0C ~ +70\u00b0C Automatic shutdown time 10 [&hellip;]<\/p>","protected":false},"author":1,"featured_media":0,"parent":4225,"menu_order":0,"comment_status":"closed","ping_status":"closed","template":"","meta":{"footnotes":""},"class_list":["post-2593","page","type-page","status-publish","hentry"],"yoast_head":"<!-- This site is optimized with the Yoast SEO plugin v26.6 - https:\/\/yoast.com\/wordpress\/plugins\/seo\/ -->\n<title>F1M Optical Power Meter - Communication Test Expert<\/title>\n<meta name=\"robots\" content=\"index, follow, max-snippet:-1, max-image-preview:large, max-video-preview:-1\" \/>\n<link rel=\"canonical\" href=\"https:\/\/www.tfngj.com\/es\/comprobadores-de-fibra-optica\/f1m-medidor-de-potencia-optica\/\" \/>\n<meta property=\"og:locale\" content=\"es_ES\" \/>\n<meta property=\"og:type\" content=\"article\" \/>\n<meta property=\"og:title\" content=\"F1M Optical Power Meter - Communication Test Expert\" \/>\n<meta property=\"og:description\" content=\"Highlights Specifications Model \/ Items F1M Wavelength 800 nm to 1700 nm Connector FC \/ SC \/ ST Probe Type InGaAs Power Measurement Range -70 ~ +6 dBm \/ -50 ~ +26 dBm Uncertainty \u00b15% Display resolution Linearity: 0.1%, Non-linearity: 0.01dBm Operating temperature -10\u00b0C ~ +60\u00b0C Storage temperature -30\u00b0C ~ +70\u00b0C Automatic shutdown time 10 [&hellip;]\" \/>\n<meta property=\"og:url\" content=\"https:\/\/www.tfngj.com\/es\/comprobadores-de-fibra-optica\/f1m-medidor-de-potencia-optica\/\" \/>\n<meta property=\"og:site_name\" content=\"Communication Test Expert\" \/>\n<meta property=\"article:modified_time\" content=\"2025-12-17T08:12:08+00:00\" \/>\n<meta property=\"og:image\" content=\"https:\/\/www.tfngj.com\/wp-content\/uploads\/2025\/10\/back-1-scaled.webp\" \/>\n\t<meta property=\"og:image:width\" content=\"2560\" \/>\n\t<meta property=\"og:image:height\" content=\"1280\" \/>\n\t<meta property=\"og:image:type\" content=\"image\/webp\" \/>\n<meta name=\"twitter:card\" content=\"summary_large_image\" \/>\n<meta name=\"twitter:label1\" content=\"Tiempo de lectura\" \/>\n\t<meta name=\"twitter:data1\" content=\"3 minutos\" \/>\n<script type=\"application\/ld+json\" class=\"yoast-schema-graph\">{\"@context\":\"https:\/\/schema.org\",\"@graph\":[{\"@type\":\"WebPage\",\"@id\":\"https:\/\/www.tfngj.com\/fiber-optic-testers\/f1m-optical-power-meter\/\",\"url\":\"https:\/\/www.tfngj.com\/fiber-optic-testers\/f1m-optical-power-meter\/\",\"name\":\"F1M Optical Power Meter - Communication Test Expert\",\"isPartOf\":{\"@id\":\"https:\/\/www.tfngj.com\/#website\"},\"primaryImageOfPage\":{\"@id\":\"https:\/\/www.tfngj.com\/fiber-optic-testers\/f1m-optical-power-meter\/#primaryimage\"},\"image\":{\"@id\":\"https:\/\/www.tfngj.com\/fiber-optic-testers\/f1m-optical-power-meter\/#primaryimage\"},\"thumbnailUrl\":\"https:\/\/www.tfngj.com\/wp-content\/uploads\/2025\/10\/back-1-scaled.webp\",\"datePublished\":\"2025-10-24T00:48:05+00:00\",\"dateModified\":\"2025-12-17T08:12:08+00:00\",\"breadcrumb\":{\"@id\":\"https:\/\/www.tfngj.com\/fiber-optic-testers\/f1m-optical-power-meter\/#breadcrumb\"},\"inLanguage\":\"es\",\"potentialAction\":[{\"@type\":\"ReadAction\",\"target\":[\"https:\/\/www.tfngj.com\/fiber-optic-testers\/f1m-optical-power-meter\/\"]}]},{\"@type\":\"ImageObject\",\"inLanguage\":\"es\",\"@id\":\"https:\/\/www.tfngj.com\/fiber-optic-testers\/f1m-optical-power-meter\/#primaryimage\",\"url\":\"https:\/\/www.tfngj.com\/wp-content\/uploads\/2025\/10\/back-1-scaled.webp\",\"contentUrl\":\"https:\/\/www.tfngj.com\/wp-content\/uploads\/2025\/10\/back-1-scaled.webp\"},{\"@type\":\"BreadcrumbList\",\"@id\":\"https:\/\/www.tfngj.com\/fiber-optic-testers\/f1m-optical-power-meter\/#breadcrumb\",\"itemListElement\":[{\"@type\":\"ListItem\",\"position\":1,\"name\":\"Home\",\"item\":\"https:\/\/www.tfngj.com\/\"},{\"@type\":\"ListItem\",\"position\":2,\"name\":\"Fiber Optic Testers\",\"item\":\"https:\/\/www.tfngj.com\/fiber-optic-testers\/\"},{\"@type\":\"ListItem\",\"position\":3,\"name\":\"F1M Optical Power Meter\"}]},{\"@type\":\"WebSite\",\"@id\":\"https:\/\/www.tfngj.com\/#website\",\"url\":\"https:\/\/www.tfngj.com\/\",\"name\":\"TFN-Communication Test Expert\",\"description\":\"Find Perfect Solutions in TFN\",\"publisher\":{\"@id\":\"https:\/\/www.tfngj.com\/#organization\"},\"alternateName\":\"TFN\",\"potentialAction\":[{\"@type\":\"SearchAction\",\"target\":{\"@type\":\"EntryPoint\",\"urlTemplate\":\"https:\/\/www.tfngj.com\/?s={search_term_string}\"},\"query-input\":{\"@type\":\"PropertyValueSpecification\",\"valueRequired\":true,\"valueName\":\"search_term_string\"}}],\"inLanguage\":\"es\"},{\"@type\":\"Organization\",\"@id\":\"https:\/\/www.tfngj.com\/#organization\",\"name\":\"TFN\",\"url\":\"https:\/\/www.tfngj.com\/\",\"logo\":{\"@type\":\"ImageObject\",\"inLanguage\":\"es\",\"@id\":\"https:\/\/www.tfngj.com\/#\/schema\/logo\/image\/\",\"url\":\"https:\/\/www.tfngj.com\/wp-content\/uploads\/2025\/09\/\u9ed1logo.png\",\"contentUrl\":\"https:\/\/www.tfngj.com\/wp-content\/uploads\/2025\/09\/\u9ed1logo.png\",\"width\":939,\"height\":232,\"caption\":\"TFN\"},\"image\":{\"@id\":\"https:\/\/www.tfngj.com\/#\/schema\/logo\/image\/\"},\"sameAs\":[\"https:\/\/www.youtube.com\/@FateTFN\/search\"]}]}<\/script>\n<!-- \/ Yoast SEO plugin. -->","yoast_head_json":{"title":"Medidor de potencia \u00f3ptica F1M - Experto en pruebas de comunicaci\u00f3n","robots":{"index":"index","follow":"follow","max-snippet":"max-snippet:-1","max-image-preview":"max-image-preview:large","max-video-preview":"max-video-preview:-1"},"canonical":"https:\/\/www.tfngj.com\/es\/comprobadores-de-fibra-optica\/f1m-medidor-de-potencia-optica\/","og_locale":"es_ES","og_type":"article","og_title":"F1M Optical Power Meter - Communication Test Expert","og_description":"Highlights Specifications Model \/ Items F1M Wavelength 800 nm to 1700 nm Connector FC \/ SC \/ ST Probe Type InGaAs Power Measurement Range -70 ~ +6 dBm \/ -50 ~ +26 dBm Uncertainty \u00b15% Display resolution Linearity: 0.1%, Non-linearity: 0.01dBm Operating temperature -10\u00b0C ~ +60\u00b0C Storage temperature -30\u00b0C ~ +70\u00b0C Automatic shutdown time 10 [&hellip;]","og_url":"https:\/\/www.tfngj.com\/es\/comprobadores-de-fibra-optica\/f1m-medidor-de-potencia-optica\/","og_site_name":"Communication Test Expert","article_modified_time":"2025-12-17T08:12:08+00:00","og_image":[{"width":2560,"height":1280,"url":"https:\/\/www.tfngj.com\/wp-content\/uploads\/2025\/10\/back-1-scaled.webp","type":"image\/webp"}],"twitter_card":"summary_large_image","twitter_misc":{"Tiempo de lectura":"3 minutos"},"schema":{"@context":"https:\/\/schema.org","@graph":[{"@type":"WebPage","@id":"https:\/\/www.tfngj.com\/fiber-optic-testers\/f1m-optical-power-meter\/","url":"https:\/\/www.tfngj.com\/fiber-optic-testers\/f1m-optical-power-meter\/","name":"Medidor de potencia \u00f3ptica F1M - Experto en pruebas de comunicaci\u00f3n","isPartOf":{"@id":"https:\/\/www.tfngj.com\/#website"},"primaryImageOfPage":{"@id":"https:\/\/www.tfngj.com\/fiber-optic-testers\/f1m-optical-power-meter\/#primaryimage"},"image":{"@id":"https:\/\/www.tfngj.com\/fiber-optic-testers\/f1m-optical-power-meter\/#primaryimage"},"thumbnailUrl":"https:\/\/www.tfngj.com\/wp-content\/uploads\/2025\/10\/back-1-scaled.webp","datePublished":"2025-10-24T00:48:05+00:00","dateModified":"2025-12-17T08:12:08+00:00","breadcrumb":{"@id":"https:\/\/www.tfngj.com\/fiber-optic-testers\/f1m-optical-power-meter\/#breadcrumb"},"inLanguage":"es","potentialAction":[{"@type":"ReadAction","target":["https:\/\/www.tfngj.com\/fiber-optic-testers\/f1m-optical-power-meter\/"]}]},{"@type":"ImageObject","inLanguage":"es","@id":"https:\/\/www.tfngj.com\/fiber-optic-testers\/f1m-optical-power-meter\/#primaryimage","url":"https:\/\/www.tfngj.com\/wp-content\/uploads\/2025\/10\/back-1-scaled.webp","contentUrl":"https:\/\/www.tfngj.com\/wp-content\/uploads\/2025\/10\/back-1-scaled.webp"},{"@type":"BreadcrumbList","@id":"https:\/\/www.tfngj.com\/fiber-optic-testers\/f1m-optical-power-meter\/#breadcrumb","itemListElement":[{"@type":"ListItem","position":1,"name":"Home","item":"https:\/\/www.tfngj.com\/"},{"@type":"ListItem","position":2,"name":"Fiber Optic Testers","item":"https:\/\/www.tfngj.com\/fiber-optic-testers\/"},{"@type":"ListItem","position":3,"name":"F1M Optical Power Meter"}]},{"@type":"WebSite","@id":"https:\/\/www.tfngj.com\/#website","url":"https:\/\/www.tfngj.com\/","name":"TFN-Experto en pruebas de comunicaci\u00f3n","description":"Encuentre soluciones perfectas en TFN","publisher":{"@id":"https:\/\/www.tfngj.com\/#organization"},"alternateName":"TFN","potentialAction":[{"@type":"SearchAction","target":{"@type":"EntryPoint","urlTemplate":"https:\/\/www.tfngj.com\/?s={search_term_string}"},"query-input":{"@type":"PropertyValueSpecification","valueRequired":true,"valueName":"search_term_string"}}],"inLanguage":"es"},{"@type":"Organization","@id":"https:\/\/www.tfngj.com\/#organization","name":"TFN","url":"https:\/\/www.tfngj.com\/","logo":{"@type":"ImageObject","inLanguage":"es","@id":"https:\/\/www.tfngj.com\/#\/schema\/logo\/image\/","url":"https:\/\/www.tfngj.com\/wp-content\/uploads\/2025\/09\/\u9ed1logo.png","contentUrl":"https:\/\/www.tfngj.com\/wp-content\/uploads\/2025\/09\/\u9ed1logo.png","width":939,"height":232,"caption":"TFN"},"image":{"@id":"https:\/\/www.tfngj.com\/#\/schema\/logo\/image\/"},"sameAs":["https:\/\/www.youtube.com\/@FateTFN\/search"]}]}},"_links":{"self":[{"href":"https:\/\/www.tfngj.com\/es\/wp-json\/wp\/v2\/pages\/2593","targetHints":{"allow":["GET"]}}],"collection":[{"href":"https:\/\/www.tfngj.com\/es\/wp-json\/wp\/v2\/pages"}],"about":[{"href":"https:\/\/www.tfngj.com\/es\/wp-json\/wp\/v2\/types\/page"}],"author":[{"embeddable":true,"href":"https:\/\/www.tfngj.com\/es\/wp-json\/wp\/v2\/users\/1"}],"replies":[{"embeddable":true,"href":"https:\/\/www.tfngj.com\/es\/wp-json\/wp\/v2\/comments?post=2593"}],"version-history":[{"count":18,"href":"https:\/\/www.tfngj.com\/es\/wp-json\/wp\/v2\/pages\/2593\/revisions"}],"predecessor-version":[{"id":5134,"href":"https:\/\/www.tfngj.com\/es\/wp-json\/wp\/v2\/pages\/2593\/revisions\/5134"}],"up":[{"embeddable":true,"href":"https:\/\/www.tfngj.com\/es\/wp-json\/wp\/v2\/pages\/4225"}],"wp:attachment":[{"href":"https:\/\/www.tfngj.com\/es\/wp-json\/wp\/v2\/media?parent=2593"}],"curies":[{"name":"wp","href":"https:\/\/api.w.org\/{rel}","templated":true}]}}